{"id":152298,"date":"2023-05-14T14:22:39","date_gmt":"2023-05-14T14:22:39","guid":{"rendered":"http:\/\/talkpal.ai\/urdu-grammatik\/"},"modified":"2025-12-11T16:25:08","modified_gmt":"2025-12-11T16:25:08","slug":"urdu-grammatik","status":"publish","type":"page","link":"https:\/\/talkpal.ai\/sv\/urdu-grammatik\/","title":{"rendered":"Urdu Grammatik"},"content":{"rendered":"\r\n\r\n\r\n<section class=\"languageChallengeSection\">\r\n    <div class=\"languageInfoWrapper\">\r\n        \r\n        <h1>Urdu Grammatik<\/h1>\r\n        <p>Intresserad av att l\u00e4ra dig <a href=\"https:\/\/talkpal.ai\/learn-urdu\/\">urdu<\/a>? F\u00f6rdjupa dig i urdu-grammatiken, d\u00e4r elegant skrift, k\u00f6nsbest\u00e4mda substantiv och uttrycksfulla verbformer skapar ett spr\u00e5k som \u00e4r b\u00e5de poetiskt och praktiskt. B\u00f6rja din resa med <a href=\"https:\/\/talkpal.ai\/learn-urdu\/\">urdu<\/a> idag &#8211; att beh\u00e4rska dess <a href=\"https:\/\/talkpal.ai\/fr\/les\/\">grammatik<\/a> kommer att \u00f6ppna nya v\u00e4gar f\u00f6r kommunikation och ge dig en djup kontakt med Sydasiens rika litter\u00e4ra och kulturella traditioner!<\/p>\r\n\r\n                            <a class=\"getStartedHidden\" href=\"https:\/\/app.talkpal.ai\/sv\/signup?lng=\">Kom ig\u00e5ng<\/a>\r\n        \r\n    <\/div>\r\n\r\n    <figure>\r\n    <img decoding=\"async\" width=\"768\" height=\"768\" src=\"https:\/\/talkpal.ai\/wp-content\/uploads\/2023\/06\/urdu-768x768.png\" class=\"languageImage no-lazy\" alt=\"Default alt text\" fetchpriority=\"high\" sizes=\"(max-width: 768px) 150px, 768px\" srcset=\"https:\/\/talkpal.ai\/wp-content\/uploads\/2023\/06\/urdu-768x768.png 768w, https:\/\/talkpal.ai\/wp-content\/uploads\/2023\/06\/urdu-300x300.png 300w\" \/>\r\n    \r\n\r\n    <\/figure>\r\n\r\n            <a class=\"getStartedVisible\" href=\"https:\/\/app.talkpal.ai\/sv\/signup?lng=\">Kom ig\u00e5ng<\/a>\r\n    \r\n<\/section>\r\n        <section class=\"grammarSection\">\r\n            <div class=\"grammarLinks\">\r\n                <a href=\"https:\/\/talkpal.ai\/sv\/language\/adjektiv-urdu-grammatik\/\">Adjektiv <\/a><a href=\"https:\/\/talkpal.ai\/sv\/language\/adverb-urdu-grammatik\/\">Adverb <\/a><a href=\"https:\/\/talkpal.ai\/sv\/language\/artiklar-urdu-grammatik\/\">Artiklar <\/a><a href=\"https:\/\/talkpal.ai\/sv\/language\/jamforelse-av-tempus-urdu-grammatik\/\">J\u00e4mf\u00f6relse av tempus <\/a><a href=\"https:\/\/talkpal.ai\/sv\/language\/konditionaler-urdu-grammatik\/\">Konditionaler <\/a><a href=\"https:\/\/talkpal.ai\/sv\/language\/meningar-urdu-grammatik\/\">Meningar <\/a><a href=\"https:\/\/talkpal.ai\/sv\/language\/perfect-progressive-urdu-grammatik\/\">Perfect Progressive <\/a><a href=\"https:\/\/talkpal.ai\/sv\/language\/prepositioner-urdu-grammatik\/\">Prepositioner <\/a><a href=\"https:\/\/talkpal.ai\/sv\/language\/progressiv-urdu-grammatik-sv\/\">Progressiv <\/a><a href=\"https:\/\/talkpal.ai\/sv\/language\/pronomen-bestamningsfaktorer-urdu-grammatik\/\">Pronomen\/best\u00e4mningsfaktorer <\/a><a href=\"https:\/\/talkpal.ai\/sv\/language\/substantiv-urdu-grammatik\/\">Substantiv <\/a><a href=\"https:\/\/talkpal.ai\/sv\/language\/tempus-urdu-grammatik\/\">Tempus <\/a><a href=\"https:\/\/talkpal.ai\/sv\/language\/verb-urdu-grammatik\/\">Verb <\/a>            <\/div>\r\n        <\/section>\r\n    <section class=\"promotionalBanner\">\r\n    <p class=\"promotionalText\">Det mest effektiva s\u00e4ttet att l\u00e4ra sig ett spr\u00e5k<\/p>\r\n    <a class=\"promotionalLink\" href=\"https:\/\/app.talkpal.ai\/sv\/signup?lng=\">Prova Talkpal gratis<\/a>\r\n<\/section>\n<div class=\"wp-block-group pageContainerStyle\"><div class=\"wp-block-group__inner-container is-layout-constrained wp-block-group-is-layout-constrained\">\n<h2 class=\"wp-block-heading\" id=\"h-urdu-grammar-exploring-the-beauty-and-intricacies-of-the-indo-aryan-language\">Urdu grammatik: Utforska sk\u00f6nheten och kr\u00e5ngligheterna i det indoariska spr\u00e5ket<\/h2>\n\n\n\n<p><a href=\"https:\/\/talkpal.ai\/talkpal-discount-for-language-enthusiasts\/\">Spr\u00e5kentusiaster<\/a> och nyfikna elever, \u00e4r du redo att dyka in i den fascinerande v\u00e4rlden av <a href=\"https:\/\/talkpal.ai\/urdu-grammar\/\">urdu-grammatik<\/a>? Urdu, ett indoariskt spr\u00e5k, \u00e4r det nationella spr\u00e5ket i Pakistan och ett av de officiella spr\u00e5ken i Indien. Med cirka 70 miljoner talare \u00f6ver hela v\u00e4rlden \u00e4r urdu inte bara ett rikt och uttrycksfullt spr\u00e5k utan ocks\u00e5 en bro till en levande kultur och historia. I <a href=\"https:\/\/talkpal.ai\/culture\/how-do-i-use-den-har-and-det-har\/\">den h\u00e4r<\/a> artikeln ska vi f\u00f6rdjupa <a href=\"https:\/\/talkpal.ai\/locations\/language-courses-in-oss\/\">oss<\/a> i de unika aspekterna av urdu-grammatiken och uppt\u00e4cka vad som skiljer den fr\u00e5n andra spr\u00e5k.<\/p>\n\n\n\n<h3 class=\"wp-block-heading\" id=\"h-script-and-pronunciation-the-elegant-nastaliq\">Manus och uttal: Den elegante Nastaliq<\/h3>\n\n\n\n<p>Urduskriften \u00e4r baserad p\u00e5 den persisk-arabiska nastaliq-stilen, som skrivs och l\u00e4ses fr\u00e5n h\u00f6ger till v\u00e4nster. Nastaliq-skriften best\u00e5r av 38 bokst\u00e4ver med ytterligare diakritiska tecken f\u00f6r vokaler och uttal och \u00e4r b\u00e5de elegant och flytande. Att l\u00e4ra sig skriften och beh\u00e4rska uttalet av urdu-ljuden \u00e4r det f\u00f6rsta steget mot att f\u00f6rst\u00e5 spr\u00e5kets grammatik.<\/p>\n\n\n\n<h3 class=\"wp-block-heading\" id=\"h-nouns-and-pronouns-exploring-gender-number-and-case\">Substantiv och pronomen: Utforska genus, numerus och kasus<\/h3>\n\n\n\n<p>Urdu-substantiv klassificeras efter genus (maskulinum eller femininum), numerus (singular eller plural) och kasus (direkt eller snett). Spr\u00e5ket har inga artiklar (som &#8221;a&#8221; eller &#8221;the&#8221;), utan f\u00f6rlitar sig p\u00e5 sammanhanget f\u00f6r att f\u00f6rmedla best\u00e4mdhet. Urdu-pronomen f\u00f6ljer ocks\u00e5 k\u00f6ns-, numerus- och kasusskillnader och har olika former av artighet och f\u00f6rtrogenhet.<\/p>\n\n\n\n<h3 class=\"wp-block-heading\" id=\"h-postpositions-and-cases-urdu-s-unique-approach-to-indicating-relationships\">Postpositioner och fall: Urdus unika s\u00e4tt att ange relationer<\/h3>\n\n\n\n<p>I st\u00e4llet f\u00f6r prepositioner anv\u00e4nder urdu postpositioner \u2013 ord som kommer efter de substantiv de styr. Detta distinkta drag kan ses i hela spr\u00e5ket och p\u00e5verkar i h\u00f6g grad skiftl\u00e4gesmarkeringarna. Urdus tv\u00e5 kasus, direkt och snett, anv\u00e4nds i kombination med postpositioner f\u00f6r att ange relationer mellan ord.<\/p>\n\n\n\n<h3 class=\"wp-block-heading\" id=\"h-harnessing-the-power-of-verbs-tense-aspect-and-moods\">Utnyttja kraften i verb: tempus, aspekt och st\u00e4mningar<\/h3>\n\n\n\n<p>Urdu-verb \u00e4r fascinerande med sitt olika tempus (d\u00e5tid, nutid och framtid), aspekter (perfektiv, imperfektiv och vanem\u00e4ssig) och st\u00e4mningar (indikativ, <a href=\"https:\/\/talkpal.ai\/ja\/grammar_exercises\/imperatif-%e3%83%95%e3%83%a9%e3%83%b3%e3%82%b9%e3%81%ae%e6%96%87%e6%b3%95%e3%81%ae%e3%81%9f%e3%82%81%e3%81%ae%e6%bc%94%e7%bf%92\/\">imperativ<\/a> och konjunktiv). Spr\u00e5ket anv\u00e4nder sig ocks\u00e5 i stor utstr\u00e4ckning av hj\u00e4lpverb f\u00f6r att bilda sammansatta tempus, som uttrycker nyanser i tid och fullbordande av handlingar.<\/p>\n\n\n\n<p>Verben \u00f6verensst\u00e4mmer ocks\u00e5 med sina subjekt n\u00e4r det g\u00e4ller genus och numerus, vilket ytterligare l\u00e4gger till lager av komplexitet och rikedom till urdu-grammatiken.<\/p>\n\n\n\n<h3 class=\"wp-block-heading\" id=\"h-adjectives-adverbs-and-more-adding-color-to-your-language\">Adjektiv, adverb och mer: L\u00e4gga till f\u00e4rg till ditt spr\u00e5k<\/h3>\n\n\n\n<p>Urdu-adjektiv f\u00f6ljer vanligtvis de substantiv de modifierar och \u00f6verensst\u00e4mmer med dem n\u00e4r det g\u00e4ller k\u00f6n och antal. Adjektiv kan intensifieras med hj\u00e4lp av komparativ och superlativ, vilket ger djup \u00e5t beskrivningarna. Urdu-adverb, som h\u00e4rr\u00f6r fr\u00e5n adjektiv eller existerar sj\u00e4lvst\u00e4ndigt, spelar ocks\u00e5 en viktig roll i spr\u00e5ket och ger information om tid, s\u00e4tt, plats och grad.<\/p>\n\n\n\n<p>Urdu-grammatiken har en uppsj\u00f6 av konjunktioner, interjektioner, partiklar och mer, vilket hj\u00e4lper dig att konstruera rika, meningsfulla och uttrycksfulla meningar.<\/p>\n\n\n\n<h3 class=\"wp-block-heading\" id=\"h-embracing-the-world-of-urdu-grammar\">Omfamna en v\u00e4rld av urdu grammatik<\/h3>\n\n\n\n<p>Urdus grammatik kan verka komplicerad i b\u00f6rjan, men n\u00e4r du f\u00f6rdjupar dig i dess invecklade detaljer kommer du att uppt\u00e4cka att spr\u00e5ket \u00e4r fyllt av sk\u00f6nhet och uttryck. Att l\u00e4ra sig urdu kommer inte bara att f\u00f6rb\u00e4ttra din f\u00f6rst\u00e5else f\u00f6r den indoariska spr\u00e5kfamiljen utan ocks\u00e5 hj\u00e4lpa dig att f\u00e5 kontakt med en f\u00f6rtrollande kultur, litteratur och historia.<\/p>\n\n\n\n<p>S\u00e5 varf\u00f6r inte ge dig ut p\u00e5 den sp\u00e4nnande resan att l\u00e4ra sig urdu-grammatik? Med h\u00e4ngivenhet och nyfikenhet kan du snart konversera med modersm\u00e5lstalare och utbyta id\u00e9er och ber\u00e4ttelser p\u00e5 detta kraftfulla spr\u00e5k. Lycka till med l\u00e4randet!<\/p>\n<\/div><\/div>\n\r\n<section class=\"learnNavigationSection\">\r\n            \r\n        <a href=\"https:\/\/talkpal.ai\/sv\/lar-dig-urdu\/\">\r\n            <div class=\"learnNavigationWrapper\">\r\n                <div class=\"learnNavigationContent\">\r\n                    <img decoding=\"async\" src=\"https:\/\/talkpal.ai\/wp-content\/uploads\/2024\/08\/Urdu.jpg\" alt=\"Pakistani Flag\">\r\n                    <div>\r\n                        <h4>Om Urdu Learning<\/h4>\r\n                        <p>Ta reda p\u00e5 allt om urdu grammatik.<\/p>\r\n                    <\/div>\r\n                <\/div>\r\n            <\/div>\r\n        <\/a>\r\n\r\n        \r\n        <a href=\"https:\/\/talkpal.ai\/sv\/urdu-grammatikovningar\/\">\r\n            <div class=\"learnNavigationWrapper\">\r\n                <div class=\"learnNavigationContent\">\r\n                    <img decoding=\"async\" src=\"https:\/\/talkpal.ai\/wp-content\/uploads\/2024\/08\/Urdu.jpg\" alt=\"Pakistani Flag\">\r\n                    <div>\r\n                        <h4>Urdu grammatik \u00f6vning<\/h4>\r\n                        <p>\u00d6va p\u00e5 urdu-grammatik.<\/p>\r\n                    <\/div>\r\n                <\/div>\r\n            <\/div>\r\n        <\/a>\r\n\r\n        \r\n        <a href=\"https:\/\/talkpal.ai\/vocabulary_language\/urdu\/\">\r\n            <div class=\"learnNavigationWrapper\">\r\n                <div class=\"learnNavigationContent\">\r\n                    <img decoding=\"async\" src=\"https:\/\/talkpal.ai\/wp-content\/uploads\/2024\/08\/Urdu.jpg\" alt=\"Pakistani Flag\">\r\n                    <div>\r\n                        <h4>Ordf\u00f6rr\u00e5d i urdu<\/h4>\r\n                        <p>Ut\u00f6ka ditt ordf\u00f6rr\u00e5d i urdu.<\/p>\r\n                    <\/div>\r\n                <\/div>\r\n            <\/div>\r\n        <\/a>\r\n\r\n            <\/section>","protected":false},"excerpt":{"rendered":"<p>Urdu grammatik: Utforska sk\u00f6nheten och kr\u00e5ngligheterna i det indoariska spr\u00e5ket Spr\u00e5kentusiaster och nyfikna elever, \u00e4r du redo att dyka in i den fascinerande v\u00e4rlden av urdu-grammatik? Urdu, ett indoariskt spr\u00e5k, \u00e4r det nationella spr\u00e5ket i Pakistan och ett av de officiella spr\u00e5ken i Indien. Med cirka 70 miljoner talare \u00f6ver hela v\u00e4rlden \u00e4r urdu inte [&hellip;]<\/p>\n","protected":false},"author":1,"featured_media":28773,"parent":0,"menu_order":0,"comment_status":"closed","ping_status":"closed","template":"LearningContentPage.php","meta":{"_acf_changed":false,"footnotes":""},"class_list":["post-152298","page","type-page","status-publish","has-post-thumbnail","hentry"],"acf":[],"yoast_head":"<!-- This site is optimized with the Yoast SEO Premium plugin v27.2 (Yoast SEO v27.2) - https:\/\/yoast.com\/product\/yoast-seo-premium-wordpress\/ -->\n<title>Urdu Grammatik - Talkpal<\/title>\n<meta name=\"description\" content=\"Uppt\u00e4ck sk\u00f6nheten i Urdu-grammatiken. Utforska dess unika aspekter, skript och hur det \u00e4r kopplat till kultur och historia.\" \/>\n<meta name=\"robots\" content=\"index, follow, max-snippet:-1, max-image-preview:large, max-video-preview:-1\" \/>\n<link rel=\"canonical\" href=\"https:\/\/talkpal.ai\/sv\/urdu-grammatik\/\" \/>\n<meta property=\"og:locale\" content=\"sv_SE\" \/>\n<meta property=\"og:type\" content=\"article\" \/>\n<meta property=\"og:title\" content=\"Urdu Grammatik\" \/>\n<meta property=\"og:description\" content=\"Urdu grammatik: Utforska sk\u00f6nheten och kr\u00e5ngligheterna i det indoariska spr\u00e5ket Spr\u00e5kentusiaster och nyfikna elever, \u00e4r du redo att dyka in i den\" \/>\n<meta property=\"og:url\" content=\"https:\/\/talkpal.ai\/sv\/urdu-grammatik\/\" \/>\n<meta property=\"og:site_name\" content=\"Talkpal\" \/>\n<meta property=\"article:publisher\" content=\"https:\/\/www.facebook.com\/profile.php?id=100090733639311\" \/>\n<meta property=\"article:modified_time\" content=\"2025-12-11T16:25:08+00:00\" \/>\n<meta property=\"og:image\" content=\"https:\/\/talkpal.ai\/wp-content\/uploads\/2023\/05\/Urdu-pakistan.png\" \/>\n\t<meta property=\"og:image:width\" content=\"512\" \/>\n\t<meta property=\"og:image:height\" content=\"512\" \/>\n\t<meta property=\"og:image:type\" content=\"image\/png\" \/>\n<meta name=\"twitter:card\" content=\"summary_large_image\" \/>\n<meta name=\"twitter:site\" content=\"@talkpalai\" \/>\n<meta name=\"twitter:label1\" content=\"Ber\u00e4knad l\u00e4stid\" \/>\n\t<meta name=\"twitter:data1\" content=\"3 minuter\" \/>\n<script type=\"application\/ld+json\" class=\"yoast-schema-graph\">{\"@context\":\"https:\/\/schema.org\",\"@graph\":[{\"@type\":\"WebPage\",\"@id\":\"https:\/\/talkpal.ai\/sv\/urdu-grammatik\/\",\"url\":\"https:\/\/talkpal.ai\/sv\/urdu-grammatik\/\",\"name\":\"Urdu Grammatik - Talkpal\",\"isPartOf\":{\"@id\":\"https:\/\/talkpal.ai\/sv\/#website\"},\"primaryImageOfPage\":{\"@id\":\"https:\/\/talkpal.ai\/sv\/urdu-grammatik\/#primaryimage\"},\"image\":{\"@id\":\"https:\/\/talkpal.ai\/sv\/urdu-grammatik\/#primaryimage\"},\"thumbnailUrl\":\"https:\/\/talkpal.ai\/wp-content\/uploads\/2023\/05\/Urdu-pakistan.png\",\"datePublished\":\"2023-05-14T14:22:39+00:00\",\"dateModified\":\"2025-12-11T16:25:08+00:00\",\"description\":\"Uppt\u00e4ck sk\u00f6nheten i Urdu-grammatiken. Utforska dess unika aspekter, skript och hur det \u00e4r kopplat till kultur och historia.\",\"breadcrumb\":{\"@id\":\"https:\/\/talkpal.ai\/sv\/urdu-grammatik\/#breadcrumb\"},\"inLanguage\":\"sv-SE\",\"potentialAction\":[{\"@type\":\"ReadAction\",\"target\":[\"https:\/\/talkpal.ai\/sv\/urdu-grammatik\/\"]}]},{\"@type\":\"ImageObject\",\"inLanguage\":\"sv-SE\",\"@id\":\"https:\/\/talkpal.ai\/sv\/urdu-grammatik\/#primaryimage\",\"url\":\"https:\/\/talkpal.ai\/wp-content\/uploads\/2023\/05\/Urdu-pakistan.png\",\"contentUrl\":\"https:\/\/talkpal.ai\/wp-content\/uploads\/2023\/05\/Urdu-pakistan.png\",\"width\":512,\"height\":512},{\"@type\":\"BreadcrumbList\",\"@id\":\"https:\/\/talkpal.ai\/sv\/urdu-grammatik\/#breadcrumb\",\"itemListElement\":[{\"@type\":\"ListItem\",\"position\":1,\"name\":\"Homepage\",\"item\":\"https:\/\/talkpal.ai\/sv\/\"},{\"@type\":\"ListItem\",\"position\":2,\"name\":\"Urdu Grammatik\"}]},{\"@type\":\"WebSite\",\"@id\":\"https:\/\/talkpal.ai\/sv\/#website\",\"url\":\"https:\/\/talkpal.ai\/sv\/\",\"name\":\"Talkpal\",\"description\":\"AI Language Learning\",\"publisher\":{\"@id\":\"https:\/\/talkpal.ai\/sv\/#organization\"},\"alternateName\":\"Talkpal AI\",\"potentialAction\":[{\"@type\":\"SearchAction\",\"target\":{\"@type\":\"EntryPoint\",\"urlTemplate\":\"https:\/\/talkpal.ai\/sv\/?s={search_term_string}\"},\"query-input\":{\"@type\":\"PropertyValueSpecification\",\"valueRequired\":true,\"valueName\":\"search_term_string\"}}],\"inLanguage\":\"sv-SE\"},{\"@type\":\"Organization\",\"@id\":\"https:\/\/talkpal.ai\/sv\/#organization\",\"name\":\"Talkpal, Inc.\",\"alternateName\":\"Talkpal AI\",\"url\":\"https:\/\/talkpal.ai\/sv\/\",\"logo\":{\"@type\":\"ImageObject\",\"inLanguage\":\"sv-SE\",\"@id\":\"https:\/\/talkpal.ai\/sv\/#\/schema\/logo\/image\/\",\"url\":\"https:\/\/talkpal.ai\/wp-content\/uploads\/2024\/03\/Talkpal-Logo-Icon.png\",\"contentUrl\":\"https:\/\/talkpal.ai\/wp-content\/uploads\/2024\/03\/Talkpal-Logo-Icon.png\",\"width\":2880,\"height\":2880,\"caption\":\"Talkpal, Inc.\"},\"image\":{\"@id\":\"https:\/\/talkpal.ai\/sv\/#\/schema\/logo\/image\/\"},\"sameAs\":[\"https:\/\/www.facebook.com\/profile.php?id=100090733639311\",\"https:\/\/x.com\/talkpalai\",\"https:\/\/www.linkedin.com\/company\/talkpal\/\",\"https:\/\/www.youtube.com\/@TalkPal\/\",\"https:\/\/www.tiktok.com\/@talkpal\",\"https:\/\/www.instagram.com\/talkpal_ai\/\",\"https:\/\/www.crunchbase.com\/organization\/talkpal-9cde\",\"https:\/\/www.g2.com\/products\/talkpal-for-business\/\",\"https:\/\/www.trustpilot.com\/review\/talkpal.ai\",\"https:\/\/www.capterra.com\/p\/10006800\/TalkPal\/\"],\"description\":\"Talkpal is a language learning web and mobile education app, powered by the latest AI technologies, that provides engaging experiences to its customers in many different languages to help them improve their language skills. Users can chat about unlimited amount of topics with the app and use other modes to practice their language learning.\",\"email\":\"support@talkpal.ai\",\"legalName\":\"Talkpal, Inc.\",\"foundingDate\":\"2023-04-03\",\"duns\":\"118989042\",\"numberOfEmployees\":{\"@type\":\"QuantitativeValue\",\"minValue\":\"11\",\"maxValue\":\"50\"},\"publishingPrinciples\":\"https:\/\/talkpal.ai\/publishing-principles\/\",\"actionableFeedbackPolicy\":\"https:\/\/talkpal.ai\/actionable-feedback-policy\/\",\"correctionsPolicy\":\"https:\/\/talkpal.ai\/corrections-policy\/\",\"ethicsPolicy\":\"https:\/\/talkpal.ai\/ethics-policy\/\",\"diversityPolicy\":\"https:\/\/talkpal.ai\/diversity-policy\/\",\"diversityStaffingReport\":\"https:\/\/talkpal.ai\/diversity-policy\/\"}]}<\/script>\n<!-- \/ Yoast SEO Premium plugin. -->","yoast_head_json":{"title":"Urdu Grammatik - Talkpal","description":"Uppt\u00e4ck sk\u00f6nheten i Urdu-grammatiken. Utforska dess unika aspekter, skript och hur det \u00e4r kopplat till kultur och historia.","robots":{"index":"index","follow":"follow","max-snippet":"max-snippet:-1","max-image-preview":"max-image-preview:large","max-video-preview":"max-video-preview:-1"},"canonical":"https:\/\/talkpal.ai\/sv\/urdu-grammatik\/","og_locale":"sv_SE","og_type":"article","og_title":"Urdu Grammatik","og_description":"Urdu grammatik: Utforska sk\u00f6nheten och kr\u00e5ngligheterna i det indoariska spr\u00e5ket Spr\u00e5kentusiaster och nyfikna elever, \u00e4r du redo att dyka in i den","og_url":"https:\/\/talkpal.ai\/sv\/urdu-grammatik\/","og_site_name":"Talkpal","article_publisher":"https:\/\/www.facebook.com\/profile.php?id=100090733639311","article_modified_time":"2025-12-11T16:25:08+00:00","og_image":[{"width":512,"height":512,"url":"https:\/\/talkpal.ai\/wp-content\/uploads\/2023\/05\/Urdu-pakistan.png","type":"image\/png"}],"twitter_card":"summary_large_image","twitter_site":"@talkpalai","twitter_misc":{"Ber\u00e4knad l\u00e4stid":"3 minuter"},"schema":{"@context":"https:\/\/schema.org","@graph":[{"@type":"WebPage","@id":"https:\/\/talkpal.ai\/sv\/urdu-grammatik\/","url":"https:\/\/talkpal.ai\/sv\/urdu-grammatik\/","name":"Urdu Grammatik - Talkpal","isPartOf":{"@id":"https:\/\/talkpal.ai\/sv\/#website"},"primaryImageOfPage":{"@id":"https:\/\/talkpal.ai\/sv\/urdu-grammatik\/#primaryimage"},"image":{"@id":"https:\/\/talkpal.ai\/sv\/urdu-grammatik\/#primaryimage"},"thumbnailUrl":"https:\/\/talkpal.ai\/wp-content\/uploads\/2023\/05\/Urdu-pakistan.png","datePublished":"2023-05-14T14:22:39+00:00","dateModified":"2025-12-11T16:25:08+00:00","description":"Uppt\u00e4ck sk\u00f6nheten i Urdu-grammatiken. Utforska dess unika aspekter, skript och hur det \u00e4r kopplat till kultur och historia.","breadcrumb":{"@id":"https:\/\/talkpal.ai\/sv\/urdu-grammatik\/#breadcrumb"},"inLanguage":"sv-SE","potentialAction":[{"@type":"ReadAction","target":["https:\/\/talkpal.ai\/sv\/urdu-grammatik\/"]}]},{"@type":"ImageObject","inLanguage":"sv-SE","@id":"https:\/\/talkpal.ai\/sv\/urdu-grammatik\/#primaryimage","url":"https:\/\/talkpal.ai\/wp-content\/uploads\/2023\/05\/Urdu-pakistan.png","contentUrl":"https:\/\/talkpal.ai\/wp-content\/uploads\/2023\/05\/Urdu-pakistan.png","width":512,"height":512},{"@type":"BreadcrumbList","@id":"https:\/\/talkpal.ai\/sv\/urdu-grammatik\/#breadcrumb","itemListElement":[{"@type":"ListItem","position":1,"name":"Homepage","item":"https:\/\/talkpal.ai\/sv\/"},{"@type":"ListItem","position":2,"name":"Urdu Grammatik"}]},{"@type":"WebSite","@id":"https:\/\/talkpal.ai\/sv\/#website","url":"https:\/\/talkpal.ai\/sv\/","name":"Talkpal","description":"AI Language Learning","publisher":{"@id":"https:\/\/talkpal.ai\/sv\/#organization"},"alternateName":"Talkpal AI","potentialAction":[{"@type":"SearchAction","target":{"@type":"EntryPoint","urlTemplate":"https:\/\/talkpal.ai\/sv\/?s={search_term_string}"},"query-input":{"@type":"PropertyValueSpecification","valueRequired":true,"valueName":"search_term_string"}}],"inLanguage":"sv-SE"},{"@type":"Organization","@id":"https:\/\/talkpal.ai\/sv\/#organization","name":"Talkpal, Inc.","alternateName":"Talkpal AI","url":"https:\/\/talkpal.ai\/sv\/","logo":{"@type":"ImageObject","inLanguage":"sv-SE","@id":"https:\/\/talkpal.ai\/sv\/#\/schema\/logo\/image\/","url":"https:\/\/talkpal.ai\/wp-content\/uploads\/2024\/03\/Talkpal-Logo-Icon.png","contentUrl":"https:\/\/talkpal.ai\/wp-content\/uploads\/2024\/03\/Talkpal-Logo-Icon.png","width":2880,"height":2880,"caption":"Talkpal, Inc."},"image":{"@id":"https:\/\/talkpal.ai\/sv\/#\/schema\/logo\/image\/"},"sameAs":["https:\/\/www.facebook.com\/profile.php?id=100090733639311","https:\/\/x.com\/talkpalai","https:\/\/www.linkedin.com\/company\/talkpal\/","https:\/\/www.youtube.com\/@TalkPal\/","https:\/\/www.tiktok.com\/@talkpal","https:\/\/www.instagram.com\/talkpal_ai\/","https:\/\/www.crunchbase.com\/organization\/talkpal-9cde","https:\/\/www.g2.com\/products\/talkpal-for-business\/","https:\/\/www.trustpilot.com\/review\/talkpal.ai","https:\/\/www.capterra.com\/p\/10006800\/TalkPal\/"],"description":"Talkpal is a language learning web and mobile education app, powered by the latest AI technologies, that provides engaging experiences to its customers in many different languages to help them improve their language skills. Users can chat about unlimited amount of topics with the app and use other modes to practice their language learning.","email":"support@talkpal.ai","legalName":"Talkpal, Inc.","foundingDate":"2023-04-03","duns":"118989042","numberOfEmployees":{"@type":"QuantitativeValue","minValue":"11","maxValue":"50"},"publishingPrinciples":"https:\/\/talkpal.ai\/publishing-principles\/","actionableFeedbackPolicy":"https:\/\/talkpal.ai\/actionable-feedback-policy\/","correctionsPolicy":"https:\/\/talkpal.ai\/corrections-policy\/","ethicsPolicy":"https:\/\/talkpal.ai\/ethics-policy\/","diversityPolicy":"https:\/\/talkpal.ai\/diversity-policy\/","diversityStaffingReport":"https:\/\/talkpal.ai\/diversity-policy\/"}]}},"_links":{"self":[{"href":"https:\/\/talkpal.ai\/sv\/wp-json\/wp\/v2\/pages\/152298","targetHints":{"allow":["GET"]}}],"collection":[{"href":"https:\/\/talkpal.ai\/sv\/wp-json\/wp\/v2\/pages"}],"about":[{"href":"https:\/\/talkpal.ai\/sv\/wp-json\/wp\/v2\/types\/page"}],"author":[{"embeddable":true,"href":"https:\/\/talkpal.ai\/sv\/wp-json\/wp\/v2\/users\/1"}],"replies":[{"embeddable":true,"href":"https:\/\/talkpal.ai\/sv\/wp-json\/wp\/v2\/comments?post=152298"}],"version-history":[{"count":0,"href":"https:\/\/talkpal.ai\/sv\/wp-json\/wp\/v2\/pages\/152298\/revisions"}],"wp:featuredmedia":[{"embeddable":true,"href":"https:\/\/talkpal.ai\/sv\/wp-json\/wp\/v2\/media\/28773"}],"wp:attachment":[{"href":"https:\/\/talkpal.ai\/sv\/wp-json\/wp\/v2\/media?parent=152298"}],"curies":[{"name":"wp","href":"https:\/\/api.w.org\/{rel}","templated":true}]}}