{"id":150828,"date":"2023-05-14T14:20:10","date_gmt":"2023-05-14T14:20:10","guid":{"rendered":"http:\/\/talkpal.ai\/slovensk-grammatik\/"},"modified":"2025-12-12T11:14:08","modified_gmt":"2025-12-12T11:14:08","slug":"slovensk-grammatik","status":"publish","type":"page","link":"https:\/\/talkpal.ai\/sv\/slovensk-grammatik\/","title":{"rendered":"Slovensk grammatik"},"content":{"rendered":"\r\n\r\n\r\n<section class=\"languageChallengeSection\">\r\n    <div class=\"languageInfoWrapper\">\r\n        \r\n        <h1>Slovensk grammatik<\/h1>\r\n        <p>Uppt\u00e4ck det slovenska spr\u00e5kets s\u00e4rpr\u00e4glade charm genom att beh\u00e4rska dess grundl\u00e4ggande grammatikregler. Med en gedigen f\u00f6rst\u00e5else f\u00f6r den slovenska grammatiken kommer du att kunna kommunicera med inf\u00f6dda talare och b\u00e4ttre uppskatta landets rika kulturarv. B\u00f6rja l\u00e4ra dig <a href=\"https:\/\/talkpal.ai\/slovenian-grammar\/\">slovensk grammatik<\/a> idag och ta ditt f\u00f6rsta steg mot flytande spr\u00e5k!<\/p>\r\n\r\n                            <a class=\"getStartedHidden\" href=\"https:\/\/app.talkpal.ai\/sv\/signup?lng=\">Kom ig\u00e5ng<\/a>\r\n        \r\n    <\/div>\r\n\r\n    <figure>\r\n    <img decoding=\"async\" width=\"768\" height=\"768\" src=\"https:\/\/talkpal.ai\/wp-content\/uploads\/2023\/06\/slovenian-768x768.png\" class=\"languageImage no-lazy\" alt=\"Default alt text\" fetchpriority=\"high\" sizes=\"(max-width: 768px) 150px, 768px\" srcset=\"https:\/\/talkpal.ai\/wp-content\/uploads\/2023\/06\/slovenian-768x768.png 768w, https:\/\/talkpal.ai\/wp-content\/uploads\/2023\/06\/slovenian-300x300.png 300w\" \/>\r\n    \r\n\r\n    <\/figure>\r\n\r\n            <a class=\"getStartedVisible\" href=\"https:\/\/app.talkpal.ai\/sv\/signup?lng=\">Kom ig\u00e5ng<\/a>\r\n    \r\n<\/section>\r\n        <section class=\"grammarSection\">\r\n            <div class=\"grammarLinks\">\r\n                <a href=\"https:\/\/talkpal.ai\/sv\/language\/adjektiv-slovensk-grammatik\/\">Adjektiv <\/a><a href=\"https:\/\/talkpal.ai\/sv\/language\/adverb-slovensk-grammatik\/\">Adverb <\/a><a href=\"https:\/\/talkpal.ai\/sv\/language\/artiklar-slovensk-grammatik\/\">Artiklar <\/a><a href=\"https:\/\/talkpal.ai\/sv\/language\/jamforelse-av-tempus-slovensk-grammatik\/\">J\u00e4mf\u00f6relse av tempus <\/a><a href=\"https:\/\/talkpal.ai\/sv\/language\/konditionaler-slovensk-grammatik\/\">Konditionaler <\/a><a href=\"https:\/\/talkpal.ai\/sv\/language\/meningar-slovensk-grammatik\/\">Meningar <\/a><a href=\"https:\/\/talkpal.ai\/sv\/language\/perfect-progressive-slovensk-grammatik\/\">Perfect Progressive <\/a><a href=\"https:\/\/talkpal.ai\/sv\/language\/prepositioner-slovensk-grammatik\/\">Prepositioner <\/a><a href=\"https:\/\/talkpal.ai\/sv\/language\/progressiv-slovensk-grammatik\/\">Progressiv <\/a><a href=\"https:\/\/talkpal.ai\/sv\/language\/pronomen-bestamningar-slovensk-grammatik\/\">Pronomen\/best\u00e4mningar <\/a><a href=\"https:\/\/talkpal.ai\/sv\/language\/substantiv-slovensk-grammatik\/\">Substantiv <\/a><a href=\"https:\/\/talkpal.ai\/sv\/language\/tempus-slovensk-grammatik\/\">Tempus <\/a><a href=\"https:\/\/talkpal.ai\/sv\/language\/verb-slovensk-grammatik\/\">Verb <\/a>            <\/div>\r\n        <\/section>\r\n    <section class=\"promotionalBanner\">\r\n    <p class=\"promotionalText\">Det mest effektiva s\u00e4ttet att l\u00e4ra sig ett spr\u00e5k<\/p>\r\n    <a class=\"promotionalLink\" href=\"https:\/\/app.talkpal.ai\/sv\/signup?lng=\">Prova Talkpal gratis<\/a>\r\n<\/section>\n<div class=\"wp-block-group pageContainerStyle\"><div class=\"wp-block-group__inner-container is-layout-constrained wp-block-group-is-layout-constrained\">\n<h1 class=\"wp-block-heading\" id=\"h-slovenian-grammar-a-short-introduction-for-language-lovers\">Slovensk grammatik: En kort introduktion f\u00f6r spr\u00e5k\u00e4lskare<\/h1>\n\n\n\n<p>\u00c4r du redo att dyka in i slovenskans f\u00f6rtrollande v\u00e4rld, ett fantastiskt slaviskt spr\u00e5k? Nu ska du f\u00e5 smaka p\u00e5 n\u00e5got gott! <a href=\"https:\/\/talkpal.ai\/culture\/how-do-i-use-den-har-and-det-har\/\">Den h\u00e4r<\/a> korta guiden ger dig en inblick i <a href=\"https:\/\/talkpal.ai\/slovenian-grammar\/\">slovensk grammatik<\/a>, vilket \u00e4r viktigt f\u00f6r att f\u00f6rst\u00e5 och beh\u00e4rska detta f\u00e4ngslande spr\u00e5k. S\u00e5 l\u00e5t <a href=\"https:\/\/talkpal.ai\/locations\/language-courses-in-oss\/\">oss<\/a> ge oss ut p\u00e5 detta spr\u00e5kliga \u00e4ventyr och utforska den slovenska grammatikens finesser steg f\u00f6r steg.<\/p>\n\n\n\n<p>Slovenska, \u00e4ven k\u00e4nd som slovenska, <a href=\"https:\/\/talkpal.ai\/locations\/language-courses-in-talas\/\">talas<\/a> fr\u00e4mst i Slovenien av cirka 2,5 miljoner m\u00e4nniskor. Som ett sydslaviskt spr\u00e5k delar det flera drag med sina n\u00e4ra sl\u00e4ktingar, s\u00e5som serbiska, kroatiska och <a href=\"https:\/\/talkpal.ai\/learn-bulgarian\/\">bulgariska<\/a>. Slovenska har dock sina unika v\u00e4ndningar och sin stil.<\/p>\n\n\n\n<p>L\u00e5t oss utan vidare g\u00e5 in p\u00e5 de viktigaste aspekterna av den slovenska grammatiken:<\/p>\n\n\n\n<h3 class=\"wp-block-heading\" id=\"h-1-nouns-and-cases\">1. Substantiv och kasus:<\/h3>\n\n\n\n<p>Slovenska substantiv finns i tre genus \u2013 maskulinum, femininum och neutrum. Varje substantiv kan anv\u00e4ndas i ett av de sex slovenska kasusen: nominativ, genitiv, dativ, ackusativ, lokativ och instrumental. Dessa fall uttrycker olika grammatiska funktioner eller relationer mellan ord, s\u00e5 det \u00e4r viktigt att l\u00e4ra sig deras korrekta anv\u00e4ndning i sammanhanget.<\/p>\n\n\n\n<h3 class=\"wp-block-heading\" id=\"h-2-articles\">2. Artiklar:<\/h3>\n\n\n\n<p>H\u00e4r \u00e4r n\u00e5gra goda nyheter &#8211; p\u00e5 slovenska anv\u00e4nds inte artiklar som &#8221;the&#8221; eller &#8221;a&#8221;! Ist\u00e4llet f\u00f6rmedlas inneb\u00f6rden genom anv\u00e4ndning av kasus och ordf\u00f6ljd. Detta kan g\u00f6ra din inl\u00e4rningsupplevelse av slovenska lite enklare, s\u00e4rskilt om du inte \u00e4r <a href=\"https:\/\/talkpal.ai\/locations\/language-courses-in-van\/\">van<\/a> vid spr\u00e5k med komplexa artikelsystem.<\/p>\n\n\n\n<h3 class=\"wp-block-heading\" id=\"h-3-adjectives\">3. Adjektiv:<\/h3>\n\n\n\n<p>Precis som substantiv \u00f6verensst\u00e4mmer adjektiv p\u00e5 slovenska i genus, numerus och kasus med substantivet de modifierar. Detta g\u00f6r adjektivanv\u00e4ndningen lite mer komplicerad \u00e4n p\u00e5 <a href=\"https:\/\/talkpal.ai\/learn-english-with-ai\/\">engelska<\/a>, men oroa dig inte &#8211; med lite \u00f6vning kommer du att beh\u00e4rska slovenska adjektiv p\u00e5 nolltid!<\/p>\n\n\n\n<h3 class=\"wp-block-heading\" id=\"h-4-verbs\">4. Verb:<\/h3>\n\n\n\n<p>Det slovenska spr\u00e5ket har ett tredelat verbsystem: tre b\u00f6jningsgrupper beroende p\u00e5 verbets stam som slutar i infinitivform. Slovenska verb har ocks\u00e5 olika tempus och modus, inklusive den unika dualformen, som anv\u00e4nds n\u00e4r man h\u00e4nvisar till tv\u00e5 subjekt eller objekt. Var beredd p\u00e5 att l\u00e4gga lite tid p\u00e5 att l\u00e4ra dig och \u00f6va p\u00e5 slovenska verbb\u00f6jningar f\u00f6r att f\u00e5 sj\u00e4lvf\u00f6rtroende i dina spr\u00e5kkunskaper.<\/p>\n\n\n\n<h3 class=\"wp-block-heading\" id=\"h-5-word-order\">5. Ordf\u00f6ljd:<\/h3>\n\n\n\n<p>Slovenska f\u00f6ljer i allm\u00e4nhet ordf\u00f6ljden subjekt-verb-objekt (SVO), som b\u00f6r vara bekant f\u00f6r <a href=\"https:\/\/talkpal.ai\/english-speaking-course\/\">engelsktalande<\/a>. Spr\u00e5ket har dock en viss grad av flexibilitet, vilket g\u00f6r att du kan betona specifika delar av meningen genom att byta ordf\u00f6ljd. Det \u00e4r viktigt att anv\u00e4nda fall p\u00e5 r\u00e4tt s\u00e4tt f\u00f6r att undvika f\u00f6rvirring och f\u00f6rmedla den avsedda betydelsen.<\/p>\n\n\n\n<h3 class=\"wp-block-heading\" id=\"h-6-pronouns-and-prepositions\">6. Pronomen och prepositioner:<\/h3>\n\n\n\n<p>Slovenska pronomen, liksom andra delar av spr\u00e5ket, p\u00e5verkas av k\u00f6n, numerus och kasus. De finns i olika former, s\u00e5som personliga, possessiva, demonstrativa och reflexiva. Att bekanta sig med slovenska prepositioner hj\u00e4lper dig ocks\u00e5 att koppla ihop ord och fraser f\u00f6r att skapa mer komplexa meningar.<\/p>\n\n\n\n<p>S\u00e5 nu har du f\u00e5tt en grundl\u00e4ggande f\u00f6rst\u00e5else f\u00f6r slovensk grammatik! T\u00e4nk p\u00e5 att det kr\u00e4vs engagemang och \u00f6vning f\u00f6r att bli skicklig i vilket spr\u00e5k som helst. Anta utmaningarna och tveka inte att l\u00e4ra dig av dina misstag. Kom ih\u00e5g att l\u00e4ra sig ett nytt spr\u00e5k \u00e4r en sp\u00e4nnande resa fylld av minnesv\u00e4rda upplevelser och givande uppt\u00e4ckter. Sre\u010dno!<\/p>\n<\/div><\/div>\n\r\n<section class=\"learnNavigationSection\">\r\n            \r\n        <a href=\"https:\/\/talkpal.ai\/sv\/lar-dig-slovenska\/\">\r\n            <div class=\"learnNavigationWrapper\">\r\n                <div class=\"learnNavigationContent\">\r\n                    <img decoding=\"async\" src=\"https:\/\/talkpal.ai\/wp-content\/uploads\/2024\/08\/Slovenian.jpg\" alt=\"Slovenian Flag\">\r\n                    <div>\r\n                        <h4>Om Slovenian Learning<\/h4>\r\n                        <p>Ta reda p\u00e5 allt om slovensk grammatik.<\/p>\r\n                    <\/div>\r\n                <\/div>\r\n            <\/div>\r\n        <\/a>\r\n\r\n        \r\n        <a href=\"https:\/\/talkpal.ai\/sv\/slovenska-grammatikovningar\/\">\r\n            <div class=\"learnNavigationWrapper\">\r\n                <div class=\"learnNavigationContent\">\r\n                    <img decoding=\"async\" src=\"https:\/\/talkpal.ai\/wp-content\/uploads\/2024\/08\/Slovenian.jpg\" alt=\"Slovenian Flag\">\r\n                    <div>\r\n                        <h4>\u00d6vning i slovensk grammatik<\/h4>\r\n                        <p>\u00d6va slovensk grammatik.<\/p>\r\n                    <\/div>\r\n                <\/div>\r\n            <\/div>\r\n        <\/a>\r\n\r\n        \r\n        <a href=\"https:\/\/talkpal.ai\/vocabulary_language\/slovenian\/\">\r\n            <div class=\"learnNavigationWrapper\">\r\n                <div class=\"learnNavigationContent\">\r\n                    <img decoding=\"async\" src=\"https:\/\/talkpal.ai\/wp-content\/uploads\/2024\/08\/Slovenian.jpg\" alt=\"Slovenian Flag\">\r\n                    <div>\r\n                        <h4>Ordf\u00f6rr\u00e5d p\u00e5 slovenska<\/h4>\r\n                        <p>Ut\u00f6ka ditt ordf\u00f6rr\u00e5d p\u00e5 slovenska.<\/p>\r\n                    <\/div>\r\n                <\/div>\r\n            <\/div>\r\n        <\/a>\r\n\r\n            <\/section>","protected":false},"excerpt":{"rendered":"<p>Slovensk grammatik: En kort introduktion f\u00f6r spr\u00e5k\u00e4lskare \u00c4r du redo att dyka in i slovenskans f\u00f6rtrollande v\u00e4rld, ett fantastiskt slaviskt spr\u00e5k? Nu ska du f\u00e5 smaka p\u00e5 n\u00e5got gott! Den h\u00e4r korta guiden ger dig en inblick i slovensk grammatik, vilket \u00e4r viktigt f\u00f6r att f\u00f6rst\u00e5 och beh\u00e4rska detta f\u00e4ngslande spr\u00e5k. S\u00e5 l\u00e5t oss ge [&hellip;]<\/p>\n","protected":false},"author":1,"featured_media":28661,"parent":0,"menu_order":0,"comment_status":"closed","ping_status":"closed","template":"LearningContentPage.php","meta":{"_acf_changed":false,"footnotes":""},"class_list":["post-150828","page","type-page","status-publish","has-post-thumbnail","hentry"],"acf":[],"yoast_head":"<!-- This site is optimized with the Yoast SEO Premium plugin v27.2 (Yoast SEO v27.2) - https:\/\/yoast.com\/product\/yoast-seo-premium-wordpress\/ -->\n<title>Slovensk grammatik - Talkpal<\/title>\n<meta name=\"description\" content=\"Utforska den slovenska grammatikens finesser f\u00f6r b\u00e4ttre spr\u00e5kkunskaper och f\u00f6rst\u00e5else. L\u00e4r dig grammatikens konst redan idag.\" \/>\n<meta name=\"robots\" content=\"index, follow, max-snippet:-1, max-image-preview:large, max-video-preview:-1\" \/>\n<link rel=\"canonical\" href=\"https:\/\/talkpal.ai\/sv\/slovensk-grammatik\/\" \/>\n<meta property=\"og:locale\" content=\"sv_SE\" \/>\n<meta property=\"og:type\" content=\"article\" \/>\n<meta property=\"og:title\" content=\"Slovensk grammatik\" \/>\n<meta property=\"og:description\" content=\"Slovensk grammatik: En kort introduktion f\u00f6r spr\u00e5k\u00e4lskare \u00c4r du redo att dyka in i slovenskans f\u00f6rtrollande v\u00e4rld, ett fantastiskt slaviskt spr\u00e5k? Nu ska\" \/>\n<meta property=\"og:url\" content=\"https:\/\/talkpal.ai\/sv\/slovensk-grammatik\/\" \/>\n<meta property=\"og:site_name\" content=\"Talkpal\" \/>\n<meta property=\"article:publisher\" content=\"https:\/\/www.facebook.com\/profile.php?id=100090733639311\" \/>\n<meta property=\"article:modified_time\" content=\"2025-12-12T11:14:08+00:00\" \/>\n<meta property=\"og:image\" content=\"https:\/\/talkpal.ai\/wp-content\/uploads\/2023\/05\/slovenia.png\" \/>\n\t<meta property=\"og:image:width\" content=\"512\" \/>\n\t<meta property=\"og:image:height\" content=\"512\" \/>\n\t<meta property=\"og:image:type\" content=\"image\/png\" \/>\n<meta name=\"twitter:card\" content=\"summary_large_image\" \/>\n<meta name=\"twitter:site\" content=\"@talkpalai\" \/>\n<meta name=\"twitter:label1\" content=\"Ber\u00e4knad l\u00e4stid\" \/>\n\t<meta name=\"twitter:data1\" content=\"3 minuter\" \/>\n<script type=\"application\/ld+json\" class=\"yoast-schema-graph\">{\"@context\":\"https:\/\/schema.org\",\"@graph\":[{\"@type\":\"WebPage\",\"@id\":\"https:\/\/talkpal.ai\/sv\/slovensk-grammatik\/\",\"url\":\"https:\/\/talkpal.ai\/sv\/slovensk-grammatik\/\",\"name\":\"Slovensk grammatik - Talkpal\",\"isPartOf\":{\"@id\":\"https:\/\/talkpal.ai\/sv\/#website\"},\"primaryImageOfPage\":{\"@id\":\"https:\/\/talkpal.ai\/sv\/slovensk-grammatik\/#primaryimage\"},\"image\":{\"@id\":\"https:\/\/talkpal.ai\/sv\/slovensk-grammatik\/#primaryimage\"},\"thumbnailUrl\":\"https:\/\/talkpal.ai\/wp-content\/uploads\/2023\/05\/slovenia.png\",\"datePublished\":\"2023-05-14T14:20:10+00:00\",\"dateModified\":\"2025-12-12T11:14:08+00:00\",\"description\":\"Utforska den slovenska grammatikens finesser f\u00f6r b\u00e4ttre spr\u00e5kkunskaper och f\u00f6rst\u00e5else. L\u00e4r dig grammatikens konst redan idag.\",\"breadcrumb\":{\"@id\":\"https:\/\/talkpal.ai\/sv\/slovensk-grammatik\/#breadcrumb\"},\"inLanguage\":\"sv-SE\",\"potentialAction\":[{\"@type\":\"ReadAction\",\"target\":[\"https:\/\/talkpal.ai\/sv\/slovensk-grammatik\/\"]}]},{\"@type\":\"ImageObject\",\"inLanguage\":\"sv-SE\",\"@id\":\"https:\/\/talkpal.ai\/sv\/slovensk-grammatik\/#primaryimage\",\"url\":\"https:\/\/talkpal.ai\/wp-content\/uploads\/2023\/05\/slovenia.png\",\"contentUrl\":\"https:\/\/talkpal.ai\/wp-content\/uploads\/2023\/05\/slovenia.png\",\"width\":512,\"height\":512},{\"@type\":\"BreadcrumbList\",\"@id\":\"https:\/\/talkpal.ai\/sv\/slovensk-grammatik\/#breadcrumb\",\"itemListElement\":[{\"@type\":\"ListItem\",\"position\":1,\"name\":\"Homepage\",\"item\":\"https:\/\/talkpal.ai\/sv\/\"},{\"@type\":\"ListItem\",\"position\":2,\"name\":\"Slovensk grammatik\"}]},{\"@type\":\"WebSite\",\"@id\":\"https:\/\/talkpal.ai\/sv\/#website\",\"url\":\"https:\/\/talkpal.ai\/sv\/\",\"name\":\"Talkpal\",\"description\":\"AI Language Learning\",\"publisher\":{\"@id\":\"https:\/\/talkpal.ai\/sv\/#organization\"},\"alternateName\":\"Talkpal AI\",\"potentialAction\":[{\"@type\":\"SearchAction\",\"target\":{\"@type\":\"EntryPoint\",\"urlTemplate\":\"https:\/\/talkpal.ai\/sv\/?s={search_term_string}\"},\"query-input\":{\"@type\":\"PropertyValueSpecification\",\"valueRequired\":true,\"valueName\":\"search_term_string\"}}],\"inLanguage\":\"sv-SE\"},{\"@type\":\"Organization\",\"@id\":\"https:\/\/talkpal.ai\/sv\/#organization\",\"name\":\"Talkpal, Inc.\",\"alternateName\":\"Talkpal AI\",\"url\":\"https:\/\/talkpal.ai\/sv\/\",\"logo\":{\"@type\":\"ImageObject\",\"inLanguage\":\"sv-SE\",\"@id\":\"https:\/\/talkpal.ai\/sv\/#\/schema\/logo\/image\/\",\"url\":\"https:\/\/talkpal.ai\/wp-content\/uploads\/2024\/03\/Talkpal-Logo-Icon.png\",\"contentUrl\":\"https:\/\/talkpal.ai\/wp-content\/uploads\/2024\/03\/Talkpal-Logo-Icon.png\",\"width\":2880,\"height\":2880,\"caption\":\"Talkpal, Inc.\"},\"image\":{\"@id\":\"https:\/\/talkpal.ai\/sv\/#\/schema\/logo\/image\/\"},\"sameAs\":[\"https:\/\/www.facebook.com\/profile.php?id=100090733639311\",\"https:\/\/x.com\/talkpalai\",\"https:\/\/www.linkedin.com\/company\/talkpal\/\",\"https:\/\/www.youtube.com\/@TalkPal\/\",\"https:\/\/www.tiktok.com\/@talkpal\",\"https:\/\/www.instagram.com\/talkpal_ai\/\",\"https:\/\/www.crunchbase.com\/organization\/talkpal-9cde\",\"https:\/\/www.g2.com\/products\/talkpal-for-business\/\",\"https:\/\/www.trustpilot.com\/review\/talkpal.ai\",\"https:\/\/www.capterra.com\/p\/10006800\/TalkPal\/\"],\"description\":\"Talkpal is a language learning web and mobile education app, powered by the latest AI technologies, that provides engaging experiences to its customers in many different languages to help them improve their language skills. Users can chat about unlimited amount of topics with the app and use other modes to practice their language learning.\",\"email\":\"support@talkpal.ai\",\"legalName\":\"Talkpal, Inc.\",\"foundingDate\":\"2023-04-03\",\"duns\":\"118989042\",\"numberOfEmployees\":{\"@type\":\"QuantitativeValue\",\"minValue\":\"11\",\"maxValue\":\"50\"},\"publishingPrinciples\":\"https:\/\/talkpal.ai\/publishing-principles\/\",\"actionableFeedbackPolicy\":\"https:\/\/talkpal.ai\/actionable-feedback-policy\/\",\"correctionsPolicy\":\"https:\/\/talkpal.ai\/corrections-policy\/\",\"ethicsPolicy\":\"https:\/\/talkpal.ai\/ethics-policy\/\",\"diversityPolicy\":\"https:\/\/talkpal.ai\/diversity-policy\/\",\"diversityStaffingReport\":\"https:\/\/talkpal.ai\/diversity-policy\/\"}]}<\/script>\n<!-- \/ Yoast SEO Premium plugin. -->","yoast_head_json":{"title":"Slovensk grammatik - Talkpal","description":"Utforska den slovenska grammatikens finesser f\u00f6r b\u00e4ttre spr\u00e5kkunskaper och f\u00f6rst\u00e5else. L\u00e4r dig grammatikens konst redan idag.","robots":{"index":"index","follow":"follow","max-snippet":"max-snippet:-1","max-image-preview":"max-image-preview:large","max-video-preview":"max-video-preview:-1"},"canonical":"https:\/\/talkpal.ai\/sv\/slovensk-grammatik\/","og_locale":"sv_SE","og_type":"article","og_title":"Slovensk grammatik","og_description":"Slovensk grammatik: En kort introduktion f\u00f6r spr\u00e5k\u00e4lskare \u00c4r du redo att dyka in i slovenskans f\u00f6rtrollande v\u00e4rld, ett fantastiskt slaviskt spr\u00e5k? Nu ska","og_url":"https:\/\/talkpal.ai\/sv\/slovensk-grammatik\/","og_site_name":"Talkpal","article_publisher":"https:\/\/www.facebook.com\/profile.php?id=100090733639311","article_modified_time":"2025-12-12T11:14:08+00:00","og_image":[{"width":512,"height":512,"url":"https:\/\/talkpal.ai\/wp-content\/uploads\/2023\/05\/slovenia.png","type":"image\/png"}],"twitter_card":"summary_large_image","twitter_site":"@talkpalai","twitter_misc":{"Ber\u00e4knad l\u00e4stid":"3 minuter"},"schema":{"@context":"https:\/\/schema.org","@graph":[{"@type":"WebPage","@id":"https:\/\/talkpal.ai\/sv\/slovensk-grammatik\/","url":"https:\/\/talkpal.ai\/sv\/slovensk-grammatik\/","name":"Slovensk grammatik - Talkpal","isPartOf":{"@id":"https:\/\/talkpal.ai\/sv\/#website"},"primaryImageOfPage":{"@id":"https:\/\/talkpal.ai\/sv\/slovensk-grammatik\/#primaryimage"},"image":{"@id":"https:\/\/talkpal.ai\/sv\/slovensk-grammatik\/#primaryimage"},"thumbnailUrl":"https:\/\/talkpal.ai\/wp-content\/uploads\/2023\/05\/slovenia.png","datePublished":"2023-05-14T14:20:10+00:00","dateModified":"2025-12-12T11:14:08+00:00","description":"Utforska den slovenska grammatikens finesser f\u00f6r b\u00e4ttre spr\u00e5kkunskaper och f\u00f6rst\u00e5else. L\u00e4r dig grammatikens konst redan idag.","breadcrumb":{"@id":"https:\/\/talkpal.ai\/sv\/slovensk-grammatik\/#breadcrumb"},"inLanguage":"sv-SE","potentialAction":[{"@type":"ReadAction","target":["https:\/\/talkpal.ai\/sv\/slovensk-grammatik\/"]}]},{"@type":"ImageObject","inLanguage":"sv-SE","@id":"https:\/\/talkpal.ai\/sv\/slovensk-grammatik\/#primaryimage","url":"https:\/\/talkpal.ai\/wp-content\/uploads\/2023\/05\/slovenia.png","contentUrl":"https:\/\/talkpal.ai\/wp-content\/uploads\/2023\/05\/slovenia.png","width":512,"height":512},{"@type":"BreadcrumbList","@id":"https:\/\/talkpal.ai\/sv\/slovensk-grammatik\/#breadcrumb","itemListElement":[{"@type":"ListItem","position":1,"name":"Homepage","item":"https:\/\/talkpal.ai\/sv\/"},{"@type":"ListItem","position":2,"name":"Slovensk grammatik"}]},{"@type":"WebSite","@id":"https:\/\/talkpal.ai\/sv\/#website","url":"https:\/\/talkpal.ai\/sv\/","name":"Talkpal","description":"AI Language Learning","publisher":{"@id":"https:\/\/talkpal.ai\/sv\/#organization"},"alternateName":"Talkpal AI","potentialAction":[{"@type":"SearchAction","target":{"@type":"EntryPoint","urlTemplate":"https:\/\/talkpal.ai\/sv\/?s={search_term_string}"},"query-input":{"@type":"PropertyValueSpecification","valueRequired":true,"valueName":"search_term_string"}}],"inLanguage":"sv-SE"},{"@type":"Organization","@id":"https:\/\/talkpal.ai\/sv\/#organization","name":"Talkpal, Inc.","alternateName":"Talkpal AI","url":"https:\/\/talkpal.ai\/sv\/","logo":{"@type":"ImageObject","inLanguage":"sv-SE","@id":"https:\/\/talkpal.ai\/sv\/#\/schema\/logo\/image\/","url":"https:\/\/talkpal.ai\/wp-content\/uploads\/2024\/03\/Talkpal-Logo-Icon.png","contentUrl":"https:\/\/talkpal.ai\/wp-content\/uploads\/2024\/03\/Talkpal-Logo-Icon.png","width":2880,"height":2880,"caption":"Talkpal, Inc."},"image":{"@id":"https:\/\/talkpal.ai\/sv\/#\/schema\/logo\/image\/"},"sameAs":["https:\/\/www.facebook.com\/profile.php?id=100090733639311","https:\/\/x.com\/talkpalai","https:\/\/www.linkedin.com\/company\/talkpal\/","https:\/\/www.youtube.com\/@TalkPal\/","https:\/\/www.tiktok.com\/@talkpal","https:\/\/www.instagram.com\/talkpal_ai\/","https:\/\/www.crunchbase.com\/organization\/talkpal-9cde","https:\/\/www.g2.com\/products\/talkpal-for-business\/","https:\/\/www.trustpilot.com\/review\/talkpal.ai","https:\/\/www.capterra.com\/p\/10006800\/TalkPal\/"],"description":"Talkpal is a language learning web and mobile education app, powered by the latest AI technologies, that provides engaging experiences to its customers in many different languages to help them improve their language skills. Users can chat about unlimited amount of topics with the app and use other modes to practice their language learning.","email":"support@talkpal.ai","legalName":"Talkpal, Inc.","foundingDate":"2023-04-03","duns":"118989042","numberOfEmployees":{"@type":"QuantitativeValue","minValue":"11","maxValue":"50"},"publishingPrinciples":"https:\/\/talkpal.ai\/publishing-principles\/","actionableFeedbackPolicy":"https:\/\/talkpal.ai\/actionable-feedback-policy\/","correctionsPolicy":"https:\/\/talkpal.ai\/corrections-policy\/","ethicsPolicy":"https:\/\/talkpal.ai\/ethics-policy\/","diversityPolicy":"https:\/\/talkpal.ai\/diversity-policy\/","diversityStaffingReport":"https:\/\/talkpal.ai\/diversity-policy\/"}]}},"_links":{"self":[{"href":"https:\/\/talkpal.ai\/sv\/wp-json\/wp\/v2\/pages\/150828","targetHints":{"allow":["GET"]}}],"collection":[{"href":"https:\/\/talkpal.ai\/sv\/wp-json\/wp\/v2\/pages"}],"about":[{"href":"https:\/\/talkpal.ai\/sv\/wp-json\/wp\/v2\/types\/page"}],"author":[{"embeddable":true,"href":"https:\/\/talkpal.ai\/sv\/wp-json\/wp\/v2\/users\/1"}],"replies":[{"embeddable":true,"href":"https:\/\/talkpal.ai\/sv\/wp-json\/wp\/v2\/comments?post=150828"}],"version-history":[{"count":0,"href":"https:\/\/talkpal.ai\/sv\/wp-json\/wp\/v2\/pages\/150828\/revisions"}],"wp:featuredmedia":[{"embeddable":true,"href":"https:\/\/talkpal.ai\/sv\/wp-json\/wp\/v2\/media\/28661"}],"wp:attachment":[{"href":"https:\/\/talkpal.ai\/sv\/wp-json\/wp\/v2\/media?parent=150828"}],"curies":[{"name":"wp","href":"https:\/\/api.w.org\/{rel}","templated":true}]}}