{"id":150164,"date":"2023-05-14T14:19:49","date_gmt":"2023-05-14T14:19:49","guid":{"rendered":"http:\/\/talkpal.ai\/slovakisk-grammatik\/"},"modified":"2025-12-12T11:09:29","modified_gmt":"2025-12-12T11:09:29","slug":"slovakisk-grammatik","status":"publish","type":"page","link":"https:\/\/talkpal.ai\/sv\/slovakisk-grammatik\/","title":{"rendered":"Slovakisk grammatik"},"content":{"rendered":"\r\n\r\n\r\n<section class=\"languageChallengeSection\">\r\n    <div class=\"languageInfoWrapper\">\r\n        \r\n        <h1>Slovakisk grammatik<\/h1>\r\n        <p>Uppt\u00e4ck det <a href=\"https:\/\/talkpal.ai\/learn-slovak\/\">slovakiska<\/a> spr\u00e5kets sk\u00f6nhet genom att l\u00e4ra dig dess grundl\u00e4ggande grammatikregler. Genom att f\u00f6rst\u00e5 den slovakiska grammatiken kan du kommunicera med sj\u00e4lvf\u00f6rtroende och f\u00e5 en djupare kontakt med Slovakiens rika traditioner. B\u00f6rja din resa idag och ta det f\u00f6rsta steget mot att beh\u00e4rska slovakiska!\n\n<\/p>\r\n\r\n                            <a class=\"getStartedHidden\" href=\"https:\/\/app.talkpal.ai\/sv\/signup?lng=\">Kom ig\u00e5ng<\/a>\r\n        \r\n    <\/div>\r\n\r\n    <figure>\r\n    <img decoding=\"async\" width=\"768\" height=\"768\" src=\"https:\/\/talkpal.ai\/wp-content\/uploads\/2023\/06\/slovak-768x768.png\" class=\"languageImage no-lazy\" alt=\"Default alt text\" fetchpriority=\"high\" sizes=\"(max-width: 768px) 150px, 768px\" srcset=\"https:\/\/talkpal.ai\/wp-content\/uploads\/2023\/06\/slovak-768x768.png 768w, https:\/\/talkpal.ai\/wp-content\/uploads\/2023\/06\/slovak-300x300.png 300w\" \/>\r\n    \r\n\r\n    <\/figure>\r\n\r\n            <a class=\"getStartedVisible\" href=\"https:\/\/app.talkpal.ai\/sv\/signup?lng=\">Kom ig\u00e5ng<\/a>\r\n    \r\n<\/section>\r\n        <section class=\"grammarSection\">\r\n            <div class=\"grammarLinks\">\r\n                <a href=\"https:\/\/talkpal.ai\/sv\/language\/adjektiv-slovakisk-grammatik\/\">Adjektiv <\/a><a href=\"https:\/\/talkpal.ai\/sv\/language\/adverb-slovakisk-grammatik\/\">Adverb <\/a><a href=\"https:\/\/talkpal.ai\/sv\/language\/artiklar-slovakisk-grammatik\/\">Artiklar <\/a><a href=\"https:\/\/talkpal.ai\/sv\/language\/jamforelse-av-tempus-slovakisk-grammatik\/\">J\u00e4mf\u00f6relse av tempus <\/a><a href=\"https:\/\/talkpal.ai\/sv\/language\/konditionaler-slovakisk-grammatik\/\">Konditionaler <\/a><a href=\"https:\/\/talkpal.ai\/sv\/language\/meningar-slovakisk-grammatik\/\">Meningar <\/a><a href=\"https:\/\/talkpal.ai\/sv\/language\/perfect-progressive-slovakisk-grammatik\/\">Perfect Progressive <\/a><a href=\"https:\/\/talkpal.ai\/sv\/language\/prepositioner-slovakisk-grammatik\/\">Prepositioner <\/a><a href=\"https:\/\/talkpal.ai\/sv\/language\/progressiv-slovakisk-grammatik\/\">Progressiv <\/a><a href=\"https:\/\/talkpal.ai\/sv\/language\/pronomen-slovakisk-grammatik\/\">Pronomen <\/a><a href=\"https:\/\/talkpal.ai\/sv\/language\/substantiv-slovakisk-grammatik\/\">Substantiv <\/a><a href=\"https:\/\/talkpal.ai\/sv\/language\/tempus-slovakisk-grammatik\/\">Tempus <\/a><a href=\"https:\/\/talkpal.ai\/sv\/language\/verb-slovakisk-grammatik\/\">Verb <\/a>            <\/div>\r\n        <\/section>\r\n    <section class=\"promotionalBanner\">\r\n    <p class=\"promotionalText\">Det mest effektiva s\u00e4ttet att l\u00e4ra sig ett spr\u00e5k<\/p>\r\n    <a class=\"promotionalLink\" href=\"https:\/\/app.talkpal.ai\/sv\/signup?lng=\">Prova Talkpal gratis<\/a>\r\n<\/section>\n<div class=\"wp-block-group pageContainerStyle\"><div class=\"wp-block-group__inner-container is-layout-constrained wp-block-group-is-layout-constrained\">\n<h2 class=\"wp-block-heading\" id=\"h-slovak-grammar-the-key-to-unlocking-a-beautiful-language\">Slovakisk grammatik: Nyckeln till att l\u00e5sa upp ett vackert spr\u00e5k<\/h2>\n\n\n\n<p>Planerar du att l\u00e4ra dig slovakiska eller \u00e4r du bara nyfiken p\u00e5 dess unika <a href=\"https:\/\/talkpal.ai\/fr\/les\/\">grammatik<\/a>? Du \u00e4r p\u00e5 r\u00e4tt plats! <a href=\"https:\/\/talkpal.ai\/es\/gramatica-eslovaca\/\">Slovakisk grammatik<\/a> kan verka skr\u00e4mmande vid f\u00f6rsta anblicken, men oroa dig inte &#8211; den \u00e4r faktiskt ganska logisk och hanterbar. I <a href=\"https:\/\/talkpal.ai\/culture\/how-do-i-use-den-har-and-det-har\/\">den h\u00e4r<\/a> artikeln g\u00e5r vi igenom den slovakiska grammatiken f\u00f6r att hj\u00e4lpa dig att b\u00e4ttre f\u00f6rst\u00e5 och uppskatta dess sk\u00f6nhet.<\/p>\n\n\n\n<p>L\u00e5t <a href=\"https:\/\/talkpal.ai\/locations\/language-courses-in-oss\/\">oss<\/a> f\u00f6rst b\u00f6rja med lite bakgrund. Slovakiska \u00e4r ett v\u00e4stslaviskt spr\u00e5k som fr\u00e4mst <a href=\"https:\/\/talkpal.ai\/locations\/language-courses-in-talas\/\">talas<\/a> i Slovakien, men du kan ocks\u00e5 hitta talare i omgivande l\u00e4nder. Som slaviskt spr\u00e5k har det m\u00e5nga likheter med andra spr\u00e5k i regionen, som <a href=\"https:\/\/talkpal.ai\/learn-czech\/\">tjeckiska<\/a> och <a href=\"https:\/\/talkpal.ai\/learn-polish\/\">polska<\/a>. Den har dock sina egna distinkta grammatikregler och anv\u00e4ndningsm\u00f6nster som skiljer den \u00e5t.<\/p>\n\n\n\n<p>L\u00e5t oss nu dyka ner i n\u00e5gra av de viktigaste aspekterna av den slovakiska grammatiken.<\/p>\n\n\n\n<h3 class=\"wp-block-heading\" id=\"h-1-nouns-and-their-cases\">1. Substantiv och deras kasus<\/h3>\n\n\n\n<p>Ett av de mest sl\u00e5ende dragen i slovakisk grammatik \u00e4r dess komplexa kasussystem. Om du \u00e4r bekant med tyska eller ryska vet du vad vi pratar om: Slovakiska substantiv \u00e4ndrar form beroende p\u00e5 vilken funktion de har i en mening. Med sju kasus (nominativ, genitiv, dativ, ackusativ, lokativ, instrumental och vokativ) kan det verka \u00f6verv\u00e4ldigande till en b\u00f6rjan, men ge inte upp! N\u00e4r du v\u00e4l har f\u00e5tt kl\u00e4m p\u00e5 det \u00e4r det otroligt logiskt och till och med roligt.<\/p>\n\n\n\n<p>Ta substantivet &#8221;chlapec&#8221; (pojke) som exempel. Det kan \u00e4ndras till &#8221;chlapca&#8221;, &#8221;chlapcovi&#8221;, &#8221;chlapcom&#8221; och s\u00e5 vidare, beroende p\u00e5 om det \u00e4r subjekt, objekt eller mottagare av en handling. \u00c4ndelserna beror ocks\u00e5 p\u00e5 substantivets k\u00f6n (maskulinum, femininum eller neutrum), vilket ger \u00e4nnu mer variation i spr\u00e5ket.<\/p>\n\n\n\n<h3 class=\"wp-block-heading\" id=\"h-2-verb-conjugation-and-tenses\">2. Verbb\u00f6jning och tempus<\/h3>\n\n\n\n<p>Slovakiska verb \u00e4ndrar \u00e4ndelser beroende p\u00e5 subjektets person och numerus (singular eller plural). Verbet &#8221;vidie\u0165&#8221; (att se) kan t.ex. bli &#8221;vid\u00edm&#8221; (jag ser), &#8221;vid\u00ed\u0161&#8221; (du ser), &#8221;vidia&#8221; (de ser) m.fl.<\/p>\n\n\n\n<p>Slovakiskan har tre tempus: d\u00e5tid, nutid och framtid. Det intressanta \u00e4r att slovakiskan, till skillnad fr\u00e5n engelskan, vanligtvis inte anv\u00e4nder hj\u00e4lpverb f\u00f6r att bilda dessa tempus. Ist\u00e4llet bildas de genom att \u00e4ndra verb\u00e4ndelserna. &#8221;Jag ser&#8221; \u00e4r till exempel &#8221;vid\u00edm&#8221;, &#8221;jag s\u00e5g&#8221; \u00e4r &#8221;videl som&#8221; och &#8221;jag kommer att se&#8221; \u00e4r &#8221;uvid\u00edm&#8221;.<\/p>\n\n\n\n<h3 class=\"wp-block-heading\" id=\"h-3-sentence-structure-and-word-order\">3. Meningsbyggnad och ordf\u00f6ljd<\/h3>\n\n\n\n<p>Slovakiskan har en relativt flexibel ordf\u00f6ljd tack vare sitt substantivkasus och verbb\u00f6jningssystem. Det inneb\u00e4r att man, till skillnad fr\u00e5n i engelskan, kan placera ord p\u00e5 olika st\u00e4llen i en mening utan att \u00e4ndra dess betydelse &#8211; till exempel kan &#8221;chlapec vid\u00ed psa&#8221; (pojken ser hunden) ocks\u00e5 vara &#8221;psa vid\u00ed chlapec&#8221; och fortfarande ha samma betydelse.<\/p>\n\n\n\n<p>Den vanligaste ordf\u00f6ljden p\u00e5 slovakiska \u00e4r dock subjekt-verb-objekt eller SVO. Det h\u00e4r liknar engelska och \u00e4r en bra utg\u00e5ngspunkt f\u00f6r elever som vill l\u00e4ra sig engelska. N\u00e4r du blir mer bekv\u00e4m med spr\u00e5ket kan du experimentera med olika ordf\u00f6ljder f\u00f6r att l\u00e4gga till betoning eller nyans till dina meningar.<\/p>\n\n\n\n<h3 class=\"wp-block-heading\" id=\"h-4-adjectives-and-adverbs\">4. Adjektiv och adverb<\/h3>\n\n\n\n<p>Precis som i m\u00e5nga andra spr\u00e5k anv\u00e4nds adjektiv och adverb p\u00e5 slovakiska f\u00f6r att beskriva substantiv och verb. Men de har ocks\u00e5 sina egna regler f\u00f6r fallavtal och k\u00f6nsavtal, vilket kan g\u00f6ra saker och ting lite mer komplicerade. Tack och lov, n\u00e4r du v\u00e4l beh\u00e4rskar substantivkasus och verbb\u00f6jningar, kommer dessa regler att komma mer naturligt.<\/p>\n\n\n\n<p>S\u00e5, \u00e4r du redo att ta itu med slovakisk grammatik? Med r\u00e4tt inst\u00e4llning och resurser \u00e4r att l\u00e4ra sig slovakiska en givande upplevelse som kan \u00f6ppna d\u00f6rrar till en rik kultur och ett vackert land. Ta det steg f\u00f6r steg, \u00f6va regelbundet och var inte r\u00e4dd f\u00f6r att g\u00f6ra misstag &#8211; det \u00e4r ju s\u00e5 vi alla l\u00e4r oss. Ve\u013ea \u0161\u0165astia! (Lycka till!)<\/p>\n<\/div><\/div>\n\r\n<section class=\"learnNavigationSection\">\r\n            \r\n        <a href=\"https:\/\/talkpal.ai\/sv\/lar-dig-slovakiska\/\">\r\n            <div class=\"learnNavigationWrapper\">\r\n                <div class=\"learnNavigationContent\">\r\n                    <img decoding=\"async\" src=\"https:\/\/talkpal.ai\/wp-content\/uploads\/2024\/08\/Slovak.jpg\" alt=\"Slovak Flag\">\r\n                    <div>\r\n                        <h4>Om Slovak Learning<\/h4>\r\n                        <p>Ta reda p\u00e5 allt om slovakisk grammatik.<\/p>\r\n                    <\/div>\r\n                <\/div>\r\n            <\/div>\r\n        <\/a>\r\n\r\n        \r\n        <a href=\"https:\/\/talkpal.ai\/sv\/slovakiska-grammatikovningar\/\">\r\n            <div class=\"learnNavigationWrapper\">\r\n                <div class=\"learnNavigationContent\">\r\n                    <img decoding=\"async\" src=\"https:\/\/talkpal.ai\/wp-content\/uploads\/2024\/08\/Slovak.jpg\" alt=\"Slovak Flag\">\r\n                    <div>\r\n                        <h4>Slovakisk grammatik \u00f6vning<\/h4>\r\n                        <p>\u00d6va slovakisk grammatik.<\/p>\r\n                    <\/div>\r\n                <\/div>\r\n            <\/div>\r\n        <\/a>\r\n\r\n        \r\n        <a href=\"https:\/\/talkpal.ai\/vocabulary_language\/slovak\/\">\r\n            <div class=\"learnNavigationWrapper\">\r\n                <div class=\"learnNavigationContent\">\r\n                    <img decoding=\"async\" src=\"https:\/\/talkpal.ai\/wp-content\/uploads\/2024\/08\/Slovak.jpg\" alt=\"Slovak Flag\">\r\n                    <div>\r\n                        <h4>Slovakisk vokabul\u00e4r<\/h4>\r\n                        <p>Ut\u00f6ka ditt ordf\u00f6rr\u00e5d p\u00e5 slovakiska.<\/p>\r\n                    <\/div>\r\n                <\/div>\r\n            <\/div>\r\n        <\/a>\r\n\r\n            <\/section>","protected":false},"excerpt":{"rendered":"<p>Slovakisk grammatik: Nyckeln till att l\u00e5sa upp ett vackert spr\u00e5k Planerar du att l\u00e4ra dig slovakiska eller \u00e4r du bara nyfiken p\u00e5 dess unika grammatik? Du \u00e4r p\u00e5 r\u00e4tt plats! Slovakisk grammatik kan verka skr\u00e4mmande vid f\u00f6rsta anblicken, men oroa dig inte &#8211; den \u00e4r faktiskt ganska logisk och hanterbar. I den h\u00e4r artikeln g\u00e5r [&hellip;]<\/p>\n","protected":false},"author":1,"featured_media":28645,"parent":0,"menu_order":0,"comment_status":"closed","ping_status":"closed","template":"LearningContentPage.php","meta":{"_acf_changed":false,"footnotes":""},"class_list":["post-150164","page","type-page","status-publish","has-post-thumbnail","hentry"],"acf":[],"yoast_head":"<!-- This site is optimized with the Yoast SEO Premium plugin v27.2 (Yoast SEO v27.2) - https:\/\/yoast.com\/product\/yoast-seo-premium-wordpress\/ -->\n<title>Slovakisk grammatik - Talkpal<\/title>\n<meta name=\"description\" content=\"Beh\u00e4rska slovakisk grammatik med tydliga f\u00f6rklaringar, praktiska exempel och interaktiva \u00f6vningar. F\u00f6rb\u00e4ttra dina f\u00e4rdigheter!\" \/>\n<meta name=\"robots\" content=\"index, follow, max-snippet:-1, max-image-preview:large, max-video-preview:-1\" \/>\n<link rel=\"canonical\" href=\"https:\/\/talkpal.ai\/sv\/slovakisk-grammatik\/\" \/>\n<meta property=\"og:locale\" content=\"sv_SE\" \/>\n<meta property=\"og:type\" content=\"article\" \/>\n<meta property=\"og:title\" content=\"Slovakisk grammatik\" \/>\n<meta property=\"og:description\" content=\"Slovakisk grammatik: Nyckeln till att l\u00e5sa upp ett vackert spr\u00e5k Planerar du att l\u00e4ra dig slovakiska eller \u00e4r du bara nyfiken p\u00e5 dess unika grammatik? Du\" \/>\n<meta property=\"og:url\" content=\"https:\/\/talkpal.ai\/sv\/slovakisk-grammatik\/\" \/>\n<meta property=\"og:site_name\" content=\"Talkpal\" \/>\n<meta property=\"article:publisher\" content=\"https:\/\/www.facebook.com\/profile.php?id=100090733639311\" \/>\n<meta property=\"article:modified_time\" content=\"2025-12-12T11:09:29+00:00\" \/>\n<meta property=\"og:image\" content=\"https:\/\/talkpal.ai\/wp-content\/uploads\/2023\/05\/slovakia.png\" \/>\n\t<meta property=\"og:image:width\" content=\"512\" \/>\n\t<meta property=\"og:image:height\" content=\"512\" \/>\n\t<meta property=\"og:image:type\" content=\"image\/png\" \/>\n<meta name=\"twitter:card\" content=\"summary_large_image\" \/>\n<meta name=\"twitter:site\" content=\"@talkpalai\" \/>\n<meta name=\"twitter:label1\" content=\"Ber\u00e4knad l\u00e4stid\" \/>\n\t<meta name=\"twitter:data1\" content=\"3 minuter\" \/>\n<script type=\"application\/ld+json\" class=\"yoast-schema-graph\">{\"@context\":\"https:\/\/schema.org\",\"@graph\":[{\"@type\":\"WebPage\",\"@id\":\"https:\/\/talkpal.ai\/sv\/slovakisk-grammatik\/\",\"url\":\"https:\/\/talkpal.ai\/sv\/slovakisk-grammatik\/\",\"name\":\"Slovakisk grammatik - Talkpal\",\"isPartOf\":{\"@id\":\"https:\/\/talkpal.ai\/sv\/#website\"},\"primaryImageOfPage\":{\"@id\":\"https:\/\/talkpal.ai\/sv\/slovakisk-grammatik\/#primaryimage\"},\"image\":{\"@id\":\"https:\/\/talkpal.ai\/sv\/slovakisk-grammatik\/#primaryimage\"},\"thumbnailUrl\":\"https:\/\/talkpal.ai\/wp-content\/uploads\/2023\/05\/slovakia.png\",\"datePublished\":\"2023-05-14T14:19:49+00:00\",\"dateModified\":\"2025-12-12T11:09:29+00:00\",\"description\":\"Beh\u00e4rska slovakisk grammatik med tydliga f\u00f6rklaringar, praktiska exempel och interaktiva \u00f6vningar. F\u00f6rb\u00e4ttra dina f\u00e4rdigheter!\",\"breadcrumb\":{\"@id\":\"https:\/\/talkpal.ai\/sv\/slovakisk-grammatik\/#breadcrumb\"},\"inLanguage\":\"sv-SE\",\"potentialAction\":[{\"@type\":\"ReadAction\",\"target\":[\"https:\/\/talkpal.ai\/sv\/slovakisk-grammatik\/\"]}]},{\"@type\":\"ImageObject\",\"inLanguage\":\"sv-SE\",\"@id\":\"https:\/\/talkpal.ai\/sv\/slovakisk-grammatik\/#primaryimage\",\"url\":\"https:\/\/talkpal.ai\/wp-content\/uploads\/2023\/05\/slovakia.png\",\"contentUrl\":\"https:\/\/talkpal.ai\/wp-content\/uploads\/2023\/05\/slovakia.png\",\"width\":512,\"height\":512},{\"@type\":\"BreadcrumbList\",\"@id\":\"https:\/\/talkpal.ai\/sv\/slovakisk-grammatik\/#breadcrumb\",\"itemListElement\":[{\"@type\":\"ListItem\",\"position\":1,\"name\":\"Homepage\",\"item\":\"https:\/\/talkpal.ai\/sv\/\"},{\"@type\":\"ListItem\",\"position\":2,\"name\":\"Slovakisk grammatik\"}]},{\"@type\":\"WebSite\",\"@id\":\"https:\/\/talkpal.ai\/sv\/#website\",\"url\":\"https:\/\/talkpal.ai\/sv\/\",\"name\":\"Talkpal\",\"description\":\"AI Language Learning\",\"publisher\":{\"@id\":\"https:\/\/talkpal.ai\/sv\/#organization\"},\"alternateName\":\"Talkpal AI\",\"potentialAction\":[{\"@type\":\"SearchAction\",\"target\":{\"@type\":\"EntryPoint\",\"urlTemplate\":\"https:\/\/talkpal.ai\/sv\/?s={search_term_string}\"},\"query-input\":{\"@type\":\"PropertyValueSpecification\",\"valueRequired\":true,\"valueName\":\"search_term_string\"}}],\"inLanguage\":\"sv-SE\"},{\"@type\":\"Organization\",\"@id\":\"https:\/\/talkpal.ai\/sv\/#organization\",\"name\":\"Talkpal, Inc.\",\"alternateName\":\"Talkpal AI\",\"url\":\"https:\/\/talkpal.ai\/sv\/\",\"logo\":{\"@type\":\"ImageObject\",\"inLanguage\":\"sv-SE\",\"@id\":\"https:\/\/talkpal.ai\/sv\/#\/schema\/logo\/image\/\",\"url\":\"https:\/\/talkpal.ai\/wp-content\/uploads\/2024\/03\/Talkpal-Logo-Icon.png\",\"contentUrl\":\"https:\/\/talkpal.ai\/wp-content\/uploads\/2024\/03\/Talkpal-Logo-Icon.png\",\"width\":2880,\"height\":2880,\"caption\":\"Talkpal, Inc.\"},\"image\":{\"@id\":\"https:\/\/talkpal.ai\/sv\/#\/schema\/logo\/image\/\"},\"sameAs\":[\"https:\/\/www.facebook.com\/profile.php?id=100090733639311\",\"https:\/\/x.com\/talkpalai\",\"https:\/\/www.linkedin.com\/company\/talkpal\/\",\"https:\/\/www.youtube.com\/@TalkPal\/\",\"https:\/\/www.tiktok.com\/@talkpal\",\"https:\/\/www.instagram.com\/talkpal_ai\/\",\"https:\/\/www.crunchbase.com\/organization\/talkpal-9cde\",\"https:\/\/www.g2.com\/products\/talkpal-for-business\/\",\"https:\/\/www.trustpilot.com\/review\/talkpal.ai\",\"https:\/\/www.capterra.com\/p\/10006800\/TalkPal\/\"],\"description\":\"Talkpal is a language learning web and mobile education app, powered by the latest AI technologies, that provides engaging experiences to its customers in many different languages to help them improve their language skills. Users can chat about unlimited amount of topics with the app and use other modes to practice their language learning.\",\"email\":\"support@talkpal.ai\",\"legalName\":\"Talkpal, Inc.\",\"foundingDate\":\"2023-04-03\",\"duns\":\"118989042\",\"numberOfEmployees\":{\"@type\":\"QuantitativeValue\",\"minValue\":\"11\",\"maxValue\":\"50\"},\"publishingPrinciples\":\"https:\/\/talkpal.ai\/publishing-principles\/\",\"actionableFeedbackPolicy\":\"https:\/\/talkpal.ai\/actionable-feedback-policy\/\",\"correctionsPolicy\":\"https:\/\/talkpal.ai\/corrections-policy\/\",\"ethicsPolicy\":\"https:\/\/talkpal.ai\/ethics-policy\/\",\"diversityPolicy\":\"https:\/\/talkpal.ai\/diversity-policy\/\",\"diversityStaffingReport\":\"https:\/\/talkpal.ai\/diversity-policy\/\"}]}<\/script>\n<!-- \/ Yoast SEO Premium plugin. -->","yoast_head_json":{"title":"Slovakisk grammatik - Talkpal","description":"Beh\u00e4rska slovakisk grammatik med tydliga f\u00f6rklaringar, praktiska exempel och interaktiva \u00f6vningar. F\u00f6rb\u00e4ttra dina f\u00e4rdigheter!","robots":{"index":"index","follow":"follow","max-snippet":"max-snippet:-1","max-image-preview":"max-image-preview:large","max-video-preview":"max-video-preview:-1"},"canonical":"https:\/\/talkpal.ai\/sv\/slovakisk-grammatik\/","og_locale":"sv_SE","og_type":"article","og_title":"Slovakisk grammatik","og_description":"Slovakisk grammatik: Nyckeln till att l\u00e5sa upp ett vackert spr\u00e5k Planerar du att l\u00e4ra dig slovakiska eller \u00e4r du bara nyfiken p\u00e5 dess unika grammatik? Du","og_url":"https:\/\/talkpal.ai\/sv\/slovakisk-grammatik\/","og_site_name":"Talkpal","article_publisher":"https:\/\/www.facebook.com\/profile.php?id=100090733639311","article_modified_time":"2025-12-12T11:09:29+00:00","og_image":[{"width":512,"height":512,"url":"https:\/\/talkpal.ai\/wp-content\/uploads\/2023\/05\/slovakia.png","type":"image\/png"}],"twitter_card":"summary_large_image","twitter_site":"@talkpalai","twitter_misc":{"Ber\u00e4knad l\u00e4stid":"3 minuter"},"schema":{"@context":"https:\/\/schema.org","@graph":[{"@type":"WebPage","@id":"https:\/\/talkpal.ai\/sv\/slovakisk-grammatik\/","url":"https:\/\/talkpal.ai\/sv\/slovakisk-grammatik\/","name":"Slovakisk grammatik - Talkpal","isPartOf":{"@id":"https:\/\/talkpal.ai\/sv\/#website"},"primaryImageOfPage":{"@id":"https:\/\/talkpal.ai\/sv\/slovakisk-grammatik\/#primaryimage"},"image":{"@id":"https:\/\/talkpal.ai\/sv\/slovakisk-grammatik\/#primaryimage"},"thumbnailUrl":"https:\/\/talkpal.ai\/wp-content\/uploads\/2023\/05\/slovakia.png","datePublished":"2023-05-14T14:19:49+00:00","dateModified":"2025-12-12T11:09:29+00:00","description":"Beh\u00e4rska slovakisk grammatik med tydliga f\u00f6rklaringar, praktiska exempel och interaktiva \u00f6vningar. F\u00f6rb\u00e4ttra dina f\u00e4rdigheter!","breadcrumb":{"@id":"https:\/\/talkpal.ai\/sv\/slovakisk-grammatik\/#breadcrumb"},"inLanguage":"sv-SE","potentialAction":[{"@type":"ReadAction","target":["https:\/\/talkpal.ai\/sv\/slovakisk-grammatik\/"]}]},{"@type":"ImageObject","inLanguage":"sv-SE","@id":"https:\/\/talkpal.ai\/sv\/slovakisk-grammatik\/#primaryimage","url":"https:\/\/talkpal.ai\/wp-content\/uploads\/2023\/05\/slovakia.png","contentUrl":"https:\/\/talkpal.ai\/wp-content\/uploads\/2023\/05\/slovakia.png","width":512,"height":512},{"@type":"BreadcrumbList","@id":"https:\/\/talkpal.ai\/sv\/slovakisk-grammatik\/#breadcrumb","itemListElement":[{"@type":"ListItem","position":1,"name":"Homepage","item":"https:\/\/talkpal.ai\/sv\/"},{"@type":"ListItem","position":2,"name":"Slovakisk grammatik"}]},{"@type":"WebSite","@id":"https:\/\/talkpal.ai\/sv\/#website","url":"https:\/\/talkpal.ai\/sv\/","name":"Talkpal","description":"AI Language Learning","publisher":{"@id":"https:\/\/talkpal.ai\/sv\/#organization"},"alternateName":"Talkpal AI","potentialAction":[{"@type":"SearchAction","target":{"@type":"EntryPoint","urlTemplate":"https:\/\/talkpal.ai\/sv\/?s={search_term_string}"},"query-input":{"@type":"PropertyValueSpecification","valueRequired":true,"valueName":"search_term_string"}}],"inLanguage":"sv-SE"},{"@type":"Organization","@id":"https:\/\/talkpal.ai\/sv\/#organization","name":"Talkpal, Inc.","alternateName":"Talkpal AI","url":"https:\/\/talkpal.ai\/sv\/","logo":{"@type":"ImageObject","inLanguage":"sv-SE","@id":"https:\/\/talkpal.ai\/sv\/#\/schema\/logo\/image\/","url":"https:\/\/talkpal.ai\/wp-content\/uploads\/2024\/03\/Talkpal-Logo-Icon.png","contentUrl":"https:\/\/talkpal.ai\/wp-content\/uploads\/2024\/03\/Talkpal-Logo-Icon.png","width":2880,"height":2880,"caption":"Talkpal, Inc."},"image":{"@id":"https:\/\/talkpal.ai\/sv\/#\/schema\/logo\/image\/"},"sameAs":["https:\/\/www.facebook.com\/profile.php?id=100090733639311","https:\/\/x.com\/talkpalai","https:\/\/www.linkedin.com\/company\/talkpal\/","https:\/\/www.youtube.com\/@TalkPal\/","https:\/\/www.tiktok.com\/@talkpal","https:\/\/www.instagram.com\/talkpal_ai\/","https:\/\/www.crunchbase.com\/organization\/talkpal-9cde","https:\/\/www.g2.com\/products\/talkpal-for-business\/","https:\/\/www.trustpilot.com\/review\/talkpal.ai","https:\/\/www.capterra.com\/p\/10006800\/TalkPal\/"],"description":"Talkpal is a language learning web and mobile education app, powered by the latest AI technologies, that provides engaging experiences to its customers in many different languages to help them improve their language skills. Users can chat about unlimited amount of topics with the app and use other modes to practice their language learning.","email":"support@talkpal.ai","legalName":"Talkpal, Inc.","foundingDate":"2023-04-03","duns":"118989042","numberOfEmployees":{"@type":"QuantitativeValue","minValue":"11","maxValue":"50"},"publishingPrinciples":"https:\/\/talkpal.ai\/publishing-principles\/","actionableFeedbackPolicy":"https:\/\/talkpal.ai\/actionable-feedback-policy\/","correctionsPolicy":"https:\/\/talkpal.ai\/corrections-policy\/","ethicsPolicy":"https:\/\/talkpal.ai\/ethics-policy\/","diversityPolicy":"https:\/\/talkpal.ai\/diversity-policy\/","diversityStaffingReport":"https:\/\/talkpal.ai\/diversity-policy\/"}]}},"_links":{"self":[{"href":"https:\/\/talkpal.ai\/sv\/wp-json\/wp\/v2\/pages\/150164","targetHints":{"allow":["GET"]}}],"collection":[{"href":"https:\/\/talkpal.ai\/sv\/wp-json\/wp\/v2\/pages"}],"about":[{"href":"https:\/\/talkpal.ai\/sv\/wp-json\/wp\/v2\/types\/page"}],"author":[{"embeddable":true,"href":"https:\/\/talkpal.ai\/sv\/wp-json\/wp\/v2\/users\/1"}],"replies":[{"embeddable":true,"href":"https:\/\/talkpal.ai\/sv\/wp-json\/wp\/v2\/comments?post=150164"}],"version-history":[{"count":0,"href":"https:\/\/talkpal.ai\/sv\/wp-json\/wp\/v2\/pages\/150164\/revisions"}],"wp:featuredmedia":[{"embeddable":true,"href":"https:\/\/talkpal.ai\/sv\/wp-json\/wp\/v2\/media\/28645"}],"wp:attachment":[{"href":"https:\/\/talkpal.ai\/sv\/wp-json\/wp\/v2\/media?parent=150164"}],"curies":[{"name":"wp","href":"https:\/\/api.w.org\/{rel}","templated":true}]}}