{"id":149853,"date":"2023-05-14T14:19:26","date_gmt":"2023-05-14T14:19:26","guid":{"rendered":"http:\/\/talkpal.ai\/serbisk-grammatik\/"},"modified":"2025-12-17T15:36:09","modified_gmt":"2025-12-17T15:36:09","slug":"serbisk-grammatik","status":"publish","type":"page","link":"https:\/\/talkpal.ai\/sv\/serbisk-grammatik\/","title":{"rendered":"Serbisk grammatik"},"content":{"rendered":"\r\n\r\n\r\n<section class=\"languageChallengeSection\">\r\n    <div class=\"languageInfoWrapper\">\r\n        \r\n        <h1>Serbisk grammatik<\/h1>\r\n        <p>B\u00f6rja ditt \u00e4ventyr i det ryska spr\u00e5ket och \u00f6ppna d\u00f6rrarna till en rik kultur och historia. Att beh\u00e4rska rysk <a href=\"https:\/\/talkpal.ai\/fr\/les\/\">grammatik<\/a> och ordf\u00f6rr\u00e5d kommer att f\u00f6rb\u00e4ttra dina m\u00f6jligheter att resa, g\u00f6ra karri\u00e4r och kommunicera. B\u00f6rja l\u00e4ra dig ryska idag och ta det f\u00f6rsta steget mot flytande spr\u00e5k!\n\n<\/p>\r\n\r\n                            <a class=\"getStartedHidden\" href=\"https:\/\/app.talkpal.ai\/sv\/signup?lng=\">Kom ig\u00e5ng<\/a>\r\n        \r\n    <\/div>\r\n\r\n    <figure>\r\n    <img decoding=\"async\" width=\"768\" height=\"768\" src=\"https:\/\/talkpal.ai\/wp-content\/uploads\/2023\/06\/serbian-768x768.png\" class=\"languageImage no-lazy\" alt=\"Default alt text\" fetchpriority=\"high\" sizes=\"(max-width: 768px) 150px, 768px\" srcset=\"https:\/\/talkpal.ai\/wp-content\/uploads\/2023\/06\/serbian-768x768.png 768w, https:\/\/talkpal.ai\/wp-content\/uploads\/2023\/06\/serbian-300x300.png 300w\" \/>\r\n    \r\n\r\n    <\/figure>\r\n\r\n            <a class=\"getStartedVisible\" href=\"https:\/\/app.talkpal.ai\/sv\/signup?lng=\">Kom ig\u00e5ng<\/a>\r\n    \r\n<\/section>\r\n        <section class=\"grammarSection\">\r\n            <div class=\"grammarLinks\">\r\n                <a href=\"https:\/\/talkpal.ai\/sv\/language\/adjektiv-serbisk-grammatik\/\">Adjektiv <\/a><a href=\"https:\/\/talkpal.ai\/sv\/language\/adverb-serbisk-grammatik\/\">Adverb <\/a><a href=\"https:\/\/talkpal.ai\/sv\/language\/artiklar-serbisk-grammatik\/\">Artiklar <\/a><a href=\"https:\/\/talkpal.ai\/sv\/language\/jamforelse-av-tempus-serbisk-grammatik\/\">J\u00e4mf\u00f6relse av tempus <\/a><a href=\"https:\/\/talkpal.ai\/sv\/language\/konditionaler-serbisk-grammatik\/\">Konditionaler <\/a><a href=\"https:\/\/talkpal.ai\/sv\/language\/meningar-serbisk-grammatik\/\">Meningar <\/a><a href=\"https:\/\/talkpal.ai\/sv\/language\/perfect-progressive-serbisk-grammatik\/\">Perfect Progressive <\/a><a href=\"https:\/\/talkpal.ai\/sv\/language\/prepositioner-serbisk-grammatik\/\">Prepositioner <\/a><a href=\"https:\/\/talkpal.ai\/sv\/language\/progressiv-serbisk-grammatik\/\">Progressiv <\/a><a href=\"https:\/\/talkpal.ai\/sv\/language\/pronomen-serbisk-grammatik\/\">Pronomen <\/a><a href=\"https:\/\/talkpal.ai\/sv\/language\/substantiv-serbisk-grammatik\/\">Substantiv <\/a><a href=\"https:\/\/talkpal.ai\/sv\/language\/tempus-serbisk-grammatik\/\">Tempus <\/a><a href=\"https:\/\/talkpal.ai\/sv\/language\/verb-serbisk-grammatik\/\">Verb <\/a>            <\/div>\r\n        <\/section>\r\n    <section class=\"promotionalBanner\">\r\n    <p class=\"promotionalText\">Det mest effektiva s\u00e4ttet att l\u00e4ra sig ett spr\u00e5k<\/p>\r\n    <a class=\"promotionalLink\" href=\"https:\/\/app.talkpal.ai\/sv\/signup?lng=\">Prova Talkpal gratis<\/a>\r\n<\/section>\n<div class=\"wp-block-group pageContainerStyle\"><div class=\"wp-block-group__inner-container is-layout-constrained wp-block-group-is-layout-constrained\">\n<h1 class=\"wp-block-heading\" id=\"h-serbian-grammar-unraveling-the-intricacies-of-the-south-slavic-language\">Serbisk grammatik: Att reda ut det sydslaviska spr\u00e5kets kr\u00e5ngligheter<\/h1>\n\n\n\n<p>Anropar alla <a href=\"https:\/\/talkpal.ai\/talkpal-discount-for-language-enthusiasts\/\">spr\u00e5kentusiaster<\/a> och Balkan-aficionados! Har du n\u00e5gonsin funderat p\u00e5 att dyka in i den serbiska grammatikens v\u00e4rld? Serbiska, ett sydslaviskt spr\u00e5k, \u00e4r det officiella spr\u00e5ket i Serbien och ett av de officiella spr\u00e5ken i Bosnien och Hercegovina. Med cirka 9 miljoner modersm\u00e5lstalare delar detta sp\u00e4nnande spr\u00e5k likheter med kroatiska, <a href=\"https:\/\/talkpal.ai\/learn-bosnian\/\">bosniska<\/a> och montenegrinska men har s\u00e4rdrag som skiljer det \u00e5t. I <a href=\"https:\/\/talkpal.ai\/culture\/how-do-i-use-den-har-and-det-har\/\">den h\u00e4r<\/a> artikeln kommer vi att utforska de fascinerande aspekterna av <a href=\"https:\/\/talkpal.ai\/serbian-grammar\/\">serbisk grammatik<\/a>.<\/p>\n\n\n\n<h3 class=\"wp-block-heading\" id=\"h-the-dual-alphabet-cyrillic-and-latin\">Det dubbla alfabetet: kyrilliska och latinska<\/h3>\n\n\n\n<p>En av de f\u00f6rsta sakerna du kommer att m\u00e4rka om serbiska \u00e4r dess anv\u00e4ndning av tv\u00e5 alfabet: Kyrilliska och latinska. Det serbiska kyrilliska alfabetet, med 30 bokst\u00e4ver, standardiserades av lingvisten Vuk Karad\u017ei\u0107 1818 och \u00e4r det officiella alfabetet i landet. Det latinska alfabetet, som ocks\u00e5 best\u00e5r av 30 bokst\u00e4ver, anv\u00e4nds dock i stor utstr\u00e4ckning, s\u00e4rskilt f\u00f6r digital kommunikation och informella sammanhang. Anv\u00e4ndningen av tv\u00e5 alfabet ger serbkan en unik, m\u00e5ngsidig karakt\u00e4r.<\/p>\n\n\n\n<h3 class=\"wp-block-heading\" id=\"h-the-building-blocks-nouns-pronouns-and-cases\">Byggstenarna: substantiv, pronomen och kasus<\/h3>\n\n\n\n<p>Liksom andra slaviska spr\u00e5k kretsar <a href=\"https:\/\/talkpal.ai\/serbian-grammar\/\">serbisk grammatik<\/a> kring b\u00f6jning, d\u00e4r ord \u00e4ndrar \u00e4ndelser beroende p\u00e5 deras grammatiska funktion. Detta \u00e4r tydligast i substantiv, pronomen och adjektiv. Serbiska har sju fall:<\/p>\n\n\n\n<p><strong>1. Nominativ &#8211; anger subjektet i en mening<\/strong><\/p>\n\n\n\n<p><strong>2. Genitiv &#8211; visar innehav, objekt f\u00f6r negation eller partitiv betydelse<\/strong><\/p>\n\n\n\n<p><strong>3. Dativ &#8211; markerar det indirekta objektet<\/strong><\/p>\n\n\n\n<p><strong>4. Ackusativ &#8211; betecknar det direkta objektet<\/strong><\/p>\n\n\n\n<p><strong>5. Vokativ &#8211; anv\u00e4nds f\u00f6r att tilltala eller kalla n\u00e5gon<\/strong><\/p>\n\n\n\n<p><strong>6. Instrumentell &#8211; uttrycker medel eller metod f\u00f6r en handling<\/strong><\/p>\n\n\n\n<p><strong>7. Lokativ &#8211; anger plats eller objekt f\u00f6r vissa prepositioner<\/strong><\/p>\n\n\n\n<p>Serbiska substantiv har tre genus (maskulinum, femininum och neutrum) och tv\u00e5 numerus (singular och plural). De specifika \u00e4ndelserna f\u00f6r varje k\u00f6n och tal varierar beroende p\u00e5 fallet, s\u00e5 det \u00e4r viktigt att memorera dessa \u00e4ndelser f\u00f6r att konstruera grammatiskt korrekta meningar.<\/p>\n\n\n\n<h3 class=\"wp-block-heading\" id=\"h-get-moving-with-verbs-tenses-aspects-and-moods\">R\u00f6r p\u00e5 dig med verb: tempus, aspekter och st\u00e4mningar<\/h3>\n\n\n\n<p>Serbiska verb uppvisar fascinerande komplexitet med sina tempus (d\u00e5tid, nutid och framtid), aspekter (perfektiv och imperfektiv) och modus (indikativ, <a href=\"https:\/\/talkpal.ai\/ja\/grammar_exercises\/imperatif-%e3%83%95%e3%83%a9%e3%83%b3%e3%82%b9%e3%81%ae%e6%96%87%e6%b3%95%e3%81%ae%e3%81%9f%e3%82%81%e3%81%ae%e6%bc%94%e7%bf%92\/\">imperativ<\/a> och villkorlig). Aspekt spelar en viktig roll i serbiska verb, eftersom det f\u00f6rmedlar om en handling ses som avslutad (perfektiv) eller p\u00e5g\u00e5ende (imperfektiv). M\u00e5nga verb kommer i par som anger de olika aspekterna, ofta genom anv\u00e4ndning av specifika prefix eller suffix.<\/p>\n\n\n\n<h3 class=\"wp-block-heading\" id=\"h-adjectives-adverbs-and-all-that-jazz\">Adjektiv, adverb och all den jazzen<\/h3>\n\n\n\n<p>Serbiska adjektiv \u00f6verensst\u00e4mmer med de substantiv de modifierar n\u00e4r det g\u00e4ller genus, numerus och kasus. De har ocks\u00e5 komparativa och superlativa former f\u00f6r att uttrycka olika grader av kvaliteter. Dessutom h\u00e4rstammar adverb ofta fr\u00e5n adjektiv och f\u00f6rmedlar olika betydelser som tid, s\u00e4tt, plats och grad.<\/p>\n\n\n\n<p>Det serbiska spr\u00e5ket har ocks\u00e5 en rad konjunktioner, prepositioner, siffror och partiklar som bidrar till spr\u00e5kets sk\u00f6nhet och hj\u00e4lper till att skapa komplexa, meningsfulla meningar.<\/p>\n\n\n\n<h3 class=\"wp-block-heading\" id=\"h-embracing-the-world-of-serbian-grammar\">Omfamna den serbiska grammatikens v\u00e4rld<\/h3>\n\n\n\n<p><a href=\"https:\/\/talkpal.ai\/learn-serbian\/\">Serbisk<\/a> grammatik kan verka \u00f6verv\u00e4ldigande vid f\u00f6rsta anblicken. Men n\u00e4r du dyker djupare in i dess rika landskap av fall, aspekter och spr\u00e5kliga egenheter kommer du att uppt\u00e4cka ett levande och uttrycksfullt spr\u00e5k. Att l\u00e4ra sig serbiska kommer inte bara att sk\u00e4rpa din f\u00f6rst\u00e5else f\u00f6r den slaviska spr\u00e5kfamiljen utan ocks\u00e5 hj\u00e4lpa dig att f\u00e5 kontakt med en f\u00e4ngslande historia och kultur.<\/p>\n\n\n\n<p>S\u00e5 varf\u00f6r inte anta utmaningen att utforska serbisk grammatik ytterligare? Med uth\u00e5llighet och passion kan du en dag finna dig sj\u00e4lv promenera genom Belgrads gator och delta i livliga samtal med lokalbefolkningen p\u00e5 deras modersm\u00e5l. Lycka till med l\u00e4randet!<\/p>\n<\/div><\/div>\n\r\n<section class=\"learnNavigationSection\">\r\n            \r\n        <a href=\"https:\/\/talkpal.ai\/sv\/lar-dig-serbiska\/\">\r\n            <div class=\"learnNavigationWrapper\">\r\n                <div class=\"learnNavigationContent\">\r\n                    <img decoding=\"async\" src=\"https:\/\/talkpal.ai\/wp-content\/uploads\/2024\/08\/Serbian.jpg\" alt=\"Serbian Flag\">\r\n                    <div>\r\n                        <h4>Om Serbien L\u00e4rande<\/h4>\r\n                        <p>Ta reda p\u00e5 allt om Serbiens grammatik.<\/p>\r\n                    <\/div>\r\n                <\/div>\r\n            <\/div>\r\n        <\/a>\r\n\r\n        \r\n        <a href=\"https:\/\/talkpal.ai\/sv\/serbiska-grammatikovningar\/\">\r\n            <div class=\"learnNavigationWrapper\">\r\n                <div class=\"learnNavigationContent\">\r\n                    <img decoding=\"async\" src=\"https:\/\/talkpal.ai\/wp-content\/uploads\/2024\/08\/Serbian.jpg\" alt=\"Serbian Flag\">\r\n                    <div>\r\n                        <h4>Serbisk grammatik \u00f6vning<\/h4>\r\n                        <p>\u00d6va serbisk grammatik.<\/p>\r\n                    <\/div>\r\n                <\/div>\r\n            <\/div>\r\n        <\/a>\r\n\r\n        \r\n        <a href=\"https:\/\/talkpal.ai\/vocabulary_language\/serbian\/\">\r\n            <div class=\"learnNavigationWrapper\">\r\n                <div class=\"learnNavigationContent\">\r\n                    <img decoding=\"async\" src=\"https:\/\/talkpal.ai\/wp-content\/uploads\/2024\/08\/Serbian.jpg\" alt=\"Serbian Flag\">\r\n                    <div>\r\n                        <h4>Serbisk vokabul\u00e4r<\/h4>\r\n                        <p>Ut\u00f6ka ditt serbiska ordf\u00f6rr\u00e5d.<\/p>\r\n                    <\/div>\r\n                <\/div>\r\n            <\/div>\r\n        <\/a>\r\n\r\n            <\/section>","protected":false},"excerpt":{"rendered":"<p>Serbisk grammatik: Att reda ut det sydslaviska spr\u00e5kets kr\u00e5ngligheter Anropar alla spr\u00e5kentusiaster och Balkan-aficionados! Har du n\u00e5gonsin funderat p\u00e5 att dyka in i den serbiska grammatikens v\u00e4rld? Serbiska, ett sydslaviskt spr\u00e5k, \u00e4r det officiella spr\u00e5ket i Serbien och ett av de officiella spr\u00e5ken i Bosnien och Hercegovina. Med cirka 9 miljoner modersm\u00e5lstalare delar detta sp\u00e4nnande [&hellip;]<\/p>\n","protected":false},"author":1,"featured_media":28629,"parent":0,"menu_order":0,"comment_status":"closed","ping_status":"closed","template":"LearningContentPage.php","meta":{"_acf_changed":false,"footnotes":""},"class_list":["post-149853","page","type-page","status-publish","has-post-thumbnail","hentry"],"acf":[],"yoast_head":"<!-- This site is optimized with the Yoast SEO Premium plugin v27.2 (Yoast SEO v27.2) - https:\/\/yoast.com\/product\/yoast-seo-premium-wordpress\/ -->\n<title>Serbisk grammatik - Talkpal<\/title>\n<meta name=\"description\" content=\"Utforska den serbiska grammatikens kr\u00e5ngligheter och uppt\u00e4ck de unika drag som skiljer den fr\u00e5n andra balkanspr\u00e5k.\" \/>\n<meta name=\"robots\" content=\"index, follow, max-snippet:-1, max-image-preview:large, max-video-preview:-1\" \/>\n<link rel=\"canonical\" href=\"https:\/\/talkpal.ai\/sv\/serbisk-grammatik\/\" \/>\n<meta property=\"og:locale\" content=\"sv_SE\" \/>\n<meta property=\"og:type\" content=\"article\" \/>\n<meta property=\"og:title\" content=\"Serbisk grammatik\" \/>\n<meta property=\"og:description\" content=\"Serbisk grammatik: Att reda ut det sydslaviska spr\u00e5kets kr\u00e5ngligheter Anropar alla spr\u00e5kentusiaster och Balkan-aficionados! Har du n\u00e5gonsin funderat p\u00e5\" \/>\n<meta property=\"og:url\" content=\"https:\/\/talkpal.ai\/sv\/serbisk-grammatik\/\" \/>\n<meta property=\"og:site_name\" content=\"Talkpal\" \/>\n<meta property=\"article:publisher\" content=\"https:\/\/www.facebook.com\/profile.php?id=100090733639311\" \/>\n<meta property=\"article:modified_time\" content=\"2025-12-17T15:36:09+00:00\" \/>\n<meta property=\"og:image\" content=\"https:\/\/talkpal.ai\/wp-content\/uploads\/2023\/05\/serbia.png\" \/>\n\t<meta property=\"og:image:width\" content=\"512\" \/>\n\t<meta property=\"og:image:height\" content=\"512\" \/>\n\t<meta property=\"og:image:type\" content=\"image\/png\" \/>\n<meta name=\"twitter:card\" content=\"summary_large_image\" \/>\n<meta name=\"twitter:site\" content=\"@talkpalai\" \/>\n<meta name=\"twitter:label1\" content=\"Ber\u00e4knad l\u00e4stid\" \/>\n\t<meta name=\"twitter:data1\" content=\"3 minuter\" \/>\n<script type=\"application\/ld+json\" class=\"yoast-schema-graph\">{\"@context\":\"https:\/\/schema.org\",\"@graph\":[{\"@type\":\"WebPage\",\"@id\":\"https:\/\/talkpal.ai\/sv\/serbisk-grammatik\/\",\"url\":\"https:\/\/talkpal.ai\/sv\/serbisk-grammatik\/\",\"name\":\"Serbisk grammatik - Talkpal\",\"isPartOf\":{\"@id\":\"https:\/\/talkpal.ai\/sv\/#website\"},\"primaryImageOfPage\":{\"@id\":\"https:\/\/talkpal.ai\/sv\/serbisk-grammatik\/#primaryimage\"},\"image\":{\"@id\":\"https:\/\/talkpal.ai\/sv\/serbisk-grammatik\/#primaryimage\"},\"thumbnailUrl\":\"https:\/\/talkpal.ai\/wp-content\/uploads\/2023\/05\/serbia.png\",\"datePublished\":\"2023-05-14T14:19:26+00:00\",\"dateModified\":\"2025-12-17T15:36:09+00:00\",\"description\":\"Utforska den serbiska grammatikens kr\u00e5ngligheter och uppt\u00e4ck de unika drag som skiljer den fr\u00e5n andra balkanspr\u00e5k.\",\"breadcrumb\":{\"@id\":\"https:\/\/talkpal.ai\/sv\/serbisk-grammatik\/#breadcrumb\"},\"inLanguage\":\"sv-SE\",\"potentialAction\":[{\"@type\":\"ReadAction\",\"target\":[\"https:\/\/talkpal.ai\/sv\/serbisk-grammatik\/\"]}]},{\"@type\":\"ImageObject\",\"inLanguage\":\"sv-SE\",\"@id\":\"https:\/\/talkpal.ai\/sv\/serbisk-grammatik\/#primaryimage\",\"url\":\"https:\/\/talkpal.ai\/wp-content\/uploads\/2023\/05\/serbia.png\",\"contentUrl\":\"https:\/\/talkpal.ai\/wp-content\/uploads\/2023\/05\/serbia.png\",\"width\":512,\"height\":512},{\"@type\":\"BreadcrumbList\",\"@id\":\"https:\/\/talkpal.ai\/sv\/serbisk-grammatik\/#breadcrumb\",\"itemListElement\":[{\"@type\":\"ListItem\",\"position\":1,\"name\":\"Homepage\",\"item\":\"https:\/\/talkpal.ai\/sv\/\"},{\"@type\":\"ListItem\",\"position\":2,\"name\":\"Serbisk grammatik\"}]},{\"@type\":\"WebSite\",\"@id\":\"https:\/\/talkpal.ai\/sv\/#website\",\"url\":\"https:\/\/talkpal.ai\/sv\/\",\"name\":\"Talkpal\",\"description\":\"AI Language Learning\",\"publisher\":{\"@id\":\"https:\/\/talkpal.ai\/sv\/#organization\"},\"alternateName\":\"Talkpal AI\",\"potentialAction\":[{\"@type\":\"SearchAction\",\"target\":{\"@type\":\"EntryPoint\",\"urlTemplate\":\"https:\/\/talkpal.ai\/sv\/?s={search_term_string}\"},\"query-input\":{\"@type\":\"PropertyValueSpecification\",\"valueRequired\":true,\"valueName\":\"search_term_string\"}}],\"inLanguage\":\"sv-SE\"},{\"@type\":\"Organization\",\"@id\":\"https:\/\/talkpal.ai\/sv\/#organization\",\"name\":\"Talkpal, Inc.\",\"alternateName\":\"Talkpal AI\",\"url\":\"https:\/\/talkpal.ai\/sv\/\",\"logo\":{\"@type\":\"ImageObject\",\"inLanguage\":\"sv-SE\",\"@id\":\"https:\/\/talkpal.ai\/sv\/#\/schema\/logo\/image\/\",\"url\":\"https:\/\/talkpal.ai\/wp-content\/uploads\/2024\/03\/Talkpal-Logo-Icon.png\",\"contentUrl\":\"https:\/\/talkpal.ai\/wp-content\/uploads\/2024\/03\/Talkpal-Logo-Icon.png\",\"width\":2880,\"height\":2880,\"caption\":\"Talkpal, Inc.\"},\"image\":{\"@id\":\"https:\/\/talkpal.ai\/sv\/#\/schema\/logo\/image\/\"},\"sameAs\":[\"https:\/\/www.facebook.com\/profile.php?id=100090733639311\",\"https:\/\/x.com\/talkpalai\",\"https:\/\/www.linkedin.com\/company\/talkpal\/\",\"https:\/\/www.youtube.com\/@TalkPal\/\",\"https:\/\/www.tiktok.com\/@talkpal\",\"https:\/\/www.instagram.com\/talkpal_ai\/\",\"https:\/\/www.crunchbase.com\/organization\/talkpal-9cde\",\"https:\/\/www.g2.com\/products\/talkpal-for-business\/\",\"https:\/\/www.trustpilot.com\/review\/talkpal.ai\",\"https:\/\/www.capterra.com\/p\/10006800\/TalkPal\/\"],\"description\":\"Talkpal is a language learning web and mobile education app, powered by the latest AI technologies, that provides engaging experiences to its customers in many different languages to help them improve their language skills. Users can chat about unlimited amount of topics with the app and use other modes to practice their language learning.\",\"email\":\"support@talkpal.ai\",\"legalName\":\"Talkpal, Inc.\",\"foundingDate\":\"2023-04-03\",\"duns\":\"118989042\",\"numberOfEmployees\":{\"@type\":\"QuantitativeValue\",\"minValue\":\"11\",\"maxValue\":\"50\"},\"publishingPrinciples\":\"https:\/\/talkpal.ai\/publishing-principles\/\",\"actionableFeedbackPolicy\":\"https:\/\/talkpal.ai\/actionable-feedback-policy\/\",\"correctionsPolicy\":\"https:\/\/talkpal.ai\/corrections-policy\/\",\"ethicsPolicy\":\"https:\/\/talkpal.ai\/ethics-policy\/\",\"diversityPolicy\":\"https:\/\/talkpal.ai\/diversity-policy\/\",\"diversityStaffingReport\":\"https:\/\/talkpal.ai\/diversity-policy\/\"}]}<\/script>\n<!-- \/ Yoast SEO Premium plugin. -->","yoast_head_json":{"title":"Serbisk grammatik - Talkpal","description":"Utforska den serbiska grammatikens kr\u00e5ngligheter och uppt\u00e4ck de unika drag som skiljer den fr\u00e5n andra balkanspr\u00e5k.","robots":{"index":"index","follow":"follow","max-snippet":"max-snippet:-1","max-image-preview":"max-image-preview:large","max-video-preview":"max-video-preview:-1"},"canonical":"https:\/\/talkpal.ai\/sv\/serbisk-grammatik\/","og_locale":"sv_SE","og_type":"article","og_title":"Serbisk grammatik","og_description":"Serbisk grammatik: Att reda ut det sydslaviska spr\u00e5kets kr\u00e5ngligheter Anropar alla spr\u00e5kentusiaster och Balkan-aficionados! Har du n\u00e5gonsin funderat p\u00e5","og_url":"https:\/\/talkpal.ai\/sv\/serbisk-grammatik\/","og_site_name":"Talkpal","article_publisher":"https:\/\/www.facebook.com\/profile.php?id=100090733639311","article_modified_time":"2025-12-17T15:36:09+00:00","og_image":[{"width":512,"height":512,"url":"https:\/\/talkpal.ai\/wp-content\/uploads\/2023\/05\/serbia.png","type":"image\/png"}],"twitter_card":"summary_large_image","twitter_site":"@talkpalai","twitter_misc":{"Ber\u00e4knad l\u00e4stid":"3 minuter"},"schema":{"@context":"https:\/\/schema.org","@graph":[{"@type":"WebPage","@id":"https:\/\/talkpal.ai\/sv\/serbisk-grammatik\/","url":"https:\/\/talkpal.ai\/sv\/serbisk-grammatik\/","name":"Serbisk grammatik - Talkpal","isPartOf":{"@id":"https:\/\/talkpal.ai\/sv\/#website"},"primaryImageOfPage":{"@id":"https:\/\/talkpal.ai\/sv\/serbisk-grammatik\/#primaryimage"},"image":{"@id":"https:\/\/talkpal.ai\/sv\/serbisk-grammatik\/#primaryimage"},"thumbnailUrl":"https:\/\/talkpal.ai\/wp-content\/uploads\/2023\/05\/serbia.png","datePublished":"2023-05-14T14:19:26+00:00","dateModified":"2025-12-17T15:36:09+00:00","description":"Utforska den serbiska grammatikens kr\u00e5ngligheter och uppt\u00e4ck de unika drag som skiljer den fr\u00e5n andra balkanspr\u00e5k.","breadcrumb":{"@id":"https:\/\/talkpal.ai\/sv\/serbisk-grammatik\/#breadcrumb"},"inLanguage":"sv-SE","potentialAction":[{"@type":"ReadAction","target":["https:\/\/talkpal.ai\/sv\/serbisk-grammatik\/"]}]},{"@type":"ImageObject","inLanguage":"sv-SE","@id":"https:\/\/talkpal.ai\/sv\/serbisk-grammatik\/#primaryimage","url":"https:\/\/talkpal.ai\/wp-content\/uploads\/2023\/05\/serbia.png","contentUrl":"https:\/\/talkpal.ai\/wp-content\/uploads\/2023\/05\/serbia.png","width":512,"height":512},{"@type":"BreadcrumbList","@id":"https:\/\/talkpal.ai\/sv\/serbisk-grammatik\/#breadcrumb","itemListElement":[{"@type":"ListItem","position":1,"name":"Homepage","item":"https:\/\/talkpal.ai\/sv\/"},{"@type":"ListItem","position":2,"name":"Serbisk grammatik"}]},{"@type":"WebSite","@id":"https:\/\/talkpal.ai\/sv\/#website","url":"https:\/\/talkpal.ai\/sv\/","name":"Talkpal","description":"AI Language Learning","publisher":{"@id":"https:\/\/talkpal.ai\/sv\/#organization"},"alternateName":"Talkpal AI","potentialAction":[{"@type":"SearchAction","target":{"@type":"EntryPoint","urlTemplate":"https:\/\/talkpal.ai\/sv\/?s={search_term_string}"},"query-input":{"@type":"PropertyValueSpecification","valueRequired":true,"valueName":"search_term_string"}}],"inLanguage":"sv-SE"},{"@type":"Organization","@id":"https:\/\/talkpal.ai\/sv\/#organization","name":"Talkpal, Inc.","alternateName":"Talkpal AI","url":"https:\/\/talkpal.ai\/sv\/","logo":{"@type":"ImageObject","inLanguage":"sv-SE","@id":"https:\/\/talkpal.ai\/sv\/#\/schema\/logo\/image\/","url":"https:\/\/talkpal.ai\/wp-content\/uploads\/2024\/03\/Talkpal-Logo-Icon.png","contentUrl":"https:\/\/talkpal.ai\/wp-content\/uploads\/2024\/03\/Talkpal-Logo-Icon.png","width":2880,"height":2880,"caption":"Talkpal, Inc."},"image":{"@id":"https:\/\/talkpal.ai\/sv\/#\/schema\/logo\/image\/"},"sameAs":["https:\/\/www.facebook.com\/profile.php?id=100090733639311","https:\/\/x.com\/talkpalai","https:\/\/www.linkedin.com\/company\/talkpal\/","https:\/\/www.youtube.com\/@TalkPal\/","https:\/\/www.tiktok.com\/@talkpal","https:\/\/www.instagram.com\/talkpal_ai\/","https:\/\/www.crunchbase.com\/organization\/talkpal-9cde","https:\/\/www.g2.com\/products\/talkpal-for-business\/","https:\/\/www.trustpilot.com\/review\/talkpal.ai","https:\/\/www.capterra.com\/p\/10006800\/TalkPal\/"],"description":"Talkpal is a language learning web and mobile education app, powered by the latest AI technologies, that provides engaging experiences to its customers in many different languages to help them improve their language skills. Users can chat about unlimited amount of topics with the app and use other modes to practice their language learning.","email":"support@talkpal.ai","legalName":"Talkpal, Inc.","foundingDate":"2023-04-03","duns":"118989042","numberOfEmployees":{"@type":"QuantitativeValue","minValue":"11","maxValue":"50"},"publishingPrinciples":"https:\/\/talkpal.ai\/publishing-principles\/","actionableFeedbackPolicy":"https:\/\/talkpal.ai\/actionable-feedback-policy\/","correctionsPolicy":"https:\/\/talkpal.ai\/corrections-policy\/","ethicsPolicy":"https:\/\/talkpal.ai\/ethics-policy\/","diversityPolicy":"https:\/\/talkpal.ai\/diversity-policy\/","diversityStaffingReport":"https:\/\/talkpal.ai\/diversity-policy\/"}]}},"_links":{"self":[{"href":"https:\/\/talkpal.ai\/sv\/wp-json\/wp\/v2\/pages\/149853","targetHints":{"allow":["GET"]}}],"collection":[{"href":"https:\/\/talkpal.ai\/sv\/wp-json\/wp\/v2\/pages"}],"about":[{"href":"https:\/\/talkpal.ai\/sv\/wp-json\/wp\/v2\/types\/page"}],"author":[{"embeddable":true,"href":"https:\/\/talkpal.ai\/sv\/wp-json\/wp\/v2\/users\/1"}],"replies":[{"embeddable":true,"href":"https:\/\/talkpal.ai\/sv\/wp-json\/wp\/v2\/comments?post=149853"}],"version-history":[{"count":0,"href":"https:\/\/talkpal.ai\/sv\/wp-json\/wp\/v2\/pages\/149853\/revisions"}],"wp:featuredmedia":[{"embeddable":true,"href":"https:\/\/talkpal.ai\/sv\/wp-json\/wp\/v2\/media\/28629"}],"wp:attachment":[{"href":"https:\/\/talkpal.ai\/sv\/wp-json\/wp\/v2\/media?parent=149853"}],"curies":[{"name":"wp","href":"https:\/\/api.w.org\/{rel}","templated":true}]}}