{"id":149384,"date":"2023-05-14T14:19:07","date_gmt":"2023-05-14T14:19:07","guid":{"rendered":"http:\/\/talkpal.ai\/rumansk-grammatik\/"},"modified":"2025-12-17T15:33:59","modified_gmt":"2025-12-17T15:33:59","slug":"rumansk-grammatik","status":"publish","type":"page","link":"https:\/\/talkpal.ai\/sv\/rumansk-grammatik\/","title":{"rendered":"Rum\u00e4nsk grammatik"},"content":{"rendered":"\r\n\r\n\r\n<section class=\"languageChallengeSection\">\r\n    <div class=\"languageInfoWrapper\">\r\n        \r\n        <h1>Rum\u00e4nsk grammatik<\/h1>\r\n        <p>Uppt\u00e4ck det <a href=\"https:\/\/talkpal.ai\/learn-romanian\/\">rum\u00e4nska<\/a> spr\u00e5kets sk\u00f6nhet genom att l\u00e4ra dig dess grundl\u00e4ggande grammatikregler. Om du beh\u00e4rskar den <a href=\"https:\/\/talkpal.ai\/learn-romanian\/\">rum\u00e4nska<\/a> grammatiken kan du kommunicera med sj\u00e4lvf\u00f6rtroende och knyta an till Rum\u00e4niens rika kultur och historia. B\u00f6rja studera <a href=\"https:\/\/talkpal.ai\/sv\/grammar\/kon-i-rumansk-grammatik\/\">rum\u00e4nsk grammatik<\/a> idag och ta ditt f\u00f6rsta steg mot flytande spr\u00e5k!<\/p>\r\n\r\n                            <a class=\"getStartedHidden\" href=\"https:\/\/app.talkpal.ai\/sv\/signup?lng=\">Kom ig\u00e5ng<\/a>\r\n        \r\n    <\/div>\r\n\r\n    <figure>\r\n    <img decoding=\"async\" width=\"768\" height=\"768\" src=\"https:\/\/talkpal.ai\/wp-content\/uploads\/2023\/06\/romanian-768x768.png\" class=\"languageImage no-lazy\" alt=\"Default alt text\" fetchpriority=\"high\" sizes=\"(max-width: 768px) 150px, 768px\" srcset=\"https:\/\/talkpal.ai\/wp-content\/uploads\/2023\/06\/romanian-768x768.png 768w, https:\/\/talkpal.ai\/wp-content\/uploads\/2023\/06\/romanian-300x300.png 300w\" \/>\r\n    \r\n\r\n    <\/figure>\r\n\r\n            <a class=\"getStartedVisible\" href=\"https:\/\/app.talkpal.ai\/sv\/signup?lng=\">Kom ig\u00e5ng<\/a>\r\n    \r\n<\/section>\r\n        <section class=\"grammarSection\">\r\n            <div class=\"grammarLinks\">\r\n                <a href=\"https:\/\/talkpal.ai\/sv\/language\/adjektiv-rumansk-grammatik\/\">Adjektiv <\/a><a href=\"https:\/\/talkpal.ai\/sv\/language\/adverb-rumansk-grammatik\/\">Adverb <\/a><a href=\"https:\/\/talkpal.ai\/sv\/language\/artiklar-rumansk-grammatik\/\">Artiklar <\/a><a href=\"https:\/\/talkpal.ai\/sv\/language\/jamforelse-av-tempus-rumansk-grammatik\/\">J\u00e4mf\u00f6relse av tempus <\/a><a href=\"https:\/\/talkpal.ai\/sv\/language\/konditionaler-rumansk-grammatik\/\">Konditionaler <\/a><a href=\"https:\/\/talkpal.ai\/sv\/language\/meningar-rumansk-grammatik\/\">Meningar <\/a><a href=\"https:\/\/talkpal.ai\/sv\/language\/perfect-progressive-rumansk-grammatik\/\">Perfect Progressive <\/a><a href=\"https:\/\/talkpal.ai\/sv\/language\/prepositioner-rumansk-grammatik\/\">Prepositioner <\/a><a href=\"https:\/\/talkpal.ai\/sv\/language\/progressiv-rumansk-grammatik\/\">Progressiv <\/a><a href=\"https:\/\/talkpal.ai\/sv\/language\/pronomen-bestamningar-rumansk-grammatik\/\">Pronomen\/best\u00e4mningar <\/a><a href=\"https:\/\/talkpal.ai\/sv\/language\/substantiv-rumansk-grammatik\/\">Substantiv <\/a><a href=\"https:\/\/talkpal.ai\/sv\/language\/tempus-rumansk-grammatik\/\">Tempus <\/a><a href=\"https:\/\/talkpal.ai\/sv\/language\/verb-rumansk-grammatik\/\">Verb <\/a>            <\/div>\r\n        <\/section>\r\n    <section class=\"promotionalBanner\">\r\n    <p class=\"promotionalText\">Det mest effektiva s\u00e4ttet att l\u00e4ra sig ett spr\u00e5k<\/p>\r\n    <a class=\"promotionalLink\" href=\"https:\/\/app.talkpal.ai\/sv\/signup?lng=\">Prova Talkpal gratis<\/a>\r\n<\/section>\n<div class=\"wp-block-group pageContainerStyle\"><div class=\"wp-block-group__inner-container is-layout-constrained wp-block-group-is-layout-constrained\">\n<h2 class=\"wp-block-heading\" id=\"h-unraveling-the-mysteries-of-romanian-grammar\">Att reda ut mysterierna i rum\u00e4nsk grammatik<\/h2>\n\n\n\n<p>Rum\u00e4nska, det enda romanska spr\u00e5ket som <a href=\"https:\/\/talkpal.ai\/locations\/language-courses-in-talas\/\">talas<\/a> i \u00d6steuropa, erbjuder en unik och intressant spr\u00e5klig resa. Rum\u00e4nien str\u00e4cker sig \u00f6ver kulturarvet i b\u00e5de den latinska och slaviska v\u00e4rlden och har en fascinerande historia och ett sp\u00e4nnande grammatiksystem att utforska. S\u00e5 oavsett om du \u00e4r en polyglott entusiast eller bara letar efter ett nytt spr\u00e5k\u00e4ventyr, sp\u00e4nn fast dig och g\u00f6r dig redo att utforska den rum\u00e4nska grammatikens sk\u00f6nhet!<\/p>\n\n\n\n<h3 class=\"wp-block-heading\" id=\"h-1-the-alphabet-a-familiar-friend-with-a-twist\">1. Alfabetet: En bekant v\u00e4n med en twist<\/h3>\n\n\n\n<p>Det rum\u00e4nska alfabetet \u00e4r baserat p\u00e5 det latinska alfabetet, som best\u00e5r av 31 bokst\u00e4ver. Lyckligtvis f\u00f6r <a href=\"https:\/\/talkpal.ai\/english-speaking-course\/\">engelsktalande<\/a> \u00e4r det ganska likt det <a href=\"https:\/\/talkpal.ai\/learn-english-with-ai\/\">engelska<\/a> alfabetet, med bara n\u00e5gra f\u00e5 extra tecken f\u00f6r att representera specifika rum\u00e4nska ljud. Med lite \u00f6vning blir det enkelt att beh\u00e4rska grunderna (som att stava ditt namn eller l\u00e4sa gatuskyltar).<\/p>\n\n\n\n<h3 class=\"wp-block-heading\" id=\"h-2-nouns-meet-cases-the-dynamic-duo\">2. Substantiv m\u00f6ter fall: Den dynamiska duon<\/h3>\n\n\n\n<p>Rum\u00e4nska substantiv delas in i tre genus (maskulinum, femininum och neutrum), och de \u00e4ndrar form beroende p\u00e5 grammatiskt kasus (nominativ, genitiv, dativ, ackusativ eller vokativ). \u00c4ven om detta kan verka skr\u00e4mmande till en b\u00f6rjan, ger detta system rum\u00e4nska en rikedom som m\u00f6jligg\u00f6r nyanser och kreativitet n\u00e4r du komponerar meningar, vilket g\u00f6r din spr\u00e5kliga resa \u00e4nnu mer givande.<\/p>\n\n\n\n<h3 class=\"wp-block-heading\" id=\"h-3-verbs-conjugating-your-way-to-success\">3. Verb: B\u00f6j dig till framg\u00e5ng<\/h3>\n\n\n\n<p><a href=\"https:\/\/talkpal.ai\/romanian-grammar-exercises\/\">Rum\u00e4nsk<\/a> verbb\u00f6jning, \u00e4ven om den \u00e4r n\u00e5got enklare \u00e4n substantivb\u00f6jning, \u00e4r fortfarande en m\u00e5ngfacetterad process. Verben \u00e4ndrar form beroende p\u00e5 tempus, st\u00e4mning, r\u00f6st samt subjektets person och nummer. Som ett finst\u00e4mt instrument kan rum\u00e4nska verb f\u00f6rmedla ett brett spektrum av handlingar, k\u00e4nslor och avsikter, vilket m\u00f6jligg\u00f6r b\u00e5de exakta och poetiska uttryck.<\/p>\n\n\n\n<h3 class=\"wp-block-heading\" id=\"h-4-flexible-word-order-shuffle-the-sentences\">4. Flexibel ordf\u00f6ljd: Blanda meningarna<\/h3>\n\n\n\n<p>Rum\u00e4nska \u00e4r ganska flexibel n\u00e4r det g\u00e4ller ordf\u00f6ljd, vilket g\u00f6r att du kan ordna subjekt, verb och objekt p\u00e5 olika s\u00e4tt utan att kompromissa med betydelsen. Denna flexibilitet kan l\u00e4gga till betoning, skapa kontraster eller helt enkelt g\u00f6ra talet mer engagerande. N\u00e4r du blir b\u00e4ttre p\u00e5 rum\u00e4nska kommer du att tycka att det \u00e4r roligt att experimentera med olika s\u00e4tt att s\u00e4ga samma sak och hitta den perfekta tonen f\u00f6r varje situation.<\/p>\n\n\n\n<h3 class=\"wp-block-heading\" id=\"h-5-wading-deeper-language-through-culture\">5. Vada djupare: Spr\u00e5k genom kultur<\/h3>\n\n\n\n<p>F\u00f6r att verkligen uppskatta rum\u00e4nska m\u00e5ste du dyka djupare in i kulturen, historien och tankes\u00e4ttet som formade spr\u00e5ket. Engagera dig med modersm\u00e5lstalare, utforska <a href=\"https:\/\/talkpal.ai\/romanian-grammar-exercises\/\">rum\u00e4nsk<\/a> litteratur och f\u00f6rdjupa dig i lokala seder och traditioner. P\u00e5 s\u00e5 s\u00e4tt kommer du inte bara att f\u00f6rb\u00e4ttra dina spr\u00e5kkunskaper utan ocks\u00e5 uppt\u00e4cka den rum\u00e4nska kulturens m\u00e5ngfacetterade sk\u00f6nhet.<\/p>\n\n\n\n<h3 class=\"wp-block-heading\" id=\"h-in-conclusion-embrace-the-magic-of-romanian-grammar\">Sammanfattningsvis: Omfamna magin i rum\u00e4nsk grammatik<\/h3>\n\n\n\n<p>Rum\u00e4nsk grammatik kan verka som en g\u00e5ta till en b\u00f6rjan, men med tid, t\u00e5lamod och ett stort intresse f\u00f6r spr\u00e5ket kommer du att avsl\u00f6ja hemligheterna i denna anm\u00e4rkningsv\u00e4rda spr\u00e5kskatt. S\u00e5 varf\u00f6r v\u00e4nta? B\u00f6rja din rum\u00e4nska spr\u00e5kresa idag och sola dig i sk\u00f6nheten i dess grammatik, dess kultur och den f\u00e4ngslande v\u00e4rld som den \u00f6ppnar upp f\u00f6r dig.<\/p>\n<\/div><\/div>\n\r\n<section class=\"learnNavigationSection\">\r\n            \r\n        <a href=\"https:\/\/talkpal.ai\/sv\/lar-dig-rumanska\/\">\r\n            <div class=\"learnNavigationWrapper\">\r\n                <div class=\"learnNavigationContent\">\r\n                    <img decoding=\"async\" src=\"https:\/\/talkpal.ai\/wp-content\/uploads\/2024\/08\/Romanian.jpg\" alt=\"Romanian Flag\">\r\n                    <div>\r\n                        <h4>Om rum\u00e4nsk inl\u00e4rning<\/h4>\r\n                        <p>Ta reda p\u00e5 allt om rum\u00e4nsk grammatik.<\/p>\r\n                    <\/div>\r\n                <\/div>\r\n            <\/div>\r\n        <\/a>\r\n\r\n        \r\n        <a href=\"https:\/\/talkpal.ai\/sv\/rumanska-grammatikovningar\/\">\r\n            <div class=\"learnNavigationWrapper\">\r\n                <div class=\"learnNavigationContent\">\r\n                    <img decoding=\"async\" src=\"https:\/\/talkpal.ai\/wp-content\/uploads\/2024\/08\/Romanian.jpg\" alt=\"Romanian Flag\">\r\n                    <div>\r\n                        <h4>Rum\u00e4nsk grammatik \u00f6vning<\/h4>\r\n                        <p>\u00d6va rum\u00e4nsk grammatik.<\/p>\r\n                    <\/div>\r\n                <\/div>\r\n            <\/div>\r\n        <\/a>\r\n\r\n        \r\n        <a href=\"https:\/\/talkpal.ai\/vocabulary_language\/romanian\/\">\r\n            <div class=\"learnNavigationWrapper\">\r\n                <div class=\"learnNavigationContent\">\r\n                    <img decoding=\"async\" src=\"https:\/\/talkpal.ai\/wp-content\/uploads\/2024\/08\/Romanian.jpg\" alt=\"Romanian Flag\">\r\n                    <div>\r\n                        <h4>Rum\u00e4nsk vokabul\u00e4r<\/h4>\r\n                        <p>Ut\u00f6ka ditt rum\u00e4nska ordf\u00f6rr\u00e5d.<\/p>\r\n                    <\/div>\r\n                <\/div>\r\n            <\/div>\r\n        <\/a>\r\n\r\n            <\/section>","protected":false},"excerpt":{"rendered":"<p>Att reda ut mysterierna i rum\u00e4nsk grammatik Rum\u00e4nska, det enda romanska spr\u00e5ket som talas i \u00d6steuropa, erbjuder en unik och intressant spr\u00e5klig resa. Rum\u00e4nien str\u00e4cker sig \u00f6ver kulturarvet i b\u00e5de den latinska och slaviska v\u00e4rlden och har en fascinerande historia och ett sp\u00e4nnande grammatiksystem att utforska. S\u00e5 oavsett om du \u00e4r en polyglott entusiast eller [&hellip;]<\/p>\n","protected":false},"author":1,"featured_media":28613,"parent":0,"menu_order":0,"comment_status":"closed","ping_status":"closed","template":"LearningContentPage.php","meta":{"_acf_changed":false,"footnotes":""},"class_list":["post-149384","page","type-page","status-publish","has-post-thumbnail","hentry"],"acf":[],"yoast_head":"<!-- This site is optimized with the Yoast SEO Premium plugin v27.2 (Yoast SEO v27.2) - https:\/\/yoast.com\/product\/yoast-seo-premium-wordpress\/ -->\n<title>Rum\u00e4nsk grammatik - Talkpal<\/title>\n<meta name=\"description\" content=\"Utforska den fascinerande v\u00e4rlden av rum\u00e4nsk grammatik och uppt\u00e4ck de unika egenskaperna hos detta vackra romanska spr\u00e5k.\" \/>\n<meta name=\"robots\" content=\"index, follow, max-snippet:-1, max-image-preview:large, max-video-preview:-1\" \/>\n<link rel=\"canonical\" href=\"https:\/\/talkpal.ai\/sv\/rumansk-grammatik\/\" \/>\n<meta property=\"og:locale\" content=\"sv_SE\" \/>\n<meta property=\"og:type\" content=\"article\" \/>\n<meta property=\"og:title\" content=\"Rum\u00e4nsk grammatik\" \/>\n<meta property=\"og:description\" content=\"Att reda ut mysterierna i rum\u00e4nsk grammatik Rum\u00e4nska, det enda romanska spr\u00e5ket som talas i \u00d6steuropa, erbjuder en unik och intressant spr\u00e5klig resa.\" \/>\n<meta property=\"og:url\" content=\"https:\/\/talkpal.ai\/sv\/rumansk-grammatik\/\" \/>\n<meta property=\"og:site_name\" content=\"Talkpal\" \/>\n<meta property=\"article:publisher\" content=\"https:\/\/www.facebook.com\/profile.php?id=100090733639311\" \/>\n<meta property=\"article:modified_time\" content=\"2025-12-17T15:33:59+00:00\" \/>\n<meta property=\"og:image\" content=\"https:\/\/talkpal.ai\/wp-content\/uploads\/2023\/05\/romania.png\" \/>\n\t<meta property=\"og:image:width\" content=\"512\" \/>\n\t<meta property=\"og:image:height\" content=\"512\" \/>\n\t<meta property=\"og:image:type\" content=\"image\/png\" \/>\n<meta name=\"twitter:card\" content=\"summary_large_image\" \/>\n<meta name=\"twitter:site\" content=\"@talkpalai\" \/>\n<meta name=\"twitter:label1\" content=\"Ber\u00e4knad l\u00e4stid\" \/>\n\t<meta name=\"twitter:data1\" content=\"3 minuter\" \/>\n<script type=\"application\/ld+json\" class=\"yoast-schema-graph\">{\"@context\":\"https:\/\/schema.org\",\"@graph\":[{\"@type\":\"WebPage\",\"@id\":\"https:\/\/talkpal.ai\/sv\/rumansk-grammatik\/\",\"url\":\"https:\/\/talkpal.ai\/sv\/rumansk-grammatik\/\",\"name\":\"Rum\u00e4nsk grammatik - Talkpal\",\"isPartOf\":{\"@id\":\"https:\/\/talkpal.ai\/sv\/#website\"},\"primaryImageOfPage\":{\"@id\":\"https:\/\/talkpal.ai\/sv\/rumansk-grammatik\/#primaryimage\"},\"image\":{\"@id\":\"https:\/\/talkpal.ai\/sv\/rumansk-grammatik\/#primaryimage\"},\"thumbnailUrl\":\"https:\/\/talkpal.ai\/wp-content\/uploads\/2023\/05\/romania.png\",\"datePublished\":\"2023-05-14T14:19:07+00:00\",\"dateModified\":\"2025-12-17T15:33:59+00:00\",\"description\":\"Utforska den fascinerande v\u00e4rlden av rum\u00e4nsk grammatik och uppt\u00e4ck de unika egenskaperna hos detta vackra romanska spr\u00e5k.\",\"breadcrumb\":{\"@id\":\"https:\/\/talkpal.ai\/sv\/rumansk-grammatik\/#breadcrumb\"},\"inLanguage\":\"sv-SE\",\"potentialAction\":[{\"@type\":\"ReadAction\",\"target\":[\"https:\/\/talkpal.ai\/sv\/rumansk-grammatik\/\"]}]},{\"@type\":\"ImageObject\",\"inLanguage\":\"sv-SE\",\"@id\":\"https:\/\/talkpal.ai\/sv\/rumansk-grammatik\/#primaryimage\",\"url\":\"https:\/\/talkpal.ai\/wp-content\/uploads\/2023\/05\/romania.png\",\"contentUrl\":\"https:\/\/talkpal.ai\/wp-content\/uploads\/2023\/05\/romania.png\",\"width\":512,\"height\":512},{\"@type\":\"BreadcrumbList\",\"@id\":\"https:\/\/talkpal.ai\/sv\/rumansk-grammatik\/#breadcrumb\",\"itemListElement\":[{\"@type\":\"ListItem\",\"position\":1,\"name\":\"Homepage\",\"item\":\"https:\/\/talkpal.ai\/sv\/\"},{\"@type\":\"ListItem\",\"position\":2,\"name\":\"Rum\u00e4nsk grammatik\"}]},{\"@type\":\"WebSite\",\"@id\":\"https:\/\/talkpal.ai\/sv\/#website\",\"url\":\"https:\/\/talkpal.ai\/sv\/\",\"name\":\"Talkpal\",\"description\":\"AI Language Learning\",\"publisher\":{\"@id\":\"https:\/\/talkpal.ai\/sv\/#organization\"},\"alternateName\":\"Talkpal AI\",\"potentialAction\":[{\"@type\":\"SearchAction\",\"target\":{\"@type\":\"EntryPoint\",\"urlTemplate\":\"https:\/\/talkpal.ai\/sv\/?s={search_term_string}\"},\"query-input\":{\"@type\":\"PropertyValueSpecification\",\"valueRequired\":true,\"valueName\":\"search_term_string\"}}],\"inLanguage\":\"sv-SE\"},{\"@type\":\"Organization\",\"@id\":\"https:\/\/talkpal.ai\/sv\/#organization\",\"name\":\"Talkpal, Inc.\",\"alternateName\":\"Talkpal AI\",\"url\":\"https:\/\/talkpal.ai\/sv\/\",\"logo\":{\"@type\":\"ImageObject\",\"inLanguage\":\"sv-SE\",\"@id\":\"https:\/\/talkpal.ai\/sv\/#\/schema\/logo\/image\/\",\"url\":\"https:\/\/talkpal.ai\/wp-content\/uploads\/2024\/03\/Talkpal-Logo-Icon.png\",\"contentUrl\":\"https:\/\/talkpal.ai\/wp-content\/uploads\/2024\/03\/Talkpal-Logo-Icon.png\",\"width\":2880,\"height\":2880,\"caption\":\"Talkpal, Inc.\"},\"image\":{\"@id\":\"https:\/\/talkpal.ai\/sv\/#\/schema\/logo\/image\/\"},\"sameAs\":[\"https:\/\/www.facebook.com\/profile.php?id=100090733639311\",\"https:\/\/x.com\/talkpalai\",\"https:\/\/www.linkedin.com\/company\/talkpal\/\",\"https:\/\/www.youtube.com\/@TalkPal\/\",\"https:\/\/www.tiktok.com\/@talkpal\",\"https:\/\/www.instagram.com\/talkpal_ai\/\",\"https:\/\/www.crunchbase.com\/organization\/talkpal-9cde\",\"https:\/\/www.g2.com\/products\/talkpal-for-business\/\",\"https:\/\/www.trustpilot.com\/review\/talkpal.ai\",\"https:\/\/www.capterra.com\/p\/10006800\/TalkPal\/\"],\"description\":\"Talkpal is a language learning web and mobile education app, powered by the latest AI technologies, that provides engaging experiences to its customers in many different languages to help them improve their language skills. Users can chat about unlimited amount of topics with the app and use other modes to practice their language learning.\",\"email\":\"support@talkpal.ai\",\"legalName\":\"Talkpal, Inc.\",\"foundingDate\":\"2023-04-03\",\"duns\":\"118989042\",\"numberOfEmployees\":{\"@type\":\"QuantitativeValue\",\"minValue\":\"11\",\"maxValue\":\"50\"},\"publishingPrinciples\":\"https:\/\/talkpal.ai\/publishing-principles\/\",\"actionableFeedbackPolicy\":\"https:\/\/talkpal.ai\/actionable-feedback-policy\/\",\"correctionsPolicy\":\"https:\/\/talkpal.ai\/corrections-policy\/\",\"ethicsPolicy\":\"https:\/\/talkpal.ai\/ethics-policy\/\",\"diversityPolicy\":\"https:\/\/talkpal.ai\/diversity-policy\/\",\"diversityStaffingReport\":\"https:\/\/talkpal.ai\/diversity-policy\/\"}]}<\/script>\n<!-- \/ Yoast SEO Premium plugin. -->","yoast_head_json":{"title":"Rum\u00e4nsk grammatik - Talkpal","description":"Utforska den fascinerande v\u00e4rlden av rum\u00e4nsk grammatik och uppt\u00e4ck de unika egenskaperna hos detta vackra romanska spr\u00e5k.","robots":{"index":"index","follow":"follow","max-snippet":"max-snippet:-1","max-image-preview":"max-image-preview:large","max-video-preview":"max-video-preview:-1"},"canonical":"https:\/\/talkpal.ai\/sv\/rumansk-grammatik\/","og_locale":"sv_SE","og_type":"article","og_title":"Rum\u00e4nsk grammatik","og_description":"Att reda ut mysterierna i rum\u00e4nsk grammatik Rum\u00e4nska, det enda romanska spr\u00e5ket som talas i \u00d6steuropa, erbjuder en unik och intressant spr\u00e5klig resa.","og_url":"https:\/\/talkpal.ai\/sv\/rumansk-grammatik\/","og_site_name":"Talkpal","article_publisher":"https:\/\/www.facebook.com\/profile.php?id=100090733639311","article_modified_time":"2025-12-17T15:33:59+00:00","og_image":[{"width":512,"height":512,"url":"https:\/\/talkpal.ai\/wp-content\/uploads\/2023\/05\/romania.png","type":"image\/png"}],"twitter_card":"summary_large_image","twitter_site":"@talkpalai","twitter_misc":{"Ber\u00e4knad l\u00e4stid":"3 minuter"},"schema":{"@context":"https:\/\/schema.org","@graph":[{"@type":"WebPage","@id":"https:\/\/talkpal.ai\/sv\/rumansk-grammatik\/","url":"https:\/\/talkpal.ai\/sv\/rumansk-grammatik\/","name":"Rum\u00e4nsk grammatik - Talkpal","isPartOf":{"@id":"https:\/\/talkpal.ai\/sv\/#website"},"primaryImageOfPage":{"@id":"https:\/\/talkpal.ai\/sv\/rumansk-grammatik\/#primaryimage"},"image":{"@id":"https:\/\/talkpal.ai\/sv\/rumansk-grammatik\/#primaryimage"},"thumbnailUrl":"https:\/\/talkpal.ai\/wp-content\/uploads\/2023\/05\/romania.png","datePublished":"2023-05-14T14:19:07+00:00","dateModified":"2025-12-17T15:33:59+00:00","description":"Utforska den fascinerande v\u00e4rlden av rum\u00e4nsk grammatik och uppt\u00e4ck de unika egenskaperna hos detta vackra romanska spr\u00e5k.","breadcrumb":{"@id":"https:\/\/talkpal.ai\/sv\/rumansk-grammatik\/#breadcrumb"},"inLanguage":"sv-SE","potentialAction":[{"@type":"ReadAction","target":["https:\/\/talkpal.ai\/sv\/rumansk-grammatik\/"]}]},{"@type":"ImageObject","inLanguage":"sv-SE","@id":"https:\/\/talkpal.ai\/sv\/rumansk-grammatik\/#primaryimage","url":"https:\/\/talkpal.ai\/wp-content\/uploads\/2023\/05\/romania.png","contentUrl":"https:\/\/talkpal.ai\/wp-content\/uploads\/2023\/05\/romania.png","width":512,"height":512},{"@type":"BreadcrumbList","@id":"https:\/\/talkpal.ai\/sv\/rumansk-grammatik\/#breadcrumb","itemListElement":[{"@type":"ListItem","position":1,"name":"Homepage","item":"https:\/\/talkpal.ai\/sv\/"},{"@type":"ListItem","position":2,"name":"Rum\u00e4nsk grammatik"}]},{"@type":"WebSite","@id":"https:\/\/talkpal.ai\/sv\/#website","url":"https:\/\/talkpal.ai\/sv\/","name":"Talkpal","description":"AI Language Learning","publisher":{"@id":"https:\/\/talkpal.ai\/sv\/#organization"},"alternateName":"Talkpal AI","potentialAction":[{"@type":"SearchAction","target":{"@type":"EntryPoint","urlTemplate":"https:\/\/talkpal.ai\/sv\/?s={search_term_string}"},"query-input":{"@type":"PropertyValueSpecification","valueRequired":true,"valueName":"search_term_string"}}],"inLanguage":"sv-SE"},{"@type":"Organization","@id":"https:\/\/talkpal.ai\/sv\/#organization","name":"Talkpal, Inc.","alternateName":"Talkpal AI","url":"https:\/\/talkpal.ai\/sv\/","logo":{"@type":"ImageObject","inLanguage":"sv-SE","@id":"https:\/\/talkpal.ai\/sv\/#\/schema\/logo\/image\/","url":"https:\/\/talkpal.ai\/wp-content\/uploads\/2024\/03\/Talkpal-Logo-Icon.png","contentUrl":"https:\/\/talkpal.ai\/wp-content\/uploads\/2024\/03\/Talkpal-Logo-Icon.png","width":2880,"height":2880,"caption":"Talkpal, Inc."},"image":{"@id":"https:\/\/talkpal.ai\/sv\/#\/schema\/logo\/image\/"},"sameAs":["https:\/\/www.facebook.com\/profile.php?id=100090733639311","https:\/\/x.com\/talkpalai","https:\/\/www.linkedin.com\/company\/talkpal\/","https:\/\/www.youtube.com\/@TalkPal\/","https:\/\/www.tiktok.com\/@talkpal","https:\/\/www.instagram.com\/talkpal_ai\/","https:\/\/www.crunchbase.com\/organization\/talkpal-9cde","https:\/\/www.g2.com\/products\/talkpal-for-business\/","https:\/\/www.trustpilot.com\/review\/talkpal.ai","https:\/\/www.capterra.com\/p\/10006800\/TalkPal\/"],"description":"Talkpal is a language learning web and mobile education app, powered by the latest AI technologies, that provides engaging experiences to its customers in many different languages to help them improve their language skills. Users can chat about unlimited amount of topics with the app and use other modes to practice their language learning.","email":"support@talkpal.ai","legalName":"Talkpal, Inc.","foundingDate":"2023-04-03","duns":"118989042","numberOfEmployees":{"@type":"QuantitativeValue","minValue":"11","maxValue":"50"},"publishingPrinciples":"https:\/\/talkpal.ai\/publishing-principles\/","actionableFeedbackPolicy":"https:\/\/talkpal.ai\/actionable-feedback-policy\/","correctionsPolicy":"https:\/\/talkpal.ai\/corrections-policy\/","ethicsPolicy":"https:\/\/talkpal.ai\/ethics-policy\/","diversityPolicy":"https:\/\/talkpal.ai\/diversity-policy\/","diversityStaffingReport":"https:\/\/talkpal.ai\/diversity-policy\/"}]}},"_links":{"self":[{"href":"https:\/\/talkpal.ai\/sv\/wp-json\/wp\/v2\/pages\/149384","targetHints":{"allow":["GET"]}}],"collection":[{"href":"https:\/\/talkpal.ai\/sv\/wp-json\/wp\/v2\/pages"}],"about":[{"href":"https:\/\/talkpal.ai\/sv\/wp-json\/wp\/v2\/types\/page"}],"author":[{"embeddable":true,"href":"https:\/\/talkpal.ai\/sv\/wp-json\/wp\/v2\/users\/1"}],"replies":[{"embeddable":true,"href":"https:\/\/talkpal.ai\/sv\/wp-json\/wp\/v2\/comments?post=149384"}],"version-history":[{"count":0,"href":"https:\/\/talkpal.ai\/sv\/wp-json\/wp\/v2\/pages\/149384\/revisions"}],"wp:featuredmedia":[{"embeddable":true,"href":"https:\/\/talkpal.ai\/sv\/wp-json\/wp\/v2\/media\/28613"}],"wp:attachment":[{"href":"https:\/\/talkpal.ai\/sv\/wp-json\/wp\/v2\/media?parent=149384"}],"curies":[{"name":"wp","href":"https:\/\/api.w.org\/{rel}","templated":true}]}}