{"id":148409,"date":"2023-05-14T14:13:06","date_gmt":"2023-05-14T14:13:06","guid":{"rendered":"http:\/\/talkpal.ai\/norsk-grammatik\/"},"modified":"2025-12-17T17:01:28","modified_gmt":"2025-12-17T17:01:28","slug":"norsk-grammatik","status":"publish","type":"page","link":"https:\/\/talkpal.ai\/sv\/norsk-grammatik\/","title":{"rendered":"Norsk grammatik"},"content":{"rendered":"\r\n\r\n\r\n<section class=\"languageChallengeSection\">\r\n    <div class=\"languageInfoWrapper\">\r\n        \r\n        <h1>Norsk grammatik<\/h1>\r\n        <p>Uppt\u00e4ck grunderna i <a href=\"https:\/\/talkpal.ai\/norwegian-grammar\/\">norsk grammatik<\/a> och f\u00e5 m\u00f6jlighet att kommunicera med sj\u00e4lvf\u00f6rtroende p\u00e5 ett av Skandinaviens vackraste spr\u00e5k. Att f\u00f6rst\u00e5 <a href=\"https:\/\/talkpal.ai\/learn-norwegian\/\">norsk<\/a> <a href=\"https:\/\/talkpal.ai\/fr\/les\/\">grammatik<\/a> \u00f6ppnar d\u00f6rrar till nya kulturella upplevelser och meningsfulla samtal. B\u00f6rja l\u00e4ra dig norsk grammatik idag och ta ditt f\u00f6rsta steg mot flytande spr\u00e5k!<\/p>\r\n\r\n                            <a class=\"getStartedHidden\" href=\"https:\/\/app.talkpal.ai\/sv\/signup?lng=\">Kom ig\u00e5ng<\/a>\r\n        \r\n    <\/div>\r\n\r\n    <figure>\r\n    <img decoding=\"async\" width=\"768\" height=\"768\" src=\"https:\/\/talkpal.ai\/wp-content\/uploads\/2023\/06\/norwegian-768x768.png\" class=\"languageImage no-lazy\" alt=\"Default alt text\" fetchpriority=\"high\" sizes=\"(max-width: 768px) 150px, 768px\" srcset=\"https:\/\/talkpal.ai\/wp-content\/uploads\/2023\/06\/norwegian-768x768.png 768w, https:\/\/talkpal.ai\/wp-content\/uploads\/2023\/06\/norwegian-300x300.png 300w\" \/>\r\n    \r\n\r\n    <\/figure>\r\n\r\n            <a class=\"getStartedVisible\" href=\"https:\/\/app.talkpal.ai\/sv\/signup?lng=\">Kom ig\u00e5ng<\/a>\r\n    \r\n<\/section>\r\n        <section class=\"grammarSection\">\r\n            <div class=\"grammarLinks\">\r\n                <a href=\"https:\/\/talkpal.ai\/sv\/language\/adjektiv-norsk-grammatik\/\">Adjektiv <\/a><a href=\"https:\/\/talkpal.ai\/sv\/language\/adverb-norsk-grammatik\/\">Adverb <\/a><a href=\"https:\/\/talkpal.ai\/sv\/language\/artiklar-norsk-grammatik\/\">Artiklar <\/a><a href=\"https:\/\/talkpal.ai\/sv\/language\/jamforelse-av-tempus-norsk-grammatik\/\">J\u00e4mf\u00f6relse av tempus <\/a><a href=\"https:\/\/talkpal.ai\/sv\/language\/konditionaler-norsk-grammatik\/\">Konditionaler <\/a><a href=\"https:\/\/talkpal.ai\/sv\/language\/meningar-norsk-grammatik\/\">Meningar <\/a><a href=\"https:\/\/talkpal.ai\/sv\/language\/perfect-progressive-norsk-grammatik\/\">Perfect Progressive <\/a><a href=\"https:\/\/talkpal.ai\/sv\/language\/prepositioner-norsk-grammatik\/\">Prepositioner <\/a><a href=\"https:\/\/talkpal.ai\/sv\/language\/progressiv-norsk-grammatik\/\">Progressiv <\/a><a href=\"https:\/\/talkpal.ai\/sv\/language\/pronomen-bestamningsfaktorer-norsk-grammatik\/\">Pronomen\/best\u00e4mningsfaktorer <\/a><a href=\"https:\/\/talkpal.ai\/sv\/language\/substantiv-norsk-grammatik\/\">Substantiv <\/a><a href=\"https:\/\/talkpal.ai\/sv\/language\/tempus-norsk-grammatik\/\">Tempus <\/a><a href=\"https:\/\/talkpal.ai\/sv\/language\/verb-norsk-grammatik\/\">Verb <\/a>            <\/div>\r\n        <\/section>\r\n    <section class=\"promotionalBanner\">\r\n    <p class=\"promotionalText\">Det mest effektiva s\u00e4ttet att l\u00e4ra sig ett spr\u00e5k<\/p>\r\n    <a class=\"promotionalLink\" href=\"https:\/\/app.talkpal.ai\/sv\/signup?lng=\">Prova Talkpal gratis<\/a>\r\n<\/section>\n<div class=\"wp-block-group pageContainerStyle\"><div class=\"wp-block-group__inner-container is-layout-constrained wp-block-group-is-layout-constrained\">\n<h2 class=\"wp-block-heading\" id=\"h-dive-into-norwegian-grammar-a-comprehensive-guide\">Dyk ner i norsk grammatik: En omfattande guide<\/h2>\n\n\n\n<p><a href=\"https:\/\/talkpal.ai\/learn-norwegian\/\">Norska<\/a>, ett fascinerande och uttrycksfullt spr\u00e5k, erbjuder en unik m\u00f6jlighet f\u00f6r spr\u00e5kinl\u00e4rare att utforska Norges rika kulturella och historiska arv. Den goda nyheten \u00e4r att norsk grammatik har vissa likheter med engelskan, vilket g\u00f6r det till ett tillg\u00e4ngligt spr\u00e5k att l\u00e4ra sig. <a href=\"https:\/\/talkpal.ai\/culture\/how-do-i-use-den-har-and-det-har\/\">Den h\u00e4r<\/a> artikeln kommer att guida dig genom de viktigaste aspekterna av norsk grammatik, se till att du bygger en stark grund och f\u00f6rst\u00e5r spr\u00e5ket med sj\u00e4lvf\u00f6rtroende.<\/p>\n\n\n\n<h3 class=\"wp-block-heading\" id=\"h-1-embracing-norwegian-nouns-and-articles\">1. Att anamma norska substantiv och artiklar<\/h3>\n\n\n\n<p>Norska substantiv, liksom deras <a href=\"https:\/\/talkpal.ai\/learn-english-with-ai\/\">engelska<\/a> motsvarigheter, representerar m\u00e4nniskor, platser, saker eller id\u00e9er. De klassificeras i tre k\u00f6n: maskulinum, feminin och neutrum. K\u00f6nstillh\u00f6righeten \u00e4r avg\u00f6rande f\u00f6r substantivets \u00e4ndelser och vilka artiklar det ska paras ihop med.<\/p>\n\n\n\n<p><a href=\"https:\/\/talkpal.ai\/culture\/how-do-i-use-det-finns-correctly\/\">Det finns<\/a> tv\u00e5 typer av artiklar p\u00e5 norska: best\u00e4md och obest\u00e4md artikel. Best\u00e4mda artiklar visas som suffix i slutet av substantiv, medan obest\u00e4mda artiklar \u00e4r separata ord som f\u00f6reg\u00e5r substantiv. Artiklar m\u00e5ste \u00f6verensst\u00e4mma med substantiv i genus och numerus.<\/p>\n\n\n\n<p><strong>&#8211; Definita artiklar: -en (maskulinum), -a (femininum), -et (neutrum)<\/strong><\/p>\n\n\n\n<p><strong>&#8211; Obest\u00e4mda artiklar: en (maskulinum), ei (femininum), et (neutrum)<\/strong><\/p>\n\n\n\n<h3 class=\"wp-block-heading\" id=\"h-2-mastering-norwegian-verbs-conjugation-and-tenses\">2. Att beh\u00e4rska norska verb: konjugation och tempus<\/h3>\n\n\n\n<p>Norska verb \u00e4r relativt l\u00e4tta att l\u00e4ra sig, eftersom de har f\u00e4rre b\u00f6jningar \u00e4n m\u00e5nga andra spr\u00e5k. Verb b\u00f6js efter tempus och modus. Norska verb \u00e4r i huvudsak indelade i fyra grupper, var och en med sitt b\u00f6jningsm\u00f6nster. Den goda nyheten \u00e4r dock att norska verb, till skillnad fr\u00e5n m\u00e5nga andra spr\u00e5k, inte \u00e4ndrar sin form baserat p\u00e5 subjekt eller numerus.<\/p>\n\n\n\n<p>Norska har f\u00e4rre tempus \u00e4n engelska, med bara tre tempus: presens, f\u00f6rfluten tid och preteritum perfekt. Presens anv\u00e4nds f\u00f6r att uttrycka nutid och framtida h\u00e4ndelser, medan d\u00e5tid betecknar slutf\u00f6rda handlingar, och preteritum perfekt indikerar upplevelse eller tillst\u00e5nd som intr\u00e4ffade f\u00f6re en viss punkt i det f\u00f6rflutna.<\/p>\n\n\n\n<h3 class=\"wp-block-heading\" id=\"h-3-expressing-yourself-with-norwegian-adjectives-and-adverbs\">3. Uttryck dig med norska adjektiv och adverb<\/h3>\n\n\n\n<p>Genom att anv\u00e4nda adjektiv kan du effektivt f\u00f6rb\u00e4ttra din f\u00f6rm\u00e5ga att uttrycka dig p\u00e5 norska. Adjektiv beskriver egenskaper eller egenskaper hos substantiv och m\u00e5ste \u00f6verensst\u00e4mma med substantiv i genus och numerus. P\u00e5 norska kommer adjektiv vanligtvis f\u00f6re substantivet de beskriver.<\/p>\n\n\n\n<p>Adverb p\u00e5 norska modifierar verb, adjektiv eller andra adverb. De f\u00f6rmedlar information om hur, n\u00e4r, var och i vilken utstr\u00e4ckning en handling sker. Till skillnad fr\u00e5n adjektiv f\u00f6rblir adverb desamma oavsett k\u00f6n eller antal substantiv som beskrivs.<\/p>\n\n\n\n<h3 class=\"wp-block-heading\" id=\"h-4-constructing-sentences-with-norwegian-pronouns-and-word-order\">4. Konstruera meningar med norska pronomen och ordf\u00f6ljd<\/h3>\n\n\n\n<p>Norska pronomen ers\u00e4tter substantiv och \u00f6verensst\u00e4mmer vanligtvis med substantivet de representerar i genus, numerus och kasus. Det finns olika typer av pronomen i norska, inklusive personliga, possessiva, demonstrativa, reflexiva, relativa och fr\u00e5gande pronomen.<\/p>\n\n\n\n<p>Norsk meningsbyggnad f\u00f6ljer ordningen subjekt-verb-objekt (SVO), liknande engelskan. Men den anv\u00e4nder ocks\u00e5 en verbsekundsregel (V2) d\u00e4r verbet vanligtvis upptar den andra positionen i huvudsatser. Att f\u00f6rst\u00e5 och \u00f6va norsk ordf\u00f6ljd \u00e4r viktigt f\u00f6r att uppn\u00e5 flytande spr\u00e5k.<\/p>\n\n\n\n<h3 class=\"wp-block-heading\" id=\"h-conclusion\">Slutsats<\/h3>\n\n\n\n<p>F\u00f6r att uppn\u00e5 flytande kunskaper i norsk grammatik kr\u00e4vs engagemang, \u00f6vning och ett \u00f6ppet sinne f\u00f6r att utforska spr\u00e5kets unika egenskaper. Oavsett om du \u00e4r intresserad av att f\u00f6rdjupa dig i Norges kultur eller vill l\u00e4ra dig ett nytt spr\u00e5k, l\u00e4gger beh\u00e4rskning av norsk grammatik grunden f\u00f6r framg\u00e5ngsrik kommunikation. N\u00e4r du f\u00f6rdjupar dig i norska substantiv, verb, adjektiv och ordf\u00f6ljd, kom ih\u00e5g att njuta av processen och v\u00e5rda de rika spr\u00e5kliga upplevelserna som v\u00e4ntar p\u00e5 dig. Lykke til!<\/p>\n<\/div><\/div>\n\r\n<section class=\"learnNavigationSection\">\r\n            \r\n        <a href=\"https:\/\/talkpal.ai\/sv\/lar-dig-norska\/\">\r\n            <div class=\"learnNavigationWrapper\">\r\n                <div class=\"learnNavigationContent\">\r\n                    <img decoding=\"async\" src=\"https:\/\/talkpal.ai\/wp-content\/uploads\/2024\/08\/Norwegian.jpg\" alt=\"Norwegian Flag\">\r\n                    <div>\r\n                        <h4>Om Norwegian Learning<\/h4>\r\n                        <p>Ta reda p\u00e5 allt om norsk grammatik.<\/p>\r\n                    <\/div>\r\n                <\/div>\r\n            <\/div>\r\n        <\/a>\r\n\r\n        \r\n        <a href=\"https:\/\/talkpal.ai\/sv\/norska-grammatikovningar\/\">\r\n            <div class=\"learnNavigationWrapper\">\r\n                <div class=\"learnNavigationContent\">\r\n                    <img decoding=\"async\" src=\"https:\/\/talkpal.ai\/wp-content\/uploads\/2024\/08\/Norwegian.jpg\" alt=\"Norwegian Flag\">\r\n                    <div>\r\n                        <h4>Norsk grammatik \u00f6vning<\/h4>\r\n                        <p>\u00d6va norsk grammatik.<\/p>\r\n                    <\/div>\r\n                <\/div>\r\n            <\/div>\r\n        <\/a>\r\n\r\n        \r\n        <a href=\"https:\/\/talkpal.ai\/vocabulary_language\/norwegian\/\">\r\n            <div class=\"learnNavigationWrapper\">\r\n                <div class=\"learnNavigationContent\">\r\n                    <img decoding=\"async\" src=\"https:\/\/talkpal.ai\/wp-content\/uploads\/2024\/08\/Norwegian.jpg\" alt=\"Norwegian Flag\">\r\n                    <div>\r\n                        <h4>Norsk vokabul\u00e4r<\/h4>\r\n                        <p>Ut\u00f6ka ditt norska ordf\u00f6rr\u00e5d.<\/p>\r\n                    <\/div>\r\n                <\/div>\r\n            <\/div>\r\n        <\/a>\r\n\r\n            <\/section>","protected":false},"excerpt":{"rendered":"<p>Dyk ner i norsk grammatik: En omfattande guide Norska, ett fascinerande och uttrycksfullt spr\u00e5k, erbjuder en unik m\u00f6jlighet f\u00f6r spr\u00e5kinl\u00e4rare att utforska Norges rika kulturella och historiska arv. Den goda nyheten \u00e4r att norsk grammatik har vissa likheter med engelskan, vilket g\u00f6r det till ett tillg\u00e4ngligt spr\u00e5k att l\u00e4ra sig. Den h\u00e4r artikeln kommer att [&hellip;]<\/p>\n","protected":false},"author":1,"featured_media":28549,"parent":0,"menu_order":0,"comment_status":"closed","ping_status":"closed","template":"LearningContentPage.php","meta":{"_acf_changed":false,"footnotes":""},"class_list":["post-148409","page","type-page","status-publish","has-post-thumbnail","hentry"],"acf":[],"yoast_head":"<!-- This site is optimized with the Yoast SEO Premium plugin v27.2 (Yoast SEO v27.2) - https:\/\/yoast.com\/product\/yoast-seo-premium-wordpress\/ -->\n<title>Norsk grammatik - Talkpal<\/title>\n<meta name=\"description\" content=\"Utforska den norska grammatikens kr\u00e5ngligheter och lyft dina spr\u00e5kkunskaper till n\u00e4sta niv\u00e5.\" \/>\n<meta name=\"robots\" content=\"index, follow, max-snippet:-1, max-image-preview:large, max-video-preview:-1\" \/>\n<link rel=\"canonical\" href=\"https:\/\/talkpal.ai\/sv\/norsk-grammatik\/\" \/>\n<meta property=\"og:locale\" content=\"sv_SE\" \/>\n<meta property=\"og:type\" content=\"article\" \/>\n<meta property=\"og:title\" content=\"Norsk grammatik\" \/>\n<meta property=\"og:description\" content=\"Dyk ner i norsk grammatik: En omfattande guide Norska, ett fascinerande och uttrycksfullt spr\u00e5k, erbjuder en unik m\u00f6jlighet f\u00f6r spr\u00e5kinl\u00e4rare att utforska\" \/>\n<meta property=\"og:url\" content=\"https:\/\/talkpal.ai\/sv\/norsk-grammatik\/\" \/>\n<meta property=\"og:site_name\" content=\"Talkpal\" \/>\n<meta property=\"article:publisher\" content=\"https:\/\/www.facebook.com\/profile.php?id=100090733639311\" \/>\n<meta property=\"article:modified_time\" content=\"2025-12-17T17:01:28+00:00\" \/>\n<meta property=\"og:image\" content=\"https:\/\/talkpal.ai\/wp-content\/uploads\/2023\/05\/norway.png\" \/>\n\t<meta property=\"og:image:width\" content=\"512\" \/>\n\t<meta property=\"og:image:height\" content=\"512\" \/>\n\t<meta property=\"og:image:type\" content=\"image\/png\" \/>\n<meta name=\"twitter:card\" content=\"summary_large_image\" \/>\n<meta name=\"twitter:site\" content=\"@talkpalai\" \/>\n<meta name=\"twitter:label1\" content=\"Ber\u00e4knad l\u00e4stid\" \/>\n\t<meta name=\"twitter:data1\" content=\"3 minuter\" \/>\n<script type=\"application\/ld+json\" class=\"yoast-schema-graph\">{\"@context\":\"https:\/\/schema.org\",\"@graph\":[{\"@type\":\"WebPage\",\"@id\":\"https:\/\/talkpal.ai\/sv\/norsk-grammatik\/\",\"url\":\"https:\/\/talkpal.ai\/sv\/norsk-grammatik\/\",\"name\":\"Norsk grammatik - Talkpal\",\"isPartOf\":{\"@id\":\"https:\/\/talkpal.ai\/sv\/#website\"},\"primaryImageOfPage\":{\"@id\":\"https:\/\/talkpal.ai\/sv\/norsk-grammatik\/#primaryimage\"},\"image\":{\"@id\":\"https:\/\/talkpal.ai\/sv\/norsk-grammatik\/#primaryimage\"},\"thumbnailUrl\":\"https:\/\/talkpal.ai\/wp-content\/uploads\/2023\/05\/norway.png\",\"datePublished\":\"2023-05-14T14:13:06+00:00\",\"dateModified\":\"2025-12-17T17:01:28+00:00\",\"description\":\"Utforska den norska grammatikens kr\u00e5ngligheter och lyft dina spr\u00e5kkunskaper till n\u00e4sta niv\u00e5.\",\"breadcrumb\":{\"@id\":\"https:\/\/talkpal.ai\/sv\/norsk-grammatik\/#breadcrumb\"},\"inLanguage\":\"sv-SE\",\"potentialAction\":[{\"@type\":\"ReadAction\",\"target\":[\"https:\/\/talkpal.ai\/sv\/norsk-grammatik\/\"]}]},{\"@type\":\"ImageObject\",\"inLanguage\":\"sv-SE\",\"@id\":\"https:\/\/talkpal.ai\/sv\/norsk-grammatik\/#primaryimage\",\"url\":\"https:\/\/talkpal.ai\/wp-content\/uploads\/2023\/05\/norway.png\",\"contentUrl\":\"https:\/\/talkpal.ai\/wp-content\/uploads\/2023\/05\/norway.png\",\"width\":512,\"height\":512},{\"@type\":\"BreadcrumbList\",\"@id\":\"https:\/\/talkpal.ai\/sv\/norsk-grammatik\/#breadcrumb\",\"itemListElement\":[{\"@type\":\"ListItem\",\"position\":1,\"name\":\"Homepage\",\"item\":\"https:\/\/talkpal.ai\/sv\/\"},{\"@type\":\"ListItem\",\"position\":2,\"name\":\"Norsk grammatik\"}]},{\"@type\":\"WebSite\",\"@id\":\"https:\/\/talkpal.ai\/sv\/#website\",\"url\":\"https:\/\/talkpal.ai\/sv\/\",\"name\":\"Talkpal\",\"description\":\"AI Language Learning\",\"publisher\":{\"@id\":\"https:\/\/talkpal.ai\/sv\/#organization\"},\"alternateName\":\"Talkpal AI\",\"potentialAction\":[{\"@type\":\"SearchAction\",\"target\":{\"@type\":\"EntryPoint\",\"urlTemplate\":\"https:\/\/talkpal.ai\/sv\/?s={search_term_string}\"},\"query-input\":{\"@type\":\"PropertyValueSpecification\",\"valueRequired\":true,\"valueName\":\"search_term_string\"}}],\"inLanguage\":\"sv-SE\"},{\"@type\":\"Organization\",\"@id\":\"https:\/\/talkpal.ai\/sv\/#organization\",\"name\":\"Talkpal, Inc.\",\"alternateName\":\"Talkpal AI\",\"url\":\"https:\/\/talkpal.ai\/sv\/\",\"logo\":{\"@type\":\"ImageObject\",\"inLanguage\":\"sv-SE\",\"@id\":\"https:\/\/talkpal.ai\/sv\/#\/schema\/logo\/image\/\",\"url\":\"https:\/\/talkpal.ai\/wp-content\/uploads\/2024\/03\/Talkpal-Logo-Icon.png\",\"contentUrl\":\"https:\/\/talkpal.ai\/wp-content\/uploads\/2024\/03\/Talkpal-Logo-Icon.png\",\"width\":2880,\"height\":2880,\"caption\":\"Talkpal, Inc.\"},\"image\":{\"@id\":\"https:\/\/talkpal.ai\/sv\/#\/schema\/logo\/image\/\"},\"sameAs\":[\"https:\/\/www.facebook.com\/profile.php?id=100090733639311\",\"https:\/\/x.com\/talkpalai\",\"https:\/\/www.linkedin.com\/company\/talkpal\/\",\"https:\/\/www.youtube.com\/@TalkPal\/\",\"https:\/\/www.tiktok.com\/@talkpal\",\"https:\/\/www.instagram.com\/talkpal_ai\/\",\"https:\/\/www.crunchbase.com\/organization\/talkpal-9cde\",\"https:\/\/www.g2.com\/products\/talkpal-for-business\/\",\"https:\/\/www.trustpilot.com\/review\/talkpal.ai\",\"https:\/\/www.capterra.com\/p\/10006800\/TalkPal\/\"],\"description\":\"Talkpal is a language learning web and mobile education app, powered by the latest AI technologies, that provides engaging experiences to its customers in many different languages to help them improve their language skills. Users can chat about unlimited amount of topics with the app and use other modes to practice their language learning.\",\"email\":\"support@talkpal.ai\",\"legalName\":\"Talkpal, Inc.\",\"foundingDate\":\"2023-04-03\",\"duns\":\"118989042\",\"numberOfEmployees\":{\"@type\":\"QuantitativeValue\",\"minValue\":\"11\",\"maxValue\":\"50\"},\"publishingPrinciples\":\"https:\/\/talkpal.ai\/publishing-principles\/\",\"actionableFeedbackPolicy\":\"https:\/\/talkpal.ai\/actionable-feedback-policy\/\",\"correctionsPolicy\":\"https:\/\/talkpal.ai\/corrections-policy\/\",\"ethicsPolicy\":\"https:\/\/talkpal.ai\/ethics-policy\/\",\"diversityPolicy\":\"https:\/\/talkpal.ai\/diversity-policy\/\",\"diversityStaffingReport\":\"https:\/\/talkpal.ai\/diversity-policy\/\"}]}<\/script>\n<!-- \/ Yoast SEO Premium plugin. -->","yoast_head_json":{"title":"Norsk grammatik - Talkpal","description":"Utforska den norska grammatikens kr\u00e5ngligheter och lyft dina spr\u00e5kkunskaper till n\u00e4sta niv\u00e5.","robots":{"index":"index","follow":"follow","max-snippet":"max-snippet:-1","max-image-preview":"max-image-preview:large","max-video-preview":"max-video-preview:-1"},"canonical":"https:\/\/talkpal.ai\/sv\/norsk-grammatik\/","og_locale":"sv_SE","og_type":"article","og_title":"Norsk grammatik","og_description":"Dyk ner i norsk grammatik: En omfattande guide Norska, ett fascinerande och uttrycksfullt spr\u00e5k, erbjuder en unik m\u00f6jlighet f\u00f6r spr\u00e5kinl\u00e4rare att utforska","og_url":"https:\/\/talkpal.ai\/sv\/norsk-grammatik\/","og_site_name":"Talkpal","article_publisher":"https:\/\/www.facebook.com\/profile.php?id=100090733639311","article_modified_time":"2025-12-17T17:01:28+00:00","og_image":[{"width":512,"height":512,"url":"https:\/\/talkpal.ai\/wp-content\/uploads\/2023\/05\/norway.png","type":"image\/png"}],"twitter_card":"summary_large_image","twitter_site":"@talkpalai","twitter_misc":{"Ber\u00e4knad l\u00e4stid":"3 minuter"},"schema":{"@context":"https:\/\/schema.org","@graph":[{"@type":"WebPage","@id":"https:\/\/talkpal.ai\/sv\/norsk-grammatik\/","url":"https:\/\/talkpal.ai\/sv\/norsk-grammatik\/","name":"Norsk grammatik - Talkpal","isPartOf":{"@id":"https:\/\/talkpal.ai\/sv\/#website"},"primaryImageOfPage":{"@id":"https:\/\/talkpal.ai\/sv\/norsk-grammatik\/#primaryimage"},"image":{"@id":"https:\/\/talkpal.ai\/sv\/norsk-grammatik\/#primaryimage"},"thumbnailUrl":"https:\/\/talkpal.ai\/wp-content\/uploads\/2023\/05\/norway.png","datePublished":"2023-05-14T14:13:06+00:00","dateModified":"2025-12-17T17:01:28+00:00","description":"Utforska den norska grammatikens kr\u00e5ngligheter och lyft dina spr\u00e5kkunskaper till n\u00e4sta niv\u00e5.","breadcrumb":{"@id":"https:\/\/talkpal.ai\/sv\/norsk-grammatik\/#breadcrumb"},"inLanguage":"sv-SE","potentialAction":[{"@type":"ReadAction","target":["https:\/\/talkpal.ai\/sv\/norsk-grammatik\/"]}]},{"@type":"ImageObject","inLanguage":"sv-SE","@id":"https:\/\/talkpal.ai\/sv\/norsk-grammatik\/#primaryimage","url":"https:\/\/talkpal.ai\/wp-content\/uploads\/2023\/05\/norway.png","contentUrl":"https:\/\/talkpal.ai\/wp-content\/uploads\/2023\/05\/norway.png","width":512,"height":512},{"@type":"BreadcrumbList","@id":"https:\/\/talkpal.ai\/sv\/norsk-grammatik\/#breadcrumb","itemListElement":[{"@type":"ListItem","position":1,"name":"Homepage","item":"https:\/\/talkpal.ai\/sv\/"},{"@type":"ListItem","position":2,"name":"Norsk grammatik"}]},{"@type":"WebSite","@id":"https:\/\/talkpal.ai\/sv\/#website","url":"https:\/\/talkpal.ai\/sv\/","name":"Talkpal","description":"AI Language Learning","publisher":{"@id":"https:\/\/talkpal.ai\/sv\/#organization"},"alternateName":"Talkpal AI","potentialAction":[{"@type":"SearchAction","target":{"@type":"EntryPoint","urlTemplate":"https:\/\/talkpal.ai\/sv\/?s={search_term_string}"},"query-input":{"@type":"PropertyValueSpecification","valueRequired":true,"valueName":"search_term_string"}}],"inLanguage":"sv-SE"},{"@type":"Organization","@id":"https:\/\/talkpal.ai\/sv\/#organization","name":"Talkpal, Inc.","alternateName":"Talkpal AI","url":"https:\/\/talkpal.ai\/sv\/","logo":{"@type":"ImageObject","inLanguage":"sv-SE","@id":"https:\/\/talkpal.ai\/sv\/#\/schema\/logo\/image\/","url":"https:\/\/talkpal.ai\/wp-content\/uploads\/2024\/03\/Talkpal-Logo-Icon.png","contentUrl":"https:\/\/talkpal.ai\/wp-content\/uploads\/2024\/03\/Talkpal-Logo-Icon.png","width":2880,"height":2880,"caption":"Talkpal, Inc."},"image":{"@id":"https:\/\/talkpal.ai\/sv\/#\/schema\/logo\/image\/"},"sameAs":["https:\/\/www.facebook.com\/profile.php?id=100090733639311","https:\/\/x.com\/talkpalai","https:\/\/www.linkedin.com\/company\/talkpal\/","https:\/\/www.youtube.com\/@TalkPal\/","https:\/\/www.tiktok.com\/@talkpal","https:\/\/www.instagram.com\/talkpal_ai\/","https:\/\/www.crunchbase.com\/organization\/talkpal-9cde","https:\/\/www.g2.com\/products\/talkpal-for-business\/","https:\/\/www.trustpilot.com\/review\/talkpal.ai","https:\/\/www.capterra.com\/p\/10006800\/TalkPal\/"],"description":"Talkpal is a language learning web and mobile education app, powered by the latest AI technologies, that provides engaging experiences to its customers in many different languages to help them improve their language skills. Users can chat about unlimited amount of topics with the app and use other modes to practice their language learning.","email":"support@talkpal.ai","legalName":"Talkpal, Inc.","foundingDate":"2023-04-03","duns":"118989042","numberOfEmployees":{"@type":"QuantitativeValue","minValue":"11","maxValue":"50"},"publishingPrinciples":"https:\/\/talkpal.ai\/publishing-principles\/","actionableFeedbackPolicy":"https:\/\/talkpal.ai\/actionable-feedback-policy\/","correctionsPolicy":"https:\/\/talkpal.ai\/corrections-policy\/","ethicsPolicy":"https:\/\/talkpal.ai\/ethics-policy\/","diversityPolicy":"https:\/\/talkpal.ai\/diversity-policy\/","diversityStaffingReport":"https:\/\/talkpal.ai\/diversity-policy\/"}]}},"_links":{"self":[{"href":"https:\/\/talkpal.ai\/sv\/wp-json\/wp\/v2\/pages\/148409","targetHints":{"allow":["GET"]}}],"collection":[{"href":"https:\/\/talkpal.ai\/sv\/wp-json\/wp\/v2\/pages"}],"about":[{"href":"https:\/\/talkpal.ai\/sv\/wp-json\/wp\/v2\/types\/page"}],"author":[{"embeddable":true,"href":"https:\/\/talkpal.ai\/sv\/wp-json\/wp\/v2\/users\/1"}],"replies":[{"embeddable":true,"href":"https:\/\/talkpal.ai\/sv\/wp-json\/wp\/v2\/comments?post=148409"}],"version-history":[{"count":0,"href":"https:\/\/talkpal.ai\/sv\/wp-json\/wp\/v2\/pages\/148409\/revisions"}],"wp:featuredmedia":[{"embeddable":true,"href":"https:\/\/talkpal.ai\/sv\/wp-json\/wp\/v2\/media\/28549"}],"wp:attachment":[{"href":"https:\/\/talkpal.ai\/sv\/wp-json\/wp\/v2\/media?parent=148409"}],"curies":[{"name":"wp","href":"https:\/\/api.w.org\/{rel}","templated":true}]}}