{"id":148055,"date":"2023-05-14T14:12:45","date_gmt":"2023-05-14T14:12:45","guid":{"rendered":"http:\/\/talkpal.ai\/nepalesisk-grammatik\/"},"modified":"2025-12-17T16:58:24","modified_gmt":"2025-12-17T16:58:24","slug":"nepalesisk-grammatik","status":"publish","type":"page","link":"https:\/\/talkpal.ai\/sv\/nepalesisk-grammatik\/","title":{"rendered":"Nepalesisk grammatik"},"content":{"rendered":"\r\n\r\n\r\n<section class=\"languageChallengeSection\">\r\n    <div class=\"languageInfoWrapper\">\r\n        \r\n        <h1>Nepalesisk grammatik<\/h1>\r\n        <p>\u00c4r du nyfiken p\u00e5 nepalesiska? Uppt\u00e4ck den nepalesiska grammatiken, med k\u00f6nsbest\u00e4mda substantiv, postpositioner och en flexibel meningsbyggnad som g\u00f6r spr\u00e5ket b\u00e5de uttrycksfullt och engagerande. B\u00f6rja l\u00e4ra dig idag &#8211; att beh\u00e4rska <a href=\"https:\/\/talkpal.ai\/da\/laer-nepalesisk\/\">nepalesisk grammatik<\/a> kommer att \u00f6ppna upp f\u00f6r meningsfulla konversationer och ge dig kontakt med Nepals olika kulturer och traditioner!<\/p>\r\n\r\n                            <a class=\"getStartedHidden\" href=\"https:\/\/app.talkpal.ai\/sv\/signup?lng=\">Kom ig\u00e5ng<\/a>\r\n        \r\n    <\/div>\r\n\r\n    <figure>\r\n    <img decoding=\"async\" width=\"768\" height=\"768\" src=\"https:\/\/talkpal.ai\/wp-content\/uploads\/2023\/06\/nepali-768x768.png\" class=\"languageImage no-lazy\" alt=\"Default alt text\" fetchpriority=\"high\" sizes=\"(max-width: 768px) 150px, 768px\" srcset=\"https:\/\/talkpal.ai\/wp-content\/uploads\/2023\/06\/nepali-768x768.png 768w, https:\/\/talkpal.ai\/wp-content\/uploads\/2023\/06\/nepali-300x300.png 300w\" \/>\r\n    \r\n\r\n    <\/figure>\r\n\r\n            <a class=\"getStartedVisible\" href=\"https:\/\/app.talkpal.ai\/sv\/signup?lng=\">Kom ig\u00e5ng<\/a>\r\n    \r\n<\/section>\r\n        <section class=\"grammarSection\">\r\n            <div class=\"grammarLinks\">\r\n                <a href=\"https:\/\/talkpal.ai\/sv\/language\/adjektiv-nepalesisk-grammatik\/\">Adjektiv <\/a><a href=\"https:\/\/talkpal.ai\/sv\/language\/adverb-nepalesisk-grammatik\/\">Adverb <\/a><a href=\"https:\/\/talkpal.ai\/sv\/language\/artiklar-nepali-grammatik\/\">Artiklar <\/a><a href=\"https:\/\/talkpal.ai\/sv\/language\/jamforelse-av-tempus-nepalesisk-grammatik\/\">J\u00e4mf\u00f6relse av tempus <\/a><a href=\"https:\/\/talkpal.ai\/sv\/language\/konditionaler-nepalesisk-grammatik\/\">Konditionaler <\/a><a href=\"https:\/\/talkpal.ai\/sv\/language\/meningar-nepalesisk-grammatik\/\">Meningar <\/a><a href=\"https:\/\/talkpal.ai\/sv\/language\/perfect-progressive-nepalesisk-grammatik\/\">Perfect Progressive <\/a><a href=\"https:\/\/talkpal.ai\/sv\/language\/prepositioner-nepalesisk-grammatik\/\">Prepositioner <\/a><a href=\"https:\/\/talkpal.ai\/sv\/language\/progressiv-nepalesisk-grammatik\/\">Progressiv <\/a><a href=\"https:\/\/talkpal.ai\/sv\/language\/pronomen-bestamningar-nepalesisk-grammatik\/\">Pronomen\/best\u00e4mningar <\/a><a href=\"https:\/\/talkpal.ai\/sv\/language\/substantiv-nepali-grammatik\/\">Substantiv <\/a><a href=\"https:\/\/talkpal.ai\/sv\/language\/tempus-nepalesisk-grammatik\/\">Tempus <\/a><a href=\"https:\/\/talkpal.ai\/sv\/language\/verb-nepali-grammatik\/\">Verb <\/a>            <\/div>\r\n        <\/section>\r\n    <section class=\"promotionalBanner\">\r\n    <p class=\"promotionalText\">Det mest effektiva s\u00e4ttet att l\u00e4ra sig ett spr\u00e5k<\/p>\r\n    <a class=\"promotionalLink\" href=\"https:\/\/app.talkpal.ai\/sv\/signup?lng=\">Prova Talkpal gratis<\/a>\r\n<\/section>\n<div class=\"wp-block-group pageContainerStyle\"><div class=\"wp-block-group__inner-container is-layout-constrained wp-block-group-is-layout-constrained\">\n<h2 class=\"wp-block-heading\" id=\"h-delving-into-the-richness-of-nepali-grammar-an-insightful-guide\">F\u00f6rdjupa dig i rikedomen i nepalesisk grammatik: En insiktsfull guide<\/h2>\n\n\n\n<p><a href=\"https:\/\/talkpal.ai\/learn-nepali\/\">Nepali<\/a>, ett indoariskt spr\u00e5k som <a href=\"https:\/\/talkpal.ai\/locations\/language-courses-in-talas\/\">talas<\/a> av \u00f6ver 25 miljoner m\u00e4nniskor i Nepal och angr\u00e4nsande regioner, \u00e4r ett f\u00f6rtjusande spr\u00e5k som visar upp den kulturella rikedomen och spr\u00e5kliga m\u00e5ngfalden i Sydasien. F\u00f6r att effektivt kommunicera p\u00e5 <a href=\"https:\/\/talkpal.ai\/learn-nepali\/\">nepali<\/a> och verkligen uppskatta dess sk\u00f6nhet m\u00e5ste man f\u00f6rst\u00e5 dess <a href=\"https:\/\/talkpal.ai\/fr\/les\/\">grammatik<\/a>. I <a href=\"https:\/\/talkpal.ai\/culture\/how-do-i-use-den-har-and-det-har\/\">den h\u00e4r<\/a> artikeln kommer vi att ge en \u00f6versikt \u00f6ver de viktigaste aspekterna av nepalesisk grammatik och ge praktiska tips som hj\u00e4lper dig att beh\u00e4rska detta fascinerande spr\u00e5k.<\/p>\n\n\n\n<h3 class=\"wp-block-heading\" id=\"h-key-aspects-of-nepali-grammar\">Viktiga aspekter av nepalesisk grammatik:<\/h3>\n\n\n\n<p>Nepalesisk grammatik kan till en b\u00f6rjan verka utmanande, men med tid och \u00f6vning kan du f\u00e5 kl\u00e4m p\u00e5 det. H\u00e4r \u00e4r n\u00e5gra grundl\u00e4ggande komponenter i nepalesisk grammatik som du b\u00f6r bekanta dig med:<\/p>\n\n\n\n<p><strong>1. Substantiv:<\/strong> Nepalesiska substantiv har inte grammatiskt genus, vilket g\u00f6r det l\u00e4ttare f\u00f6r eleverna eftersom det inte finns n\u00e5got behov av att memorera genuset f\u00f6r varje substantiv. Substantiv b\u00f6js dock f\u00f6r numerus (singular och plural) och kasus (nominativ, genitiv, dativ, etc.).<\/p>\n\n\n\n<p><strong>2. Pronomen<\/strong> : <a href=\"https:\/\/talkpal.ai\/sv\/grammar_exercises\/ovningar-for-personliga-pronomen-for-slovensk-grammatik\/\">Personliga pronomen<\/a> p\u00e5 nepali har tre former: subjektiva, objektiva och possessiva. De h\u00e5ller med substantivet de h\u00e4nvisar till n\u00e4r det g\u00e4ller antal men inte k\u00f6n. <a href=\"https:\/\/talkpal.ai\/culture\/how-do-i-use-det-finns-correctly\/\">Det finns<\/a> ocks\u00e5 olika pronomen och verbb\u00f6jningsformer baserat p\u00e5 graden av formalitet (artig, familj\u00e4r eller intim).<\/p>\n\n\n\n<p><strong>3. Verb:<\/strong> Nepalesiska verb b\u00f6js f\u00f6r tempus (nutid, d\u00e5tid och framtid), modus (indikativ, imperativ eller konjunktiv) och aspekt (kontinuerlig, perfekt eller enkel). Det finns ocks\u00e5 olika b\u00f6jningsm\u00f6nster f\u00f6r verb beroende p\u00e5 \u00e4mnets formalitetsniv\u00e5.<\/p>\n\n\n\n<p>4. Adjektiv och <strong>adverb: Adjektiv<\/strong> p\u00e5 nepali f\u00f6ljer vanligtvis substantivet de modifierar och \u00f6verensst\u00e4mmer i antal och kasus. Adverb kan anv\u00e4ndas f\u00f6r att ge ytterligare information och \u00e4ndrar i allm\u00e4nhet inte sin form.<\/p>\n\n\n\n<p><strong>5. Meningsstruktur:<\/strong> Den typiska nepalesiska meningsstrukturen f\u00f6ljer ordningen Subject-Object-Verb (SOV). Ordf\u00f6ljden kan dock vara flexibel, beroende p\u00e5 betoning och sammanhang.<\/p>\n\n\n\n<h3 class=\"wp-block-heading\" id=\"h-tips-for-learning-nepali-grammar\">Tips f\u00f6r att l\u00e4ra sig nepalesisk grammatik:<\/h3>\n\n\n\n<p>H\u00e4r \u00e4r n\u00e5gra effektiva strategier f\u00f6r att g\u00f6ra din nepalesiska grammatikinl\u00e4rningsresa smidigare:<\/p>\n\n\n\n<p><strong>1. B\u00f6rja med grunderna:<\/strong> Fokusera p\u00e5 att l\u00e4ra dig grunderna i nepalesisk grammatik, s\u00e5som substantivkasus, pronomen och verbb\u00f6jning. I takt med att din f\u00f6rst\u00e5else \u00f6kar, inf\u00f6rliva gradvis mer komplexa strukturer och regler.<\/p>\n\n\n\n<p><strong>2. \u00d6va regelbundet:<\/strong> Konsekvens \u00e4r avg\u00f6rande n\u00e4r man l\u00e4r sig ett nytt spr\u00e5k. Avs\u00e4tt specifika tider varje dag eller vecka f\u00f6r att \u00f6va grammatik\u00f6vningar, l\u00e4sa och skriva p\u00e5 nepali.<\/p>\n\n\n\n<p><strong>3. Anv\u00e4nd inhemska resurser:<\/strong> F\u00f6rdjupa dig i autentiskt nepalesiskt material, som litteratur, nyhetsartiklar och podcasts. Detta kommer inte bara att hj\u00e4lpa dig att f\u00f6rst\u00e5 nepalesisk grammatik i sitt sammanhang utan ocks\u00e5 f\u00f6rb\u00e4ttra dina \u00f6vergripande spr\u00e5kkunskaper.<\/p>\n\n\n\n<p><strong>4. F\u00e5 kontakt med modersm\u00e5lstalare:<\/strong> Genom att delta i konversationer med inf\u00f6dda nepalesiska talare kan du \u00f6va grammatik i verkliga situationer och f\u00e5 v\u00e4rdefull feedback. \u00d6verv\u00e4g att g\u00e5 med i spr\u00e5kutbytesgrupper eller onlineforum f\u00f6r att f\u00e5 kontakt med nepalesisktalande personer.<\/p>\n\n\n\n<p><strong>5. Var t\u00e5lmodig och ih\u00e4rdig:<\/strong> Kom ih\u00e5g att det tar tid, uth\u00e5llighet och t\u00e5lamod att l\u00e4ra sig ett nytt spr\u00e5k. Omfamna utmaningarna och fira dina framsteg p\u00e5 v\u00e4gen.<\/p>\n\n\n\n<h3 class=\"wp-block-heading\" id=\"h-conclusion\">Slutsats:<\/h3>\n\n\n\n<p>Nepalesisk grammatik, med sina unika egenskaper och kopplingar till den indoariska spr\u00e5kfamiljen, erbjuder en fascinerande spr\u00e5klig resa. Genom att f\u00f6rst\u00e5 de viktigaste aspekterna och f\u00f6lja v\u00e5ra praktiska tips kommer du att bana v\u00e4g f\u00f6r spr\u00e5kliga f\u00e4rdigheter och f\u00e5 en djupare f\u00f6rst\u00e5else f\u00f6r det nepalesiska spr\u00e5ket. S\u00e5 v\u00e5ga dig ut med entusiasm och nyfikenhet och omfamna Nepals spr\u00e5kliga skatter!<\/p>\n<\/div><\/div>\n\r\n<section class=\"learnNavigationSection\">\r\n            \r\n        <a href=\"https:\/\/talkpal.ai\/sv\/lar-dig-nepali\/\">\r\n            <div class=\"learnNavigationWrapper\">\r\n                <div class=\"learnNavigationContent\">\r\n                    <img decoding=\"async\" src=\"https:\/\/talkpal.ai\/wp-content\/uploads\/2024\/08\/Nepali.jpg\" alt=\"Nepali Flag\">\r\n                    <div>\r\n                        <h4>Om Nepali Learning<\/h4>\r\n                        <p>Ta reda p\u00e5 allt om nepaliansk grammatik.<\/p>\r\n                    <\/div>\r\n                <\/div>\r\n            <\/div>\r\n        <\/a>\r\n\r\n        \r\n        <a href=\"https:\/\/talkpal.ai\/sv\/nepalesiska-grammatikovningar\/\">\r\n            <div class=\"learnNavigationWrapper\">\r\n                <div class=\"learnNavigationContent\">\r\n                    <img decoding=\"async\" src=\"https:\/\/talkpal.ai\/wp-content\/uploads\/2024\/08\/Nepali.jpg\" alt=\"Nepali Flag\">\r\n                    <div>\r\n                        <h4>Nepali grammatik \u00f6vning<\/h4>\r\n                        <p>\u00d6va nepalesisk grammatik.<\/p>\r\n                    <\/div>\r\n                <\/div>\r\n            <\/div>\r\n        <\/a>\r\n\r\n        \r\n        <a href=\"https:\/\/talkpal.ai\/vocabulary_language\/nepali\/\">\r\n            <div class=\"learnNavigationWrapper\">\r\n                <div class=\"learnNavigationContent\">\r\n                    <img decoding=\"async\" src=\"https:\/\/talkpal.ai\/wp-content\/uploads\/2024\/08\/Nepali.jpg\" alt=\"Nepali Flag\">\r\n                    <div>\r\n                        <h4>Ordf\u00f6rr\u00e5d p\u00e5 nepalesiska<\/h4>\r\n                        <p>Ut\u00f6ka ditt ordf\u00f6rr\u00e5d p\u00e5 nepalesiska.<\/p>\r\n                    <\/div>\r\n                <\/div>\r\n            <\/div>\r\n        <\/a>\r\n\r\n            <\/section>","protected":false},"excerpt":{"rendered":"<p>F\u00f6rdjupa dig i rikedomen i nepalesisk grammatik: En insiktsfull guide Nepali, ett indoariskt spr\u00e5k som talas av \u00f6ver 25 miljoner m\u00e4nniskor i Nepal och angr\u00e4nsande regioner, \u00e4r ett f\u00f6rtjusande spr\u00e5k som visar upp den kulturella rikedomen och spr\u00e5kliga m\u00e5ngfalden i Sydasien. F\u00f6r att effektivt kommunicera p\u00e5 nepali och verkligen uppskatta dess sk\u00f6nhet m\u00e5ste man f\u00f6rst\u00e5 [&hellip;]<\/p>\n","protected":false},"author":1,"featured_media":28533,"parent":0,"menu_order":0,"comment_status":"closed","ping_status":"closed","template":"LearningContentPage.php","meta":{"_acf_changed":false,"footnotes":""},"class_list":["post-148055","page","type-page","status-publish","has-post-thumbnail","hentry"],"acf":[],"yoast_head":"<!-- This site is optimized with the Yoast SEO Premium plugin v27.2 (Yoast SEO v27.2) - https:\/\/yoast.com\/product\/yoast-seo-premium-wordpress\/ -->\n<title>Nepalesisk grammatik - Talkpal<\/title>\n<meta name=\"description\" content=\"Utforska nepalesisk grammatik och f\u00f6rb\u00e4ttra din spr\u00e5kf\u00f6rst\u00e5else med tydliga och koncisa f\u00f6rklaringar.\" \/>\n<meta name=\"robots\" content=\"index, follow, max-snippet:-1, max-image-preview:large, max-video-preview:-1\" \/>\n<link rel=\"canonical\" href=\"https:\/\/talkpal.ai\/sv\/nepalesisk-grammatik\/\" \/>\n<meta property=\"og:locale\" content=\"sv_SE\" \/>\n<meta property=\"og:type\" content=\"article\" \/>\n<meta property=\"og:title\" content=\"Nepalesisk grammatik\" \/>\n<meta property=\"og:description\" content=\"F\u00f6rdjupa dig i rikedomen i nepalesisk grammatik: En insiktsfull guide Nepali, ett indoariskt spr\u00e5k som talas av \u00f6ver 25 miljoner m\u00e4nniskor i Nepal och\" \/>\n<meta property=\"og:url\" content=\"https:\/\/talkpal.ai\/sv\/nepalesisk-grammatik\/\" \/>\n<meta property=\"og:site_name\" content=\"Talkpal\" \/>\n<meta property=\"article:publisher\" content=\"https:\/\/www.facebook.com\/profile.php?id=100090733639311\" \/>\n<meta property=\"article:modified_time\" content=\"2025-12-17T16:58:24+00:00\" \/>\n<meta property=\"og:image\" content=\"https:\/\/talkpal.ai\/wp-content\/uploads\/2023\/05\/nepal.png\" \/>\n\t<meta property=\"og:image:width\" content=\"512\" \/>\n\t<meta property=\"og:image:height\" content=\"512\" \/>\n\t<meta property=\"og:image:type\" content=\"image\/png\" \/>\n<meta name=\"twitter:card\" content=\"summary_large_image\" \/>\n<meta name=\"twitter:site\" content=\"@talkpalai\" \/>\n<meta name=\"twitter:label1\" content=\"Ber\u00e4knad l\u00e4stid\" \/>\n\t<meta name=\"twitter:data1\" content=\"3 minuter\" \/>\n<script type=\"application\/ld+json\" class=\"yoast-schema-graph\">{\"@context\":\"https:\/\/schema.org\",\"@graph\":[{\"@type\":\"WebPage\",\"@id\":\"https:\/\/talkpal.ai\/sv\/nepalesisk-grammatik\/\",\"url\":\"https:\/\/talkpal.ai\/sv\/nepalesisk-grammatik\/\",\"name\":\"Nepalesisk grammatik - Talkpal\",\"isPartOf\":{\"@id\":\"https:\/\/talkpal.ai\/sv\/#website\"},\"primaryImageOfPage\":{\"@id\":\"https:\/\/talkpal.ai\/sv\/nepalesisk-grammatik\/#primaryimage\"},\"image\":{\"@id\":\"https:\/\/talkpal.ai\/sv\/nepalesisk-grammatik\/#primaryimage\"},\"thumbnailUrl\":\"https:\/\/talkpal.ai\/wp-content\/uploads\/2023\/05\/nepal.png\",\"datePublished\":\"2023-05-14T14:12:45+00:00\",\"dateModified\":\"2025-12-17T16:58:24+00:00\",\"description\":\"Utforska nepalesisk grammatik och f\u00f6rb\u00e4ttra din spr\u00e5kf\u00f6rst\u00e5else med tydliga och koncisa f\u00f6rklaringar.\",\"breadcrumb\":{\"@id\":\"https:\/\/talkpal.ai\/sv\/nepalesisk-grammatik\/#breadcrumb\"},\"inLanguage\":\"sv-SE\",\"potentialAction\":[{\"@type\":\"ReadAction\",\"target\":[\"https:\/\/talkpal.ai\/sv\/nepalesisk-grammatik\/\"]}]},{\"@type\":\"ImageObject\",\"inLanguage\":\"sv-SE\",\"@id\":\"https:\/\/talkpal.ai\/sv\/nepalesisk-grammatik\/#primaryimage\",\"url\":\"https:\/\/talkpal.ai\/wp-content\/uploads\/2023\/05\/nepal.png\",\"contentUrl\":\"https:\/\/talkpal.ai\/wp-content\/uploads\/2023\/05\/nepal.png\",\"width\":512,\"height\":512},{\"@type\":\"BreadcrumbList\",\"@id\":\"https:\/\/talkpal.ai\/sv\/nepalesisk-grammatik\/#breadcrumb\",\"itemListElement\":[{\"@type\":\"ListItem\",\"position\":1,\"name\":\"Homepage\",\"item\":\"https:\/\/talkpal.ai\/sv\/\"},{\"@type\":\"ListItem\",\"position\":2,\"name\":\"Nepalesisk grammatik\"}]},{\"@type\":\"WebSite\",\"@id\":\"https:\/\/talkpal.ai\/sv\/#website\",\"url\":\"https:\/\/talkpal.ai\/sv\/\",\"name\":\"Talkpal\",\"description\":\"AI Language Learning\",\"publisher\":{\"@id\":\"https:\/\/talkpal.ai\/sv\/#organization\"},\"alternateName\":\"Talkpal AI\",\"potentialAction\":[{\"@type\":\"SearchAction\",\"target\":{\"@type\":\"EntryPoint\",\"urlTemplate\":\"https:\/\/talkpal.ai\/sv\/?s={search_term_string}\"},\"query-input\":{\"@type\":\"PropertyValueSpecification\",\"valueRequired\":true,\"valueName\":\"search_term_string\"}}],\"inLanguage\":\"sv-SE\"},{\"@type\":\"Organization\",\"@id\":\"https:\/\/talkpal.ai\/sv\/#organization\",\"name\":\"Talkpal, Inc.\",\"alternateName\":\"Talkpal AI\",\"url\":\"https:\/\/talkpal.ai\/sv\/\",\"logo\":{\"@type\":\"ImageObject\",\"inLanguage\":\"sv-SE\",\"@id\":\"https:\/\/talkpal.ai\/sv\/#\/schema\/logo\/image\/\",\"url\":\"https:\/\/talkpal.ai\/wp-content\/uploads\/2024\/03\/Talkpal-Logo-Icon.png\",\"contentUrl\":\"https:\/\/talkpal.ai\/wp-content\/uploads\/2024\/03\/Talkpal-Logo-Icon.png\",\"width\":2880,\"height\":2880,\"caption\":\"Talkpal, Inc.\"},\"image\":{\"@id\":\"https:\/\/talkpal.ai\/sv\/#\/schema\/logo\/image\/\"},\"sameAs\":[\"https:\/\/www.facebook.com\/profile.php?id=100090733639311\",\"https:\/\/x.com\/talkpalai\",\"https:\/\/www.linkedin.com\/company\/talkpal\/\",\"https:\/\/www.youtube.com\/@TalkPal\/\",\"https:\/\/www.tiktok.com\/@talkpal\",\"https:\/\/www.instagram.com\/talkpal_ai\/\",\"https:\/\/www.crunchbase.com\/organization\/talkpal-9cde\",\"https:\/\/www.g2.com\/products\/talkpal-for-business\/\",\"https:\/\/www.trustpilot.com\/review\/talkpal.ai\",\"https:\/\/www.capterra.com\/p\/10006800\/TalkPal\/\"],\"description\":\"Talkpal is a language learning web and mobile education app, powered by the latest AI technologies, that provides engaging experiences to its customers in many different languages to help them improve their language skills. Users can chat about unlimited amount of topics with the app and use other modes to practice their language learning.\",\"email\":\"support@talkpal.ai\",\"legalName\":\"Talkpal, Inc.\",\"foundingDate\":\"2023-04-03\",\"duns\":\"118989042\",\"numberOfEmployees\":{\"@type\":\"QuantitativeValue\",\"minValue\":\"11\",\"maxValue\":\"50\"},\"publishingPrinciples\":\"https:\/\/talkpal.ai\/publishing-principles\/\",\"actionableFeedbackPolicy\":\"https:\/\/talkpal.ai\/actionable-feedback-policy\/\",\"correctionsPolicy\":\"https:\/\/talkpal.ai\/corrections-policy\/\",\"ethicsPolicy\":\"https:\/\/talkpal.ai\/ethics-policy\/\",\"diversityPolicy\":\"https:\/\/talkpal.ai\/diversity-policy\/\",\"diversityStaffingReport\":\"https:\/\/talkpal.ai\/diversity-policy\/\"}]}<\/script>\n<!-- \/ Yoast SEO Premium plugin. -->","yoast_head_json":{"title":"Nepalesisk grammatik - Talkpal","description":"Utforska nepalesisk grammatik och f\u00f6rb\u00e4ttra din spr\u00e5kf\u00f6rst\u00e5else med tydliga och koncisa f\u00f6rklaringar.","robots":{"index":"index","follow":"follow","max-snippet":"max-snippet:-1","max-image-preview":"max-image-preview:large","max-video-preview":"max-video-preview:-1"},"canonical":"https:\/\/talkpal.ai\/sv\/nepalesisk-grammatik\/","og_locale":"sv_SE","og_type":"article","og_title":"Nepalesisk grammatik","og_description":"F\u00f6rdjupa dig i rikedomen i nepalesisk grammatik: En insiktsfull guide Nepali, ett indoariskt spr\u00e5k som talas av \u00f6ver 25 miljoner m\u00e4nniskor i Nepal och","og_url":"https:\/\/talkpal.ai\/sv\/nepalesisk-grammatik\/","og_site_name":"Talkpal","article_publisher":"https:\/\/www.facebook.com\/profile.php?id=100090733639311","article_modified_time":"2025-12-17T16:58:24+00:00","og_image":[{"width":512,"height":512,"url":"https:\/\/talkpal.ai\/wp-content\/uploads\/2023\/05\/nepal.png","type":"image\/png"}],"twitter_card":"summary_large_image","twitter_site":"@talkpalai","twitter_misc":{"Ber\u00e4knad l\u00e4stid":"3 minuter"},"schema":{"@context":"https:\/\/schema.org","@graph":[{"@type":"WebPage","@id":"https:\/\/talkpal.ai\/sv\/nepalesisk-grammatik\/","url":"https:\/\/talkpal.ai\/sv\/nepalesisk-grammatik\/","name":"Nepalesisk grammatik - Talkpal","isPartOf":{"@id":"https:\/\/talkpal.ai\/sv\/#website"},"primaryImageOfPage":{"@id":"https:\/\/talkpal.ai\/sv\/nepalesisk-grammatik\/#primaryimage"},"image":{"@id":"https:\/\/talkpal.ai\/sv\/nepalesisk-grammatik\/#primaryimage"},"thumbnailUrl":"https:\/\/talkpal.ai\/wp-content\/uploads\/2023\/05\/nepal.png","datePublished":"2023-05-14T14:12:45+00:00","dateModified":"2025-12-17T16:58:24+00:00","description":"Utforska nepalesisk grammatik och f\u00f6rb\u00e4ttra din spr\u00e5kf\u00f6rst\u00e5else med tydliga och koncisa f\u00f6rklaringar.","breadcrumb":{"@id":"https:\/\/talkpal.ai\/sv\/nepalesisk-grammatik\/#breadcrumb"},"inLanguage":"sv-SE","potentialAction":[{"@type":"ReadAction","target":["https:\/\/talkpal.ai\/sv\/nepalesisk-grammatik\/"]}]},{"@type":"ImageObject","inLanguage":"sv-SE","@id":"https:\/\/talkpal.ai\/sv\/nepalesisk-grammatik\/#primaryimage","url":"https:\/\/talkpal.ai\/wp-content\/uploads\/2023\/05\/nepal.png","contentUrl":"https:\/\/talkpal.ai\/wp-content\/uploads\/2023\/05\/nepal.png","width":512,"height":512},{"@type":"BreadcrumbList","@id":"https:\/\/talkpal.ai\/sv\/nepalesisk-grammatik\/#breadcrumb","itemListElement":[{"@type":"ListItem","position":1,"name":"Homepage","item":"https:\/\/talkpal.ai\/sv\/"},{"@type":"ListItem","position":2,"name":"Nepalesisk grammatik"}]},{"@type":"WebSite","@id":"https:\/\/talkpal.ai\/sv\/#website","url":"https:\/\/talkpal.ai\/sv\/","name":"Talkpal","description":"AI Language Learning","publisher":{"@id":"https:\/\/talkpal.ai\/sv\/#organization"},"alternateName":"Talkpal AI","potentialAction":[{"@type":"SearchAction","target":{"@type":"EntryPoint","urlTemplate":"https:\/\/talkpal.ai\/sv\/?s={search_term_string}"},"query-input":{"@type":"PropertyValueSpecification","valueRequired":true,"valueName":"search_term_string"}}],"inLanguage":"sv-SE"},{"@type":"Organization","@id":"https:\/\/talkpal.ai\/sv\/#organization","name":"Talkpal, Inc.","alternateName":"Talkpal AI","url":"https:\/\/talkpal.ai\/sv\/","logo":{"@type":"ImageObject","inLanguage":"sv-SE","@id":"https:\/\/talkpal.ai\/sv\/#\/schema\/logo\/image\/","url":"https:\/\/talkpal.ai\/wp-content\/uploads\/2024\/03\/Talkpal-Logo-Icon.png","contentUrl":"https:\/\/talkpal.ai\/wp-content\/uploads\/2024\/03\/Talkpal-Logo-Icon.png","width":2880,"height":2880,"caption":"Talkpal, Inc."},"image":{"@id":"https:\/\/talkpal.ai\/sv\/#\/schema\/logo\/image\/"},"sameAs":["https:\/\/www.facebook.com\/profile.php?id=100090733639311","https:\/\/x.com\/talkpalai","https:\/\/www.linkedin.com\/company\/talkpal\/","https:\/\/www.youtube.com\/@TalkPal\/","https:\/\/www.tiktok.com\/@talkpal","https:\/\/www.instagram.com\/talkpal_ai\/","https:\/\/www.crunchbase.com\/organization\/talkpal-9cde","https:\/\/www.g2.com\/products\/talkpal-for-business\/","https:\/\/www.trustpilot.com\/review\/talkpal.ai","https:\/\/www.capterra.com\/p\/10006800\/TalkPal\/"],"description":"Talkpal is a language learning web and mobile education app, powered by the latest AI technologies, that provides engaging experiences to its customers in many different languages to help them improve their language skills. Users can chat about unlimited amount of topics with the app and use other modes to practice their language learning.","email":"support@talkpal.ai","legalName":"Talkpal, Inc.","foundingDate":"2023-04-03","duns":"118989042","numberOfEmployees":{"@type":"QuantitativeValue","minValue":"11","maxValue":"50"},"publishingPrinciples":"https:\/\/talkpal.ai\/publishing-principles\/","actionableFeedbackPolicy":"https:\/\/talkpal.ai\/actionable-feedback-policy\/","correctionsPolicy":"https:\/\/talkpal.ai\/corrections-policy\/","ethicsPolicy":"https:\/\/talkpal.ai\/ethics-policy\/","diversityPolicy":"https:\/\/talkpal.ai\/diversity-policy\/","diversityStaffingReport":"https:\/\/talkpal.ai\/diversity-policy\/"}]}},"_links":{"self":[{"href":"https:\/\/talkpal.ai\/sv\/wp-json\/wp\/v2\/pages\/148055","targetHints":{"allow":["GET"]}}],"collection":[{"href":"https:\/\/talkpal.ai\/sv\/wp-json\/wp\/v2\/pages"}],"about":[{"href":"https:\/\/talkpal.ai\/sv\/wp-json\/wp\/v2\/types\/page"}],"author":[{"embeddable":true,"href":"https:\/\/talkpal.ai\/sv\/wp-json\/wp\/v2\/users\/1"}],"replies":[{"embeddable":true,"href":"https:\/\/talkpal.ai\/sv\/wp-json\/wp\/v2\/comments?post=148055"}],"version-history":[{"count":0,"href":"https:\/\/talkpal.ai\/sv\/wp-json\/wp\/v2\/pages\/148055\/revisions"}],"wp:featuredmedia":[{"embeddable":true,"href":"https:\/\/talkpal.ai\/sv\/wp-json\/wp\/v2\/media\/28533"}],"wp:attachment":[{"href":"https:\/\/talkpal.ai\/sv\/wp-json\/wp\/v2\/media?parent=148055"}],"curies":[{"name":"wp","href":"https:\/\/api.w.org\/{rel}","templated":true}]}}