{"id":147875,"date":"2023-05-14T14:12:25","date_gmt":"2023-05-14T14:12:25","guid":{"rendered":"http:\/\/talkpal.ai\/maorisk-grammatik\/"},"modified":"2025-12-17T16:43:27","modified_gmt":"2025-12-17T16:43:27","slug":"maorisk-grammatik","status":"publish","type":"page","link":"https:\/\/talkpal.ai\/sv\/maorisk-grammatik\/","title":{"rendered":"Maorisk grammatik"},"content":{"rendered":"\r\n\r\n\r\n<section class=\"languageChallengeSection\">\r\n    <div class=\"languageInfoWrapper\">\r\n        \r\n        <h1>Maorisk grammatik<\/h1>\r\n        <p>Vill du l\u00e4ra dig M\u0101ori? F\u00f6rdjupa dig i M\u0101ori-grammatiken, som \u00e4r k\u00e4nd f\u00f6r sin enkelhet, anv\u00e4ndning av artiklar och partiklarnas viktiga roll f\u00f6r att skapa mening. B\u00f6rja idag &#8211; att beh\u00e4rska M\u0101ori-grammatiken kommer att hj\u00e4lpa dig att f\u00e5 en djupare <a href=\"https:\/\/talkpal.ai\/contact\/\">kontakt<\/a> med spr\u00e5kets rika arv och den livliga kulturen i Aotearoa Nya Zeeland!<\/p>\r\n\r\n                            <a class=\"getStartedHidden\" href=\"https:\/\/app.talkpal.ai\/sv\/signup?lng=\">Kom ig\u00e5ng<\/a>\r\n        \r\n    <\/div>\r\n\r\n    <figure>\r\n    <img decoding=\"async\" width=\"768\" height=\"768\" src=\"https:\/\/talkpal.ai\/wp-content\/uploads\/2023\/06\/maori-768x768.png\" class=\"languageImage no-lazy\" alt=\"Default alt text\" fetchpriority=\"high\" sizes=\"(max-width: 768px) 150px, 768px\" srcset=\"https:\/\/talkpal.ai\/wp-content\/uploads\/2023\/06\/maori-768x768.png 768w, https:\/\/talkpal.ai\/wp-content\/uploads\/2023\/06\/maori-300x300.png 300w\" \/>\r\n    \r\n\r\n    <\/figure>\r\n\r\n            <a class=\"getStartedVisible\" href=\"https:\/\/app.talkpal.ai\/sv\/signup?lng=\">Kom ig\u00e5ng<\/a>\r\n    \r\n<\/section>\r\n        <section class=\"grammarSection\">\r\n            <div class=\"grammarLinks\">\r\n                <a href=\"https:\/\/talkpal.ai\/sv\/language\/adjektiv-maori-grammatik\/\">Adjektiv <\/a><a href=\"https:\/\/talkpal.ai\/sv\/language\/adverb-maori-grammatik\/\">Adverb <\/a><a href=\"https:\/\/talkpal.ai\/sv\/language\/artiklar-maori-grammatik\/\">Artiklar <\/a><a href=\"https:\/\/talkpal.ai\/sv\/language\/jamforelse-av-tempus-maori-grammatik\/\">J\u00e4mf\u00f6relse av tempus <\/a><a href=\"https:\/\/talkpal.ai\/sv\/language\/konditionaler-maori-grammatik\/\">Konditionaler <\/a><a href=\"https:\/\/talkpal.ai\/sv\/language\/meningar-maori-grammatik\/\">Meningar <\/a><a href=\"https:\/\/talkpal.ai\/sv\/language\/perfekt-progressiv-maori-grammatik-sv\/\">Perfekt progressiv <\/a><a href=\"https:\/\/talkpal.ai\/sv\/language\/prepositioner-maori-grammatik\/\">Prepositioner <\/a><a href=\"https:\/\/talkpal.ai\/sv\/language\/progressiv-maori-grammatik-sv\/\">Progressiv <\/a><a href=\"https:\/\/talkpal.ai\/sv\/language\/pronomen-bestamningsfaktorer-maori-grammatik\/\">Pronomen\/best\u00e4mningsfaktorer <\/a><a href=\"https:\/\/talkpal.ai\/sv\/language\/substantiv-maori-grammatik\/\">Substantiv <\/a><a href=\"https:\/\/talkpal.ai\/sv\/language\/tempus-maori-grammatik\/\">Tempus <\/a><a href=\"https:\/\/talkpal.ai\/sv\/language\/verb-maori-grammatik\/\">Verb <\/a>            <\/div>\r\n        <\/section>\r\n    <section class=\"promotionalBanner\">\r\n    <p class=\"promotionalText\">Det mest effektiva s\u00e4ttet att l\u00e4ra sig ett spr\u00e5k<\/p>\r\n    <a class=\"promotionalLink\" href=\"https:\/\/app.talkpal.ai\/sv\/signup?lng=\">Prova Talkpal gratis<\/a>\r\n<\/section>\n<div class=\"wp-block-group pageContainerStyle\"><div class=\"wp-block-group__inner-container is-layout-constrained wp-block-group-is-layout-constrained\">\n<h2 class=\"wp-block-heading\" id=\"h-maori-grammar-your-ticket-to-a-vibrant-bicultural-world\">Maorisk grammatik: Din biljett till en pulserande bikulturell v\u00e4rld<\/h2>\n\n\n\n<p><a href=\"https:\/\/talkpal.ai\/culture\/how-do-you-say-lets-go-in-maori\/\">Kia ora<\/a>! V\u00e4lkommen till maorispr\u00e5kets underbara v\u00e4rld. <a href=\"https:\/\/talkpal.ai\/learn-maori\/\">Maori<\/a> eller te reo Maori \u00e4r Nya Zeelands inhemska spr\u00e5k och ger dig en unik m\u00f6jlighet att komma i kontakt med en ur\u00e5ldrig kultur och dess livliga spr\u00e5kgemenskap. Som <a href=\"https:\/\/talkpal.ai\/fr\/langues\/\">alla spr\u00e5k<\/a> kan <a href=\"https:\/\/talkpal.ai\/maori-grammar\/\">maorisk grammatik<\/a> verka utmanande, men oroa dig inte! <a href=\"https:\/\/talkpal.ai\/culture\/how-do-i-use-den-har-and-det-har\/\">Den h\u00e4r<\/a> nyb\u00f6rjarv\u00e4nliga guiden kommer att f\u00f6renkla k\u00e4rnkomponenterna i maorigrammatiken f\u00f6r en visuellt engagerande och informativ resa.<\/p>\n\n\n\n<h3 class=\"wp-block-heading\" id=\"h-1-starting-with-the-basics-maori-alphabet-and-pronunciation\">1. B\u00f6rja med grunderna: Maori-alfabetet och uttal<\/h3>\n\n\n\n<p>Maori anv\u00e4nder ett modifierat latinskt alfabet som best\u00e5r av bara 15 bokst\u00e4ver: fem vokaler (a, e, i, o och u) och tio konsonanter (h, k, m, n, p, r, t, w, ng och wh). Bekanta dig med dessa bokst\u00e4ver och deras distinkta uttal, eftersom de l\u00e4gger grunden f\u00f6r all efterf\u00f6ljande maorisk grammatikinl\u00e4rning.<\/p>\n\n\n\n<h3 class=\"wp-block-heading\" id=\"h-2-exploring-maori-sentence-structure\">2. Utforska maoriernas meningsstruktur<\/h3>\n\n\n\n<p>I grund och botten f\u00f6ljer maorigrammatiken en enkel subjekt-verb-struktur (-objekt), d\u00e4r verbet vanligtvis f\u00f6reg\u00e5r subjektet. Det tydligaste s\u00e4ttet att f\u00f6rst\u00e5 <a href=\"https:\/\/talkpal.ai\/culture\/how-do-i-use-den-har-and-det-har\/\">den h\u00e4r<\/a> strukturen \u00e4r att se den i praktiken:<\/p>\n\n\n\n<p><strong>Svenska: Barnet leker.<\/strong><\/p>\n\n\n\n<p><strong>Maori: Kei te t\u0101karo te tamaiti.<\/strong><\/p>\n\n\n\n<p>P\u00e5 maori anges verbets tempus genom en kombination av partiklar eller genom att l\u00e4gga till en tidsangivelse i meningen.<\/p>\n\n\n\n<h3 class=\"wp-block-heading\" id=\"h-3-demystifying-particles-building-blocks-of-maori-grammar\">3. Avmystifierande partiklar: Byggstenar i maorisk grammatik<\/h3>\n\n\n\n<p>Partiklar spelar en avg\u00f6rande roll i <a href=\"https:\/\/talkpal.ai\/maori-grammar\/\">maorisk grammatik<\/a> och l\u00e4nkar samman ord och fraser f\u00f6r att skapa sammanh\u00e4ngande och uttrycksfulla meningar. Som nyb\u00f6rjare b\u00f6r du fokusera p\u00e5 att f\u00f6rst\u00e5 n\u00e5gra viktiga partiklar:<\/p>\n\n\n\n<p><strong>&#8211; Kia: anv\u00e4nds f\u00f6r kommandon, \u00f6nskningar och f\u00f6r att ange syftet med en handling.<\/strong><\/p>\n\n\n\n<p><strong>&#8211; Kei: anv\u00e4nds f\u00f6r att bilda kontinuerligt tempus.<\/strong><\/p>\n\n\n\n<p><strong>&#8211; Ko: anv\u00e4nds f\u00f6r att markera \u00e4mnet i en mening.<\/strong><\/p>\n\n\n\n<h3 class=\"wp-block-heading\" id=\"h-4-getting-to-know-maori-pronouns\">4. L\u00e4r k\u00e4nna maoriska pronomen<\/h3>\n\n\n\n<p>Pronomen p\u00e5 maori ers\u00e4tter substantiv och hj\u00e4lper till att h\u00e5lla dina konversationer naturliga och flytande. Som nyb\u00f6rjare b\u00f6r du koncentrera dig p\u00e5 att f\u00f6rst\u00e5 personliga och possessiva pronomen:<\/p>\n\n\n\n<p>Personliga pronomen: ahau (jag), koe (du, singular), ia (han\/hon), t\u0101ua (vi, inklusive tilltalad person), m\u0101ua (vi, exklusive tilltalad person), koutou (du, plural), r\u0101tau (de)<\/p>\n\n\n\n<p>Possessiva pronomen: taku\/t\u014dku (min), t\u014du (ur, singular), t\u014dna (hans\/hennes), t\u014d t\u0101ua (v\u00e5r, inklusive talare och lyssnare), t\u014d m\u0101ua (v\u00e5r, talare och n\u00e5gon annan), t\u014d koutou (ur, plural), t\u014d r\u0101tau (deras)<\/p>\n\n\n\n<h3 class=\"wp-block-heading\" id=\"h-5-navigating-maori-nouns-and-adjectives\">5. Navigera bland maoriska substantiv och adjektiv<\/h3>\n\n\n\n<p>Maoriska substantiv och adjektiv f\u00f6ljer enkla grammatiska regler, vilket g\u00f6r det l\u00e4tt f\u00f6r nyb\u00f6rjare att f\u00f6rst\u00e5. Adjektiv f\u00f6ljer vanligtvis det substantiv som de beskriver, och plural av substantiv inneb\u00e4r att man l\u00e4gger till en partikel, &#8221;ng\u0101&#8221;, f\u00f6re substantivet. Till exempel:<\/p>\n\n\n\n<p><strong>Te whare nui &#8211; &#8221;det stora huset&#8221;<\/strong><\/p>\n\n\n\n<p><strong>Ng\u0101 tamariki &#8211; &#8221;barnen&#8221;<\/strong><\/p>\n\n\n\n<p>D\u00e4r har du det! Du har tagit de f\u00f6rsta stegen mot att beh\u00e4rska maorisk grammatik och berika din resa med det maoriska spr\u00e5ket och kulturen. Kom ih\u00e5g att \u00f6vning, uth\u00e5llighet och f\u00f6rdjupning \u00e4r avg\u00f6rande f\u00f6r framg\u00e5ng, s\u00e5 engagera dig med modersm\u00e5lstalare, utforska maoritexter och st\u00e4rk din spr\u00e5kliga grund. Kia kaha! (Go strong!)<\/p>\n<\/div><\/div>\n\r\n<section class=\"learnNavigationSection\">\r\n            \r\n        <a href=\"https:\/\/talkpal.ai\/sv\/lar-dig-maori\/\">\r\n            <div class=\"learnNavigationWrapper\">\r\n                <div class=\"learnNavigationContent\">\r\n                    <img decoding=\"async\" src=\"https:\/\/talkpal.ai\/wp-content\/uploads\/2024\/08\/Maori.jpg\" alt=\"New Zealand Flag\">\r\n                    <div>\r\n                        <h4>Lektioner i maori grammatik<\/h4>\r\n                        <p>Ta reda p\u00e5 allt om maorisk grammatik.<\/p>\r\n                    <\/div>\r\n                <\/div>\r\n            <\/div>\r\n        <\/a>\r\n\r\n        \r\n        <a href=\"https:\/\/talkpal.ai\/sv\/maori-grammatikovningar\/\">\r\n            <div class=\"learnNavigationWrapper\">\r\n                <div class=\"learnNavigationContent\">\r\n                    <img decoding=\"async\" src=\"https:\/\/talkpal.ai\/wp-content\/uploads\/2024\/08\/Maori.jpg\" alt=\"New Zealand Flag\">\r\n                    <div>\r\n                        <h4>\u00d6vning i maori grammatik<\/h4>\r\n                        <p>\u00d6va p\u00e5 maorisk grammatik.<\/p>\r\n                    <\/div>\r\n                <\/div>\r\n            <\/div>\r\n        <\/a>\r\n\r\n        \r\n        <a href=\"https:\/\/talkpal.ai\/vocabulary_language\/maori\/\">\r\n            <div class=\"learnNavigationWrapper\">\r\n                <div class=\"learnNavigationContent\">\r\n                    <img decoding=\"async\" src=\"https:\/\/talkpal.ai\/wp-content\/uploads\/2024\/08\/Maori.jpg\" alt=\"New Zealand Flag\">\r\n                    <div>\r\n                        <h4>Ordf\u00f6rr\u00e5d fr\u00e5n maori<\/h4>\r\n                        <p>Ut\u00f6ka din maoriska vokabul\u00e4r.<\/p>\r\n                    <\/div>\r\n                <\/div>\r\n            <\/div>\r\n        <\/a>\r\n\r\n            <\/section>","protected":false},"excerpt":{"rendered":"<p>Maorisk grammatik: Din biljett till en pulserande bikulturell v\u00e4rld Kia ora! V\u00e4lkommen till maorispr\u00e5kets underbara v\u00e4rld. Maori eller te reo Maori \u00e4r Nya Zeelands inhemska spr\u00e5k och ger dig en unik m\u00f6jlighet att komma i kontakt med en ur\u00e5ldrig kultur och dess livliga spr\u00e5kgemenskap. Som alla spr\u00e5k kan maorisk grammatik verka utmanande, men oroa dig [&hellip;]<\/p>\n","protected":false},"author":1,"featured_media":28501,"parent":0,"menu_order":0,"comment_status":"closed","ping_status":"closed","template":"LearningContentPage.php","meta":{"_acf_changed":false,"footnotes":""},"class_list":["post-147875","page","type-page","status-publish","has-post-thumbnail","hentry"],"acf":[],"yoast_head":"<!-- This site is optimized with the Yoast SEO Premium plugin v27.2 (Yoast SEO v27.2) - https:\/\/yoast.com\/product\/yoast-seo-premium-wordpress\/ -->\n<title>Maorisk grammatik - Talkpal<\/title>\n<meta name=\"description\" content=\"Utforska grunderna i maorisk grammatik med v\u00e5r nyb\u00f6rjarv\u00e4nliga guide. Uppt\u00e4ck de 15 bokst\u00e4verna och de viktigaste reglerna i te reo Maori.\" \/>\n<meta name=\"robots\" content=\"index, follow, max-snippet:-1, max-image-preview:large, max-video-preview:-1\" \/>\n<link rel=\"canonical\" href=\"https:\/\/talkpal.ai\/sv\/maorisk-grammatik\/\" \/>\n<meta property=\"og:locale\" content=\"sv_SE\" \/>\n<meta property=\"og:type\" content=\"article\" \/>\n<meta property=\"og:title\" content=\"Maorisk grammatik\" \/>\n<meta property=\"og:description\" content=\"Maorisk grammatik: Din biljett till en pulserande bikulturell v\u00e4rld Kia ora! V\u00e4lkommen till maorispr\u00e5kets underbara v\u00e4rld. Maori eller te reo Maori \u00e4r Nya\" \/>\n<meta property=\"og:url\" content=\"https:\/\/talkpal.ai\/sv\/maorisk-grammatik\/\" \/>\n<meta property=\"og:site_name\" content=\"Talkpal\" \/>\n<meta property=\"article:publisher\" content=\"https:\/\/www.facebook.com\/profile.php?id=100090733639311\" \/>\n<meta property=\"article:modified_time\" content=\"2025-12-17T16:43:27+00:00\" \/>\n<meta property=\"og:image\" content=\"https:\/\/talkpal.ai\/wp-content\/uploads\/2023\/05\/Maori-new-zealand.png\" \/>\n\t<meta property=\"og:image:width\" content=\"512\" \/>\n\t<meta property=\"og:image:height\" content=\"512\" \/>\n\t<meta property=\"og:image:type\" content=\"image\/png\" \/>\n<meta name=\"twitter:card\" content=\"summary_large_image\" \/>\n<meta name=\"twitter:site\" content=\"@talkpalai\" \/>\n<meta name=\"twitter:label1\" content=\"Ber\u00e4knad l\u00e4stid\" \/>\n\t<meta name=\"twitter:data1\" content=\"3 minuter\" \/>\n<script type=\"application\/ld+json\" class=\"yoast-schema-graph\">{\"@context\":\"https:\/\/schema.org\",\"@graph\":[{\"@type\":\"WebPage\",\"@id\":\"https:\/\/talkpal.ai\/sv\/maorisk-grammatik\/\",\"url\":\"https:\/\/talkpal.ai\/sv\/maorisk-grammatik\/\",\"name\":\"Maorisk grammatik - Talkpal\",\"isPartOf\":{\"@id\":\"https:\/\/talkpal.ai\/sv\/#website\"},\"primaryImageOfPage\":{\"@id\":\"https:\/\/talkpal.ai\/sv\/maorisk-grammatik\/#primaryimage\"},\"image\":{\"@id\":\"https:\/\/talkpal.ai\/sv\/maorisk-grammatik\/#primaryimage\"},\"thumbnailUrl\":\"https:\/\/talkpal.ai\/wp-content\/uploads\/2023\/05\/Maori-new-zealand.png\",\"datePublished\":\"2023-05-14T14:12:25+00:00\",\"dateModified\":\"2025-12-17T16:43:27+00:00\",\"description\":\"Utforska grunderna i maorisk grammatik med v\u00e5r nyb\u00f6rjarv\u00e4nliga guide. Uppt\u00e4ck de 15 bokst\u00e4verna och de viktigaste reglerna i te reo Maori.\",\"breadcrumb\":{\"@id\":\"https:\/\/talkpal.ai\/sv\/maorisk-grammatik\/#breadcrumb\"},\"inLanguage\":\"sv-SE\",\"potentialAction\":[{\"@type\":\"ReadAction\",\"target\":[\"https:\/\/talkpal.ai\/sv\/maorisk-grammatik\/\"]}]},{\"@type\":\"ImageObject\",\"inLanguage\":\"sv-SE\",\"@id\":\"https:\/\/talkpal.ai\/sv\/maorisk-grammatik\/#primaryimage\",\"url\":\"https:\/\/talkpal.ai\/wp-content\/uploads\/2023\/05\/Maori-new-zealand.png\",\"contentUrl\":\"https:\/\/talkpal.ai\/wp-content\/uploads\/2023\/05\/Maori-new-zealand.png\",\"width\":512,\"height\":512},{\"@type\":\"BreadcrumbList\",\"@id\":\"https:\/\/talkpal.ai\/sv\/maorisk-grammatik\/#breadcrumb\",\"itemListElement\":[{\"@type\":\"ListItem\",\"position\":1,\"name\":\"Homepage\",\"item\":\"https:\/\/talkpal.ai\/sv\/\"},{\"@type\":\"ListItem\",\"position\":2,\"name\":\"Maorisk grammatik\"}]},{\"@type\":\"WebSite\",\"@id\":\"https:\/\/talkpal.ai\/sv\/#website\",\"url\":\"https:\/\/talkpal.ai\/sv\/\",\"name\":\"Talkpal\",\"description\":\"AI Language Learning\",\"publisher\":{\"@id\":\"https:\/\/talkpal.ai\/sv\/#organization\"},\"alternateName\":\"Talkpal AI\",\"potentialAction\":[{\"@type\":\"SearchAction\",\"target\":{\"@type\":\"EntryPoint\",\"urlTemplate\":\"https:\/\/talkpal.ai\/sv\/?s={search_term_string}\"},\"query-input\":{\"@type\":\"PropertyValueSpecification\",\"valueRequired\":true,\"valueName\":\"search_term_string\"}}],\"inLanguage\":\"sv-SE\"},{\"@type\":\"Organization\",\"@id\":\"https:\/\/talkpal.ai\/sv\/#organization\",\"name\":\"Talkpal, Inc.\",\"alternateName\":\"Talkpal AI\",\"url\":\"https:\/\/talkpal.ai\/sv\/\",\"logo\":{\"@type\":\"ImageObject\",\"inLanguage\":\"sv-SE\",\"@id\":\"https:\/\/talkpal.ai\/sv\/#\/schema\/logo\/image\/\",\"url\":\"https:\/\/talkpal.ai\/wp-content\/uploads\/2024\/03\/Talkpal-Logo-Icon.png\",\"contentUrl\":\"https:\/\/talkpal.ai\/wp-content\/uploads\/2024\/03\/Talkpal-Logo-Icon.png\",\"width\":2880,\"height\":2880,\"caption\":\"Talkpal, Inc.\"},\"image\":{\"@id\":\"https:\/\/talkpal.ai\/sv\/#\/schema\/logo\/image\/\"},\"sameAs\":[\"https:\/\/www.facebook.com\/profile.php?id=100090733639311\",\"https:\/\/x.com\/talkpalai\",\"https:\/\/www.linkedin.com\/company\/talkpal\/\",\"https:\/\/www.youtube.com\/@TalkPal\/\",\"https:\/\/www.tiktok.com\/@talkpal\",\"https:\/\/www.instagram.com\/talkpal_ai\/\",\"https:\/\/www.crunchbase.com\/organization\/talkpal-9cde\",\"https:\/\/www.g2.com\/products\/talkpal-for-business\/\",\"https:\/\/www.trustpilot.com\/review\/talkpal.ai\",\"https:\/\/www.capterra.com\/p\/10006800\/TalkPal\/\"],\"description\":\"Talkpal is a language learning web and mobile education app, powered by the latest AI technologies, that provides engaging experiences to its customers in many different languages to help them improve their language skills. Users can chat about unlimited amount of topics with the app and use other modes to practice their language learning.\",\"email\":\"support@talkpal.ai\",\"legalName\":\"Talkpal, Inc.\",\"foundingDate\":\"2023-04-03\",\"duns\":\"118989042\",\"numberOfEmployees\":{\"@type\":\"QuantitativeValue\",\"minValue\":\"11\",\"maxValue\":\"50\"},\"publishingPrinciples\":\"https:\/\/talkpal.ai\/publishing-principles\/\",\"actionableFeedbackPolicy\":\"https:\/\/talkpal.ai\/actionable-feedback-policy\/\",\"correctionsPolicy\":\"https:\/\/talkpal.ai\/corrections-policy\/\",\"ethicsPolicy\":\"https:\/\/talkpal.ai\/ethics-policy\/\",\"diversityPolicy\":\"https:\/\/talkpal.ai\/diversity-policy\/\",\"diversityStaffingReport\":\"https:\/\/talkpal.ai\/diversity-policy\/\"}]}<\/script>\n<!-- \/ Yoast SEO Premium plugin. -->","yoast_head_json":{"title":"Maorisk grammatik - Talkpal","description":"Utforska grunderna i maorisk grammatik med v\u00e5r nyb\u00f6rjarv\u00e4nliga guide. Uppt\u00e4ck de 15 bokst\u00e4verna och de viktigaste reglerna i te reo Maori.","robots":{"index":"index","follow":"follow","max-snippet":"max-snippet:-1","max-image-preview":"max-image-preview:large","max-video-preview":"max-video-preview:-1"},"canonical":"https:\/\/talkpal.ai\/sv\/maorisk-grammatik\/","og_locale":"sv_SE","og_type":"article","og_title":"Maorisk grammatik","og_description":"Maorisk grammatik: Din biljett till en pulserande bikulturell v\u00e4rld Kia ora! V\u00e4lkommen till maorispr\u00e5kets underbara v\u00e4rld. Maori eller te reo Maori \u00e4r Nya","og_url":"https:\/\/talkpal.ai\/sv\/maorisk-grammatik\/","og_site_name":"Talkpal","article_publisher":"https:\/\/www.facebook.com\/profile.php?id=100090733639311","article_modified_time":"2025-12-17T16:43:27+00:00","og_image":[{"width":512,"height":512,"url":"https:\/\/talkpal.ai\/wp-content\/uploads\/2023\/05\/Maori-new-zealand.png","type":"image\/png"}],"twitter_card":"summary_large_image","twitter_site":"@talkpalai","twitter_misc":{"Ber\u00e4knad l\u00e4stid":"3 minuter"},"schema":{"@context":"https:\/\/schema.org","@graph":[{"@type":"WebPage","@id":"https:\/\/talkpal.ai\/sv\/maorisk-grammatik\/","url":"https:\/\/talkpal.ai\/sv\/maorisk-grammatik\/","name":"Maorisk grammatik - Talkpal","isPartOf":{"@id":"https:\/\/talkpal.ai\/sv\/#website"},"primaryImageOfPage":{"@id":"https:\/\/talkpal.ai\/sv\/maorisk-grammatik\/#primaryimage"},"image":{"@id":"https:\/\/talkpal.ai\/sv\/maorisk-grammatik\/#primaryimage"},"thumbnailUrl":"https:\/\/talkpal.ai\/wp-content\/uploads\/2023\/05\/Maori-new-zealand.png","datePublished":"2023-05-14T14:12:25+00:00","dateModified":"2025-12-17T16:43:27+00:00","description":"Utforska grunderna i maorisk grammatik med v\u00e5r nyb\u00f6rjarv\u00e4nliga guide. Uppt\u00e4ck de 15 bokst\u00e4verna och de viktigaste reglerna i te reo Maori.","breadcrumb":{"@id":"https:\/\/talkpal.ai\/sv\/maorisk-grammatik\/#breadcrumb"},"inLanguage":"sv-SE","potentialAction":[{"@type":"ReadAction","target":["https:\/\/talkpal.ai\/sv\/maorisk-grammatik\/"]}]},{"@type":"ImageObject","inLanguage":"sv-SE","@id":"https:\/\/talkpal.ai\/sv\/maorisk-grammatik\/#primaryimage","url":"https:\/\/talkpal.ai\/wp-content\/uploads\/2023\/05\/Maori-new-zealand.png","contentUrl":"https:\/\/talkpal.ai\/wp-content\/uploads\/2023\/05\/Maori-new-zealand.png","width":512,"height":512},{"@type":"BreadcrumbList","@id":"https:\/\/talkpal.ai\/sv\/maorisk-grammatik\/#breadcrumb","itemListElement":[{"@type":"ListItem","position":1,"name":"Homepage","item":"https:\/\/talkpal.ai\/sv\/"},{"@type":"ListItem","position":2,"name":"Maorisk grammatik"}]},{"@type":"WebSite","@id":"https:\/\/talkpal.ai\/sv\/#website","url":"https:\/\/talkpal.ai\/sv\/","name":"Talkpal","description":"AI Language Learning","publisher":{"@id":"https:\/\/talkpal.ai\/sv\/#organization"},"alternateName":"Talkpal AI","potentialAction":[{"@type":"SearchAction","target":{"@type":"EntryPoint","urlTemplate":"https:\/\/talkpal.ai\/sv\/?s={search_term_string}"},"query-input":{"@type":"PropertyValueSpecification","valueRequired":true,"valueName":"search_term_string"}}],"inLanguage":"sv-SE"},{"@type":"Organization","@id":"https:\/\/talkpal.ai\/sv\/#organization","name":"Talkpal, Inc.","alternateName":"Talkpal AI","url":"https:\/\/talkpal.ai\/sv\/","logo":{"@type":"ImageObject","inLanguage":"sv-SE","@id":"https:\/\/talkpal.ai\/sv\/#\/schema\/logo\/image\/","url":"https:\/\/talkpal.ai\/wp-content\/uploads\/2024\/03\/Talkpal-Logo-Icon.png","contentUrl":"https:\/\/talkpal.ai\/wp-content\/uploads\/2024\/03\/Talkpal-Logo-Icon.png","width":2880,"height":2880,"caption":"Talkpal, Inc."},"image":{"@id":"https:\/\/talkpal.ai\/sv\/#\/schema\/logo\/image\/"},"sameAs":["https:\/\/www.facebook.com\/profile.php?id=100090733639311","https:\/\/x.com\/talkpalai","https:\/\/www.linkedin.com\/company\/talkpal\/","https:\/\/www.youtube.com\/@TalkPal\/","https:\/\/www.tiktok.com\/@talkpal","https:\/\/www.instagram.com\/talkpal_ai\/","https:\/\/www.crunchbase.com\/organization\/talkpal-9cde","https:\/\/www.g2.com\/products\/talkpal-for-business\/","https:\/\/www.trustpilot.com\/review\/talkpal.ai","https:\/\/www.capterra.com\/p\/10006800\/TalkPal\/"],"description":"Talkpal is a language learning web and mobile education app, powered by the latest AI technologies, that provides engaging experiences to its customers in many different languages to help them improve their language skills. Users can chat about unlimited amount of topics with the app and use other modes to practice their language learning.","email":"support@talkpal.ai","legalName":"Talkpal, Inc.","foundingDate":"2023-04-03","duns":"118989042","numberOfEmployees":{"@type":"QuantitativeValue","minValue":"11","maxValue":"50"},"publishingPrinciples":"https:\/\/talkpal.ai\/publishing-principles\/","actionableFeedbackPolicy":"https:\/\/talkpal.ai\/actionable-feedback-policy\/","correctionsPolicy":"https:\/\/talkpal.ai\/corrections-policy\/","ethicsPolicy":"https:\/\/talkpal.ai\/ethics-policy\/","diversityPolicy":"https:\/\/talkpal.ai\/diversity-policy\/","diversityStaffingReport":"https:\/\/talkpal.ai\/diversity-policy\/"}]}},"_links":{"self":[{"href":"https:\/\/talkpal.ai\/sv\/wp-json\/wp\/v2\/pages\/147875","targetHints":{"allow":["GET"]}}],"collection":[{"href":"https:\/\/talkpal.ai\/sv\/wp-json\/wp\/v2\/pages"}],"about":[{"href":"https:\/\/talkpal.ai\/sv\/wp-json\/wp\/v2\/types\/page"}],"author":[{"embeddable":true,"href":"https:\/\/talkpal.ai\/sv\/wp-json\/wp\/v2\/users\/1"}],"replies":[{"embeddable":true,"href":"https:\/\/talkpal.ai\/sv\/wp-json\/wp\/v2\/comments?post=147875"}],"version-history":[{"count":0,"href":"https:\/\/talkpal.ai\/sv\/wp-json\/wp\/v2\/pages\/147875\/revisions"}],"wp:featuredmedia":[{"embeddable":true,"href":"https:\/\/talkpal.ai\/sv\/wp-json\/wp\/v2\/media\/28501"}],"wp:attachment":[{"href":"https:\/\/talkpal.ai\/sv\/wp-json\/wp\/v2\/media?parent=147875"}],"curies":[{"name":"wp","href":"https:\/\/api.w.org\/{rel}","templated":true}]}}