{"id":1478270,"date":"2025-11-12T17:34:19","date_gmt":"2025-11-12T17:34:19","guid":{"rendered":"https:\/\/talkpal.ai\/zulu-grammatik\/"},"modified":"2025-12-30T13:32:34","modified_gmt":"2025-12-30T13:32:34","slug":"zulu-grammatik","status":"publish","type":"page","link":"https:\/\/talkpal.ai\/sv\/zulu-grammatik\/","title":{"rendered":"Zulu Grammatik"},"content":{"rendered":"\r\n\r\n\r\n<section class=\"languageChallengeSection\">\r\n    <div class=\"languageInfoWrapper\">\r\n        \r\n        <h1>Zulu Grammatik<\/h1>\r\n        <p>Zulugrammatiken kan verka utmanande till en b\u00f6rjan, men dess unika egenskaper g\u00f6r det till en givande upplevelse att l\u00e4ra sig spr\u00e5ket. Genom att utforska alfabetet, mutationer och grammatikregler f\u00e5r du en inblick i en rik spr\u00e5klig tradition. B\u00f6rja din resa och uppt\u00e4ck sk\u00f6nheten i <a href=\"https:\/\/talkpal.ai\/learn-zulu\/\">Zulu<\/a>!<\/p>\r\n\r\n                            <a class=\"getStartedHidden\" href=\"https:\/\/app.talkpal.ai\/sv\/signup?lng=\">Kom ig\u00e5ng<\/a>\r\n        \r\n    <\/div>\r\n\r\n    <figure>\r\n    <img decoding=\"async\" width=\"768\" height=\"768\" src=\"https:\/\/talkpal.ai\/wp-content\/uploads\/2023\/06\/welsh-768x768.png\" class=\"languageImage no-lazy\" alt=\"Default alt text\" fetchpriority=\"high\" sizes=\"(max-width: 768px) 150px, 768px\" srcset=\"https:\/\/talkpal.ai\/wp-content\/uploads\/2023\/06\/welsh-768x768.png 768w, https:\/\/talkpal.ai\/wp-content\/uploads\/2023\/06\/welsh-300x300.png 300w\" \/>\r\n    \r\n\r\n    <\/figure>\r\n\r\n            <a class=\"getStartedVisible\" href=\"https:\/\/app.talkpal.ai\/sv\/signup?lng=\">Kom ig\u00e5ng<\/a>\r\n    \r\n<\/section><section class=\"promotionalBanner\">\r\n    <p class=\"promotionalText\">Det mest effektiva s\u00e4ttet att l\u00e4ra sig ett spr\u00e5k<\/p>\r\n    <a class=\"promotionalLink\" href=\"https:\/\/app.talkpal.ai\/sv\/signup?lng=\">Prova Talkpal gratis<\/a>\r\n<\/section>\n<div class=\"wp-block-group pageContainerStyle\"><div class=\"wp-block-group__inner-container is-layout-constrained wp-block-group-is-layout-constrained\">\n<h2 class=\"wp-block-heading\" id=\"h-navigating-the-intricacies-of-zulu-grammar\">Navigera i kr\u00e5ngligheterna i zulugrammatiken<\/h2>\n\n\n\n<p><a href=\"https:\/\/talkpal.ai\/sv\/lar-dig-zulu\/\">Zulu<\/a>, ett sydligt bantuspr\u00e5k i Nguni-gruppen med en rik historia och kulturell betydelse, erbjuder en sp\u00e4nnande spr\u00e5klig upplevelse f\u00f6r dem som \u00e4r ivriga att utforska dess unika grammatiksystem. N\u00e4r du ger dig in i zuluriket kommer du inte bara att berika din spr\u00e5kliga repertoar utan ocks\u00e5 omfamna en fascinerande kulturell resa. Zulugrammatiken kan verka komplicerad till en b\u00f6rjan, men om man bryter ner den i k\u00e4rnkomponenter blir det l\u00e4ttare att l\u00e4ra sig spr\u00e5ket. I <a href=\"https:\/\/talkpal.ai\/culture\/how-do-i-use-den-har-and-det-har\/\">den h\u00e4r<\/a> artikeln kommer vi att utforska den f\u00e4ngslande v\u00e4rlden av zulugrammatik och ge tips om hur man bem\u00e4strar dess komplexitet.<\/p>\n\n\n\n<h3 class=\"wp-block-heading\" id=\"h-1-zulu-alphabet-and-phonetics\">1. Zulualfabetet och fonetik<\/h3>\n\n\n\n<p>Zuluskriftsystemet anv\u00e4nder det latinska alfabetet och representerar distinkta ljud, inklusive klickkonsonanter skrivna som c, q och x, samt aspirerade konsonanter skrivna med digrafer som ph, th och kh. <a href=\"https:\/\/talkpal.ai\/learn-zulu\/\">Zulu<\/a> har fem vokalbokst\u00e4ver (a, e, i, o, u) och \u00e4r ett tonalt spr\u00e5k, d\u00e4r tonh\u00f6jd kan urskilja betydelse, \u00e4ven om ton inte markeras i standardortografi. F\u00f6r att l\u00e4ra sig zulugrammatik \u00e4r det viktigt att bli bekant med detta ljudsystem genom att \u00f6va p\u00e5 att l\u00e4sa, lyssna och <a href=\"https:\/\/talkpal.ai\/locations\/language-courses-in-tala\/\">tala<\/a> p\u00e5 zulu.<\/p>\n\n\n\n<h3 class=\"wp-block-heading\" id=\"h-2-noun-classes-and-concords-a-distinctive-zulu-feature\">2. Substantivklasser och konkordieskrifter: Ett utm\u00e4rkande drag hos Zulu<\/h3>\n\n\n\n<p>En av de mest sl\u00e5ende aspekterna av zulugrammatiken \u00e4r dess omfattande system av substantivklasser, var och en markerad med ett specifikt prefix och parad med ett n\u00e4tverk av konkordie. Substantivklasser driver \u00f6verensst\u00e4mmelse \u00f6ver hela meningen och p\u00e5verkar subjektsmark\u00f6rer, objektmark\u00f6rer, adjektiv, possessiv, demonstrativ och sl\u00e4ktingar. Att f\u00f6rst\u00e5 n\u00e4r och hur dessa \u00f6verensst\u00e4mmelser uppst\u00e5r \u00e4r avg\u00f6rande f\u00f6r korrekt kommunikation p\u00e5 zulu.<\/p>\n\n\n\n<h3 class=\"wp-block-heading\" id=\"h-3-nouns-and-pronouns-noun-classes-and-agreement\">3. Substantiv och pronomen: Substantivklasser och kongruens<\/h3>\n\n\n\n<p>Zulusubstantiv tillh\u00f6r substantivklasser snarare \u00e4n grammatiskt genus, och deras pluralformer best\u00e4ms av klasspar (till exempel umuntu, abantu). Pronomen p\u00e5 zulu inkluderar oberoende former (mina, wena, yena, thina, nina, bona), possessiva former byggda med possessiva stammar som -ami, -akho, -akhe som \u00f6verensst\u00e4mmer med substantivklassen (incwadi yami, izincwadi zami), reflexiv markering p\u00e5 verb (zi-), demonstrativ som \u00f6verensst\u00e4mmer med substantivklass (lo, laba, le, lezi) och interrogativ (ubani, ini, kuphi, nini, kanjani). Att bekanta sig med dessa former och deras \u00f6verensst\u00e4mmelsem\u00f6nster kommer att avsev\u00e4rt f\u00f6rb\u00e4ttra ditt grepp om zulugrammatiken.<\/p>\n\n\n\n<h3 class=\"wp-block-heading\" id=\"h-4-verbs-structure-and-conjugation\">4. Verb: Struktur och konjugation<\/h3>\n\n\n\n<p>Zulu-verb f\u00f6ljer en rik agglutinerande struktur som kodar subjekt, objekt, tempus, aspekt, st\u00e4mning och polaritet. K\u00e4rntempus inkluderar nutid (ngiyabona eller ngibona), d\u00e5tid (perfekt -ile, ngibonile) och framtid med zo- (ngizobona), med ytterligare modus som <a href=\"https:\/\/talkpal.ai\/ja\/grammar_exercises\/konjunktiv-%e3%83%89%e3%82%a4%e3%83%84%e6%96%87%e6%b3%95%e3%81%ae%e6%bc%94%e7%bf%92\/\">konjunktiv<\/a> (final -e) och <a href=\"https:\/\/talkpal.ai\/ja\/grammar_exercises\/imperatif-%e3%83%95%e3%83%a9%e3%83%b3%e3%82%b9%e3%81%ae%e6%96%87%e6%b3%95%e3%81%ae%e3%81%9f%e3%82%81%e3%81%ae%e6%bc%94%e7%bf%92\/\">imperativ<\/a> (hamba, hambani). <a href=\"https:\/\/talkpal.ai\/zh-hans\/grammar_exercises\/negazione-%e6%84%8f%e5%a4%a7%e5%88%a9%e8%af%ad%e6%b3%95%e7%bb%83%e4%b9%a0\/\">Negation<\/a> markeras vanligtvis med a- och finala -i (angiboni, akaboni). Att l\u00e4ra sig verbmallen och vanliga till\u00e4gg (kausativ -isa, applikativ -ela, reciprok -ana, <a href=\"https:\/\/talkpal.ai\/ja\/grammar\/%e5%8f%97%e5%8b%95%e6%85%8b\/\">passiv<\/a> -wa) kommer att f\u00f6rb\u00e4ttra din f\u00f6rm\u00e5ga att kommunicera effektivt p\u00e5 zulu.<\/p>\n\n\n\n<h3 class=\"wp-block-heading\" id=\"h-5-adjectives-agreement-and-placement\">5. Adjektiv: \u00d6verenskommelse och placering<\/h3>\n\n\n\n<p>I zulugrammatiken f\u00f6ljer adjektiv vanligtvis substantivet de modifierar och \u00f6verensst\u00e4mmer med substantivklassen med hj\u00e4lp av ett adjektivkonord. Zulu har en begr\u00e4nsad upps\u00e4ttning riktiga adjektivstammar (som -khulu stor, -ncane liten, -mnyama m\u00f6rk, -de l\u00e5ng), och m\u00e5nga beskrivande betydelser uttrycks med relativa konstruktioner. Komparativ och superlativ bildas ofta perifert, till exempel med hj\u00e4lp av kakhulu (mycket) och j\u00e4mf\u00f6relse med ukwedlula eller ngaphezu kuka f\u00f6r &#8221;mer \u00e4n&#8221;.<\/p>\n\n\n\n<p><strong>Exempel:<\/strong><\/p>\n\n\n\n<p><strong>\u2013 uthando olukhulu (stor k\u00e4rlek)<\/strong><\/p>\n\n\n\n<p><strong>\u2013 Izingane ezincane (sm\u00e5 barn)<\/strong><\/p>\n\n\n\n<h3 class=\"wp-block-heading\" id=\"h-6-engaging-with-the-language\">6. Engagera sig i spr\u00e5ket<\/h3>\n\n\n\n<p>Det mest effektiva s\u00e4ttet att fullt ut f\u00f6rst\u00e5 och internalisera zulugrammatiken \u00e4r att konsekvent engagera sig i spr\u00e5ket. Genom att l\u00e4sa zululitteratur, titta p\u00e5 zulufilmer eller tv-serier, lyssna p\u00e5 radio och musik p\u00e5 zulu och aktivt kommunicera med personer som har spr\u00e5ket som modersm\u00e5l kommer du att f\u00f6rst\u00e4rka din f\u00f6rst\u00e5else av <a href=\"https:\/\/talkpal.ai\/fr\/les\/\">grammatik<\/a> samtidigt som du ut\u00f6kar ditt ordf\u00f6rr\u00e5d.<\/p>\n\n\n\n<h3 class=\"wp-block-heading\" id=\"h-conclusion\">Slutsats<\/h3>\n\n\n\n<p>\u00c4ven om zulugrammatiken kan verka invecklad kan du bli skicklig i detta vackra spr\u00e5k med engagemang, \u00f6vning och entusiasm. Genom att fokusera p\u00e5 de grundl\u00e4ggande reglerna och engagera dig i spr\u00e5ket i olika sammanhang kommer du snabbt att f\u00f6rb\u00e4ttra dina <a href=\"https:\/\/talkpal.ai\/sv\/grammatik\/\">zulugrammatikkunskaper<\/a>. Lycka till med din zuluspr\u00e5kresa och njut av att nysta upp den g\u00e5tfulla men f\u00e4ngslande v\u00e4rlden av zulugrammatik!<\/p>\n<\/div><\/div>\n\r\n<section class=\"learnNavigationSection\">\r\n            \r\n        <a href=\"https:\/\/talkpal.ai\/sv\/lar-dig-zulu\/\">\r\n            <div class=\"learnNavigationWrapper\">\r\n                <div class=\"learnNavigationContent\">\r\n                    <img decoding=\"async\" src=\"https:\/\/talkpal.ai\/wp-content\/uploads\/2025\/11\/Zulu.png\" alt=\"South African Flag\">\r\n                    <div>\r\n                        <h4>Om Zulu Learning<\/h4>\r\n                        <p>Ta reda p\u00e5 allt om zulugrammatik.<\/p>\r\n                    <\/div>\r\n                <\/div>\r\n            <\/div>\r\n        <\/a>\r\n\r\n        \r\n        <a href=\"https:\/\/talkpal.ai\/sv\/zulu-grammatikovningar\/\">\r\n            <div class=\"learnNavigationWrapper\">\r\n                <div class=\"learnNavigationContent\">\r\n                    <img decoding=\"async\" src=\"https:\/\/talkpal.ai\/wp-content\/uploads\/2025\/11\/Zulu.png\" alt=\"South African Flag\">\r\n                    <div>\r\n                        <h4>Zulu grammatik\u00f6vning<\/h4>\r\n                        <p>\u00d6va p\u00e5 zulu-grammatik.<\/p>\r\n                    <\/div>\r\n                <\/div>\r\n            <\/div>\r\n        <\/a>\r\n\r\n            <\/section>","protected":false},"excerpt":{"rendered":"<p>Navigera i kr\u00e5ngligheterna i zulugrammatiken Zulu, ett sydligt bantuspr\u00e5k i Nguni-gruppen med en rik historia och kulturell betydelse, erbjuder en sp\u00e4nnande spr\u00e5klig upplevelse f\u00f6r dem som \u00e4r ivriga att utforska dess unika grammatiksystem. N\u00e4r du ger dig in i zuluriket kommer du inte bara att berika din spr\u00e5kliga repertoar utan ocks\u00e5 omfamna en fascinerande kulturell [&hellip;]<\/p>\n","protected":false},"author":20,"featured_media":0,"parent":0,"menu_order":0,"comment_status":"closed","ping_status":"closed","template":"LearningContentPage.php","meta":{"_acf_changed":false,"footnotes":""},"class_list":["post-1478270","page","type-page","status-publish","hentry"],"acf":[],"yoast_head":"<!-- This site is optimized with the Yoast SEO Premium plugin v27.2 (Yoast SEO v27.2) - https:\/\/yoast.com\/product\/yoast-seo-premium-wordpress\/ -->\n<title>Zulu Grammatik - Talkpal<\/title>\n<meta name=\"description\" content=\"L\u00e4r dig Zulu-grammatikens komplexitet med v\u00e5r omfattande AI-drivna guide som \u00e4r utformad f\u00f6r snabb och effektiv spr\u00e5kinl\u00e4rning.\" \/>\n<meta name=\"robots\" content=\"index, follow, max-snippet:-1, max-image-preview:large, max-video-preview:-1\" \/>\n<link rel=\"canonical\" href=\"https:\/\/talkpal.ai\/sv\/zulu-grammatik\/\" \/>\n<meta property=\"og:locale\" content=\"sv_SE\" \/>\n<meta property=\"og:type\" content=\"article\" \/>\n<meta property=\"og:title\" content=\"Zulu Grammatik\" \/>\n<meta property=\"og:description\" content=\"Navigera i kr\u00e5ngligheterna i zulugrammatiken Zulu, ett sydligt bantuspr\u00e5k i Nguni-gruppen med en rik historia och kulturell betydelse, erbjuder en\" \/>\n<meta property=\"og:url\" content=\"https:\/\/talkpal.ai\/sv\/zulu-grammatik\/\" \/>\n<meta property=\"og:site_name\" content=\"Talkpal\" \/>\n<meta property=\"article:publisher\" content=\"https:\/\/www.facebook.com\/profile.php?id=100090733639311\" \/>\n<meta property=\"article:modified_time\" content=\"2025-12-30T13:32:34+00:00\" \/>\n<meta property=\"og:image\" content=\"https:\/\/talkpal.ai\/wp-content\/uploads\/2025\/02\/Progress-tab-16_9.png\" \/>\n\t<meta property=\"og:image:width\" content=\"2880\" \/>\n\t<meta property=\"og:image:height\" content=\"1620\" \/>\n\t<meta property=\"og:image:type\" content=\"image\/png\" \/>\n<meta name=\"twitter:card\" content=\"summary_large_image\" \/>\n<meta name=\"twitter:site\" content=\"@talkpalai\" \/>\n<meta name=\"twitter:label1\" content=\"Ber\u00e4knad l\u00e4stid\" \/>\n\t<meta name=\"twitter:data1\" content=\"4 minuter\" \/>\n<script type=\"application\/ld+json\" class=\"yoast-schema-graph\">{\"@context\":\"https:\/\/schema.org\",\"@graph\":[{\"@type\":\"WebPage\",\"@id\":\"https:\/\/talkpal.ai\/sv\/zulu-grammatik\/\",\"url\":\"https:\/\/talkpal.ai\/sv\/zulu-grammatik\/\",\"name\":\"Zulu Grammatik - Talkpal\",\"isPartOf\":{\"@id\":\"https:\/\/talkpal.ai\/sv\/#website\"},\"datePublished\":\"2025-11-12T17:34:19+00:00\",\"dateModified\":\"2025-12-30T13:32:34+00:00\",\"description\":\"L\u00e4r dig Zulu-grammatikens komplexitet med v\u00e5r omfattande AI-drivna guide som \u00e4r utformad f\u00f6r snabb och effektiv spr\u00e5kinl\u00e4rning.\",\"breadcrumb\":{\"@id\":\"https:\/\/talkpal.ai\/sv\/zulu-grammatik\/#breadcrumb\"},\"inLanguage\":\"sv-SE\",\"potentialAction\":[{\"@type\":\"ReadAction\",\"target\":[\"https:\/\/talkpal.ai\/sv\/zulu-grammatik\/\"]}]},{\"@type\":\"BreadcrumbList\",\"@id\":\"https:\/\/talkpal.ai\/sv\/zulu-grammatik\/#breadcrumb\",\"itemListElement\":[{\"@type\":\"ListItem\",\"position\":1,\"name\":\"Homepage\",\"item\":\"https:\/\/talkpal.ai\/sv\/\"},{\"@type\":\"ListItem\",\"position\":2,\"name\":\"Zulu Grammatik\"}]},{\"@type\":\"WebSite\",\"@id\":\"https:\/\/talkpal.ai\/sv\/#website\",\"url\":\"https:\/\/talkpal.ai\/sv\/\",\"name\":\"Talkpal\",\"description\":\"AI Language Learning\",\"publisher\":{\"@id\":\"https:\/\/talkpal.ai\/sv\/#organization\"},\"alternateName\":\"Talkpal AI\",\"potentialAction\":[{\"@type\":\"SearchAction\",\"target\":{\"@type\":\"EntryPoint\",\"urlTemplate\":\"https:\/\/talkpal.ai\/sv\/?s={search_term_string}\"},\"query-input\":{\"@type\":\"PropertyValueSpecification\",\"valueRequired\":true,\"valueName\":\"search_term_string\"}}],\"inLanguage\":\"sv-SE\"},{\"@type\":\"Organization\",\"@id\":\"https:\/\/talkpal.ai\/sv\/#organization\",\"name\":\"Talkpal, Inc.\",\"alternateName\":\"Talkpal AI\",\"url\":\"https:\/\/talkpal.ai\/sv\/\",\"logo\":{\"@type\":\"ImageObject\",\"inLanguage\":\"sv-SE\",\"@id\":\"https:\/\/talkpal.ai\/sv\/#\/schema\/logo\/image\/\",\"url\":\"https:\/\/talkpal.ai\/wp-content\/uploads\/2024\/03\/Talkpal-Logo-Icon.png\",\"contentUrl\":\"https:\/\/talkpal.ai\/wp-content\/uploads\/2024\/03\/Talkpal-Logo-Icon.png\",\"width\":2880,\"height\":2880,\"caption\":\"Talkpal, Inc.\"},\"image\":{\"@id\":\"https:\/\/talkpal.ai\/sv\/#\/schema\/logo\/image\/\"},\"sameAs\":[\"https:\/\/www.facebook.com\/profile.php?id=100090733639311\",\"https:\/\/x.com\/talkpalai\",\"https:\/\/www.linkedin.com\/company\/talkpal\/\",\"https:\/\/www.youtube.com\/@TalkPal\/\",\"https:\/\/www.tiktok.com\/@talkpal\",\"https:\/\/www.instagram.com\/talkpal_ai\/\",\"https:\/\/www.crunchbase.com\/organization\/talkpal-9cde\",\"https:\/\/www.g2.com\/products\/talkpal-for-business\/\",\"https:\/\/www.trustpilot.com\/review\/talkpal.ai\",\"https:\/\/www.capterra.com\/p\/10006800\/TalkPal\/\"],\"description\":\"Talkpal is a language learning web and mobile education app, powered by the latest AI technologies, that provides engaging experiences to its customers in many different languages to help them improve their language skills. Users can chat about unlimited amount of topics with the app and use other modes to practice their language learning.\",\"email\":\"support@talkpal.ai\",\"legalName\":\"Talkpal, Inc.\",\"foundingDate\":\"2023-04-03\",\"duns\":\"118989042\",\"numberOfEmployees\":{\"@type\":\"QuantitativeValue\",\"minValue\":\"11\",\"maxValue\":\"50\"},\"publishingPrinciples\":\"https:\/\/talkpal.ai\/publishing-principles\/\",\"actionableFeedbackPolicy\":\"https:\/\/talkpal.ai\/actionable-feedback-policy\/\",\"correctionsPolicy\":\"https:\/\/talkpal.ai\/corrections-policy\/\",\"ethicsPolicy\":\"https:\/\/talkpal.ai\/ethics-policy\/\",\"diversityPolicy\":\"https:\/\/talkpal.ai\/diversity-policy\/\",\"diversityStaffingReport\":\"https:\/\/talkpal.ai\/diversity-policy\/\"}]}<\/script>\n<!-- \/ Yoast SEO Premium plugin. -->","yoast_head_json":{"title":"Zulu Grammatik - Talkpal","description":"L\u00e4r dig Zulu-grammatikens komplexitet med v\u00e5r omfattande AI-drivna guide som \u00e4r utformad f\u00f6r snabb och effektiv spr\u00e5kinl\u00e4rning.","robots":{"index":"index","follow":"follow","max-snippet":"max-snippet:-1","max-image-preview":"max-image-preview:large","max-video-preview":"max-video-preview:-1"},"canonical":"https:\/\/talkpal.ai\/sv\/zulu-grammatik\/","og_locale":"sv_SE","og_type":"article","og_title":"Zulu Grammatik","og_description":"Navigera i kr\u00e5ngligheterna i zulugrammatiken Zulu, ett sydligt bantuspr\u00e5k i Nguni-gruppen med en rik historia och kulturell betydelse, erbjuder en","og_url":"https:\/\/talkpal.ai\/sv\/zulu-grammatik\/","og_site_name":"Talkpal","article_publisher":"https:\/\/www.facebook.com\/profile.php?id=100090733639311","article_modified_time":"2025-12-30T13:32:34+00:00","og_image":[{"width":2880,"height":1620,"url":"https:\/\/talkpal.ai\/wp-content\/uploads\/2025\/02\/Progress-tab-16_9.png","type":"image\/png"}],"twitter_card":"summary_large_image","twitter_site":"@talkpalai","twitter_misc":{"Ber\u00e4knad l\u00e4stid":"4 minuter"},"schema":{"@context":"https:\/\/schema.org","@graph":[{"@type":"WebPage","@id":"https:\/\/talkpal.ai\/sv\/zulu-grammatik\/","url":"https:\/\/talkpal.ai\/sv\/zulu-grammatik\/","name":"Zulu Grammatik - Talkpal","isPartOf":{"@id":"https:\/\/talkpal.ai\/sv\/#website"},"datePublished":"2025-11-12T17:34:19+00:00","dateModified":"2025-12-30T13:32:34+00:00","description":"L\u00e4r dig Zulu-grammatikens komplexitet med v\u00e5r omfattande AI-drivna guide som \u00e4r utformad f\u00f6r snabb och effektiv spr\u00e5kinl\u00e4rning.","breadcrumb":{"@id":"https:\/\/talkpal.ai\/sv\/zulu-grammatik\/#breadcrumb"},"inLanguage":"sv-SE","potentialAction":[{"@type":"ReadAction","target":["https:\/\/talkpal.ai\/sv\/zulu-grammatik\/"]}]},{"@type":"BreadcrumbList","@id":"https:\/\/talkpal.ai\/sv\/zulu-grammatik\/#breadcrumb","itemListElement":[{"@type":"ListItem","position":1,"name":"Homepage","item":"https:\/\/talkpal.ai\/sv\/"},{"@type":"ListItem","position":2,"name":"Zulu Grammatik"}]},{"@type":"WebSite","@id":"https:\/\/talkpal.ai\/sv\/#website","url":"https:\/\/talkpal.ai\/sv\/","name":"Talkpal","description":"AI Language Learning","publisher":{"@id":"https:\/\/talkpal.ai\/sv\/#organization"},"alternateName":"Talkpal AI","potentialAction":[{"@type":"SearchAction","target":{"@type":"EntryPoint","urlTemplate":"https:\/\/talkpal.ai\/sv\/?s={search_term_string}"},"query-input":{"@type":"PropertyValueSpecification","valueRequired":true,"valueName":"search_term_string"}}],"inLanguage":"sv-SE"},{"@type":"Organization","@id":"https:\/\/talkpal.ai\/sv\/#organization","name":"Talkpal, Inc.","alternateName":"Talkpal AI","url":"https:\/\/talkpal.ai\/sv\/","logo":{"@type":"ImageObject","inLanguage":"sv-SE","@id":"https:\/\/talkpal.ai\/sv\/#\/schema\/logo\/image\/","url":"https:\/\/talkpal.ai\/wp-content\/uploads\/2024\/03\/Talkpal-Logo-Icon.png","contentUrl":"https:\/\/talkpal.ai\/wp-content\/uploads\/2024\/03\/Talkpal-Logo-Icon.png","width":2880,"height":2880,"caption":"Talkpal, Inc."},"image":{"@id":"https:\/\/talkpal.ai\/sv\/#\/schema\/logo\/image\/"},"sameAs":["https:\/\/www.facebook.com\/profile.php?id=100090733639311","https:\/\/x.com\/talkpalai","https:\/\/www.linkedin.com\/company\/talkpal\/","https:\/\/www.youtube.com\/@TalkPal\/","https:\/\/www.tiktok.com\/@talkpal","https:\/\/www.instagram.com\/talkpal_ai\/","https:\/\/www.crunchbase.com\/organization\/talkpal-9cde","https:\/\/www.g2.com\/products\/talkpal-for-business\/","https:\/\/www.trustpilot.com\/review\/talkpal.ai","https:\/\/www.capterra.com\/p\/10006800\/TalkPal\/"],"description":"Talkpal is a language learning web and mobile education app, powered by the latest AI technologies, that provides engaging experiences to its customers in many different languages to help them improve their language skills. Users can chat about unlimited amount of topics with the app and use other modes to practice their language learning.","email":"support@talkpal.ai","legalName":"Talkpal, Inc.","foundingDate":"2023-04-03","duns":"118989042","numberOfEmployees":{"@type":"QuantitativeValue","minValue":"11","maxValue":"50"},"publishingPrinciples":"https:\/\/talkpal.ai\/publishing-principles\/","actionableFeedbackPolicy":"https:\/\/talkpal.ai\/actionable-feedback-policy\/","correctionsPolicy":"https:\/\/talkpal.ai\/corrections-policy\/","ethicsPolicy":"https:\/\/talkpal.ai\/ethics-policy\/","diversityPolicy":"https:\/\/talkpal.ai\/diversity-policy\/","diversityStaffingReport":"https:\/\/talkpal.ai\/diversity-policy\/"}]}},"_links":{"self":[{"href":"https:\/\/talkpal.ai\/sv\/wp-json\/wp\/v2\/pages\/1478270","targetHints":{"allow":["GET"]}}],"collection":[{"href":"https:\/\/talkpal.ai\/sv\/wp-json\/wp\/v2\/pages"}],"about":[{"href":"https:\/\/talkpal.ai\/sv\/wp-json\/wp\/v2\/types\/page"}],"author":[{"embeddable":true,"href":"https:\/\/talkpal.ai\/sv\/wp-json\/wp\/v2\/users\/20"}],"replies":[{"embeddable":true,"href":"https:\/\/talkpal.ai\/sv\/wp-json\/wp\/v2\/comments?post=1478270"}],"version-history":[{"count":0,"href":"https:\/\/talkpal.ai\/sv\/wp-json\/wp\/v2\/pages\/1478270\/revisions"}],"wp:attachment":[{"href":"https:\/\/talkpal.ai\/sv\/wp-json\/wp\/v2\/media?parent=1478270"}],"curies":[{"name":"wp","href":"https:\/\/api.w.org\/{rel}","templated":true}]}}