{"id":1478148,"date":"2025-11-12T16:46:50","date_gmt":"2025-11-12T16:46:50","guid":{"rendered":"https:\/\/talkpal.ai\/singalesiska-grammatikovningar\/"},"modified":"2025-12-30T11:06:53","modified_gmt":"2025-12-30T11:06:53","slug":"singalesiska-grammatikovningar","status":"publish","type":"page","link":"https:\/\/talkpal.ai\/sv\/singalesiska-grammatikovningar\/","title":{"rendered":"Singalesiska grammatik\u00f6vningar"},"content":{"rendered":"\r\n\r\n\r\n<section class=\"languageChallengeSection\">\r\n    <div class=\"languageInfoWrapper\">\r\n        \r\n        <h1>Singalesiska grammatik\u00f6vningar<\/h1>\r\n        <p>\u00c4r du redo att dyka ner i singalesisk <a href=\"https:\/\/talkpal.ai\/fr\/les\/\">grammatik<\/a>? Genom att \u00f6va p\u00e5 n\u00e5gra grunder kan du bli bekv\u00e4m med detta unika och vackra spr\u00e5k. Prova dessa \u00f6vningar f\u00f6r att bygga upp ditt sj\u00e4lvf\u00f6rtroende och ha lite kul p\u00e5 v\u00e4gen!<\/p>\r\n\r\n                            <a class=\"getStartedHidden\" href=\"https:\/\/app.talkpal.ai\/sv\/signup?lng=\">Kom ig\u00e5ng<\/a>\r\n        \r\n    <\/div>\r\n\r\n    <figure>\r\n    <img decoding=\"async\" width=\"768\" height=\"768\" src=\"https:\/\/talkpal.ai\/wp-content\/uploads\/2023\/06\/welsh-768x768.png\" class=\"languageImage no-lazy\" alt=\"Default alt text\" fetchpriority=\"high\" sizes=\"(max-width: 768px) 150px, 768px\" srcset=\"https:\/\/talkpal.ai\/wp-content\/uploads\/2023\/06\/welsh-768x768.png 768w, https:\/\/talkpal.ai\/wp-content\/uploads\/2023\/06\/welsh-300x300.png 300w\" \/>\r\n    \r\n\r\n    <\/figure>\r\n\r\n            <a class=\"getStartedVisible\" href=\"https:\/\/app.talkpal.ai\/sv\/signup?lng=\">Kom ig\u00e5ng<\/a>\r\n    \r\n<\/section><section class=\"promotionalBanner\">\r\n    <p class=\"promotionalText\">Det mest effektiva s\u00e4ttet att l\u00e4ra sig ett spr\u00e5k<\/p>\r\n    <a class=\"promotionalLink\" href=\"https:\/\/app.talkpal.ai\/sv\/signup?lng=\">Prova Talkpal gratis<\/a>\r\n<\/section>\n<div class=\"wp-block-group pageContainerStyle\"><div class=\"wp-block-group__inner-container is-layout-constrained wp-block-group-is-layout-constrained\">\n<h2 class=\"wp-block-heading\" id=\"h-sinhala-grammar-topics\">Singalesiska grammatik \u00e4mnen<\/h2>\n\n\n\n<p><a href=\"https:\/\/talkpal.ai\/sv\/de-storsta-misstagen-att-undvika-nar-man-lar-sig-ett-nytt-sprak\/\">Att l\u00e4ra sig ett nytt spr\u00e5k<\/a> kan vara en utmanande men givande str\u00e4van. <a href=\"https:\/\/talkpal.ai\/learn-sinhala\/\">Singalesiska<\/a>, ett indoariskt spr\u00e5k som fr\u00e4mst <a href=\"https:\/\/talkpal.ai\/locations\/language-courses-in-talas\/\">talas<\/a> i Sri Lanka, \u00e4r inget undantag. Med sina unika egenskaper och strukturer kr\u00e4ver <a href=\"https:\/\/talkpal.ai\/sv\/talkpal-for-utbildning\/\">inl\u00e4rning<\/a> av <a href=\"https:\/\/talkpal.ai\/learn-sinhala\/\">singalesiska<\/a> ett systematiskt tillv\u00e4gag\u00e5ngss\u00e4tt f\u00f6r att f\u00f6rst\u00e5 dess grammatik. <a href=\"https:\/\/talkpal.ai\/culture\/how-do-i-use-den-har-and-det-har\/\">Den h\u00e4r<\/a> guiden beskriver de viktigaste omr\u00e5dena i <a href=\"https:\/\/talkpal.ai\/sv\/singalesisk-grammatik\/\">singalesisk grammatik<\/a> i en logisk sekvens f\u00f6r <a href=\"https:\/\/talkpal.ai\/sv\/talkpal-for-utbildning\/\">spr\u00e5kinl\u00e4rning<\/a>, med b\u00f6rjan fr\u00e5n grunderna som substantiv och artiklar, och g\u00e5r vidare till mer komplexa omr\u00e5den som tempus och meningsbyggnad.<\/p>\n\n\n\n<h3 class=\"wp-block-heading\" id=\"h-1-nouns\">1. Substantiv:<\/h3>\n\n\n\n<p>B\u00f6rja din singalesiska spr\u00e5kresa genom att l\u00e4ra dig substantiven. Detta inkluderar att f\u00f6rst\u00e5 de olika kategorierna av substantiv, s\u00e5som vanliga och egennamn samt deras pluralformer och hur numerus och best\u00e4mdhet uttrycks i sammanhanget.<\/p>\n\n\n\n<h3 class=\"wp-block-heading\" id=\"h-2-articles\">2. Artiklar:<\/h3>\n\n\n\n<p>Singalesiska anv\u00e4nder inte best\u00e4mda eller obest\u00e4mda artiklar p\u00e5 samma s\u00e4tt som <a href=\"https:\/\/talkpal.ai\/ai-english-speaking-practice\/\">engelskan<\/a>. Obest\u00e4mdhet med r\u00e4knesubstantiv visas ofta med ett suffix som -ek eller -ak, medan best\u00e4mdhet vanligtvis indikeras av kontext och partiklar som den specifika objektmark\u00f6ren -wa.<\/p>\n\n\n\n<h3 class=\"wp-block-heading\" id=\"h-3-adjectives\">3. Adjektiv:<\/h3>\n\n\n\n<p>Adjektiv p\u00e5 singalesiska kommer vanligtvis f\u00f6re de substantiv de modifierar. De \u00e4ndras i allm\u00e4nhet inte f\u00f6r nummer eller k\u00f6n. L\u00e4r dig hur du bildar komparativ med wada som betyder mer och vanliga s\u00e4tt att uttrycka superlativen, ofta med <a href=\"https:\/\/talkpal.ai\/locations\/language-courses-in-tama\/\">tama<\/a> och betoningsmark\u00f6rer.<\/p>\n\n\n\n<h3 class=\"wp-block-heading\" id=\"h-4-pronouns-determiners\">4. Pronomen\/best\u00e4mningsfaktorer:<\/h3>\n\n\n\n<p>Pronomen och best\u00e4mningar \u00e4r viktiga p\u00e5 singalesiska; De \u00e5terspeglar person, antal och niv\u00e5er av artighet eller hedersbetygelser. Besittning visas vanligen med genitivmark\u00f6ren -ge. Demonstrationer som det <a href=\"https:\/\/talkpal.ai\/locations\/language-courses-in-ena\/\">ena<\/a> och det andra och kvantifierare hj\u00e4lper till att specificera referens och kvantitet.<\/p>\n\n\n\n<h3 class=\"wp-block-heading\" id=\"h-5-verbs\">5. Verb:<\/h3>\n\n\n\n<p>Singalesiska verb \u00e4ndrar form beroende p\u00e5 tempus, polaritet och ibland artighet, snarare \u00e4n person eller numerus. B\u00f6rja med de nuvarande formerna som anv\u00e4nds i dagligt tal, utforska sedan det f\u00f6rflutna och framtiden, s\u00e5v\u00e4l som <a href=\"https:\/\/talkpal.ai\/ja\/grammar_exercises\/imperatif-%e3%83%95%e3%83%a9%e3%83%b3%e3%82%b9%e3%81%ae%e6%96%87%e6%b3%95%e3%81%ae%e3%81%9f%e3%82%81%e3%81%ae%e6%bc%94%e7%bf%92\/\">imperativ<\/a> och negativa.<\/p>\n\n\n\n<h3 class=\"wp-block-heading\" id=\"h-6-tenses\">6. Tempus:<\/h3>\n\n\n\n<p>N\u00e4r du har beh\u00e4rskat verbformerna kan du f\u00f6rdjupa dig i singalesiska tempus. Fokusera p\u00e5 nutid, d\u00e5tid och framtid och l\u00e4r dig hur perfekta betydelser byggs upp med hj\u00e4lpmedel som tiyenawa har och inna be i vardagligt spr\u00e5kbruk.<\/p>\n\n\n\n<h3 class=\"wp-block-heading\" id=\"h-7-tense-comparison\">7. Sp\u00e4nd j\u00e4mf\u00f6relse:<\/h3>\n\n\n\n<p>Att j\u00e4mf\u00f6ra tempus p\u00e5 singalesiska hj\u00e4lper till att f\u00f6rst\u00e5 h\u00e4ndelsef\u00f6rloppet och aspekten av h\u00e4ndelser. Att anv\u00e4nda samma verb i nutid, d\u00e5tid, framtid och perfektliknande konstruktioner kommer att klarg\u00f6ra hur singalesiska uttrycker tid och fullbordan.<\/p>\n\n\n\n<h3 class=\"wp-block-heading\" id=\"h-8-progressive\">8. Progressiv:<\/h3>\n\n\n\n<p>De progressiva p\u00e5 singalesiska uttrycker p\u00e5g\u00e5ende handlingar. Det bildas vanligen med participet -min plus verbet inna att vara, och i dagligt tal f\u00f6rmedlar presens med -nawa ofta ocks\u00e5 en p\u00e5g\u00e5ende betydelse.<\/p>\n\n\n\n<h3 class=\"wp-block-heading\" id=\"h-9-perfect-progressive\">9. Perfekt progressiv:<\/h3>\n\n\n\n<p>Detta anv\u00e4nds f\u00f6r att uttrycka \u00e5tg\u00e4rder som har p\u00e5g\u00e5tt fram till en viss punkt. Singalesiska f\u00f6rmedlar ofta detta med kombinationer som d\u00e5tid particip + inna f\u00f6r ett fortsatt resultat eller preteritum particip + tiyenawa f\u00f6r att visa ett fortsatt tillst\u00e5nd fram till nu, beroende p\u00e5 sammanhanget.<\/p>\n\n\n\n<h3 class=\"wp-block-heading\" id=\"h-10-conditionals\">10. Villkor:<\/h3>\n\n\n\n<p>Konditionaler uttrycker hypotetiska situationer och deras m\u00f6jliga utfall. Singalesiska anv\u00e4nder partiklar som nam eller nang och villkorliga verbm\u00f6nster f\u00f6r att markera verkliga, hypotetiska och kontrafaktiska f\u00f6rh\u00e5llanden.<\/p>\n\n\n\n<h3 class=\"wp-block-heading\" id=\"h-11-adverbs\">11. Adverb:<\/h3>\n\n\n\n<p>Adverb p\u00e5 singalesiska modifierar verb, adjektiv eller andra adverb. M\u00e5nga \u00e4r formade med den instrumentella mark\u00f6ren -in f\u00f6r att indikera s\u00e4tt, och <a href=\"https:\/\/talkpal.ai\/culture\/how-do-i-use-det-finns-correctly\/\">det finns<\/a> dedikerade ord f\u00f6r tid, plats, grad och frekvens.<\/p>\n\n\n\n<h3 class=\"wp-block-heading\" id=\"h-12-prepositions\">12. Prepositioner:<\/h3>\n\n\n\n<p>Singalesiska anv\u00e4nder i f\u00f6rsta hand postpositioner och kasuspartiklar snarare \u00e4n prepositioner. Relationer mellan tid, plats, riktning och andra l\u00e4nkar uttrycks med mark\u00f6rer som -\u1e6da dativ, -ge genitiv, -i instrumental och lokativ form.<\/p>\n\n\n\n<h3 class=\"wp-block-heading\" id=\"h-13-sentences\">13. Meningar:<\/h3>\n\n\n\n<p>Slutligen, \u00f6va p\u00e5 att konstruera meningar. Singalesiska f\u00f6ljer vanligtvis ett subjekt, objekt, verb, ordf\u00f6ljd och f\u00f6rlitar sig p\u00e5 partiklar f\u00f6r fr\u00e5gor och betoning. Detta kommer att inneb\u00e4ra att man anv\u00e4nder alla tidigare inl\u00e4rda grammatiska punkter i sitt sammanhang, vilket s\u00e4kerst\u00e4ller en omfattande f\u00f6rst\u00e5else av det singalesiska spr\u00e5ket.<\/p>\n<\/div><\/div>\n\r\n<section class=\"learnNavigationSection\">\r\n            \r\n        <a href=\"https:\/\/talkpal.ai\/sv\/lar-dig-singalesiska\/\">\r\n            <div class=\"learnNavigationWrapper\">\r\n                <div class=\"learnNavigationContent\">\r\n                    <img decoding=\"async\" src=\"https:\/\/talkpal.ai\/wp-content\/uploads\/2025\/11\/Sinhala.png\" alt=\"Sri Lankan Flag\">\r\n                    <div>\r\n                        <h4>Om singalesiskt l\u00e4rande<\/h4>\r\n                        <p>Ta reda p\u00e5 allt om singalesisk grammatik.<\/p>\r\n                    <\/div>\r\n                <\/div>\r\n            <\/div>\r\n        <\/a>\r\n\r\n        \r\n        <a href=\"https:\/\/talkpal.ai\/sv\/singalesisk-grammatik\/\">\r\n            <div class=\"learnNavigationWrapper\">\r\n                <div class=\"learnNavigationContent\">\r\n                    <img decoding=\"async\" src=\"https:\/\/talkpal.ai\/wp-content\/uploads\/2025\/11\/Sinhala.png\" alt=\"Sri Lankan Flag\">\r\n                    <div>\r\n                        <h4>Singalesiska grammatiklektioner<\/h4>\r\n                        <p>\u00d6va singalesisk grammatik.<\/p>\r\n                    <\/div>\r\n                <\/div>\r\n            <\/div>\r\n        <\/a>\r\n\r\n            <\/section>","protected":false},"excerpt":{"rendered":"<p>Singalesiska grammatik \u00e4mnen Att l\u00e4ra sig ett nytt spr\u00e5k kan vara en utmanande men givande str\u00e4van. Singalesiska, ett indoariskt spr\u00e5k som fr\u00e4mst talas i Sri Lanka, \u00e4r inget undantag. Med sina unika egenskaper och strukturer kr\u00e4ver inl\u00e4rning av singalesiska ett systematiskt tillv\u00e4gag\u00e5ngss\u00e4tt f\u00f6r att f\u00f6rst\u00e5 dess grammatik. Den h\u00e4r guiden beskriver de viktigaste omr\u00e5dena i [&hellip;]<\/p>\n","protected":false},"author":20,"featured_media":0,"parent":0,"menu_order":0,"comment_status":"closed","ping_status":"closed","template":"LearningContentPage.php","meta":{"_acf_changed":false,"footnotes":""},"class_list":["post-1478148","page","type-page","status-publish","hentry"],"acf":[],"yoast_head":"<!-- This site is optimized with the Yoast SEO Premium plugin v27.2 (Yoast SEO v27.2) - https:\/\/yoast.com\/product\/yoast-seo-premium-wordpress\/ -->\n<title>Singalesiska grammatik\u00f6vningar - Talkpal<\/title>\n<meta name=\"description\" content=\"Beh\u00e4rska singalesisk grammatik med interaktiva \u00f6vningar som t\u00e4cker substantiv, verb och tempus f\u00f6r att effektivt f\u00f6rb\u00e4ttra ditt spr\u00e5kkunnande.\" \/>\n<meta name=\"robots\" content=\"index, follow, max-snippet:-1, max-image-preview:large, max-video-preview:-1\" \/>\n<link rel=\"canonical\" href=\"https:\/\/talkpal.ai\/sv\/singalesiska-grammatikovningar\/\" \/>\n<meta property=\"og:locale\" content=\"sv_SE\" \/>\n<meta property=\"og:type\" content=\"article\" \/>\n<meta property=\"og:title\" content=\"Singalesiska grammatik\u00f6vningar\" \/>\n<meta property=\"og:description\" content=\"Singalesiska grammatik \u00e4mnen Att l\u00e4ra sig ett nytt spr\u00e5k kan vara en utmanande men givande str\u00e4van. Singalesiska, ett indoariskt spr\u00e5k som fr\u00e4mst talas i\" \/>\n<meta property=\"og:url\" content=\"https:\/\/talkpal.ai\/sv\/singalesiska-grammatikovningar\/\" \/>\n<meta property=\"og:site_name\" content=\"Talkpal\" \/>\n<meta property=\"article:publisher\" content=\"https:\/\/www.facebook.com\/profile.php?id=100090733639311\" \/>\n<meta property=\"article:modified_time\" content=\"2025-12-30T11:06:53+00:00\" \/>\n<meta property=\"og:image\" content=\"https:\/\/talkpal.ai\/wp-content\/uploads\/2025\/02\/Progress-tab-16_9.png\" \/>\n\t<meta property=\"og:image:width\" content=\"2880\" \/>\n\t<meta property=\"og:image:height\" content=\"1620\" \/>\n\t<meta property=\"og:image:type\" content=\"image\/png\" \/>\n<meta name=\"twitter:card\" content=\"summary_large_image\" \/>\n<meta name=\"twitter:site\" content=\"@talkpalai\" \/>\n<meta name=\"twitter:label1\" content=\"Ber\u00e4knad l\u00e4stid\" \/>\n\t<meta name=\"twitter:data1\" content=\"3 minuter\" \/>\n<script type=\"application\/ld+json\" class=\"yoast-schema-graph\">{\"@context\":\"https:\/\/schema.org\",\"@graph\":[{\"@type\":\"WebPage\",\"@id\":\"https:\/\/talkpal.ai\/sv\/singalesiska-grammatikovningar\/\",\"url\":\"https:\/\/talkpal.ai\/sv\/singalesiska-grammatikovningar\/\",\"name\":\"Singalesiska grammatik\u00f6vningar - Talkpal\",\"isPartOf\":{\"@id\":\"https:\/\/talkpal.ai\/sv\/#website\"},\"datePublished\":\"2025-11-12T16:46:50+00:00\",\"dateModified\":\"2025-12-30T11:06:53+00:00\",\"description\":\"Beh\u00e4rska singalesisk grammatik med interaktiva \u00f6vningar som t\u00e4cker substantiv, verb och tempus f\u00f6r att effektivt f\u00f6rb\u00e4ttra ditt spr\u00e5kkunnande.\",\"breadcrumb\":{\"@id\":\"https:\/\/talkpal.ai\/sv\/singalesiska-grammatikovningar\/#breadcrumb\"},\"inLanguage\":\"sv-SE\",\"potentialAction\":[{\"@type\":\"ReadAction\",\"target\":[\"https:\/\/talkpal.ai\/sv\/singalesiska-grammatikovningar\/\"]}]},{\"@type\":\"BreadcrumbList\",\"@id\":\"https:\/\/talkpal.ai\/sv\/singalesiska-grammatikovningar\/#breadcrumb\",\"itemListElement\":[{\"@type\":\"ListItem\",\"position\":1,\"name\":\"Homepage\",\"item\":\"https:\/\/talkpal.ai\/sv\/\"},{\"@type\":\"ListItem\",\"position\":2,\"name\":\"Singalesiska grammatik\u00f6vningar\"}]},{\"@type\":\"WebSite\",\"@id\":\"https:\/\/talkpal.ai\/sv\/#website\",\"url\":\"https:\/\/talkpal.ai\/sv\/\",\"name\":\"Talkpal\",\"description\":\"AI Language Learning\",\"publisher\":{\"@id\":\"https:\/\/talkpal.ai\/sv\/#organization\"},\"alternateName\":\"Talkpal AI\",\"potentialAction\":[{\"@type\":\"SearchAction\",\"target\":{\"@type\":\"EntryPoint\",\"urlTemplate\":\"https:\/\/talkpal.ai\/sv\/?s={search_term_string}\"},\"query-input\":{\"@type\":\"PropertyValueSpecification\",\"valueRequired\":true,\"valueName\":\"search_term_string\"}}],\"inLanguage\":\"sv-SE\"},{\"@type\":\"Organization\",\"@id\":\"https:\/\/talkpal.ai\/sv\/#organization\",\"name\":\"Talkpal, Inc.\",\"alternateName\":\"Talkpal AI\",\"url\":\"https:\/\/talkpal.ai\/sv\/\",\"logo\":{\"@type\":\"ImageObject\",\"inLanguage\":\"sv-SE\",\"@id\":\"https:\/\/talkpal.ai\/sv\/#\/schema\/logo\/image\/\",\"url\":\"https:\/\/talkpal.ai\/wp-content\/uploads\/2024\/03\/Talkpal-Logo-Icon.png\",\"contentUrl\":\"https:\/\/talkpal.ai\/wp-content\/uploads\/2024\/03\/Talkpal-Logo-Icon.png\",\"width\":2880,\"height\":2880,\"caption\":\"Talkpal, Inc.\"},\"image\":{\"@id\":\"https:\/\/talkpal.ai\/sv\/#\/schema\/logo\/image\/\"},\"sameAs\":[\"https:\/\/www.facebook.com\/profile.php?id=100090733639311\",\"https:\/\/x.com\/talkpalai\",\"https:\/\/www.linkedin.com\/company\/talkpal\/\",\"https:\/\/www.youtube.com\/@TalkPal\/\",\"https:\/\/www.tiktok.com\/@talkpal\",\"https:\/\/www.instagram.com\/talkpal_ai\/\",\"https:\/\/www.crunchbase.com\/organization\/talkpal-9cde\",\"https:\/\/www.g2.com\/products\/talkpal-for-business\/\",\"https:\/\/www.trustpilot.com\/review\/talkpal.ai\",\"https:\/\/www.capterra.com\/p\/10006800\/TalkPal\/\"],\"description\":\"Talkpal is a language learning web and mobile education app, powered by the latest AI technologies, that provides engaging experiences to its customers in many different languages to help them improve their language skills. Users can chat about unlimited amount of topics with the app and use other modes to practice their language learning.\",\"email\":\"support@talkpal.ai\",\"legalName\":\"Talkpal, Inc.\",\"foundingDate\":\"2023-04-03\",\"duns\":\"118989042\",\"numberOfEmployees\":{\"@type\":\"QuantitativeValue\",\"minValue\":\"11\",\"maxValue\":\"50\"},\"publishingPrinciples\":\"https:\/\/talkpal.ai\/publishing-principles\/\",\"actionableFeedbackPolicy\":\"https:\/\/talkpal.ai\/actionable-feedback-policy\/\",\"correctionsPolicy\":\"https:\/\/talkpal.ai\/corrections-policy\/\",\"ethicsPolicy\":\"https:\/\/talkpal.ai\/ethics-policy\/\",\"diversityPolicy\":\"https:\/\/talkpal.ai\/diversity-policy\/\",\"diversityStaffingReport\":\"https:\/\/talkpal.ai\/diversity-policy\/\"}]}<\/script>\n<!-- \/ Yoast SEO Premium plugin. -->","yoast_head_json":{"title":"Singalesiska grammatik\u00f6vningar - Talkpal","description":"Beh\u00e4rska singalesisk grammatik med interaktiva \u00f6vningar som t\u00e4cker substantiv, verb och tempus f\u00f6r att effektivt f\u00f6rb\u00e4ttra ditt spr\u00e5kkunnande.","robots":{"index":"index","follow":"follow","max-snippet":"max-snippet:-1","max-image-preview":"max-image-preview:large","max-video-preview":"max-video-preview:-1"},"canonical":"https:\/\/talkpal.ai\/sv\/singalesiska-grammatikovningar\/","og_locale":"sv_SE","og_type":"article","og_title":"Singalesiska grammatik\u00f6vningar","og_description":"Singalesiska grammatik \u00e4mnen Att l\u00e4ra sig ett nytt spr\u00e5k kan vara en utmanande men givande str\u00e4van. Singalesiska, ett indoariskt spr\u00e5k som fr\u00e4mst talas i","og_url":"https:\/\/talkpal.ai\/sv\/singalesiska-grammatikovningar\/","og_site_name":"Talkpal","article_publisher":"https:\/\/www.facebook.com\/profile.php?id=100090733639311","article_modified_time":"2025-12-30T11:06:53+00:00","og_image":[{"width":2880,"height":1620,"url":"https:\/\/talkpal.ai\/wp-content\/uploads\/2025\/02\/Progress-tab-16_9.png","type":"image\/png"}],"twitter_card":"summary_large_image","twitter_site":"@talkpalai","twitter_misc":{"Ber\u00e4knad l\u00e4stid":"3 minuter"},"schema":{"@context":"https:\/\/schema.org","@graph":[{"@type":"WebPage","@id":"https:\/\/talkpal.ai\/sv\/singalesiska-grammatikovningar\/","url":"https:\/\/talkpal.ai\/sv\/singalesiska-grammatikovningar\/","name":"Singalesiska grammatik\u00f6vningar - Talkpal","isPartOf":{"@id":"https:\/\/talkpal.ai\/sv\/#website"},"datePublished":"2025-11-12T16:46:50+00:00","dateModified":"2025-12-30T11:06:53+00:00","description":"Beh\u00e4rska singalesisk grammatik med interaktiva \u00f6vningar som t\u00e4cker substantiv, verb och tempus f\u00f6r att effektivt f\u00f6rb\u00e4ttra ditt spr\u00e5kkunnande.","breadcrumb":{"@id":"https:\/\/talkpal.ai\/sv\/singalesiska-grammatikovningar\/#breadcrumb"},"inLanguage":"sv-SE","potentialAction":[{"@type":"ReadAction","target":["https:\/\/talkpal.ai\/sv\/singalesiska-grammatikovningar\/"]}]},{"@type":"BreadcrumbList","@id":"https:\/\/talkpal.ai\/sv\/singalesiska-grammatikovningar\/#breadcrumb","itemListElement":[{"@type":"ListItem","position":1,"name":"Homepage","item":"https:\/\/talkpal.ai\/sv\/"},{"@type":"ListItem","position":2,"name":"Singalesiska grammatik\u00f6vningar"}]},{"@type":"WebSite","@id":"https:\/\/talkpal.ai\/sv\/#website","url":"https:\/\/talkpal.ai\/sv\/","name":"Talkpal","description":"AI Language Learning","publisher":{"@id":"https:\/\/talkpal.ai\/sv\/#organization"},"alternateName":"Talkpal AI","potentialAction":[{"@type":"SearchAction","target":{"@type":"EntryPoint","urlTemplate":"https:\/\/talkpal.ai\/sv\/?s={search_term_string}"},"query-input":{"@type":"PropertyValueSpecification","valueRequired":true,"valueName":"search_term_string"}}],"inLanguage":"sv-SE"},{"@type":"Organization","@id":"https:\/\/talkpal.ai\/sv\/#organization","name":"Talkpal, Inc.","alternateName":"Talkpal AI","url":"https:\/\/talkpal.ai\/sv\/","logo":{"@type":"ImageObject","inLanguage":"sv-SE","@id":"https:\/\/talkpal.ai\/sv\/#\/schema\/logo\/image\/","url":"https:\/\/talkpal.ai\/wp-content\/uploads\/2024\/03\/Talkpal-Logo-Icon.png","contentUrl":"https:\/\/talkpal.ai\/wp-content\/uploads\/2024\/03\/Talkpal-Logo-Icon.png","width":2880,"height":2880,"caption":"Talkpal, Inc."},"image":{"@id":"https:\/\/talkpal.ai\/sv\/#\/schema\/logo\/image\/"},"sameAs":["https:\/\/www.facebook.com\/profile.php?id=100090733639311","https:\/\/x.com\/talkpalai","https:\/\/www.linkedin.com\/company\/talkpal\/","https:\/\/www.youtube.com\/@TalkPal\/","https:\/\/www.tiktok.com\/@talkpal","https:\/\/www.instagram.com\/talkpal_ai\/","https:\/\/www.crunchbase.com\/organization\/talkpal-9cde","https:\/\/www.g2.com\/products\/talkpal-for-business\/","https:\/\/www.trustpilot.com\/review\/talkpal.ai","https:\/\/www.capterra.com\/p\/10006800\/TalkPal\/"],"description":"Talkpal is a language learning web and mobile education app, powered by the latest AI technologies, that provides engaging experiences to its customers in many different languages to help them improve their language skills. Users can chat about unlimited amount of topics with the app and use other modes to practice their language learning.","email":"support@talkpal.ai","legalName":"Talkpal, Inc.","foundingDate":"2023-04-03","duns":"118989042","numberOfEmployees":{"@type":"QuantitativeValue","minValue":"11","maxValue":"50"},"publishingPrinciples":"https:\/\/talkpal.ai\/publishing-principles\/","actionableFeedbackPolicy":"https:\/\/talkpal.ai\/actionable-feedback-policy\/","correctionsPolicy":"https:\/\/talkpal.ai\/corrections-policy\/","ethicsPolicy":"https:\/\/talkpal.ai\/ethics-policy\/","diversityPolicy":"https:\/\/talkpal.ai\/diversity-policy\/","diversityStaffingReport":"https:\/\/talkpal.ai\/diversity-policy\/"}]}},"_links":{"self":[{"href":"https:\/\/talkpal.ai\/sv\/wp-json\/wp\/v2\/pages\/1478148","targetHints":{"allow":["GET"]}}],"collection":[{"href":"https:\/\/talkpal.ai\/sv\/wp-json\/wp\/v2\/pages"}],"about":[{"href":"https:\/\/talkpal.ai\/sv\/wp-json\/wp\/v2\/types\/page"}],"author":[{"embeddable":true,"href":"https:\/\/talkpal.ai\/sv\/wp-json\/wp\/v2\/users\/20"}],"replies":[{"embeddable":true,"href":"https:\/\/talkpal.ai\/sv\/wp-json\/wp\/v2\/comments?post=1478148"}],"version-history":[{"count":0,"href":"https:\/\/talkpal.ai\/sv\/wp-json\/wp\/v2\/pages\/1478148\/revisions"}],"wp:attachment":[{"href":"https:\/\/talkpal.ai\/sv\/wp-json\/wp\/v2\/media?parent=1478148"}],"curies":[{"name":"wp","href":"https:\/\/api.w.org\/{rel}","templated":true}]}}