{"id":1478025,"date":"2025-11-12T16:07:26","date_gmt":"2025-11-12T16:07:26","guid":{"rendered":"https:\/\/talkpal.ai\/oriya-grammatik\/"},"modified":"2025-12-30T12:44:19","modified_gmt":"2025-12-30T12:44:19","slug":"oriya-grammatik","status":"publish","type":"page","link":"https:\/\/talkpal.ai\/sv\/oriya-grammatik\/","title":{"rendered":"Odia-grammatik"},"content":{"rendered":"\r\n\r\n\r\n<section class=\"languageChallengeSection\">\r\n    <div class=\"languageInfoWrapper\">\r\n        \r\n        <h1>Odia-grammatik<\/h1>\r\n        <p>Odiagrammatik kan verka utmanande till en b\u00f6rjan, men dess unika egenskaper g\u00f6r spr\u00e5kinl\u00e4rningen till en givande upplevelse. Genom att utforska alfabetet, mutationer och grammatikregler f\u00e5r du en inblick i en rik spr\u00e5klig tradition. B\u00f6rja din resa och uppt\u00e4ck Odias sk\u00f6nhet!<\/p>\r\n\r\n                            <a class=\"getStartedHidden\" href=\"https:\/\/app.talkpal.ai\/sv\/signup?lng=\">Kom ig\u00e5ng<\/a>\r\n        \r\n    <\/div>\r\n\r\n    <figure>\r\n    <img decoding=\"async\" width=\"768\" height=\"768\" src=\"https:\/\/talkpal.ai\/wp-content\/uploads\/2023\/06\/welsh-768x768.png\" class=\"languageImage no-lazy\" alt=\"Default alt text\" fetchpriority=\"high\" sizes=\"(max-width: 768px) 150px, 768px\" srcset=\"https:\/\/talkpal.ai\/wp-content\/uploads\/2023\/06\/welsh-768x768.png 768w, https:\/\/talkpal.ai\/wp-content\/uploads\/2023\/06\/welsh-300x300.png 300w\" \/>\r\n    \r\n\r\n    <\/figure>\r\n\r\n            <a class=\"getStartedVisible\" href=\"https:\/\/app.talkpal.ai\/sv\/signup?lng=\">Kom ig\u00e5ng<\/a>\r\n    \r\n<\/section><section class=\"promotionalBanner\">\r\n    <p class=\"promotionalText\">Det mest effektiva s\u00e4ttet att l\u00e4ra sig ett spr\u00e5k<\/p>\r\n    <a class=\"promotionalLink\" href=\"https:\/\/app.talkpal.ai\/sv\/signup?lng=\">Prova Talkpal gratis<\/a>\r\n<\/section>\n<div class=\"wp-block-group pageContainerStyle\"><div class=\"wp-block-group__inner-container is-layout-constrained wp-block-group-is-layout-constrained\">\n<h2 class=\"wp-block-heading\" id=\"h-navigating-the-intricacies-of-odia-grammar\">Navigering i Odia-grammatikens intrikata detaljer<\/h2>\n\n\n\n<p><a href=\"https:\/\/talkpal.ai\/learn-oriya\/\">Odia<\/a>, \u00e4ven k\u00e4nt som <a href=\"https:\/\/talkpal.ai\/learn-odia\/\">Odia<\/a>, \u00e4r ett indo-arisk spr\u00e5k med en rik litter\u00e4r tradition och djupa kulturella r\u00f6tter i \u00f6stra Indien. Det erbjuder en sp\u00e4nnande spr\u00e5klig upplevelse f\u00f6r elever som \u00e4r ivriga att utforska dess distinkta grammatiksystem. N\u00e4r du ger dig ut i Odia-riket kommer du inte bara att berika ditt spr\u00e5kliga repertoar utan ocks\u00e5 omfamna en fascinerande kulturell resa. \u00c4ven om <a href=\"https:\/\/talkpal.ai\/odia-grammar\/\">Odia-grammatik<\/a> kan verka komplicerad till en b\u00f6rjan, g\u00f6r det mer tillg\u00e4ngligt att dela upp den i k\u00e4rnkomponenter. I <a href=\"https:\/\/talkpal.ai\/culture\/how-do-i-use-den-har-and-det-har\/\">den h\u00e4r<\/a> artikeln kommer vi att utforska den f\u00e4ngslande v\u00e4rlden av Odia-grammatik och ge tips om hur man bem\u00e4strar dess komplexitet.<\/p>\n\n\n\n<h3 class=\"wp-block-heading\" id=\"h-1-odia-alphabet-and-phonetics\">1. Odia-alfabetet och fonetik<\/h3>\n\n\n\n<p>Odiaskriften \u00e4r en abugida med 11 vokaler och cirka 35 konsonanter, tillsammans med diakritiska tecken och konjunktkonsonanter. Det inkluderar retroflexa och aspirerade ljud som \u00e4r karakteristiska f\u00f6r indoariska spr\u00e5k. F\u00f6rtrogenhet med skriften, vokaltecken och konjunkta kluster \u00e4r avg\u00f6rande f\u00f6r att beh\u00e4rska uttal och l\u00e4sning. \u00d6va genom att l\u00e4sa och skriva p\u00e5 odia f\u00f6r att internalisera ljud\u2013symbol-korrespondensen.<\/p>\n\n\n\n<h3 class=\"wp-block-heading\" id=\"h-2-case-markers-and-postpositions-a-distinctive-odia-feature\">2. Fodralmark\u00f6rer och postpositioner: En utm\u00e4rkande odia-egenskap<\/h3>\n\n\n\n<p>En sl\u00e5ende aspekt av Odia-grammatik \u00e4r dess anv\u00e4ndning av kasusmark\u00f6rer och postpositioner ist\u00e4llet f\u00f6r prepositioner. Vanliga mark\u00f6rer inkluderar ku f\u00f6r ackusativa och dativa roller, ra f\u00f6r genitiv, re f\u00f6r lokativ, ru f\u00f6r ablativ, saha f\u00f6r komitativ, dwara f\u00f6r instrumentell eller agentiv och sm\u00e4rta f\u00f6r syfte. Att f\u00f6rst\u00e5 hur dessa mark\u00f6rer f\u00e4ster sig vid substantiv och pronomen \u00e4r avg\u00f6rande f\u00f6r korrekt kommunikation i Odia.<\/p>\n\n\n\n<h3 class=\"wp-block-heading\" id=\"h-3-nouns-and-pronouns-gender-and-cases\">3. Substantiv och pronomen: genus och kasus<\/h3>\n\n\n\n<p>Odia-substantiv har inget grammatiskt genus, och pluraliseringen varierar beroende p\u00e5 substantivtyp och kontext. M\u00e4nskliga och levande substantiv har ofta pluralsuffixet -mane, medan livl\u00f6sa substantiv kan anv\u00e4nda -gudika eller f\u00f6rbli omarkerade n\u00e4r pluraliteten \u00e4r tydlig fr\u00e5n sammanhanget. Pronomen inkluderar personliga, possessiva, reflexiva, demonstrativa och fr\u00e5gande upps\u00e4ttningar, med hedersbetygelser: mu I, tume you informell, apana du artig, se han eller hon, semane they. Possessiva inkluderar <a href=\"https:\/\/talkpal.ai\/locations\/language-courses-in-mora\/\">mora<\/a> my, tora ur, apanangkara ur artig, tara hans eller henne. Att bli bekant med dessa former och deras f\u00f6rbokstavsm\u00e4rkta varianter kommer avsev\u00e4rt att f\u00f6rb\u00e4ttra din f\u00f6rst\u00e5else av Odia-grammatik.<\/p>\n\n\n\n<h3 class=\"wp-block-heading\" id=\"h-4-verbs-structure-and-conjugation\">4. Verb: Struktur och konjugation<\/h3>\n\n\n\n<p>Odiaverb b\u00f6js f\u00f6r tempus, aspekt, modus och \u00f6verensst\u00e4mmelse, med hederstitlar som p\u00e5verkar verbformer. Centrala tempus-aspektformationer inkluderar nutid progressiv i -uchi, det enkla f\u00f6rflutna i -ila och framtiden i -iba, tillsammans med sammansatta konstruktioner och hj\u00e4lpverb. Villkorliga och imperativa st\u00e4mningar anv\u00e4nds aktivt. Att l\u00e4ra sig b\u00f6jningsm\u00f6nstren och hur de interagerar med personen och artigheten f\u00f6rb\u00e4ttrar din f\u00f6rm\u00e5ga att kommunicera effektivt p\u00e5 Odia.<\/p>\n\n\n\n<h3 class=\"wp-block-heading\" id=\"h-5-adjectives-agreement-and-placement\">5. Adjektiv: \u00d6verenskommelse och placering<\/h3>\n\n\n\n<p>I Odia-grammatik f\u00f6reg\u00e5r adjektiv vanligtvis det substantiv de modifierar och \u00e4ndras generellt inte f\u00f6r tal eller k\u00f6n. Komparativ och superlativ bildas vanligen med adverb som adhika more och sabutharu most, \u00e4ven om tatsama-former ocks\u00e5 kan anv\u00e4nda suffix i formella <a href=\"https:\/\/talkpal.ai\/ko\/ai-%ec%96%b8%ec%96%b4-%ea%b5%90%ec%82%ac\/\">register<\/a>. Att beh\u00e4rska dessa m\u00f6nster hj\u00e4lper talet att l\u00e5ta naturligt och idiomatiskt.<\/p>\n\n\n\n<p><strong>Exempel:<\/strong><\/p>\n\n\n\n<p><strong>\u2013 Bada Prema (Stor k\u00e4rlek)  <\/strong><\/p>\n\n\n\n<p><strong>\u2013 Chhota pilamane (sm\u00e5 barn)<\/strong><\/p>\n\n\n\n<h3 class=\"wp-block-heading\" id=\"h-6-engaging-with-the-language\">6. Engagera sig i spr\u00e5ket<\/h3>\n\n\n\n<p>Det mest effektiva s\u00e4ttet att fullt ut f\u00f6rst\u00e5 och internalisera Odia-grammatik \u00e4r att konsekvent engagera sig i spr\u00e5ket. Genom att l\u00e4sa odialitteratur, titta p\u00e5 odiafilmer eller tv-serier, f\u00f6lja odianyheter och aktivt kommunicera med modersm\u00e5lstalare kommer du att st\u00e4rka din grammatikf\u00f6rst\u00e5else samtidigt som du ut\u00f6kar ditt ordf\u00f6rr\u00e5d.<\/p>\n\n\n\n<h3 class=\"wp-block-heading\" id=\"h-conclusion\">Slutsats<\/h3>\n\n\n\n<p>\u00c4ven om odiagrammatik kan verka invecklad kan du bli skicklig i detta vackra spr\u00e5k med engagemang, \u00f6vning och entusiasm. Genom att fokusera p\u00e5 de grundl\u00e4ggande reglerna och engagera dig i spr\u00e5ket i olika sammanhang kommer du snabbt att f\u00f6rb\u00e4ttra dina <a href=\"https:\/\/talkpal.ai\/sv\/grammatik\/\">odiagrammatikkunskaper<\/a>. Subha kamana (lycka till) med din odia-spr\u00e5kresa och njut av att utforska den eleganta men f\u00e4ngslande v\u00e4rlden av odiagrammatiken!<\/p>\n<\/div><\/div>\n\r\n<section class=\"learnNavigationSection\">\r\n            \r\n        <a href=\"https:\/\/talkpal.ai\/sv\/lar-dig-oriya\/\">\r\n            <div class=\"learnNavigationWrapper\">\r\n                <div class=\"learnNavigationContent\">\r\n                    <img decoding=\"async\" src=\"https:\/\/talkpal.ai\/wp-content\/uploads\/2025\/11\/Oriya.png\" alt=\"Indian Simplified Flag\">\r\n                    <div>\r\n                        <h4>Om Odia-l\u00e4rande<\/h4>\r\n                        <p>Ta reda p\u00e5 allt om Odia-grammatik.<\/p>\r\n                    <\/div>\r\n                <\/div>\r\n            <\/div>\r\n        <\/a>\r\n\r\n        \r\n        <a href=\"https:\/\/talkpal.ai\/sv\/oriya-grammatikovningar\/\">\r\n            <div class=\"learnNavigationWrapper\">\r\n                <div class=\"learnNavigationContent\">\r\n                    <img decoding=\"async\" src=\"https:\/\/talkpal.ai\/wp-content\/uploads\/2025\/11\/Oriya.png\" alt=\"Indian Simplified Flag\">\r\n                    <div>\r\n                        <h4>Odia-grammatik\u00f6vning<\/h4>\r\n                        <p>\u00d6va Odia-grammatik.<\/p>\r\n                    <\/div>\r\n                <\/div>\r\n            <\/div>\r\n        <\/a>\r\n\r\n            <\/section>","protected":false},"excerpt":{"rendered":"<p>Navigering i Odia-grammatikens intrikata detaljer Odia, \u00e4ven k\u00e4nt som Odia, \u00e4r ett indo-arisk spr\u00e5k med en rik litter\u00e4r tradition och djupa kulturella r\u00f6tter i \u00f6stra Indien. Det erbjuder en sp\u00e4nnande spr\u00e5klig upplevelse f\u00f6r elever som \u00e4r ivriga att utforska dess distinkta grammatiksystem. N\u00e4r du ger dig ut i Odia-riket kommer du inte bara att berika [&hellip;]<\/p>\n","protected":false},"author":20,"featured_media":0,"parent":0,"menu_order":0,"comment_status":"closed","ping_status":"closed","template":"LearningContentPage.php","meta":{"_acf_changed":false,"footnotes":""},"class_list":["post-1478025","page","type-page","status-publish","hentry"],"acf":[],"yoast_head":"<!-- This site is optimized with the Yoast SEO Premium plugin v27.2 (Yoast SEO v27.2) - https:\/\/yoast.com\/product\/yoast-seo-premium-wordpress\/ -->\n<title>Odia-grammatik - Talkpal<\/title>\n<meta name=\"description\" content=\"L\u00e4r dig grunderna i Odia-grammatiken, inklusive alfabetet, kasusmark\u00f6rer och verb, med v\u00e5r omfattande spr\u00e5kinl\u00e4rningsguide.\" \/>\n<meta name=\"robots\" content=\"index, follow, max-snippet:-1, max-image-preview:large, max-video-preview:-1\" \/>\n<link rel=\"canonical\" href=\"https:\/\/talkpal.ai\/sv\/oriya-grammatik\/\" \/>\n<meta property=\"og:locale\" content=\"sv_SE\" \/>\n<meta property=\"og:type\" content=\"article\" \/>\n<meta property=\"og:title\" content=\"Odia-grammatik\" \/>\n<meta property=\"og:description\" content=\"Navigering i Odia-grammatikens intrikata detaljer Odia, \u00e4ven k\u00e4nt som Odia, \u00e4r ett indo-arisk spr\u00e5k med en rik litter\u00e4r tradition och djupa kulturella\" \/>\n<meta property=\"og:url\" content=\"https:\/\/talkpal.ai\/sv\/oriya-grammatik\/\" \/>\n<meta property=\"og:site_name\" content=\"Talkpal\" \/>\n<meta property=\"article:publisher\" content=\"https:\/\/www.facebook.com\/profile.php?id=100090733639311\" \/>\n<meta property=\"article:modified_time\" content=\"2025-12-30T12:44:19+00:00\" \/>\n<meta property=\"og:image\" content=\"https:\/\/talkpal.ai\/wp-content\/uploads\/2025\/02\/Progress-tab-16_9.png\" \/>\n\t<meta property=\"og:image:width\" content=\"2880\" \/>\n\t<meta property=\"og:image:height\" content=\"1620\" \/>\n\t<meta property=\"og:image:type\" content=\"image\/png\" \/>\n<meta name=\"twitter:card\" content=\"summary_large_image\" \/>\n<meta name=\"twitter:site\" content=\"@talkpalai\" \/>\n<meta name=\"twitter:label1\" content=\"Ber\u00e4knad l\u00e4stid\" \/>\n\t<meta name=\"twitter:data1\" content=\"3 minuter\" \/>\n<script type=\"application\/ld+json\" class=\"yoast-schema-graph\">{\"@context\":\"https:\/\/schema.org\",\"@graph\":[{\"@type\":\"WebPage\",\"@id\":\"https:\/\/talkpal.ai\/sv\/oriya-grammatik\/\",\"url\":\"https:\/\/talkpal.ai\/sv\/oriya-grammatik\/\",\"name\":\"Odia-grammatik - Talkpal\",\"isPartOf\":{\"@id\":\"https:\/\/talkpal.ai\/sv\/#website\"},\"datePublished\":\"2025-11-12T16:07:26+00:00\",\"dateModified\":\"2025-12-30T12:44:19+00:00\",\"description\":\"L\u00e4r dig grunderna i Odia-grammatiken, inklusive alfabetet, kasusmark\u00f6rer och verb, med v\u00e5r omfattande spr\u00e5kinl\u00e4rningsguide.\",\"breadcrumb\":{\"@id\":\"https:\/\/talkpal.ai\/sv\/oriya-grammatik\/#breadcrumb\"},\"inLanguage\":\"sv-SE\",\"potentialAction\":[{\"@type\":\"ReadAction\",\"target\":[\"https:\/\/talkpal.ai\/sv\/oriya-grammatik\/\"]}]},{\"@type\":\"BreadcrumbList\",\"@id\":\"https:\/\/talkpal.ai\/sv\/oriya-grammatik\/#breadcrumb\",\"itemListElement\":[{\"@type\":\"ListItem\",\"position\":1,\"name\":\"Homepage\",\"item\":\"https:\/\/talkpal.ai\/sv\/\"},{\"@type\":\"ListItem\",\"position\":2,\"name\":\"Odia-grammatik\"}]},{\"@type\":\"WebSite\",\"@id\":\"https:\/\/talkpal.ai\/sv\/#website\",\"url\":\"https:\/\/talkpal.ai\/sv\/\",\"name\":\"Talkpal\",\"description\":\"AI Language Learning\",\"publisher\":{\"@id\":\"https:\/\/talkpal.ai\/sv\/#organization\"},\"alternateName\":\"Talkpal AI\",\"potentialAction\":[{\"@type\":\"SearchAction\",\"target\":{\"@type\":\"EntryPoint\",\"urlTemplate\":\"https:\/\/talkpal.ai\/sv\/?s={search_term_string}\"},\"query-input\":{\"@type\":\"PropertyValueSpecification\",\"valueRequired\":true,\"valueName\":\"search_term_string\"}}],\"inLanguage\":\"sv-SE\"},{\"@type\":\"Organization\",\"@id\":\"https:\/\/talkpal.ai\/sv\/#organization\",\"name\":\"Talkpal, Inc.\",\"alternateName\":\"Talkpal AI\",\"url\":\"https:\/\/talkpal.ai\/sv\/\",\"logo\":{\"@type\":\"ImageObject\",\"inLanguage\":\"sv-SE\",\"@id\":\"https:\/\/talkpal.ai\/sv\/#\/schema\/logo\/image\/\",\"url\":\"https:\/\/talkpal.ai\/wp-content\/uploads\/2024\/03\/Talkpal-Logo-Icon.png\",\"contentUrl\":\"https:\/\/talkpal.ai\/wp-content\/uploads\/2024\/03\/Talkpal-Logo-Icon.png\",\"width\":2880,\"height\":2880,\"caption\":\"Talkpal, Inc.\"},\"image\":{\"@id\":\"https:\/\/talkpal.ai\/sv\/#\/schema\/logo\/image\/\"},\"sameAs\":[\"https:\/\/www.facebook.com\/profile.php?id=100090733639311\",\"https:\/\/x.com\/talkpalai\",\"https:\/\/www.linkedin.com\/company\/talkpal\/\",\"https:\/\/www.youtube.com\/@TalkPal\/\",\"https:\/\/www.tiktok.com\/@talkpal\",\"https:\/\/www.instagram.com\/talkpal_ai\/\",\"https:\/\/www.crunchbase.com\/organization\/talkpal-9cde\",\"https:\/\/www.g2.com\/products\/talkpal-for-business\/\",\"https:\/\/www.trustpilot.com\/review\/talkpal.ai\",\"https:\/\/www.capterra.com\/p\/10006800\/TalkPal\/\"],\"description\":\"Talkpal is a language learning web and mobile education app, powered by the latest AI technologies, that provides engaging experiences to its customers in many different languages to help them improve their language skills. Users can chat about unlimited amount of topics with the app and use other modes to practice their language learning.\",\"email\":\"support@talkpal.ai\",\"legalName\":\"Talkpal, Inc.\",\"foundingDate\":\"2023-04-03\",\"duns\":\"118989042\",\"numberOfEmployees\":{\"@type\":\"QuantitativeValue\",\"minValue\":\"11\",\"maxValue\":\"50\"},\"publishingPrinciples\":\"https:\/\/talkpal.ai\/publishing-principles\/\",\"actionableFeedbackPolicy\":\"https:\/\/talkpal.ai\/actionable-feedback-policy\/\",\"correctionsPolicy\":\"https:\/\/talkpal.ai\/corrections-policy\/\",\"ethicsPolicy\":\"https:\/\/talkpal.ai\/ethics-policy\/\",\"diversityPolicy\":\"https:\/\/talkpal.ai\/diversity-policy\/\",\"diversityStaffingReport\":\"https:\/\/talkpal.ai\/diversity-policy\/\"}]}<\/script>\n<!-- \/ Yoast SEO Premium plugin. -->","yoast_head_json":{"title":"Odia-grammatik - Talkpal","description":"L\u00e4r dig grunderna i Odia-grammatiken, inklusive alfabetet, kasusmark\u00f6rer och verb, med v\u00e5r omfattande spr\u00e5kinl\u00e4rningsguide.","robots":{"index":"index","follow":"follow","max-snippet":"max-snippet:-1","max-image-preview":"max-image-preview:large","max-video-preview":"max-video-preview:-1"},"canonical":"https:\/\/talkpal.ai\/sv\/oriya-grammatik\/","og_locale":"sv_SE","og_type":"article","og_title":"Odia-grammatik","og_description":"Navigering i Odia-grammatikens intrikata detaljer Odia, \u00e4ven k\u00e4nt som Odia, \u00e4r ett indo-arisk spr\u00e5k med en rik litter\u00e4r tradition och djupa kulturella","og_url":"https:\/\/talkpal.ai\/sv\/oriya-grammatik\/","og_site_name":"Talkpal","article_publisher":"https:\/\/www.facebook.com\/profile.php?id=100090733639311","article_modified_time":"2025-12-30T12:44:19+00:00","og_image":[{"width":2880,"height":1620,"url":"https:\/\/talkpal.ai\/wp-content\/uploads\/2025\/02\/Progress-tab-16_9.png","type":"image\/png"}],"twitter_card":"summary_large_image","twitter_site":"@talkpalai","twitter_misc":{"Ber\u00e4knad l\u00e4stid":"3 minuter"},"schema":{"@context":"https:\/\/schema.org","@graph":[{"@type":"WebPage","@id":"https:\/\/talkpal.ai\/sv\/oriya-grammatik\/","url":"https:\/\/talkpal.ai\/sv\/oriya-grammatik\/","name":"Odia-grammatik - Talkpal","isPartOf":{"@id":"https:\/\/talkpal.ai\/sv\/#website"},"datePublished":"2025-11-12T16:07:26+00:00","dateModified":"2025-12-30T12:44:19+00:00","description":"L\u00e4r dig grunderna i Odia-grammatiken, inklusive alfabetet, kasusmark\u00f6rer och verb, med v\u00e5r omfattande spr\u00e5kinl\u00e4rningsguide.","breadcrumb":{"@id":"https:\/\/talkpal.ai\/sv\/oriya-grammatik\/#breadcrumb"},"inLanguage":"sv-SE","potentialAction":[{"@type":"ReadAction","target":["https:\/\/talkpal.ai\/sv\/oriya-grammatik\/"]}]},{"@type":"BreadcrumbList","@id":"https:\/\/talkpal.ai\/sv\/oriya-grammatik\/#breadcrumb","itemListElement":[{"@type":"ListItem","position":1,"name":"Homepage","item":"https:\/\/talkpal.ai\/sv\/"},{"@type":"ListItem","position":2,"name":"Odia-grammatik"}]},{"@type":"WebSite","@id":"https:\/\/talkpal.ai\/sv\/#website","url":"https:\/\/talkpal.ai\/sv\/","name":"Talkpal","description":"AI Language Learning","publisher":{"@id":"https:\/\/talkpal.ai\/sv\/#organization"},"alternateName":"Talkpal AI","potentialAction":[{"@type":"SearchAction","target":{"@type":"EntryPoint","urlTemplate":"https:\/\/talkpal.ai\/sv\/?s={search_term_string}"},"query-input":{"@type":"PropertyValueSpecification","valueRequired":true,"valueName":"search_term_string"}}],"inLanguage":"sv-SE"},{"@type":"Organization","@id":"https:\/\/talkpal.ai\/sv\/#organization","name":"Talkpal, Inc.","alternateName":"Talkpal AI","url":"https:\/\/talkpal.ai\/sv\/","logo":{"@type":"ImageObject","inLanguage":"sv-SE","@id":"https:\/\/talkpal.ai\/sv\/#\/schema\/logo\/image\/","url":"https:\/\/talkpal.ai\/wp-content\/uploads\/2024\/03\/Talkpal-Logo-Icon.png","contentUrl":"https:\/\/talkpal.ai\/wp-content\/uploads\/2024\/03\/Talkpal-Logo-Icon.png","width":2880,"height":2880,"caption":"Talkpal, Inc."},"image":{"@id":"https:\/\/talkpal.ai\/sv\/#\/schema\/logo\/image\/"},"sameAs":["https:\/\/www.facebook.com\/profile.php?id=100090733639311","https:\/\/x.com\/talkpalai","https:\/\/www.linkedin.com\/company\/talkpal\/","https:\/\/www.youtube.com\/@TalkPal\/","https:\/\/www.tiktok.com\/@talkpal","https:\/\/www.instagram.com\/talkpal_ai\/","https:\/\/www.crunchbase.com\/organization\/talkpal-9cde","https:\/\/www.g2.com\/products\/talkpal-for-business\/","https:\/\/www.trustpilot.com\/review\/talkpal.ai","https:\/\/www.capterra.com\/p\/10006800\/TalkPal\/"],"description":"Talkpal is a language learning web and mobile education app, powered by the latest AI technologies, that provides engaging experiences to its customers in many different languages to help them improve their language skills. Users can chat about unlimited amount of topics with the app and use other modes to practice their language learning.","email":"support@talkpal.ai","legalName":"Talkpal, Inc.","foundingDate":"2023-04-03","duns":"118989042","numberOfEmployees":{"@type":"QuantitativeValue","minValue":"11","maxValue":"50"},"publishingPrinciples":"https:\/\/talkpal.ai\/publishing-principles\/","actionableFeedbackPolicy":"https:\/\/talkpal.ai\/actionable-feedback-policy\/","correctionsPolicy":"https:\/\/talkpal.ai\/corrections-policy\/","ethicsPolicy":"https:\/\/talkpal.ai\/ethics-policy\/","diversityPolicy":"https:\/\/talkpal.ai\/diversity-policy\/","diversityStaffingReport":"https:\/\/talkpal.ai\/diversity-policy\/"}]}},"_links":{"self":[{"href":"https:\/\/talkpal.ai\/sv\/wp-json\/wp\/v2\/pages\/1478025","targetHints":{"allow":["GET"]}}],"collection":[{"href":"https:\/\/talkpal.ai\/sv\/wp-json\/wp\/v2\/pages"}],"about":[{"href":"https:\/\/talkpal.ai\/sv\/wp-json\/wp\/v2\/types\/page"}],"author":[{"embeddable":true,"href":"https:\/\/talkpal.ai\/sv\/wp-json\/wp\/v2\/users\/20"}],"replies":[{"embeddable":true,"href":"https:\/\/talkpal.ai\/sv\/wp-json\/wp\/v2\/comments?post=1478025"}],"version-history":[{"count":0,"href":"https:\/\/talkpal.ai\/sv\/wp-json\/wp\/v2\/pages\/1478025\/revisions"}],"wp:attachment":[{"href":"https:\/\/talkpal.ai\/sv\/wp-json\/wp\/v2\/media?parent=1478025"}],"curies":[{"name":"wp","href":"https:\/\/api.w.org\/{rel}","templated":true}]}}