{"id":1478006,"date":"2025-11-12T15:57:33","date_gmt":"2025-11-12T15:57:33","guid":{"rendered":"https:\/\/talkpal.ai\/mongoliska-grammatikovningar\/"},"modified":"2025-12-30T12:39:39","modified_gmt":"2025-12-30T12:39:39","slug":"mongoliska-grammatikovningar","status":"publish","type":"page","link":"https:\/\/talkpal.ai\/sv\/mongoliska-grammatikovningar\/","title":{"rendered":"Mongoliska grammatik\u00f6vningar"},"content":{"rendered":"\r\n\r\n\r\n<section class=\"languageChallengeSection\">\r\n    <div class=\"languageInfoWrapper\">\r\n        \r\n        <h1>Mongoliska grammatik\u00f6vningar<\/h1>\r\n        <p>\u00c4r du redo att dyka ner i mongolisk <a href=\"https:\/\/talkpal.ai\/fr\/les\/\">grammatik<\/a>? Genom att \u00f6va p\u00e5 n\u00e5gra grunder kan du bli bekv\u00e4m med detta unika och vackra spr\u00e5k. Prova dessa \u00f6vningar f\u00f6r att bygga upp ditt sj\u00e4lvf\u00f6rtroende och ha lite kul p\u00e5 v\u00e4gen!<\/p>\r\n\r\n                            <a class=\"getStartedHidden\" href=\"https:\/\/app.talkpal.ai\/sv\/signup?lng=\">Kom ig\u00e5ng<\/a>\r\n        \r\n    <\/div>\r\n\r\n    <figure>\r\n    <img decoding=\"async\" width=\"768\" height=\"768\" src=\"https:\/\/talkpal.ai\/wp-content\/uploads\/2023\/06\/welsh-768x768.png\" class=\"languageImage no-lazy\" alt=\"Default alt text\" fetchpriority=\"high\" sizes=\"(max-width: 768px) 150px, 768px\" srcset=\"https:\/\/talkpal.ai\/wp-content\/uploads\/2023\/06\/welsh-768x768.png 768w, https:\/\/talkpal.ai\/wp-content\/uploads\/2023\/06\/welsh-300x300.png 300w\" \/>\r\n    \r\n\r\n    <\/figure>\r\n\r\n            <a class=\"getStartedVisible\" href=\"https:\/\/app.talkpal.ai\/sv\/signup?lng=\">Kom ig\u00e5ng<\/a>\r\n    \r\n<\/section><section class=\"promotionalBanner\">\r\n    <p class=\"promotionalText\">Det mest effektiva s\u00e4ttet att l\u00e4ra sig ett spr\u00e5k<\/p>\r\n    <a class=\"promotionalLink\" href=\"https:\/\/app.talkpal.ai\/sv\/signup?lng=\">Prova Talkpal gratis<\/a>\r\n<\/section>\n<div class=\"wp-block-group pageContainerStyle\"><div class=\"wp-block-group__inner-container is-layout-constrained wp-block-group-is-layout-constrained\">\n<h2 class=\"wp-block-heading\" id=\"h-mongolian-grammar-topics\">Mongoliska grammatik\u00e4mnen<\/h2>\n\n\n\n<p><a href=\"https:\/\/talkpal.ai\/sv\/de-storsta-misstagen-att-undvika-nar-man-lar-sig-ett-nytt-sprak\/\">Att l\u00e4ra sig ett nytt spr\u00e5k<\/a> kan vara en utmanande men givande str\u00e4van. <a href=\"https:\/\/talkpal.ai\/learn-mongolian\/\">Mongoliska<\/a>, ett mongoliskt spr\u00e5k som <a href=\"https:\/\/talkpal.ai\/locations\/language-courses-in-talas\/\">talas<\/a> fr\u00e4mst i Mongoliet och delar av <a href=\"https:\/\/talkpal.ai\/learn-norwegian\/\">norra<\/a> Kina, \u00e4r inget undantag. Med sina unika egenskaper och strukturer som vokalharmoni, agglutinerande morfologi, rik kasusmarkering och postpositioner, kr\u00e4ver <a href=\"https:\/\/talkpal.ai\/sv\/talkpal-for-utbildning\/\">inl\u00e4rning<\/a> av mongoliska ett systematiskt tillv\u00e4gag\u00e5ngss\u00e4tt f\u00f6r att f\u00f6rst\u00e5 dess grammatik. <a href=\"https:\/\/talkpal.ai\/culture\/how-do-i-use-den-har-and-det-har\/\">Den h\u00e4r<\/a> guiden beskriver de viktigaste omr\u00e5dena i <a href=\"https:\/\/talkpal.ai\/sv\/mongolisk-grammatik\/\">mongolisk grammatik<\/a> i en logisk sekvens f\u00f6r <a href=\"https:\/\/talkpal.ai\/sv\/talkpal-for-utbildning\/\">spr\u00e5kinl\u00e4rning<\/a>, med b\u00f6rjan fr\u00e5n grunderna som substantiv och artiklar, och g\u00e5r vidare till mer komplexa omr\u00e5den som tempus och meningsbyggnad.<\/p>\n\n\n\n<h3 class=\"wp-block-heading\" id=\"h-1-nouns\">1. Substantiv:<\/h3>\n\n\n\n<p>B\u00f6rja din mongoliska spr\u00e5kresa genom att l\u00e4ra dig substantiven. Detta inkluderar att f\u00f6rst\u00e5 de olika kategorierna av substantiv, s\u00e5som vanliga och egennamn samt deras pluralformer. Du kommer ocks\u00e5 att st\u00f6ta p\u00e5 kasus\u00e4ndelser som markerar grammatiska roller som subjekt, objekt, plats och riktning.<\/p>\n\n\n\n<h3 class=\"wp-block-heading\" id=\"h-2-articles\">2. Artiklar:<\/h3>\n\n\n\n<p>Artiklar p\u00e5 mongoliska anv\u00e4nds inte p\u00e5 samma s\u00e4tt som p\u00e5 <a href=\"https:\/\/talkpal.ai\/ai-english-speaking-practice\/\">engelska<\/a>. Mongoliska har inte best\u00e4mda eller obest\u00e4mda artiklar. I st\u00e4llet uttrycks best\u00e4mdheten genom kontext, ordf\u00f6ljd, demonstrativ som det <a href=\"https:\/\/talkpal.ai\/locations\/language-courses-in-ena\/\">ena<\/a> och det andra, och ibland genom kasusmarkering som ackusativ f\u00f6r best\u00e4mda direkta objekt.<\/p>\n\n\n\n<h3 class=\"wp-block-heading\" id=\"h-3-adjectives\">3. Adjektiv:<\/h3>\n\n\n\n<p>Adjektiv p\u00e5 mongoliska kommer vanligtvis f\u00f6re sina substantiv, vilket skiljer sig fr\u00e5n <a href=\"https:\/\/talkpal.ai\/learn-english-with-ai\/\">engelska<\/a> f\u00f6r vissa inl\u00e4rare. De \u00e4r inte \u00f6verens om k\u00f6n eller antal. Du m\u00e5ste ocks\u00e5 l\u00e4ra dig att bilda komparativ och superlativ, ofta med ord som mer och de flesta eller med komparativa konstruktioner som anv\u00e4nder \u00e4n.<\/p>\n\n\n\n<h3 class=\"wp-block-heading\" id=\"h-4-pronouns-determiners\">4. Pronomen\/best\u00e4mningsfaktorer:<\/h3>\n\n\n\n<p>Pronomen och best\u00e4mningar \u00e4r viktiga p\u00e5 mongoliska; De ers\u00e4tter substantiv och ger information om kvantitet, besittning med mera. Besatthet visas vanligtvis med genitivformer och possessiva pronomen, och subjektspronomen kan utel\u00e4mnas n\u00e4r de f\u00f6rst\u00e5s fr\u00e5n sitt sammanhang. Demonstrativa som det ena och det andra, siffror och kvantifierare \u00e4r viktiga best\u00e4mningsfaktorer att bem\u00e4stra.<\/p>\n\n\n\n<h3 class=\"wp-block-heading\" id=\"h-5-verbs\">5. Verb:<\/h3>\n\n\n\n<p>Mongoliska verb har olika former beroende p\u00e5 tempus, aspekt och modus, ofta uppbyggda med suffix och hj\u00e4lpverb. Personens \u00f6verenskommelse \u00e4r begr\u00e4nsad och \u00e4mnen utel\u00e4mnas ofta om de \u00e4r tydliga. B\u00f6rja med de grundl\u00e4ggande icke-f\u00f6rflutna och tidigare formerna, utforska sedan vanem\u00e4ssiga, framtida avsiktliga och modala anv\u00e4ndningsomr\u00e5den.<\/p>\n\n\n\n<h3 class=\"wp-block-heading\" id=\"h-6-tenses\">6. Tempus:<\/h3>\n\n\n\n<p>Efter att ha beh\u00e4rskat verbstammarna och grundformerna, dyk djupare in i mongolisk tempus och aspekt. Detta inkluderar att f\u00f6rst\u00e5 skillnaderna mellan vanem\u00e4ssig nutid, progressiv nutid, enkel d\u00e5tid, tidigare perfektiv och icke-f\u00f6rflutna eller framtida l\u00e4sningar, och hur de anv\u00e4nds i olika sammanhang.<\/p>\n\n\n\n<h3 class=\"wp-block-heading\" id=\"h-7-tense-comparison\">7. Sp\u00e4nd j\u00e4mf\u00f6relse:<\/h3>\n\n\n\n<p>Att j\u00e4mf\u00f6ra tempus p\u00e5 mongoliska hj\u00e4lper till att f\u00f6rst\u00e5 sekvensen och nyanserna av handlingar. Att j\u00e4mf\u00f6ra samma verb i vanem\u00e4ssiga, progressiva, f\u00f6rflutna och icke-f\u00f6rflutna former kommer att ge en b\u00e4ttre f\u00f6rst\u00e5else f\u00f6r betydelseskillnader och anv\u00e4ndning.<\/p>\n\n\n\n<h3 class=\"wp-block-heading\" id=\"h-8-progressive\">8. Progressiv:<\/h3>\n\n\n\n<p>Det progressiva p\u00e5 mongoliska anv\u00e4nds f\u00f6r att uttrycka p\u00e5g\u00e5ende handlingar. Det bildas genom att anv\u00e4nda verbstammen med verbsuffixet och hj\u00e4lpverbet att vara, vanligtvis uttryckt med en form som \u00e4r ekvivalent med att g\u00f6ra.<\/p>\n\n\n\n<h3 class=\"wp-block-heading\" id=\"h-9-perfect-progressive\">9. Perfekt progressiv:<\/h3>\n\n\n\n<p>Denna betydelse anv\u00e4nds f\u00f6r att uttrycka handlingar som har p\u00e5g\u00e5tt fram till en viss punkt. P\u00e5 mongoliska uttrycks det med ett verb plus hj\u00e4lpverb som att ha kommit eller att ha varit, som f\u00f6rmedlar forts\u00e4ttning fram till nu eller fram till en tidigare referenspunkt.<\/p>\n\n\n\n<h3 class=\"wp-block-heading\" id=\"h-10-conditionals\">10. Villkor:<\/h3>\n\n\n\n<p>Konditionaler uttrycker hypotetiska situationer och deras m\u00f6jliga utfall. De \u00e4r en viktig del av <a href=\"https:\/\/talkpal.ai\/sv\/mongolisk-grammatik\/\">mongolisk grammatik<\/a> och bildas vanligtvis med villkorliga suffix som motsvarar if, tillsammans med konstruktioner som uttrycker verkliga, potentiella eller kontrafaktiska situationer.<\/p>\n\n\n\n<h3 class=\"wp-block-heading\" id=\"h-11-adverbs\">11. Adverb:<\/h3>\n\n\n\n<p>Adverb p\u00e5 mongoliska modifierar verb, adjektiv eller andra adverb. De ger information om s\u00e4tt, plats, tid, grad med mera. M\u00e5nga adverb h\u00e4rstammar fr\u00e5n adjektiv med adverbialsuffix, och det finns m\u00e5nga vanliga adverbial f\u00f6r tid och frekvens.<\/p>\n\n\n\n<h3 class=\"wp-block-heading\" id=\"h-12-prepositions\">12. Prepositioner:<\/h3>\n\n\n\n<p>Prepositioner i mongoliska realiseras i f\u00f6rsta hand som postpositioner och kasus\u00e4ndelser. De l\u00e4nkar samman ord och fraser och uttrycker relationer av tid, plats, riktning, syfte, orsak med mera. Det \u00e4r viktigt att l\u00e4ra sig vanliga postpositioner och \u00e4rendesystemets funktioner.<\/p>\n\n\n\n<h3 class=\"wp-block-heading\" id=\"h-13-sentences\">13. Meningar:<\/h3>\n\n\n\n<p>Slutligen, \u00f6va p\u00e5 att konstruera meningar. Mongoliska f\u00f6ljer vanligtvis ett subjekt, objekt, verbordf\u00f6ljd, anv\u00e4nder \u00e4mnesmarkering med partiklar och bildar fr\u00e5gor med fr\u00e5gande partiklar och intonation. Detta kommer att inneb\u00e4ra att man anv\u00e4nder alla tidigare inl\u00e4rda grammatiska punkter i sitt sammanhang och p\u00e5 s\u00e5 s\u00e4tt s\u00e4kerst\u00e4ller en omfattande f\u00f6rst\u00e5else av det mongoliska spr\u00e5ket.<\/p>\n<\/div><\/div>\n\r\n<section class=\"learnNavigationSection\">\r\n            \r\n        <a href=\"https:\/\/talkpal.ai\/sv\/lar-dig-mongoliska\/\">\r\n            <div class=\"learnNavigationWrapper\">\r\n                <div class=\"learnNavigationContent\">\r\n                    <img decoding=\"async\" src=\"https:\/\/talkpal.ai\/wp-content\/uploads\/2025\/11\/Mongolian.png\" alt=\"Mongolian Flag\">\r\n                    <div>\r\n                        <h4>Om mongolisk inl\u00e4rning<\/h4>\r\n                        <p>L\u00e4r dig allt om mongolisk grammatik.<\/p>\r\n                    <\/div>\r\n                <\/div>\r\n            <\/div>\r\n        <\/a>\r\n\r\n        \r\n        <a href=\"https:\/\/talkpal.ai\/sv\/mongolisk-grammatik\/\">\r\n            <div class=\"learnNavigationWrapper\">\r\n                <div class=\"learnNavigationContent\">\r\n                    <img decoding=\"async\" src=\"https:\/\/talkpal.ai\/wp-content\/uploads\/2025\/11\/Mongolian.png\" alt=\"Mongolian Flag\">\r\n                    <div>\r\n                        <h4>Mongoliska grammatiklektioner<\/h4>\r\n                        <p>\u00d6va mongolisk grammatik.<\/p>\r\n                    <\/div>\r\n                <\/div>\r\n            <\/div>\r\n        <\/a>\r\n\r\n            <\/section>","protected":false},"excerpt":{"rendered":"<p>Mongoliska grammatik\u00e4mnen Att l\u00e4ra sig ett nytt spr\u00e5k kan vara en utmanande men givande str\u00e4van. Mongoliska, ett mongoliskt spr\u00e5k som talas fr\u00e4mst i Mongoliet och delar av norra Kina, \u00e4r inget undantag. Med sina unika egenskaper och strukturer som vokalharmoni, agglutinerande morfologi, rik kasusmarkering och postpositioner, kr\u00e4ver inl\u00e4rning av mongoliska ett systematiskt tillv\u00e4gag\u00e5ngss\u00e4tt f\u00f6r att [&hellip;]<\/p>\n","protected":false},"author":20,"featured_media":0,"parent":0,"menu_order":0,"comment_status":"closed","ping_status":"closed","template":"LearningContentPage.php","meta":{"_acf_changed":false,"footnotes":""},"class_list":["post-1478006","page","type-page","status-publish","hentry"],"acf":[],"yoast_head":"<!-- This site is optimized with the Yoast SEO Premium plugin v27.2 (Yoast SEO v27.2) - https:\/\/yoast.com\/product\/yoast-seo-premium-wordpress\/ -->\n<title>Mongoliska grammatik\u00f6vningar - Talkpal<\/title>\n<meta name=\"description\" content=\"Beh\u00e4rska mongolisk grammatik med interaktiva \u00f6vningar och AI-drivna lektioner som \u00e4r utformade f\u00f6r att \u00f6ka ditt flyt och din spr\u00e5kf\u00f6rst\u00e5else.\" \/>\n<meta name=\"robots\" content=\"index, follow, max-snippet:-1, max-image-preview:large, max-video-preview:-1\" \/>\n<link rel=\"canonical\" href=\"https:\/\/talkpal.ai\/sv\/mongoliska-grammatikovningar\/\" \/>\n<meta property=\"og:locale\" content=\"sv_SE\" \/>\n<meta property=\"og:type\" content=\"article\" \/>\n<meta property=\"og:title\" content=\"Mongoliska grammatik\u00f6vningar\" \/>\n<meta property=\"og:description\" content=\"Mongoliska grammatik\u00e4mnen Att l\u00e4ra sig ett nytt spr\u00e5k kan vara en utmanande men givande str\u00e4van. Mongoliska, ett mongoliskt spr\u00e5k som talas fr\u00e4mst i\" \/>\n<meta property=\"og:url\" content=\"https:\/\/talkpal.ai\/sv\/mongoliska-grammatikovningar\/\" \/>\n<meta property=\"og:site_name\" content=\"Talkpal\" \/>\n<meta property=\"article:publisher\" content=\"https:\/\/www.facebook.com\/profile.php?id=100090733639311\" \/>\n<meta property=\"article:modified_time\" content=\"2025-12-30T12:39:39+00:00\" \/>\n<meta property=\"og:image\" content=\"https:\/\/talkpal.ai\/wp-content\/uploads\/2025\/02\/Progress-tab-16_9.png\" \/>\n\t<meta property=\"og:image:width\" content=\"2880\" \/>\n\t<meta property=\"og:image:height\" content=\"1620\" \/>\n\t<meta property=\"og:image:type\" content=\"image\/png\" \/>\n<meta name=\"twitter:card\" content=\"summary_large_image\" \/>\n<meta name=\"twitter:site\" content=\"@talkpalai\" \/>\n<meta name=\"twitter:label1\" content=\"Ber\u00e4knad l\u00e4stid\" \/>\n\t<meta name=\"twitter:data1\" content=\"4 minuter\" \/>\n<script type=\"application\/ld+json\" class=\"yoast-schema-graph\">{\"@context\":\"https:\/\/schema.org\",\"@graph\":[{\"@type\":\"WebPage\",\"@id\":\"https:\/\/talkpal.ai\/sv\/mongoliska-grammatikovningar\/\",\"url\":\"https:\/\/talkpal.ai\/sv\/mongoliska-grammatikovningar\/\",\"name\":\"Mongoliska grammatik\u00f6vningar - Talkpal\",\"isPartOf\":{\"@id\":\"https:\/\/talkpal.ai\/sv\/#website\"},\"datePublished\":\"2025-11-12T15:57:33+00:00\",\"dateModified\":\"2025-12-30T12:39:39+00:00\",\"description\":\"Beh\u00e4rska mongolisk grammatik med interaktiva \u00f6vningar och AI-drivna lektioner som \u00e4r utformade f\u00f6r att \u00f6ka ditt flyt och din spr\u00e5kf\u00f6rst\u00e5else.\",\"breadcrumb\":{\"@id\":\"https:\/\/talkpal.ai\/sv\/mongoliska-grammatikovningar\/#breadcrumb\"},\"inLanguage\":\"sv-SE\",\"potentialAction\":[{\"@type\":\"ReadAction\",\"target\":[\"https:\/\/talkpal.ai\/sv\/mongoliska-grammatikovningar\/\"]}]},{\"@type\":\"BreadcrumbList\",\"@id\":\"https:\/\/talkpal.ai\/sv\/mongoliska-grammatikovningar\/#breadcrumb\",\"itemListElement\":[{\"@type\":\"ListItem\",\"position\":1,\"name\":\"Homepage\",\"item\":\"https:\/\/talkpal.ai\/sv\/\"},{\"@type\":\"ListItem\",\"position\":2,\"name\":\"Mongoliska grammatik\u00f6vningar\"}]},{\"@type\":\"WebSite\",\"@id\":\"https:\/\/talkpal.ai\/sv\/#website\",\"url\":\"https:\/\/talkpal.ai\/sv\/\",\"name\":\"Talkpal\",\"description\":\"AI Language Learning\",\"publisher\":{\"@id\":\"https:\/\/talkpal.ai\/sv\/#organization\"},\"alternateName\":\"Talkpal AI\",\"potentialAction\":[{\"@type\":\"SearchAction\",\"target\":{\"@type\":\"EntryPoint\",\"urlTemplate\":\"https:\/\/talkpal.ai\/sv\/?s={search_term_string}\"},\"query-input\":{\"@type\":\"PropertyValueSpecification\",\"valueRequired\":true,\"valueName\":\"search_term_string\"}}],\"inLanguage\":\"sv-SE\"},{\"@type\":\"Organization\",\"@id\":\"https:\/\/talkpal.ai\/sv\/#organization\",\"name\":\"Talkpal, Inc.\",\"alternateName\":\"Talkpal AI\",\"url\":\"https:\/\/talkpal.ai\/sv\/\",\"logo\":{\"@type\":\"ImageObject\",\"inLanguage\":\"sv-SE\",\"@id\":\"https:\/\/talkpal.ai\/sv\/#\/schema\/logo\/image\/\",\"url\":\"https:\/\/talkpal.ai\/wp-content\/uploads\/2024\/03\/Talkpal-Logo-Icon.png\",\"contentUrl\":\"https:\/\/talkpal.ai\/wp-content\/uploads\/2024\/03\/Talkpal-Logo-Icon.png\",\"width\":2880,\"height\":2880,\"caption\":\"Talkpal, Inc.\"},\"image\":{\"@id\":\"https:\/\/talkpal.ai\/sv\/#\/schema\/logo\/image\/\"},\"sameAs\":[\"https:\/\/www.facebook.com\/profile.php?id=100090733639311\",\"https:\/\/x.com\/talkpalai\",\"https:\/\/www.linkedin.com\/company\/talkpal\/\",\"https:\/\/www.youtube.com\/@TalkPal\/\",\"https:\/\/www.tiktok.com\/@talkpal\",\"https:\/\/www.instagram.com\/talkpal_ai\/\",\"https:\/\/www.crunchbase.com\/organization\/talkpal-9cde\",\"https:\/\/www.g2.com\/products\/talkpal-for-business\/\",\"https:\/\/www.trustpilot.com\/review\/talkpal.ai\",\"https:\/\/www.capterra.com\/p\/10006800\/TalkPal\/\"],\"description\":\"Talkpal is a language learning web and mobile education app, powered by the latest AI technologies, that provides engaging experiences to its customers in many different languages to help them improve their language skills. Users can chat about unlimited amount of topics with the app and use other modes to practice their language learning.\",\"email\":\"support@talkpal.ai\",\"legalName\":\"Talkpal, Inc.\",\"foundingDate\":\"2023-04-03\",\"duns\":\"118989042\",\"numberOfEmployees\":{\"@type\":\"QuantitativeValue\",\"minValue\":\"11\",\"maxValue\":\"50\"},\"publishingPrinciples\":\"https:\/\/talkpal.ai\/publishing-principles\/\",\"actionableFeedbackPolicy\":\"https:\/\/talkpal.ai\/actionable-feedback-policy\/\",\"correctionsPolicy\":\"https:\/\/talkpal.ai\/corrections-policy\/\",\"ethicsPolicy\":\"https:\/\/talkpal.ai\/ethics-policy\/\",\"diversityPolicy\":\"https:\/\/talkpal.ai\/diversity-policy\/\",\"diversityStaffingReport\":\"https:\/\/talkpal.ai\/diversity-policy\/\"}]}<\/script>\n<!-- \/ Yoast SEO Premium plugin. -->","yoast_head_json":{"title":"Mongoliska grammatik\u00f6vningar - Talkpal","description":"Beh\u00e4rska mongolisk grammatik med interaktiva \u00f6vningar och AI-drivna lektioner som \u00e4r utformade f\u00f6r att \u00f6ka ditt flyt och din spr\u00e5kf\u00f6rst\u00e5else.","robots":{"index":"index","follow":"follow","max-snippet":"max-snippet:-1","max-image-preview":"max-image-preview:large","max-video-preview":"max-video-preview:-1"},"canonical":"https:\/\/talkpal.ai\/sv\/mongoliska-grammatikovningar\/","og_locale":"sv_SE","og_type":"article","og_title":"Mongoliska grammatik\u00f6vningar","og_description":"Mongoliska grammatik\u00e4mnen Att l\u00e4ra sig ett nytt spr\u00e5k kan vara en utmanande men givande str\u00e4van. Mongoliska, ett mongoliskt spr\u00e5k som talas fr\u00e4mst i","og_url":"https:\/\/talkpal.ai\/sv\/mongoliska-grammatikovningar\/","og_site_name":"Talkpal","article_publisher":"https:\/\/www.facebook.com\/profile.php?id=100090733639311","article_modified_time":"2025-12-30T12:39:39+00:00","og_image":[{"width":2880,"height":1620,"url":"https:\/\/talkpal.ai\/wp-content\/uploads\/2025\/02\/Progress-tab-16_9.png","type":"image\/png"}],"twitter_card":"summary_large_image","twitter_site":"@talkpalai","twitter_misc":{"Ber\u00e4knad l\u00e4stid":"4 minuter"},"schema":{"@context":"https:\/\/schema.org","@graph":[{"@type":"WebPage","@id":"https:\/\/talkpal.ai\/sv\/mongoliska-grammatikovningar\/","url":"https:\/\/talkpal.ai\/sv\/mongoliska-grammatikovningar\/","name":"Mongoliska grammatik\u00f6vningar - Talkpal","isPartOf":{"@id":"https:\/\/talkpal.ai\/sv\/#website"},"datePublished":"2025-11-12T15:57:33+00:00","dateModified":"2025-12-30T12:39:39+00:00","description":"Beh\u00e4rska mongolisk grammatik med interaktiva \u00f6vningar och AI-drivna lektioner som \u00e4r utformade f\u00f6r att \u00f6ka ditt flyt och din spr\u00e5kf\u00f6rst\u00e5else.","breadcrumb":{"@id":"https:\/\/talkpal.ai\/sv\/mongoliska-grammatikovningar\/#breadcrumb"},"inLanguage":"sv-SE","potentialAction":[{"@type":"ReadAction","target":["https:\/\/talkpal.ai\/sv\/mongoliska-grammatikovningar\/"]}]},{"@type":"BreadcrumbList","@id":"https:\/\/talkpal.ai\/sv\/mongoliska-grammatikovningar\/#breadcrumb","itemListElement":[{"@type":"ListItem","position":1,"name":"Homepage","item":"https:\/\/talkpal.ai\/sv\/"},{"@type":"ListItem","position":2,"name":"Mongoliska grammatik\u00f6vningar"}]},{"@type":"WebSite","@id":"https:\/\/talkpal.ai\/sv\/#website","url":"https:\/\/talkpal.ai\/sv\/","name":"Talkpal","description":"AI Language Learning","publisher":{"@id":"https:\/\/talkpal.ai\/sv\/#organization"},"alternateName":"Talkpal AI","potentialAction":[{"@type":"SearchAction","target":{"@type":"EntryPoint","urlTemplate":"https:\/\/talkpal.ai\/sv\/?s={search_term_string}"},"query-input":{"@type":"PropertyValueSpecification","valueRequired":true,"valueName":"search_term_string"}}],"inLanguage":"sv-SE"},{"@type":"Organization","@id":"https:\/\/talkpal.ai\/sv\/#organization","name":"Talkpal, Inc.","alternateName":"Talkpal AI","url":"https:\/\/talkpal.ai\/sv\/","logo":{"@type":"ImageObject","inLanguage":"sv-SE","@id":"https:\/\/talkpal.ai\/sv\/#\/schema\/logo\/image\/","url":"https:\/\/talkpal.ai\/wp-content\/uploads\/2024\/03\/Talkpal-Logo-Icon.png","contentUrl":"https:\/\/talkpal.ai\/wp-content\/uploads\/2024\/03\/Talkpal-Logo-Icon.png","width":2880,"height":2880,"caption":"Talkpal, Inc."},"image":{"@id":"https:\/\/talkpal.ai\/sv\/#\/schema\/logo\/image\/"},"sameAs":["https:\/\/www.facebook.com\/profile.php?id=100090733639311","https:\/\/x.com\/talkpalai","https:\/\/www.linkedin.com\/company\/talkpal\/","https:\/\/www.youtube.com\/@TalkPal\/","https:\/\/www.tiktok.com\/@talkpal","https:\/\/www.instagram.com\/talkpal_ai\/","https:\/\/www.crunchbase.com\/organization\/talkpal-9cde","https:\/\/www.g2.com\/products\/talkpal-for-business\/","https:\/\/www.trustpilot.com\/review\/talkpal.ai","https:\/\/www.capterra.com\/p\/10006800\/TalkPal\/"],"description":"Talkpal is a language learning web and mobile education app, powered by the latest AI technologies, that provides engaging experiences to its customers in many different languages to help them improve their language skills. Users can chat about unlimited amount of topics with the app and use other modes to practice their language learning.","email":"support@talkpal.ai","legalName":"Talkpal, Inc.","foundingDate":"2023-04-03","duns":"118989042","numberOfEmployees":{"@type":"QuantitativeValue","minValue":"11","maxValue":"50"},"publishingPrinciples":"https:\/\/talkpal.ai\/publishing-principles\/","actionableFeedbackPolicy":"https:\/\/talkpal.ai\/actionable-feedback-policy\/","correctionsPolicy":"https:\/\/talkpal.ai\/corrections-policy\/","ethicsPolicy":"https:\/\/talkpal.ai\/ethics-policy\/","diversityPolicy":"https:\/\/talkpal.ai\/diversity-policy\/","diversityStaffingReport":"https:\/\/talkpal.ai\/diversity-policy\/"}]}},"_links":{"self":[{"href":"https:\/\/talkpal.ai\/sv\/wp-json\/wp\/v2\/pages\/1478006","targetHints":{"allow":["GET"]}}],"collection":[{"href":"https:\/\/talkpal.ai\/sv\/wp-json\/wp\/v2\/pages"}],"about":[{"href":"https:\/\/talkpal.ai\/sv\/wp-json\/wp\/v2\/types\/page"}],"author":[{"embeddable":true,"href":"https:\/\/talkpal.ai\/sv\/wp-json\/wp\/v2\/users\/20"}],"replies":[{"embeddable":true,"href":"https:\/\/talkpal.ai\/sv\/wp-json\/wp\/v2\/comments?post=1478006"}],"version-history":[{"count":0,"href":"https:\/\/talkpal.ai\/sv\/wp-json\/wp\/v2\/pages\/1478006\/revisions"}],"wp:attachment":[{"href":"https:\/\/talkpal.ai\/sv\/wp-json\/wp\/v2\/media?parent=1478006"}],"curies":[{"name":"wp","href":"https:\/\/api.w.org\/{rel}","templated":true}]}}