{"id":1477902,"date":"2025-11-12T11:25:16","date_gmt":"2025-11-12T11:25:16","guid":{"rendered":"https:\/\/talkpal.ai\/khmer-grammatik\/"},"modified":"2025-12-30T14:40:33","modified_gmt":"2025-12-30T14:40:33","slug":"khmer-grammatik","status":"publish","type":"page","link":"https:\/\/talkpal.ai\/sv\/khmer-grammatik\/","title":{"rendered":"Khmer Grammatik"},"content":{"rendered":"\r\n\r\n\r\n<section class=\"languageChallengeSection\">\r\n    <div class=\"languageInfoWrapper\">\r\n        \r\n        <h1>Khmer Grammatik<\/h1>\r\n        <p>Khmergrammatik kan verka utmanande till en b\u00f6rjan, men dess unika egenskaper g\u00f6r det till en givande upplevelse att l\u00e4ra sig spr\u00e5ket. Genom att utforska alfabetet, mutationer och grammatikregler f\u00e5r du en inblick i en rik spr\u00e5klig tradition. B\u00f6rja din resa och uppt\u00e4ck sk\u00f6nheten i <a href=\"https:\/\/talkpal.ai\/learn-khmer\/\">Khmer<\/a>!<\/p>\r\n\r\n                            <a class=\"getStartedHidden\" href=\"https:\/\/app.talkpal.ai\/sv\/signup?lng=\">Kom ig\u00e5ng<\/a>\r\n        \r\n    <\/div>\r\n\r\n    <figure>\r\n    <img decoding=\"async\" width=\"768\" height=\"768\" src=\"https:\/\/talkpal.ai\/wp-content\/uploads\/2023\/06\/welsh-768x768.png\" class=\"languageImage no-lazy\" alt=\"Default alt text\" fetchpriority=\"high\" sizes=\"(max-width: 768px) 150px, 768px\" srcset=\"https:\/\/talkpal.ai\/wp-content\/uploads\/2023\/06\/welsh-768x768.png 768w, https:\/\/talkpal.ai\/wp-content\/uploads\/2023\/06\/welsh-300x300.png 300w\" \/>\r\n    \r\n\r\n    <\/figure>\r\n\r\n            <a class=\"getStartedVisible\" href=\"https:\/\/app.talkpal.ai\/sv\/signup?lng=\">Kom ig\u00e5ng<\/a>\r\n    \r\n<\/section><section class=\"promotionalBanner\">\r\n    <p class=\"promotionalText\">Det mest effektiva s\u00e4ttet att l\u00e4ra sig ett spr\u00e5k<\/p>\r\n    <a class=\"promotionalLink\" href=\"https:\/\/app.talkpal.ai\/sv\/signup?lng=\">Prova Talkpal gratis<\/a>\r\n<\/section>\n<div class=\"wp-block-group pageContainerStyle\"><div class=\"wp-block-group__inner-container is-layout-constrained wp-block-group-is-layout-constrained\">\n<h2 class=\"wp-block-heading\" id=\"h-navigating-the-intricacies-of-khmer-grammar\">Navigera i kr\u00e5ngligheterna i khmergrammatik<\/h2>\n\n\n\n<p><a href=\"https:\/\/talkpal.ai\/sv\/lar-dig-khmer\/\">Khmer<\/a>, det nationella spr\u00e5ket i Kambodja och ett stort austroasiatiskt spr\u00e5k med en djup litter\u00e4r tradition, erbjuder en sp\u00e4nnande spr\u00e5klig upplevelse f\u00f6r dem som \u00e4r ivriga att utforska dess unika grammatiksystem. N\u00e4r du ger dig in i khmerernas rike kommer du inte bara att berika din spr\u00e5kliga repertoar utan ocks\u00e5 omfamna en fascinerande kulturell resa. \u00c4ven om khmergrammatik kan verka obekant till en b\u00f6rjan, g\u00f6r det l\u00e4ttare att l\u00e4ra sig spr\u00e5ket genom att dela upp det i k\u00e4rnkomponenter. I <a href=\"https:\/\/talkpal.ai\/culture\/how-do-i-use-den-har-and-det-har\/\">den h\u00e4r<\/a> artikeln kommer vi att utforska den f\u00e4ngslande v\u00e4rlden av khmergrammatik och ge tips om hur man bem\u00e4strar dess komplexitet.<\/p>\n\n\n\n<h3 class=\"wp-block-heading\" id=\"h-1-khmer-alphabet-and-phonetics\">1. Khmeralfabetet och fonetik<\/h3>\n\n\n\n<p>Khmerskriftsystemet \u00e4r en abugida som best\u00e5r av 33 konsonanter, 23 beroende vokaler och 12 oberoende vokaler. Konsonanter finns i tv\u00e5 serier som p\u00e5verkar vokalkvaliteten, och vokalsymboler \u00e4ndrar sitt uttal beroende p\u00e5 konsonantserien. F\u00f6r att l\u00e4ra sig khmergrammatik \u00e4r det viktigt att bli bekant med denna distinkta skrift genom att \u00f6va p\u00e5 att l\u00e4sa och skriva p\u00e5 khmer.<\/p>\n\n\n\n<h3 class=\"wp-block-heading\" id=\"h-2-consonant-series-a-peculiar-khmer-feature\">2. Konsonantserie: En m\u00e4rklig khmerfunktion<\/h3>\n\n\n\n<p>En av de mest sl\u00e5ende aspekterna av khmer \u00e4r dess tv\u00e5 konsonantserier, ofta kallade <a href=\"https:\/\/talkpal.ai\/ko\/ai-%ec%96%b8%ec%96%b4-%ea%b5%90%ec%82%ac\/\">register<\/a>, som p\u00e5verkar hur beroende vokaler uttalas. Konsonanterna i A-serien och O-serien g\u00f6r att samma vokalsymbol l\u00e4ses p\u00e5 olika s\u00e4tt. Att f\u00f6rst\u00e5 hur dessa serier fungerar, tillsammans med vanliga diakritiska tecken, \u00e4r avg\u00f6rande f\u00f6r korrekt uttal och skrivning p\u00e5 khmer.<\/p>\n\n\n\n<h3 class=\"wp-block-heading\" id=\"h-3-nouns-and-pronouns-gender-and-cases\">3. Substantiv och pronomen: genus och kasus<\/h3>\n\n\n\n<p>Khmersubstantiv har inte grammatiskt genus och b\u00f6js inte f\u00f6r kasus. Pluralitet indikeras ofta med sammanhang, reduplikation eller ord som \u1785\u17d2\u179a\u17be\u1793. Pronomen p\u00e5 khmer inkluderar personliga, possessiva, reflexiva, demonstrativa och fr\u00e5gande former, och de varierar beroende p\u00e5 artighet och socialt sammanhang. Att bli bekant med dessa pronomen och partiklar som \u179a\u1794\u179f\u17cb f\u00f6r besittning kommer att avsev\u00e4rt f\u00f6rb\u00e4ttra ditt grepp om khmergrammatik.<\/p>\n\n\n\n<h3 class=\"wp-block-heading\" id=\"h-4-verbs-structure-and-conjugation\">4. Verb: Struktur och konjugation<\/h3>\n\n\n\n<p>Khmerverb b\u00f6js inte f\u00f6r tempus, person eller numerus. Ist\u00e4llet uttrycks tid och aspekt med partiklar och adverb, s\u00e5som \u1780\u17c6\u1796\u17bb\u1784 f\u00f6r progressiv, \u1794\u17b6\u1793 f\u00f6r fullbordat f\u00f6rflutet och \u1793\u17b9\u1784 f\u00f6r framtid. Hum\u00f6r kan indikeras med ord som \u179f\u17bc\u1798 eller \u1785\u17bc\u179a f\u00f6r artiga <a href=\"https:\/\/talkpal.ai\/ja\/grammar_exercises\/imperatif-%e3%83%95%e3%83%a9%e3%83%b3%e3%82%b9%e3%81%ae%e6%96%87%e6%b3%95%e3%81%ae%e3%81%9f%e3%82%81%e3%81%ae%e6%bc%94%e7%bf%92\/\">imperativ<\/a> och \u1780\u17bb\u17c6 f\u00f6r f\u00f6rbud. Att l\u00e4ra sig dessa partiklar och vanliga seriella verbkonstruktioner kommer att f\u00f6rb\u00e4ttra din f\u00f6rm\u00e5ga att kommunicera effektivt p\u00e5 khmer.<\/p>\n\n\n\n<h3 class=\"wp-block-heading\" id=\"h-5-adjectives-agreement-and-placement\">5. Adjektiv: \u00d6verenskommelse och placering<\/h3>\n\n\n\n<p>I khmerernas <a href=\"https:\/\/talkpal.ai\/fr\/les\/\">grammatik<\/a> f\u00f6ljer adjektiv vanligtvis substantivet de modifierar och \u00f6verensst\u00e4mmer inte i fr\u00e5ga om antal eller genus. Komparativ och superlativ bildas analytiskt, ofta med hj\u00e4lp av \u1787\u17b6\u1784 f\u00f6r j\u00e4mf\u00f6relse och \u1787\u17b6\u1784\u1782\u17c1 eller \u1794\u17c6\u1795\u17bb\u178f f\u00f6r superlativ.<\/p>\n\n\n\n<p><strong>Exempel:<\/strong><\/p>\n\n\n\n<p><strong>\u2013 \u179f\u17c1\u1785\u1780\u17d2\u178f\u17b8\u179f\u17d2\u179a\u17a1\u17b6\u1789\u17cb \u1792\u17c6 (stor k\u00e4rlek)<\/strong><\/p>\n\n\n\n<p><strong>\u2013 \u1780\u17bc\u1793\u1780\u17d2\u1798\u17c1\u1784 \u178f\u17bc\u1785(sm\u00e5 barn)<\/strong><\/p>\n\n\n\n<h3 class=\"wp-block-heading\" id=\"h-6-engaging-with-the-language\">6. Engagera sig i spr\u00e5ket<\/h3>\n\n\n\n<p>Det mest effektiva s\u00e4ttet att fullt ut f\u00f6rst\u00e5 och internalisera khmerernas grammatik \u00e4r att konsekvent engagera sig i spr\u00e5ket. Genom att l\u00e4sa khmerlitteratur, titta p\u00e5 khmerfilmer eller tv-serier, lyssna p\u00e5 khmermusik och aktivt kommunicera med personer som har spr\u00e5ket som modersm\u00e5l kommer du att f\u00f6rst\u00e4rka din f\u00f6rst\u00e5else f\u00f6r grammatik samtidigt som du ut\u00f6kar ditt ordf\u00f6rr\u00e5d.<\/p>\n\n\n\n<h3 class=\"wp-block-heading\" id=\"h-conclusion\">Slutsats<\/h3>\n\n\n\n<p>\u00c4ven om khmergrammatik kan verka invecklad kan du bli skicklig i detta vackra spr\u00e5k med engagemang, \u00f6vning och entusiasm. Genom att fokusera p\u00e5 de grundl\u00e4ggande reglerna och engagera dig i spr\u00e5ket i olika sammanhang kommer du snabbt att f\u00f6rb\u00e4ttra dina kunskaper i <a href=\"https:\/\/talkpal.ai\/sv\/grammatik\/\">khmergrammatik<\/a>. Somnang laor (lycka till) med din khmerspr\u00e5kresa och njut av att nysta upp den g\u00e5tfulla men f\u00e4ngslande v\u00e4rlden av khmergrammatik!<\/p>\n<\/div><\/div>\n\r\n<section class=\"learnNavigationSection\">\r\n            \r\n        <a href=\"https:\/\/talkpal.ai\/sv\/lar-dig-khmer\/\">\r\n            <div class=\"learnNavigationWrapper\">\r\n                <div class=\"learnNavigationContent\">\r\n                    <img decoding=\"async\" src=\"https:\/\/talkpal.ai\/wp-content\/uploads\/2025\/11\/Khmer.png\" alt=\"Cambodian Flag\">\r\n                    <div>\r\n                        <h4>Om Khmer Learning<\/h4>\r\n                        <p>Ta reda p\u00e5 allt om khmergrammatik.<\/p>\r\n                    <\/div>\r\n                <\/div>\r\n            <\/div>\r\n        <\/a>\r\n\r\n        \r\n        <a href=\"https:\/\/talkpal.ai\/sv\/khmer-grammatik-ovningar\/\">\r\n            <div class=\"learnNavigationWrapper\">\r\n                <div class=\"learnNavigationContent\">\r\n                    <img decoding=\"async\" src=\"https:\/\/talkpal.ai\/wp-content\/uploads\/2025\/11\/Khmer.png\" alt=\"Cambodian Flag\">\r\n                    <div>\r\n                        <h4>\u00d6vning i Khmer Grammatik<\/h4>\r\n                        <p>\u00d6va p\u00e5 khmergrammatik.<\/p>\r\n                    <\/div>\r\n                <\/div>\r\n            <\/div>\r\n        <\/a>\r\n\r\n            <\/section>","protected":false},"excerpt":{"rendered":"<p>Navigera i kr\u00e5ngligheterna i khmergrammatik Khmer, det nationella spr\u00e5ket i Kambodja och ett stort austroasiatiskt spr\u00e5k med en djup litter\u00e4r tradition, erbjuder en sp\u00e4nnande spr\u00e5klig upplevelse f\u00f6r dem som \u00e4r ivriga att utforska dess unika grammatiksystem. N\u00e4r du ger dig in i khmerernas rike kommer du inte bara att berika din spr\u00e5kliga repertoar utan ocks\u00e5 [&hellip;]<\/p>\n","protected":false},"author":20,"featured_media":0,"parent":0,"menu_order":0,"comment_status":"closed","ping_status":"closed","template":"LearningContentPage.php","meta":{"_acf_changed":false,"footnotes":""},"class_list":["post-1477902","page","type-page","status-publish","hentry"],"acf":[],"yoast_head":"<!-- This site is optimized with the Yoast SEO Premium plugin v27.2 (Yoast SEO v27.2) - https:\/\/yoast.com\/product\/yoast-seo-premium-wordpress\/ -->\n<title>Khmer Grammatik - Talkpal<\/title>\n<meta name=\"description\" content=\"Med v\u00e5r omfattande spr\u00e5kinl\u00e4rningsguide kan du l\u00e4ra dig allt som \u00e4r viktigt i khmer-grammatiken, inklusive alfabetet, fonetik och meningsbyggnad.\" \/>\n<meta name=\"robots\" content=\"index, follow, max-snippet:-1, max-image-preview:large, max-video-preview:-1\" \/>\n<link rel=\"canonical\" href=\"https:\/\/talkpal.ai\/sv\/khmer-grammatik\/\" \/>\n<meta property=\"og:locale\" content=\"sv_SE\" \/>\n<meta property=\"og:type\" content=\"article\" \/>\n<meta property=\"og:title\" content=\"Khmer Grammatik\" \/>\n<meta property=\"og:description\" content=\"Navigera i kr\u00e5ngligheterna i khmergrammatik Khmer, det nationella spr\u00e5ket i Kambodja och ett stort austroasiatiskt spr\u00e5k med en djup litter\u00e4r tradition,\" \/>\n<meta property=\"og:url\" content=\"https:\/\/talkpal.ai\/sv\/khmer-grammatik\/\" \/>\n<meta property=\"og:site_name\" content=\"Talkpal\" \/>\n<meta property=\"article:publisher\" content=\"https:\/\/www.facebook.com\/profile.php?id=100090733639311\" \/>\n<meta property=\"article:modified_time\" content=\"2025-12-30T14:40:33+00:00\" \/>\n<meta property=\"og:image\" content=\"https:\/\/talkpal.ai\/wp-content\/uploads\/2025\/02\/Progress-tab-16_9.png\" \/>\n\t<meta property=\"og:image:width\" content=\"2880\" \/>\n\t<meta property=\"og:image:height\" content=\"1620\" \/>\n\t<meta property=\"og:image:type\" content=\"image\/png\" \/>\n<meta name=\"twitter:card\" content=\"summary_large_image\" \/>\n<meta name=\"twitter:site\" content=\"@talkpalai\" \/>\n<meta name=\"twitter:label1\" content=\"Ber\u00e4knad l\u00e4stid\" \/>\n\t<meta name=\"twitter:data1\" content=\"3 minuter\" \/>\n<script type=\"application\/ld+json\" class=\"yoast-schema-graph\">{\"@context\":\"https:\/\/schema.org\",\"@graph\":[{\"@type\":\"WebPage\",\"@id\":\"https:\/\/talkpal.ai\/sv\/khmer-grammatik\/\",\"url\":\"https:\/\/talkpal.ai\/sv\/khmer-grammatik\/\",\"name\":\"Khmer Grammatik - Talkpal\",\"isPartOf\":{\"@id\":\"https:\/\/talkpal.ai\/sv\/#website\"},\"datePublished\":\"2025-11-12T11:25:16+00:00\",\"dateModified\":\"2025-12-30T14:40:33+00:00\",\"description\":\"Med v\u00e5r omfattande spr\u00e5kinl\u00e4rningsguide kan du l\u00e4ra dig allt som \u00e4r viktigt i khmer-grammatiken, inklusive alfabetet, fonetik och meningsbyggnad.\",\"breadcrumb\":{\"@id\":\"https:\/\/talkpal.ai\/sv\/khmer-grammatik\/#breadcrumb\"},\"inLanguage\":\"sv-SE\",\"potentialAction\":[{\"@type\":\"ReadAction\",\"target\":[\"https:\/\/talkpal.ai\/sv\/khmer-grammatik\/\"]}]},{\"@type\":\"BreadcrumbList\",\"@id\":\"https:\/\/talkpal.ai\/sv\/khmer-grammatik\/#breadcrumb\",\"itemListElement\":[{\"@type\":\"ListItem\",\"position\":1,\"name\":\"Homepage\",\"item\":\"https:\/\/talkpal.ai\/sv\/\"},{\"@type\":\"ListItem\",\"position\":2,\"name\":\"Khmer Grammatik\"}]},{\"@type\":\"WebSite\",\"@id\":\"https:\/\/talkpal.ai\/sv\/#website\",\"url\":\"https:\/\/talkpal.ai\/sv\/\",\"name\":\"Talkpal\",\"description\":\"AI Language Learning\",\"publisher\":{\"@id\":\"https:\/\/talkpal.ai\/sv\/#organization\"},\"alternateName\":\"Talkpal AI\",\"potentialAction\":[{\"@type\":\"SearchAction\",\"target\":{\"@type\":\"EntryPoint\",\"urlTemplate\":\"https:\/\/talkpal.ai\/sv\/?s={search_term_string}\"},\"query-input\":{\"@type\":\"PropertyValueSpecification\",\"valueRequired\":true,\"valueName\":\"search_term_string\"}}],\"inLanguage\":\"sv-SE\"},{\"@type\":\"Organization\",\"@id\":\"https:\/\/talkpal.ai\/sv\/#organization\",\"name\":\"Talkpal, Inc.\",\"alternateName\":\"Talkpal AI\",\"url\":\"https:\/\/talkpal.ai\/sv\/\",\"logo\":{\"@type\":\"ImageObject\",\"inLanguage\":\"sv-SE\",\"@id\":\"https:\/\/talkpal.ai\/sv\/#\/schema\/logo\/image\/\",\"url\":\"https:\/\/talkpal.ai\/wp-content\/uploads\/2024\/03\/Talkpal-Logo-Icon.png\",\"contentUrl\":\"https:\/\/talkpal.ai\/wp-content\/uploads\/2024\/03\/Talkpal-Logo-Icon.png\",\"width\":2880,\"height\":2880,\"caption\":\"Talkpal, Inc.\"},\"image\":{\"@id\":\"https:\/\/talkpal.ai\/sv\/#\/schema\/logo\/image\/\"},\"sameAs\":[\"https:\/\/www.facebook.com\/profile.php?id=100090733639311\",\"https:\/\/x.com\/talkpalai\",\"https:\/\/www.linkedin.com\/company\/talkpal\/\",\"https:\/\/www.youtube.com\/@TalkPal\/\",\"https:\/\/www.tiktok.com\/@talkpal\",\"https:\/\/www.instagram.com\/talkpal_ai\/\",\"https:\/\/www.crunchbase.com\/organization\/talkpal-9cde\",\"https:\/\/www.g2.com\/products\/talkpal-for-business\/\",\"https:\/\/www.trustpilot.com\/review\/talkpal.ai\",\"https:\/\/www.capterra.com\/p\/10006800\/TalkPal\/\"],\"description\":\"Talkpal is a language learning web and mobile education app, powered by the latest AI technologies, that provides engaging experiences to its customers in many different languages to help them improve their language skills. Users can chat about unlimited amount of topics with the app and use other modes to practice their language learning.\",\"email\":\"support@talkpal.ai\",\"legalName\":\"Talkpal, Inc.\",\"foundingDate\":\"2023-04-03\",\"duns\":\"118989042\",\"numberOfEmployees\":{\"@type\":\"QuantitativeValue\",\"minValue\":\"11\",\"maxValue\":\"50\"},\"publishingPrinciples\":\"https:\/\/talkpal.ai\/publishing-principles\/\",\"actionableFeedbackPolicy\":\"https:\/\/talkpal.ai\/actionable-feedback-policy\/\",\"correctionsPolicy\":\"https:\/\/talkpal.ai\/corrections-policy\/\",\"ethicsPolicy\":\"https:\/\/talkpal.ai\/ethics-policy\/\",\"diversityPolicy\":\"https:\/\/talkpal.ai\/diversity-policy\/\",\"diversityStaffingReport\":\"https:\/\/talkpal.ai\/diversity-policy\/\"}]}<\/script>\n<!-- \/ Yoast SEO Premium plugin. -->","yoast_head_json":{"title":"Khmer Grammatik - Talkpal","description":"Med v\u00e5r omfattande spr\u00e5kinl\u00e4rningsguide kan du l\u00e4ra dig allt som \u00e4r viktigt i khmer-grammatiken, inklusive alfabetet, fonetik och meningsbyggnad.","robots":{"index":"index","follow":"follow","max-snippet":"max-snippet:-1","max-image-preview":"max-image-preview:large","max-video-preview":"max-video-preview:-1"},"canonical":"https:\/\/talkpal.ai\/sv\/khmer-grammatik\/","og_locale":"sv_SE","og_type":"article","og_title":"Khmer Grammatik","og_description":"Navigera i kr\u00e5ngligheterna i khmergrammatik Khmer, det nationella spr\u00e5ket i Kambodja och ett stort austroasiatiskt spr\u00e5k med en djup litter\u00e4r tradition,","og_url":"https:\/\/talkpal.ai\/sv\/khmer-grammatik\/","og_site_name":"Talkpal","article_publisher":"https:\/\/www.facebook.com\/profile.php?id=100090733639311","article_modified_time":"2025-12-30T14:40:33+00:00","og_image":[{"width":2880,"height":1620,"url":"https:\/\/talkpal.ai\/wp-content\/uploads\/2025\/02\/Progress-tab-16_9.png","type":"image\/png"}],"twitter_card":"summary_large_image","twitter_site":"@talkpalai","twitter_misc":{"Ber\u00e4knad l\u00e4stid":"3 minuter"},"schema":{"@context":"https:\/\/schema.org","@graph":[{"@type":"WebPage","@id":"https:\/\/talkpal.ai\/sv\/khmer-grammatik\/","url":"https:\/\/talkpal.ai\/sv\/khmer-grammatik\/","name":"Khmer Grammatik - Talkpal","isPartOf":{"@id":"https:\/\/talkpal.ai\/sv\/#website"},"datePublished":"2025-11-12T11:25:16+00:00","dateModified":"2025-12-30T14:40:33+00:00","description":"Med v\u00e5r omfattande spr\u00e5kinl\u00e4rningsguide kan du l\u00e4ra dig allt som \u00e4r viktigt i khmer-grammatiken, inklusive alfabetet, fonetik och meningsbyggnad.","breadcrumb":{"@id":"https:\/\/talkpal.ai\/sv\/khmer-grammatik\/#breadcrumb"},"inLanguage":"sv-SE","potentialAction":[{"@type":"ReadAction","target":["https:\/\/talkpal.ai\/sv\/khmer-grammatik\/"]}]},{"@type":"BreadcrumbList","@id":"https:\/\/talkpal.ai\/sv\/khmer-grammatik\/#breadcrumb","itemListElement":[{"@type":"ListItem","position":1,"name":"Homepage","item":"https:\/\/talkpal.ai\/sv\/"},{"@type":"ListItem","position":2,"name":"Khmer Grammatik"}]},{"@type":"WebSite","@id":"https:\/\/talkpal.ai\/sv\/#website","url":"https:\/\/talkpal.ai\/sv\/","name":"Talkpal","description":"AI Language Learning","publisher":{"@id":"https:\/\/talkpal.ai\/sv\/#organization"},"alternateName":"Talkpal AI","potentialAction":[{"@type":"SearchAction","target":{"@type":"EntryPoint","urlTemplate":"https:\/\/talkpal.ai\/sv\/?s={search_term_string}"},"query-input":{"@type":"PropertyValueSpecification","valueRequired":true,"valueName":"search_term_string"}}],"inLanguage":"sv-SE"},{"@type":"Organization","@id":"https:\/\/talkpal.ai\/sv\/#organization","name":"Talkpal, Inc.","alternateName":"Talkpal AI","url":"https:\/\/talkpal.ai\/sv\/","logo":{"@type":"ImageObject","inLanguage":"sv-SE","@id":"https:\/\/talkpal.ai\/sv\/#\/schema\/logo\/image\/","url":"https:\/\/talkpal.ai\/wp-content\/uploads\/2024\/03\/Talkpal-Logo-Icon.png","contentUrl":"https:\/\/talkpal.ai\/wp-content\/uploads\/2024\/03\/Talkpal-Logo-Icon.png","width":2880,"height":2880,"caption":"Talkpal, Inc."},"image":{"@id":"https:\/\/talkpal.ai\/sv\/#\/schema\/logo\/image\/"},"sameAs":["https:\/\/www.facebook.com\/profile.php?id=100090733639311","https:\/\/x.com\/talkpalai","https:\/\/www.linkedin.com\/company\/talkpal\/","https:\/\/www.youtube.com\/@TalkPal\/","https:\/\/www.tiktok.com\/@talkpal","https:\/\/www.instagram.com\/talkpal_ai\/","https:\/\/www.crunchbase.com\/organization\/talkpal-9cde","https:\/\/www.g2.com\/products\/talkpal-for-business\/","https:\/\/www.trustpilot.com\/review\/talkpal.ai","https:\/\/www.capterra.com\/p\/10006800\/TalkPal\/"],"description":"Talkpal is a language learning web and mobile education app, powered by the latest AI technologies, that provides engaging experiences to its customers in many different languages to help them improve their language skills. Users can chat about unlimited amount of topics with the app and use other modes to practice their language learning.","email":"support@talkpal.ai","legalName":"Talkpal, Inc.","foundingDate":"2023-04-03","duns":"118989042","numberOfEmployees":{"@type":"QuantitativeValue","minValue":"11","maxValue":"50"},"publishingPrinciples":"https:\/\/talkpal.ai\/publishing-principles\/","actionableFeedbackPolicy":"https:\/\/talkpal.ai\/actionable-feedback-policy\/","correctionsPolicy":"https:\/\/talkpal.ai\/corrections-policy\/","ethicsPolicy":"https:\/\/talkpal.ai\/ethics-policy\/","diversityPolicy":"https:\/\/talkpal.ai\/diversity-policy\/","diversityStaffingReport":"https:\/\/talkpal.ai\/diversity-policy\/"}]}},"_links":{"self":[{"href":"https:\/\/talkpal.ai\/sv\/wp-json\/wp\/v2\/pages\/1477902","targetHints":{"allow":["GET"]}}],"collection":[{"href":"https:\/\/talkpal.ai\/sv\/wp-json\/wp\/v2\/pages"}],"about":[{"href":"https:\/\/talkpal.ai\/sv\/wp-json\/wp\/v2\/types\/page"}],"author":[{"embeddable":true,"href":"https:\/\/talkpal.ai\/sv\/wp-json\/wp\/v2\/users\/20"}],"replies":[{"embeddable":true,"href":"https:\/\/talkpal.ai\/sv\/wp-json\/wp\/v2\/comments?post=1477902"}],"version-history":[{"count":0,"href":"https:\/\/talkpal.ai\/sv\/wp-json\/wp\/v2\/pages\/1477902\/revisions"}],"wp:attachment":[{"href":"https:\/\/talkpal.ai\/sv\/wp-json\/wp\/v2\/media?parent=1477902"}],"curies":[{"name":"wp","href":"https:\/\/api.w.org\/{rel}","templated":true}]}}