{"id":1477595,"date":"2025-11-11T16:16:27","date_gmt":"2025-11-11T16:16:27","guid":{"rendered":"https:\/\/talkpal.ai\/burmesisk-grammatik\/"},"modified":"2025-12-30T15:17:16","modified_gmt":"2025-12-30T15:17:16","slug":"burmesisk-grammatik","status":"publish","type":"page","link":"https:\/\/talkpal.ai\/sv\/burmesisk-grammatik\/","title":{"rendered":"Burmesisk grammatik"},"content":{"rendered":"\r\n\r\n\r\n<section class=\"languageChallengeSection\">\r\n    <div class=\"languageInfoWrapper\">\r\n        \r\n        <h1>Burmesisk grammatik<\/h1>\r\n        <p><a href=\"https:\/\/talkpal.ai\/burmese-grammar\/\">Burmesisk grammatik<\/a> kan verka utmanande till en b\u00f6rjan, men dess unika egenskaper g\u00f6r det till en givande upplevelse att l\u00e4ra sig spr\u00e5ket. Genom att utforska alfabetet, mutationer och grammatikregler f\u00e5r du en inblick i en rik spr\u00e5klig tradition. B\u00f6rja din resa och uppt\u00e4ck sk\u00f6nheten i <a href=\"https:\/\/talkpal.ai\/learn-burmese\/\">burmesiska<\/a>!<\/p>\r\n\r\n                            <a class=\"getStartedHidden\" href=\"https:\/\/app.talkpal.ai\/sv\/signup?lng=\">Kom ig\u00e5ng<\/a>\r\n        \r\n    <\/div>\r\n\r\n    <figure>\r\n    <img decoding=\"async\" width=\"768\" height=\"768\" src=\"https:\/\/talkpal.ai\/wp-content\/uploads\/2023\/06\/welsh-768x768.png\" class=\"languageImage no-lazy\" alt=\"Default alt text\" fetchpriority=\"high\" sizes=\"(max-width: 768px) 150px, 768px\" srcset=\"https:\/\/talkpal.ai\/wp-content\/uploads\/2023\/06\/welsh-768x768.png 768w, https:\/\/talkpal.ai\/wp-content\/uploads\/2023\/06\/welsh-300x300.png 300w\" \/>\r\n    \r\n\r\n    <\/figure>\r\n\r\n            <a class=\"getStartedVisible\" href=\"https:\/\/app.talkpal.ai\/sv\/signup?lng=\">Kom ig\u00e5ng<\/a>\r\n    \r\n<\/section><section class=\"promotionalBanner\">\r\n    <p class=\"promotionalText\">Det mest effektiva s\u00e4ttet att l\u00e4ra sig ett spr\u00e5k<\/p>\r\n    <a class=\"promotionalLink\" href=\"https:\/\/app.talkpal.ai\/sv\/signup?lng=\">Prova Talkpal gratis<\/a>\r\n<\/section>\n<div class=\"wp-block-group pageContainerStyle\"><div class=\"wp-block-group__inner-container is-layout-constrained wp-block-group-is-layout-constrained\">\n<h2 class=\"wp-block-heading\" id=\"h-navigating-the-intricacies-of-burmese-grammar\">Navigera i den burmesiska grammatikens kr\u00e5ngligheter<\/h2>\n\n\n\n<p><a href=\"https:\/\/talkpal.ai\/sv\/lar-dig-burmesiska\/\">Burmesiska<\/a>, ett tibeto-burmanskt spr\u00e5k med en rik historia och kulturell betydelse, erbjuder en sp\u00e4nnande spr\u00e5klig upplevelse f\u00f6r dem som \u00e4r ivriga att utforska dess unika grammatiksystem. N\u00e4r du ger dig in i den burmesiska v\u00e4rlden kommer du inte bara att berika din spr\u00e5kliga repertoar utan ocks\u00e5 omfamna en fascinerande kulturell resa. \u00c4ven om burmesisk <a href=\"https:\/\/talkpal.ai\/fr\/les\/\">grammatik<\/a> kan verka obekant till en b\u00f6rjan, g\u00f6r det l\u00e4ttare att l\u00e4ra sig spr\u00e5ket genom att bryta ner det i k\u00e4rnkomponenter. I <a href=\"https:\/\/talkpal.ai\/culture\/how-do-i-use-den-har-and-det-har\/\">den h\u00e4r<\/a> artikeln kommer vi att utforska den f\u00e4ngslande v\u00e4rlden av burmesisk grammatik och ge tips om hur du bem\u00e4strar dess komplexitet.<\/p>\n\n\n\n<h3 class=\"wp-block-heading\" id=\"h-1-welsh-alphabet-and-phonetics\">1. Walesiska alfabetet och fonetik<\/h3>\n\n\n\n<p>Det burmesiska skriftsystemet \u00e4r en abugida som anv\u00e4nder 33 konsonantbokst\u00e4ver och vokaldiakritiska tecken, tillsammans med distinkta medialer som \u103b,\u103c,\u103d,\u103e. Ton och stavelsetyp anges med tecken som \u1037, \u1038 och \u103a. F\u00f6r att l\u00e4ra sig burmesisk grammatik \u00e4r det viktigt att bli bekant med den h\u00e4r skriften genom att \u00f6va p\u00e5 att l\u00e4sa och skriva p\u00e5 burmesiska och genom att vara uppm\u00e4rksam p\u00e5 ton och rytm.<\/p>\n\n\n\n<h3 class=\"wp-block-heading\" id=\"h-2-particles-a-distinctive-burmese-feature\">2. Partiklar: ett utm\u00e4rkande burmesiskt s\u00e4rdrag<\/h3>\n\n\n\n<p>En av de mest sl\u00e5ende aspekterna av burmesisk grammatik \u00e4r den omfattande anv\u00e4ndningen av partiklar som markerar tempus, aspekt, hum\u00f6r, artighet och kasusrelationer. Vanliga meningsavslutande partiklar \u00e4r \u1010\u101a\u103a, \u1015\u102b, \u1019\u101a\u103a och \u101b\u1032\u1037, medan grammatiska partiklar som \u1000\u102d\u102f, \u1000, \u1019\u103e\u102c, \u1006\u102e, \u1014\u1032\u1037 anger roller som objekt, agent, plats, m\u00e5l och instrument. Att f\u00f6rst\u00e5 n\u00e4r och hur dessa partiklar anv\u00e4nds \u00e4r avg\u00f6rande f\u00f6r korrekt kommunikation p\u00e5 burmesiska.<\/p>\n\n\n\n<h3 class=\"wp-block-heading\" id=\"h-3-nouns-and-pronouns-gender-and-cases\">3. Substantiv och pronomen: genus och kasus<\/h3>\n\n\n\n<p>Burmesiska substantiv har inte grammatiskt genus, och pluralitet markeras ofta med \u1010\u103d\u1031 n\u00e4r det beh\u00f6vs. Kasusrelationer uttrycks med postpositionella partiklar snarare \u00e4n b\u00f6jning, till exempel \u1000\u102d\u102f f\u00f6r direkta objekt, \u1000 eller \u1019\u103e f\u00f6r agenter eller k\u00e4llor, \u1019\u103e\u102c eller \u1010\u103d\u1004\u103a f\u00f6r platser och \u1006\u102e f\u00f6r mottagare. Pronomen p\u00e5 burmesiska varierar beroende p\u00e5 person, nummer och niv\u00e5 av artighet, inklusive former som \u1000\u103b\u103d\u1014\u103a\u1010\u1031\u102c\u103a eller \u1000\u103b\u103d\u1014\u103a\u1019 f\u00f6r jag, \u101e\u1004\u103a eller \u101b\u103e\u1004\u103a och \u101e\u1030 f\u00f6r han eller hon. Att bekanta sig med dessa pronomen, deras artiga varianter och partikelkombinationer kommer att avsev\u00e4rt f\u00f6rb\u00e4ttra ditt grepp om burmesisk grammatik.<\/p>\n\n\n\n<h3 class=\"wp-block-heading\" id=\"h-4-verbs-structure-and-conjugation\">4. Verb: Struktur och konjugation<\/h3>\n\n\n\n<p>Burmesiska verb b\u00f6js inte f\u00f6r person eller numerus. Ist\u00e4llet uttrycks tempus, aspekt och st\u00e4mning med partiklar och hj\u00e4lpelement. K\u00e4rnm\u00f6nstren inkluderar icke-f\u00f6rflutna p\u00e5st\u00e5enden med \u1010\u101a\u103a, perfektiv eller tillst\u00e5ndsf\u00f6r\u00e4ndring med \u1015\u103c\u102e, framtid eller avsikt med \u1019\u101a\u103a eller \u101c\u102d\u1019\u1037\u103a\u1019\u101a\u103a, och erfarenhetsm\u00e4ssig aspekt med \u1016\u1030\u1038. <a href=\"https:\/\/talkpal.ai\/zh-hans\/grammar_exercises\/negazione-%e6%84%8f%e5%a4%a7%e5%88%a9%e8%af%ad%e6%b3%95%e7%bb%83%e4%b9%a0\/\">Negation<\/a> anv\u00e4nder vanligtvis \u1019 + verb + \u1018\u1030\u1038 eller \u1019 + verb + \u101e\u1031\u1038, och imperativ- eller beg\u00e4randeformer anv\u00e4nder ofta partiklar som \u1015\u102b eller \u1014\u1031\u102c\u103a. Att l\u00e4ra sig dessa partikeldrivna m\u00f6nster kommer f\u00f6rb\u00e4ttra din f\u00f6rm\u00e5ga att kommunicera effektivt p\u00e5 burmesiska.<\/p>\n\n\n\n<h3 class=\"wp-block-heading\" id=\"h-5-adjectives-agreement-and-placement\">5. Adjektiv: \u00d6verenskommelse och placering<\/h3>\n\n\n\n<p>\u00d6verensst\u00e4mmelse och placering I burmesisk grammatik f\u00f6ljer adjektiv vanligtvis substantivet i enkla substantiv-adjektivsammans\u00e4ttningar och det finns ingen \u00f6verensst\u00e4mmelse i numerus eller genus. Adjektivsatser f\u00f6reg\u00e5r ofta substantivet med mark\u00f6rer som \u1010\u1032\u1037 i vardagligt burmesiska eller \u1021&#8230; \u101e\u1031\u102c i formell stil. Komparativa och superlativa betydelser bildas vanligen med \u1015\u102d\u102f och \u1011\u1000\u103a f\u00f6r j\u00e4mf\u00f6relser och \u1021&#8230; \u1006\u102f\u1036\u1038 f\u00f6r superlativ.<\/p>\n\n\n\n<p><strong>Exempel:<\/strong><\/p>\n\n\n\n<p><strong>\u2013 \u1021\u1001\u103b\u1005\u103a\u1000\u103c\u102e\u1038 (stor k\u00e4rlek)<\/strong><\/p>\n\n\n\n<p><strong>\u2013 \u1000\u101c\u1031\u1038\u1004\u101a\u103a\u1010\u103d\u1031 (sm\u00e5 barn)<\/strong><\/p>\n\n\n\n<h3 class=\"wp-block-heading\" id=\"h-6-engaging-with-the-language\">6. Engagera sig i spr\u00e5ket<\/h3>\n\n\n\n<p>Det mest effektiva s\u00e4ttet att fullt ut f\u00f6rst\u00e5 och internalisera burmesisk grammatik \u00e4r att konsekvent engagera sig i spr\u00e5ket. Genom att l\u00e4sa burmesisk litteratur, titta p\u00e5 burmesiska filmer eller tv-serier och aktivt kommunicera med personer som har burmesiska som modersm\u00e5l kommer du att f\u00f6rst\u00e4rka din f\u00f6rst\u00e5else f\u00f6r grammatik samtidigt som du ut\u00f6kar ditt ordf\u00f6rr\u00e5d.<\/p>\n\n\n\n<h3 class=\"wp-block-heading\" id=\"h-conclusion\">Slutsats<\/h3>\n\n\n\n<p>\u00c4ven om burmesisk grammatik kan verka invecklad kan du bli skicklig i detta vackra spr\u00e5k med engagemang, \u00f6vning och entusiasm. Genom att fokusera p\u00e5 de grundl\u00e4ggande reglerna och engagera dig i spr\u00e5ket i olika sammanhang kommer du snabbt att f\u00f6rb\u00e4ttra dina burmesiska <a href=\"https:\/\/talkpal.ai\/sv\/grammatik\/\">grammatikkunskaper<\/a>. \u1000\u1036\u1000\u1031\u102c\u1004\u103a\u1038\u1015\u102b\u1005\u1031 med din burmesiska spr\u00e5kresa, och njut av att nysta upp den g\u00e5tfulla men f\u00e4ngslande v\u00e4rlden av burmesisk grammatik!<\/p>\n<\/div><\/div>\n\r\n<section class=\"learnNavigationSection\">\r\n            \r\n        <a href=\"https:\/\/talkpal.ai\/sv\/lar-dig-burmesiska\/\">\r\n            <div class=\"learnNavigationWrapper\">\r\n                <div class=\"learnNavigationContent\">\r\n                    <img decoding=\"async\" src=\"https:\/\/talkpal.ai\/wp-content\/uploads\/2025\/11\/Myanmar.png\" alt=\"Myanmar Flag\">\r\n                    <div>\r\n                        <h4>Om burmesiska l\u00e4rande<\/h4>\r\n                        <p>Ta reda p\u00e5 allt om burmesisk grammatik.<\/p>\r\n                    <\/div>\r\n                <\/div>\r\n            <\/div>\r\n        <\/a>\r\n\r\n        \r\n        <a href=\"https:\/\/talkpal.ai\/sv\/burmesiska-grammatikovningar\/\">\r\n            <div class=\"learnNavigationWrapper\">\r\n                <div class=\"learnNavigationContent\">\r\n                    <img decoding=\"async\" src=\"https:\/\/talkpal.ai\/wp-content\/uploads\/2025\/11\/Myanmar.png\" alt=\"Myanmar Flag\">\r\n                    <div>\r\n                        <h4>Burmesisk grammatik\u00f6vning<\/h4>\r\n                        <p>\u00d6va burmesisk grammatik.<\/p>\r\n                    <\/div>\r\n                <\/div>\r\n            <\/div>\r\n        <\/a>\r\n\r\n            <\/section>","protected":false},"excerpt":{"rendered":"<p>Navigera i den burmesiska grammatikens kr\u00e5ngligheter Burmesiska, ett tibeto-burmanskt spr\u00e5k med en rik historia och kulturell betydelse, erbjuder en sp\u00e4nnande spr\u00e5klig upplevelse f\u00f6r dem som \u00e4r ivriga att utforska dess unika grammatiksystem. N\u00e4r du ger dig in i den burmesiska v\u00e4rlden kommer du inte bara att berika din spr\u00e5kliga repertoar utan ocks\u00e5 omfamna en fascinerande [&hellip;]<\/p>\n","protected":false},"author":20,"featured_media":0,"parent":0,"menu_order":0,"comment_status":"closed","ping_status":"closed","template":"LearningContentPage.php","meta":{"_acf_changed":false,"footnotes":""},"class_list":["post-1477595","page","type-page","status-publish","hentry"],"acf":[],"yoast_head":"<!-- This site is optimized with the Yoast SEO Premium plugin v27.2 (Yoast SEO v27.2) - https:\/\/yoast.com\/product\/yoast-seo-premium-wordpress\/ -->\n<title>Burmesisk grammatik - Talkpal<\/title>\n<meta name=\"description\" content=\"Beh\u00e4rska burmesiska grammatikregler och meningsstrukturer f\u00f6r att f\u00f6rb\u00e4ttra ditt flyt med v\u00e5r omfattande spr\u00e5kinl\u00e4rningsguide.\" \/>\n<meta name=\"robots\" content=\"index, follow, max-snippet:-1, max-image-preview:large, max-video-preview:-1\" \/>\n<link rel=\"canonical\" href=\"https:\/\/talkpal.ai\/sv\/burmesisk-grammatik\/\" \/>\n<meta property=\"og:locale\" content=\"sv_SE\" \/>\n<meta property=\"og:type\" content=\"article\" \/>\n<meta property=\"og:title\" content=\"Burmesisk grammatik\" \/>\n<meta property=\"og:description\" content=\"Navigera i den burmesiska grammatikens kr\u00e5ngligheter Burmesiska, ett tibeto-burmanskt spr\u00e5k med en rik historia och kulturell betydelse, erbjuder en\" \/>\n<meta property=\"og:url\" content=\"https:\/\/talkpal.ai\/sv\/burmesisk-grammatik\/\" \/>\n<meta property=\"og:site_name\" content=\"Talkpal\" \/>\n<meta property=\"article:publisher\" content=\"https:\/\/www.facebook.com\/profile.php?id=100090733639311\" \/>\n<meta property=\"article:modified_time\" content=\"2025-12-30T15:17:16+00:00\" \/>\n<meta property=\"og:image\" content=\"https:\/\/talkpal.ai\/wp-content\/uploads\/2025\/02\/Progress-tab-16_9.png\" \/>\n\t<meta property=\"og:image:width\" content=\"2880\" \/>\n\t<meta property=\"og:image:height\" content=\"1620\" \/>\n\t<meta property=\"og:image:type\" content=\"image\/png\" \/>\n<meta name=\"twitter:card\" content=\"summary_large_image\" \/>\n<meta name=\"twitter:site\" content=\"@talkpalai\" \/>\n<meta name=\"twitter:label1\" content=\"Ber\u00e4knad l\u00e4stid\" \/>\n\t<meta name=\"twitter:data1\" content=\"3 minuter\" \/>\n<script type=\"application\/ld+json\" class=\"yoast-schema-graph\">{\"@context\":\"https:\/\/schema.org\",\"@graph\":[{\"@type\":\"WebPage\",\"@id\":\"https:\/\/talkpal.ai\/sv\/burmesisk-grammatik\/\",\"url\":\"https:\/\/talkpal.ai\/sv\/burmesisk-grammatik\/\",\"name\":\"Burmesisk grammatik - Talkpal\",\"isPartOf\":{\"@id\":\"https:\/\/talkpal.ai\/sv\/#website\"},\"datePublished\":\"2025-11-11T16:16:27+00:00\",\"dateModified\":\"2025-12-30T15:17:16+00:00\",\"description\":\"Beh\u00e4rska burmesiska grammatikregler och meningsstrukturer f\u00f6r att f\u00f6rb\u00e4ttra ditt flyt med v\u00e5r omfattande spr\u00e5kinl\u00e4rningsguide.\",\"breadcrumb\":{\"@id\":\"https:\/\/talkpal.ai\/sv\/burmesisk-grammatik\/#breadcrumb\"},\"inLanguage\":\"sv-SE\",\"potentialAction\":[{\"@type\":\"ReadAction\",\"target\":[\"https:\/\/talkpal.ai\/sv\/burmesisk-grammatik\/\"]}]},{\"@type\":\"BreadcrumbList\",\"@id\":\"https:\/\/talkpal.ai\/sv\/burmesisk-grammatik\/#breadcrumb\",\"itemListElement\":[{\"@type\":\"ListItem\",\"position\":1,\"name\":\"Homepage\",\"item\":\"https:\/\/talkpal.ai\/sv\/\"},{\"@type\":\"ListItem\",\"position\":2,\"name\":\"Burmesisk grammatik\"}]},{\"@type\":\"WebSite\",\"@id\":\"https:\/\/talkpal.ai\/sv\/#website\",\"url\":\"https:\/\/talkpal.ai\/sv\/\",\"name\":\"Talkpal\",\"description\":\"AI Language Learning\",\"publisher\":{\"@id\":\"https:\/\/talkpal.ai\/sv\/#organization\"},\"alternateName\":\"Talkpal AI\",\"potentialAction\":[{\"@type\":\"SearchAction\",\"target\":{\"@type\":\"EntryPoint\",\"urlTemplate\":\"https:\/\/talkpal.ai\/sv\/?s={search_term_string}\"},\"query-input\":{\"@type\":\"PropertyValueSpecification\",\"valueRequired\":true,\"valueName\":\"search_term_string\"}}],\"inLanguage\":\"sv-SE\"},{\"@type\":\"Organization\",\"@id\":\"https:\/\/talkpal.ai\/sv\/#organization\",\"name\":\"Talkpal, Inc.\",\"alternateName\":\"Talkpal AI\",\"url\":\"https:\/\/talkpal.ai\/sv\/\",\"logo\":{\"@type\":\"ImageObject\",\"inLanguage\":\"sv-SE\",\"@id\":\"https:\/\/talkpal.ai\/sv\/#\/schema\/logo\/image\/\",\"url\":\"https:\/\/talkpal.ai\/wp-content\/uploads\/2024\/03\/Talkpal-Logo-Icon.png\",\"contentUrl\":\"https:\/\/talkpal.ai\/wp-content\/uploads\/2024\/03\/Talkpal-Logo-Icon.png\",\"width\":2880,\"height\":2880,\"caption\":\"Talkpal, Inc.\"},\"image\":{\"@id\":\"https:\/\/talkpal.ai\/sv\/#\/schema\/logo\/image\/\"},\"sameAs\":[\"https:\/\/www.facebook.com\/profile.php?id=100090733639311\",\"https:\/\/x.com\/talkpalai\",\"https:\/\/www.linkedin.com\/company\/talkpal\/\",\"https:\/\/www.youtube.com\/@TalkPal\/\",\"https:\/\/www.tiktok.com\/@talkpal\",\"https:\/\/www.instagram.com\/talkpal_ai\/\",\"https:\/\/www.crunchbase.com\/organization\/talkpal-9cde\",\"https:\/\/www.g2.com\/products\/talkpal-for-business\/\",\"https:\/\/www.trustpilot.com\/review\/talkpal.ai\",\"https:\/\/www.capterra.com\/p\/10006800\/TalkPal\/\"],\"description\":\"Talkpal is a language learning web and mobile education app, powered by the latest AI technologies, that provides engaging experiences to its customers in many different languages to help them improve their language skills. Users can chat about unlimited amount of topics with the app and use other modes to practice their language learning.\",\"email\":\"support@talkpal.ai\",\"legalName\":\"Talkpal, Inc.\",\"foundingDate\":\"2023-04-03\",\"duns\":\"118989042\",\"numberOfEmployees\":{\"@type\":\"QuantitativeValue\",\"minValue\":\"11\",\"maxValue\":\"50\"},\"publishingPrinciples\":\"https:\/\/talkpal.ai\/publishing-principles\/\",\"actionableFeedbackPolicy\":\"https:\/\/talkpal.ai\/actionable-feedback-policy\/\",\"correctionsPolicy\":\"https:\/\/talkpal.ai\/corrections-policy\/\",\"ethicsPolicy\":\"https:\/\/talkpal.ai\/ethics-policy\/\",\"diversityPolicy\":\"https:\/\/talkpal.ai\/diversity-policy\/\",\"diversityStaffingReport\":\"https:\/\/talkpal.ai\/diversity-policy\/\"}]}<\/script>\n<!-- \/ Yoast SEO Premium plugin. -->","yoast_head_json":{"title":"Burmesisk grammatik - Talkpal","description":"Beh\u00e4rska burmesiska grammatikregler och meningsstrukturer f\u00f6r att f\u00f6rb\u00e4ttra ditt flyt med v\u00e5r omfattande spr\u00e5kinl\u00e4rningsguide.","robots":{"index":"index","follow":"follow","max-snippet":"max-snippet:-1","max-image-preview":"max-image-preview:large","max-video-preview":"max-video-preview:-1"},"canonical":"https:\/\/talkpal.ai\/sv\/burmesisk-grammatik\/","og_locale":"sv_SE","og_type":"article","og_title":"Burmesisk grammatik","og_description":"Navigera i den burmesiska grammatikens kr\u00e5ngligheter Burmesiska, ett tibeto-burmanskt spr\u00e5k med en rik historia och kulturell betydelse, erbjuder en","og_url":"https:\/\/talkpal.ai\/sv\/burmesisk-grammatik\/","og_site_name":"Talkpal","article_publisher":"https:\/\/www.facebook.com\/profile.php?id=100090733639311","article_modified_time":"2025-12-30T15:17:16+00:00","og_image":[{"width":2880,"height":1620,"url":"https:\/\/talkpal.ai\/wp-content\/uploads\/2025\/02\/Progress-tab-16_9.png","type":"image\/png"}],"twitter_card":"summary_large_image","twitter_site":"@talkpalai","twitter_misc":{"Ber\u00e4knad l\u00e4stid":"3 minuter"},"schema":{"@context":"https:\/\/schema.org","@graph":[{"@type":"WebPage","@id":"https:\/\/talkpal.ai\/sv\/burmesisk-grammatik\/","url":"https:\/\/talkpal.ai\/sv\/burmesisk-grammatik\/","name":"Burmesisk grammatik - Talkpal","isPartOf":{"@id":"https:\/\/talkpal.ai\/sv\/#website"},"datePublished":"2025-11-11T16:16:27+00:00","dateModified":"2025-12-30T15:17:16+00:00","description":"Beh\u00e4rska burmesiska grammatikregler och meningsstrukturer f\u00f6r att f\u00f6rb\u00e4ttra ditt flyt med v\u00e5r omfattande spr\u00e5kinl\u00e4rningsguide.","breadcrumb":{"@id":"https:\/\/talkpal.ai\/sv\/burmesisk-grammatik\/#breadcrumb"},"inLanguage":"sv-SE","potentialAction":[{"@type":"ReadAction","target":["https:\/\/talkpal.ai\/sv\/burmesisk-grammatik\/"]}]},{"@type":"BreadcrumbList","@id":"https:\/\/talkpal.ai\/sv\/burmesisk-grammatik\/#breadcrumb","itemListElement":[{"@type":"ListItem","position":1,"name":"Homepage","item":"https:\/\/talkpal.ai\/sv\/"},{"@type":"ListItem","position":2,"name":"Burmesisk grammatik"}]},{"@type":"WebSite","@id":"https:\/\/talkpal.ai\/sv\/#website","url":"https:\/\/talkpal.ai\/sv\/","name":"Talkpal","description":"AI Language Learning","publisher":{"@id":"https:\/\/talkpal.ai\/sv\/#organization"},"alternateName":"Talkpal AI","potentialAction":[{"@type":"SearchAction","target":{"@type":"EntryPoint","urlTemplate":"https:\/\/talkpal.ai\/sv\/?s={search_term_string}"},"query-input":{"@type":"PropertyValueSpecification","valueRequired":true,"valueName":"search_term_string"}}],"inLanguage":"sv-SE"},{"@type":"Organization","@id":"https:\/\/talkpal.ai\/sv\/#organization","name":"Talkpal, Inc.","alternateName":"Talkpal AI","url":"https:\/\/talkpal.ai\/sv\/","logo":{"@type":"ImageObject","inLanguage":"sv-SE","@id":"https:\/\/talkpal.ai\/sv\/#\/schema\/logo\/image\/","url":"https:\/\/talkpal.ai\/wp-content\/uploads\/2024\/03\/Talkpal-Logo-Icon.png","contentUrl":"https:\/\/talkpal.ai\/wp-content\/uploads\/2024\/03\/Talkpal-Logo-Icon.png","width":2880,"height":2880,"caption":"Talkpal, Inc."},"image":{"@id":"https:\/\/talkpal.ai\/sv\/#\/schema\/logo\/image\/"},"sameAs":["https:\/\/www.facebook.com\/profile.php?id=100090733639311","https:\/\/x.com\/talkpalai","https:\/\/www.linkedin.com\/company\/talkpal\/","https:\/\/www.youtube.com\/@TalkPal\/","https:\/\/www.tiktok.com\/@talkpal","https:\/\/www.instagram.com\/talkpal_ai\/","https:\/\/www.crunchbase.com\/organization\/talkpal-9cde","https:\/\/www.g2.com\/products\/talkpal-for-business\/","https:\/\/www.trustpilot.com\/review\/talkpal.ai","https:\/\/www.capterra.com\/p\/10006800\/TalkPal\/"],"description":"Talkpal is a language learning web and mobile education app, powered by the latest AI technologies, that provides engaging experiences to its customers in many different languages to help them improve their language skills. Users can chat about unlimited amount of topics with the app and use other modes to practice their language learning.","email":"support@talkpal.ai","legalName":"Talkpal, Inc.","foundingDate":"2023-04-03","duns":"118989042","numberOfEmployees":{"@type":"QuantitativeValue","minValue":"11","maxValue":"50"},"publishingPrinciples":"https:\/\/talkpal.ai\/publishing-principles\/","actionableFeedbackPolicy":"https:\/\/talkpal.ai\/actionable-feedback-policy\/","correctionsPolicy":"https:\/\/talkpal.ai\/corrections-policy\/","ethicsPolicy":"https:\/\/talkpal.ai\/ethics-policy\/","diversityPolicy":"https:\/\/talkpal.ai\/diversity-policy\/","diversityStaffingReport":"https:\/\/talkpal.ai\/diversity-policy\/"}]}},"_links":{"self":[{"href":"https:\/\/talkpal.ai\/sv\/wp-json\/wp\/v2\/pages\/1477595","targetHints":{"allow":["GET"]}}],"collection":[{"href":"https:\/\/talkpal.ai\/sv\/wp-json\/wp\/v2\/pages"}],"about":[{"href":"https:\/\/talkpal.ai\/sv\/wp-json\/wp\/v2\/types\/page"}],"author":[{"embeddable":true,"href":"https:\/\/talkpal.ai\/sv\/wp-json\/wp\/v2\/users\/20"}],"replies":[{"embeddable":true,"href":"https:\/\/talkpal.ai\/sv\/wp-json\/wp\/v2\/comments?post=1477595"}],"version-history":[{"count":0,"href":"https:\/\/talkpal.ai\/sv\/wp-json\/wp\/v2\/pages\/1477595\/revisions"}],"wp:attachment":[{"href":"https:\/\/talkpal.ai\/sv\/wp-json\/wp\/v2\/media?parent=1477595"}],"curies":[{"name":"wp","href":"https:\/\/api.w.org\/{rel}","templated":true}]}}