{"id":1477517,"date":"2025-11-12T09:53:32","date_gmt":"2025-11-12T09:53:32","guid":{"rendered":"https:\/\/talkpal.ai\/irlandsk-grammatik\/"},"modified":"2025-12-30T14:50:05","modified_gmt":"2025-12-30T14:50:05","slug":"irlandsk-grammatik","status":"publish","type":"page","link":"https:\/\/talkpal.ai\/sv\/irlandsk-grammatik\/","title":{"rendered":"Irl\u00e4ndsk grammatik"},"content":{"rendered":"\r\n\r\n\r\n<section class=\"languageChallengeSection\">\r\n    <div class=\"languageInfoWrapper\">\r\n        \r\n        <h1>Irl\u00e4ndsk grammatik<\/h1>\r\n        <p><a href=\"https:\/\/talkpal.ai\/irish-grammar\/\">Irl\u00e4ndsk grammatik<\/a> kan verka utmanande till en b\u00f6rjan, men dess unika egenskaper g\u00f6r det till en givande upplevelse att l\u00e4ra sig spr\u00e5ket. Genom att utforska alfabetet, mutationer och grammatikregler f\u00e5r du en inblick i en rik spr\u00e5klig tradition. B\u00f6rja din resa och uppt\u00e4ck sk\u00f6nheten i irl\u00e4ndska!<\/p>\r\n\r\n                            <a class=\"getStartedHidden\" href=\"https:\/\/app.talkpal.ai\/sv\/signup?lng=\">Kom ig\u00e5ng<\/a>\r\n        \r\n    <\/div>\r\n\r\n    <figure>\r\n    <img decoding=\"async\" width=\"768\" height=\"768\" src=\"https:\/\/talkpal.ai\/wp-content\/uploads\/2023\/06\/welsh-768x768.png\" class=\"languageImage no-lazy\" alt=\"Default alt text\" fetchpriority=\"high\" sizes=\"(max-width: 768px) 150px, 768px\" srcset=\"https:\/\/talkpal.ai\/wp-content\/uploads\/2023\/06\/welsh-768x768.png 768w, https:\/\/talkpal.ai\/wp-content\/uploads\/2023\/06\/welsh-300x300.png 300w\" \/>\r\n    \r\n\r\n    <\/figure>\r\n\r\n            <a class=\"getStartedVisible\" href=\"https:\/\/app.talkpal.ai\/sv\/signup?lng=\">Kom ig\u00e5ng<\/a>\r\n    \r\n<\/section><section class=\"promotionalBanner\">\r\n    <p class=\"promotionalText\">Det mest effektiva s\u00e4ttet att l\u00e4ra sig ett spr\u00e5k<\/p>\r\n    <a class=\"promotionalLink\" href=\"https:\/\/app.talkpal.ai\/sv\/signup?lng=\">Prova Talkpal gratis<\/a>\r\n<\/section>\n<div class=\"wp-block-group pageContainerStyle\"><div class=\"wp-block-group__inner-container is-layout-constrained wp-block-group-is-layout-constrained\">\n<h2 class=\"wp-block-heading\" id=\"h-navigating-the-intricacies-of-irish-grammar\">Navigera i den irl\u00e4ndska grammatikens kr\u00e5ngligheter<\/h2>\n\n\n\n<p><a href=\"https:\/\/talkpal.ai\/sv\/lar-dig-iriska\/\">Iriska<\/a>, ett goideliskt keltiskt spr\u00e5k med en rik historia och kulturell betydelse, erbjuder en sp\u00e4nnande spr\u00e5klig upplevelse f\u00f6r dem som \u00e4r ivriga att utforska dess unika grammatiksystem. N\u00e4r du ger dig in i den irl\u00e4ndska v\u00e4rlden kommer du inte bara att berika din spr\u00e5kliga repertoar utan ocks\u00e5 omfamna en fascinerande kulturell resa. \u00c4ven om <a href=\"https:\/\/talkpal.ai\/learn-irish\/\">irl\u00e4ndsk<\/a> <a href=\"https:\/\/talkpal.ai\/fr\/les\/\">grammatik<\/a> kan verka komplicerad till en b\u00f6rjan, g\u00f6r det l\u00e4ttare att l\u00e4ra sig spr\u00e5ket genom att bryta ner den i k\u00e4rnkomponenter. I <a href=\"https:\/\/talkpal.ai\/culture\/how-do-i-use-den-har-and-det-har\/\">den h\u00e4r<\/a> artikeln kommer vi att utforska den f\u00e4ngslande v\u00e4rlden av irl\u00e4ndsk grammatik och ge tips om hur du bem\u00e4strar dess komplexitet.<\/p>\n\n\n\n<h3 class=\"wp-block-heading\" id=\"h-1-irish-alphabet-and-phonetics\">1. Irl\u00e4ndska alfabetet och fonetik<\/h3>\n\n\n\n<p>Det iriska alfabetet best\u00e5r traditionellt av 18 bokst\u00e4ver, med ytterligare bokst\u00e4ver i l\u00e5nord. Iriska anv\u00e4nder fada f\u00f6r att markera l\u00e5nga vokaler och s\u00e4rskiljer <a href=\"https:\/\/talkpal.ai\/locations\/language-courses-in-breda\/\">breda<\/a> och smala konsonanter baserat p\u00e5 omgivande vokaler. Skriftsystemet anv\u00e4nder h f\u00f6r att indikera lenition, vilket skapar digrafer som bh och mh. F\u00f6r att l\u00e4ra sig irl\u00e4ndsk grammatik \u00e4r det viktigt att bekanta sig med detta distinkta skriftsystem genom att \u00f6va p\u00e5 att l\u00e4sa och skriva p\u00e5 iriska.<\/p>\n\n\n\n<h3 class=\"wp-block-heading\" id=\"h-2-mutations-a-peculiar-irish-feature\">2. Mutationer: Ett m\u00e4rkligt irl\u00e4ndskt drag<\/h3>\n\n\n\n<p>En av de mest sl\u00e5ende aspekterna av irl\u00e4ndsk grammatik \u00e4r f\u00f6rekomsten av initiala mutationer. De tv\u00e5 huvudtyperna \u00e4r lenition, som l\u00e4gger till h efter vissa konsonanter, och eclipsis, som prefixar en konsonant till en annan. Iriska anv\u00e4nder ocks\u00e5 t-prefix och h-prefix i specifika sammanhang. Att f\u00f6rst\u00e5 n\u00e4r dessa mutationer uppst\u00e5r, till exempel efter vissa prepositioner, possessiv, siffror och best\u00e4md artikel, \u00e4r avg\u00f6rande f\u00f6r korrekt kommunikation p\u00e5 iriska.<\/p>\n\n\n\n<h3 class=\"wp-block-heading\" id=\"h-3-nouns-and-pronouns-gender-and-cases\">3. Substantiv och pronomen: genus och kasus<\/h3>\n\n\n\n<p>Irl\u00e4ndska substantiv har grammatiskt genus, antingen maskulinum eller femininum, och bildar plural genom en m\u00e4ngd olika m\u00f6nster. Kasus \u00e4r ocks\u00e5 viktigt, med nominativa, genitiva, vokativa och dativa funktioner som f\u00f6rekommer i olika sammanhang. Pronomen p\u00e5 iriska inkluderar personliga, possessiva, emfatiska, demonstrativa, fr\u00e5gande och prepositionspronomen som kombineras med enkla prepositioner. Att bli bekant med dessa pronomen och deras former kommer att avsev\u00e4rt f\u00f6rb\u00e4ttra ditt grepp om irl\u00e4ndsk grammatik.<\/p>\n\n\n\n<h3 class=\"wp-block-heading\" id=\"h-4-verbs-structure-and-conjugation\">4. Verb: Struktur och konjugation<\/h3>\n\n\n\n<p>Irl\u00e4ndska verb f\u00f6ljer en distinkt struktur som inkluderar b\u00e5de analytiska och syntetiska former, med b\u00f6jningar som varierar beroende p\u00e5 tempus, hum\u00f6r och person. De v\u00e4sentliga tempusen \u00e4r nutid, d\u00e5tid och framtid, med ytterligare element som villkorliga och imperativa modus, samt en opersonlig autonom form. Partiklar som an, n\u00ed, go och nach interagerar med verb och utl\u00f6ser mutationer. Verbet b\u00ed och kopula is spelar centrala roller, och det verbala substantivet anv\u00e4nds ofta f\u00f6r att bilda progressiva konstruktioner. Att l\u00e4ra sig verbsystemet och dess <a href=\"https:\/\/talkpal.ai\/sv\/grammar\/oregelbundna-verb-i-armenisk-grammatik\/\">oregelbundna verb<\/a> kommer f\u00f6rb\u00e4ttra din f\u00f6rm\u00e5ga att kommunicera effektivt p\u00e5 iriska.<\/p>\n\n\n\n<h3 class=\"wp-block-heading\" id=\"h-5-adjectives-agreement-and-placement\">5. Adjektiv: \u00d6verenskommelse och placering<\/h3>\n\n\n\n<p>I irl\u00e4ndsk grammatik f\u00f6ljer adjektiv vanligtvis substantivet de modifierar och \u00f6verensst\u00e4mmer med i genus, numerus och kasus. Adjektiv kan lenitera efter feminina singulara substantiv i vissa sammanhang, och m\u00e5nga har plural\u00e4ndelser. Komparativa och superlativa betydelser bildas ofta med n\u00edos och is, och vissa adjektiv uppvisar oregelbundna komparativa och superlativa former.<\/p>\n\n\n\n<p><strong>Exempel:<\/strong><\/p>\n\n\n\n<p><strong>\u2013 gr\u00e1 m\u00f3r (stor k\u00e4rlek)<\/strong><\/p>\n\n\n\n<p><strong>\u2013 p\u00e1ist\u00ed beaga (sm\u00e5 barn)<\/strong><\/p>\n\n\n\n<h3 class=\"wp-block-heading\" id=\"h-6-engaging-with-the-language\">6. Engagera sig i spr\u00e5ket<\/h3>\n\n\n\n<p>Det mest effektiva s\u00e4ttet att fullt ut f\u00f6rst\u00e5 och internalisera irl\u00e4ndsk grammatik \u00e4r att konsekvent engagera sig i spr\u00e5ket. Genom att l\u00e4sa irl\u00e4ndsk litteratur, titta p\u00e5 irl\u00e4ndska filmer eller tv-serier och aktivt kommunicera med personer som har irl\u00e4ndska som modersm\u00e5l kommer du att f\u00f6rst\u00e4rka din f\u00f6rst\u00e5else f\u00f6r grammatik samtidigt som du ut\u00f6kar ditt ordf\u00f6rr\u00e5d.<\/p>\n\n\n\n<h3 class=\"wp-block-heading\" id=\"h-conclusion\">Slutsats<\/h3>\n\n\n\n<p>\u00c4ven om irl\u00e4ndsk grammatik kan verka invecklad kan du bli skicklig i detta vackra spr\u00e5k med engagemang, \u00f6vning och entusiasm. Genom att fokusera p\u00e5 de grundl\u00e4ggande reglerna och engagera dig i spr\u00e5ket i olika sammanhang kommer du snabbt att f\u00f6rb\u00e4ttra dina irl\u00e4ndska <a href=\"https:\/\/talkpal.ai\/sv\/grammatik\/\">grammatikkunskaper<\/a>. \u00c1dh m\u00f3r (lycka till) med din irl\u00e4ndska spr\u00e5kresa, och njut av att nysta upp den g\u00e5tfulla men f\u00e4ngslande v\u00e4rlden av irl\u00e4ndsk grammatik!<\/p>\n<\/div><\/div>\n\r\n<section class=\"learnNavigationSection\">\r\n            \r\n        <a href=\"https:\/\/talkpal.ai\/sv\/lar-dig-iriska\/\">\r\n            <div class=\"learnNavigationWrapper\">\r\n                <div class=\"learnNavigationContent\">\r\n                    <img decoding=\"async\" src=\"https:\/\/talkpal.ai\/wp-content\/uploads\/2025\/11\/Irish.png\" alt=\"Irish Flag\">\r\n                    <div>\r\n                        <h4>Om irl\u00e4ndsk inl\u00e4rning<\/h4>\r\n                        <p>Ta reda p\u00e5 allt om irl\u00e4ndsk grammatik.<\/p>\r\n                    <\/div>\r\n                <\/div>\r\n            <\/div>\r\n        <\/a>\r\n\r\n        \r\n        <a href=\"https:\/\/talkpal.ai\/sv\/irlandska-grammatikovningar\/\">\r\n            <div class=\"learnNavigationWrapper\">\r\n                <div class=\"learnNavigationContent\">\r\n                    <img decoding=\"async\" src=\"https:\/\/talkpal.ai\/wp-content\/uploads\/2025\/11\/Irish.png\" alt=\"Irish Flag\">\r\n                    <div>\r\n                        <h4>Irl\u00e4ndsk grammatik\u00f6vning<\/h4>\r\n                        <p>\u00d6va irl\u00e4ndsk grammatik.<\/p>\r\n                    <\/div>\r\n                <\/div>\r\n            <\/div>\r\n        <\/a>\r\n\r\n            <\/section>","protected":false},"excerpt":{"rendered":"<p>Navigera i den irl\u00e4ndska grammatikens kr\u00e5ngligheter Iriska, ett goideliskt keltiskt spr\u00e5k med en rik historia och kulturell betydelse, erbjuder en sp\u00e4nnande spr\u00e5klig upplevelse f\u00f6r dem som \u00e4r ivriga att utforska dess unika grammatiksystem. N\u00e4r du ger dig in i den irl\u00e4ndska v\u00e4rlden kommer du inte bara att berika din spr\u00e5kliga repertoar utan ocks\u00e5 omfamna en [&hellip;]<\/p>\n","protected":false},"author":20,"featured_media":0,"parent":0,"menu_order":0,"comment_status":"closed","ping_status":"closed","template":"LearningContentPage.php","meta":{"_acf_changed":false,"footnotes":""},"class_list":["post-1477517","page","type-page","status-publish","hentry"],"acf":[],"yoast_head":"<!-- This site is optimized with the Yoast SEO Premium plugin v27.2 (Yoast SEO v27.2) - https:\/\/yoast.com\/product\/yoast-seo-premium-wordpress\/ -->\n<title>Irl\u00e4ndsk grammatik - Talkpal<\/title>\n<meta name=\"description\" content=\"Beh\u00e4rska irl\u00e4ndska grammatikregler utan anstr\u00e4ngning med v\u00e5r omfattande guide och interaktiva AI-verktyg som \u00e4r utformade f\u00f6r snabb inl\u00e4rning.\" \/>\n<meta name=\"robots\" content=\"index, follow, max-snippet:-1, max-image-preview:large, max-video-preview:-1\" \/>\n<link rel=\"canonical\" href=\"https:\/\/talkpal.ai\/sv\/irlandsk-grammatik\/\" \/>\n<meta property=\"og:locale\" content=\"sv_SE\" \/>\n<meta property=\"og:type\" content=\"article\" \/>\n<meta property=\"og:title\" content=\"Irl\u00e4ndsk grammatik\" \/>\n<meta property=\"og:description\" content=\"Navigera i den irl\u00e4ndska grammatikens kr\u00e5ngligheter Iriska, ett goideliskt keltiskt spr\u00e5k med en rik historia och kulturell betydelse, erbjuder en\" \/>\n<meta property=\"og:url\" content=\"https:\/\/talkpal.ai\/sv\/irlandsk-grammatik\/\" \/>\n<meta property=\"og:site_name\" content=\"Talkpal\" \/>\n<meta property=\"article:publisher\" content=\"https:\/\/www.facebook.com\/profile.php?id=100090733639311\" \/>\n<meta property=\"article:modified_time\" content=\"2025-12-30T14:50:05+00:00\" \/>\n<meta property=\"og:image\" content=\"https:\/\/talkpal.ai\/wp-content\/uploads\/2025\/02\/Progress-tab-16_9.png\" \/>\n\t<meta property=\"og:image:width\" content=\"2880\" \/>\n\t<meta property=\"og:image:height\" content=\"1620\" \/>\n\t<meta property=\"og:image:type\" content=\"image\/png\" \/>\n<meta name=\"twitter:card\" content=\"summary_large_image\" \/>\n<meta name=\"twitter:site\" content=\"@talkpalai\" \/>\n<meta name=\"twitter:label1\" content=\"Ber\u00e4knad l\u00e4stid\" \/>\n\t<meta name=\"twitter:data1\" content=\"4 minuter\" \/>\n<script type=\"application\/ld+json\" class=\"yoast-schema-graph\">{\"@context\":\"https:\/\/schema.org\",\"@graph\":[{\"@type\":\"WebPage\",\"@id\":\"https:\/\/talkpal.ai\/sv\/irlandsk-grammatik\/\",\"url\":\"https:\/\/talkpal.ai\/sv\/irlandsk-grammatik\/\",\"name\":\"Irl\u00e4ndsk grammatik - Talkpal\",\"isPartOf\":{\"@id\":\"https:\/\/talkpal.ai\/sv\/#website\"},\"datePublished\":\"2025-11-12T09:53:32+00:00\",\"dateModified\":\"2025-12-30T14:50:05+00:00\",\"description\":\"Beh\u00e4rska irl\u00e4ndska grammatikregler utan anstr\u00e4ngning med v\u00e5r omfattande guide och interaktiva AI-verktyg som \u00e4r utformade f\u00f6r snabb inl\u00e4rning.\",\"breadcrumb\":{\"@id\":\"https:\/\/talkpal.ai\/sv\/irlandsk-grammatik\/#breadcrumb\"},\"inLanguage\":\"sv-SE\",\"potentialAction\":[{\"@type\":\"ReadAction\",\"target\":[\"https:\/\/talkpal.ai\/sv\/irlandsk-grammatik\/\"]}]},{\"@type\":\"BreadcrumbList\",\"@id\":\"https:\/\/talkpal.ai\/sv\/irlandsk-grammatik\/#breadcrumb\",\"itemListElement\":[{\"@type\":\"ListItem\",\"position\":1,\"name\":\"Homepage\",\"item\":\"https:\/\/talkpal.ai\/sv\/\"},{\"@type\":\"ListItem\",\"position\":2,\"name\":\"Irl\u00e4ndsk grammatik\"}]},{\"@type\":\"WebSite\",\"@id\":\"https:\/\/talkpal.ai\/sv\/#website\",\"url\":\"https:\/\/talkpal.ai\/sv\/\",\"name\":\"Talkpal\",\"description\":\"AI Language Learning\",\"publisher\":{\"@id\":\"https:\/\/talkpal.ai\/sv\/#organization\"},\"alternateName\":\"Talkpal AI\",\"potentialAction\":[{\"@type\":\"SearchAction\",\"target\":{\"@type\":\"EntryPoint\",\"urlTemplate\":\"https:\/\/talkpal.ai\/sv\/?s={search_term_string}\"},\"query-input\":{\"@type\":\"PropertyValueSpecification\",\"valueRequired\":true,\"valueName\":\"search_term_string\"}}],\"inLanguage\":\"sv-SE\"},{\"@type\":\"Organization\",\"@id\":\"https:\/\/talkpal.ai\/sv\/#organization\",\"name\":\"Talkpal, Inc.\",\"alternateName\":\"Talkpal AI\",\"url\":\"https:\/\/talkpal.ai\/sv\/\",\"logo\":{\"@type\":\"ImageObject\",\"inLanguage\":\"sv-SE\",\"@id\":\"https:\/\/talkpal.ai\/sv\/#\/schema\/logo\/image\/\",\"url\":\"https:\/\/talkpal.ai\/wp-content\/uploads\/2024\/03\/Talkpal-Logo-Icon.png\",\"contentUrl\":\"https:\/\/talkpal.ai\/wp-content\/uploads\/2024\/03\/Talkpal-Logo-Icon.png\",\"width\":2880,\"height\":2880,\"caption\":\"Talkpal, Inc.\"},\"image\":{\"@id\":\"https:\/\/talkpal.ai\/sv\/#\/schema\/logo\/image\/\"},\"sameAs\":[\"https:\/\/www.facebook.com\/profile.php?id=100090733639311\",\"https:\/\/x.com\/talkpalai\",\"https:\/\/www.linkedin.com\/company\/talkpal\/\",\"https:\/\/www.youtube.com\/@TalkPal\/\",\"https:\/\/www.tiktok.com\/@talkpal\",\"https:\/\/www.instagram.com\/talkpal_ai\/\",\"https:\/\/www.crunchbase.com\/organization\/talkpal-9cde\",\"https:\/\/www.g2.com\/products\/talkpal-for-business\/\",\"https:\/\/www.trustpilot.com\/review\/talkpal.ai\",\"https:\/\/www.capterra.com\/p\/10006800\/TalkPal\/\"],\"description\":\"Talkpal is a language learning web and mobile education app, powered by the latest AI technologies, that provides engaging experiences to its customers in many different languages to help them improve their language skills. Users can chat about unlimited amount of topics with the app and use other modes to practice their language learning.\",\"email\":\"support@talkpal.ai\",\"legalName\":\"Talkpal, Inc.\",\"foundingDate\":\"2023-04-03\",\"duns\":\"118989042\",\"numberOfEmployees\":{\"@type\":\"QuantitativeValue\",\"minValue\":\"11\",\"maxValue\":\"50\"},\"publishingPrinciples\":\"https:\/\/talkpal.ai\/publishing-principles\/\",\"actionableFeedbackPolicy\":\"https:\/\/talkpal.ai\/actionable-feedback-policy\/\",\"correctionsPolicy\":\"https:\/\/talkpal.ai\/corrections-policy\/\",\"ethicsPolicy\":\"https:\/\/talkpal.ai\/ethics-policy\/\",\"diversityPolicy\":\"https:\/\/talkpal.ai\/diversity-policy\/\",\"diversityStaffingReport\":\"https:\/\/talkpal.ai\/diversity-policy\/\"}]}<\/script>\n<!-- \/ Yoast SEO Premium plugin. -->","yoast_head_json":{"title":"Irl\u00e4ndsk grammatik - Talkpal","description":"Beh\u00e4rska irl\u00e4ndska grammatikregler utan anstr\u00e4ngning med v\u00e5r omfattande guide och interaktiva AI-verktyg som \u00e4r utformade f\u00f6r snabb inl\u00e4rning.","robots":{"index":"index","follow":"follow","max-snippet":"max-snippet:-1","max-image-preview":"max-image-preview:large","max-video-preview":"max-video-preview:-1"},"canonical":"https:\/\/talkpal.ai\/sv\/irlandsk-grammatik\/","og_locale":"sv_SE","og_type":"article","og_title":"Irl\u00e4ndsk grammatik","og_description":"Navigera i den irl\u00e4ndska grammatikens kr\u00e5ngligheter Iriska, ett goideliskt keltiskt spr\u00e5k med en rik historia och kulturell betydelse, erbjuder en","og_url":"https:\/\/talkpal.ai\/sv\/irlandsk-grammatik\/","og_site_name":"Talkpal","article_publisher":"https:\/\/www.facebook.com\/profile.php?id=100090733639311","article_modified_time":"2025-12-30T14:50:05+00:00","og_image":[{"width":2880,"height":1620,"url":"https:\/\/talkpal.ai\/wp-content\/uploads\/2025\/02\/Progress-tab-16_9.png","type":"image\/png"}],"twitter_card":"summary_large_image","twitter_site":"@talkpalai","twitter_misc":{"Ber\u00e4knad l\u00e4stid":"4 minuter"},"schema":{"@context":"https:\/\/schema.org","@graph":[{"@type":"WebPage","@id":"https:\/\/talkpal.ai\/sv\/irlandsk-grammatik\/","url":"https:\/\/talkpal.ai\/sv\/irlandsk-grammatik\/","name":"Irl\u00e4ndsk grammatik - Talkpal","isPartOf":{"@id":"https:\/\/talkpal.ai\/sv\/#website"},"datePublished":"2025-11-12T09:53:32+00:00","dateModified":"2025-12-30T14:50:05+00:00","description":"Beh\u00e4rska irl\u00e4ndska grammatikregler utan anstr\u00e4ngning med v\u00e5r omfattande guide och interaktiva AI-verktyg som \u00e4r utformade f\u00f6r snabb inl\u00e4rning.","breadcrumb":{"@id":"https:\/\/talkpal.ai\/sv\/irlandsk-grammatik\/#breadcrumb"},"inLanguage":"sv-SE","potentialAction":[{"@type":"ReadAction","target":["https:\/\/talkpal.ai\/sv\/irlandsk-grammatik\/"]}]},{"@type":"BreadcrumbList","@id":"https:\/\/talkpal.ai\/sv\/irlandsk-grammatik\/#breadcrumb","itemListElement":[{"@type":"ListItem","position":1,"name":"Homepage","item":"https:\/\/talkpal.ai\/sv\/"},{"@type":"ListItem","position":2,"name":"Irl\u00e4ndsk grammatik"}]},{"@type":"WebSite","@id":"https:\/\/talkpal.ai\/sv\/#website","url":"https:\/\/talkpal.ai\/sv\/","name":"Talkpal","description":"AI Language Learning","publisher":{"@id":"https:\/\/talkpal.ai\/sv\/#organization"},"alternateName":"Talkpal AI","potentialAction":[{"@type":"SearchAction","target":{"@type":"EntryPoint","urlTemplate":"https:\/\/talkpal.ai\/sv\/?s={search_term_string}"},"query-input":{"@type":"PropertyValueSpecification","valueRequired":true,"valueName":"search_term_string"}}],"inLanguage":"sv-SE"},{"@type":"Organization","@id":"https:\/\/talkpal.ai\/sv\/#organization","name":"Talkpal, Inc.","alternateName":"Talkpal AI","url":"https:\/\/talkpal.ai\/sv\/","logo":{"@type":"ImageObject","inLanguage":"sv-SE","@id":"https:\/\/talkpal.ai\/sv\/#\/schema\/logo\/image\/","url":"https:\/\/talkpal.ai\/wp-content\/uploads\/2024\/03\/Talkpal-Logo-Icon.png","contentUrl":"https:\/\/talkpal.ai\/wp-content\/uploads\/2024\/03\/Talkpal-Logo-Icon.png","width":2880,"height":2880,"caption":"Talkpal, Inc."},"image":{"@id":"https:\/\/talkpal.ai\/sv\/#\/schema\/logo\/image\/"},"sameAs":["https:\/\/www.facebook.com\/profile.php?id=100090733639311","https:\/\/x.com\/talkpalai","https:\/\/www.linkedin.com\/company\/talkpal\/","https:\/\/www.youtube.com\/@TalkPal\/","https:\/\/www.tiktok.com\/@talkpal","https:\/\/www.instagram.com\/talkpal_ai\/","https:\/\/www.crunchbase.com\/organization\/talkpal-9cde","https:\/\/www.g2.com\/products\/talkpal-for-business\/","https:\/\/www.trustpilot.com\/review\/talkpal.ai","https:\/\/www.capterra.com\/p\/10006800\/TalkPal\/"],"description":"Talkpal is a language learning web and mobile education app, powered by the latest AI technologies, that provides engaging experiences to its customers in many different languages to help them improve their language skills. Users can chat about unlimited amount of topics with the app and use other modes to practice their language learning.","email":"support@talkpal.ai","legalName":"Talkpal, Inc.","foundingDate":"2023-04-03","duns":"118989042","numberOfEmployees":{"@type":"QuantitativeValue","minValue":"11","maxValue":"50"},"publishingPrinciples":"https:\/\/talkpal.ai\/publishing-principles\/","actionableFeedbackPolicy":"https:\/\/talkpal.ai\/actionable-feedback-policy\/","correctionsPolicy":"https:\/\/talkpal.ai\/corrections-policy\/","ethicsPolicy":"https:\/\/talkpal.ai\/ethics-policy\/","diversityPolicy":"https:\/\/talkpal.ai\/diversity-policy\/","diversityStaffingReport":"https:\/\/talkpal.ai\/diversity-policy\/"}]}},"_links":{"self":[{"href":"https:\/\/talkpal.ai\/sv\/wp-json\/wp\/v2\/pages\/1477517","targetHints":{"allow":["GET"]}}],"collection":[{"href":"https:\/\/talkpal.ai\/sv\/wp-json\/wp\/v2\/pages"}],"about":[{"href":"https:\/\/talkpal.ai\/sv\/wp-json\/wp\/v2\/types\/page"}],"author":[{"embeddable":true,"href":"https:\/\/talkpal.ai\/sv\/wp-json\/wp\/v2\/users\/20"}],"replies":[{"embeddable":true,"href":"https:\/\/talkpal.ai\/sv\/wp-json\/wp\/v2\/comments?post=1477517"}],"version-history":[{"count":0,"href":"https:\/\/talkpal.ai\/sv\/wp-json\/wp\/v2\/pages\/1477517\/revisions"}],"wp:attachment":[{"href":"https:\/\/talkpal.ai\/sv\/wp-json\/wp\/v2\/media?parent=1477517"}],"curies":[{"name":"wp","href":"https:\/\/api.w.org\/{rel}","templated":true}]}}