{"id":1477402,"date":"2025-11-12T12:26:29","date_gmt":"2025-11-12T12:26:29","guid":{"rendered":"https:\/\/talkpal.ai\/malayalam-grammatik\/"},"modified":"2025-12-30T13:58:10","modified_gmt":"2025-12-30T13:58:10","slug":"malayalam-grammatik","status":"publish","type":"page","link":"https:\/\/talkpal.ai\/sv\/malayalam-grammatik\/","title":{"rendered":"Malayalam Grammatik"},"content":{"rendered":"\r\n\r\n\r\n<section class=\"languageChallengeSection\">\r\n    <div class=\"languageInfoWrapper\">\r\n        \r\n        <h1>Malayalam Grammatik<\/h1>\r\n        <p>Malayalams <a href=\"https:\/\/talkpal.ai\/fr\/les\/\">grammatik<\/a> kan verka utmanande till en b\u00f6rjan, men dess unika egenskaper g\u00f6r det till en givande upplevelse att l\u00e4ra sig spr\u00e5ket. Genom att utforska alfabetet, mutationer och grammatikregler f\u00e5r du en inblick i en rik spr\u00e5klig tradition. B\u00f6rja din resa och uppt\u00e4ck sk\u00f6nheten i <a href=\"https:\/\/talkpal.ai\/learn-malayalam\/\">malayalam<\/a>!<\/p>\r\n\r\n                            <a class=\"getStartedHidden\" href=\"https:\/\/app.talkpal.ai\/sv\/signup?lng=\">Kom ig\u00e5ng<\/a>\r\n        \r\n    <\/div>\r\n\r\n    <figure>\r\n    <img decoding=\"async\" width=\"768\" height=\"768\" src=\"https:\/\/talkpal.ai\/wp-content\/uploads\/2023\/06\/welsh-768x768.png\" class=\"languageImage no-lazy\" alt=\"Default alt text\" fetchpriority=\"high\" sizes=\"(max-width: 768px) 150px, 768px\" srcset=\"https:\/\/talkpal.ai\/wp-content\/uploads\/2023\/06\/welsh-768x768.png 768w, https:\/\/talkpal.ai\/wp-content\/uploads\/2023\/06\/welsh-300x300.png 300w\" \/>\r\n    \r\n\r\n    <\/figure>\r\n\r\n            <a class=\"getStartedVisible\" href=\"https:\/\/app.talkpal.ai\/sv\/signup?lng=\">Kom ig\u00e5ng<\/a>\r\n    \r\n<\/section><section class=\"promotionalBanner\">\r\n    <p class=\"promotionalText\">Det mest effektiva s\u00e4ttet att l\u00e4ra sig ett spr\u00e5k<\/p>\r\n    <a class=\"promotionalLink\" href=\"https:\/\/app.talkpal.ai\/sv\/signup?lng=\">Prova Talkpal gratis<\/a>\r\n<\/section>\n<div class=\"wp-block-group pageContainerStyle\"><div class=\"wp-block-group__inner-container is-layout-constrained wp-block-group-is-layout-constrained\">\n<h2 class=\"wp-block-heading\" id=\"h-navigating-the-intricacies-of-malayalam-grammar\">Navigera i kr\u00e5ngligheterna i malayalam grammatik<\/h2>\n\n\n\n<p><a href=\"https:\/\/talkpal.ai\/sv\/lar-dig-malayalam\/\">Malayalam<\/a>, ett dravidiskt spr\u00e5k med en rik historia och djupa kulturella r\u00f6tter i Kerala och diasporan, erbjuder en sp\u00e4nnande spr\u00e5klig upplevelse f\u00f6r dem som \u00e4r ivriga att utforska dess unika grammatiksystem. N\u00e4r du ger dig in i malayalams rike kommer du inte bara att berika din spr\u00e5kliga repertoar utan ocks\u00e5 omfamna en fascinerande kulturell resa. \u00c4ven om malayalams grammatik kan verka komplex till en b\u00f6rjan, blir det l\u00e4ttare att l\u00e4ra sig spr\u00e5ket genom att bryta ner den i k\u00e4rnkomponenter. I <a href=\"https:\/\/talkpal.ai\/culture\/how-do-i-use-den-har-and-det-har\/\">den h\u00e4r<\/a> artikeln kommer vi att utforska den f\u00e4ngslande v\u00e4rlden av <a href=\"https:\/\/talkpal.ai\/malayalam-grammar\/\">malayalam-grammatik<\/a> och ge tips om hur du bem\u00e4strar dess komplexitet.<\/p>\n\n\n\n<h3 class=\"wp-block-heading\" id=\"h-1-malayalam-alphabet-and-phonetics\">1. Malayalam-alfabetet och fonetik<\/h3>\n\n\n\n<p>Malayalam-skriften \u00e4r en abugida som har oberoende vokaler, konsonanter med inneboende vokaler och beroende vokaltecken. Eleverna b\u00f6r bekanta sig med dess vokaler och konsonanter, inklusive distinkta ljud som retroflexa konsonanter och det anm\u00e4rkningsv\u00e4rda &#8221;zh&#8221;-ljudet. Viktiga skriftbegrepp inkluderar den inneboende vokalen a, virama-tecknet som kallas chandrakkala f\u00f6r att undertrycka vokaler, konjunkta konsonanter och speciella chillu-bokst\u00e4ver. F\u00f6r att l\u00e4ra sig malayalam-grammatik \u00e4r det viktigt att \u00f6va p\u00e5 att l\u00e4sa och skriva p\u00e5 malayalam.<\/p>\n\n\n\n<h3 class=\"wp-block-heading\" id=\"h-2-sandhi-and-assimilation-a-peculiar-malayalam-feature\">2. Sandhi och assimilering: En m\u00e4rklig malayalam-egenskap<\/h3>\n\n\n\n<p>En av de mest sl\u00e5ende aspekterna av malayalams fonologi \u00e4r f\u00f6rekomsten av sandhi, assimilation och konsonantgemination vid morfem och ordgr\u00e4nser. Ljud kan f\u00f6r\u00e4ndras n\u00e4r suffix l\u00e4ggs till eller n\u00e4r ord kombineras i sammans\u00e4ttningar, och nasaler assimileras ofta till efterf\u00f6ljande konsonanter. Att f\u00f6rst\u00e5 n\u00e4r och hur dessa f\u00f6r\u00e4ndringar sker \u00e4r avg\u00f6rande f\u00f6r ett naturligt uttal och korrekt kommunikation p\u00e5 malayalam.<\/p>\n\n\n\n<h3 class=\"wp-block-heading\" id=\"h-3-nouns-and-pronouns-gender-and-cases\">3. Substantiv och pronomen: genus och kasus<\/h3>\n\n\n\n<p>Malayalam-substantiv markerar vanligtvis inte grammatiskt genus, och pluralbildning anv\u00e4nder ofta suffixet -kal, med vissa oregelbundenheter och alternativ. Kasusrelationer uttrycks med suffix och postpositioner, s\u00e5som ackusativ -e, dativ -kku eller -inu, genitiv -ude, instrumental -al, lokativ -il, ablativ -il ninnu, sociativ -ote och vokativ -e. Pronomen p\u00e5 malayalam inkluderar <a href=\"https:\/\/talkpal.ai\/sv\/grammar_exercises\/ovningar-for-personliga-pronomen-for-slovensk-grammatik\/\">personliga pronomen<\/a> som njan, ni, ningal, nammal, avan, aval och honorific avar, samt possessiva former som genitiv, reflexiv tan eller tanne, demonstrativa som i och aa, och fr\u00e5geord som aar, entu, evide och eppol. Att bli bekant med dessa pronomen och deras former kommer avsev\u00e4rt att f\u00f6rb\u00e4ttra ditt grepp om malayalams grammatik.<\/p>\n\n\n\n<h3 class=\"wp-block-heading\" id=\"h-4-verbs-structure-and-conjugation\">4. Verb: Struktur och konjugation<\/h3>\n\n\n\n<p>Malayalam-verb b\u00f6jer i f\u00f6rsta hand f\u00f6r tempus, aspekt, st\u00e4mning och polaritet, inte f\u00f6r person eller numerus. Centrala tempusaspektformer inkluderar presens progressivt -unnu, det f\u00f6rflutna -i eller -u och futurum -um. <a href=\"https:\/\/talkpal.ai\/zh-hans\/grammar_exercises\/negazione-%e6%84%8f%e5%a4%a7%e5%88%a9%e8%af%ad%e6%b3%95%e7%bb%83%e4%b9%a0\/\">Negation<\/a> bildas vanligen med -illa, och viktiga modus inkluderar imperativ och konditional, ofta uppbyggd med kopplingar som -enkil eller -al. Hj\u00e4lpverb och particip \u00e4r centrala i spr\u00e5ket, med former som -unna, -iya och -aya som anv\u00e4nds f\u00f6r att skapa relativsatser och perifrastiska konstruktioner. Genom att l\u00e4ra dig dessa m\u00f6nster kommer du att f\u00f6rb\u00e4ttra din f\u00f6rm\u00e5ga att kommunicera effektivt p\u00e5 malayalam.<\/p>\n\n\n\n<h3 class=\"wp-block-heading\" id=\"h-5-adjectives-agreement-and-placement\">5. Adjektiv: \u00d6verenskommelse och placering<\/h3>\n\n\n\n<p>I malayalams grammatik kommer adjektiv vanligtvis f\u00f6re substantivet de modifierar och \u00f6verensst\u00e4mmer inte i k\u00f6n eller numerus med substantivet. M\u00e5nga beskrivande betydelser uttrycks genom participiella eller genitiva konstruktioner, och komparativ och superlativ bildas ofta analytiskt, till exempel med kooduthal f\u00f6r komparativ och etavum f\u00f6r superlativ. Att f\u00f6rst\u00e5 dessa m\u00f6nster \u00e4r viktigt f\u00f6r att kommunicera mer naturligt.<\/p>\n\n\n\n<p><strong>Exempel:<\/strong><\/p>\n\n\n\n<p><strong>\u2013 Valiya Sneham (Stor k\u00e4rlek)<\/strong><\/p>\n\n\n\n<p><strong>\u2013 Cheriya Kuttikal (sm\u00e5 barn)<\/strong><\/p>\n\n\n\n<h3 class=\"wp-block-heading\" id=\"h-6-engaging-with-the-language\">6. Engagera sig i spr\u00e5ket<\/h3>\n\n\n\n<p>Det mest effektiva s\u00e4ttet att fullt ut f\u00f6rst\u00e5 och internalisera malayalam-grammatik \u00e4r att konsekvent engagera sig i spr\u00e5ket. Genom att l\u00e4sa litteratur och tidningar p\u00e5 malayalam, titta p\u00e5 filmer eller tv-serier p\u00e5 malayalam, lyssna p\u00e5 s\u00e5nger och radio och aktivt kommunicera med personer som har spr\u00e5ket som modersm\u00e5l, kommer du att f\u00f6rst\u00e4rka din f\u00f6rst\u00e5else f\u00f6r grammatik samtidigt som du ut\u00f6kar ditt ordf\u00f6rr\u00e5d.<\/p>\n\n\n\n<h3 class=\"wp-block-heading\" id=\"h-conclusion\">Slutsats<\/h3>\n\n\n\n<p>\u00c4ven om malayalams grammatik kan verka invecklad kan du bli skicklig i detta vackra spr\u00e5k med engagemang, \u00f6vning och entusiasm. Genom att fokusera p\u00e5 de grundl\u00e4ggande reglerna och engagera dig i spr\u00e5ket i olika sammanhang kommer du snabbt att f\u00f6rb\u00e4ttra dina <a href=\"https:\/\/talkpal.ai\/sv\/grammatik\/\">malayalam-grammatikkunskaper<\/a>. Ashamsakal (lycka till) med din malayalam-spr\u00e5kresa, och njut av att reda ut den g\u00e5tfulla men f\u00e4ngslande v\u00e4rlden av malayalam-grammatik!<\/p>\n<\/div><\/div>\n\r\n<section class=\"learnNavigationSection\">\r\n            \r\n        <a href=\"https:\/\/talkpal.ai\/sv\/lar-dig-malayalam\/\">\r\n            <div class=\"learnNavigationWrapper\">\r\n                <div class=\"learnNavigationContent\">\r\n                    <img decoding=\"async\" src=\"https:\/\/talkpal.ai\/wp-content\/uploads\/2025\/11\/Malayalam.png\" alt=\"Indian Simplified Flag\">\r\n                    <div>\r\n                        <h4>Om Malayalam Learning<\/h4>\r\n                        <p>Ta reda p\u00e5 allt om malayalams grammatik.<\/p>\r\n                    <\/div>\r\n                <\/div>\r\n            <\/div>\r\n        <\/a>\r\n\r\n        \r\n        <a href=\"https:\/\/talkpal.ai\/sv\/malayalam-grammatikovningar\/\">\r\n            <div class=\"learnNavigationWrapper\">\r\n                <div class=\"learnNavigationContent\">\r\n                    <img decoding=\"async\" src=\"https:\/\/talkpal.ai\/wp-content\/uploads\/2025\/11\/Malayalam.png\" alt=\"Indian Simplified Flag\">\r\n                    <div>\r\n                        <h4>Malayalam grammatik\u00f6vning<\/h4>\r\n                        <p>\u00d6va p\u00e5 malayalam grammatik.<\/p>\r\n                    <\/div>\r\n                <\/div>\r\n            <\/div>\r\n        <\/a>\r\n\r\n            <\/section>","protected":false},"excerpt":{"rendered":"<p>Navigera i kr\u00e5ngligheterna i malayalam grammatik Malayalam, ett dravidiskt spr\u00e5k med en rik historia och djupa kulturella r\u00f6tter i Kerala och diasporan, erbjuder en sp\u00e4nnande spr\u00e5klig upplevelse f\u00f6r dem som \u00e4r ivriga att utforska dess unika grammatiksystem. N\u00e4r du ger dig in i malayalams rike kommer du inte bara att berika din spr\u00e5kliga repertoar utan [&hellip;]<\/p>\n","protected":false},"author":20,"featured_media":0,"parent":0,"menu_order":0,"comment_status":"closed","ping_status":"closed","template":"LearningContentPage.php","meta":{"_acf_changed":false,"footnotes":""},"class_list":["post-1477402","page","type-page","status-publish","hentry"],"acf":[],"yoast_head":"<!-- This site is optimized with the Yoast SEO Premium plugin v27.2 (Yoast SEO v27.2) - https:\/\/yoast.com\/product\/yoast-seo-premium-wordpress\/ -->\n<title>Malayalam Grammatik - Talkpal<\/title>\n<meta name=\"description\" content=\"Beh\u00e4rska Malayalams grammatikregler inklusive alfabet, substantiv och verb med v\u00e5r omfattande AI-spr\u00e5kinl\u00e4rningsguide.\" \/>\n<meta name=\"robots\" content=\"index, follow, max-snippet:-1, max-image-preview:large, max-video-preview:-1\" \/>\n<link rel=\"canonical\" href=\"https:\/\/talkpal.ai\/sv\/malayalam-grammatik\/\" \/>\n<meta property=\"og:locale\" content=\"sv_SE\" \/>\n<meta property=\"og:type\" content=\"article\" \/>\n<meta property=\"og:title\" content=\"Malayalam Grammatik\" \/>\n<meta property=\"og:description\" content=\"Navigera i kr\u00e5ngligheterna i malayalam grammatik Malayalam, ett dravidiskt spr\u00e5k med en rik historia och djupa kulturella r\u00f6tter i Kerala och diasporan,\" \/>\n<meta property=\"og:url\" content=\"https:\/\/talkpal.ai\/sv\/malayalam-grammatik\/\" \/>\n<meta property=\"og:site_name\" content=\"Talkpal\" \/>\n<meta property=\"article:publisher\" content=\"https:\/\/www.facebook.com\/profile.php?id=100090733639311\" \/>\n<meta property=\"article:modified_time\" content=\"2025-12-30T13:58:10+00:00\" \/>\n<meta property=\"og:image\" content=\"https:\/\/talkpal.ai\/wp-content\/uploads\/2025\/02\/Progress-tab-16_9.png\" \/>\n\t<meta property=\"og:image:width\" content=\"2880\" \/>\n\t<meta property=\"og:image:height\" content=\"1620\" \/>\n\t<meta property=\"og:image:type\" content=\"image\/png\" \/>\n<meta name=\"twitter:card\" content=\"summary_large_image\" \/>\n<meta name=\"twitter:site\" content=\"@talkpalai\" \/>\n<meta name=\"twitter:label1\" content=\"Ber\u00e4knad l\u00e4stid\" \/>\n\t<meta name=\"twitter:data1\" content=\"4 minuter\" \/>\n<script type=\"application\/ld+json\" class=\"yoast-schema-graph\">{\"@context\":\"https:\/\/schema.org\",\"@graph\":[{\"@type\":\"WebPage\",\"@id\":\"https:\/\/talkpal.ai\/sv\/malayalam-grammatik\/\",\"url\":\"https:\/\/talkpal.ai\/sv\/malayalam-grammatik\/\",\"name\":\"Malayalam Grammatik - Talkpal\",\"isPartOf\":{\"@id\":\"https:\/\/talkpal.ai\/sv\/#website\"},\"datePublished\":\"2025-11-12T12:26:29+00:00\",\"dateModified\":\"2025-12-30T13:58:10+00:00\",\"description\":\"Beh\u00e4rska Malayalams grammatikregler inklusive alfabet, substantiv och verb med v\u00e5r omfattande AI-spr\u00e5kinl\u00e4rningsguide.\",\"breadcrumb\":{\"@id\":\"https:\/\/talkpal.ai\/sv\/malayalam-grammatik\/#breadcrumb\"},\"inLanguage\":\"sv-SE\",\"potentialAction\":[{\"@type\":\"ReadAction\",\"target\":[\"https:\/\/talkpal.ai\/sv\/malayalam-grammatik\/\"]}]},{\"@type\":\"BreadcrumbList\",\"@id\":\"https:\/\/talkpal.ai\/sv\/malayalam-grammatik\/#breadcrumb\",\"itemListElement\":[{\"@type\":\"ListItem\",\"position\":1,\"name\":\"Homepage\",\"item\":\"https:\/\/talkpal.ai\/sv\/\"},{\"@type\":\"ListItem\",\"position\":2,\"name\":\"Malayalam Grammatik\"}]},{\"@type\":\"WebSite\",\"@id\":\"https:\/\/talkpal.ai\/sv\/#website\",\"url\":\"https:\/\/talkpal.ai\/sv\/\",\"name\":\"Talkpal\",\"description\":\"AI Language Learning\",\"publisher\":{\"@id\":\"https:\/\/talkpal.ai\/sv\/#organization\"},\"alternateName\":\"Talkpal AI\",\"potentialAction\":[{\"@type\":\"SearchAction\",\"target\":{\"@type\":\"EntryPoint\",\"urlTemplate\":\"https:\/\/talkpal.ai\/sv\/?s={search_term_string}\"},\"query-input\":{\"@type\":\"PropertyValueSpecification\",\"valueRequired\":true,\"valueName\":\"search_term_string\"}}],\"inLanguage\":\"sv-SE\"},{\"@type\":\"Organization\",\"@id\":\"https:\/\/talkpal.ai\/sv\/#organization\",\"name\":\"Talkpal, Inc.\",\"alternateName\":\"Talkpal AI\",\"url\":\"https:\/\/talkpal.ai\/sv\/\",\"logo\":{\"@type\":\"ImageObject\",\"inLanguage\":\"sv-SE\",\"@id\":\"https:\/\/talkpal.ai\/sv\/#\/schema\/logo\/image\/\",\"url\":\"https:\/\/talkpal.ai\/wp-content\/uploads\/2024\/03\/Talkpal-Logo-Icon.png\",\"contentUrl\":\"https:\/\/talkpal.ai\/wp-content\/uploads\/2024\/03\/Talkpal-Logo-Icon.png\",\"width\":2880,\"height\":2880,\"caption\":\"Talkpal, Inc.\"},\"image\":{\"@id\":\"https:\/\/talkpal.ai\/sv\/#\/schema\/logo\/image\/\"},\"sameAs\":[\"https:\/\/www.facebook.com\/profile.php?id=100090733639311\",\"https:\/\/x.com\/talkpalai\",\"https:\/\/www.linkedin.com\/company\/talkpal\/\",\"https:\/\/www.youtube.com\/@TalkPal\/\",\"https:\/\/www.tiktok.com\/@talkpal\",\"https:\/\/www.instagram.com\/talkpal_ai\/\",\"https:\/\/www.crunchbase.com\/organization\/talkpal-9cde\",\"https:\/\/www.g2.com\/products\/talkpal-for-business\/\",\"https:\/\/www.trustpilot.com\/review\/talkpal.ai\",\"https:\/\/www.capterra.com\/p\/10006800\/TalkPal\/\"],\"description\":\"Talkpal is a language learning web and mobile education app, powered by the latest AI technologies, that provides engaging experiences to its customers in many different languages to help them improve their language skills. Users can chat about unlimited amount of topics with the app and use other modes to practice their language learning.\",\"email\":\"support@talkpal.ai\",\"legalName\":\"Talkpal, Inc.\",\"foundingDate\":\"2023-04-03\",\"duns\":\"118989042\",\"numberOfEmployees\":{\"@type\":\"QuantitativeValue\",\"minValue\":\"11\",\"maxValue\":\"50\"},\"publishingPrinciples\":\"https:\/\/talkpal.ai\/publishing-principles\/\",\"actionableFeedbackPolicy\":\"https:\/\/talkpal.ai\/actionable-feedback-policy\/\",\"correctionsPolicy\":\"https:\/\/talkpal.ai\/corrections-policy\/\",\"ethicsPolicy\":\"https:\/\/talkpal.ai\/ethics-policy\/\",\"diversityPolicy\":\"https:\/\/talkpal.ai\/diversity-policy\/\",\"diversityStaffingReport\":\"https:\/\/talkpal.ai\/diversity-policy\/\"}]}<\/script>\n<!-- \/ Yoast SEO Premium plugin. -->","yoast_head_json":{"title":"Malayalam Grammatik - Talkpal","description":"Beh\u00e4rska Malayalams grammatikregler inklusive alfabet, substantiv och verb med v\u00e5r omfattande AI-spr\u00e5kinl\u00e4rningsguide.","robots":{"index":"index","follow":"follow","max-snippet":"max-snippet:-1","max-image-preview":"max-image-preview:large","max-video-preview":"max-video-preview:-1"},"canonical":"https:\/\/talkpal.ai\/sv\/malayalam-grammatik\/","og_locale":"sv_SE","og_type":"article","og_title":"Malayalam Grammatik","og_description":"Navigera i kr\u00e5ngligheterna i malayalam grammatik Malayalam, ett dravidiskt spr\u00e5k med en rik historia och djupa kulturella r\u00f6tter i Kerala och diasporan,","og_url":"https:\/\/talkpal.ai\/sv\/malayalam-grammatik\/","og_site_name":"Talkpal","article_publisher":"https:\/\/www.facebook.com\/profile.php?id=100090733639311","article_modified_time":"2025-12-30T13:58:10+00:00","og_image":[{"width":2880,"height":1620,"url":"https:\/\/talkpal.ai\/wp-content\/uploads\/2025\/02\/Progress-tab-16_9.png","type":"image\/png"}],"twitter_card":"summary_large_image","twitter_site":"@talkpalai","twitter_misc":{"Ber\u00e4knad l\u00e4stid":"4 minuter"},"schema":{"@context":"https:\/\/schema.org","@graph":[{"@type":"WebPage","@id":"https:\/\/talkpal.ai\/sv\/malayalam-grammatik\/","url":"https:\/\/talkpal.ai\/sv\/malayalam-grammatik\/","name":"Malayalam Grammatik - Talkpal","isPartOf":{"@id":"https:\/\/talkpal.ai\/sv\/#website"},"datePublished":"2025-11-12T12:26:29+00:00","dateModified":"2025-12-30T13:58:10+00:00","description":"Beh\u00e4rska Malayalams grammatikregler inklusive alfabet, substantiv och verb med v\u00e5r omfattande AI-spr\u00e5kinl\u00e4rningsguide.","breadcrumb":{"@id":"https:\/\/talkpal.ai\/sv\/malayalam-grammatik\/#breadcrumb"},"inLanguage":"sv-SE","potentialAction":[{"@type":"ReadAction","target":["https:\/\/talkpal.ai\/sv\/malayalam-grammatik\/"]}]},{"@type":"BreadcrumbList","@id":"https:\/\/talkpal.ai\/sv\/malayalam-grammatik\/#breadcrumb","itemListElement":[{"@type":"ListItem","position":1,"name":"Homepage","item":"https:\/\/talkpal.ai\/sv\/"},{"@type":"ListItem","position":2,"name":"Malayalam Grammatik"}]},{"@type":"WebSite","@id":"https:\/\/talkpal.ai\/sv\/#website","url":"https:\/\/talkpal.ai\/sv\/","name":"Talkpal","description":"AI Language Learning","publisher":{"@id":"https:\/\/talkpal.ai\/sv\/#organization"},"alternateName":"Talkpal AI","potentialAction":[{"@type":"SearchAction","target":{"@type":"EntryPoint","urlTemplate":"https:\/\/talkpal.ai\/sv\/?s={search_term_string}"},"query-input":{"@type":"PropertyValueSpecification","valueRequired":true,"valueName":"search_term_string"}}],"inLanguage":"sv-SE"},{"@type":"Organization","@id":"https:\/\/talkpal.ai\/sv\/#organization","name":"Talkpal, Inc.","alternateName":"Talkpal AI","url":"https:\/\/talkpal.ai\/sv\/","logo":{"@type":"ImageObject","inLanguage":"sv-SE","@id":"https:\/\/talkpal.ai\/sv\/#\/schema\/logo\/image\/","url":"https:\/\/talkpal.ai\/wp-content\/uploads\/2024\/03\/Talkpal-Logo-Icon.png","contentUrl":"https:\/\/talkpal.ai\/wp-content\/uploads\/2024\/03\/Talkpal-Logo-Icon.png","width":2880,"height":2880,"caption":"Talkpal, Inc."},"image":{"@id":"https:\/\/talkpal.ai\/sv\/#\/schema\/logo\/image\/"},"sameAs":["https:\/\/www.facebook.com\/profile.php?id=100090733639311","https:\/\/x.com\/talkpalai","https:\/\/www.linkedin.com\/company\/talkpal\/","https:\/\/www.youtube.com\/@TalkPal\/","https:\/\/www.tiktok.com\/@talkpal","https:\/\/www.instagram.com\/talkpal_ai\/","https:\/\/www.crunchbase.com\/organization\/talkpal-9cde","https:\/\/www.g2.com\/products\/talkpal-for-business\/","https:\/\/www.trustpilot.com\/review\/talkpal.ai","https:\/\/www.capterra.com\/p\/10006800\/TalkPal\/"],"description":"Talkpal is a language learning web and mobile education app, powered by the latest AI technologies, that provides engaging experiences to its customers in many different languages to help them improve their language skills. Users can chat about unlimited amount of topics with the app and use other modes to practice their language learning.","email":"support@talkpal.ai","legalName":"Talkpal, Inc.","foundingDate":"2023-04-03","duns":"118989042","numberOfEmployees":{"@type":"QuantitativeValue","minValue":"11","maxValue":"50"},"publishingPrinciples":"https:\/\/talkpal.ai\/publishing-principles\/","actionableFeedbackPolicy":"https:\/\/talkpal.ai\/actionable-feedback-policy\/","correctionsPolicy":"https:\/\/talkpal.ai\/corrections-policy\/","ethicsPolicy":"https:\/\/talkpal.ai\/ethics-policy\/","diversityPolicy":"https:\/\/talkpal.ai\/diversity-policy\/","diversityStaffingReport":"https:\/\/talkpal.ai\/diversity-policy\/"}]}},"_links":{"self":[{"href":"https:\/\/talkpal.ai\/sv\/wp-json\/wp\/v2\/pages\/1477402","targetHints":{"allow":["GET"]}}],"collection":[{"href":"https:\/\/talkpal.ai\/sv\/wp-json\/wp\/v2\/pages"}],"about":[{"href":"https:\/\/talkpal.ai\/sv\/wp-json\/wp\/v2\/types\/page"}],"author":[{"embeddable":true,"href":"https:\/\/talkpal.ai\/sv\/wp-json\/wp\/v2\/users\/20"}],"replies":[{"embeddable":true,"href":"https:\/\/talkpal.ai\/sv\/wp-json\/wp\/v2\/comments?post=1477402"}],"version-history":[{"count":0,"href":"https:\/\/talkpal.ai\/sv\/wp-json\/wp\/v2\/pages\/1477402\/revisions"}],"wp:attachment":[{"href":"https:\/\/talkpal.ai\/sv\/wp-json\/wp\/v2\/media?parent=1477402"}],"curies":[{"name":"wp","href":"https:\/\/api.w.org\/{rel}","templated":true}]}}