{"id":1477316,"date":"2025-11-12T16:22:22","date_gmt":"2025-11-12T16:22:22","guid":{"rendered":"https:\/\/talkpal.ai\/pashto-grammatikovningar\/"},"modified":"2025-12-30T11:38:38","modified_gmt":"2025-12-30T11:38:38","slug":"pashto-grammatikovningar","status":"publish","type":"page","link":"https:\/\/talkpal.ai\/sv\/pashto-grammatikovningar\/","title":{"rendered":"Pashto grammatik\u00f6vningar"},"content":{"rendered":"\r\n\r\n\r\n<section class=\"languageChallengeSection\">\r\n    <div class=\"languageInfoWrapper\">\r\n        \r\n        <h1>Pashto grammatik\u00f6vningar<\/h1>\r\n        <p>\u00c4r du redo att s\u00e4tta dig in i pashto-grammatiken? Genom att \u00f6va p\u00e5 n\u00e5gra grunder kan du bli bekv\u00e4m med detta unika och vackra spr\u00e5k. Prova dessa \u00f6vningar f\u00f6r att bygga upp ditt sj\u00e4lvf\u00f6rtroende och ha lite kul p\u00e5 v\u00e4gen!<\/p>\r\n\r\n                            <a class=\"getStartedHidden\" href=\"https:\/\/app.talkpal.ai\/sv\/signup?lng=\">Kom ig\u00e5ng<\/a>\r\n        \r\n    <\/div>\r\n\r\n    <figure>\r\n    <img decoding=\"async\" width=\"768\" height=\"768\" src=\"https:\/\/talkpal.ai\/wp-content\/uploads\/2023\/06\/welsh-768x768.png\" class=\"languageImage no-lazy\" alt=\"Default alt text\" fetchpriority=\"high\" sizes=\"(max-width: 768px) 150px, 768px\" srcset=\"https:\/\/talkpal.ai\/wp-content\/uploads\/2023\/06\/welsh-768x768.png 768w, https:\/\/talkpal.ai\/wp-content\/uploads\/2023\/06\/welsh-300x300.png 300w\" \/>\r\n    \r\n\r\n    <\/figure>\r\n\r\n            <a class=\"getStartedVisible\" href=\"https:\/\/app.talkpal.ai\/sv\/signup?lng=\">Kom ig\u00e5ng<\/a>\r\n    \r\n<\/section><section class=\"promotionalBanner\">\r\n    <p class=\"promotionalText\">Det mest effektiva s\u00e4ttet att l\u00e4ra sig ett spr\u00e5k<\/p>\r\n    <a class=\"promotionalLink\" href=\"https:\/\/app.talkpal.ai\/sv\/signup?lng=\">Prova Talkpal gratis<\/a>\r\n<\/section>\n<div class=\"wp-block-group pageContainerStyle\"><div class=\"wp-block-group__inner-container is-layout-constrained wp-block-group-is-layout-constrained\">\n<h2 class=\"wp-block-heading\" id=\"h-pashto-grammar-topics\">Pashto grammatik \u00e4mnen<\/h2>\n\n\n\n<p><a href=\"https:\/\/talkpal.ai\/sv\/de-storsta-misstagen-att-undvika-nar-man-lar-sig-ett-nytt-sprak\/\">Att l\u00e4ra sig ett nytt spr\u00e5k<\/a> kan vara en utmanande men givande str\u00e4van. <a href=\"https:\/\/talkpal.ai\/learn-pashto\/\">Pashto<\/a>, ett \u00f6stiranskt spr\u00e5k som fr\u00e4mst <a href=\"https:\/\/talkpal.ai\/locations\/language-courses-in-talas\/\">talas<\/a> i Afghanistan och Pakistan, \u00e4r inget undantag. <a href=\"https:\/\/talkpal.ai\/sv\/talkpal-for-utbildning\/\">Att l\u00e4ra sig<\/a> <a href=\"https:\/\/talkpal.ai\/learn-pashto\/\">pashto<\/a> kr\u00e4ver ett systematiskt tillv\u00e4gag\u00e5ngss\u00e4tt f\u00f6r att f\u00f6rst\u00e5 grammatiken f\u00f6r att l\u00e4ra sig pashto. <a href=\"https:\/\/talkpal.ai\/culture\/how-do-i-use-den-har-and-det-har\/\">Den h\u00e4r<\/a> guiden beskriver de viktigaste omr\u00e5dena i <a href=\"https:\/\/talkpal.ai\/sv\/pashto-grammatik\/\">pashto-grammatiken<\/a> i en logisk sekvens f\u00f6r <a href=\"https:\/\/talkpal.ai\/sv\/talkpal-for-utbildning\/\">spr\u00e5kinl\u00e4rning<\/a>, med b\u00f6rjan fr\u00e5n grunderna som substantiv och artiklar, och g\u00e5r vidare till mer komplexa omr\u00e5den som tempus och meningsbyggnad.<\/p>\n\n\n\n<h3 class=\"wp-block-heading\" id=\"h-1-nouns\">1. Substantiv:<\/h3>\n\n\n\n<p>B\u00f6rja din pashto-spr\u00e5kresa genom att l\u00e4ra dig substantiven. Detta inkluderar att f\u00f6rst\u00e5 de olika kategorierna av substantiv, s\u00e5som vanliga och egennamn, deras grammatiska genus och deras pluralformer.<\/p>\n\n\n\n<h3 class=\"wp-block-heading\" id=\"h-2-articles\">2. Artiklar:<\/h3>\n\n\n\n<p>Artiklar p\u00e5 pashto fungerar p\u00e5 ett annat s\u00e4tt \u00e4n p\u00e5 <a href=\"https:\/\/talkpal.ai\/ai-english-speaking-practice\/\">engelska<\/a>. Pashto har ingen best\u00e4md artikel, och obest\u00e4mdhet \u00e4r ofta omarkerad eller visas med siffran &#8221;yaw&#8221; som betyder &#8221;a&#8221;. L\u00e4r dig hur best\u00e4mdhet uttrycks genom sammanhang, demonstrativ och ordf\u00f6ljd.<\/p>\n\n\n\n<h3 class=\"wp-block-heading\" id=\"h-3-adjectives\">3. Adjektiv:<\/h3>\n\n\n\n<p>Adjektiv p\u00e5 pashto kommer vanligtvis f\u00f6re sina substantiv. Du kommer ocks\u00e5 att beh\u00f6va l\u00e4ra dig om l\u00e4nkljudet &#8221;-e&#8221; som anv\u00e4nds mellan substantiv och modifierare i m\u00e5nga sammanhang, och hur man bildar komparativ och superlativ, vanligtvis med &#8221;tar&#8221; och &#8221;tar tulo&#8221;.<\/p>\n\n\n\n<h3 class=\"wp-block-heading\" id=\"h-4-pronouns-determiners\">4. Pronomen\/best\u00e4mningsfaktorer:<\/h3>\n\n\n\n<p>Pronomen och best\u00e4mningar \u00e4r viktiga p\u00e5 pashto; De ers\u00e4tter substantiv och ger information om person, antal, k\u00f6n, besittning och kvantitet. Pashto-pronomen har direkta och sneda former, och besittning markeras ofta med partikeln &#8221;da&#8221; eller med pronominala klitiker.<\/p>\n\n\n\n<h3 class=\"wp-block-heading\" id=\"h-5-verbs\">5. Verb:<\/h3>\n\n\n\n<p>Pashto-verb har olika former beroende p\u00e5 tempus, aspekt, hum\u00f6r, r\u00f6st, person och numerus. M\u00e5nga verb \u00e4r sammansatta, ofta med &#8221;kol&#8221; do eller &#8221;kedal&#8221; be done. B\u00f6rja med nutid och <a href=\"https:\/\/talkpal.ai\/ja\/grammar_exercises\/imperatif-%e3%83%95%e3%83%a9%e3%83%b3%e3%82%b9%e3%81%ae%e6%96%87%e6%b3%95%e3%81%ae%e3%81%9f%e3%82%81%e3%81%ae%e6%bc%94%e7%bf%92\/\">imperativ<\/a> och utforska gradvis d\u00e5tid och framtid.<\/p>\n\n\n\n<h3 class=\"wp-block-heading\" id=\"h-6-tenses\">6. Tempus:<\/h3>\n\n\n\n<p>Efter att ha beh\u00e4rskat verbformerna kan du f\u00f6rdjupa dig i pashto-tempus och aspektsystemet. Detta inkluderar att f\u00f6rst\u00e5 nutid, historia och framtid, samt kontrasten mellan imperfektiva och perfektiva aspekter och hur de anv\u00e4nds i olika sammanhang.<\/p>\n\n\n\n<h3 class=\"wp-block-heading\" id=\"h-7-tense-comparison\">7. Sp\u00e4nd j\u00e4mf\u00f6relse:<\/h3>\n\n\n\n<p>Att j\u00e4mf\u00f6ra tempus p\u00e5 pashto hj\u00e4lper till att f\u00f6rst\u00e5 aspekter och h\u00e4ndelsef\u00f6rlopp. Att j\u00e4mf\u00f6ra samma verb i olika tempus, s\u00e4rskilt perfektiv kontra imperfektiv f\u00f6rflutet, kommer att ge en b\u00e4ttre f\u00f6rst\u00e5else f\u00f6r pashtospr\u00e5ket.<\/p>\n\n\n\n<h3 class=\"wp-block-heading\" id=\"h-8-progressive\">8. Progressiv:<\/h3>\n\n\n\n<p>Den progressiva aspekten i pashto uttrycks ofta i det enkla presens, s\u00e4rskilt med sammansatta verb som &#8221;kar kol&#8221;. Det kan ocks\u00e5 g\u00f6ras explicit med hj\u00e4lp av participiella adjektiv som &#8221;rawan&#8221; som g\u00e5r ihop med verbet &#8221;att vara&#8221;.<\/p>\n\n\n\n<h3 class=\"wp-block-heading\" id=\"h-9-perfect-progressive\">9. Perfekt progressiv:<\/h3>\n\n\n\n<p>Denna betydelse uttrycks vanligtvis med tidsuttryck och aspektuella konstruktioner, till exempel &#8221;keghegi &#8230; che + presens&#8221; har det h\u00e4nt att &#8230;, eller genom att kombinera participiella former med tidigare former av &#8221;att vara&#8221;, beroende p\u00e5 verb och sammanhang.<\/p>\n\n\n\n<h3 class=\"wp-block-heading\" id=\"h-10-conditionals\">10. Villkor:<\/h3>\n\n\n\n<p>Konditionaler uttrycker hypotetiska situationer och deras m\u00f6jliga utfall. P\u00e5 pashto anv\u00e4nder du &#8221;ka&#8221; f\u00f6r if. Verkliga f\u00f6rh\u00e5llanden anv\u00e4nder ofta nuvarande eller framtida former, medan hypotetiska eller kontrafaktiska f\u00f6rh\u00e5llanden anv\u00e4nder d\u00e5tida former och kan inkludera partikeln &#8221;ba&#8221; f\u00f6r att uttrycka skulle.<\/p>\n\n\n\n<h3 class=\"wp-block-heading\" id=\"h-11-adverbs\">11. Adverb:<\/h3>\n\n\n\n<p>Adverb p\u00e5 pashto modifierar verb, adjektiv eller andra adverb. De ger information om s\u00e4tt, plats, tid, grad med mera, och bildas ofta av adjektiv eller uttrycks med prepositionsfraser.<\/p>\n\n\n\n<h3 class=\"wp-block-heading\" id=\"h-12-prepositions\">12. Prepositioner:<\/h3>\n\n\n\n<p>Prepositioner l\u00e4nkar samman ord och fraser. P\u00e5 pashto \u00e4r <a href=\"https:\/\/talkpal.ai\/sv\/grammar\/vanliga-prepositioner-i-hollandsk-grammatik\/\">vanliga prepositioner<\/a> &#8221;pa&#8221;, &#8221;la&#8221;, &#8221;tar&#8221;, &#8221;par&#8221; och &#8221;da&#8221;. De uttrycker relationer av tid, plats, riktning, k\u00e4lla, besittning med mera, och kan kr\u00e4va sneda former av pronomen.<\/p>\n\n\n\n<h3 class=\"wp-block-heading\" id=\"h-13-sentences\">13. Meningar:<\/h3>\n\n\n\n<p>Slutligen, \u00f6va p\u00e5 att konstruera meningar. Pashto f\u00f6ljer vanligtvis ett subjekts objekts verbordning, med verbet ofta i slutet. Detta kommer att inneb\u00e4ra att man anv\u00e4nder alla tidigare inl\u00e4rda grammatiska punkter i sitt sammanhang och p\u00e5 s\u00e5 s\u00e4tt s\u00e4kerst\u00e4ller en omfattande f\u00f6rst\u00e5else av pashto-spr\u00e5ket.<\/p>\n<\/div><\/div>\n\r\n<section class=\"learnNavigationSection\">\r\n            \r\n        <a href=\"https:\/\/talkpal.ai\/sv\/lar-dig-pashto\/\">\r\n            <div class=\"learnNavigationWrapper\">\r\n                <div class=\"learnNavigationContent\">\r\n                    <img decoding=\"async\" src=\"https:\/\/talkpal.ai\/wp-content\/uploads\/2025\/11\/Pashto.png\" alt=\"Afghan Flag\">\r\n                    <div>\r\n                        <h4>Om pashto l\u00e4rande<\/h4>\r\n                        <p>Ta reda p\u00e5 allt om pashtogrammatik.<\/p>\r\n                    <\/div>\r\n                <\/div>\r\n            <\/div>\r\n        <\/a>\r\n\r\n        \r\n        <a href=\"https:\/\/talkpal.ai\/sv\/pashto-grammatik\/\">\r\n            <div class=\"learnNavigationWrapper\">\r\n                <div class=\"learnNavigationContent\">\r\n                    <img decoding=\"async\" src=\"https:\/\/talkpal.ai\/wp-content\/uploads\/2025\/11\/Pashto.png\" alt=\"Afghan Flag\">\r\n                    <div>\r\n                        <h4>Pashto grammatik lektioner<\/h4>\r\n                        <p>\u00d6va pashto-grammatik.<\/p>\r\n                    <\/div>\r\n                <\/div>\r\n            <\/div>\r\n        <\/a>\r\n\r\n            <\/section>","protected":false},"excerpt":{"rendered":"<p>Pashto grammatik \u00e4mnen Att l\u00e4ra sig ett nytt spr\u00e5k kan vara en utmanande men givande str\u00e4van. Pashto, ett \u00f6stiranskt spr\u00e5k som fr\u00e4mst talas i Afghanistan och Pakistan, \u00e4r inget undantag. Att l\u00e4ra sig pashto kr\u00e4ver ett systematiskt tillv\u00e4gag\u00e5ngss\u00e4tt f\u00f6r att f\u00f6rst\u00e5 grammatiken f\u00f6r att l\u00e4ra sig pashto. Den h\u00e4r guiden beskriver de viktigaste omr\u00e5dena i [&hellip;]<\/p>\n","protected":false},"author":20,"featured_media":0,"parent":0,"menu_order":0,"comment_status":"closed","ping_status":"closed","template":"LearningContentPage.php","meta":{"_acf_changed":false,"footnotes":""},"class_list":["post-1477316","page","type-page","status-publish","hentry"],"acf":[],"yoast_head":"<!-- This site is optimized with the Yoast SEO Premium plugin v27.2 (Yoast SEO v27.2) - https:\/\/yoast.com\/product\/yoast-seo-premium-wordpress\/ -->\n<title>Pashto grammatik\u00f6vningar - Talkpal<\/title>\n<meta name=\"description\" content=\"Beh\u00e4rska pashtoisk grammatik med omfattande \u00f6vningar som t\u00e4cker substantiv, verb, tempus och meningsbyggnad f\u00f6r effektiv spr\u00e5kinl\u00e4rning.\" \/>\n<meta name=\"robots\" content=\"index, follow, max-snippet:-1, max-image-preview:large, max-video-preview:-1\" \/>\n<link rel=\"canonical\" href=\"https:\/\/talkpal.ai\/sv\/pashto-grammatikovningar\/\" \/>\n<meta property=\"og:locale\" content=\"sv_SE\" \/>\n<meta property=\"og:type\" content=\"article\" \/>\n<meta property=\"og:title\" content=\"Pashto grammatik\u00f6vningar\" \/>\n<meta property=\"og:description\" content=\"Pashto grammatik \u00e4mnen Att l\u00e4ra sig ett nytt spr\u00e5k kan vara en utmanande men givande str\u00e4van. Pashto, ett \u00f6stiranskt spr\u00e5k som fr\u00e4mst talas i Afghanistan\" \/>\n<meta property=\"og:url\" content=\"https:\/\/talkpal.ai\/sv\/pashto-grammatikovningar\/\" \/>\n<meta property=\"og:site_name\" content=\"Talkpal\" \/>\n<meta property=\"article:publisher\" content=\"https:\/\/www.facebook.com\/profile.php?id=100090733639311\" \/>\n<meta property=\"article:modified_time\" content=\"2025-12-30T11:38:38+00:00\" \/>\n<meta property=\"og:image\" content=\"https:\/\/talkpal.ai\/wp-content\/uploads\/2025\/02\/Progress-tab-16_9.png\" \/>\n\t<meta property=\"og:image:width\" content=\"2880\" \/>\n\t<meta property=\"og:image:height\" content=\"1620\" \/>\n\t<meta property=\"og:image:type\" content=\"image\/png\" \/>\n<meta name=\"twitter:card\" content=\"summary_large_image\" \/>\n<meta name=\"twitter:site\" content=\"@talkpalai\" \/>\n<meta name=\"twitter:label1\" content=\"Ber\u00e4knad l\u00e4stid\" \/>\n\t<meta name=\"twitter:data1\" content=\"3 minuter\" \/>\n<script type=\"application\/ld+json\" class=\"yoast-schema-graph\">{\"@context\":\"https:\/\/schema.org\",\"@graph\":[{\"@type\":\"WebPage\",\"@id\":\"https:\/\/talkpal.ai\/sv\/pashto-grammatikovningar\/\",\"url\":\"https:\/\/talkpal.ai\/sv\/pashto-grammatikovningar\/\",\"name\":\"Pashto grammatik\u00f6vningar - Talkpal\",\"isPartOf\":{\"@id\":\"https:\/\/talkpal.ai\/sv\/#website\"},\"datePublished\":\"2025-11-12T16:22:22+00:00\",\"dateModified\":\"2025-12-30T11:38:38+00:00\",\"description\":\"Beh\u00e4rska pashtoisk grammatik med omfattande \u00f6vningar som t\u00e4cker substantiv, verb, tempus och meningsbyggnad f\u00f6r effektiv spr\u00e5kinl\u00e4rning.\",\"breadcrumb\":{\"@id\":\"https:\/\/talkpal.ai\/sv\/pashto-grammatikovningar\/#breadcrumb\"},\"inLanguage\":\"sv-SE\",\"potentialAction\":[{\"@type\":\"ReadAction\",\"target\":[\"https:\/\/talkpal.ai\/sv\/pashto-grammatikovningar\/\"]}]},{\"@type\":\"BreadcrumbList\",\"@id\":\"https:\/\/talkpal.ai\/sv\/pashto-grammatikovningar\/#breadcrumb\",\"itemListElement\":[{\"@type\":\"ListItem\",\"position\":1,\"name\":\"Homepage\",\"item\":\"https:\/\/talkpal.ai\/sv\/\"},{\"@type\":\"ListItem\",\"position\":2,\"name\":\"Pashto grammatik\u00f6vningar\"}]},{\"@type\":\"WebSite\",\"@id\":\"https:\/\/talkpal.ai\/sv\/#website\",\"url\":\"https:\/\/talkpal.ai\/sv\/\",\"name\":\"Talkpal\",\"description\":\"AI Language Learning\",\"publisher\":{\"@id\":\"https:\/\/talkpal.ai\/sv\/#organization\"},\"alternateName\":\"Talkpal AI\",\"potentialAction\":[{\"@type\":\"SearchAction\",\"target\":{\"@type\":\"EntryPoint\",\"urlTemplate\":\"https:\/\/talkpal.ai\/sv\/?s={search_term_string}\"},\"query-input\":{\"@type\":\"PropertyValueSpecification\",\"valueRequired\":true,\"valueName\":\"search_term_string\"}}],\"inLanguage\":\"sv-SE\"},{\"@type\":\"Organization\",\"@id\":\"https:\/\/talkpal.ai\/sv\/#organization\",\"name\":\"Talkpal, Inc.\",\"alternateName\":\"Talkpal AI\",\"url\":\"https:\/\/talkpal.ai\/sv\/\",\"logo\":{\"@type\":\"ImageObject\",\"inLanguage\":\"sv-SE\",\"@id\":\"https:\/\/talkpal.ai\/sv\/#\/schema\/logo\/image\/\",\"url\":\"https:\/\/talkpal.ai\/wp-content\/uploads\/2024\/03\/Talkpal-Logo-Icon.png\",\"contentUrl\":\"https:\/\/talkpal.ai\/wp-content\/uploads\/2024\/03\/Talkpal-Logo-Icon.png\",\"width\":2880,\"height\":2880,\"caption\":\"Talkpal, Inc.\"},\"image\":{\"@id\":\"https:\/\/talkpal.ai\/sv\/#\/schema\/logo\/image\/\"},\"sameAs\":[\"https:\/\/www.facebook.com\/profile.php?id=100090733639311\",\"https:\/\/x.com\/talkpalai\",\"https:\/\/www.linkedin.com\/company\/talkpal\/\",\"https:\/\/www.youtube.com\/@TalkPal\/\",\"https:\/\/www.tiktok.com\/@talkpal\",\"https:\/\/www.instagram.com\/talkpal_ai\/\",\"https:\/\/www.crunchbase.com\/organization\/talkpal-9cde\",\"https:\/\/www.g2.com\/products\/talkpal-for-business\/\",\"https:\/\/www.trustpilot.com\/review\/talkpal.ai\",\"https:\/\/www.capterra.com\/p\/10006800\/TalkPal\/\"],\"description\":\"Talkpal is a language learning web and mobile education app, powered by the latest AI technologies, that provides engaging experiences to its customers in many different languages to help them improve their language skills. Users can chat about unlimited amount of topics with the app and use other modes to practice their language learning.\",\"email\":\"support@talkpal.ai\",\"legalName\":\"Talkpal, Inc.\",\"foundingDate\":\"2023-04-03\",\"duns\":\"118989042\",\"numberOfEmployees\":{\"@type\":\"QuantitativeValue\",\"minValue\":\"11\",\"maxValue\":\"50\"},\"publishingPrinciples\":\"https:\/\/talkpal.ai\/publishing-principles\/\",\"actionableFeedbackPolicy\":\"https:\/\/talkpal.ai\/actionable-feedback-policy\/\",\"correctionsPolicy\":\"https:\/\/talkpal.ai\/corrections-policy\/\",\"ethicsPolicy\":\"https:\/\/talkpal.ai\/ethics-policy\/\",\"diversityPolicy\":\"https:\/\/talkpal.ai\/diversity-policy\/\",\"diversityStaffingReport\":\"https:\/\/talkpal.ai\/diversity-policy\/\"}]}<\/script>\n<!-- \/ Yoast SEO Premium plugin. -->","yoast_head_json":{"title":"Pashto grammatik\u00f6vningar - Talkpal","description":"Beh\u00e4rska pashtoisk grammatik med omfattande \u00f6vningar som t\u00e4cker substantiv, verb, tempus och meningsbyggnad f\u00f6r effektiv spr\u00e5kinl\u00e4rning.","robots":{"index":"index","follow":"follow","max-snippet":"max-snippet:-1","max-image-preview":"max-image-preview:large","max-video-preview":"max-video-preview:-1"},"canonical":"https:\/\/talkpal.ai\/sv\/pashto-grammatikovningar\/","og_locale":"sv_SE","og_type":"article","og_title":"Pashto grammatik\u00f6vningar","og_description":"Pashto grammatik \u00e4mnen Att l\u00e4ra sig ett nytt spr\u00e5k kan vara en utmanande men givande str\u00e4van. Pashto, ett \u00f6stiranskt spr\u00e5k som fr\u00e4mst talas i Afghanistan","og_url":"https:\/\/talkpal.ai\/sv\/pashto-grammatikovningar\/","og_site_name":"Talkpal","article_publisher":"https:\/\/www.facebook.com\/profile.php?id=100090733639311","article_modified_time":"2025-12-30T11:38:38+00:00","og_image":[{"width":2880,"height":1620,"url":"https:\/\/talkpal.ai\/wp-content\/uploads\/2025\/02\/Progress-tab-16_9.png","type":"image\/png"}],"twitter_card":"summary_large_image","twitter_site":"@talkpalai","twitter_misc":{"Ber\u00e4knad l\u00e4stid":"3 minuter"},"schema":{"@context":"https:\/\/schema.org","@graph":[{"@type":"WebPage","@id":"https:\/\/talkpal.ai\/sv\/pashto-grammatikovningar\/","url":"https:\/\/talkpal.ai\/sv\/pashto-grammatikovningar\/","name":"Pashto grammatik\u00f6vningar - Talkpal","isPartOf":{"@id":"https:\/\/talkpal.ai\/sv\/#website"},"datePublished":"2025-11-12T16:22:22+00:00","dateModified":"2025-12-30T11:38:38+00:00","description":"Beh\u00e4rska pashtoisk grammatik med omfattande \u00f6vningar som t\u00e4cker substantiv, verb, tempus och meningsbyggnad f\u00f6r effektiv spr\u00e5kinl\u00e4rning.","breadcrumb":{"@id":"https:\/\/talkpal.ai\/sv\/pashto-grammatikovningar\/#breadcrumb"},"inLanguage":"sv-SE","potentialAction":[{"@type":"ReadAction","target":["https:\/\/talkpal.ai\/sv\/pashto-grammatikovningar\/"]}]},{"@type":"BreadcrumbList","@id":"https:\/\/talkpal.ai\/sv\/pashto-grammatikovningar\/#breadcrumb","itemListElement":[{"@type":"ListItem","position":1,"name":"Homepage","item":"https:\/\/talkpal.ai\/sv\/"},{"@type":"ListItem","position":2,"name":"Pashto grammatik\u00f6vningar"}]},{"@type":"WebSite","@id":"https:\/\/talkpal.ai\/sv\/#website","url":"https:\/\/talkpal.ai\/sv\/","name":"Talkpal","description":"AI Language Learning","publisher":{"@id":"https:\/\/talkpal.ai\/sv\/#organization"},"alternateName":"Talkpal AI","potentialAction":[{"@type":"SearchAction","target":{"@type":"EntryPoint","urlTemplate":"https:\/\/talkpal.ai\/sv\/?s={search_term_string}"},"query-input":{"@type":"PropertyValueSpecification","valueRequired":true,"valueName":"search_term_string"}}],"inLanguage":"sv-SE"},{"@type":"Organization","@id":"https:\/\/talkpal.ai\/sv\/#organization","name":"Talkpal, Inc.","alternateName":"Talkpal AI","url":"https:\/\/talkpal.ai\/sv\/","logo":{"@type":"ImageObject","inLanguage":"sv-SE","@id":"https:\/\/talkpal.ai\/sv\/#\/schema\/logo\/image\/","url":"https:\/\/talkpal.ai\/wp-content\/uploads\/2024\/03\/Talkpal-Logo-Icon.png","contentUrl":"https:\/\/talkpal.ai\/wp-content\/uploads\/2024\/03\/Talkpal-Logo-Icon.png","width":2880,"height":2880,"caption":"Talkpal, Inc."},"image":{"@id":"https:\/\/talkpal.ai\/sv\/#\/schema\/logo\/image\/"},"sameAs":["https:\/\/www.facebook.com\/profile.php?id=100090733639311","https:\/\/x.com\/talkpalai","https:\/\/www.linkedin.com\/company\/talkpal\/","https:\/\/www.youtube.com\/@TalkPal\/","https:\/\/www.tiktok.com\/@talkpal","https:\/\/www.instagram.com\/talkpal_ai\/","https:\/\/www.crunchbase.com\/organization\/talkpal-9cde","https:\/\/www.g2.com\/products\/talkpal-for-business\/","https:\/\/www.trustpilot.com\/review\/talkpal.ai","https:\/\/www.capterra.com\/p\/10006800\/TalkPal\/"],"description":"Talkpal is a language learning web and mobile education app, powered by the latest AI technologies, that provides engaging experiences to its customers in many different languages to help them improve their language skills. Users can chat about unlimited amount of topics with the app and use other modes to practice their language learning.","email":"support@talkpal.ai","legalName":"Talkpal, Inc.","foundingDate":"2023-04-03","duns":"118989042","numberOfEmployees":{"@type":"QuantitativeValue","minValue":"11","maxValue":"50"},"publishingPrinciples":"https:\/\/talkpal.ai\/publishing-principles\/","actionableFeedbackPolicy":"https:\/\/talkpal.ai\/actionable-feedback-policy\/","correctionsPolicy":"https:\/\/talkpal.ai\/corrections-policy\/","ethicsPolicy":"https:\/\/talkpal.ai\/ethics-policy\/","diversityPolicy":"https:\/\/talkpal.ai\/diversity-policy\/","diversityStaffingReport":"https:\/\/talkpal.ai\/diversity-policy\/"}]}},"_links":{"self":[{"href":"https:\/\/talkpal.ai\/sv\/wp-json\/wp\/v2\/pages\/1477316","targetHints":{"allow":["GET"]}}],"collection":[{"href":"https:\/\/talkpal.ai\/sv\/wp-json\/wp\/v2\/pages"}],"about":[{"href":"https:\/\/talkpal.ai\/sv\/wp-json\/wp\/v2\/types\/page"}],"author":[{"embeddable":true,"href":"https:\/\/talkpal.ai\/sv\/wp-json\/wp\/v2\/users\/20"}],"replies":[{"embeddable":true,"href":"https:\/\/talkpal.ai\/sv\/wp-json\/wp\/v2\/comments?post=1477316"}],"version-history":[{"count":0,"href":"https:\/\/talkpal.ai\/sv\/wp-json\/wp\/v2\/pages\/1477316\/revisions"}],"wp:attachment":[{"href":"https:\/\/talkpal.ai\/sv\/wp-json\/wp\/v2\/media?parent=1477316"}],"curies":[{"name":"wp","href":"https:\/\/api.w.org\/{rel}","templated":true}]}}