{"id":1477307,"date":"2025-11-12T16:20:16","date_gmt":"2025-11-12T16:20:16","guid":{"rendered":"https:\/\/talkpal.ai\/pashto-grammatik\/"},"modified":"2025-12-30T11:42:24","modified_gmt":"2025-12-30T11:42:24","slug":"pashto-grammatik","status":"publish","type":"page","link":"https:\/\/talkpal.ai\/sv\/pashto-grammatik\/","title":{"rendered":"Pashto Grammatik"},"content":{"rendered":"\r\n\r\n\r\n<section class=\"languageChallengeSection\">\r\n    <div class=\"languageInfoWrapper\">\r\n        \r\n        <h1>Pashto Grammatik<\/h1>\r\n        <p><a href=\"https:\/\/talkpal.ai\/pashto-grammar\/\">Pashto-grammatik<\/a> kan verka utmanande till en b\u00f6rjan, men dess unika egenskaper g\u00f6r det till en givande upplevelse att l\u00e4ra sig spr\u00e5ket. Genom att utforska alfabetet, mutationer och grammatikregler f\u00e5r du en inblick i en rik spr\u00e5klig tradition. B\u00f6rja din resa och uppt\u00e4ck sk\u00f6nheten i <a href=\"https:\/\/talkpal.ai\/learn-pashto\/\">pashto<\/a>!<\/p>\r\n\r\n                            <a class=\"getStartedHidden\" href=\"https:\/\/app.talkpal.ai\/sv\/signup?lng=\">Kom ig\u00e5ng<\/a>\r\n        \r\n    <\/div>\r\n\r\n    <figure>\r\n    <img decoding=\"async\" width=\"768\" height=\"768\" src=\"https:\/\/talkpal.ai\/wp-content\/uploads\/2023\/06\/welsh-768x768.png\" class=\"languageImage no-lazy\" alt=\"Default alt text\" fetchpriority=\"high\" sizes=\"(max-width: 768px) 150px, 768px\" srcset=\"https:\/\/talkpal.ai\/wp-content\/uploads\/2023\/06\/welsh-768x768.png 768w, https:\/\/talkpal.ai\/wp-content\/uploads\/2023\/06\/welsh-300x300.png 300w\" \/>\r\n    \r\n\r\n    <\/figure>\r\n\r\n            <a class=\"getStartedVisible\" href=\"https:\/\/app.talkpal.ai\/sv\/signup?lng=\">Kom ig\u00e5ng<\/a>\r\n    \r\n<\/section><section class=\"promotionalBanner\">\r\n    <p class=\"promotionalText\">Det mest effektiva s\u00e4ttet att l\u00e4ra sig ett spr\u00e5k<\/p>\r\n    <a class=\"promotionalLink\" href=\"https:\/\/app.talkpal.ai\/sv\/signup?lng=\">Prova Talkpal gratis<\/a>\r\n<\/section>\n<div class=\"wp-block-group pageContainerStyle\"><div class=\"wp-block-group__inner-container is-layout-constrained wp-block-group-is-layout-constrained\">\n<h2 class=\"wp-block-heading\" id=\"h-navigating-the-intricacies-of-pashto-grammar\">Navigera i kr\u00e5ngligheterna i pashto-grammatiken<\/h2>\n\n\n\n<p><a href=\"https:\/\/talkpal.ai\/sv\/lar-dig-pashto\/\">Pashto<\/a>, ett \u00f6stiranskt spr\u00e5k med en rik historia och kulturell betydelse i Afghanistan och Pakistan, erbjuder en sp\u00e4nnande spr\u00e5klig upplevelse f\u00f6r dem som \u00e4r ivriga att utforska dess unika grammatiksystem. N\u00e4r du ger dig in i pashto-v\u00e4rlden kommer du inte bara att berika din spr\u00e5kliga repertoar utan ocks\u00e5 omfamna en fascinerande kulturell resa. <a href=\"https:\/\/talkpal.ai\/pashto-grammar\/\">Pashto-grammatik<\/a> kan verka komplicerad till en b\u00f6rjan, men att dela upp den i k\u00e4rnkomponenter g\u00f6r det l\u00e4ttare att l\u00e4ra sig spr\u00e5ket. I <a href=\"https:\/\/talkpal.ai\/culture\/how-do-i-use-den-har-and-det-har\/\">den h\u00e4r<\/a> artikeln kommer vi att utforska den f\u00e4ngslande v\u00e4rlden av pashto-grammatik och ge tips om hur man bem\u00e4strar dess komplexitet.<\/p>\n\n\n\n<h3 class=\"wp-block-heading\" id=\"h-1-pashto-alphabet-and-phonetics\">1. Pashtoalfabetet och fonetik<\/h3>\n\n\n\n<p>Det pashtoiska skriftsystemet \u00e4r baserat p\u00e5 den persisk-arabiska skriften och inneh\u00e5ller ytterligare bokst\u00e4ver som \u00e4r unika f\u00f6r pashto, s\u00e5som \u067c, \u0689, \u0693, \u06bc, \u0685, \u0681, \u069a, \u0696 och \u06ab. F\u00f6r att l\u00e4ra sig pashto-grammatik \u00e4r det viktigt att bekanta sig med denna distinkta skrift och pashtos ljudsystem, som har retroflexa och aspirerade konsonanter, samt karakteristiska vokalkontraster.<\/p>\n\n\n\n<h3 class=\"wp-block-heading\" id=\"h-2-split-ergativity-a-peculiar-pashto-feature\">2. Split Ergativity: En m\u00e4rklig pashto-funktion<\/h3>\n\n\n\n<p>En av de mest sl\u00e5ende aspekterna av pashto-grammatiken \u00e4r dess uppdelade ergativitet i m\u00e5nga transitiva satser i d\u00e5tid. I dessa sammanhang f\u00f6rekommer agenten i sned kasus och verbet tenderar att \u00f6verensst\u00e4mma med det direkta objektet i k\u00f6n och numerus snarare \u00e4n agenten. Att f\u00f6rst\u00e5 n\u00e4r detta anpassningsm\u00f6nster g\u00e4ller och hur avtalet fungerar \u00e4r avg\u00f6rande f\u00f6r korrekt kommunikation p\u00e5 pashto.<\/p>\n\n\n\n<h3 class=\"wp-block-heading\" id=\"h-3-nouns-and-pronouns-gender-and-cases\">3. Substantiv och pronomen: genus och kasus<\/h3>\n\n\n\n<p>Pashto-substantiv har grammatiskt genus (maskulinum eller femininum) och f\u00f6ljer flera pluralbildningsm\u00f6nster som varierar beroende p\u00e5 substantivklass. Pashto skiljer ocks\u00e5 mellan direkta och sneda kasus, som p\u00e5verkar hur substantiv och pronomen beter sig med postpositioner och i vissa verbkonstruktioner. Pronomen p\u00e5 pashto inkluderar personliga, possessiva, reflexiva, demonstrativa och fr\u00e5gande former, med b\u00e5de sj\u00e4lvst\u00e4ndiga och klitiska varianter. Att bekanta sig med dessa former och deras kasusskillnader kommer avsev\u00e4rt att f\u00f6rb\u00e4ttra ditt grepp om pashto-grammatiken.<\/p>\n\n\n\n<h3 class=\"wp-block-heading\" id=\"h-4-verbs-structure-and-conjugation\">4. Verb: Struktur och konjugation<\/h3>\n\n\n\n<p>Pashto-verb f\u00f6ljer ett distinkt system organiserat kring aspekt och tempus, med \u00f6verenskommelse om person och numerus. K\u00e4rntempus inkluderar nutid, d\u00e5tid och framtid, d\u00e4r framtiden vanligtvis markeras med partikeln ba. Pashto anv\u00e4nder sig ocks\u00e5 av modus som konditional, <a href=\"https:\/\/talkpal.ai\/ja\/grammar_exercises\/konjunktiv-%e3%83%89%e3%82%a4%e3%83%84%e6%96%87%e6%b3%95%e3%81%ae%e6%bc%94%e7%bf%92\/\">konjunktiv<\/a> och <a href=\"https:\/\/talkpal.ai\/ja\/grammar_exercises\/imperatif-%e3%83%95%e3%83%a9%e3%83%b3%e3%82%b9%e3%81%ae%e6%96%87%e6%b3%95%e3%81%ae%e3%81%9f%e3%82%81%e3%81%ae%e6%bc%94%e7%bf%92\/\">imperativ<\/a>, och anv\u00e4nder negationspartiklar som skiljer sig \u00e5t mellan p\u00e5st\u00e5enden och kommandon. Att l\u00e4ra sig b\u00f6jningsm\u00f6nstren, inklusive perfektiva och imperfektiva stammar, kommer att f\u00f6rb\u00e4ttra din f\u00f6rm\u00e5ga att kommunicera effektivt p\u00e5 pashto.<\/p>\n\n\n\n<h3 class=\"wp-block-heading\" id=\"h-5-adjectives-agreement-and-placement\">5. Adjektiv: \u00d6verenskommelse och placering<\/h3>\n\n\n\n<p>I pashto-grammatiken kommer adjektiv vanligtvis f\u00f6re substantivet de modifierar, och m\u00e5nga adjektiv \u00e4ndrar inte form f\u00f6r k\u00f6n eller numerus. Vissa adjektiv bildar komparativa och superlativa betydelser oregelbundet eller genom fasta uttryck, vilket \u00e4r viktigt f\u00f6r att l\u00e4ra sig att kommunicera mer naturligt.<\/p>\n\n\n\n<p><strong>Exempel:<\/strong><\/p>\n\n\n\n<p><strong>&#8211; Loy Kor (stort hus)<\/strong><\/p>\n\n\n\n<p><strong>\u2013 Kuchni Mashuman (sm\u00e5 barn)<\/strong><\/p>\n\n\n\n<h3 class=\"wp-block-heading\" id=\"h-6-engaging-with-the-language\">6. Engagera sig i spr\u00e5ket<\/h3>\n\n\n\n<p>Det mest effektiva s\u00e4ttet att fullt ut f\u00f6rst\u00e5 och internalisera pashto-grammatiken \u00e4r att konsekvent engagera sig i spr\u00e5ket. Genom att l\u00e4sa pashtolitteratur, titta p\u00e5 pashto-filmer eller tv-serier, lyssna p\u00e5 radio och musik och aktivt kommunicera med modersm\u00e5lstalare, kommer du att f\u00f6rst\u00e4rka din f\u00f6rst\u00e5else av <a href=\"https:\/\/talkpal.ai\/fr\/les\/\">grammatik<\/a> samtidigt som du ut\u00f6kar ditt ordf\u00f6rr\u00e5d.<\/p>\n\n\n\n<h3 class=\"wp-block-heading\" id=\"h-conclusion\">Slutsats<\/h3>\n\n\n\n<p>\u00c4ven om pashtogrammatik kan verka invecklad kan du bli skicklig i detta vackra spr\u00e5k med engagemang, \u00f6vning och entusiasm. Genom att fokusera p\u00e5 de grundl\u00e4ggande reglerna och engagera dig i spr\u00e5ket i olika sammanhang kommer du snabbt att f\u00f6rb\u00e4ttra dina <a href=\"https:\/\/talkpal.ai\/sv\/grammatik\/\">pashto-grammatikkunskaper<\/a>. Kha bakht (lycka till) med din pashto spr\u00e5kresa och njut av att nysta upp den g\u00e5tfulla men f\u00e4ngslande v\u00e4rlden av pashto grammatik!<\/p>\n<\/div><\/div>\n\r\n<section class=\"learnNavigationSection\">\r\n            \r\n        <a href=\"https:\/\/talkpal.ai\/sv\/lar-dig-pashto\/\">\r\n            <div class=\"learnNavigationWrapper\">\r\n                <div class=\"learnNavigationContent\">\r\n                    <img decoding=\"async\" src=\"https:\/\/talkpal.ai\/wp-content\/uploads\/2025\/11\/Pashto.png\" alt=\"Afghan Flag\">\r\n                    <div>\r\n                        <h4>Om pashto l\u00e4rande<\/h4>\r\n                        <p>Ta reda p\u00e5 allt om pashtogrammatik.<\/p>\r\n                    <\/div>\r\n                <\/div>\r\n            <\/div>\r\n        <\/a>\r\n\r\n        \r\n        <a href=\"https:\/\/talkpal.ai\/sv\/pashto-grammatikovningar\/\">\r\n            <div class=\"learnNavigationWrapper\">\r\n                <div class=\"learnNavigationContent\">\r\n                    <img decoding=\"async\" src=\"https:\/\/talkpal.ai\/wp-content\/uploads\/2025\/11\/Pashto.png\" alt=\"Afghan Flag\">\r\n                    <div>\r\n                        <h4>Pashto grammatik\u00f6vning<\/h4>\r\n                        <p>\u00d6va pashto.<\/p>\r\n                    <\/div>\r\n                <\/div>\r\n            <\/div>\r\n        <\/a>\r\n\r\n            <\/section>","protected":false},"excerpt":{"rendered":"<p>Navigera i kr\u00e5ngligheterna i pashto-grammatiken Pashto, ett \u00f6stiranskt spr\u00e5k med en rik historia och kulturell betydelse i Afghanistan och Pakistan, erbjuder en sp\u00e4nnande spr\u00e5klig upplevelse f\u00f6r dem som \u00e4r ivriga att utforska dess unika grammatiksystem. N\u00e4r du ger dig in i pashto-v\u00e4rlden kommer du inte bara att berika din spr\u00e5kliga repertoar utan ocks\u00e5 omfamna en [&hellip;]<\/p>\n","protected":false},"author":20,"featured_media":0,"parent":0,"menu_order":0,"comment_status":"closed","ping_status":"closed","template":"LearningContentPage.php","meta":{"_acf_changed":false,"footnotes":""},"class_list":["post-1477307","page","type-page","status-publish","hentry"],"acf":[],"yoast_head":"<!-- This site is optimized with the Yoast SEO Premium plugin v27.2 (Yoast SEO v27.2) - https:\/\/yoast.com\/product\/yoast-seo-premium-wordpress\/ -->\n<title>Pashto Grammatik - Talkpal<\/title>\n<meta name=\"description\" content=\"Beh\u00e4rska pashto grammatik med denna omfattande guide som t\u00e4cker alfabetet, fonetik, split ergativity, substantiv, pronomen, verb och adjektiv.\" \/>\n<meta name=\"robots\" content=\"index, follow, max-snippet:-1, max-image-preview:large, max-video-preview:-1\" \/>\n<link rel=\"canonical\" href=\"https:\/\/talkpal.ai\/sv\/pashto-grammatik\/\" \/>\n<meta property=\"og:locale\" content=\"sv_SE\" \/>\n<meta property=\"og:type\" content=\"article\" \/>\n<meta property=\"og:title\" content=\"Pashto Grammatik\" \/>\n<meta property=\"og:description\" content=\"Navigera i kr\u00e5ngligheterna i pashto-grammatiken Pashto, ett \u00f6stiranskt spr\u00e5k med en rik historia och kulturell betydelse i Afghanistan och Pakistan,\" \/>\n<meta property=\"og:url\" content=\"https:\/\/talkpal.ai\/sv\/pashto-grammatik\/\" \/>\n<meta property=\"og:site_name\" content=\"Talkpal\" \/>\n<meta property=\"article:publisher\" content=\"https:\/\/www.facebook.com\/profile.php?id=100090733639311\" \/>\n<meta property=\"article:modified_time\" content=\"2025-12-30T11:42:24+00:00\" \/>\n<meta property=\"og:image\" content=\"https:\/\/talkpal.ai\/wp-content\/uploads\/2025\/02\/Progress-tab-16_9.png\" \/>\n\t<meta property=\"og:image:width\" content=\"2880\" \/>\n\t<meta property=\"og:image:height\" content=\"1620\" \/>\n\t<meta property=\"og:image:type\" content=\"image\/png\" \/>\n<meta name=\"twitter:card\" content=\"summary_large_image\" \/>\n<meta name=\"twitter:site\" content=\"@talkpalai\" \/>\n<meta name=\"twitter:label1\" content=\"Ber\u00e4knad l\u00e4stid\" \/>\n\t<meta name=\"twitter:data1\" content=\"3 minuter\" \/>\n<script type=\"application\/ld+json\" class=\"yoast-schema-graph\">{\"@context\":\"https:\/\/schema.org\",\"@graph\":[{\"@type\":\"WebPage\",\"@id\":\"https:\/\/talkpal.ai\/sv\/pashto-grammatik\/\",\"url\":\"https:\/\/talkpal.ai\/sv\/pashto-grammatik\/\",\"name\":\"Pashto Grammatik - Talkpal\",\"isPartOf\":{\"@id\":\"https:\/\/talkpal.ai\/sv\/#website\"},\"datePublished\":\"2025-11-12T16:20:16+00:00\",\"dateModified\":\"2025-12-30T11:42:24+00:00\",\"description\":\"Beh\u00e4rska pashto grammatik med denna omfattande guide som t\u00e4cker alfabetet, fonetik, split ergativity, substantiv, pronomen, verb och adjektiv.\",\"breadcrumb\":{\"@id\":\"https:\/\/talkpal.ai\/sv\/pashto-grammatik\/#breadcrumb\"},\"inLanguage\":\"sv-SE\",\"potentialAction\":[{\"@type\":\"ReadAction\",\"target\":[\"https:\/\/talkpal.ai\/sv\/pashto-grammatik\/\"]}]},{\"@type\":\"BreadcrumbList\",\"@id\":\"https:\/\/talkpal.ai\/sv\/pashto-grammatik\/#breadcrumb\",\"itemListElement\":[{\"@type\":\"ListItem\",\"position\":1,\"name\":\"Homepage\",\"item\":\"https:\/\/talkpal.ai\/sv\/\"},{\"@type\":\"ListItem\",\"position\":2,\"name\":\"Pashto Grammatik\"}]},{\"@type\":\"WebSite\",\"@id\":\"https:\/\/talkpal.ai\/sv\/#website\",\"url\":\"https:\/\/talkpal.ai\/sv\/\",\"name\":\"Talkpal\",\"description\":\"AI Language Learning\",\"publisher\":{\"@id\":\"https:\/\/talkpal.ai\/sv\/#organization\"},\"alternateName\":\"Talkpal AI\",\"potentialAction\":[{\"@type\":\"SearchAction\",\"target\":{\"@type\":\"EntryPoint\",\"urlTemplate\":\"https:\/\/talkpal.ai\/sv\/?s={search_term_string}\"},\"query-input\":{\"@type\":\"PropertyValueSpecification\",\"valueRequired\":true,\"valueName\":\"search_term_string\"}}],\"inLanguage\":\"sv-SE\"},{\"@type\":\"Organization\",\"@id\":\"https:\/\/talkpal.ai\/sv\/#organization\",\"name\":\"Talkpal, Inc.\",\"alternateName\":\"Talkpal AI\",\"url\":\"https:\/\/talkpal.ai\/sv\/\",\"logo\":{\"@type\":\"ImageObject\",\"inLanguage\":\"sv-SE\",\"@id\":\"https:\/\/talkpal.ai\/sv\/#\/schema\/logo\/image\/\",\"url\":\"https:\/\/talkpal.ai\/wp-content\/uploads\/2024\/03\/Talkpal-Logo-Icon.png\",\"contentUrl\":\"https:\/\/talkpal.ai\/wp-content\/uploads\/2024\/03\/Talkpal-Logo-Icon.png\",\"width\":2880,\"height\":2880,\"caption\":\"Talkpal, Inc.\"},\"image\":{\"@id\":\"https:\/\/talkpal.ai\/sv\/#\/schema\/logo\/image\/\"},\"sameAs\":[\"https:\/\/www.facebook.com\/profile.php?id=100090733639311\",\"https:\/\/x.com\/talkpalai\",\"https:\/\/www.linkedin.com\/company\/talkpal\/\",\"https:\/\/www.youtube.com\/@TalkPal\/\",\"https:\/\/www.tiktok.com\/@talkpal\",\"https:\/\/www.instagram.com\/talkpal_ai\/\",\"https:\/\/www.crunchbase.com\/organization\/talkpal-9cde\",\"https:\/\/www.g2.com\/products\/talkpal-for-business\/\",\"https:\/\/www.trustpilot.com\/review\/talkpal.ai\",\"https:\/\/www.capterra.com\/p\/10006800\/TalkPal\/\"],\"description\":\"Talkpal is a language learning web and mobile education app, powered by the latest AI technologies, that provides engaging experiences to its customers in many different languages to help them improve their language skills. Users can chat about unlimited amount of topics with the app and use other modes to practice their language learning.\",\"email\":\"support@talkpal.ai\",\"legalName\":\"Talkpal, Inc.\",\"foundingDate\":\"2023-04-03\",\"duns\":\"118989042\",\"numberOfEmployees\":{\"@type\":\"QuantitativeValue\",\"minValue\":\"11\",\"maxValue\":\"50\"},\"publishingPrinciples\":\"https:\/\/talkpal.ai\/publishing-principles\/\",\"actionableFeedbackPolicy\":\"https:\/\/talkpal.ai\/actionable-feedback-policy\/\",\"correctionsPolicy\":\"https:\/\/talkpal.ai\/corrections-policy\/\",\"ethicsPolicy\":\"https:\/\/talkpal.ai\/ethics-policy\/\",\"diversityPolicy\":\"https:\/\/talkpal.ai\/diversity-policy\/\",\"diversityStaffingReport\":\"https:\/\/talkpal.ai\/diversity-policy\/\"}]}<\/script>\n<!-- \/ Yoast SEO Premium plugin. -->","yoast_head_json":{"title":"Pashto Grammatik - Talkpal","description":"Beh\u00e4rska pashto grammatik med denna omfattande guide som t\u00e4cker alfabetet, fonetik, split ergativity, substantiv, pronomen, verb och adjektiv.","robots":{"index":"index","follow":"follow","max-snippet":"max-snippet:-1","max-image-preview":"max-image-preview:large","max-video-preview":"max-video-preview:-1"},"canonical":"https:\/\/talkpal.ai\/sv\/pashto-grammatik\/","og_locale":"sv_SE","og_type":"article","og_title":"Pashto Grammatik","og_description":"Navigera i kr\u00e5ngligheterna i pashto-grammatiken Pashto, ett \u00f6stiranskt spr\u00e5k med en rik historia och kulturell betydelse i Afghanistan och Pakistan,","og_url":"https:\/\/talkpal.ai\/sv\/pashto-grammatik\/","og_site_name":"Talkpal","article_publisher":"https:\/\/www.facebook.com\/profile.php?id=100090733639311","article_modified_time":"2025-12-30T11:42:24+00:00","og_image":[{"width":2880,"height":1620,"url":"https:\/\/talkpal.ai\/wp-content\/uploads\/2025\/02\/Progress-tab-16_9.png","type":"image\/png"}],"twitter_card":"summary_large_image","twitter_site":"@talkpalai","twitter_misc":{"Ber\u00e4knad l\u00e4stid":"3 minuter"},"schema":{"@context":"https:\/\/schema.org","@graph":[{"@type":"WebPage","@id":"https:\/\/talkpal.ai\/sv\/pashto-grammatik\/","url":"https:\/\/talkpal.ai\/sv\/pashto-grammatik\/","name":"Pashto Grammatik - Talkpal","isPartOf":{"@id":"https:\/\/talkpal.ai\/sv\/#website"},"datePublished":"2025-11-12T16:20:16+00:00","dateModified":"2025-12-30T11:42:24+00:00","description":"Beh\u00e4rska pashto grammatik med denna omfattande guide som t\u00e4cker alfabetet, fonetik, split ergativity, substantiv, pronomen, verb och adjektiv.","breadcrumb":{"@id":"https:\/\/talkpal.ai\/sv\/pashto-grammatik\/#breadcrumb"},"inLanguage":"sv-SE","potentialAction":[{"@type":"ReadAction","target":["https:\/\/talkpal.ai\/sv\/pashto-grammatik\/"]}]},{"@type":"BreadcrumbList","@id":"https:\/\/talkpal.ai\/sv\/pashto-grammatik\/#breadcrumb","itemListElement":[{"@type":"ListItem","position":1,"name":"Homepage","item":"https:\/\/talkpal.ai\/sv\/"},{"@type":"ListItem","position":2,"name":"Pashto Grammatik"}]},{"@type":"WebSite","@id":"https:\/\/talkpal.ai\/sv\/#website","url":"https:\/\/talkpal.ai\/sv\/","name":"Talkpal","description":"AI Language Learning","publisher":{"@id":"https:\/\/talkpal.ai\/sv\/#organization"},"alternateName":"Talkpal AI","potentialAction":[{"@type":"SearchAction","target":{"@type":"EntryPoint","urlTemplate":"https:\/\/talkpal.ai\/sv\/?s={search_term_string}"},"query-input":{"@type":"PropertyValueSpecification","valueRequired":true,"valueName":"search_term_string"}}],"inLanguage":"sv-SE"},{"@type":"Organization","@id":"https:\/\/talkpal.ai\/sv\/#organization","name":"Talkpal, Inc.","alternateName":"Talkpal AI","url":"https:\/\/talkpal.ai\/sv\/","logo":{"@type":"ImageObject","inLanguage":"sv-SE","@id":"https:\/\/talkpal.ai\/sv\/#\/schema\/logo\/image\/","url":"https:\/\/talkpal.ai\/wp-content\/uploads\/2024\/03\/Talkpal-Logo-Icon.png","contentUrl":"https:\/\/talkpal.ai\/wp-content\/uploads\/2024\/03\/Talkpal-Logo-Icon.png","width":2880,"height":2880,"caption":"Talkpal, Inc."},"image":{"@id":"https:\/\/talkpal.ai\/sv\/#\/schema\/logo\/image\/"},"sameAs":["https:\/\/www.facebook.com\/profile.php?id=100090733639311","https:\/\/x.com\/talkpalai","https:\/\/www.linkedin.com\/company\/talkpal\/","https:\/\/www.youtube.com\/@TalkPal\/","https:\/\/www.tiktok.com\/@talkpal","https:\/\/www.instagram.com\/talkpal_ai\/","https:\/\/www.crunchbase.com\/organization\/talkpal-9cde","https:\/\/www.g2.com\/products\/talkpal-for-business\/","https:\/\/www.trustpilot.com\/review\/talkpal.ai","https:\/\/www.capterra.com\/p\/10006800\/TalkPal\/"],"description":"Talkpal is a language learning web and mobile education app, powered by the latest AI technologies, that provides engaging experiences to its customers in many different languages to help them improve their language skills. Users can chat about unlimited amount of topics with the app and use other modes to practice their language learning.","email":"support@talkpal.ai","legalName":"Talkpal, Inc.","foundingDate":"2023-04-03","duns":"118989042","numberOfEmployees":{"@type":"QuantitativeValue","minValue":"11","maxValue":"50"},"publishingPrinciples":"https:\/\/talkpal.ai\/publishing-principles\/","actionableFeedbackPolicy":"https:\/\/talkpal.ai\/actionable-feedback-policy\/","correctionsPolicy":"https:\/\/talkpal.ai\/corrections-policy\/","ethicsPolicy":"https:\/\/talkpal.ai\/ethics-policy\/","diversityPolicy":"https:\/\/talkpal.ai\/diversity-policy\/","diversityStaffingReport":"https:\/\/talkpal.ai\/diversity-policy\/"}]}},"_links":{"self":[{"href":"https:\/\/talkpal.ai\/sv\/wp-json\/wp\/v2\/pages\/1477307","targetHints":{"allow":["GET"]}}],"collection":[{"href":"https:\/\/talkpal.ai\/sv\/wp-json\/wp\/v2\/pages"}],"about":[{"href":"https:\/\/talkpal.ai\/sv\/wp-json\/wp\/v2\/types\/page"}],"author":[{"embeddable":true,"href":"https:\/\/talkpal.ai\/sv\/wp-json\/wp\/v2\/users\/20"}],"replies":[{"embeddable":true,"href":"https:\/\/talkpal.ai\/sv\/wp-json\/wp\/v2\/comments?post=1477307"}],"version-history":[{"count":0,"href":"https:\/\/talkpal.ai\/sv\/wp-json\/wp\/v2\/pages\/1477307\/revisions"}],"wp:attachment":[{"href":"https:\/\/talkpal.ai\/sv\/wp-json\/wp\/v2\/media?parent=1477307"}],"curies":[{"name":"wp","href":"https:\/\/api.w.org\/{rel}","templated":true}]}}