{"id":1477280,"date":"2025-11-12T16:31:52","date_gmt":"2025-11-12T16:31:52","guid":{"rendered":"https:\/\/talkpal.ai\/punjabi-grammatik\/"},"modified":"2025-12-30T11:41:16","modified_gmt":"2025-12-30T11:41:16","slug":"punjabi-grammatik","status":"publish","type":"page","link":"https:\/\/talkpal.ai\/sv\/punjabi-grammatik\/","title":{"rendered":"Punjabi Grammatik"},"content":{"rendered":"\r\n\r\n\r\n<section class=\"languageChallengeSection\">\r\n    <div class=\"languageInfoWrapper\">\r\n        \r\n        <h1>Punjabi Grammatik<\/h1>\r\n        <p><a href=\"https:\/\/talkpal.ai\/learn-punjabi\/\">Punjabi<\/a> <a href=\"https:\/\/talkpal.ai\/fr\/les\/\">grammatik<\/a> kan verka utmanande till en b\u00f6rjan, men dess unika egenskaper g\u00f6r det till en givande upplevelse att l\u00e4ra sig spr\u00e5ket. Genom att utforska alfabetet, mutationer och grammatikregler f\u00e5r du en inblick i en rik spr\u00e5klig tradition. B\u00f6rja din resa och uppt\u00e4ck sk\u00f6nheten i <a href=\"https:\/\/talkpal.ai\/learn-punjabi\/\">Punjabi<\/a>!<\/p>\r\n\r\n                            <a class=\"getStartedHidden\" href=\"https:\/\/app.talkpal.ai\/sv\/signup?lng=\">Kom ig\u00e5ng<\/a>\r\n        \r\n    <\/div>\r\n\r\n    <figure>\r\n    <img decoding=\"async\" width=\"768\" height=\"768\" src=\"https:\/\/talkpal.ai\/wp-content\/uploads\/2023\/06\/welsh-768x768.png\" class=\"languageImage no-lazy\" alt=\"Default alt text\" fetchpriority=\"high\" sizes=\"(max-width: 768px) 150px, 768px\" srcset=\"https:\/\/talkpal.ai\/wp-content\/uploads\/2023\/06\/welsh-768x768.png 768w, https:\/\/talkpal.ai\/wp-content\/uploads\/2023\/06\/welsh-300x300.png 300w\" \/>\r\n    \r\n\r\n    <\/figure>\r\n\r\n            <a class=\"getStartedVisible\" href=\"https:\/\/app.talkpal.ai\/sv\/signup?lng=\">Kom ig\u00e5ng<\/a>\r\n    \r\n<\/section><section class=\"promotionalBanner\">\r\n    <p class=\"promotionalText\">Det mest effektiva s\u00e4ttet att l\u00e4ra sig ett spr\u00e5k<\/p>\r\n    <a class=\"promotionalLink\" href=\"https:\/\/app.talkpal.ai\/sv\/signup?lng=\">Prova Talkpal gratis<\/a>\r\n<\/section>\n<div class=\"wp-block-group pageContainerStyle\"><div class=\"wp-block-group__inner-container is-layout-constrained wp-block-group-is-layout-constrained\">\n<h2 class=\"wp-block-heading\" id=\"h-navigating-the-intricacies-of-punjabi-grammar\">Navigera i kr\u00e5ngligheterna i punjabisk grammatik<\/h2>\n\n\n\n<p><a href=\"https:\/\/talkpal.ai\/sv\/lar-dig-punjabi\/\">Punjabi<\/a>, ett indoariskt spr\u00e5k med en rik historia och kulturell betydelse, erbjuder en sp\u00e4nnande spr\u00e5klig upplevelse f\u00f6r dem som \u00e4r ivriga att utforska dess unika grammatiksystem. N\u00e4r du ger dig ut i punjabis rike kommer du inte bara att berika din spr\u00e5kliga repertoar utan ocks\u00e5 omfamna en fascinerande kulturell resa. Grammatiken p\u00e5 punjabi kan verka komplicerad till en b\u00f6rjan, men om man bryter ner den i k\u00e4rnkomponenter blir det l\u00e4ttare att l\u00e4ra sig spr\u00e5ket. I <a href=\"https:\/\/talkpal.ai\/culture\/how-do-i-use-den-har-and-det-har\/\">den h\u00e4r<\/a> artikeln kommer vi att utforska den f\u00e4ngslande v\u00e4rlden av <a href=\"https:\/\/talkpal.ai\/punjabi-grammar\/\">punjabi-grammatik<\/a> och ge tips om hur man bem\u00e4strar dess komplexitet.<\/p>\n\n\n\n<h3 class=\"wp-block-heading\" id=\"h-1-punjabi-alphabet-and-phonetics\">1. Punjabi alfabetet och fonetik<\/h3>\n\n\n\n<p>Det punjabiska skriftsystemet anv\u00e4nder fr\u00e4mst gurmukhi-skriften, som inkluderar oberoende vokaler, konsonanter, vokaltecken som kallas matras, nasaliseringsm\u00e4rken som bind\u012b och \u1e6dipp\u012b, och addhak som indikerar konsonantf\u00f6rdubbling. Punjabi skrivs ocks\u00e5 med Shahmukhi-skriften i Pakistan. F\u00f6r att l\u00e4ra sig punjabi grammatik \u00e4r det viktigt att bli bekant med gurmukhi genom att \u00f6va p\u00e5 att l\u00e4sa och skriva p\u00e5 punjabi.<\/p>\n\n\n\n<h3 class=\"wp-block-heading\" id=\"h-2-tones-a-distinctive-punjabi-feature\">2. Toner: En distinkt Punjabi-funktion<\/h3>\n\n\n\n<p>En av de mest sl\u00e5ende aspekterna av punjabi \u00e4r dess anv\u00e4ndning av ton, som kan \u00e4ndra ordens betydelse. Punjabi beskrivs vanligtvis som att ha tre toner, och de \u00e4r ofta relaterade till historiska ljudf\u00f6r\u00e4ndringar som inte \u00e4r direkt markerade i modern stavning. Att f\u00f6rst\u00e5 hur tonen fungerar och \u00f6va p\u00e5 korrekt uttal \u00e4r avg\u00f6rande f\u00f6r en tydlig och korrekt kommunikation p\u00e5 punjabi.<\/p>\n\n\n\n<h3 class=\"wp-block-heading\" id=\"h-3-nouns-and-pronouns-gender-and-cases\">3. Substantiv och pronomen: genus och kasus<\/h3>\n\n\n\n<p>Punjabi-substantiv har grammatiskt genus, maskulinum eller femininum, och plural f\u00f6ljer m\u00f6nster som varierar beroende p\u00e5 substantivtyp. M\u00e5nga maskulina substantiv bildar plural i -e och m\u00e5nga feminina substantiv i -\u0101\u1e41, \u00e4ven om <a href=\"https:\/\/talkpal.ai\/culture\/how-do-i-use-det-finns-correctly\/\">det finns<\/a> oregelbundenheter. Punjabi anv\u00e4nder ett snett kasus f\u00f6re postpositioner, som f\u00f6ljer substantivet eller pronomenet. Pronomen inkluderar personliga, possessiva, reflexiva, demonstrativa och fr\u00e5gande upps\u00e4ttningar, s\u00e5som \u0a2e\u0a48\u0a02, \u0a24\u0a42\u0a70, \u0a09\u0a39, \u0a2e\u0a47\u0a30\u0a3e, \u0a06\u0a2a\u0a23\u0a3e, \u0a07\u0a39, \u0a09\u0a39, \u0a15\u0a4c\u0a23 och \u0a15\u0a40. Att bli bekant med dessa pronomen och deras former kommer avsev\u00e4rt att f\u00f6rb\u00e4ttra ditt grepp om Punjabi grammatik.<\/p>\n\n\n\n<h3 class=\"wp-block-heading\" id=\"h-4-verbs-structure-and-conjugation\">4. Verb: Struktur och konjugation<\/h3>\n\n\n\n<p>Punjabi-verb visar aspekt och \u00f6verensst\u00e4mmelse och anv\u00e4nder vanligtvis particip i kombination med hj\u00e4lpverbet \u0a39\u0a4b\u0a23\u0a3e f\u00f6r att uttrycka tempus och modus. Grundl\u00e4ggande skillnader inkluderar nuvarande vanem\u00e4ssiga, tidigare perfektiva och framtida, tillsammans med villkorliga och imperativa st\u00e4mningar. \u00d6verensst\u00e4mmelse beror ofta p\u00e5 k\u00f6n och numerus, och i m\u00e5nga perfektiva transitiva satser markerar punjabi subjektet med \u0a28\u0a47 medan verbet \u00f6verensst\u00e4mmer med objektet. Att l\u00e4ra sig de viktigaste b\u00f6jningsm\u00f6nstren och hj\u00e4lpverben kommer att f\u00f6rb\u00e4ttra din f\u00f6rm\u00e5ga att kommunicera effektivt p\u00e5 punjabi.<\/p>\n\n\n\n<h3 class=\"wp-block-heading\" id=\"h-5-adjectives-agreement-and-placement\">5. Adjektiv: \u00d6verenskommelse och placering<\/h3>\n\n\n\n<p>I punjabis grammatik kommer adjektiv vanligtvis f\u00f6re substantivet de modifierar och n\u00e4r de markeras \u00f6verensst\u00e4mmer de i genus och numerus med substantivet. M\u00e5nga adjektiv \u00e4r of\u00f6r\u00e4nderliga, men vanliga beskrivande adjektiv visar maskulina, feminina och plurala former. Komparativa och superlativa betydelser bildas ofta analytiskt med \u0a39\u0a4b\u0a30 f\u00f6r mer och \u0a38\u0a2d \u0a24\u0a4b\u0a02 f\u00f6r de flesta.<\/p>\n\n\n\n<p><strong>Exempel:<\/strong><\/p>\n\n\n\n<p><strong>\u2013 \u0a35\u0a71\u0a21\u0a3e \u0a2a\u0a3f\u0a06\u0a30 (Big Love)<\/strong><\/p>\n\n\n\n<p><strong>\u2013 \u0a1b\u0a4b\u0a1f\u0a47 \u0a2c\u0a71\u0a1a\u0a47 (sm\u00e5 barn)<\/strong><\/p>\n\n\n\n<h3 class=\"wp-block-heading\" id=\"h-6-engaging-with-the-language\">6. Engagera sig i spr\u00e5ket<\/h3>\n\n\n\n<p>Det mest effektiva s\u00e4ttet att fullt ut f\u00f6rst\u00e5 och internalisera punjabisk grammatik \u00e4r att konsekvent engagera sig i spr\u00e5ket. Genom att l\u00e4sa punjabi-litteratur, titta p\u00e5 punjabi-filmer eller tv-serier, lyssna p\u00e5 musik och poesi och aktivt kommunicera med inf\u00f6dda talare, kommer du att f\u00f6rst\u00e4rka din f\u00f6rst\u00e5else f\u00f6r grammatik samtidigt som du ut\u00f6kar ditt ordf\u00f6rr\u00e5d.<\/p>\n\n\n\n<h3 class=\"wp-block-heading\" id=\"h-conclusion\">Slutsats<\/h3>\n\n\n\n<p>\u00c4ven om punjabi-grammatiken kan verka invecklad kan du bli skicklig i detta vackra spr\u00e5k med engagemang, \u00f6vning och entusiasm. Genom att fokusera p\u00e5 de grundl\u00e4ggande reglerna och engagera dig i spr\u00e5ket i olika sammanhang kommer du snabbt att f\u00f6rb\u00e4ttra dina <a href=\"https:\/\/talkpal.ai\/sv\/grammatik\/\">punjabi-grammatikkunskaper<\/a>. \u0a38\u0a3c\u0a41\u0a2d \u0a15\u0a3e\u0a2e\u0a28\u0a3e\u0a35\u0a3e\u0a02 (lycka till) med din punjabiska spr\u00e5kresa, och njut av att nysta upp den dynamiska och f\u00e4ngslande v\u00e4rlden av punjabi grammatik!<\/p>\n<\/div><\/div>\n\r\n<section class=\"learnNavigationSection\">\r\n            \r\n        <a href=\"https:\/\/talkpal.ai\/sv\/lar-dig-punjabi\/\">\r\n            <div class=\"learnNavigationWrapper\">\r\n                <div class=\"learnNavigationContent\">\r\n                    <img decoding=\"async\" src=\"https:\/\/talkpal.ai\/wp-content\/uploads\/2025\/11\/Punjabi.png\" alt=\"Indian Simplified Flag\">\r\n                    <div>\r\n                        <h4>Om Punjabi Learning<\/h4>\r\n                        <p>Ta reda p\u00e5 allt om punjabisk grammatik.<\/p>\r\n                    <\/div>\r\n                <\/div>\r\n            <\/div>\r\n        <\/a>\r\n\r\n        \r\n        <a href=\"https:\/\/talkpal.ai\/sv\/punjabi-grammatikovningar\/\">\r\n            <div class=\"learnNavigationWrapper\">\r\n                <div class=\"learnNavigationContent\">\r\n                    <img decoding=\"async\" src=\"https:\/\/talkpal.ai\/wp-content\/uploads\/2025\/11\/Punjabi.png\" alt=\"Indian Simplified Flag\">\r\n                    <div>\r\n                        <h4>Punjabi grammatik\u00f6vning<\/h4>\r\n                        <p>\u00d6va punjabi grammatik.<\/p>\r\n                    <\/div>\r\n                <\/div>\r\n            <\/div>\r\n        <\/a>\r\n\r\n            <\/section>","protected":false},"excerpt":{"rendered":"<p>Navigera i kr\u00e5ngligheterna i punjabisk grammatik Punjabi, ett indoariskt spr\u00e5k med en rik historia och kulturell betydelse, erbjuder en sp\u00e4nnande spr\u00e5klig upplevelse f\u00f6r dem som \u00e4r ivriga att utforska dess unika grammatiksystem. N\u00e4r du ger dig ut i punjabis rike kommer du inte bara att berika din spr\u00e5kliga repertoar utan ocks\u00e5 omfamna en fascinerande kulturell [&hellip;]<\/p>\n","protected":false},"author":20,"featured_media":0,"parent":0,"menu_order":0,"comment_status":"closed","ping_status":"closed","template":"LearningContentPage.php","meta":{"_acf_changed":false,"footnotes":""},"class_list":["post-1477280","page","type-page","status-publish","hentry"],"acf":[],"yoast_head":"<!-- This site is optimized with the Yoast SEO Premium plugin v27.2 (Yoast SEO v27.2) - https:\/\/yoast.com\/product\/yoast-seo-premium-wordpress\/ -->\n<title>Punjabi Grammatik - Talkpal<\/title>\n<meta name=\"description\" content=\"L\u00e4r dig grunderna i Punjabis grammatik med v\u00e5r omfattande guide f\u00f6r att f\u00f6rb\u00e4ttra ditt spr\u00e5k idag.\" \/>\n<meta name=\"robots\" content=\"index, follow, max-snippet:-1, max-image-preview:large, max-video-preview:-1\" \/>\n<link rel=\"canonical\" href=\"https:\/\/talkpal.ai\/sv\/punjabi-grammatik\/\" \/>\n<meta property=\"og:locale\" content=\"sv_SE\" \/>\n<meta property=\"og:type\" content=\"article\" \/>\n<meta property=\"og:title\" content=\"Punjabi Grammatik\" \/>\n<meta property=\"og:description\" content=\"Navigera i kr\u00e5ngligheterna i punjabisk grammatik Punjabi, ett indoariskt spr\u00e5k med en rik historia och kulturell betydelse, erbjuder en sp\u00e4nnande spr\u00e5klig\" \/>\n<meta property=\"og:url\" content=\"https:\/\/talkpal.ai\/sv\/punjabi-grammatik\/\" \/>\n<meta property=\"og:site_name\" content=\"Talkpal\" \/>\n<meta property=\"article:publisher\" content=\"https:\/\/www.facebook.com\/profile.php?id=100090733639311\" \/>\n<meta property=\"article:modified_time\" content=\"2025-12-30T11:41:16+00:00\" \/>\n<meta property=\"og:image\" content=\"https:\/\/talkpal.ai\/wp-content\/uploads\/2025\/02\/Progress-tab-16_9.png\" \/>\n\t<meta property=\"og:image:width\" content=\"2880\" \/>\n\t<meta property=\"og:image:height\" content=\"1620\" \/>\n\t<meta property=\"og:image:type\" content=\"image\/png\" \/>\n<meta name=\"twitter:card\" content=\"summary_large_image\" \/>\n<meta name=\"twitter:site\" content=\"@talkpalai\" \/>\n<meta name=\"twitter:label1\" content=\"Ber\u00e4knad l\u00e4stid\" \/>\n\t<meta name=\"twitter:data1\" content=\"3 minuter\" \/>\n<script type=\"application\/ld+json\" class=\"yoast-schema-graph\">{\"@context\":\"https:\/\/schema.org\",\"@graph\":[{\"@type\":\"WebPage\",\"@id\":\"https:\/\/talkpal.ai\/sv\/punjabi-grammatik\/\",\"url\":\"https:\/\/talkpal.ai\/sv\/punjabi-grammatik\/\",\"name\":\"Punjabi Grammatik - Talkpal\",\"isPartOf\":{\"@id\":\"https:\/\/talkpal.ai\/sv\/#website\"},\"datePublished\":\"2025-11-12T16:31:52+00:00\",\"dateModified\":\"2025-12-30T11:41:16+00:00\",\"description\":\"L\u00e4r dig grunderna i Punjabis grammatik med v\u00e5r omfattande guide f\u00f6r att f\u00f6rb\u00e4ttra ditt spr\u00e5k idag.\",\"breadcrumb\":{\"@id\":\"https:\/\/talkpal.ai\/sv\/punjabi-grammatik\/#breadcrumb\"},\"inLanguage\":\"sv-SE\",\"potentialAction\":[{\"@type\":\"ReadAction\",\"target\":[\"https:\/\/talkpal.ai\/sv\/punjabi-grammatik\/\"]}]},{\"@type\":\"BreadcrumbList\",\"@id\":\"https:\/\/talkpal.ai\/sv\/punjabi-grammatik\/#breadcrumb\",\"itemListElement\":[{\"@type\":\"ListItem\",\"position\":1,\"name\":\"Homepage\",\"item\":\"https:\/\/talkpal.ai\/sv\/\"},{\"@type\":\"ListItem\",\"position\":2,\"name\":\"Punjabi Grammatik\"}]},{\"@type\":\"WebSite\",\"@id\":\"https:\/\/talkpal.ai\/sv\/#website\",\"url\":\"https:\/\/talkpal.ai\/sv\/\",\"name\":\"Talkpal\",\"description\":\"AI Language Learning\",\"publisher\":{\"@id\":\"https:\/\/talkpal.ai\/sv\/#organization\"},\"alternateName\":\"Talkpal AI\",\"potentialAction\":[{\"@type\":\"SearchAction\",\"target\":{\"@type\":\"EntryPoint\",\"urlTemplate\":\"https:\/\/talkpal.ai\/sv\/?s={search_term_string}\"},\"query-input\":{\"@type\":\"PropertyValueSpecification\",\"valueRequired\":true,\"valueName\":\"search_term_string\"}}],\"inLanguage\":\"sv-SE\"},{\"@type\":\"Organization\",\"@id\":\"https:\/\/talkpal.ai\/sv\/#organization\",\"name\":\"Talkpal, Inc.\",\"alternateName\":\"Talkpal AI\",\"url\":\"https:\/\/talkpal.ai\/sv\/\",\"logo\":{\"@type\":\"ImageObject\",\"inLanguage\":\"sv-SE\",\"@id\":\"https:\/\/talkpal.ai\/sv\/#\/schema\/logo\/image\/\",\"url\":\"https:\/\/talkpal.ai\/wp-content\/uploads\/2024\/03\/Talkpal-Logo-Icon.png\",\"contentUrl\":\"https:\/\/talkpal.ai\/wp-content\/uploads\/2024\/03\/Talkpal-Logo-Icon.png\",\"width\":2880,\"height\":2880,\"caption\":\"Talkpal, Inc.\"},\"image\":{\"@id\":\"https:\/\/talkpal.ai\/sv\/#\/schema\/logo\/image\/\"},\"sameAs\":[\"https:\/\/www.facebook.com\/profile.php?id=100090733639311\",\"https:\/\/x.com\/talkpalai\",\"https:\/\/www.linkedin.com\/company\/talkpal\/\",\"https:\/\/www.youtube.com\/@TalkPal\/\",\"https:\/\/www.tiktok.com\/@talkpal\",\"https:\/\/www.instagram.com\/talkpal_ai\/\",\"https:\/\/www.crunchbase.com\/organization\/talkpal-9cde\",\"https:\/\/www.g2.com\/products\/talkpal-for-business\/\",\"https:\/\/www.trustpilot.com\/review\/talkpal.ai\",\"https:\/\/www.capterra.com\/p\/10006800\/TalkPal\/\"],\"description\":\"Talkpal is a language learning web and mobile education app, powered by the latest AI technologies, that provides engaging experiences to its customers in many different languages to help them improve their language skills. Users can chat about unlimited amount of topics with the app and use other modes to practice their language learning.\",\"email\":\"support@talkpal.ai\",\"legalName\":\"Talkpal, Inc.\",\"foundingDate\":\"2023-04-03\",\"duns\":\"118989042\",\"numberOfEmployees\":{\"@type\":\"QuantitativeValue\",\"minValue\":\"11\",\"maxValue\":\"50\"},\"publishingPrinciples\":\"https:\/\/talkpal.ai\/publishing-principles\/\",\"actionableFeedbackPolicy\":\"https:\/\/talkpal.ai\/actionable-feedback-policy\/\",\"correctionsPolicy\":\"https:\/\/talkpal.ai\/corrections-policy\/\",\"ethicsPolicy\":\"https:\/\/talkpal.ai\/ethics-policy\/\",\"diversityPolicy\":\"https:\/\/talkpal.ai\/diversity-policy\/\",\"diversityStaffingReport\":\"https:\/\/talkpal.ai\/diversity-policy\/\"}]}<\/script>\n<!-- \/ Yoast SEO Premium plugin. -->","yoast_head_json":{"title":"Punjabi Grammatik - Talkpal","description":"L\u00e4r dig grunderna i Punjabis grammatik med v\u00e5r omfattande guide f\u00f6r att f\u00f6rb\u00e4ttra ditt spr\u00e5k idag.","robots":{"index":"index","follow":"follow","max-snippet":"max-snippet:-1","max-image-preview":"max-image-preview:large","max-video-preview":"max-video-preview:-1"},"canonical":"https:\/\/talkpal.ai\/sv\/punjabi-grammatik\/","og_locale":"sv_SE","og_type":"article","og_title":"Punjabi Grammatik","og_description":"Navigera i kr\u00e5ngligheterna i punjabisk grammatik Punjabi, ett indoariskt spr\u00e5k med en rik historia och kulturell betydelse, erbjuder en sp\u00e4nnande spr\u00e5klig","og_url":"https:\/\/talkpal.ai\/sv\/punjabi-grammatik\/","og_site_name":"Talkpal","article_publisher":"https:\/\/www.facebook.com\/profile.php?id=100090733639311","article_modified_time":"2025-12-30T11:41:16+00:00","og_image":[{"width":2880,"height":1620,"url":"https:\/\/talkpal.ai\/wp-content\/uploads\/2025\/02\/Progress-tab-16_9.png","type":"image\/png"}],"twitter_card":"summary_large_image","twitter_site":"@talkpalai","twitter_misc":{"Ber\u00e4knad l\u00e4stid":"3 minuter"},"schema":{"@context":"https:\/\/schema.org","@graph":[{"@type":"WebPage","@id":"https:\/\/talkpal.ai\/sv\/punjabi-grammatik\/","url":"https:\/\/talkpal.ai\/sv\/punjabi-grammatik\/","name":"Punjabi Grammatik - Talkpal","isPartOf":{"@id":"https:\/\/talkpal.ai\/sv\/#website"},"datePublished":"2025-11-12T16:31:52+00:00","dateModified":"2025-12-30T11:41:16+00:00","description":"L\u00e4r dig grunderna i Punjabis grammatik med v\u00e5r omfattande guide f\u00f6r att f\u00f6rb\u00e4ttra ditt spr\u00e5k idag.","breadcrumb":{"@id":"https:\/\/talkpal.ai\/sv\/punjabi-grammatik\/#breadcrumb"},"inLanguage":"sv-SE","potentialAction":[{"@type":"ReadAction","target":["https:\/\/talkpal.ai\/sv\/punjabi-grammatik\/"]}]},{"@type":"BreadcrumbList","@id":"https:\/\/talkpal.ai\/sv\/punjabi-grammatik\/#breadcrumb","itemListElement":[{"@type":"ListItem","position":1,"name":"Homepage","item":"https:\/\/talkpal.ai\/sv\/"},{"@type":"ListItem","position":2,"name":"Punjabi Grammatik"}]},{"@type":"WebSite","@id":"https:\/\/talkpal.ai\/sv\/#website","url":"https:\/\/talkpal.ai\/sv\/","name":"Talkpal","description":"AI Language Learning","publisher":{"@id":"https:\/\/talkpal.ai\/sv\/#organization"},"alternateName":"Talkpal AI","potentialAction":[{"@type":"SearchAction","target":{"@type":"EntryPoint","urlTemplate":"https:\/\/talkpal.ai\/sv\/?s={search_term_string}"},"query-input":{"@type":"PropertyValueSpecification","valueRequired":true,"valueName":"search_term_string"}}],"inLanguage":"sv-SE"},{"@type":"Organization","@id":"https:\/\/talkpal.ai\/sv\/#organization","name":"Talkpal, Inc.","alternateName":"Talkpal AI","url":"https:\/\/talkpal.ai\/sv\/","logo":{"@type":"ImageObject","inLanguage":"sv-SE","@id":"https:\/\/talkpal.ai\/sv\/#\/schema\/logo\/image\/","url":"https:\/\/talkpal.ai\/wp-content\/uploads\/2024\/03\/Talkpal-Logo-Icon.png","contentUrl":"https:\/\/talkpal.ai\/wp-content\/uploads\/2024\/03\/Talkpal-Logo-Icon.png","width":2880,"height":2880,"caption":"Talkpal, Inc."},"image":{"@id":"https:\/\/talkpal.ai\/sv\/#\/schema\/logo\/image\/"},"sameAs":["https:\/\/www.facebook.com\/profile.php?id=100090733639311","https:\/\/x.com\/talkpalai","https:\/\/www.linkedin.com\/company\/talkpal\/","https:\/\/www.youtube.com\/@TalkPal\/","https:\/\/www.tiktok.com\/@talkpal","https:\/\/www.instagram.com\/talkpal_ai\/","https:\/\/www.crunchbase.com\/organization\/talkpal-9cde","https:\/\/www.g2.com\/products\/talkpal-for-business\/","https:\/\/www.trustpilot.com\/review\/talkpal.ai","https:\/\/www.capterra.com\/p\/10006800\/TalkPal\/"],"description":"Talkpal is a language learning web and mobile education app, powered by the latest AI technologies, that provides engaging experiences to its customers in many different languages to help them improve their language skills. Users can chat about unlimited amount of topics with the app and use other modes to practice their language learning.","email":"support@talkpal.ai","legalName":"Talkpal, Inc.","foundingDate":"2023-04-03","duns":"118989042","numberOfEmployees":{"@type":"QuantitativeValue","minValue":"11","maxValue":"50"},"publishingPrinciples":"https:\/\/talkpal.ai\/publishing-principles\/","actionableFeedbackPolicy":"https:\/\/talkpal.ai\/actionable-feedback-policy\/","correctionsPolicy":"https:\/\/talkpal.ai\/corrections-policy\/","ethicsPolicy":"https:\/\/talkpal.ai\/ethics-policy\/","diversityPolicy":"https:\/\/talkpal.ai\/diversity-policy\/","diversityStaffingReport":"https:\/\/talkpal.ai\/diversity-policy\/"}]}},"_links":{"self":[{"href":"https:\/\/talkpal.ai\/sv\/wp-json\/wp\/v2\/pages\/1477280","targetHints":{"allow":["GET"]}}],"collection":[{"href":"https:\/\/talkpal.ai\/sv\/wp-json\/wp\/v2\/pages"}],"about":[{"href":"https:\/\/talkpal.ai\/sv\/wp-json\/wp\/v2\/types\/page"}],"author":[{"embeddable":true,"href":"https:\/\/talkpal.ai\/sv\/wp-json\/wp\/v2\/users\/20"}],"replies":[{"embeddable":true,"href":"https:\/\/talkpal.ai\/sv\/wp-json\/wp\/v2\/comments?post=1477280"}],"version-history":[{"count":0,"href":"https:\/\/talkpal.ai\/sv\/wp-json\/wp\/v2\/pages\/1477280\/revisions"}],"wp:attachment":[{"href":"https:\/\/talkpal.ai\/sv\/wp-json\/wp\/v2\/media?parent=1477280"}],"curies":[{"name":"wp","href":"https:\/\/api.w.org\/{rel}","templated":true}]}}