{"id":1477257,"date":"2025-11-12T17:00:53","date_gmt":"2025-11-12T17:00:53","guid":{"rendered":"https:\/\/talkpal.ai\/somaliska-grammatikovningar\/"},"modified":"2025-12-30T11:13:56","modified_gmt":"2025-12-30T11:13:56","slug":"somaliska-grammatikovningar","status":"publish","type":"page","link":"https:\/\/talkpal.ai\/sv\/somaliska-grammatikovningar\/","title":{"rendered":"Somaliska grammatik\u00f6vningar"},"content":{"rendered":"\r\n\r\n\r\n<section class=\"languageChallengeSection\">\r\n    <div class=\"languageInfoWrapper\">\r\n        \r\n        <h1>Somaliska grammatik\u00f6vningar<\/h1>\r\n        <p>\u00c4r du redo att dyka ner i somalisk <a href=\"https:\/\/talkpal.ai\/fr\/les\/\">grammatik<\/a>? Genom att \u00f6va p\u00e5 n\u00e5gra grunder kan du bli bekv\u00e4m med detta unika och vackra spr\u00e5k. Prova dessa \u00f6vningar f\u00f6r att bygga upp ditt sj\u00e4lvf\u00f6rtroende och ha lite kul p\u00e5 v\u00e4gen!<\/p>\r\n\r\n                            <a class=\"getStartedHidden\" href=\"https:\/\/app.talkpal.ai\/sv\/signup?lng=\">Kom ig\u00e5ng<\/a>\r\n        \r\n    <\/div>\r\n\r\n    <figure>\r\n    <img decoding=\"async\" width=\"768\" height=\"768\" src=\"https:\/\/talkpal.ai\/wp-content\/uploads\/2023\/06\/welsh-768x768.png\" class=\"languageImage no-lazy\" alt=\"Default alt text\" fetchpriority=\"high\" sizes=\"(max-width: 768px) 150px, 768px\" srcset=\"https:\/\/talkpal.ai\/wp-content\/uploads\/2023\/06\/welsh-768x768.png 768w, https:\/\/talkpal.ai\/wp-content\/uploads\/2023\/06\/welsh-300x300.png 300w\" \/>\r\n    \r\n\r\n    <\/figure>\r\n\r\n            <a class=\"getStartedVisible\" href=\"https:\/\/app.talkpal.ai\/sv\/signup?lng=\">Kom ig\u00e5ng<\/a>\r\n    \r\n<\/section><section class=\"promotionalBanner\">\r\n    <p class=\"promotionalText\">Det mest effektiva s\u00e4ttet att l\u00e4ra sig ett spr\u00e5k<\/p>\r\n    <a class=\"promotionalLink\" href=\"https:\/\/app.talkpal.ai\/sv\/signup?lng=\">Prova Talkpal gratis<\/a>\r\n<\/section>\n<div class=\"wp-block-group pageContainerStyle\"><div class=\"wp-block-group__inner-container is-layout-constrained wp-block-group-is-layout-constrained\">\n<h2 class=\"wp-block-heading\" id=\"h-somali-grammar-topics\">Somaliska grammatik \u00e4mnen<\/h2>\n\n\n\n<p><a href=\"https:\/\/talkpal.ai\/sv\/de-storsta-misstagen-att-undvika-nar-man-lar-sig-ett-nytt-sprak\/\">Att l\u00e4ra sig ett nytt spr\u00e5k<\/a> kan vara en utmanande men givande str\u00e4van. <a href=\"https:\/\/talkpal.ai\/learn-somali\/\">Somaliska<\/a>, ett kushitiskt spr\u00e5k som <a href=\"https:\/\/talkpal.ai\/locations\/language-courses-in-talas\/\">talas<\/a> fr\u00e4mst i Somalia och p\u00e5 Afrikas horn och i diasporan, \u00e4r inget undantag. <a href=\"https:\/\/talkpal.ai\/sv\/talkpal-for-utbildning\/\">Att l\u00e4ra sig<\/a> somaliska kr\u00e4ver med sina unika egenskaper och strukturer ett systematiskt tillv\u00e4gag\u00e5ngss\u00e4tt f\u00f6r att f\u00f6rst\u00e5 grammatiken. <a href=\"https:\/\/talkpal.ai\/culture\/how-do-i-use-den-har-and-det-har\/\">Den h\u00e4r<\/a> guiden beskriver de viktigaste omr\u00e5dena i<a href=\"https:\/\/talkpal.ai\/sv\/somalisk-grammatik\/\"> somalisk grammatik<\/a> i en logisk sekvens f\u00f6r <a href=\"https:\/\/talkpal.ai\/sv\/talkpal-for-utbildning\/\">spr\u00e5kinl\u00e4rning<\/a>, med b\u00f6rjan fr\u00e5n grunderna som substantiv och artiklar, och g\u00e5r vidare till mer komplexa omr\u00e5den som tempus och meningsbyggnad.<\/p>\n\n\n\n<h3 class=\"wp-block-heading\" id=\"h-1-nouns\">1. Substantiv:<\/h3>\n\n\n\n<p>B\u00f6rja din somaliska spr\u00e5kresa genom att l\u00e4ra dig substantiven. Detta inkluderar att f\u00f6rst\u00e5 de olika kategorierna av substantiv, s\u00e5som vanliga och egennamn, deras grammatiska genus och deras pluralformer med vanliga suffix och oregelbundna m\u00f6nster.<\/p>\n\n\n\n<h3 class=\"wp-block-heading\" id=\"h-2-articles\">2. Artiklar:<\/h3>\n\n\n\n<p>Artiklar p\u00e5 somaliska anv\u00e4nds p\u00e5 ett annat s\u00e4tt \u00e4n p\u00e5 <a href=\"https:\/\/talkpal.ai\/ai-english-speaking-practice\/\">engelska<\/a>. Somaliska anv\u00e4nder ett suffix best\u00e4md artikel, vanligtvis -ka eller -ta och -ga eller -da, som bifogas det sista ordet i en substantivfras, medan obest\u00e4mdhet vanligtvis uttrycks av det nakna substantivet eller ord som mid eller hal.<\/p>\n\n\n\n<h3 class=\"wp-block-heading\" id=\"h-3-adjectives\">3. Adjektiv:<\/h3>\n\n\n\n<p>Adjektiv p\u00e5 somaliska kommer efter sina substantiv, vilket skiljer sig fr\u00e5n <a href=\"https:\/\/talkpal.ai\/learn-english-with-ai\/\">engelska<\/a>. De \u00f6verensst\u00e4mmer i genus och numerus och b\u00e4r ofta det best\u00e4mda suffixet n\u00e4r substantivfrasen \u00e4r best\u00e4md; L\u00e4r dig hur du bildar komparativ och superlativ med ka &#8230; Badan och Ugu &#8230; Badan.<\/p>\n\n\n\n<h3 class=\"wp-block-heading\" id=\"h-4-pronouns-determiners\">4. Pronomen\/best\u00e4mningsfaktorer:<\/h3>\n\n\n\n<p>Pronomen och best\u00e4mningar \u00e4r viktiga p\u00e5 somaliska; De ers\u00e4tter substantiv och ger information om kvantitet, besittning med mera. L\u00e4r dig sj\u00e4lvst\u00e4ndiga pronomen, demonstrativa som kan, tan, kuwaas, kvantifierare som qaar och badan, och possessiva \u00e4ndelser som -kayga och -tayda kopplade till best\u00e4mda substantiv.<\/p>\n\n\n\n<h3 class=\"wp-block-heading\" id=\"h-5-verbs\">5. Verb:<\/h3>\n\n\n\n<p>Somaliska verb har olika former beroende p\u00e5 tempus, aspekt och modus. B\u00f6rja med nutida former som den vanem\u00e4ssiga -aa och den progressiva -ayaa, utforska sedan tidigare former och s\u00e4tt att uttrycka framtiden, tillsammans med vanliga subjektsmark\u00f6rer och <a href=\"https:\/\/talkpal.ai\/zh-hans\/grammar_exercises\/negazione-%e6%84%8f%e5%a4%a7%e5%88%a9%e8%af%ad%e6%b3%95%e7%bb%83%e4%b9%a0\/\">negation<\/a> med ma.<\/p>\n\n\n\n<h3 class=\"wp-block-heading\" id=\"h-6-tenses\">6. Tempus:<\/h3>\n\n\n\n<p>Efter att ha beh\u00e4rskat verbformerna, f\u00f6rdjupa dig i somaliska tempus och aspekter. Detta inkluderar att f\u00f6rst\u00e5 den nuvarande vanem\u00e4ssiga, nuvarande progressiva, f\u00f6rflutna enkla, f\u00f6rflutna progressiva och s\u00e4tt att uttrycka framtida tid med doon och tidsadverb, s\u00e5v\u00e4l som rollerna f\u00f6r partiklar som waa, baa och ayaa.<\/p>\n\n\n\n<h3 class=\"wp-block-heading\" id=\"h-7-tense-comparison\">7. Sp\u00e4nd j\u00e4mf\u00f6relse:<\/h3>\n\n\n\n<p>Att j\u00e4mf\u00f6ra tempus p\u00e5 somaliska hj\u00e4lper <a href=\"https:\/\/talkpal.ai\/locations\/language-courses-in-oss\/\">oss<\/a> att f\u00f6rst\u00e5 h\u00e4ndelsef\u00f6rloppet. Att j\u00e4mf\u00f6ra samma verb mellan vanem\u00e4ssiga, progressiva, tidigare och framtida former kommer att ge en b\u00e4ttre f\u00f6rst\u00e5else f\u00f6r hur suffix och partiklar \u00e4ndrar betydelse i sammanhanget.<\/p>\n\n\n\n<h3 class=\"wp-block-heading\" id=\"h-8-progressive\">8. Progressiv:<\/h3>\n\n\n\n<p>Progressiv tempus i somaliska anv\u00e4nds f\u00f6r att uttrycka p\u00e5g\u00e5ende handlingar. Det \u00e4r bildat med verbstammen plus -ayaa och l\u00e4mpliga subjektsmark\u00f6rer, till exempel waan akhriyayaa f\u00f6r jag l\u00e4ser.<\/p>\n\n\n\n<h3 class=\"wp-block-heading\" id=\"h-9-perfect-progressive\">9. Perfekt progressiv:<\/h3>\n\n\n\n<p>Detta tempus anv\u00e4nds f\u00f6r att uttrycka handlingar som har p\u00e5g\u00e5tt fram till en viss punkt. P\u00e5 somaliska uttrycks det vanligtvis med det f\u00f6rflutna progressivt -ayay tillsammans med tidsuttryck som tan <a href=\"https:\/\/talkpal.ai\/locations\/language-courses-in-iyo\/\">iyo<\/a> och ilaa eller med konstruktioner som ku jiray plus ett verbalt substantiv.<\/p>\n\n\n\n<h3 class=\"wp-block-heading\" id=\"h-10-conditionals\">10. Villkor:<\/h3>\n\n\n\n<p>Konditionaler uttrycker hypotetiska situationer och deras m\u00f6jliga utfall. De anv\u00e4nder vanligen <a href=\"https:\/\/talkpal.ai\/ko\/grammar_exercises\/konjunktionen-%eb%8f%85%ec%9d%bc-%eb%ac%b8%eb%b2%95-%ec%9a%b4%eb%8f%99\/\">konjunktionen<\/a> haddii med konjunktiv verbform, och negation f\u00f6rekommer med former som uusan eller aadan beroende p\u00e5 vad som \u00e4r l\u00e4mpligt.<\/p>\n\n\n\n<h3 class=\"wp-block-heading\" id=\"h-11-adverbs\">11. Adverb:<\/h3>\n\n\n\n<p>Adverb p\u00e5 somaliska modifierar verb, adjektiv eller andra adverb. De ger information om s\u00e4tt, plats, tid, grad med mera, ofta bildade med si f\u00f6r s\u00e4tt och inklusive vanliga f\u00f6rem\u00e5l som hadda, berri, halkaa och aad.<\/p>\n\n\n\n<h3 class=\"wp-block-heading\" id=\"h-12-prepositions\">12. Prepositioner:<\/h3>\n\n\n\n<p>Prepositioner l\u00e4nkar samman ord och fraser. Somaliska anv\u00e4nder objekt som ku in or at, ka from, u to or for, la with och dhex between, som kombineras med pronominalsuffix som igu, kaa och ugu.<\/p>\n\n\n\n<h3 class=\"wp-block-heading\" id=\"h-13-sentences\">13. Meningar:<\/h3>\n\n\n\n<p>Slutligen, \u00f6va p\u00e5 att konstruera meningar. Detta kommer att inneb\u00e4ra att man anv\u00e4nder alla tidigare inl\u00e4rda grammatiska punkter i sitt sammanhang, och noterar att somaliska tenderar mot verbfinalordning och anv\u00e4nder fokus- och \u00e4mnesmark\u00f6rer som waa, baa och ayaa, med negation markerad med ma.<\/p>\n<\/div><\/div>\n\r\n<section class=\"learnNavigationSection\">\r\n            \r\n        <a href=\"https:\/\/talkpal.ai\/sv\/lar-dig-somaliska\/\">\r\n            <div class=\"learnNavigationWrapper\">\r\n                <div class=\"learnNavigationContent\">\r\n                    <img decoding=\"async\" src=\"https:\/\/talkpal.ai\/wp-content\/uploads\/2025\/11\/Somali.png\" alt=\"Somalian Flag\">\r\n                    <div>\r\n                        <h4>Om somalisk inl\u00e4rning<\/h4>\r\n                        <p>L\u00e4r dig allt om somalisk grammatik.<\/p>\r\n                    <\/div>\r\n                <\/div>\r\n            <\/div>\r\n        <\/a>\r\n\r\n        \r\n        <a href=\"https:\/\/talkpal.ai\/sv\/somalisk-grammatik\/\">\r\n            <div class=\"learnNavigationWrapper\">\r\n                <div class=\"learnNavigationContent\">\r\n                    <img decoding=\"async\" src=\"https:\/\/talkpal.ai\/wp-content\/uploads\/2025\/11\/Somali.png\" alt=\"Somalian Flag\">\r\n                    <div>\r\n                        <h4>Somaliska grammatiklektioner<\/h4>\r\n                        <p>\u00d6va somalisk grammatik.<\/p>\r\n                    <\/div>\r\n                <\/div>\r\n            <\/div>\r\n        <\/a>\r\n\r\n            <\/section>","protected":false},"excerpt":{"rendered":"<p>Somaliska grammatik \u00e4mnen Att l\u00e4ra sig ett nytt spr\u00e5k kan vara en utmanande men givande str\u00e4van. Somaliska, ett kushitiskt spr\u00e5k som talas fr\u00e4mst i Somalia och p\u00e5 Afrikas horn och i diasporan, \u00e4r inget undantag. Att l\u00e4ra sig somaliska kr\u00e4ver med sina unika egenskaper och strukturer ett systematiskt tillv\u00e4gag\u00e5ngss\u00e4tt f\u00f6r att f\u00f6rst\u00e5 grammatiken. Den h\u00e4r [&hellip;]<\/p>\n","protected":false},"author":20,"featured_media":0,"parent":0,"menu_order":0,"comment_status":"closed","ping_status":"closed","template":"LearningContentPage.php","meta":{"_acf_changed":false,"footnotes":""},"class_list":["post-1477257","page","type-page","status-publish","hentry"],"acf":[],"yoast_head":"<!-- This site is optimized with the Yoast SEO Premium plugin v27.2 (Yoast SEO v27.2) - https:\/\/yoast.com\/product\/yoast-seo-premium-wordpress\/ -->\n<title>Somaliska grammatik\u00f6vningar - Talkpal<\/title>\n<meta name=\"description\" content=\"Beh\u00e4rska somalisk grammatik med v\u00e5ra omfattande \u00f6vningar som t\u00e4cker substantiv, verb och tempus f\u00f6r effektiv spr\u00e5kinl\u00e4rning.\" \/>\n<meta name=\"robots\" content=\"index, follow, max-snippet:-1, max-image-preview:large, max-video-preview:-1\" \/>\n<link rel=\"canonical\" href=\"https:\/\/talkpal.ai\/sv\/somaliska-grammatikovningar\/\" \/>\n<meta property=\"og:locale\" content=\"sv_SE\" \/>\n<meta property=\"og:type\" content=\"article\" \/>\n<meta property=\"og:title\" content=\"Somaliska grammatik\u00f6vningar\" \/>\n<meta property=\"og:description\" content=\"Somaliska grammatik \u00e4mnen Att l\u00e4ra sig ett nytt spr\u00e5k kan vara en utmanande men givande str\u00e4van. Somaliska, ett kushitiskt spr\u00e5k som talas fr\u00e4mst i\" \/>\n<meta property=\"og:url\" content=\"https:\/\/talkpal.ai\/sv\/somaliska-grammatikovningar\/\" \/>\n<meta property=\"og:site_name\" content=\"Talkpal\" \/>\n<meta property=\"article:publisher\" content=\"https:\/\/www.facebook.com\/profile.php?id=100090733639311\" \/>\n<meta property=\"article:modified_time\" content=\"2025-12-30T11:13:56+00:00\" \/>\n<meta property=\"og:image\" content=\"https:\/\/talkpal.ai\/wp-content\/uploads\/2025\/02\/Progress-tab-16_9.png\" \/>\n\t<meta property=\"og:image:width\" content=\"2880\" \/>\n\t<meta property=\"og:image:height\" content=\"1620\" \/>\n\t<meta property=\"og:image:type\" content=\"image\/png\" \/>\n<meta name=\"twitter:card\" content=\"summary_large_image\" \/>\n<meta name=\"twitter:site\" content=\"@talkpalai\" \/>\n<meta name=\"twitter:label1\" content=\"Ber\u00e4knad l\u00e4stid\" \/>\n\t<meta name=\"twitter:data1\" content=\"4 minuter\" \/>\n<script type=\"application\/ld+json\" class=\"yoast-schema-graph\">{\"@context\":\"https:\/\/schema.org\",\"@graph\":[{\"@type\":\"WebPage\",\"@id\":\"https:\/\/talkpal.ai\/sv\/somaliska-grammatikovningar\/\",\"url\":\"https:\/\/talkpal.ai\/sv\/somaliska-grammatikovningar\/\",\"name\":\"Somaliska grammatik\u00f6vningar - Talkpal\",\"isPartOf\":{\"@id\":\"https:\/\/talkpal.ai\/sv\/#website\"},\"datePublished\":\"2025-11-12T17:00:53+00:00\",\"dateModified\":\"2025-12-30T11:13:56+00:00\",\"description\":\"Beh\u00e4rska somalisk grammatik med v\u00e5ra omfattande \u00f6vningar som t\u00e4cker substantiv, verb och tempus f\u00f6r effektiv spr\u00e5kinl\u00e4rning.\",\"breadcrumb\":{\"@id\":\"https:\/\/talkpal.ai\/sv\/somaliska-grammatikovningar\/#breadcrumb\"},\"inLanguage\":\"sv-SE\",\"potentialAction\":[{\"@type\":\"ReadAction\",\"target\":[\"https:\/\/talkpal.ai\/sv\/somaliska-grammatikovningar\/\"]}]},{\"@type\":\"BreadcrumbList\",\"@id\":\"https:\/\/talkpal.ai\/sv\/somaliska-grammatikovningar\/#breadcrumb\",\"itemListElement\":[{\"@type\":\"ListItem\",\"position\":1,\"name\":\"Homepage\",\"item\":\"https:\/\/talkpal.ai\/sv\/\"},{\"@type\":\"ListItem\",\"position\":2,\"name\":\"Somaliska grammatik\u00f6vningar\"}]},{\"@type\":\"WebSite\",\"@id\":\"https:\/\/talkpal.ai\/sv\/#website\",\"url\":\"https:\/\/talkpal.ai\/sv\/\",\"name\":\"Talkpal\",\"description\":\"AI Language Learning\",\"publisher\":{\"@id\":\"https:\/\/talkpal.ai\/sv\/#organization\"},\"alternateName\":\"Talkpal AI\",\"potentialAction\":[{\"@type\":\"SearchAction\",\"target\":{\"@type\":\"EntryPoint\",\"urlTemplate\":\"https:\/\/talkpal.ai\/sv\/?s={search_term_string}\"},\"query-input\":{\"@type\":\"PropertyValueSpecification\",\"valueRequired\":true,\"valueName\":\"search_term_string\"}}],\"inLanguage\":\"sv-SE\"},{\"@type\":\"Organization\",\"@id\":\"https:\/\/talkpal.ai\/sv\/#organization\",\"name\":\"Talkpal, Inc.\",\"alternateName\":\"Talkpal AI\",\"url\":\"https:\/\/talkpal.ai\/sv\/\",\"logo\":{\"@type\":\"ImageObject\",\"inLanguage\":\"sv-SE\",\"@id\":\"https:\/\/talkpal.ai\/sv\/#\/schema\/logo\/image\/\",\"url\":\"https:\/\/talkpal.ai\/wp-content\/uploads\/2024\/03\/Talkpal-Logo-Icon.png\",\"contentUrl\":\"https:\/\/talkpal.ai\/wp-content\/uploads\/2024\/03\/Talkpal-Logo-Icon.png\",\"width\":2880,\"height\":2880,\"caption\":\"Talkpal, Inc.\"},\"image\":{\"@id\":\"https:\/\/talkpal.ai\/sv\/#\/schema\/logo\/image\/\"},\"sameAs\":[\"https:\/\/www.facebook.com\/profile.php?id=100090733639311\",\"https:\/\/x.com\/talkpalai\",\"https:\/\/www.linkedin.com\/company\/talkpal\/\",\"https:\/\/www.youtube.com\/@TalkPal\/\",\"https:\/\/www.tiktok.com\/@talkpal\",\"https:\/\/www.instagram.com\/talkpal_ai\/\",\"https:\/\/www.crunchbase.com\/organization\/talkpal-9cde\",\"https:\/\/www.g2.com\/products\/talkpal-for-business\/\",\"https:\/\/www.trustpilot.com\/review\/talkpal.ai\",\"https:\/\/www.capterra.com\/p\/10006800\/TalkPal\/\"],\"description\":\"Talkpal is a language learning web and mobile education app, powered by the latest AI technologies, that provides engaging experiences to its customers in many different languages to help them improve their language skills. Users can chat about unlimited amount of topics with the app and use other modes to practice their language learning.\",\"email\":\"support@talkpal.ai\",\"legalName\":\"Talkpal, Inc.\",\"foundingDate\":\"2023-04-03\",\"duns\":\"118989042\",\"numberOfEmployees\":{\"@type\":\"QuantitativeValue\",\"minValue\":\"11\",\"maxValue\":\"50\"},\"publishingPrinciples\":\"https:\/\/talkpal.ai\/publishing-principles\/\",\"actionableFeedbackPolicy\":\"https:\/\/talkpal.ai\/actionable-feedback-policy\/\",\"correctionsPolicy\":\"https:\/\/talkpal.ai\/corrections-policy\/\",\"ethicsPolicy\":\"https:\/\/talkpal.ai\/ethics-policy\/\",\"diversityPolicy\":\"https:\/\/talkpal.ai\/diversity-policy\/\",\"diversityStaffingReport\":\"https:\/\/talkpal.ai\/diversity-policy\/\"}]}<\/script>\n<!-- \/ Yoast SEO Premium plugin. -->","yoast_head_json":{"title":"Somaliska grammatik\u00f6vningar - Talkpal","description":"Beh\u00e4rska somalisk grammatik med v\u00e5ra omfattande \u00f6vningar som t\u00e4cker substantiv, verb och tempus f\u00f6r effektiv spr\u00e5kinl\u00e4rning.","robots":{"index":"index","follow":"follow","max-snippet":"max-snippet:-1","max-image-preview":"max-image-preview:large","max-video-preview":"max-video-preview:-1"},"canonical":"https:\/\/talkpal.ai\/sv\/somaliska-grammatikovningar\/","og_locale":"sv_SE","og_type":"article","og_title":"Somaliska grammatik\u00f6vningar","og_description":"Somaliska grammatik \u00e4mnen Att l\u00e4ra sig ett nytt spr\u00e5k kan vara en utmanande men givande str\u00e4van. Somaliska, ett kushitiskt spr\u00e5k som talas fr\u00e4mst i","og_url":"https:\/\/talkpal.ai\/sv\/somaliska-grammatikovningar\/","og_site_name":"Talkpal","article_publisher":"https:\/\/www.facebook.com\/profile.php?id=100090733639311","article_modified_time":"2025-12-30T11:13:56+00:00","og_image":[{"width":2880,"height":1620,"url":"https:\/\/talkpal.ai\/wp-content\/uploads\/2025\/02\/Progress-tab-16_9.png","type":"image\/png"}],"twitter_card":"summary_large_image","twitter_site":"@talkpalai","twitter_misc":{"Ber\u00e4knad l\u00e4stid":"4 minuter"},"schema":{"@context":"https:\/\/schema.org","@graph":[{"@type":"WebPage","@id":"https:\/\/talkpal.ai\/sv\/somaliska-grammatikovningar\/","url":"https:\/\/talkpal.ai\/sv\/somaliska-grammatikovningar\/","name":"Somaliska grammatik\u00f6vningar - Talkpal","isPartOf":{"@id":"https:\/\/talkpal.ai\/sv\/#website"},"datePublished":"2025-11-12T17:00:53+00:00","dateModified":"2025-12-30T11:13:56+00:00","description":"Beh\u00e4rska somalisk grammatik med v\u00e5ra omfattande \u00f6vningar som t\u00e4cker substantiv, verb och tempus f\u00f6r effektiv spr\u00e5kinl\u00e4rning.","breadcrumb":{"@id":"https:\/\/talkpal.ai\/sv\/somaliska-grammatikovningar\/#breadcrumb"},"inLanguage":"sv-SE","potentialAction":[{"@type":"ReadAction","target":["https:\/\/talkpal.ai\/sv\/somaliska-grammatikovningar\/"]}]},{"@type":"BreadcrumbList","@id":"https:\/\/talkpal.ai\/sv\/somaliska-grammatikovningar\/#breadcrumb","itemListElement":[{"@type":"ListItem","position":1,"name":"Homepage","item":"https:\/\/talkpal.ai\/sv\/"},{"@type":"ListItem","position":2,"name":"Somaliska grammatik\u00f6vningar"}]},{"@type":"WebSite","@id":"https:\/\/talkpal.ai\/sv\/#website","url":"https:\/\/talkpal.ai\/sv\/","name":"Talkpal","description":"AI Language Learning","publisher":{"@id":"https:\/\/talkpal.ai\/sv\/#organization"},"alternateName":"Talkpal AI","potentialAction":[{"@type":"SearchAction","target":{"@type":"EntryPoint","urlTemplate":"https:\/\/talkpal.ai\/sv\/?s={search_term_string}"},"query-input":{"@type":"PropertyValueSpecification","valueRequired":true,"valueName":"search_term_string"}}],"inLanguage":"sv-SE"},{"@type":"Organization","@id":"https:\/\/talkpal.ai\/sv\/#organization","name":"Talkpal, Inc.","alternateName":"Talkpal AI","url":"https:\/\/talkpal.ai\/sv\/","logo":{"@type":"ImageObject","inLanguage":"sv-SE","@id":"https:\/\/talkpal.ai\/sv\/#\/schema\/logo\/image\/","url":"https:\/\/talkpal.ai\/wp-content\/uploads\/2024\/03\/Talkpal-Logo-Icon.png","contentUrl":"https:\/\/talkpal.ai\/wp-content\/uploads\/2024\/03\/Talkpal-Logo-Icon.png","width":2880,"height":2880,"caption":"Talkpal, Inc."},"image":{"@id":"https:\/\/talkpal.ai\/sv\/#\/schema\/logo\/image\/"},"sameAs":["https:\/\/www.facebook.com\/profile.php?id=100090733639311","https:\/\/x.com\/talkpalai","https:\/\/www.linkedin.com\/company\/talkpal\/","https:\/\/www.youtube.com\/@TalkPal\/","https:\/\/www.tiktok.com\/@talkpal","https:\/\/www.instagram.com\/talkpal_ai\/","https:\/\/www.crunchbase.com\/organization\/talkpal-9cde","https:\/\/www.g2.com\/products\/talkpal-for-business\/","https:\/\/www.trustpilot.com\/review\/talkpal.ai","https:\/\/www.capterra.com\/p\/10006800\/TalkPal\/"],"description":"Talkpal is a language learning web and mobile education app, powered by the latest AI technologies, that provides engaging experiences to its customers in many different languages to help them improve their language skills. Users can chat about unlimited amount of topics with the app and use other modes to practice their language learning.","email":"support@talkpal.ai","legalName":"Talkpal, Inc.","foundingDate":"2023-04-03","duns":"118989042","numberOfEmployees":{"@type":"QuantitativeValue","minValue":"11","maxValue":"50"},"publishingPrinciples":"https:\/\/talkpal.ai\/publishing-principles\/","actionableFeedbackPolicy":"https:\/\/talkpal.ai\/actionable-feedback-policy\/","correctionsPolicy":"https:\/\/talkpal.ai\/corrections-policy\/","ethicsPolicy":"https:\/\/talkpal.ai\/ethics-policy\/","diversityPolicy":"https:\/\/talkpal.ai\/diversity-policy\/","diversityStaffingReport":"https:\/\/talkpal.ai\/diversity-policy\/"}]}},"_links":{"self":[{"href":"https:\/\/talkpal.ai\/sv\/wp-json\/wp\/v2\/pages\/1477257","targetHints":{"allow":["GET"]}}],"collection":[{"href":"https:\/\/talkpal.ai\/sv\/wp-json\/wp\/v2\/pages"}],"about":[{"href":"https:\/\/talkpal.ai\/sv\/wp-json\/wp\/v2\/types\/page"}],"author":[{"embeddable":true,"href":"https:\/\/talkpal.ai\/sv\/wp-json\/wp\/v2\/users\/20"}],"replies":[{"embeddable":true,"href":"https:\/\/talkpal.ai\/sv\/wp-json\/wp\/v2\/comments?post=1477257"}],"version-history":[{"count":0,"href":"https:\/\/talkpal.ai\/sv\/wp-json\/wp\/v2\/pages\/1477257\/revisions"}],"wp:attachment":[{"href":"https:\/\/talkpal.ai\/sv\/wp-json\/wp\/v2\/media?parent=1477257"}],"curies":[{"name":"wp","href":"https:\/\/api.w.org\/{rel}","templated":true}]}}