{"id":147545,"date":"2023-05-14T14:12:07","date_gmt":"2023-05-14T14:12:07","guid":{"rendered":"http:\/\/talkpal.ai\/marathi-grammatik\/"},"modified":"2025-12-12T10:36:47","modified_gmt":"2025-12-12T10:36:47","slug":"marathi-grammatik","status":"publish","type":"page","link":"https:\/\/talkpal.ai\/sv\/marathi-grammatik\/","title":{"rendered":"Marathi grammatik"},"content":{"rendered":"\r\n\r\n\r\n<section class=\"languageChallengeSection\">\r\n    <div class=\"languageInfoWrapper\">\r\n        \r\n        <h1>Marathi grammatik<\/h1>\r\n        <p>\u00c4r du nyfiken p\u00e5 <a href=\"https:\/\/talkpal.ai\/learn-marathi\/\">marathi<\/a>? Stig in i Marathi-grammatiken, d\u00e4r k\u00f6nsbest\u00e4mda substantiv, flexibel meningsbyggnad och uttrycksfulla verbkonjugationer skapar ett levande och dynamiskt spr\u00e5k. B\u00f6rja din inl\u00e4rningsresa idag &#8211; att beh\u00e4rska Marathi-grammatiken kommer att hj\u00e4lpa dig att kommunicera med sj\u00e4lvf\u00f6rtroende och f\u00e5 kontakt med Maharashtras rika traditioner och kultur!<\/p>\r\n\r\n                            <a class=\"getStartedHidden\" href=\"https:\/\/app.talkpal.ai\/sv\/signup?lng=\">Kom ig\u00e5ng<\/a>\r\n        \r\n    <\/div>\r\n\r\n    <figure>\r\n    <img decoding=\"async\" width=\"768\" height=\"768\" src=\"https:\/\/talkpal.ai\/wp-content\/uploads\/2023\/06\/marathi-768x768.png\" class=\"languageImage no-lazy\" alt=\"Default alt text\" fetchpriority=\"high\" sizes=\"(max-width: 768px) 150px, 768px\" srcset=\"https:\/\/talkpal.ai\/wp-content\/uploads\/2023\/06\/marathi-768x768.png 768w, https:\/\/talkpal.ai\/wp-content\/uploads\/2023\/06\/marathi-300x300.png 300w\" \/>\r\n    \r\n\r\n    <\/figure>\r\n\r\n            <a class=\"getStartedVisible\" href=\"https:\/\/app.talkpal.ai\/sv\/signup?lng=\">Kom ig\u00e5ng<\/a>\r\n    \r\n<\/section>\r\n        <section class=\"grammarSection\">\r\n            <div class=\"grammarLinks\">\r\n                <a href=\"https:\/\/talkpal.ai\/sv\/language\/adjektiv-marathi-grammatik\/\">Adjektiv <\/a><a href=\"https:\/\/talkpal.ai\/sv\/language\/adverb-marathi-grammatik\/\">Adverb <\/a><a href=\"https:\/\/talkpal.ai\/sv\/language\/artiklar-marathi-grammatik\/\">Artiklar <\/a><a href=\"https:\/\/talkpal.ai\/sv\/language\/jamforelse-av-tempus-marathi-grammatik\/\">J\u00e4mf\u00f6relse av tempus <\/a><a href=\"https:\/\/talkpal.ai\/sv\/language\/konditionaler-marathi-grammatik\/\">Konditionaler <\/a><a href=\"https:\/\/talkpal.ai\/sv\/language\/meningar-marathi-grammatik\/\">Meningar <\/a><a href=\"https:\/\/talkpal.ai\/sv\/language\/perfekt-progressiv-marathi-grammatik-sv\/\">Perfekt Progressiv <\/a><a href=\"https:\/\/talkpal.ai\/sv\/language\/prepositioner-marathi-grammatik\/\">Prepositioner <\/a><a href=\"https:\/\/talkpal.ai\/sv\/language\/progressiv-marathi-grammatik-sv\/\">Progressiv <\/a><a href=\"https:\/\/talkpal.ai\/sv\/language\/pronomen-bestamningsord\/\">Pronomen\/best\u00e4mningsord<\/a><a href=\"https:\/\/talkpal.ai\/sv\/language\/substantiv-marathi-grammatik\/\">Substantiv <\/a><a href=\"https:\/\/talkpal.ai\/sv\/language\/tempus-marathi-grammatik\/\">Tempus <\/a><a href=\"https:\/\/talkpal.ai\/sv\/language\/verb-marathi-grammatik\/\">Verb <\/a>            <\/div>\r\n        <\/section>\r\n    <section class=\"promotionalBanner\">\r\n    <p class=\"promotionalText\">Det mest effektiva s\u00e4ttet att l\u00e4ra sig ett spr\u00e5k<\/p>\r\n    <a class=\"promotionalLink\" href=\"https:\/\/app.talkpal.ai\/sv\/signup?lng=\">Prova Talkpal gratis<\/a>\r\n<\/section>\n<div class=\"wp-block-group pageContainerStyle\"><div class=\"wp-block-group__inner-container is-layout-constrained wp-block-group-is-layout-constrained\">\n<h2 class=\"wp-block-heading\" id=\"h-the-allure-of-marathi-grammar-unfolding-its-mysteries-and-intricacies\">Marathi-grammatikens lockelse: Att utveckla dess mysterier och kr\u00e5ngligheter<\/h2>\n\n\n\n<p>Kommer du ih\u00e5g den f\u00f6rbryllande resan att l\u00e4ra sig <a href=\"https:\/\/talkpal.ai\/da\/grammar\/korte-svar-i-engelsk-grammatik\/\">engelsk grammatik<\/a>, laddad med komplexa regler, undantag och invecklad terminologi? Om du nu funderar p\u00e5 att l\u00e4ra dig spr\u00e5ket <a href=\"https:\/\/talkpal.ai\/learn-marathi\/\">marathi<\/a>, g\u00f6r dig beredd p\u00e5 en lika f\u00e4ngslande utforskning av marathis <a href=\"https:\/\/talkpal.ai\/fr\/les\/\">grammatik<\/a>.<\/p>\n\n\n\n<p>Marathi, ett indoariskt spr\u00e5k som fr\u00e4mst <a href=\"https:\/\/talkpal.ai\/locations\/language-courses-in-talas\/\">talas<\/a> i den indiska delstaten Maharashtra, har en rik tradition och unika spr\u00e5kliga egenskaper. N\u00e4r du dyker in i mystiken kring marathi-grammatiken kommer du att uppt\u00e4cka det fascinerande samspelet mellan dess alfabet, intrikata regler och f\u00f6rtrollande fonetik. S\u00e5 l\u00e5t <a href=\"https:\/\/talkpal.ai\/locations\/language-courses-in-oss\/\">oss<\/a> tillsammans <a href=\"https:\/\/talkpal.ai\/locations\/learn-english-in-reda\/\">reda<\/a> ut Marathi-grammatikens lockelser, en liten regel i taget.<\/p>\n\n\n\n<p>Ett av de mest sl\u00e5ende dragen <strong>i marathi-grammatiken<\/strong> \u00e4r dess omfattande anv\u00e4ndning av substantivb\u00f6jningar. Dessa b\u00f6jningar hj\u00e4lper ofta till att f\u00f6rmedla viktiga grammatiska element, s\u00e5som numerus, genus och kasus. Marathi har tre genus \u2013 maskulinum, femininum och neutrum \u2013 och varje k\u00f6n har sin distinkta upps\u00e4ttning b\u00f6jningsm\u00f6nster. Dessutom har spr\u00e5ket tv\u00e5 numerus \u2013 singular och plural \u2013 som hj\u00e4lper till att uttrycka m\u00e4ngden av ett substantiv.<\/p>\n\n\n\n<p>Ett annat <strong>unikt drag i marathigrammatiken<\/strong> \u00e4r hur verb b\u00f6js, beroende p\u00e5 tempus. N\u00e4r du b\u00f6jer verb p\u00e5 marathi m\u00e5ste du inte bara ta h\u00e4nsyn till verbets tempus utan ocks\u00e5 till subjektets k\u00f6n och tal. Marathi verbformer inkluderar presens, d\u00e5tid och futurum, tillsammans med <a href=\"https:\/\/talkpal.ai\/ja\/grammar_exercises\/imperatif-%e3%83%95%e3%83%a9%e3%83%b3%e3%82%b9%e3%81%ae%e6%96%87%e6%b3%95%e3%81%ae%e3%81%9f%e3%82%81%e3%81%ae%e6%bc%94%e7%bf%92\/\">imperativ<\/a> och <a href=\"https:\/\/talkpal.ai\/ja\/grammar_exercises\/konjunktiv-%e3%83%89%e3%82%a4%e3%83%84%e6%96%87%e6%b3%95%e3%81%ae%e6%bc%94%e7%bf%92\/\">konjunktiv<\/a>. Dessa omfattande b\u00f6jningar ger djup och dynamik till marathi, vilket g\u00f6r det till ett verkligt f\u00e4ngslande spr\u00e5k att utforska.<\/p>\n\n\n\n<p>Marathi-spr\u00e5ket \u00e4r ocks\u00e5 k\u00e4nt f\u00f6r sin <strong>variation av pronomen<\/strong>. Marathi har m\u00e5nga personliga, demonstrativa, fr\u00e5gande och reflexiva pronomen, var och en med sina respektive deklinationsm\u00f6nster. Detta kan verka skr\u00e4mmande till en b\u00f6rjan, men n\u00e4r du f\u00f6rdjupar dig i spr\u00e5ket kommer du att uppskatta den o\u00f6vertr\u00e4ffade precisionen som marathi-grammatiken erbjuder.<\/p>\n\n\n\n<p>En annan sp\u00e4nnande aspekt av marathi-grammatiken ligger i dess <strong>arrangemang av ord i en mening<\/strong>. Ordf\u00f6ljden i marathi f\u00f6ljer i allm\u00e4nhet subjekt-objekt-verb-strukturen (SOV), i likhet med andra indoariska spr\u00e5k. Denna struktur placerar vanligtvis verbet i slutet av meningen, vilket till en b\u00f6rjan kan vara utmanande f\u00f6r <a href=\"https:\/\/talkpal.ai\/english-speaking-course\/\">engelsktalande<\/a>.<\/p>\n\n\n\n<p>N\u00e4r du dyker in <strong>i marathi-fonetiken<\/strong> kommer du att st\u00f6ta p\u00e5 det fascinerande utbudet av ljud, uttalat genom de 16 vokalerna (swar) och 36 konsonanterna (vyanjan). Devanagari-skriptet, som anv\u00e4nds i Marathi, ger ett lager av charm till detta redan f\u00e4ngslande spr\u00e5k.  <\/p>\n\n\n\n<p>Att l\u00e4ra sig marathi-grammatik, med dess myriad av regler och komplexiteter, kan utan tvekan vara en skr\u00e4mmande uppgift till en b\u00f6rjan. Men det \u00e4r ocks\u00e5 denna utmaning som g\u00f6r det exceptionellt stimulerande och tillfredsst\u00e4llande. N\u00e4r du f\u00f6rdjupar dig i den f\u00f6rtrollande v\u00e4rlden av marathi-grammatik kommer du inte bara att avsl\u00f6ja spr\u00e5kets funktion utan ocks\u00e5 f\u00e5 en djupare f\u00f6rst\u00e5else f\u00f6r kulturen, historien och visdomen som det f\u00f6rkroppsligar.<\/p>\n\n\n\n<p>S\u00e5 varf\u00f6r inte ge dig ut p\u00e5 detta spr\u00e5kliga \u00e4ventyr f\u00f6r att utforska de lockande djupen i marathi-grammatiken och avsl\u00f6ja dess otaliga mysterier och nyanser som v\u00e4ntar p\u00e5 att bem\u00e4stras? Gl\u00e4djen i att l\u00e4ra sig och gl\u00e4djen i att f\u00f6rst\u00e5 finesserna i marathi-grammatiken \u00e4r bara n\u00e5gra \u00f6gonblick bort!<\/p>\n<\/div><\/div>\n\r\n<section class=\"learnNavigationSection\">\r\n            \r\n        <a href=\"https:\/\/talkpal.ai\/sv\/lar-dig-marathi\/\">\r\n            <div class=\"learnNavigationWrapper\">\r\n                <div class=\"learnNavigationContent\">\r\n                    <img decoding=\"async\" src=\"https:\/\/talkpal.ai\/wp-content\/uploads\/2023\/05\/Marathi-india.png\" alt=\"TalkPal Marathi Flag\">\r\n                    <div>\r\n                        <h4>Om Marathi Learning<\/h4>\r\n                        <p>Ta reda p\u00e5 allt om marathisk grammatik.<\/p>\r\n                    <\/div>\r\n                <\/div>\r\n            <\/div>\r\n        <\/a>\r\n\r\n        \r\n        <a href=\"https:\/\/talkpal.ai\/sv\/marathi-grammatikovningar\/\">\r\n            <div class=\"learnNavigationWrapper\">\r\n                <div class=\"learnNavigationContent\">\r\n                    <img decoding=\"async\" src=\"https:\/\/talkpal.ai\/wp-content\/uploads\/2023\/05\/Marathi-india.png\" alt=\"TalkPal Marathi Flag\">\r\n                    <div>\r\n                        <h4>Marathi grammatik \u00f6vning<\/h4>\r\n                        <p>\u00d6va marathi-grammatik .<\/p>\r\n                    <\/div>\r\n                <\/div>\r\n            <\/div>\r\n        <\/a>\r\n\r\n        \r\n        <a href=\"https:\/\/talkpal.ai\/vocabulary_language\/marathi\/\">\r\n            <div class=\"learnNavigationWrapper\">\r\n                <div class=\"learnNavigationContent\">\r\n                    <img decoding=\"async\" src=\"https:\/\/talkpal.ai\/wp-content\/uploads\/2023\/05\/Marathi-india.png\" alt=\"TalkPal Marathi Flag\">\r\n                    <div>\r\n                        <h4>Marathi Ordf\u00f6rr\u00e5d<\/h4>\r\n                        <p>Ut\u00f6ka ditt ordf\u00f6rr\u00e5d p\u00e5 marathi.<\/p>\r\n                    <\/div>\r\n                <\/div>\r\n            <\/div>\r\n        <\/a>\r\n\r\n            <\/section>","protected":false},"excerpt":{"rendered":"<p>Marathi-grammatikens lockelse: Att utveckla dess mysterier och kr\u00e5ngligheter Kommer du ih\u00e5g den f\u00f6rbryllande resan att l\u00e4ra sig engelsk grammatik, laddad med komplexa regler, undantag och invecklad terminologi? Om du nu funderar p\u00e5 att l\u00e4ra dig spr\u00e5ket marathi, g\u00f6r dig beredd p\u00e5 en lika f\u00e4ngslande utforskning av marathis grammatik. Marathi, ett indoariskt spr\u00e5k som fr\u00e4mst talas [&hellip;]<\/p>\n","protected":false},"author":1,"featured_media":28517,"parent":0,"menu_order":0,"comment_status":"closed","ping_status":"closed","template":"LearningContentPage.php","meta":{"_acf_changed":false,"footnotes":""},"class_list":["post-147545","page","type-page","status-publish","has-post-thumbnail","hentry"],"acf":[],"yoast_head":"<!-- This site is optimized with the Yoast SEO Premium plugin v27.2 (Yoast SEO v27.2) - https:\/\/yoast.com\/product\/yoast-seo-premium-wordpress\/ -->\n<title>Marathi grammatik - Talkpal<\/title>\n<meta name=\"description\" content=\"Utforska den fascinerande v\u00e4rlden av marathisk grammatik och uppt\u00e4ck dess unika regler, fonetik och b\u00f6jningar n\u00e4r du l\u00e4r dig spr\u00e5ket.\" \/>\n<meta name=\"robots\" content=\"index, follow, max-snippet:-1, max-image-preview:large, max-video-preview:-1\" \/>\n<link rel=\"canonical\" href=\"https:\/\/talkpal.ai\/sv\/marathi-grammatik\/\" \/>\n<meta property=\"og:locale\" content=\"sv_SE\" \/>\n<meta property=\"og:type\" content=\"article\" \/>\n<meta property=\"og:title\" content=\"Marathi grammatik\" \/>\n<meta property=\"og:description\" content=\"Marathi-grammatikens lockelse: Att utveckla dess mysterier och kr\u00e5ngligheter Kommer du ih\u00e5g den f\u00f6rbryllande resan att l\u00e4ra sig engelsk grammatik, laddad\" \/>\n<meta property=\"og:url\" content=\"https:\/\/talkpal.ai\/sv\/marathi-grammatik\/\" \/>\n<meta property=\"og:site_name\" content=\"Talkpal\" \/>\n<meta property=\"article:publisher\" content=\"https:\/\/www.facebook.com\/profile.php?id=100090733639311\" \/>\n<meta property=\"article:modified_time\" content=\"2025-12-12T10:36:47+00:00\" \/>\n<meta property=\"og:image\" content=\"https:\/\/talkpal.ai\/wp-content\/uploads\/2023\/05\/Marathi-india.png\" \/>\n\t<meta property=\"og:image:width\" content=\"512\" \/>\n\t<meta property=\"og:image:height\" content=\"512\" \/>\n\t<meta property=\"og:image:type\" content=\"image\/png\" \/>\n<meta name=\"twitter:card\" content=\"summary_large_image\" \/>\n<meta name=\"twitter:site\" content=\"@talkpalai\" \/>\n<meta name=\"twitter:label1\" content=\"Ber\u00e4knad l\u00e4stid\" \/>\n\t<meta name=\"twitter:data1\" content=\"3 minuter\" \/>\n<script type=\"application\/ld+json\" class=\"yoast-schema-graph\">{\"@context\":\"https:\/\/schema.org\",\"@graph\":[{\"@type\":\"WebPage\",\"@id\":\"https:\/\/talkpal.ai\/sv\/marathi-grammatik\/\",\"url\":\"https:\/\/talkpal.ai\/sv\/marathi-grammatik\/\",\"name\":\"Marathi grammatik - Talkpal\",\"isPartOf\":{\"@id\":\"https:\/\/talkpal.ai\/sv\/#website\"},\"primaryImageOfPage\":{\"@id\":\"https:\/\/talkpal.ai\/sv\/marathi-grammatik\/#primaryimage\"},\"image\":{\"@id\":\"https:\/\/talkpal.ai\/sv\/marathi-grammatik\/#primaryimage\"},\"thumbnailUrl\":\"https:\/\/talkpal.ai\/wp-content\/uploads\/2023\/05\/Marathi-india.png\",\"datePublished\":\"2023-05-14T14:12:07+00:00\",\"dateModified\":\"2025-12-12T10:36:47+00:00\",\"description\":\"Utforska den fascinerande v\u00e4rlden av marathisk grammatik och uppt\u00e4ck dess unika regler, fonetik och b\u00f6jningar n\u00e4r du l\u00e4r dig spr\u00e5ket.\",\"breadcrumb\":{\"@id\":\"https:\/\/talkpal.ai\/sv\/marathi-grammatik\/#breadcrumb\"},\"inLanguage\":\"sv-SE\",\"potentialAction\":[{\"@type\":\"ReadAction\",\"target\":[\"https:\/\/talkpal.ai\/sv\/marathi-grammatik\/\"]}]},{\"@type\":\"ImageObject\",\"inLanguage\":\"sv-SE\",\"@id\":\"https:\/\/talkpal.ai\/sv\/marathi-grammatik\/#primaryimage\",\"url\":\"https:\/\/talkpal.ai\/wp-content\/uploads\/2023\/05\/Marathi-india.png\",\"contentUrl\":\"https:\/\/talkpal.ai\/wp-content\/uploads\/2023\/05\/Marathi-india.png\",\"width\":512,\"height\":512},{\"@type\":\"BreadcrumbList\",\"@id\":\"https:\/\/talkpal.ai\/sv\/marathi-grammatik\/#breadcrumb\",\"itemListElement\":[{\"@type\":\"ListItem\",\"position\":1,\"name\":\"Homepage\",\"item\":\"https:\/\/talkpal.ai\/sv\/\"},{\"@type\":\"ListItem\",\"position\":2,\"name\":\"Marathi grammatik\"}]},{\"@type\":\"WebSite\",\"@id\":\"https:\/\/talkpal.ai\/sv\/#website\",\"url\":\"https:\/\/talkpal.ai\/sv\/\",\"name\":\"Talkpal\",\"description\":\"AI Language Learning\",\"publisher\":{\"@id\":\"https:\/\/talkpal.ai\/sv\/#organization\"},\"alternateName\":\"Talkpal AI\",\"potentialAction\":[{\"@type\":\"SearchAction\",\"target\":{\"@type\":\"EntryPoint\",\"urlTemplate\":\"https:\/\/talkpal.ai\/sv\/?s={search_term_string}\"},\"query-input\":{\"@type\":\"PropertyValueSpecification\",\"valueRequired\":true,\"valueName\":\"search_term_string\"}}],\"inLanguage\":\"sv-SE\"},{\"@type\":\"Organization\",\"@id\":\"https:\/\/talkpal.ai\/sv\/#organization\",\"name\":\"Talkpal, Inc.\",\"alternateName\":\"Talkpal AI\",\"url\":\"https:\/\/talkpal.ai\/sv\/\",\"logo\":{\"@type\":\"ImageObject\",\"inLanguage\":\"sv-SE\",\"@id\":\"https:\/\/talkpal.ai\/sv\/#\/schema\/logo\/image\/\",\"url\":\"https:\/\/talkpal.ai\/wp-content\/uploads\/2024\/03\/Talkpal-Logo-Icon.png\",\"contentUrl\":\"https:\/\/talkpal.ai\/wp-content\/uploads\/2024\/03\/Talkpal-Logo-Icon.png\",\"width\":2880,\"height\":2880,\"caption\":\"Talkpal, Inc.\"},\"image\":{\"@id\":\"https:\/\/talkpal.ai\/sv\/#\/schema\/logo\/image\/\"},\"sameAs\":[\"https:\/\/www.facebook.com\/profile.php?id=100090733639311\",\"https:\/\/x.com\/talkpalai\",\"https:\/\/www.linkedin.com\/company\/talkpal\/\",\"https:\/\/www.youtube.com\/@TalkPal\/\",\"https:\/\/www.tiktok.com\/@talkpal\",\"https:\/\/www.instagram.com\/talkpal_ai\/\",\"https:\/\/www.crunchbase.com\/organization\/talkpal-9cde\",\"https:\/\/www.g2.com\/products\/talkpal-for-business\/\",\"https:\/\/www.trustpilot.com\/review\/talkpal.ai\",\"https:\/\/www.capterra.com\/p\/10006800\/TalkPal\/\"],\"description\":\"Talkpal is a language learning web and mobile education app, powered by the latest AI technologies, that provides engaging experiences to its customers in many different languages to help them improve their language skills. Users can chat about unlimited amount of topics with the app and use other modes to practice their language learning.\",\"email\":\"support@talkpal.ai\",\"legalName\":\"Talkpal, Inc.\",\"foundingDate\":\"2023-04-03\",\"duns\":\"118989042\",\"numberOfEmployees\":{\"@type\":\"QuantitativeValue\",\"minValue\":\"11\",\"maxValue\":\"50\"},\"publishingPrinciples\":\"https:\/\/talkpal.ai\/publishing-principles\/\",\"actionableFeedbackPolicy\":\"https:\/\/talkpal.ai\/actionable-feedback-policy\/\",\"correctionsPolicy\":\"https:\/\/talkpal.ai\/corrections-policy\/\",\"ethicsPolicy\":\"https:\/\/talkpal.ai\/ethics-policy\/\",\"diversityPolicy\":\"https:\/\/talkpal.ai\/diversity-policy\/\",\"diversityStaffingReport\":\"https:\/\/talkpal.ai\/diversity-policy\/\"}]}<\/script>\n<!-- \/ Yoast SEO Premium plugin. -->","yoast_head_json":{"title":"Marathi grammatik - Talkpal","description":"Utforska den fascinerande v\u00e4rlden av marathisk grammatik och uppt\u00e4ck dess unika regler, fonetik och b\u00f6jningar n\u00e4r du l\u00e4r dig spr\u00e5ket.","robots":{"index":"index","follow":"follow","max-snippet":"max-snippet:-1","max-image-preview":"max-image-preview:large","max-video-preview":"max-video-preview:-1"},"canonical":"https:\/\/talkpal.ai\/sv\/marathi-grammatik\/","og_locale":"sv_SE","og_type":"article","og_title":"Marathi grammatik","og_description":"Marathi-grammatikens lockelse: Att utveckla dess mysterier och kr\u00e5ngligheter Kommer du ih\u00e5g den f\u00f6rbryllande resan att l\u00e4ra sig engelsk grammatik, laddad","og_url":"https:\/\/talkpal.ai\/sv\/marathi-grammatik\/","og_site_name":"Talkpal","article_publisher":"https:\/\/www.facebook.com\/profile.php?id=100090733639311","article_modified_time":"2025-12-12T10:36:47+00:00","og_image":[{"width":512,"height":512,"url":"https:\/\/talkpal.ai\/wp-content\/uploads\/2023\/05\/Marathi-india.png","type":"image\/png"}],"twitter_card":"summary_large_image","twitter_site":"@talkpalai","twitter_misc":{"Ber\u00e4knad l\u00e4stid":"3 minuter"},"schema":{"@context":"https:\/\/schema.org","@graph":[{"@type":"WebPage","@id":"https:\/\/talkpal.ai\/sv\/marathi-grammatik\/","url":"https:\/\/talkpal.ai\/sv\/marathi-grammatik\/","name":"Marathi grammatik - Talkpal","isPartOf":{"@id":"https:\/\/talkpal.ai\/sv\/#website"},"primaryImageOfPage":{"@id":"https:\/\/talkpal.ai\/sv\/marathi-grammatik\/#primaryimage"},"image":{"@id":"https:\/\/talkpal.ai\/sv\/marathi-grammatik\/#primaryimage"},"thumbnailUrl":"https:\/\/talkpal.ai\/wp-content\/uploads\/2023\/05\/Marathi-india.png","datePublished":"2023-05-14T14:12:07+00:00","dateModified":"2025-12-12T10:36:47+00:00","description":"Utforska den fascinerande v\u00e4rlden av marathisk grammatik och uppt\u00e4ck dess unika regler, fonetik och b\u00f6jningar n\u00e4r du l\u00e4r dig spr\u00e5ket.","breadcrumb":{"@id":"https:\/\/talkpal.ai\/sv\/marathi-grammatik\/#breadcrumb"},"inLanguage":"sv-SE","potentialAction":[{"@type":"ReadAction","target":["https:\/\/talkpal.ai\/sv\/marathi-grammatik\/"]}]},{"@type":"ImageObject","inLanguage":"sv-SE","@id":"https:\/\/talkpal.ai\/sv\/marathi-grammatik\/#primaryimage","url":"https:\/\/talkpal.ai\/wp-content\/uploads\/2023\/05\/Marathi-india.png","contentUrl":"https:\/\/talkpal.ai\/wp-content\/uploads\/2023\/05\/Marathi-india.png","width":512,"height":512},{"@type":"BreadcrumbList","@id":"https:\/\/talkpal.ai\/sv\/marathi-grammatik\/#breadcrumb","itemListElement":[{"@type":"ListItem","position":1,"name":"Homepage","item":"https:\/\/talkpal.ai\/sv\/"},{"@type":"ListItem","position":2,"name":"Marathi grammatik"}]},{"@type":"WebSite","@id":"https:\/\/talkpal.ai\/sv\/#website","url":"https:\/\/talkpal.ai\/sv\/","name":"Talkpal","description":"AI Language Learning","publisher":{"@id":"https:\/\/talkpal.ai\/sv\/#organization"},"alternateName":"Talkpal AI","potentialAction":[{"@type":"SearchAction","target":{"@type":"EntryPoint","urlTemplate":"https:\/\/talkpal.ai\/sv\/?s={search_term_string}"},"query-input":{"@type":"PropertyValueSpecification","valueRequired":true,"valueName":"search_term_string"}}],"inLanguage":"sv-SE"},{"@type":"Organization","@id":"https:\/\/talkpal.ai\/sv\/#organization","name":"Talkpal, Inc.","alternateName":"Talkpal AI","url":"https:\/\/talkpal.ai\/sv\/","logo":{"@type":"ImageObject","inLanguage":"sv-SE","@id":"https:\/\/talkpal.ai\/sv\/#\/schema\/logo\/image\/","url":"https:\/\/talkpal.ai\/wp-content\/uploads\/2024\/03\/Talkpal-Logo-Icon.png","contentUrl":"https:\/\/talkpal.ai\/wp-content\/uploads\/2024\/03\/Talkpal-Logo-Icon.png","width":2880,"height":2880,"caption":"Talkpal, Inc."},"image":{"@id":"https:\/\/talkpal.ai\/sv\/#\/schema\/logo\/image\/"},"sameAs":["https:\/\/www.facebook.com\/profile.php?id=100090733639311","https:\/\/x.com\/talkpalai","https:\/\/www.linkedin.com\/company\/talkpal\/","https:\/\/www.youtube.com\/@TalkPal\/","https:\/\/www.tiktok.com\/@talkpal","https:\/\/www.instagram.com\/talkpal_ai\/","https:\/\/www.crunchbase.com\/organization\/talkpal-9cde","https:\/\/www.g2.com\/products\/talkpal-for-business\/","https:\/\/www.trustpilot.com\/review\/talkpal.ai","https:\/\/www.capterra.com\/p\/10006800\/TalkPal\/"],"description":"Talkpal is a language learning web and mobile education app, powered by the latest AI technologies, that provides engaging experiences to its customers in many different languages to help them improve their language skills. Users can chat about unlimited amount of topics with the app and use other modes to practice their language learning.","email":"support@talkpal.ai","legalName":"Talkpal, Inc.","foundingDate":"2023-04-03","duns":"118989042","numberOfEmployees":{"@type":"QuantitativeValue","minValue":"11","maxValue":"50"},"publishingPrinciples":"https:\/\/talkpal.ai\/publishing-principles\/","actionableFeedbackPolicy":"https:\/\/talkpal.ai\/actionable-feedback-policy\/","correctionsPolicy":"https:\/\/talkpal.ai\/corrections-policy\/","ethicsPolicy":"https:\/\/talkpal.ai\/ethics-policy\/","diversityPolicy":"https:\/\/talkpal.ai\/diversity-policy\/","diversityStaffingReport":"https:\/\/talkpal.ai\/diversity-policy\/"}]}},"_links":{"self":[{"href":"https:\/\/talkpal.ai\/sv\/wp-json\/wp\/v2\/pages\/147545","targetHints":{"allow":["GET"]}}],"collection":[{"href":"https:\/\/talkpal.ai\/sv\/wp-json\/wp\/v2\/pages"}],"about":[{"href":"https:\/\/talkpal.ai\/sv\/wp-json\/wp\/v2\/types\/page"}],"author":[{"embeddable":true,"href":"https:\/\/talkpal.ai\/sv\/wp-json\/wp\/v2\/users\/1"}],"replies":[{"embeddable":true,"href":"https:\/\/talkpal.ai\/sv\/wp-json\/wp\/v2\/comments?post=147545"}],"version-history":[{"count":0,"href":"https:\/\/talkpal.ai\/sv\/wp-json\/wp\/v2\/pages\/147545\/revisions"}],"wp:featuredmedia":[{"embeddable":true,"href":"https:\/\/talkpal.ai\/sv\/wp-json\/wp\/v2\/media\/28517"}],"wp:attachment":[{"href":"https:\/\/talkpal.ai\/sv\/wp-json\/wp\/v2\/media?parent=147545"}],"curies":[{"name":"wp","href":"https:\/\/api.w.org\/{rel}","templated":true}]}}