{"id":147149,"date":"2023-05-14T14:11:47","date_gmt":"2023-05-14T14:11:47","guid":{"rendered":"http:\/\/talkpal.ai\/malajisk-grammatik\/"},"modified":"2025-12-17T16:40:09","modified_gmt":"2025-12-17T16:40:09","slug":"malajisk-grammatik","status":"publish","type":"page","link":"https:\/\/talkpal.ai\/sv\/malajisk-grammatik\/","title":{"rendered":"Malajisk grammatik"},"content":{"rendered":"\r\n\r\n\r\n<section class=\"languageChallengeSection\">\r\n    <div class=\"languageInfoWrapper\">\r\n        \r\n        <h1>Malajisk grammatik<\/h1>\r\n        <p>\u00c4r du nyfiken p\u00e5 att l\u00e4ra dig <a href=\"https:\/\/talkpal.ai\/learn-malay\/\">malajiska<\/a>? F\u00f6rdjupa dig i den malaysiska grammatiken, som \u00e4r k\u00e4nd f\u00f6r sina enkla regler, avsaknad av verbb\u00f6jning och anv\u00e4ndning av affix f\u00f6r att skapa mening. B\u00f6rja idag &#8211; att beh\u00e4rska <a href=\"https:\/\/talkpal.ai\/sv\/grammar\/utropstexter-i-malaysisk-grammatik\/\">malaysisk grammatik<\/a> kommer att ge dig sj\u00e4lvf\u00f6rtroendet att kommunicera enkelt och \u00f6ppna d\u00f6rrar till de olika och dynamiska kulturerna i Sydostasien!<\/p>\r\n\r\n                            <a class=\"getStartedHidden\" href=\"https:\/\/app.talkpal.ai\/sv\/signup?lng=\">Kom ig\u00e5ng<\/a>\r\n        \r\n    <\/div>\r\n\r\n    <figure>\r\n    <img decoding=\"async\" width=\"768\" height=\"768\" src=\"https:\/\/talkpal.ai\/wp-content\/uploads\/2023\/06\/malay-768x768.png\" class=\"languageImage no-lazy\" alt=\"Default alt text\" fetchpriority=\"high\" sizes=\"(max-width: 768px) 150px, 768px\" srcset=\"https:\/\/talkpal.ai\/wp-content\/uploads\/2023\/06\/malay-768x768.png 768w, https:\/\/talkpal.ai\/wp-content\/uploads\/2023\/06\/malay-300x300.png 300w\" \/>\r\n    \r\n\r\n    <\/figure>\r\n\r\n            <a class=\"getStartedVisible\" href=\"https:\/\/app.talkpal.ai\/sv\/signup?lng=\">Kom ig\u00e5ng<\/a>\r\n    \r\n<\/section>\r\n        <section class=\"grammarSection\">\r\n            <div class=\"grammarLinks\">\r\n                <a href=\"https:\/\/talkpal.ai\/sv\/language\/adjektiv-malaysisk-grammatik\/\">Adjektiv <\/a><a href=\"https:\/\/talkpal.ai\/sv\/language\/adverb-malaysisk-grammatik\/\">Adverb <\/a><a href=\"https:\/\/talkpal.ai\/sv\/language\/artiklar-malajisk-grammatik\/\">Artiklar <\/a><a href=\"https:\/\/talkpal.ai\/sv\/language\/jamforelse-av-tempus-malaysisk-grammatik\/\">J\u00e4mf\u00f6relse av tempus <\/a><a href=\"https:\/\/talkpal.ai\/sv\/language\/konditionaler-malaysisk-grammatik\/\">Konditionaler <\/a><a href=\"https:\/\/talkpal.ai\/sv\/language\/meningar-malaysisk-grammatik\/\">Meningar <\/a><a href=\"https:\/\/talkpal.ai\/sv\/language\/perfekt-progressiv-malaysisk-grammatik\/\">Perfekt progressiv <\/a><a href=\"https:\/\/talkpal.ai\/sv\/language\/prepositioner-malaysisk-grammatik\/\">Prepositioner <\/a><a href=\"https:\/\/talkpal.ai\/sv\/language\/progressiv-malaysisk-grammatik\/\">Progressiv <\/a><a href=\"https:\/\/talkpal.ai\/sv\/language\/pronomen-bestamningsfaktorer-malaysisk-grammatik\/\">Pronomen\/best\u00e4mningsfaktorer <\/a><a href=\"https:\/\/talkpal.ai\/sv\/language\/substantiv-malaysisk-grammatik\/\">Substantiv <\/a><a href=\"https:\/\/talkpal.ai\/sv\/language\/tempus-malaysisk-grammatik\/\">Tempus <\/a><a href=\"https:\/\/talkpal.ai\/sv\/language\/verb-malaysisk-grammatik\/\">Verb <\/a>            <\/div>\r\n        <\/section>\r\n    <section class=\"promotionalBanner\">\r\n    <p class=\"promotionalText\">Det mest effektiva s\u00e4ttet att l\u00e4ra sig ett spr\u00e5k<\/p>\r\n    <a class=\"promotionalLink\" href=\"https:\/\/app.talkpal.ai\/sv\/signup?lng=\">Prova Talkpal gratis<\/a>\r\n<\/section>\n<div class=\"wp-block-group pageContainerStyle\"><div class=\"wp-block-group__inner-container is-layout-constrained wp-block-group-is-layout-constrained\">\n<h2 class=\"wp-block-heading\" id=\"h-malay-grammar-exploring-the-richness-of-bahasa-melayu\">Malaysisk grammatik: Utforska rikedomen i Bahasa Melayu<\/h2>\n\n\n\n<p>Det malajiska spr\u00e5ket, eller <a href=\"https:\/\/talkpal.ai\/ms\/belajar-bahasa-melayu\/\">Bahasa Melayu<\/a>, \u00e4r ett av v\u00e4rldens mest talade spr\u00e5k och f\u00f6renar de olika folken i Malaysia, Indonesien, Brunei och <a href=\"https:\/\/talkpal.ai\/locations\/language-courses-in-singapore\/\">Singapore<\/a>. N\u00e4r du b\u00f6rjar l\u00e4ra dig malajiska kommer du snabbt att uppt\u00e4cka sk\u00f6nheten i dess <a href=\"https:\/\/talkpal.ai\/fr\/les\/\">grammatik<\/a> och det spirande spr\u00e5kliga landskapet. <a href=\"https:\/\/talkpal.ai\/culture\/how-do-i-use-den-har-and-det-har\/\">Den h\u00e4r<\/a> artikeln syftar till att introducera dig till de grundl\u00e4ggande principerna i <a href=\"https:\/\/talkpal.ai\/sv\/grammar\/utropstexter-i-malaysisk-grammatik\/\">malaysisk grammatik<\/a> och v\u00e4gleda dig till att b\u00e4ttre f\u00f6rst\u00e5 och uppskatta detta m\u00e5ngsidiga spr\u00e5k.<\/p>\n\n\n\n<h3 class=\"wp-block-heading\" id=\"h-1-nouns-simplicity-rules\">1. Substantiv \u2013 Enkelhetsregler<\/h3>\n\n\n\n<p>I motsats till andra spr\u00e5k har den malaysiska grammatiken inga b\u00f6jningar eller genusklassificeringar f\u00f6r sina substantiv. I st\u00e4llet l\u00e4gger substantivanv\u00e4ndningen stor vikt vid enkelhet. Pluralformer av substantiv skapas genom att de helt enkelt dupliceras. L\u00e5ter enkelt, eller hur? Till exempel \u00e4r &#8221;\u00e4pple&#8221; &#8221;buah epal&#8221;, s\u00e5 &#8221;\u00e4pplen&#8221; blir &#8221;buah-buah epal&#8221;. Du kan sl\u00e4ppa dupliceringen i informellt tal.<\/p>\n\n\n\n<h3 class=\"wp-block-heading\" id=\"h-2-adjectives-straightforward-descriptions\">2. Adjektiv \u2013 enkla beskrivningar<\/h3>\n\n\n\n<p>Malaysiska adjektiv f\u00f6rblir of\u00f6r\u00e4ndrade oavsett vilket substantiv de beskriver, vilket g\u00f6r dem otroligt enkla att anv\u00e4nda &#8211; ytterligare ett bevis p\u00e5 spr\u00e5kets enkelhet. Adjektivplacering kommer efter substantivet, vilket skapar ett trevligt fl\u00f6de i meningar. Till exempel \u00e4r &#8221;ett stort hus&#8221; &#8221;rumah besar&#8221;, d\u00e4r &#8221;rumah&#8221; syftar p\u00e5 &#8221;hus&#8221; och &#8221;besar&#8221; betyder &#8221;stort&#8221;.<\/p>\n\n\n\n<h3 class=\"wp-block-heading\" id=\"h-3-verbs-the-magic-of-prefixes-and-suffixes\">3. Verb \u2013 Magin med prefix och suffix<\/h3>\n\n\n\n<p>De malajiska verben har en m\u00e5ngsidighet som \u00e4r b\u00e5de sp\u00e4nnande och okomplicerad. I Bahasa Melayu f\u00f6rmedlas inte tempus uttryckligen genom verbformer; ist\u00e4llet indikeras de genom sammanhang eller tidsmark\u00f6rer. Dessutom anv\u00e4nder malajiska i stor utstr\u00e4ckning prefix och suffix f\u00f6r att uttrycka olika verbaspekter.<\/p>\n\n\n\n<p><a href=\"https:\/\/talkpal.ai\/culture\/how-do-i-use-det-finns-correctly\/\">Det finns<\/a> tre prim\u00e4ra prefix: &#8221;meN-&#8221;, &#8221;ber-&#8221; och &#8221;ter-&#8221;. Prefixet &#8221;meN-&#8221; har m\u00e5nga anv\u00e4ndningsomr\u00e5den, bland annat f\u00f6r att bilda aktiva verb och beteckna orsakande handlingar. Samtidigt st\u00e5r &#8221;ber-&#8221; f\u00f6r intransitiva handlingar och &#8221;ter-&#8221; f\u00f6r oavsiktliga h\u00e4ndelser eller passiva handlingar. Det \u00e4r viktigt att notera att varje prefix kan leda till sm\u00e5 stavningsf\u00f6r\u00e4ndringar i grundverbet.<\/p>\n\n\n\n<p>Suffix som &#8221;-kan&#8221; och &#8221;-i&#8221; bidrar till att ge ytterligare specificitet, medan infixet &#8221;-el-&#8221; ger intensitet till basverbet.<\/p>\n\n\n\n<h3 class=\"wp-block-heading\" id=\"h-4-prepositions-amp-particles-adding-flavor-to-sentences\">4. Prepositioner och partiklar \u2013 Att ge smak \u00e5t meningar<\/h3>\n\n\n\n<p>Prepositioner och partiklar spelar en viktig roll i malaysisk grammatik, fungerar som spr\u00e5kligt lim och ger viktiga sammanhang. Prepositioner som &#8221;di&#8221; (vid), &#8221;ke&#8221; (till) och &#8221;dari&#8221; (fr\u00e5n) hj\u00e4lper till att skapa relationer mellan ord. \u00c5 andra sidan anv\u00e4nds partiklar som &#8221;lah&#8221;, &#8221;kah&#8221; och &#8221;pun&#8221; f\u00f6r att l\u00e4gga till betoning, k\u00e4nslor och fr\u00e5getecken i meningar.<\/p>\n\n\n\n<p>Till exempel blir meningen &#8221;Kamu pergi sana&#8221;, som betyder &#8221;Du g\u00e5r dit&#8221;, mer eftertrycklig om du l\u00e4gger till &#8221;lah&#8221; i slutet: &#8221;Kamu pergi sana lah.&#8221; Det betyder nu &#8221;Du \u00e5ker dit (just nu)&#8221;.<\/p>\n\n\n\n<h3 class=\"wp-block-heading\" id=\"h-5-embracing-the-journey\">5. Omfamna resan<\/h3>\n\n\n\n<p>\u00c4ven om malaysisk grammatik kan verka enkel j\u00e4mf\u00f6rt med andra spr\u00e5k, ligger dess sk\u00f6nhet i rikedomen och variationen av uttryck som uppn\u00e5s genom enkla regler. L\u00e4ttheten att l\u00e4ra sig malaysisk grammatik g\u00f6r att du kan engagera dig i den m\u00e5ngsidiga malaysisktalande v\u00e4rlden mer effektivt och f\u00f6rdjupa dig i dess unika kultur.<\/p>\n\n\n\n<p>Innan du dyker in i Bahasa Melayus v\u00e4rld ska du komma ih\u00e5g att resan kanske inte alltid \u00e4r smidig. Ha ett \u00f6ppet sinne, engagera dig med modersm\u00e5lstalare och, viktigast av allt, njut av upplevelsen av att uppt\u00e4cka nyanserna i detta vackra spr\u00e5k. Selamat belajar \u2013 lycka till med l\u00e4randet!<\/p>\n<\/div><\/div>\n\r\n<section class=\"learnNavigationSection\">\r\n            \r\n        <a href=\"https:\/\/talkpal.ai\/sv\/lar-dig-malaysiska\/\">\r\n            <div class=\"learnNavigationWrapper\">\r\n                <div class=\"learnNavigationContent\">\r\n                    <img decoding=\"async\" src=\"https:\/\/talkpal.ai\/wp-content\/uploads\/2024\/08\/Malay.jpg\" alt=\"Malaysian Flag\">\r\n                    <div>\r\n                        <h4>Om Malay Learning<\/h4>\r\n                        <p>Ta reda p\u00e5 allt om malajisk grammatik.<\/p>\r\n                    <\/div>\r\n                <\/div>\r\n            <\/div>\r\n        <\/a>\r\n\r\n        \r\n        <a href=\"https:\/\/talkpal.ai\/sv\/malajiska-grammatikovningar\/\">\r\n            <div class=\"learnNavigationWrapper\">\r\n                <div class=\"learnNavigationContent\">\r\n                    <img decoding=\"async\" src=\"https:\/\/talkpal.ai\/wp-content\/uploads\/2024\/08\/Malay.jpg\" alt=\"Malaysian Flag\">\r\n                    <div>\r\n                        <h4>\u00d6vning i malaysisk grammatik<\/h4>\r\n                        <p>\u00d6va malaysisk grammatik<\/p>\r\n                    <\/div>\r\n                <\/div>\r\n            <\/div>\r\n        <\/a>\r\n\r\n        \r\n        <a href=\"https:\/\/talkpal.ai\/vocabulary_language\/malay\/\">\r\n            <div class=\"learnNavigationWrapper\">\r\n                <div class=\"learnNavigationContent\">\r\n                    <img decoding=\"async\" src=\"https:\/\/talkpal.ai\/wp-content\/uploads\/2024\/08\/Malay.jpg\" alt=\"Malaysian Flag\">\r\n                    <div>\r\n                        <h4>Malaysisk vokabul\u00e4r<\/h4>\r\n                        <p>Ut\u00f6ka ditt malaysiska ordf\u00f6rr\u00e5d.<\/p>\r\n                    <\/div>\r\n                <\/div>\r\n            <\/div>\r\n        <\/a>\r\n\r\n            <\/section>","protected":false},"excerpt":{"rendered":"<p>Malaysisk grammatik: Utforska rikedomen i Bahasa Melayu Det malajiska spr\u00e5ket, eller Bahasa Melayu, \u00e4r ett av v\u00e4rldens mest talade spr\u00e5k och f\u00f6renar de olika folken i Malaysia, Indonesien, Brunei och Singapore. N\u00e4r du b\u00f6rjar l\u00e4ra dig malajiska kommer du snabbt att uppt\u00e4cka sk\u00f6nheten i dess grammatik och det spirande spr\u00e5kliga landskapet. Den h\u00e4r artikeln syftar [&hellip;]<\/p>\n","protected":false},"author":1,"featured_media":28485,"parent":0,"menu_order":0,"comment_status":"closed","ping_status":"closed","template":"LearningContentPage.php","meta":{"_acf_changed":false,"footnotes":""},"class_list":["post-147149","page","type-page","status-publish","has-post-thumbnail","hentry"],"acf":[],"yoast_head":"<!-- This site is optimized with the Yoast SEO Premium plugin v27.2 (Yoast SEO v27.2) - https:\/\/yoast.com\/product\/yoast-seo-premium-wordpress\/ -->\n<title>Malajisk grammatik - Talkpal<\/title>\n<meta name=\"description\" content=\"Utforska den malaysiska grammatiken och l\u00e4r dig hur dess enkelhet kan f\u00f6rb\u00e4ttra din f\u00f6rst\u00e5else av det malaysiska spr\u00e5ket.\" \/>\n<meta name=\"robots\" content=\"index, follow, max-snippet:-1, max-image-preview:large, max-video-preview:-1\" \/>\n<link rel=\"canonical\" href=\"https:\/\/talkpal.ai\/sv\/malajisk-grammatik\/\" \/>\n<meta property=\"og:locale\" content=\"sv_SE\" \/>\n<meta property=\"og:type\" content=\"article\" \/>\n<meta property=\"og:title\" content=\"Malajisk grammatik\" \/>\n<meta property=\"og:description\" content=\"Malaysisk grammatik: Utforska rikedomen i Bahasa Melayu Det malajiska spr\u00e5ket, eller Bahasa Melayu, \u00e4r ett av v\u00e4rldens mest talade spr\u00e5k och f\u00f6renar de\" \/>\n<meta property=\"og:url\" content=\"https:\/\/talkpal.ai\/sv\/malajisk-grammatik\/\" \/>\n<meta property=\"og:site_name\" content=\"Talkpal\" \/>\n<meta property=\"article:publisher\" content=\"https:\/\/www.facebook.com\/profile.php?id=100090733639311\" \/>\n<meta property=\"article:modified_time\" content=\"2025-12-17T16:40:09+00:00\" \/>\n<meta property=\"og:image\" content=\"https:\/\/talkpal.ai\/wp-content\/uploads\/2023\/05\/malaysia.png\" \/>\n\t<meta property=\"og:image:width\" content=\"512\" \/>\n\t<meta property=\"og:image:height\" content=\"512\" \/>\n\t<meta property=\"og:image:type\" content=\"image\/png\" \/>\n<meta name=\"twitter:card\" content=\"summary_large_image\" \/>\n<meta name=\"twitter:site\" content=\"@talkpalai\" \/>\n<meta name=\"twitter:label1\" content=\"Ber\u00e4knad l\u00e4stid\" \/>\n\t<meta name=\"twitter:data1\" content=\"3 minuter\" \/>\n<script type=\"application\/ld+json\" class=\"yoast-schema-graph\">{\"@context\":\"https:\/\/schema.org\",\"@graph\":[{\"@type\":\"WebPage\",\"@id\":\"https:\/\/talkpal.ai\/sv\/malajisk-grammatik\/\",\"url\":\"https:\/\/talkpal.ai\/sv\/malajisk-grammatik\/\",\"name\":\"Malajisk grammatik - Talkpal\",\"isPartOf\":{\"@id\":\"https:\/\/talkpal.ai\/sv\/#website\"},\"primaryImageOfPage\":{\"@id\":\"https:\/\/talkpal.ai\/sv\/malajisk-grammatik\/#primaryimage\"},\"image\":{\"@id\":\"https:\/\/talkpal.ai\/sv\/malajisk-grammatik\/#primaryimage\"},\"thumbnailUrl\":\"https:\/\/talkpal.ai\/wp-content\/uploads\/2023\/05\/malaysia.png\",\"datePublished\":\"2023-05-14T14:11:47+00:00\",\"dateModified\":\"2025-12-17T16:40:09+00:00\",\"description\":\"Utforska den malaysiska grammatiken och l\u00e4r dig hur dess enkelhet kan f\u00f6rb\u00e4ttra din f\u00f6rst\u00e5else av det malaysiska spr\u00e5ket.\",\"breadcrumb\":{\"@id\":\"https:\/\/talkpal.ai\/sv\/malajisk-grammatik\/#breadcrumb\"},\"inLanguage\":\"sv-SE\",\"potentialAction\":[{\"@type\":\"ReadAction\",\"target\":[\"https:\/\/talkpal.ai\/sv\/malajisk-grammatik\/\"]}]},{\"@type\":\"ImageObject\",\"inLanguage\":\"sv-SE\",\"@id\":\"https:\/\/talkpal.ai\/sv\/malajisk-grammatik\/#primaryimage\",\"url\":\"https:\/\/talkpal.ai\/wp-content\/uploads\/2023\/05\/malaysia.png\",\"contentUrl\":\"https:\/\/talkpal.ai\/wp-content\/uploads\/2023\/05\/malaysia.png\",\"width\":512,\"height\":512},{\"@type\":\"BreadcrumbList\",\"@id\":\"https:\/\/talkpal.ai\/sv\/malajisk-grammatik\/#breadcrumb\",\"itemListElement\":[{\"@type\":\"ListItem\",\"position\":1,\"name\":\"Homepage\",\"item\":\"https:\/\/talkpal.ai\/sv\/\"},{\"@type\":\"ListItem\",\"position\":2,\"name\":\"Malajisk grammatik\"}]},{\"@type\":\"WebSite\",\"@id\":\"https:\/\/talkpal.ai\/sv\/#website\",\"url\":\"https:\/\/talkpal.ai\/sv\/\",\"name\":\"Talkpal\",\"description\":\"AI Language Learning\",\"publisher\":{\"@id\":\"https:\/\/talkpal.ai\/sv\/#organization\"},\"alternateName\":\"Talkpal AI\",\"potentialAction\":[{\"@type\":\"SearchAction\",\"target\":{\"@type\":\"EntryPoint\",\"urlTemplate\":\"https:\/\/talkpal.ai\/sv\/?s={search_term_string}\"},\"query-input\":{\"@type\":\"PropertyValueSpecification\",\"valueRequired\":true,\"valueName\":\"search_term_string\"}}],\"inLanguage\":\"sv-SE\"},{\"@type\":\"Organization\",\"@id\":\"https:\/\/talkpal.ai\/sv\/#organization\",\"name\":\"Talkpal, Inc.\",\"alternateName\":\"Talkpal AI\",\"url\":\"https:\/\/talkpal.ai\/sv\/\",\"logo\":{\"@type\":\"ImageObject\",\"inLanguage\":\"sv-SE\",\"@id\":\"https:\/\/talkpal.ai\/sv\/#\/schema\/logo\/image\/\",\"url\":\"https:\/\/talkpal.ai\/wp-content\/uploads\/2024\/03\/Talkpal-Logo-Icon.png\",\"contentUrl\":\"https:\/\/talkpal.ai\/wp-content\/uploads\/2024\/03\/Talkpal-Logo-Icon.png\",\"width\":2880,\"height\":2880,\"caption\":\"Talkpal, Inc.\"},\"image\":{\"@id\":\"https:\/\/talkpal.ai\/sv\/#\/schema\/logo\/image\/\"},\"sameAs\":[\"https:\/\/www.facebook.com\/profile.php?id=100090733639311\",\"https:\/\/x.com\/talkpalai\",\"https:\/\/www.linkedin.com\/company\/talkpal\/\",\"https:\/\/www.youtube.com\/@TalkPal\/\",\"https:\/\/www.tiktok.com\/@talkpal\",\"https:\/\/www.instagram.com\/talkpal_ai\/\",\"https:\/\/www.crunchbase.com\/organization\/talkpal-9cde\",\"https:\/\/www.g2.com\/products\/talkpal-for-business\/\",\"https:\/\/www.trustpilot.com\/review\/talkpal.ai\",\"https:\/\/www.capterra.com\/p\/10006800\/TalkPal\/\"],\"description\":\"Talkpal is a language learning web and mobile education app, powered by the latest AI technologies, that provides engaging experiences to its customers in many different languages to help them improve their language skills. Users can chat about unlimited amount of topics with the app and use other modes to practice their language learning.\",\"email\":\"support@talkpal.ai\",\"legalName\":\"Talkpal, Inc.\",\"foundingDate\":\"2023-04-03\",\"duns\":\"118989042\",\"numberOfEmployees\":{\"@type\":\"QuantitativeValue\",\"minValue\":\"11\",\"maxValue\":\"50\"},\"publishingPrinciples\":\"https:\/\/talkpal.ai\/publishing-principles\/\",\"actionableFeedbackPolicy\":\"https:\/\/talkpal.ai\/actionable-feedback-policy\/\",\"correctionsPolicy\":\"https:\/\/talkpal.ai\/corrections-policy\/\",\"ethicsPolicy\":\"https:\/\/talkpal.ai\/ethics-policy\/\",\"diversityPolicy\":\"https:\/\/talkpal.ai\/diversity-policy\/\",\"diversityStaffingReport\":\"https:\/\/talkpal.ai\/diversity-policy\/\"}]}<\/script>\n<!-- \/ Yoast SEO Premium plugin. -->","yoast_head_json":{"title":"Malajisk grammatik - Talkpal","description":"Utforska den malaysiska grammatiken och l\u00e4r dig hur dess enkelhet kan f\u00f6rb\u00e4ttra din f\u00f6rst\u00e5else av det malaysiska spr\u00e5ket.","robots":{"index":"index","follow":"follow","max-snippet":"max-snippet:-1","max-image-preview":"max-image-preview:large","max-video-preview":"max-video-preview:-1"},"canonical":"https:\/\/talkpal.ai\/sv\/malajisk-grammatik\/","og_locale":"sv_SE","og_type":"article","og_title":"Malajisk grammatik","og_description":"Malaysisk grammatik: Utforska rikedomen i Bahasa Melayu Det malajiska spr\u00e5ket, eller Bahasa Melayu, \u00e4r ett av v\u00e4rldens mest talade spr\u00e5k och f\u00f6renar de","og_url":"https:\/\/talkpal.ai\/sv\/malajisk-grammatik\/","og_site_name":"Talkpal","article_publisher":"https:\/\/www.facebook.com\/profile.php?id=100090733639311","article_modified_time":"2025-12-17T16:40:09+00:00","og_image":[{"width":512,"height":512,"url":"https:\/\/talkpal.ai\/wp-content\/uploads\/2023\/05\/malaysia.png","type":"image\/png"}],"twitter_card":"summary_large_image","twitter_site":"@talkpalai","twitter_misc":{"Ber\u00e4knad l\u00e4stid":"3 minuter"},"schema":{"@context":"https:\/\/schema.org","@graph":[{"@type":"WebPage","@id":"https:\/\/talkpal.ai\/sv\/malajisk-grammatik\/","url":"https:\/\/talkpal.ai\/sv\/malajisk-grammatik\/","name":"Malajisk grammatik - Talkpal","isPartOf":{"@id":"https:\/\/talkpal.ai\/sv\/#website"},"primaryImageOfPage":{"@id":"https:\/\/talkpal.ai\/sv\/malajisk-grammatik\/#primaryimage"},"image":{"@id":"https:\/\/talkpal.ai\/sv\/malajisk-grammatik\/#primaryimage"},"thumbnailUrl":"https:\/\/talkpal.ai\/wp-content\/uploads\/2023\/05\/malaysia.png","datePublished":"2023-05-14T14:11:47+00:00","dateModified":"2025-12-17T16:40:09+00:00","description":"Utforska den malaysiska grammatiken och l\u00e4r dig hur dess enkelhet kan f\u00f6rb\u00e4ttra din f\u00f6rst\u00e5else av det malaysiska spr\u00e5ket.","breadcrumb":{"@id":"https:\/\/talkpal.ai\/sv\/malajisk-grammatik\/#breadcrumb"},"inLanguage":"sv-SE","potentialAction":[{"@type":"ReadAction","target":["https:\/\/talkpal.ai\/sv\/malajisk-grammatik\/"]}]},{"@type":"ImageObject","inLanguage":"sv-SE","@id":"https:\/\/talkpal.ai\/sv\/malajisk-grammatik\/#primaryimage","url":"https:\/\/talkpal.ai\/wp-content\/uploads\/2023\/05\/malaysia.png","contentUrl":"https:\/\/talkpal.ai\/wp-content\/uploads\/2023\/05\/malaysia.png","width":512,"height":512},{"@type":"BreadcrumbList","@id":"https:\/\/talkpal.ai\/sv\/malajisk-grammatik\/#breadcrumb","itemListElement":[{"@type":"ListItem","position":1,"name":"Homepage","item":"https:\/\/talkpal.ai\/sv\/"},{"@type":"ListItem","position":2,"name":"Malajisk grammatik"}]},{"@type":"WebSite","@id":"https:\/\/talkpal.ai\/sv\/#website","url":"https:\/\/talkpal.ai\/sv\/","name":"Talkpal","description":"AI Language Learning","publisher":{"@id":"https:\/\/talkpal.ai\/sv\/#organization"},"alternateName":"Talkpal AI","potentialAction":[{"@type":"SearchAction","target":{"@type":"EntryPoint","urlTemplate":"https:\/\/talkpal.ai\/sv\/?s={search_term_string}"},"query-input":{"@type":"PropertyValueSpecification","valueRequired":true,"valueName":"search_term_string"}}],"inLanguage":"sv-SE"},{"@type":"Organization","@id":"https:\/\/talkpal.ai\/sv\/#organization","name":"Talkpal, Inc.","alternateName":"Talkpal AI","url":"https:\/\/talkpal.ai\/sv\/","logo":{"@type":"ImageObject","inLanguage":"sv-SE","@id":"https:\/\/talkpal.ai\/sv\/#\/schema\/logo\/image\/","url":"https:\/\/talkpal.ai\/wp-content\/uploads\/2024\/03\/Talkpal-Logo-Icon.png","contentUrl":"https:\/\/talkpal.ai\/wp-content\/uploads\/2024\/03\/Talkpal-Logo-Icon.png","width":2880,"height":2880,"caption":"Talkpal, Inc."},"image":{"@id":"https:\/\/talkpal.ai\/sv\/#\/schema\/logo\/image\/"},"sameAs":["https:\/\/www.facebook.com\/profile.php?id=100090733639311","https:\/\/x.com\/talkpalai","https:\/\/www.linkedin.com\/company\/talkpal\/","https:\/\/www.youtube.com\/@TalkPal\/","https:\/\/www.tiktok.com\/@talkpal","https:\/\/www.instagram.com\/talkpal_ai\/","https:\/\/www.crunchbase.com\/organization\/talkpal-9cde","https:\/\/www.g2.com\/products\/talkpal-for-business\/","https:\/\/www.trustpilot.com\/review\/talkpal.ai","https:\/\/www.capterra.com\/p\/10006800\/TalkPal\/"],"description":"Talkpal is a language learning web and mobile education app, powered by the latest AI technologies, that provides engaging experiences to its customers in many different languages to help them improve their language skills. Users can chat about unlimited amount of topics with the app and use other modes to practice their language learning.","email":"support@talkpal.ai","legalName":"Talkpal, Inc.","foundingDate":"2023-04-03","duns":"118989042","numberOfEmployees":{"@type":"QuantitativeValue","minValue":"11","maxValue":"50"},"publishingPrinciples":"https:\/\/talkpal.ai\/publishing-principles\/","actionableFeedbackPolicy":"https:\/\/talkpal.ai\/actionable-feedback-policy\/","correctionsPolicy":"https:\/\/talkpal.ai\/corrections-policy\/","ethicsPolicy":"https:\/\/talkpal.ai\/ethics-policy\/","diversityPolicy":"https:\/\/talkpal.ai\/diversity-policy\/","diversityStaffingReport":"https:\/\/talkpal.ai\/diversity-policy\/"}]}},"_links":{"self":[{"href":"https:\/\/talkpal.ai\/sv\/wp-json\/wp\/v2\/pages\/147149","targetHints":{"allow":["GET"]}}],"collection":[{"href":"https:\/\/talkpal.ai\/sv\/wp-json\/wp\/v2\/pages"}],"about":[{"href":"https:\/\/talkpal.ai\/sv\/wp-json\/wp\/v2\/types\/page"}],"author":[{"embeddable":true,"href":"https:\/\/talkpal.ai\/sv\/wp-json\/wp\/v2\/users\/1"}],"replies":[{"embeddable":true,"href":"https:\/\/talkpal.ai\/sv\/wp-json\/wp\/v2\/comments?post=147149"}],"version-history":[{"count":0,"href":"https:\/\/talkpal.ai\/sv\/wp-json\/wp\/v2\/pages\/147149\/revisions"}],"wp:featuredmedia":[{"embeddable":true,"href":"https:\/\/talkpal.ai\/sv\/wp-json\/wp\/v2\/media\/28485"}],"wp:attachment":[{"href":"https:\/\/talkpal.ai\/sv\/wp-json\/wp\/v2\/media?parent=147149"}],"curies":[{"name":"wp","href":"https:\/\/api.w.org\/{rel}","templated":true}]}}