{"id":146797,"date":"2023-05-14T14:11:28","date_gmt":"2023-05-14T14:11:28","guid":{"rendered":"http:\/\/talkpal.ai\/makedonsk-grammatik\/"},"modified":"2025-12-17T16:35:15","modified_gmt":"2025-12-17T16:35:15","slug":"makedonsk-grammatik","status":"publish","type":"page","link":"https:\/\/talkpal.ai\/sv\/makedonsk-grammatik\/","title":{"rendered":"Makedonsk grammatik"},"content":{"rendered":"\r\n\r\n\r\n<section class=\"languageChallengeSection\">\r\n    <div class=\"languageInfoWrapper\">\r\n        \r\n        <h1>Makedonsk grammatik<\/h1>\r\n        <p>Dyk in i den makedonska grammatikens fascinerande v\u00e4rld och avsl\u00f6ja strukturen bakom detta unika sydslaviska spr\u00e5k. Genom att l\u00e4ra dig grunderna i <a href=\"https:\/\/talkpal.ai\/sv\/grammar\/forfluten-tid-i-makedonsk-grammatik\/\">makedonsk grammatik<\/a> kan du kommunicera med st\u00f6rre sj\u00e4lvf\u00f6rtroende och utforska den rika kulturen i Nordmakedonien. Kom ig\u00e5ng idag och ta ditt f\u00f6rsta steg mot att beh\u00e4rska makedonska!<\/p>\r\n\r\n                            <a class=\"getStartedHidden\" href=\"https:\/\/app.talkpal.ai\/sv\/signup?lng=\">Kom ig\u00e5ng<\/a>\r\n        \r\n    <\/div>\r\n\r\n    <figure>\r\n    <img decoding=\"async\" width=\"768\" height=\"768\" src=\"https:\/\/talkpal.ai\/wp-content\/uploads\/2023\/06\/macedonian-768x768.png\" class=\"languageImage no-lazy\" alt=\"Default alt text\" fetchpriority=\"high\" sizes=\"(max-width: 768px) 150px, 768px\" srcset=\"https:\/\/talkpal.ai\/wp-content\/uploads\/2023\/06\/macedonian-768x768.png 768w, https:\/\/talkpal.ai\/wp-content\/uploads\/2023\/06\/macedonian-300x300.png 300w\" \/>\r\n    \r\n\r\n    <\/figure>\r\n\r\n            <a class=\"getStartedVisible\" href=\"https:\/\/app.talkpal.ai\/sv\/signup?lng=\">Kom ig\u00e5ng<\/a>\r\n    \r\n<\/section>\r\n        <section class=\"grammarSection\">\r\n            <div class=\"grammarLinks\">\r\n                <a href=\"https:\/\/talkpal.ai\/sv\/language\/adjektiv-makedonsk-grammatik\/\">Adjektiv <\/a><a href=\"https:\/\/talkpal.ai\/sv\/language\/adverb-makedonsk-grammatik\/\">Adverb <\/a><a href=\"https:\/\/talkpal.ai\/sv\/language\/artiklar-makedonsk-grammatik\/\">Artiklar <\/a><a href=\"https:\/\/talkpal.ai\/sv\/language\/jamforelse-av-tempus-makedonsk-grammatik\/\">J\u00e4mf\u00f6relse av tempus <\/a><a href=\"https:\/\/talkpal.ai\/sv\/language\/konditionaler-makedonsk-grammatik\/\">Konditionaler <\/a><a href=\"https:\/\/talkpal.ai\/sv\/language\/meningar-makedonsk-grammatik\/\">Meningar <\/a><a href=\"https:\/\/talkpal.ai\/sv\/language\/perfect-progressive-makedonsk-grammatik\/\">Perfect Progressive <\/a><a href=\"https:\/\/talkpal.ai\/sv\/language\/prepositioner-makedonsk-grammatik\/\">Prepositioner <\/a><a href=\"https:\/\/talkpal.ai\/sv\/language\/progressiv-makedonsk-grammatik\/\">Progressiv <\/a><a href=\"https:\/\/talkpal.ai\/sv\/language\/pronomen-makedonsk-grammatik\/\">Pronomen <\/a><a href=\"https:\/\/talkpal.ai\/sv\/language\/substantiv-makedonsk-grammatik\/\">Substantiv <\/a><a href=\"https:\/\/talkpal.ai\/sv\/language\/tempus-makedonsk-grammatik\/\">Tempus <\/a><a href=\"https:\/\/talkpal.ai\/sv\/language\/verb-makedonsk-grammatik\/\">Verb <\/a>            <\/div>\r\n        <\/section>\r\n    <section class=\"promotionalBanner\">\r\n    <p class=\"promotionalText\">Det mest effektiva s\u00e4ttet att l\u00e4ra sig ett spr\u00e5k<\/p>\r\n    <a class=\"promotionalLink\" href=\"https:\/\/app.talkpal.ai\/sv\/signup?lng=\">Prova Talkpal gratis<\/a>\r\n<\/section>\n<div class=\"wp-block-group pageContainerStyle\"><div class=\"wp-block-group__inner-container is-layout-constrained wp-block-group-is-layout-constrained\">\n<h2 class=\"wp-block-heading\" id=\"h-unraveling-the-mysteries-of-macedonian-grammar\">Att reda ut den makedonska grammatikens mysterier<\/h2>\n\n\n\n<p><a href=\"https:\/\/talkpal.ai\/sv\/grammar\/forfluten-tid-i-makedonsk-grammatik\/\">Makedonsk grammatik<\/a> &#8211; invecklad men \u00e4nd\u00e5 l\u00e4ttillg\u00e4nglig, fascinerande men \u00e4nd\u00e5 graci\u00f6s, komplex men \u00e4nd\u00e5 sp\u00e4nnande. N\u00e4r du b\u00f6rjar din resa in i det makedonska spr\u00e5kets v\u00e4rld kan du k\u00e4nna en blandning av sp\u00e4nning och skr\u00e4msel n\u00e4r det g\u00e4ller att dechiffrera dess grammatiska g\u00e5tor. Frukta inte, ivriga <a href=\"https:\/\/talkpal.ai\/talkpal-discount-for-language-enthusiasts\/\">spr\u00e5kentusiaster<\/a>! Vi finns h\u00e4r f\u00f6r att st\u00f6dja dig p\u00e5 detta spr\u00e5kliga \u00e4ventyr!<\/p>\n\n\n\n<p>I <a href=\"https:\/\/talkpal.ai\/culture\/how-do-i-use-den-har-and-det-har\/\">den h\u00e4r<\/a> intressanta artikeln belyser vi viktiga aspekter av <a href=\"https:\/\/talkpal.ai\/learn-macedonian\/\">makedonsk<\/a> <a href=\"https:\/\/talkpal.ai\/fr\/les\/\">grammatik<\/a> genom att ge insikter, f\u00f6rklaringar och praktiska exempel. Vi avsl\u00f6jar att detta fascinerande balkanspr\u00e5k \u00e4r mer l\u00e4ttillg\u00e4ngligt \u00e4n du kanske tror! S\u00e5 sp\u00e4nn fast dig och l\u00e5t <a href=\"https:\/\/talkpal.ai\/locations\/language-courses-in-oss\/\">oss<\/a> f\u00f6renkla och avmystifiera makedonsk grammatik \u00e5t dig.<\/p>\n\n\n\n<h3 class=\"wp-block-heading\" id=\"h-1-delightful-declensions-noun-cases-made-easy\">1. F\u00f6rtjusande deklinationer: Substantivkasus p\u00e5 ett enkelt s\u00e4tt<\/h3>\n\n\n\n<p>Liksom andra slaviska spr\u00e5k har makedoniskan ett komplext substantivkasussystem, som best\u00e5r av tre kasus: nominativ, ackusativ och dativ. \u00c4ven om det \u00e4r mindre skr\u00e4mmande \u00e4n spr\u00e5k med fler kasus, \u00e4r det viktigt att beh\u00e4rska dessa nyanser f\u00f6r att uppn\u00e5 flyt. Dessa fall tilldelar olika roller till substantiv, pronomen och adjektiv i en mening. H\u00e4r \u00e4r en kort \u00f6versikt:<\/p>\n\n\n\n<p><strong>&#8211; Nominativ: Subjektet i meningen<\/strong><\/p>\n\n\n\n<p><strong>&#8211; Ackusativ: Det direkta objektet eller m\u00e5let f\u00f6r en handling<\/strong><\/p>\n\n\n\n<p><strong>&#8211; Dativ: Det indirekta objektet, eller visar riktningen f\u00f6r en handling<\/strong><\/p>\n\n\n\n<p>F\u00f6r att f\u00e5 kl\u00e4m p\u00e5 dessa fall \u00e4r \u00f6vning nyckeln. Med tiden och exponeringen f\u00f6r spr\u00e5ket kommer dessa distinktioner att bli en andra natur.<\/p>\n\n\n\n<h3 class=\"wp-block-heading\" id=\"h-2-amiable-adjectives-agreement-is-everything\">2. \u00c4lskv\u00e4rda adjektiv: \u00d6verenskommelse \u00e4r allt<\/h3>\n\n\n\n<p>Adjektiv i makedonsk grammatik \u00e4r kongeniala konformister. De h\u00e5ller med om genus, numerus och kasus f\u00f6r de substantiv de beskriver. Det inneb\u00e4r att du m\u00e5ste justera varje adjektivs form s\u00e5 att den st\u00e4mmer \u00f6verens med substantivets egenskaper.<\/p>\n\n\n\n<p>F\u00f6r att g\u00f6ra denna process smidigare, fokusera p\u00e5 att l\u00e4ra dig de centrala adjektivformerna \u2013 maskulin, feminin och neutrum. Med regelbunden \u00f6vning kommer processen med adjektiv snart att bli intuitiv.<\/p>\n\n\n\n<h3 class=\"wp-block-heading\" id=\"h-3-vigorous-verbs-conjugation-and-aspect-mastery\">3. Kraftfulla verb: Konjugation och aspektbeh\u00e4rskning<\/h3>\n\n\n\n<p>Liksom andra slaviska spr\u00e5k har makedonska verb stora variationer. Konjugation beror p\u00e5 tempus, hum\u00f6r, person, numerus och, viktigast av allt, aspekt.<\/p>\n\n\n\n<p>Makedonska verb har tv\u00e5 aspekter: perfektiv och imperfektiv. Perfektiva verb uttrycker en fullst\u00e4ndig handling, medan imperfektiva verb f\u00f6rmedlar en p\u00e5g\u00e5ende eller repetitiv handling. Att f\u00f6rst\u00e5 detta koncept \u00e4r avg\u00f6rande f\u00f6r att f\u00f6rfina din grammatiska expertis.<\/p>\n\n\n\n<h3 class=\"wp-block-heading\" id=\"h-4-pitch-perfect-particles-mastering-stress-and-intonation\">4. Pitch-perfect partiklar: Bem\u00e4stra stress och intonation<\/h3>\n\n\n\n<p>En unik makedonsk utmaning f\u00f6r spr\u00e5kinl\u00e4rare \u00e4r att beh\u00e4rska det distinkta tonh\u00f6jdsaccentsystemet som tilldelar betoning och intonation till stavelser. Detta system kan direkt p\u00e5verka mening och f\u00f6rst\u00e5else.<\/p>\n\n\n\n<p>F\u00f6r att uppn\u00e5 korrekt uttal och klarhet i kommunikationen b\u00f6r du vara uppm\u00e4rksam p\u00e5 intonationsm\u00f6nster i tal av personer med makedonska som modersm\u00e5l. Som nyb\u00f6rjare kan du k\u00e4mpa, men kom ih\u00e5g att \u00f6vning f\u00f6der sj\u00e4lvf\u00f6rtroende och beh\u00e4rskning.<\/p>\n\n\n\n<h3 class=\"wp-block-heading\" id=\"h-5-embrace-the-intricacies-persevere-and-prosper\">5. Omfamna kr\u00e5ngligheterna: H\u00e5ll ut och blomstra<\/h3>\n\n\n\n<p>Makedonsk grammatik kan vid f\u00f6rsta anblicken verka komplex, men kom ih\u00e5g att t\u00e5lamod, \u00f6vning och uth\u00e5llighet \u00e4r hemligheterna bakom framg\u00e5ng. Engagera dig i spr\u00e5ket genom att l\u00e4sa, skriva, lyssna och tala. Omfamna utmaningarna och bel\u00f6na dig sj\u00e4lv med tillfredsst\u00e4llelsen av framsteg.<\/p>\n\n\n\n<p>S\u00e5, \u00e4r du redo att dyka in i den fascinerande sf\u00e4ren av makedonsk grammatik? Omfamna dess egenheter och komplexitet, njut av subtiliteterna och kom ih\u00e5g att du med engagemang och entusiasm kan l\u00e5sa upp den sanna sk\u00f6nheten i det makedonska spr\u00e5ket. \u0421\u043e \u0441\u0440\u0435\u045c\u0430! (Lycka till!)<\/p>\n<\/div><\/div>\n\r\n<section class=\"learnNavigationSection\">\r\n            \r\n        <a href=\"https:\/\/talkpal.ai\/sv\/lar-dig-makedonska\/\">\r\n            <div class=\"learnNavigationWrapper\">\r\n                <div class=\"learnNavigationContent\">\r\n                    <img decoding=\"async\" src=\"https:\/\/talkpal.ai\/wp-content\/uploads\/2024\/08\/Macedonian.jpg\" alt=\"Macedonian Flag\">\r\n                    <div>\r\n                        <h4>Om Macedonian Learning<\/h4>\r\n                        <p>Ta reda p\u00e5 allt om makedonsk grammatik.<\/p>\r\n                    <\/div>\r\n                <\/div>\r\n            <\/div>\r\n        <\/a>\r\n\r\n        \r\n        <a href=\"https:\/\/talkpal.ai\/sv\/makedonska-grammatikovningar\/\">\r\n            <div class=\"learnNavigationWrapper\">\r\n                <div class=\"learnNavigationContent\">\r\n                    <img decoding=\"async\" src=\"https:\/\/talkpal.ai\/wp-content\/uploads\/2024\/08\/Macedonian.jpg\" alt=\"Macedonian Flag\">\r\n                    <div>\r\n                        <h4>Makedonsk grammatik &#8211; \u00f6vning<\/h4>\r\n                        <p>\u00d6va makedonsk grammatik.<\/p>\r\n                    <\/div>\r\n                <\/div>\r\n            <\/div>\r\n        <\/a>\r\n\r\n        \r\n        <a href=\"https:\/\/talkpal.ai\/vocabulary_language\/macedonian\/\">\r\n            <div class=\"learnNavigationWrapper\">\r\n                <div class=\"learnNavigationContent\">\r\n                    <img decoding=\"async\" src=\"https:\/\/talkpal.ai\/wp-content\/uploads\/2024\/08\/Macedonian.jpg\" alt=\"Macedonian Flag\">\r\n                    <div>\r\n                        <h4>Makedonsk vokabul\u00e4r<\/h4>\r\n                        <p>Ut\u00f6ka ditt makedonska ordf\u00f6rr\u00e5d.<\/p>\r\n                    <\/div>\r\n                <\/div>\r\n            <\/div>\r\n        <\/a>\r\n\r\n            <\/section>","protected":false},"excerpt":{"rendered":"<p>Att reda ut den makedonska grammatikens mysterier Makedonsk grammatik &#8211; invecklad men \u00e4nd\u00e5 l\u00e4ttillg\u00e4nglig, fascinerande men \u00e4nd\u00e5 graci\u00f6s, komplex men \u00e4nd\u00e5 sp\u00e4nnande. N\u00e4r du b\u00f6rjar din resa in i det makedonska spr\u00e5kets v\u00e4rld kan du k\u00e4nna en blandning av sp\u00e4nning och skr\u00e4msel n\u00e4r det g\u00e4ller att dechiffrera dess grammatiska g\u00e5tor. Frukta inte, ivriga spr\u00e5kentusiaster! Vi [&hellip;]<\/p>\n","protected":false},"author":1,"featured_media":28597,"parent":0,"menu_order":0,"comment_status":"closed","ping_status":"closed","template":"LearningContentPage.php","meta":{"_acf_changed":false,"footnotes":""},"class_list":["post-146797","page","type-page","status-publish","has-post-thumbnail","hentry"],"acf":[],"yoast_head":"<!-- This site is optimized with the Yoast SEO Premium plugin v27.2 (Yoast SEO v27.2) - https:\/\/yoast.com\/product\/yoast-seo-premium-wordpress\/ -->\n<title>Makedonsk grammatik - Talkpal<\/title>\n<meta name=\"description\" content=\"Beh\u00e4rska makedonsk grammatik utan anstr\u00e4ngning med Talkpal, din AI-drivna spr\u00e5khandledare. F\u00f6rb\u00e4ttra dina kunskaper i makedonsk grammatik!\" \/>\n<meta name=\"robots\" content=\"index, follow, max-snippet:-1, max-image-preview:large, max-video-preview:-1\" \/>\n<link rel=\"canonical\" href=\"https:\/\/talkpal.ai\/sv\/makedonsk-grammatik\/\" \/>\n<meta property=\"og:locale\" content=\"sv_SE\" \/>\n<meta property=\"og:type\" content=\"article\" \/>\n<meta property=\"og:title\" content=\"Makedonsk grammatik\" \/>\n<meta property=\"og:description\" content=\"Att reda ut den makedonska grammatikens mysterier Makedonsk grammatik - invecklad men \u00e4nd\u00e5 l\u00e4ttillg\u00e4nglig, fascinerande men \u00e4nd\u00e5 graci\u00f6s, komplex men \u00e4nd\u00e5\" \/>\n<meta property=\"og:url\" content=\"https:\/\/talkpal.ai\/sv\/makedonsk-grammatik\/\" \/>\n<meta property=\"og:site_name\" content=\"Talkpal\" \/>\n<meta property=\"article:publisher\" content=\"https:\/\/www.facebook.com\/profile.php?id=100090733639311\" \/>\n<meta property=\"article:modified_time\" content=\"2025-12-17T16:35:15+00:00\" \/>\n<meta property=\"og:image\" content=\"https:\/\/talkpal.ai\/wp-content\/uploads\/2023\/05\/republic-of-macedonia.png\" \/>\n\t<meta property=\"og:image:width\" content=\"512\" \/>\n\t<meta property=\"og:image:height\" content=\"512\" \/>\n\t<meta property=\"og:image:type\" content=\"image\/png\" \/>\n<meta name=\"twitter:card\" content=\"summary_large_image\" \/>\n<meta name=\"twitter:site\" content=\"@talkpalai\" \/>\n<meta name=\"twitter:label1\" content=\"Ber\u00e4knad l\u00e4stid\" \/>\n\t<meta name=\"twitter:data1\" content=\"3 minuter\" \/>\n<script type=\"application\/ld+json\" class=\"yoast-schema-graph\">{\"@context\":\"https:\/\/schema.org\",\"@graph\":[{\"@type\":\"WebPage\",\"@id\":\"https:\/\/talkpal.ai\/sv\/makedonsk-grammatik\/\",\"url\":\"https:\/\/talkpal.ai\/sv\/makedonsk-grammatik\/\",\"name\":\"Makedonsk grammatik - Talkpal\",\"isPartOf\":{\"@id\":\"https:\/\/talkpal.ai\/sv\/#website\"},\"primaryImageOfPage\":{\"@id\":\"https:\/\/talkpal.ai\/sv\/makedonsk-grammatik\/#primaryimage\"},\"image\":{\"@id\":\"https:\/\/talkpal.ai\/sv\/makedonsk-grammatik\/#primaryimage\"},\"thumbnailUrl\":\"https:\/\/talkpal.ai\/wp-content\/uploads\/2023\/05\/republic-of-macedonia.png\",\"datePublished\":\"2023-05-14T14:11:28+00:00\",\"dateModified\":\"2025-12-17T16:35:15+00:00\",\"description\":\"Beh\u00e4rska makedonsk grammatik utan anstr\u00e4ngning med Talkpal, din AI-drivna spr\u00e5khandledare. F\u00f6rb\u00e4ttra dina kunskaper i makedonsk grammatik!\",\"breadcrumb\":{\"@id\":\"https:\/\/talkpal.ai\/sv\/makedonsk-grammatik\/#breadcrumb\"},\"inLanguage\":\"sv-SE\",\"potentialAction\":[{\"@type\":\"ReadAction\",\"target\":[\"https:\/\/talkpal.ai\/sv\/makedonsk-grammatik\/\"]}]},{\"@type\":\"ImageObject\",\"inLanguage\":\"sv-SE\",\"@id\":\"https:\/\/talkpal.ai\/sv\/makedonsk-grammatik\/#primaryimage\",\"url\":\"https:\/\/talkpal.ai\/wp-content\/uploads\/2023\/05\/republic-of-macedonia.png\",\"contentUrl\":\"https:\/\/talkpal.ai\/wp-content\/uploads\/2023\/05\/republic-of-macedonia.png\",\"width\":512,\"height\":512},{\"@type\":\"BreadcrumbList\",\"@id\":\"https:\/\/talkpal.ai\/sv\/makedonsk-grammatik\/#breadcrumb\",\"itemListElement\":[{\"@type\":\"ListItem\",\"position\":1,\"name\":\"Homepage\",\"item\":\"https:\/\/talkpal.ai\/sv\/\"},{\"@type\":\"ListItem\",\"position\":2,\"name\":\"Makedonsk grammatik\"}]},{\"@type\":\"WebSite\",\"@id\":\"https:\/\/talkpal.ai\/sv\/#website\",\"url\":\"https:\/\/talkpal.ai\/sv\/\",\"name\":\"Talkpal\",\"description\":\"AI Language Learning\",\"publisher\":{\"@id\":\"https:\/\/talkpal.ai\/sv\/#organization\"},\"alternateName\":\"Talkpal AI\",\"potentialAction\":[{\"@type\":\"SearchAction\",\"target\":{\"@type\":\"EntryPoint\",\"urlTemplate\":\"https:\/\/talkpal.ai\/sv\/?s={search_term_string}\"},\"query-input\":{\"@type\":\"PropertyValueSpecification\",\"valueRequired\":true,\"valueName\":\"search_term_string\"}}],\"inLanguage\":\"sv-SE\"},{\"@type\":\"Organization\",\"@id\":\"https:\/\/talkpal.ai\/sv\/#organization\",\"name\":\"Talkpal, Inc.\",\"alternateName\":\"Talkpal AI\",\"url\":\"https:\/\/talkpal.ai\/sv\/\",\"logo\":{\"@type\":\"ImageObject\",\"inLanguage\":\"sv-SE\",\"@id\":\"https:\/\/talkpal.ai\/sv\/#\/schema\/logo\/image\/\",\"url\":\"https:\/\/talkpal.ai\/wp-content\/uploads\/2024\/03\/Talkpal-Logo-Icon.png\",\"contentUrl\":\"https:\/\/talkpal.ai\/wp-content\/uploads\/2024\/03\/Talkpal-Logo-Icon.png\",\"width\":2880,\"height\":2880,\"caption\":\"Talkpal, Inc.\"},\"image\":{\"@id\":\"https:\/\/talkpal.ai\/sv\/#\/schema\/logo\/image\/\"},\"sameAs\":[\"https:\/\/www.facebook.com\/profile.php?id=100090733639311\",\"https:\/\/x.com\/talkpalai\",\"https:\/\/www.linkedin.com\/company\/talkpal\/\",\"https:\/\/www.youtube.com\/@TalkPal\/\",\"https:\/\/www.tiktok.com\/@talkpal\",\"https:\/\/www.instagram.com\/talkpal_ai\/\",\"https:\/\/www.crunchbase.com\/organization\/talkpal-9cde\",\"https:\/\/www.g2.com\/products\/talkpal-for-business\/\",\"https:\/\/www.trustpilot.com\/review\/talkpal.ai\",\"https:\/\/www.capterra.com\/p\/10006800\/TalkPal\/\"],\"description\":\"Talkpal is a language learning web and mobile education app, powered by the latest AI technologies, that provides engaging experiences to its customers in many different languages to help them improve their language skills. Users can chat about unlimited amount of topics with the app and use other modes to practice their language learning.\",\"email\":\"support@talkpal.ai\",\"legalName\":\"Talkpal, Inc.\",\"foundingDate\":\"2023-04-03\",\"duns\":\"118989042\",\"numberOfEmployees\":{\"@type\":\"QuantitativeValue\",\"minValue\":\"11\",\"maxValue\":\"50\"},\"publishingPrinciples\":\"https:\/\/talkpal.ai\/publishing-principles\/\",\"actionableFeedbackPolicy\":\"https:\/\/talkpal.ai\/actionable-feedback-policy\/\",\"correctionsPolicy\":\"https:\/\/talkpal.ai\/corrections-policy\/\",\"ethicsPolicy\":\"https:\/\/talkpal.ai\/ethics-policy\/\",\"diversityPolicy\":\"https:\/\/talkpal.ai\/diversity-policy\/\",\"diversityStaffingReport\":\"https:\/\/talkpal.ai\/diversity-policy\/\"}]}<\/script>\n<!-- \/ Yoast SEO Premium plugin. -->","yoast_head_json":{"title":"Makedonsk grammatik - Talkpal","description":"Beh\u00e4rska makedonsk grammatik utan anstr\u00e4ngning med Talkpal, din AI-drivna spr\u00e5khandledare. F\u00f6rb\u00e4ttra dina kunskaper i makedonsk grammatik!","robots":{"index":"index","follow":"follow","max-snippet":"max-snippet:-1","max-image-preview":"max-image-preview:large","max-video-preview":"max-video-preview:-1"},"canonical":"https:\/\/talkpal.ai\/sv\/makedonsk-grammatik\/","og_locale":"sv_SE","og_type":"article","og_title":"Makedonsk grammatik","og_description":"Att reda ut den makedonska grammatikens mysterier Makedonsk grammatik - invecklad men \u00e4nd\u00e5 l\u00e4ttillg\u00e4nglig, fascinerande men \u00e4nd\u00e5 graci\u00f6s, komplex men \u00e4nd\u00e5","og_url":"https:\/\/talkpal.ai\/sv\/makedonsk-grammatik\/","og_site_name":"Talkpal","article_publisher":"https:\/\/www.facebook.com\/profile.php?id=100090733639311","article_modified_time":"2025-12-17T16:35:15+00:00","og_image":[{"width":512,"height":512,"url":"https:\/\/talkpal.ai\/wp-content\/uploads\/2023\/05\/republic-of-macedonia.png","type":"image\/png"}],"twitter_card":"summary_large_image","twitter_site":"@talkpalai","twitter_misc":{"Ber\u00e4knad l\u00e4stid":"3 minuter"},"schema":{"@context":"https:\/\/schema.org","@graph":[{"@type":"WebPage","@id":"https:\/\/talkpal.ai\/sv\/makedonsk-grammatik\/","url":"https:\/\/talkpal.ai\/sv\/makedonsk-grammatik\/","name":"Makedonsk grammatik - Talkpal","isPartOf":{"@id":"https:\/\/talkpal.ai\/sv\/#website"},"primaryImageOfPage":{"@id":"https:\/\/talkpal.ai\/sv\/makedonsk-grammatik\/#primaryimage"},"image":{"@id":"https:\/\/talkpal.ai\/sv\/makedonsk-grammatik\/#primaryimage"},"thumbnailUrl":"https:\/\/talkpal.ai\/wp-content\/uploads\/2023\/05\/republic-of-macedonia.png","datePublished":"2023-05-14T14:11:28+00:00","dateModified":"2025-12-17T16:35:15+00:00","description":"Beh\u00e4rska makedonsk grammatik utan anstr\u00e4ngning med Talkpal, din AI-drivna spr\u00e5khandledare. F\u00f6rb\u00e4ttra dina kunskaper i makedonsk grammatik!","breadcrumb":{"@id":"https:\/\/talkpal.ai\/sv\/makedonsk-grammatik\/#breadcrumb"},"inLanguage":"sv-SE","potentialAction":[{"@type":"ReadAction","target":["https:\/\/talkpal.ai\/sv\/makedonsk-grammatik\/"]}]},{"@type":"ImageObject","inLanguage":"sv-SE","@id":"https:\/\/talkpal.ai\/sv\/makedonsk-grammatik\/#primaryimage","url":"https:\/\/talkpal.ai\/wp-content\/uploads\/2023\/05\/republic-of-macedonia.png","contentUrl":"https:\/\/talkpal.ai\/wp-content\/uploads\/2023\/05\/republic-of-macedonia.png","width":512,"height":512},{"@type":"BreadcrumbList","@id":"https:\/\/talkpal.ai\/sv\/makedonsk-grammatik\/#breadcrumb","itemListElement":[{"@type":"ListItem","position":1,"name":"Homepage","item":"https:\/\/talkpal.ai\/sv\/"},{"@type":"ListItem","position":2,"name":"Makedonsk grammatik"}]},{"@type":"WebSite","@id":"https:\/\/talkpal.ai\/sv\/#website","url":"https:\/\/talkpal.ai\/sv\/","name":"Talkpal","description":"AI Language Learning","publisher":{"@id":"https:\/\/talkpal.ai\/sv\/#organization"},"alternateName":"Talkpal AI","potentialAction":[{"@type":"SearchAction","target":{"@type":"EntryPoint","urlTemplate":"https:\/\/talkpal.ai\/sv\/?s={search_term_string}"},"query-input":{"@type":"PropertyValueSpecification","valueRequired":true,"valueName":"search_term_string"}}],"inLanguage":"sv-SE"},{"@type":"Organization","@id":"https:\/\/talkpal.ai\/sv\/#organization","name":"Talkpal, Inc.","alternateName":"Talkpal AI","url":"https:\/\/talkpal.ai\/sv\/","logo":{"@type":"ImageObject","inLanguage":"sv-SE","@id":"https:\/\/talkpal.ai\/sv\/#\/schema\/logo\/image\/","url":"https:\/\/talkpal.ai\/wp-content\/uploads\/2024\/03\/Talkpal-Logo-Icon.png","contentUrl":"https:\/\/talkpal.ai\/wp-content\/uploads\/2024\/03\/Talkpal-Logo-Icon.png","width":2880,"height":2880,"caption":"Talkpal, Inc."},"image":{"@id":"https:\/\/talkpal.ai\/sv\/#\/schema\/logo\/image\/"},"sameAs":["https:\/\/www.facebook.com\/profile.php?id=100090733639311","https:\/\/x.com\/talkpalai","https:\/\/www.linkedin.com\/company\/talkpal\/","https:\/\/www.youtube.com\/@TalkPal\/","https:\/\/www.tiktok.com\/@talkpal","https:\/\/www.instagram.com\/talkpal_ai\/","https:\/\/www.crunchbase.com\/organization\/talkpal-9cde","https:\/\/www.g2.com\/products\/talkpal-for-business\/","https:\/\/www.trustpilot.com\/review\/talkpal.ai","https:\/\/www.capterra.com\/p\/10006800\/TalkPal\/"],"description":"Talkpal is a language learning web and mobile education app, powered by the latest AI technologies, that provides engaging experiences to its customers in many different languages to help them improve their language skills. Users can chat about unlimited amount of topics with the app and use other modes to practice their language learning.","email":"support@talkpal.ai","legalName":"Talkpal, Inc.","foundingDate":"2023-04-03","duns":"118989042","numberOfEmployees":{"@type":"QuantitativeValue","minValue":"11","maxValue":"50"},"publishingPrinciples":"https:\/\/talkpal.ai\/publishing-principles\/","actionableFeedbackPolicy":"https:\/\/talkpal.ai\/actionable-feedback-policy\/","correctionsPolicy":"https:\/\/talkpal.ai\/corrections-policy\/","ethicsPolicy":"https:\/\/talkpal.ai\/ethics-policy\/","diversityPolicy":"https:\/\/talkpal.ai\/diversity-policy\/","diversityStaffingReport":"https:\/\/talkpal.ai\/diversity-policy\/"}]}},"_links":{"self":[{"href":"https:\/\/talkpal.ai\/sv\/wp-json\/wp\/v2\/pages\/146797","targetHints":{"allow":["GET"]}}],"collection":[{"href":"https:\/\/talkpal.ai\/sv\/wp-json\/wp\/v2\/pages"}],"about":[{"href":"https:\/\/talkpal.ai\/sv\/wp-json\/wp\/v2\/types\/page"}],"author":[{"embeddable":true,"href":"https:\/\/talkpal.ai\/sv\/wp-json\/wp\/v2\/users\/1"}],"replies":[{"embeddable":true,"href":"https:\/\/talkpal.ai\/sv\/wp-json\/wp\/v2\/comments?post=146797"}],"version-history":[{"count":0,"href":"https:\/\/talkpal.ai\/sv\/wp-json\/wp\/v2\/pages\/146797\/revisions"}],"wp:featuredmedia":[{"embeddable":true,"href":"https:\/\/talkpal.ai\/sv\/wp-json\/wp\/v2\/media\/28597"}],"wp:attachment":[{"href":"https:\/\/talkpal.ai\/sv\/wp-json\/wp\/v2\/media?parent=146797"}],"curies":[{"name":"wp","href":"https:\/\/api.w.org\/{rel}","templated":true}]}}