{"id":146569,"date":"2023-05-14T14:11:00","date_gmt":"2023-05-14T14:11:00","guid":{"rendered":"http:\/\/talkpal.ai\/kazakisk-grammatik\/"},"modified":"2025-12-17T17:18:13","modified_gmt":"2025-12-17T17:18:13","slug":"kazakisk-grammatik","status":"publish","type":"page","link":"https:\/\/talkpal.ai\/sv\/kazakisk-grammatik\/","title":{"rendered":"Kazakisk grammatik"},"content":{"rendered":"\r\n\r\n\r\n<section class=\"languageChallengeSection\">\r\n    <div class=\"languageInfoWrapper\">\r\n        \r\n        <h1>Kazakisk grammatik<\/h1>\r\n        <p>Att l\u00e4ra sig <a href=\"https:\/\/talkpal.ai\/learn-kazakh\/\">kazakiska<\/a> \u00f6ppnar d\u00f6rren till ett spr\u00e5k som \u00e4r rikt p\u00e5 historia och kultur, och i dess hj\u00e4rta ligger ett fascinerande grammatiksystem. Den kazakiska grammatiken kan verka komplicerad till en b\u00f6rjan, men om du f\u00f6rst\u00e5r dess centrala funktioner &#8211; som vokalharmoni, substantivfall och verbtider &#8211; blir det b\u00e5de m\u00f6jligt och givande att beh\u00e4rska spr\u00e5ket. Dyk in och uppt\u00e4ck vad som g\u00f6r Kazakstan unikt!<\/p>\r\n\r\n                            <a class=\"getStartedHidden\" href=\"https:\/\/app.talkpal.ai\/sv\/signup?lng=\">Kom ig\u00e5ng<\/a>\r\n        \r\n    <\/div>\r\n\r\n    <figure>\r\n    <img decoding=\"async\" width=\"768\" height=\"768\" src=\"https:\/\/talkpal.ai\/wp-content\/uploads\/2023\/06\/Khazak-768x768.png\" class=\"languageImage no-lazy\" alt=\"Default alt text\" fetchpriority=\"high\" sizes=\"(max-width: 768px) 150px, 768px\" srcset=\"https:\/\/talkpal.ai\/wp-content\/uploads\/2023\/06\/Khazak-768x768.png 768w, https:\/\/talkpal.ai\/wp-content\/uploads\/2023\/06\/Khazak-300x300.png 300w\" \/>\r\n    \r\n\r\n    <\/figure>\r\n\r\n            <a class=\"getStartedVisible\" href=\"https:\/\/app.talkpal.ai\/sv\/signup?lng=\">Kom ig\u00e5ng<\/a>\r\n    \r\n<\/section>\r\n        <section class=\"grammarSection\">\r\n            <div class=\"grammarLinks\">\r\n                <a href=\"https:\/\/talkpal.ai\/sv\/language\/adjektiv-kazakisk-grammatik\/\">Adjektiv <\/a><a href=\"https:\/\/talkpal.ai\/sv\/language\/adverb-kazakisk-grammatik\/\">Adverb <\/a><a href=\"https:\/\/talkpal.ai\/sv\/language\/artiklar-kazakisk-grammatik\/\">Artiklar <\/a><a href=\"https:\/\/talkpal.ai\/sv\/language\/jamforelse-av-tempus-kazakisk-grammatik\/\">J\u00e4mf\u00f6relse av tempus <\/a><a href=\"https:\/\/talkpal.ai\/sv\/language\/konditionaler-kazakisk-grammatik\/\">Konditionaler <\/a><a href=\"https:\/\/talkpal.ai\/sv\/language\/meningar-kazakisk-grammatik\/\">Meningar <\/a><a href=\"https:\/\/talkpal.ai\/sv\/language\/perfekt-progressiv-kazakisk-grammatik\/\">Perfekt progressiv <\/a><a href=\"https:\/\/talkpal.ai\/sv\/language\/prepositioner-kazakisk-grammatik\/\">Prepositioner <\/a><a href=\"https:\/\/talkpal.ai\/sv\/language\/progressiv-kazakisk-grammatik\/\">Progressiv <\/a><a href=\"https:\/\/talkpal.ai\/sv\/language\/pronomen-bestamningsfaktorer-kazakisk-grammatik\/\">Pronomen\/best\u00e4mningsfaktorer <\/a><a href=\"https:\/\/talkpal.ai\/sv\/language\/substantiv-kazakisk-grammatik\/\">Substantiv <\/a><a href=\"https:\/\/talkpal.ai\/sv\/language\/tempus-kazakisk-grammatik\/\">Tempus <\/a><a href=\"https:\/\/talkpal.ai\/sv\/language\/verb-kazakisk-grammatik\/\">Verb <\/a>            <\/div>\r\n        <\/section>\r\n    <section class=\"promotionalBanner\">\r\n    <p class=\"promotionalText\">Det mest effektiva s\u00e4ttet att l\u00e4ra sig ett spr\u00e5k<\/p>\r\n    <a class=\"promotionalLink\" href=\"https:\/\/app.talkpal.ai\/sv\/signup?lng=\">Prova Talkpal gratis<\/a>\r\n<\/section>\n<div class=\"wp-block-group pageContainerStyle\"><div class=\"wp-block-group__inner-container is-layout-constrained wp-block-group-is-layout-constrained\">\n<h2 class=\"wp-block-heading\" id=\"h-kazakh-grammar-unlocking-the-secrets-of-the-kazakh-language\">Kazakisk grammatik: Att l\u00e5sa upp det kazakiska spr\u00e5kets hemligheter<\/h2>\n\n\n\n<p>N\u00e4r det g\u00e4ller att l\u00e4ra sig det kazakiska spr\u00e5ket \u00e4r det viktigt att f\u00f6rst\u00e5 grunderna i <a href=\"https:\/\/talkpal.ai\/sv\/grammar\/sammansatta-meningar-i-kazakisk-grammatik\/\">kazakisk grammatik<\/a> f\u00f6r att l\u00e5sa upp dess hemligheter. \u00c4ven om det kan verka skr\u00e4mmande till en b\u00f6rjan, har grammatiksystemet unika funktioner som g\u00f6r spr\u00e5ket fascinerande. Denna artikel syftar till att belysa viktiga aspekter av <a href=\"https:\/\/talkpal.ai\/sv\/grammar\/sammansatta-meningar-i-kazakisk-grammatik\/\">kazakisk grammatik<\/a> och ger en konversationsinriktad och informell introduktion till spr\u00e5kets rika struktur.<\/p>\n\n\n\n<h3 class=\"wp-block-heading\" id=\"h-1-nouns-harmony-in-cases-and-declensions\">1. Substantiv \u2013 Harmoni i kasus och deklinationer<\/h3>\n\n\n\n<p>En av de f\u00f6rsta sakerna att t\u00e4nka p\u00e5 i kazakisk <a href=\"https:\/\/talkpal.ai\/fr\/les\/\">grammatik<\/a> \u00e4r substantivets struktur. Spr\u00e5ket anv\u00e4nder ett vokalharmonisystem, d\u00e4r vokalerna \u00e4r antingen fr\u00e4mre eller bakre, och harmoniska kombinationer \u00e4r att f\u00f6redra. Detta system knyter an till substantivplural, som bildas genom olika suffix som matchar den harmoniska gruppen f\u00f6r det f\u00f6rsta substantivet.<\/p>\n\n\n\n<p>Kazakiska substantiv f\u00f6ljer sju kasus: nominativ, genitiv, dativ, ackusativ, lokativ, ablativ och instrumental. \u00c4ven om det \u00e4r skr\u00e4mmande till en b\u00f6rjan \u00e4r det avg\u00f6rande att beh\u00e4rska dessa fall f\u00f6r att skapa korrekta meningsstrukturer. Kasus best\u00e4mmer relationerna mellan ord, vilket m\u00f6jligg\u00f6r flexibilitet i ordf\u00f6ljden utan att f\u00f6rlora betydelsen.<\/p>\n\n\n\n<h3 class=\"wp-block-heading\" id=\"h-2-adjectives-agreement-and-comparison\">2. Adjektiv \u2013 \u00d6verensst\u00e4mmelse och j\u00e4mf\u00f6relse<\/h3>\n\n\n\n<p>Kazakiska adjektiv anv\u00e4nds f\u00f6r att beskriva och ge mer information om substantiv. De m\u00e5ste st\u00e4mma \u00f6verens med substantivet de modifierar n\u00e4r det g\u00e4ller kasus och numerus. Dessutom kan adjektiv j\u00e4mf\u00f6ras med hj\u00e4lp av komparativa och superlativa grader, som uppn\u00e5s genom att l\u00e4gga till motsvarande suffix, f\u00f6r att f\u00f6rmedla olika niv\u00e5er av betoning.<\/p>\n\n\n\n<p>Till exempel \u00e4r ordet f\u00f6r &#8221;vacker&#8221; p\u00e5 kazakiska &#8221;\u0441\u044b\u04a3\u0448\u044b&#8221;. N\u00e4r man beskriver en vacker tr\u00e4dg\u00e5rd (\u0431\u0430\u049b), skulle frasen vara &#8221;\u0441\u044b\u04a3\u0448\u044b \u0431\u0430\u049b.&#8221; F\u00f6r att s\u00e4ga &#8221;vackrare&#8221; skulle du anv\u00e4nda &#8221;\u0441\u044b\u04a3\u0448\u044b\u0440\u0430\u049b&#8221;, medan &#8221;den vackraste&#8221; skulle bildas med &#8221;\u0441\u044b\u04a3\u0448\u044b&#8221;. F\u00f6r att s\u00e4ga &#8221;den vackraste tr\u00e4dg\u00e5rden&#8221; skulle du anv\u00e4nda &#8221;\u0441\u044b\u04a3\u0448\u044b \u0431\u0430\u049b&#8221;.<\/p>\n\n\n\n<h3 class=\"wp-block-heading\" id=\"h-3-verbs-tense-mood-and-aspect\">3. Verb \u2013 tempus, hum\u00f6r och aspekt<\/h3>\n\n\n\n<p>Verb p\u00e5 kazakiska beskriver tempus, st\u00e4mning och aspekt. Spr\u00e5ket inneh\u00e5ller tre huvudtempus: d\u00e5tid, nutid och framtid. Varje tempus har distinkta former baserade p\u00e5 subjektets pronomen, modus (t.ex. <a href=\"https:\/\/talkpal.ai\/ja\/grammar_exercises\/imperatif-%e3%83%95%e3%83%a9%e3%83%b3%e3%82%b9%e3%81%ae%e6%96%87%e6%b3%95%e3%81%ae%e3%81%9f%e3%82%81%e3%81%ae%e6%bc%94%e7%bf%92\/\">imperativ<\/a> eller villkorlig) och aspekt (om handlingen \u00e4r perfektiv, vilket \u00e5terspeglar en fullbordad handling, eller imperfektiv, vilket indikerar p\u00e5g\u00e5ende eller vanem\u00e4ssig handling).<\/p>\n\n\n\n<h3 class=\"wp-block-heading\" id=\"h-4-pronouns-personal-and-demonstrative\">4. Pronomen \u2013 personliga och demonstrativa<\/h3>\n\n\n\n<p>Pronomen i kazakisk grammatik inkluderar personliga, possessiva, demonstrativa, fr\u00e5gande och relativa varieteter. De m\u00e5ste \u00f6verensst\u00e4mma i versal och numerus med det substantiv som de refererar till eller ers\u00e4tter. Demonstrativa pronomen har till exempel tre former: proximala (\u0431\u04b1\u043b), mediala (\u043e\u0441\u044b) och distala (\u0430\u043d\u0430\u0443), beroende p\u00e5 avst\u00e5ndet till talaren.<\/p>\n\n\n\n<h3 class=\"wp-block-heading\" id=\"h-5-embracing-the-uniqueness-of-kazakh-grammar\">5. Omfamna det unika i kazakisk grammatik<\/h3>\n\n\n\n<p>N\u00e4r du p\u00e5b\u00f6rjar din spr\u00e5kresa i kazakiska b\u00f6r du komma ih\u00e5g att det inte handlar om att beh\u00e4rska alla nyanser p\u00e5 en g\u00e5ng. Njut av att uppt\u00e4cka det unika grammatiksystemet som skiljer kazakiska fr\u00e5n andra och ta dig tid att f\u00f6rst\u00e5 det utan att k\u00e4nna dig \u00f6verv\u00e4ldigad.<\/p>\n\n\n\n<p>Genom att uppskatta och utforska den kazakiska grammatikens egenheter kan du verkligen ta del av spr\u00e5kets sk\u00f6nhet och f\u00e5 st\u00f6rre tillg\u00e5ng till det rika kulturarv som spr\u00e5ket utg\u00f6r. \u0421\u04d9\u0442\u0442\u0456 \u043e\u049b\u0443 \u2013 Lycka till med l\u00e4randet!<\/p>\n<\/div><\/div>\n\r\n<section class=\"learnNavigationSection\">\r\n            \r\n        <a href=\"https:\/\/talkpal.ai\/sv\/lar-dig-kazakiska\/\">\r\n            <div class=\"learnNavigationWrapper\">\r\n                <div class=\"learnNavigationContent\">\r\n                    <img decoding=\"async\" src=\"https:\/\/talkpal.ai\/wp-content\/uploads\/2024\/08\/Kazakh.jpg\" alt=\"Kazakh Flag\">\r\n                    <div>\r\n                        <h4>Om kazakiskt l\u00e4rande<\/h4>\r\n                        <p>Ta reda p\u00e5 allt om kazakisk grammatik.<\/p>\r\n                    <\/div>\r\n                <\/div>\r\n            <\/div>\r\n        <\/a>\r\n\r\n        \r\n        <a href=\"https:\/\/talkpal.ai\/sv\/kazakiska-grammatikovningar\/\">\r\n            <div class=\"learnNavigationWrapper\">\r\n                <div class=\"learnNavigationContent\">\r\n                    <img decoding=\"async\" src=\"https:\/\/talkpal.ai\/wp-content\/uploads\/2024\/08\/Kazakh.jpg\" alt=\"Kazakh Flag\">\r\n                    <div>\r\n                        <h4>Kazakisk grammatik \u00f6vning<\/h4>\r\n                        <p>\u00d6va kazakisk grammatik.<\/p>\r\n                    <\/div>\r\n                <\/div>\r\n            <\/div>\r\n        <\/a>\r\n\r\n        \r\n        <a href=\"https:\/\/talkpal.ai\/vocabulary_language\/kazakh\/\">\r\n            <div class=\"learnNavigationWrapper\">\r\n                <div class=\"learnNavigationContent\">\r\n                    <img decoding=\"async\" src=\"https:\/\/talkpal.ai\/wp-content\/uploads\/2024\/08\/Kazakh.jpg\" alt=\"Kazakh Flag\">\r\n                    <div>\r\n                        <h4>Kazakisk vokabul\u00e4r<\/h4>\r\n                        <p>Ut\u00f6ka ditt kazakiska ordf\u00f6rr\u00e5d.<\/p>\r\n                    <\/div>\r\n                <\/div>\r\n            <\/div>\r\n        <\/a>\r\n\r\n            <\/section>","protected":false},"excerpt":{"rendered":"<p>Kazakisk grammatik: Att l\u00e5sa upp det kazakiska spr\u00e5kets hemligheter N\u00e4r det g\u00e4ller att l\u00e4ra sig det kazakiska spr\u00e5ket \u00e4r det viktigt att f\u00f6rst\u00e5 grunderna i kazakisk grammatik f\u00f6r att l\u00e5sa upp dess hemligheter. \u00c4ven om det kan verka skr\u00e4mmande till en b\u00f6rjan, har grammatiksystemet unika funktioner som g\u00f6r spr\u00e5ket fascinerande. Denna artikel syftar till att [&hellip;]<\/p>\n","protected":false},"author":1,"featured_media":28437,"parent":0,"menu_order":0,"comment_status":"closed","ping_status":"closed","template":"LearningContentPage.php","meta":{"_acf_changed":false,"footnotes":""},"class_list":["post-146569","page","type-page","status-publish","has-post-thumbnail","hentry"],"acf":[],"yoast_head":"<!-- This site is optimized with the Yoast SEO Premium plugin v27.2 (Yoast SEO v27.2) - https:\/\/yoast.com\/product\/yoast-seo-premium-wordpress\/ -->\n<title>Kazakisk grammatik - Talkpal<\/title>\n<meta name=\"description\" content=\"Beh\u00e4rska kazakisk grammatik utan anstr\u00e4ngning - l\u00e4r dig viktiga regler, \u00f6va p\u00e5 meningsbyggnad och f\u00f6rb\u00e4ttra ditt flyt snabbt\" \/>\n<meta name=\"robots\" content=\"index, follow, max-snippet:-1, max-image-preview:large, max-video-preview:-1\" \/>\n<link rel=\"canonical\" href=\"https:\/\/talkpal.ai\/sv\/kazakisk-grammatik\/\" \/>\n<meta property=\"og:locale\" content=\"sv_SE\" \/>\n<meta property=\"og:type\" content=\"article\" \/>\n<meta property=\"og:title\" content=\"Kazakisk grammatik\" \/>\n<meta property=\"og:description\" content=\"Kazakisk grammatik: Att l\u00e5sa upp det kazakiska spr\u00e5kets hemligheter N\u00e4r det g\u00e4ller att l\u00e4ra sig det kazakiska spr\u00e5ket \u00e4r det viktigt att f\u00f6rst\u00e5 grunderna\" \/>\n<meta property=\"og:url\" content=\"https:\/\/talkpal.ai\/sv\/kazakisk-grammatik\/\" \/>\n<meta property=\"og:site_name\" content=\"Talkpal\" \/>\n<meta property=\"article:publisher\" content=\"https:\/\/www.facebook.com\/profile.php?id=100090733639311\" \/>\n<meta property=\"article:modified_time\" content=\"2025-12-17T17:18:13+00:00\" \/>\n<meta property=\"og:image\" content=\"https:\/\/talkpal.ai\/wp-content\/uploads\/2023\/05\/kazakhstan.png\" \/>\n\t<meta property=\"og:image:width\" content=\"512\" \/>\n\t<meta property=\"og:image:height\" content=\"512\" \/>\n\t<meta property=\"og:image:type\" content=\"image\/png\" \/>\n<meta name=\"twitter:card\" content=\"summary_large_image\" \/>\n<meta name=\"twitter:site\" content=\"@talkpalai\" \/>\n<meta name=\"twitter:label1\" content=\"Ber\u00e4knad l\u00e4stid\" \/>\n\t<meta name=\"twitter:data1\" content=\"3 minuter\" \/>\n<script type=\"application\/ld+json\" class=\"yoast-schema-graph\">{\"@context\":\"https:\/\/schema.org\",\"@graph\":[{\"@type\":\"WebPage\",\"@id\":\"https:\/\/talkpal.ai\/sv\/kazakisk-grammatik\/\",\"url\":\"https:\/\/talkpal.ai\/sv\/kazakisk-grammatik\/\",\"name\":\"Kazakisk grammatik - Talkpal\",\"isPartOf\":{\"@id\":\"https:\/\/talkpal.ai\/sv\/#website\"},\"primaryImageOfPage\":{\"@id\":\"https:\/\/talkpal.ai\/sv\/kazakisk-grammatik\/#primaryimage\"},\"image\":{\"@id\":\"https:\/\/talkpal.ai\/sv\/kazakisk-grammatik\/#primaryimage\"},\"thumbnailUrl\":\"https:\/\/talkpal.ai\/wp-content\/uploads\/2023\/05\/kazakhstan.png\",\"datePublished\":\"2023-05-14T14:11:00+00:00\",\"dateModified\":\"2025-12-17T17:18:13+00:00\",\"description\":\"Beh\u00e4rska kazakisk grammatik utan anstr\u00e4ngning - l\u00e4r dig viktiga regler, \u00f6va p\u00e5 meningsbyggnad och f\u00f6rb\u00e4ttra ditt flyt snabbt\",\"breadcrumb\":{\"@id\":\"https:\/\/talkpal.ai\/sv\/kazakisk-grammatik\/#breadcrumb\"},\"inLanguage\":\"sv-SE\",\"potentialAction\":[{\"@type\":\"ReadAction\",\"target\":[\"https:\/\/talkpal.ai\/sv\/kazakisk-grammatik\/\"]}]},{\"@type\":\"ImageObject\",\"inLanguage\":\"sv-SE\",\"@id\":\"https:\/\/talkpal.ai\/sv\/kazakisk-grammatik\/#primaryimage\",\"url\":\"https:\/\/talkpal.ai\/wp-content\/uploads\/2023\/05\/kazakhstan.png\",\"contentUrl\":\"https:\/\/talkpal.ai\/wp-content\/uploads\/2023\/05\/kazakhstan.png\",\"width\":512,\"height\":512},{\"@type\":\"BreadcrumbList\",\"@id\":\"https:\/\/talkpal.ai\/sv\/kazakisk-grammatik\/#breadcrumb\",\"itemListElement\":[{\"@type\":\"ListItem\",\"position\":1,\"name\":\"Homepage\",\"item\":\"https:\/\/talkpal.ai\/sv\/\"},{\"@type\":\"ListItem\",\"position\":2,\"name\":\"Kazakisk grammatik\"}]},{\"@type\":\"WebSite\",\"@id\":\"https:\/\/talkpal.ai\/sv\/#website\",\"url\":\"https:\/\/talkpal.ai\/sv\/\",\"name\":\"Talkpal\",\"description\":\"AI Language Learning\",\"publisher\":{\"@id\":\"https:\/\/talkpal.ai\/sv\/#organization\"},\"alternateName\":\"Talkpal AI\",\"potentialAction\":[{\"@type\":\"SearchAction\",\"target\":{\"@type\":\"EntryPoint\",\"urlTemplate\":\"https:\/\/talkpal.ai\/sv\/?s={search_term_string}\"},\"query-input\":{\"@type\":\"PropertyValueSpecification\",\"valueRequired\":true,\"valueName\":\"search_term_string\"}}],\"inLanguage\":\"sv-SE\"},{\"@type\":\"Organization\",\"@id\":\"https:\/\/talkpal.ai\/sv\/#organization\",\"name\":\"Talkpal, Inc.\",\"alternateName\":\"Talkpal AI\",\"url\":\"https:\/\/talkpal.ai\/sv\/\",\"logo\":{\"@type\":\"ImageObject\",\"inLanguage\":\"sv-SE\",\"@id\":\"https:\/\/talkpal.ai\/sv\/#\/schema\/logo\/image\/\",\"url\":\"https:\/\/talkpal.ai\/wp-content\/uploads\/2024\/03\/Talkpal-Logo-Icon.png\",\"contentUrl\":\"https:\/\/talkpal.ai\/wp-content\/uploads\/2024\/03\/Talkpal-Logo-Icon.png\",\"width\":2880,\"height\":2880,\"caption\":\"Talkpal, Inc.\"},\"image\":{\"@id\":\"https:\/\/talkpal.ai\/sv\/#\/schema\/logo\/image\/\"},\"sameAs\":[\"https:\/\/www.facebook.com\/profile.php?id=100090733639311\",\"https:\/\/x.com\/talkpalai\",\"https:\/\/www.linkedin.com\/company\/talkpal\/\",\"https:\/\/www.youtube.com\/@TalkPal\/\",\"https:\/\/www.tiktok.com\/@talkpal\",\"https:\/\/www.instagram.com\/talkpal_ai\/\",\"https:\/\/www.crunchbase.com\/organization\/talkpal-9cde\",\"https:\/\/www.g2.com\/products\/talkpal-for-business\/\",\"https:\/\/www.trustpilot.com\/review\/talkpal.ai\",\"https:\/\/www.capterra.com\/p\/10006800\/TalkPal\/\"],\"description\":\"Talkpal is a language learning web and mobile education app, powered by the latest AI technologies, that provides engaging experiences to its customers in many different languages to help them improve their language skills. Users can chat about unlimited amount of topics with the app and use other modes to practice their language learning.\",\"email\":\"support@talkpal.ai\",\"legalName\":\"Talkpal, Inc.\",\"foundingDate\":\"2023-04-03\",\"duns\":\"118989042\",\"numberOfEmployees\":{\"@type\":\"QuantitativeValue\",\"minValue\":\"11\",\"maxValue\":\"50\"},\"publishingPrinciples\":\"https:\/\/talkpal.ai\/publishing-principles\/\",\"actionableFeedbackPolicy\":\"https:\/\/talkpal.ai\/actionable-feedback-policy\/\",\"correctionsPolicy\":\"https:\/\/talkpal.ai\/corrections-policy\/\",\"ethicsPolicy\":\"https:\/\/talkpal.ai\/ethics-policy\/\",\"diversityPolicy\":\"https:\/\/talkpal.ai\/diversity-policy\/\",\"diversityStaffingReport\":\"https:\/\/talkpal.ai\/diversity-policy\/\"}]}<\/script>\n<!-- \/ Yoast SEO Premium plugin. -->","yoast_head_json":{"title":"Kazakisk grammatik - Talkpal","description":"Beh\u00e4rska kazakisk grammatik utan anstr\u00e4ngning - l\u00e4r dig viktiga regler, \u00f6va p\u00e5 meningsbyggnad och f\u00f6rb\u00e4ttra ditt flyt snabbt","robots":{"index":"index","follow":"follow","max-snippet":"max-snippet:-1","max-image-preview":"max-image-preview:large","max-video-preview":"max-video-preview:-1"},"canonical":"https:\/\/talkpal.ai\/sv\/kazakisk-grammatik\/","og_locale":"sv_SE","og_type":"article","og_title":"Kazakisk grammatik","og_description":"Kazakisk grammatik: Att l\u00e5sa upp det kazakiska spr\u00e5kets hemligheter N\u00e4r det g\u00e4ller att l\u00e4ra sig det kazakiska spr\u00e5ket \u00e4r det viktigt att f\u00f6rst\u00e5 grunderna","og_url":"https:\/\/talkpal.ai\/sv\/kazakisk-grammatik\/","og_site_name":"Talkpal","article_publisher":"https:\/\/www.facebook.com\/profile.php?id=100090733639311","article_modified_time":"2025-12-17T17:18:13+00:00","og_image":[{"width":512,"height":512,"url":"https:\/\/talkpal.ai\/wp-content\/uploads\/2023\/05\/kazakhstan.png","type":"image\/png"}],"twitter_card":"summary_large_image","twitter_site":"@talkpalai","twitter_misc":{"Ber\u00e4knad l\u00e4stid":"3 minuter"},"schema":{"@context":"https:\/\/schema.org","@graph":[{"@type":"WebPage","@id":"https:\/\/talkpal.ai\/sv\/kazakisk-grammatik\/","url":"https:\/\/talkpal.ai\/sv\/kazakisk-grammatik\/","name":"Kazakisk grammatik - Talkpal","isPartOf":{"@id":"https:\/\/talkpal.ai\/sv\/#website"},"primaryImageOfPage":{"@id":"https:\/\/talkpal.ai\/sv\/kazakisk-grammatik\/#primaryimage"},"image":{"@id":"https:\/\/talkpal.ai\/sv\/kazakisk-grammatik\/#primaryimage"},"thumbnailUrl":"https:\/\/talkpal.ai\/wp-content\/uploads\/2023\/05\/kazakhstan.png","datePublished":"2023-05-14T14:11:00+00:00","dateModified":"2025-12-17T17:18:13+00:00","description":"Beh\u00e4rska kazakisk grammatik utan anstr\u00e4ngning - l\u00e4r dig viktiga regler, \u00f6va p\u00e5 meningsbyggnad och f\u00f6rb\u00e4ttra ditt flyt snabbt","breadcrumb":{"@id":"https:\/\/talkpal.ai\/sv\/kazakisk-grammatik\/#breadcrumb"},"inLanguage":"sv-SE","potentialAction":[{"@type":"ReadAction","target":["https:\/\/talkpal.ai\/sv\/kazakisk-grammatik\/"]}]},{"@type":"ImageObject","inLanguage":"sv-SE","@id":"https:\/\/talkpal.ai\/sv\/kazakisk-grammatik\/#primaryimage","url":"https:\/\/talkpal.ai\/wp-content\/uploads\/2023\/05\/kazakhstan.png","contentUrl":"https:\/\/talkpal.ai\/wp-content\/uploads\/2023\/05\/kazakhstan.png","width":512,"height":512},{"@type":"BreadcrumbList","@id":"https:\/\/talkpal.ai\/sv\/kazakisk-grammatik\/#breadcrumb","itemListElement":[{"@type":"ListItem","position":1,"name":"Homepage","item":"https:\/\/talkpal.ai\/sv\/"},{"@type":"ListItem","position":2,"name":"Kazakisk grammatik"}]},{"@type":"WebSite","@id":"https:\/\/talkpal.ai\/sv\/#website","url":"https:\/\/talkpal.ai\/sv\/","name":"Talkpal","description":"AI Language Learning","publisher":{"@id":"https:\/\/talkpal.ai\/sv\/#organization"},"alternateName":"Talkpal AI","potentialAction":[{"@type":"SearchAction","target":{"@type":"EntryPoint","urlTemplate":"https:\/\/talkpal.ai\/sv\/?s={search_term_string}"},"query-input":{"@type":"PropertyValueSpecification","valueRequired":true,"valueName":"search_term_string"}}],"inLanguage":"sv-SE"},{"@type":"Organization","@id":"https:\/\/talkpal.ai\/sv\/#organization","name":"Talkpal, Inc.","alternateName":"Talkpal AI","url":"https:\/\/talkpal.ai\/sv\/","logo":{"@type":"ImageObject","inLanguage":"sv-SE","@id":"https:\/\/talkpal.ai\/sv\/#\/schema\/logo\/image\/","url":"https:\/\/talkpal.ai\/wp-content\/uploads\/2024\/03\/Talkpal-Logo-Icon.png","contentUrl":"https:\/\/talkpal.ai\/wp-content\/uploads\/2024\/03\/Talkpal-Logo-Icon.png","width":2880,"height":2880,"caption":"Talkpal, Inc."},"image":{"@id":"https:\/\/talkpal.ai\/sv\/#\/schema\/logo\/image\/"},"sameAs":["https:\/\/www.facebook.com\/profile.php?id=100090733639311","https:\/\/x.com\/talkpalai","https:\/\/www.linkedin.com\/company\/talkpal\/","https:\/\/www.youtube.com\/@TalkPal\/","https:\/\/www.tiktok.com\/@talkpal","https:\/\/www.instagram.com\/talkpal_ai\/","https:\/\/www.crunchbase.com\/organization\/talkpal-9cde","https:\/\/www.g2.com\/products\/talkpal-for-business\/","https:\/\/www.trustpilot.com\/review\/talkpal.ai","https:\/\/www.capterra.com\/p\/10006800\/TalkPal\/"],"description":"Talkpal is a language learning web and mobile education app, powered by the latest AI technologies, that provides engaging experiences to its customers in many different languages to help them improve their language skills. Users can chat about unlimited amount of topics with the app and use other modes to practice their language learning.","email":"support@talkpal.ai","legalName":"Talkpal, Inc.","foundingDate":"2023-04-03","duns":"118989042","numberOfEmployees":{"@type":"QuantitativeValue","minValue":"11","maxValue":"50"},"publishingPrinciples":"https:\/\/talkpal.ai\/publishing-principles\/","actionableFeedbackPolicy":"https:\/\/talkpal.ai\/actionable-feedback-policy\/","correctionsPolicy":"https:\/\/talkpal.ai\/corrections-policy\/","ethicsPolicy":"https:\/\/talkpal.ai\/ethics-policy\/","diversityPolicy":"https:\/\/talkpal.ai\/diversity-policy\/","diversityStaffingReport":"https:\/\/talkpal.ai\/diversity-policy\/"}]}},"_links":{"self":[{"href":"https:\/\/talkpal.ai\/sv\/wp-json\/wp\/v2\/pages\/146569","targetHints":{"allow":["GET"]}}],"collection":[{"href":"https:\/\/talkpal.ai\/sv\/wp-json\/wp\/v2\/pages"}],"about":[{"href":"https:\/\/talkpal.ai\/sv\/wp-json\/wp\/v2\/types\/page"}],"author":[{"embeddable":true,"href":"https:\/\/talkpal.ai\/sv\/wp-json\/wp\/v2\/users\/1"}],"replies":[{"embeddable":true,"href":"https:\/\/talkpal.ai\/sv\/wp-json\/wp\/v2\/comments?post=146569"}],"version-history":[{"count":0,"href":"https:\/\/talkpal.ai\/sv\/wp-json\/wp\/v2\/pages\/146569\/revisions"}],"wp:featuredmedia":[{"embeddable":true,"href":"https:\/\/talkpal.ai\/sv\/wp-json\/wp\/v2\/media\/28437"}],"wp:attachment":[{"href":"https:\/\/talkpal.ai\/sv\/wp-json\/wp\/v2\/media?parent=146569"}],"curies":[{"name":"wp","href":"https:\/\/api.w.org\/{rel}","templated":true}]}}