{"id":1462067,"date":"2025-10-22T12:21:47","date_gmt":"2025-10-22T12:21:47","guid":{"rendered":"https:\/\/talkpal.ai\/talkpal-rabatt-for-studenter\/"},"modified":"2026-01-22T14:59:09","modified_gmt":"2026-01-22T14:59:09","slug":"talkpal-rabatt-for-studenter","status":"publish","type":"page","link":"https:\/\/talkpal.ai\/sv\/talkpal-rabatt-for-studenter\/","title":{"rendered":"Talkpal-rabatt f\u00f6r studenter"},"content":{"rendered":"<section class=\"languageChallengeSection\">\r\n    <div class=\"languageInfoWrapper\">\r\n        \r\n        <h1>Talkpal-rabatt f\u00f6r studenter<\/h1>\r\n        <p>\u00c4r du student och vill f\u00f6rb\u00e4ttra dina spr\u00e5kkunskaper? Talkpal erbjuder en exklusiv studentrabatt p\u00e5 79 % f\u00f6r att hj\u00e4lpa dig att l\u00e4ra dig snabbare och smartare. F\u00e5 tillg\u00e5ng till alla premiumfunktioner, \u00f6va p\u00e5 riktiga konversationer med AI och uppn\u00e5 flyt till halva priset.<\/p>\r\n\r\n                    <a class=\"getStartedHidden\" href=\"https:\/\/app.talkpal.ai\/signup?discount=50\">\r\n                F\u00e5 rabatt            <\/a>\r\n            <\/div>\r\n\r\n            <figure>\r\n            <img decoding=\"async\" class=\"no-lazy\" src=\"https:\/\/talkpal.ai\/wp-content\/uploads\/2026\/01\/group-with-phone-in-circle.webp\" alt=\"\" fetchpriority=\"high\" \/>\r\n        <\/figure>\r\n        \r\n                    <a class=\"getStartedVisible\" href=\"https:\/\/app.talkpal.ai\/signup?discount=50\">\r\n                F\u00e5 rabatt            <\/a>\r\n        <\/section><section class=\"featureSection\">\r\n    <div class=\"featureIntroduce\">\r\n        <a class=\"introduceLink\" href=\"https:\/\/app.talkpal.ai\/sv\/signup?lng=\">\r\n            <img decoding=\"async\" src=\"https:\/\/talkpal.ai\/wp-content\/themes\/talkpal\/assets\/img\/Sparkle.svg\" alt=\"\" \/>Den mest avancerade\n  Artificiell intelligens<\/a>\r\n        <h3 class=\"featureTitle\">Skillnaden med talkpal<\/h3>\r\n    <\/div>\r\n            <div class=\"introduceWrapper\">\r\n                            <a class=\"introducCard\" href=\"https:\/\/app.talkpal.ai\/sv\/signup?lng=\">\r\n\r\n                    \r\n                                                <img decoding=\"async\" src=\"https:\/\/talkpal.ai\/wp-content\/uploads\/2025\/05\/Immersive_conversations.png\" alt=\"Immersive Conversation Screenshot\" \/>\r\n                        <h4 class=\"introduceTitle\">Personlig utbildning<\/h4>\r\n                        <p class=\"cardText\">Varje elev l\u00e4r sig p\u00e5 olika s\u00e4tt, och det g\u00f6r \u00e4ven deras resa till att bem\u00e4stra ett nytt spr\u00e5k. P\u00e5 Talkpal anv\u00e4nder vi avancerad AI-teknik f\u00f6r att f\u00f6rst\u00e5 hur miljontals elever l\u00e4r sig spr\u00e5k varje dag. Detta hj\u00e4lper oss att skapa personliga, effektiva och engagerande inl\u00e4rningsupplevelser som \u00e4r utformade speciellt f\u00f6r studenter som du.<\/p>\r\n                    \r\n                <\/a>\r\n                            <a class=\"introducCard\" href=\"https:\/\/app.talkpal.ai\/sv\/signup?lng=\">\r\n\r\n                    \r\n                                                <img decoding=\"async\" src=\"https:\/\/talkpal.ai\/wp-content\/uploads\/2025\/05\/Realtime_feedback.png\" alt=\"Feedback Screenshot\" \/>\r\n                        <h4 class=\"introduceTitle\">Spjutspetsteknologi<\/h4>\r\n                        <p class=\"cardText\">V\u00e5rt uppdrag \u00e4r att g\u00f6ra personlig spr\u00e5kinl\u00e4rning tillg\u00e4nglig f\u00f6r alla elever genom att kombinera de senaste innovationerna inom AI med bepr\u00f6vade utbildningsmetoder. Med Talkpal tar du inte bara lektioner \u2013 du upplever en skr\u00e4ddarsydd resa som anpassar sig till ditt tempo, din stil och dina m\u00e5l.<\/p>\r\n                    \r\n                <\/a>\r\n                            <a class=\"introducCard\" href=\"https:\/\/app.talkpal.ai\/sv\/signup?lng=\">\r\n\r\n                    \r\n                                                <img decoding=\"async\" src=\"https:\/\/talkpal.ai\/wp-content\/uploads\/2025\/05\/Personalization.png\" alt=\"Personalization Screenshot\" \/>\r\n                        <h4 class=\"introduceTitle\">Att g\u00f6ra inl\u00e4rningen rolig<\/h4>\r\n                        <p class=\"cardText\">Vi anser att det ska vara roligt och motiverande att l\u00e4ra sig ett spr\u00e5k. Det \u00e4r d\u00e4rf\u00f6r Talkpal \u00e4r byggt f\u00f6r att h\u00e5lla eleverna engagerade och inspirerade \u2013 vilket g\u00f6r att l\u00e4randet k\u00e4nns mindre som studier och mer som ett sp\u00e4nnande \u00e4ventyr. G\u00f6r som tusentals andra studenter runt om i v\u00e4rlden och b\u00f6rja bem\u00e4stra ditt n\u00e4sta spr\u00e5k med Talkpal!<\/p>\r\n                    \r\n                <\/a>\r\n                            <\/div>\r\n                     <a class=\"featureSectionLink\" href=\"https:\/\/app.talkpal.ai\/signup?discount=50\">\r\n                F\u00e5 rabatt            <\/a>\r\n                \r\n<\/section>\r\n\r\n\r\n<section class=\"smartFunSection\">\r\n            \r\n            <div class=\"smartFunCard\">\r\n                <div class=\"smartFunWrapper\"><img decoding=\"async\" src=\"https:\/\/talkpal.ai\/wp-content\/uploads\/2025\/05\/1.png\" alt=\"Learning Stats Screenshot\"><\/div>\r\n                <h3>Skr\u00e4ddarsytt f\u00f6r dig<\/h3>\r\n                <p>Talkpal anv\u00e4nder AI-driven teknik f\u00f6r att tillhandah\u00e5lla personliga spr\u00e5kinl\u00e4rningssessioner som \u00e4r skr\u00e4ddarsydda f\u00f6r varje elevs niv\u00e5 och takt. Varje lektion \u00e4r utformad f\u00f6r att uppfylla dina individuella inl\u00e4rningsbehov och hj\u00e4lpa dig att g\u00f6ra stadiga framsteg.<\/p>\r\n            <\/div>\r\n\r\n        \r\n            <div class=\"smartFunCard\">\r\n                <div class=\"smartFunWrapper\"><img decoding=\"async\" src=\"https:\/\/talkpal.ai\/wp-content\/uploads\/2025\/05\/2.png\" alt=\"Pronunciation Score Screenshot\"><\/div>\r\n                <h3>Effektivt och \u00e4ndam\u00e5lsenligt<\/h3>\r\n                <p>F\u00f6rb\u00e4ttra din f\u00f6rm\u00e5ga att l\u00e4sa, lyssna och tala effektivt med Talkpal. V\u00e5ra innovativa inl\u00e4rningsverktyg \u00e4r byggda f\u00f6r att g\u00f6ra spr\u00e5kstudier b\u00e5de effektiva och roliga f\u00f6r elever fr\u00e5n alla bakgrunder.<\/p>\r\n            <\/div>\r\n\r\n        \r\n            <div class=\"smartFunCard\">\r\n                <div class=\"smartFunWrapper\"><img decoding=\"async\" src=\"https:\/\/talkpal.ai\/wp-content\/uploads\/2025\/05\/3.png\" alt=\"Chat Topics Screenshot\"><\/div>\r\n                <h3>H\u00e5ll dig engagerad<\/h3>\r\n                <p>Plattformen kombinerar spelifierade element, engagerande utmaningar och tankev\u00e4ckande fr\u00e5gor f\u00f6r att h\u00e5lla eleverna motiverade och konsekventa. Med Talkpal blir spr\u00e5kinl\u00e4rning en rolig daglig vana \u2013 inte en uppgift.<\/p>\r\n            <\/div>\r\n\r\n        \r\n            <div class=\"smartFunCard\">\r\n                <div class=\"smartFunWrapper\"><img decoding=\"async\" src=\"https:\/\/talkpal.ai\/wp-content\/uploads\/2025\/05\/4.png\" alt=\"Dashboard Screenshot\"><\/div>\r\n                <h3>Njut av att l\u00e4ra dig<\/h3>\r\n                <p>Att beh\u00e4rska ett nytt spr\u00e5k beh\u00f6ver inte k\u00e4nnas tr\u00e5kigt. Talkpal erbjuder interaktiva \u00f6vningar, livliga karakt\u00e4rer och till och med humoristiska AI-konversationer f\u00f6r att g\u00f6ra l\u00e4randet till en trevlig och inspirerande del av varje elevs dag.<\/p>\r\n            <\/div>\r\n\r\n            \r\n<\/section>\r\n\r\n<section class=\"promotionalBanner\">\r\n    <p class=\"promotionalText\">Talkpal f\u00f6r studenter &#8211; B\u00f6rja l\u00e4ra dig med ett rabatterat pris<\/p>\r\n                <a class=\"promotionalLink\" href=\"https:\/\/app.talkpal.ai\/signup?discount=50\">\r\n                F\u00e5 rabatt            <\/a>\r\n            \r\n<\/section>","protected":false},"excerpt":{"rendered":"","protected":false},"author":10,"featured_media":0,"parent":0,"menu_order":0,"comment_status":"closed","ping_status":"closed","template":"LearningContentPage.php","meta":{"_acf_changed":false,"footnotes":""},"class_list":["post-1462067","page","type-page","status-publish","hentry"],"acf":[],"yoast_head":"<!-- This site is optimized with the Yoast SEO Premium plugin v27.2 (Yoast SEO v27.2) - https:\/\/yoast.com\/product\/yoast-seo-premium-wordpress\/ -->\n<title>Talkpal-rabatt f\u00f6r studenter - Talkpal<\/title>\n<meta name=\"description\" content=\"F\u00e5 en exklusiv studentrabatt p\u00e5 79 % p\u00e5 Talkpal f\u00f6r att l\u00e4ra dig spr\u00e5k snabbare med personlig AI-konversations\u00f6vning.\" \/>\n<meta name=\"robots\" content=\"index, follow, max-snippet:-1, max-image-preview:large, max-video-preview:-1\" \/>\n<link rel=\"canonical\" href=\"https:\/\/talkpal.ai\/sv\/talkpal-rabatt-for-studenter\/\" \/>\n<meta property=\"og:locale\" content=\"sv_SE\" \/>\n<meta property=\"og:type\" content=\"article\" \/>\n<meta property=\"og:title\" content=\"Talkpal-rabatt f\u00f6r studenter\" \/>\n<meta property=\"og:url\" content=\"https:\/\/talkpal.ai\/sv\/talkpal-rabatt-for-studenter\/\" \/>\n<meta property=\"og:site_name\" content=\"Talkpal\" \/>\n<meta property=\"article:publisher\" content=\"https:\/\/www.facebook.com\/profile.php?id=100090733639311\" \/>\n<meta property=\"article:modified_time\" content=\"2026-01-22T14:59:09+00:00\" \/>\n<meta property=\"og:image\" content=\"https:\/\/talkpal.ai\/wp-content\/uploads\/2025\/02\/Progress-tab-16_9.png\" \/>\n\t<meta property=\"og:image:width\" content=\"2880\" \/>\n\t<meta property=\"og:image:height\" content=\"1620\" \/>\n\t<meta property=\"og:image:type\" content=\"image\/png\" \/>\n<meta name=\"twitter:card\" content=\"summary_large_image\" \/>\n<meta name=\"twitter:site\" content=\"@talkpalai\" \/>\n<script type=\"application\/ld+json\" class=\"yoast-schema-graph\">{\"@context\":\"https:\/\/schema.org\",\"@graph\":[{\"@type\":\"WebPage\",\"@id\":\"https:\/\/talkpal.ai\/sv\/talkpal-rabatt-for-studenter\/\",\"url\":\"https:\/\/talkpal.ai\/sv\/talkpal-rabatt-for-studenter\/\",\"name\":\"Talkpal-rabatt f\u00f6r studenter - Talkpal\",\"isPartOf\":{\"@id\":\"https:\/\/talkpal.ai\/sv\/#website\"},\"datePublished\":\"2025-10-22T12:21:47+00:00\",\"dateModified\":\"2026-01-22T14:59:09+00:00\",\"description\":\"F\u00e5 en exklusiv studentrabatt p\u00e5 79 % p\u00e5 Talkpal f\u00f6r att l\u00e4ra dig spr\u00e5k snabbare med personlig AI-konversations\u00f6vning.\",\"breadcrumb\":{\"@id\":\"https:\/\/talkpal.ai\/sv\/talkpal-rabatt-for-studenter\/#breadcrumb\"},\"inLanguage\":\"sv-SE\",\"potentialAction\":[{\"@type\":\"ReadAction\",\"target\":[\"https:\/\/talkpal.ai\/sv\/talkpal-rabatt-for-studenter\/\"]}]},{\"@type\":\"BreadcrumbList\",\"@id\":\"https:\/\/talkpal.ai\/sv\/talkpal-rabatt-for-studenter\/#breadcrumb\",\"itemListElement\":[{\"@type\":\"ListItem\",\"position\":1,\"name\":\"Homepage\",\"item\":\"https:\/\/talkpal.ai\/sv\/\"},{\"@type\":\"ListItem\",\"position\":2,\"name\":\"Talkpal-rabatt f\u00f6r studenter\"}]},{\"@type\":\"WebSite\",\"@id\":\"https:\/\/talkpal.ai\/sv\/#website\",\"url\":\"https:\/\/talkpal.ai\/sv\/\",\"name\":\"Talkpal\",\"description\":\"AI Language Learning\",\"publisher\":{\"@id\":\"https:\/\/talkpal.ai\/sv\/#organization\"},\"alternateName\":\"Talkpal AI\",\"potentialAction\":[{\"@type\":\"SearchAction\",\"target\":{\"@type\":\"EntryPoint\",\"urlTemplate\":\"https:\/\/talkpal.ai\/sv\/?s={search_term_string}\"},\"query-input\":{\"@type\":\"PropertyValueSpecification\",\"valueRequired\":true,\"valueName\":\"search_term_string\"}}],\"inLanguage\":\"sv-SE\"},{\"@type\":\"Organization\",\"@id\":\"https:\/\/talkpal.ai\/sv\/#organization\",\"name\":\"Talkpal, Inc.\",\"alternateName\":\"Talkpal AI\",\"url\":\"https:\/\/talkpal.ai\/sv\/\",\"logo\":{\"@type\":\"ImageObject\",\"inLanguage\":\"sv-SE\",\"@id\":\"https:\/\/talkpal.ai\/sv\/#\/schema\/logo\/image\/\",\"url\":\"https:\/\/talkpal.ai\/wp-content\/uploads\/2024\/03\/Talkpal-Logo-Icon.png\",\"contentUrl\":\"https:\/\/talkpal.ai\/wp-content\/uploads\/2024\/03\/Talkpal-Logo-Icon.png\",\"width\":2880,\"height\":2880,\"caption\":\"Talkpal, Inc.\"},\"image\":{\"@id\":\"https:\/\/talkpal.ai\/sv\/#\/schema\/logo\/image\/\"},\"sameAs\":[\"https:\/\/www.facebook.com\/profile.php?id=100090733639311\",\"https:\/\/x.com\/talkpalai\",\"https:\/\/www.linkedin.com\/company\/talkpal\/\",\"https:\/\/www.youtube.com\/@TalkPal\/\",\"https:\/\/www.tiktok.com\/@talkpal\",\"https:\/\/www.instagram.com\/talkpal_ai\/\",\"https:\/\/www.crunchbase.com\/organization\/talkpal-9cde\",\"https:\/\/www.g2.com\/products\/talkpal-for-business\/\",\"https:\/\/www.trustpilot.com\/review\/talkpal.ai\",\"https:\/\/www.capterra.com\/p\/10006800\/TalkPal\/\"],\"description\":\"Talkpal is a language learning web and mobile education app, powered by the latest AI technologies, that provides engaging experiences to its customers in many different languages to help them improve their language skills. Users can chat about unlimited amount of topics with the app and use other modes to practice their language learning.\",\"email\":\"support@talkpal.ai\",\"legalName\":\"Talkpal, Inc.\",\"foundingDate\":\"2023-04-03\",\"duns\":\"118989042\",\"numberOfEmployees\":{\"@type\":\"QuantitativeValue\",\"minValue\":\"11\",\"maxValue\":\"50\"},\"publishingPrinciples\":\"https:\/\/talkpal.ai\/publishing-principles\/\",\"actionableFeedbackPolicy\":\"https:\/\/talkpal.ai\/actionable-feedback-policy\/\",\"correctionsPolicy\":\"https:\/\/talkpal.ai\/corrections-policy\/\",\"ethicsPolicy\":\"https:\/\/talkpal.ai\/ethics-policy\/\",\"diversityPolicy\":\"https:\/\/talkpal.ai\/diversity-policy\/\",\"diversityStaffingReport\":\"https:\/\/talkpal.ai\/diversity-policy\/\"}]}<\/script>\n<!-- \/ Yoast SEO Premium plugin. -->","yoast_head_json":{"title":"Talkpal-rabatt f\u00f6r studenter - Talkpal","description":"F\u00e5 en exklusiv studentrabatt p\u00e5 79 % p\u00e5 Talkpal f\u00f6r att l\u00e4ra dig spr\u00e5k snabbare med personlig AI-konversations\u00f6vning.","robots":{"index":"index","follow":"follow","max-snippet":"max-snippet:-1","max-image-preview":"max-image-preview:large","max-video-preview":"max-video-preview:-1"},"canonical":"https:\/\/talkpal.ai\/sv\/talkpal-rabatt-for-studenter\/","og_locale":"sv_SE","og_type":"article","og_title":"Talkpal-rabatt f\u00f6r studenter","og_url":"https:\/\/talkpal.ai\/sv\/talkpal-rabatt-for-studenter\/","og_site_name":"Talkpal","article_publisher":"https:\/\/www.facebook.com\/profile.php?id=100090733639311","article_modified_time":"2026-01-22T14:59:09+00:00","og_image":[{"width":2880,"height":1620,"url":"https:\/\/talkpal.ai\/wp-content\/uploads\/2025\/02\/Progress-tab-16_9.png","type":"image\/png"}],"twitter_card":"summary_large_image","twitter_site":"@talkpalai","schema":{"@context":"https:\/\/schema.org","@graph":[{"@type":"WebPage","@id":"https:\/\/talkpal.ai\/sv\/talkpal-rabatt-for-studenter\/","url":"https:\/\/talkpal.ai\/sv\/talkpal-rabatt-for-studenter\/","name":"Talkpal-rabatt f\u00f6r studenter - Talkpal","isPartOf":{"@id":"https:\/\/talkpal.ai\/sv\/#website"},"datePublished":"2025-10-22T12:21:47+00:00","dateModified":"2026-01-22T14:59:09+00:00","description":"F\u00e5 en exklusiv studentrabatt p\u00e5 79 % p\u00e5 Talkpal f\u00f6r att l\u00e4ra dig spr\u00e5k snabbare med personlig AI-konversations\u00f6vning.","breadcrumb":{"@id":"https:\/\/talkpal.ai\/sv\/talkpal-rabatt-for-studenter\/#breadcrumb"},"inLanguage":"sv-SE","potentialAction":[{"@type":"ReadAction","target":["https:\/\/talkpal.ai\/sv\/talkpal-rabatt-for-studenter\/"]}]},{"@type":"BreadcrumbList","@id":"https:\/\/talkpal.ai\/sv\/talkpal-rabatt-for-studenter\/#breadcrumb","itemListElement":[{"@type":"ListItem","position":1,"name":"Homepage","item":"https:\/\/talkpal.ai\/sv\/"},{"@type":"ListItem","position":2,"name":"Talkpal-rabatt f\u00f6r studenter"}]},{"@type":"WebSite","@id":"https:\/\/talkpal.ai\/sv\/#website","url":"https:\/\/talkpal.ai\/sv\/","name":"Talkpal","description":"AI Language Learning","publisher":{"@id":"https:\/\/talkpal.ai\/sv\/#organization"},"alternateName":"Talkpal AI","potentialAction":[{"@type":"SearchAction","target":{"@type":"EntryPoint","urlTemplate":"https:\/\/talkpal.ai\/sv\/?s={search_term_string}"},"query-input":{"@type":"PropertyValueSpecification","valueRequired":true,"valueName":"search_term_string"}}],"inLanguage":"sv-SE"},{"@type":"Organization","@id":"https:\/\/talkpal.ai\/sv\/#organization","name":"Talkpal, Inc.","alternateName":"Talkpal AI","url":"https:\/\/talkpal.ai\/sv\/","logo":{"@type":"ImageObject","inLanguage":"sv-SE","@id":"https:\/\/talkpal.ai\/sv\/#\/schema\/logo\/image\/","url":"https:\/\/talkpal.ai\/wp-content\/uploads\/2024\/03\/Talkpal-Logo-Icon.png","contentUrl":"https:\/\/talkpal.ai\/wp-content\/uploads\/2024\/03\/Talkpal-Logo-Icon.png","width":2880,"height":2880,"caption":"Talkpal, Inc."},"image":{"@id":"https:\/\/talkpal.ai\/sv\/#\/schema\/logo\/image\/"},"sameAs":["https:\/\/www.facebook.com\/profile.php?id=100090733639311","https:\/\/x.com\/talkpalai","https:\/\/www.linkedin.com\/company\/talkpal\/","https:\/\/www.youtube.com\/@TalkPal\/","https:\/\/www.tiktok.com\/@talkpal","https:\/\/www.instagram.com\/talkpal_ai\/","https:\/\/www.crunchbase.com\/organization\/talkpal-9cde","https:\/\/www.g2.com\/products\/talkpal-for-business\/","https:\/\/www.trustpilot.com\/review\/talkpal.ai","https:\/\/www.capterra.com\/p\/10006800\/TalkPal\/"],"description":"Talkpal is a language learning web and mobile education app, powered by the latest AI technologies, that provides engaging experiences to its customers in many different languages to help them improve their language skills. Users can chat about unlimited amount of topics with the app and use other modes to practice their language learning.","email":"support@talkpal.ai","legalName":"Talkpal, Inc.","foundingDate":"2023-04-03","duns":"118989042","numberOfEmployees":{"@type":"QuantitativeValue","minValue":"11","maxValue":"50"},"publishingPrinciples":"https:\/\/talkpal.ai\/publishing-principles\/","actionableFeedbackPolicy":"https:\/\/talkpal.ai\/actionable-feedback-policy\/","correctionsPolicy":"https:\/\/talkpal.ai\/corrections-policy\/","ethicsPolicy":"https:\/\/talkpal.ai\/ethics-policy\/","diversityPolicy":"https:\/\/talkpal.ai\/diversity-policy\/","diversityStaffingReport":"https:\/\/talkpal.ai\/diversity-policy\/"}]}},"_links":{"self":[{"href":"https:\/\/talkpal.ai\/sv\/wp-json\/wp\/v2\/pages\/1462067","targetHints":{"allow":["GET"]}}],"collection":[{"href":"https:\/\/talkpal.ai\/sv\/wp-json\/wp\/v2\/pages"}],"about":[{"href":"https:\/\/talkpal.ai\/sv\/wp-json\/wp\/v2\/types\/page"}],"author":[{"embeddable":true,"href":"https:\/\/talkpal.ai\/sv\/wp-json\/wp\/v2\/users\/10"}],"replies":[{"embeddable":true,"href":"https:\/\/talkpal.ai\/sv\/wp-json\/wp\/v2\/comments?post=1462067"}],"version-history":[{"count":0,"href":"https:\/\/talkpal.ai\/sv\/wp-json\/wp\/v2\/pages\/1462067\/revisions"}],"wp:attachment":[{"href":"https:\/\/talkpal.ai\/sv\/wp-json\/wp\/v2\/media?parent=1462067"}],"curies":[{"name":"wp","href":"https:\/\/api.w.org\/{rel}","templated":true}]}}