{"id":146141,"date":"2023-05-14T14:10:42","date_gmt":"2023-05-14T14:10:42","guid":{"rendered":"http:\/\/talkpal.ai\/litauisk-grammatik\/"},"modified":"2025-12-12T10:42:05","modified_gmt":"2025-12-12T10:42:05","slug":"litauisk-grammatik","status":"publish","type":"page","link":"https:\/\/talkpal.ai\/sv\/litauisk-grammatik\/","title":{"rendered":"Litauisk grammatik"},"content":{"rendered":"\r\n\r\n\r\n<section class=\"languageChallengeSection\">\r\n    <div class=\"languageInfoWrapper\">\r\n        \r\n        <h1>Litauisk grammatik<\/h1>\r\n        <p>B\u00f6rja din resa in i den <a href=\"https:\/\/talkpal.ai\/learn-lithuanian\/\">litauiska<\/a> grammatiken och uppt\u00e4ck ett av Europas \u00e4ldsta och mest fascinerande spr\u00e5k. L\u00e4r dig viktiga regler och m\u00f6nster f\u00f6r att bygga en stark spr\u00e5klig grund. Dyk in nu och b\u00f6rja beh\u00e4rska litauiska idag!<\/p>\r\n\r\n                            <a class=\"getStartedHidden\" href=\"https:\/\/app.talkpal.ai\/sv\/signup?lng=\">Kom ig\u00e5ng<\/a>\r\n        \r\n    <\/div>\r\n\r\n    <figure>\r\n    <img decoding=\"async\" width=\"768\" height=\"768\" src=\"https:\/\/talkpal.ai\/wp-content\/uploads\/2023\/06\/lithuenian-768x768.png\" class=\"languageImage no-lazy\" alt=\"Default alt text\" fetchpriority=\"high\" sizes=\"(max-width: 768px) 150px, 768px\" srcset=\"https:\/\/talkpal.ai\/wp-content\/uploads\/2023\/06\/lithuenian-768x768.png 768w, https:\/\/talkpal.ai\/wp-content\/uploads\/2023\/06\/lithuenian-300x300.png 300w\" \/>\r\n    \r\n\r\n    <\/figure>\r\n\r\n            <a class=\"getStartedVisible\" href=\"https:\/\/app.talkpal.ai\/sv\/signup?lng=\">Kom ig\u00e5ng<\/a>\r\n    \r\n<\/section>\r\n        <section class=\"grammarSection\">\r\n            <div class=\"grammarLinks\">\r\n                <a href=\"https:\/\/talkpal.ai\/sv\/language\/adjektiv-litauisk-grammatik\/\">Adjektiv <\/a><a href=\"https:\/\/talkpal.ai\/sv\/language\/adverb-litauisk-grammatik\/\">Adverb <\/a><a href=\"https:\/\/talkpal.ai\/sv\/language\/artiklar-litauisk-grammatik\/\">Artiklar <\/a><a href=\"https:\/\/talkpal.ai\/sv\/language\/jamforelse-av-tempus-litauisk-grammatik\/\">J\u00e4mf\u00f6relse av tempus <\/a><a href=\"https:\/\/talkpal.ai\/sv\/language\/konditionaler-litauisk-grammatik\/\">Konditionaler <\/a><a href=\"https:\/\/talkpal.ai\/sv\/language\/meningar-litauisk-grammatik\/\">Meningar <\/a><a href=\"https:\/\/talkpal.ai\/sv\/language\/perfect-progressive-litauisk-grammatik\/\">Perfect Progressive <\/a><a href=\"https:\/\/talkpal.ai\/sv\/language\/prepositioner-litauisk-grammatik\/\">Prepositioner <\/a><a href=\"https:\/\/talkpal.ai\/sv\/language\/progressiv-litauisk-grammatik\/\">Progressiv <\/a><a href=\"https:\/\/talkpal.ai\/sv\/language\/pronomen-bestamningar-litauisk-grammatik\/\">Pronomen\/best\u00e4mningar <\/a><a href=\"https:\/\/talkpal.ai\/sv\/language\/substantiv-litauisk-grammatik\/\">Substantiv <\/a><a href=\"https:\/\/talkpal.ai\/sv\/language\/tempus-litauisk-grammatik\/\">Tempus <\/a><a href=\"https:\/\/talkpal.ai\/sv\/language\/verb-litauisk-grammatik\/\">Verb <\/a>            <\/div>\r\n        <\/section>\r\n    <section class=\"promotionalBanner\">\r\n    <p class=\"promotionalText\">Det mest effektiva s\u00e4ttet att l\u00e4ra sig ett spr\u00e5k<\/p>\r\n    <a class=\"promotionalLink\" href=\"https:\/\/app.talkpal.ai\/sv\/signup?lng=\">Prova Talkpal gratis<\/a>\r\n<\/section>\n<div class=\"wp-block-group pageContainerStyle\"><div class=\"wp-block-group__inner-container is-layout-constrained wp-block-group-is-layout-constrained\">\n<h2 class=\"wp-block-heading\" id=\"h-lithuanian-grammar-a-fascinating-journey-through-language\">Litauisk grammatik: En fascinerande resa genom spr\u00e5ket<\/h2>\n\n\n\n<p>Har du n\u00e5gonsin funderat p\u00e5 att l\u00e4ra dig litauiska eller helt enkelt fascinerats av dess unika <a href=\"https:\/\/talkpal.ai\/fr\/les\/\">grammatik<\/a>? D\u00e5 kommer du att f\u00e5 uppleva n\u00e5got alldeles extra! <a href=\"https:\/\/talkpal.ai\/sv\/grammar\/particip-i-litauisk-grammatik\/\">Litauisk grammatik<\/a> kan verka m\u00e4rklig till en b\u00f6rjan, men missta dig inte \u2013 den visar upp uts\u00f6kt lingvistisk logik. I <a href=\"https:\/\/talkpal.ai\/culture\/how-do-i-use-den-har-and-det-har\/\">den h\u00e4r<\/a> artikeln kommer vi att utveckla de olika aspekterna av <a href=\"https:\/\/talkpal.ai\/learn-lithuanian\/\">litauisk<\/a> grammatik, vilket ger dig m\u00f6jlighet att uppskatta dess charm.<\/p>\n\n\n\n<p>F\u00f6rst en kort bakgrund: Litauiska \u00e4r ett baltiskt spr\u00e5k som fr\u00e4mst <a href=\"https:\/\/talkpal.ai\/locations\/language-courses-in-talas\/\">talas<\/a> i Litauen men som ocks\u00e5 f\u00f6rekommer i grannl\u00e4nderna. Som ett av de \u00e4ldsta nu levande indoeuropeiska spr\u00e5ken har det bevarat arkaiska drag, vilket ger en inblick i utvecklingen av andra spr\u00e5k inom spr\u00e5kfamiljen. Denna historiska betydelse g\u00f6r litauiskan s\u00e4rskilt f\u00e4ngslande f\u00f6r spr\u00e5k\u00e4lskare.<\/p>\n\n\n\n<p>L\u00e5t <a href=\"https:\/\/talkpal.ai\/locations\/language-courses-in-oss\/\">oss<\/a> nu f\u00f6rdjupa oss i n\u00e5gra viktiga aspekter av den litauiska grammatiken.<\/p>\n\n\n\n<h3 class=\"wp-block-heading\" id=\"h-1-nouns-cases-and-declensions\">1. Substantiv, kasus och b\u00f6jningar<\/h3>\n\n\n\n<p>Ett av de mest framtr\u00e4dande dragen i litauisk grammatik \u00e4r dess intrikata kasussystem. Substantiv antar olika former beroende p\u00e5 deras funktion i en mening och om de \u00e5terspeglar subjektet, objektet eller mottagaren av en handling. Litauiskan har sju kasus: nominativ, genitiv, dativ, ackusativ, instrumental, lokativ och vokativ.<\/p>\n\n\n\n<p>Ta substantivet &#8221;vaikas&#8221; (barn) som exempel. Det kan omvandlas till &#8221;vaiko&#8221;, &#8221;vaikui&#8221;, &#8221;vaik\u0105&#8221; och s\u00e5 vidare beroende p\u00e5 vilken roll det spelar i en mening. Dessutom p\u00e5verkas \u00e4ndelserna av substantivets k\u00f6n (maskulinum eller femininum) och delas vidare in i deklinationer, vilket g\u00f6r spr\u00e5ket \u00e4nnu mer m\u00e5ngsidigt.<\/p>\n\n\n\n<h3 class=\"wp-block-heading\" id=\"h-2-verb-conjugation-and-tenses\">2. Verbb\u00f6jning och tempus<\/h3>\n\n\n\n<p>Litauiska verb \u00e4ndrar \u00e4ndelser beroende p\u00e5 subjektets person och numerus (singular eller plural). Verbet &#8221;eiti&#8221; (att g\u00e5) kan t.ex. bli &#8221;einu&#8221; (jag g\u00e5r), &#8221;einate&#8221; (du -plural- g\u00e5r), &#8221;eina&#8221; (de g\u00e5r), bland andra former.<\/p>\n\n\n\n<p>Litauiskan har fyra huvudtempus: nutid, d\u00e5tid, d\u00e5tid, iterativt och framtid. Intressant nog har spr\u00e5ket ocks\u00e5 aspektmark\u00f6rer: perfektiv och imperfektiv. Dessa mark\u00f6rer ger ytterligare information om huruvida en \u00e5tg\u00e4rd \u00e4r slutf\u00f6rd eller p\u00e5g\u00e5ende. Till exempel &#8221;ne\u0161ti&#8221; (att b\u00e4ra &#8211; imperfektiv) j\u00e4mf\u00f6rt med &#8221;nat&#8221; (att ha burit &#8211; perfektiv).<\/p>\n\n\n\n<h3 class=\"wp-block-heading\" id=\"h-3-sentence-structure-and-word-order\">3. Meningsbyggnad och ordf\u00f6ljd<\/h3>\n\n\n\n<p>\u00c4ven om litauiskan i allm\u00e4nhet f\u00f6ljer SVO-ordf\u00f6ljden (subjekt-verb-objekt), till\u00e5ter dess kasussystem stor flexibilitet. Till skillnad fr\u00e5n engelska, d\u00e4r ordf\u00f6ljden vanligtvis definierar en menings inneb\u00f6rd, \u00e4ndras inte inneb\u00f6rden av att flytta runt ord p\u00e5 litauiska. Till exempel kan &#8221;kat\u0117 valgo \u017euv\u012f&#8221; (katten \u00e4ter upp fisken) ocks\u00e5 heta &#8221;\u017euv\u012f valgo kat\u0117&#8221; utan att betydelsen g\u00e5r f\u00f6rlorad eller f\u00f6r\u00e4ndras.<\/p>\n\n\n\n<p>Denna flexibilitet g\u00f6r att du kan leka med meningsstruktur, betona vissa element eller skapa nyanser n\u00e4r du blir skickligare i spr\u00e5ket.<\/p>\n\n\n\n<h3 class=\"wp-block-heading\" id=\"h-4-adjectives-adverbs-and-agreement-rules\">4. Adjektiv, adverb och kongruensregler<\/h3>\n\n\n\n<p>Liksom m\u00e5nga andra spr\u00e5k beskriver adjektiv och adverb i litauiska substantiv och verb, men de f\u00f6ljer ocks\u00e5 specifika kongruensregler. I synnerhet m\u00e5ste adjektiv \u00f6verensst\u00e4mma med substantivet de modifierar i kasus, genus och numerus. N\u00e4r du v\u00e4l f\u00f6rst\u00e5r substantivkasus och verbb\u00f6jningar kommer dessa regler att komma mer naturligt.<\/p>\n\n\n\n<p>S\u00e5, \u00e4r du beredd att dyka ner i litauisk grammatik? Med uth\u00e5llighet, engagemang och r\u00e4tt resurser \u00e4r det en oerh\u00f6rt givande upplevelse att l\u00e4ra sig litauiska \u2013 rik p\u00e5 historia och kulturarv. Ta itu med spr\u00e5ket steg f\u00f6r steg, \u00f6va konsekvent och var \u00f6ppen f\u00f6r att l\u00e4ra dig av dina misstag. S\u0117km\u0117s! (Lycka till!)<\/p>\n<\/div><\/div>\n\r\n<section class=\"learnNavigationSection\">\r\n            \r\n        <a href=\"https:\/\/talkpal.ai\/sv\/lar-dig-litauiska\/\">\r\n            <div class=\"learnNavigationWrapper\">\r\n                <div class=\"learnNavigationContent\">\r\n                    <img decoding=\"async\" src=\"https:\/\/talkpal.ai\/wp-content\/uploads\/2024\/08\/Lithuanian.jpg\" alt=\"Lithuanian Flag\">\r\n                    <div>\r\n                        <h4>Om Lithuanian Learning<\/h4>\r\n                        <p>Ta reda p\u00e5 allt om litauisk grammatik.<\/p>\r\n                    <\/div>\r\n                <\/div>\r\n            <\/div>\r\n        <\/a>\r\n\r\n        \r\n        <a href=\"https:\/\/talkpal.ai\/sv\/litauiska-grammatikovningar\/\">\r\n            <div class=\"learnNavigationWrapper\">\r\n                <div class=\"learnNavigationContent\">\r\n                    <img decoding=\"async\" src=\"https:\/\/talkpal.ai\/wp-content\/uploads\/2024\/08\/Lithuanian.jpg\" alt=\"Lithuanian Flag\">\r\n                    <div>\r\n                        <h4>Litauisk grammatik \u00f6vning<\/h4>\r\n                        <p>\u00d6va litauisk grammatik.<\/p>\r\n                    <\/div>\r\n                <\/div>\r\n            <\/div>\r\n        <\/a>\r\n\r\n        \r\n        <a href=\"https:\/\/talkpal.ai\/vocabulary_language\/lithuanian\/\">\r\n            <div class=\"learnNavigationWrapper\">\r\n                <div class=\"learnNavigationContent\">\r\n                    <img decoding=\"async\" src=\"https:\/\/talkpal.ai\/wp-content\/uploads\/2024\/08\/Lithuanian.jpg\" alt=\"Lithuanian Flag\">\r\n                    <div>\r\n                        <h4>Litauisk vokabul\u00e4r<\/h4>\r\n                        <p>Ut\u00f6ka ditt litauiska ordf\u00f6rr\u00e5d.<\/p>\r\n                    <\/div>\r\n                <\/div>\r\n            <\/div>\r\n        <\/a>\r\n\r\n            <\/section>","protected":false},"excerpt":{"rendered":"<p>Litauisk grammatik: En fascinerande resa genom spr\u00e5ket Har du n\u00e5gonsin funderat p\u00e5 att l\u00e4ra dig litauiska eller helt enkelt fascinerats av dess unika grammatik? D\u00e5 kommer du att f\u00e5 uppleva n\u00e5got alldeles extra! Litauisk grammatik kan verka m\u00e4rklig till en b\u00f6rjan, men missta dig inte \u2013 den visar upp uts\u00f6kt lingvistisk logik. I den h\u00e4r [&hellip;]<\/p>\n","protected":false},"author":1,"featured_media":28469,"parent":0,"menu_order":0,"comment_status":"closed","ping_status":"closed","template":"LearningContentPage.php","meta":{"_acf_changed":false,"footnotes":""},"class_list":["post-146141","page","type-page","status-publish","has-post-thumbnail","hentry"],"acf":[],"yoast_head":"<!-- This site is optimized with the Yoast SEO Premium plugin v27.2 (Yoast SEO v27.2) - https:\/\/yoast.com\/product\/yoast-seo-premium-wordpress\/ -->\n<title>Litauisk grammatik - Talkpal<\/title>\n<meta name=\"description\" content=\"Uppt\u00e4ck hur den litauiska grammatiken \u00e5terspeglar historisk rikedom och logik, vilket g\u00f6r den till ett perfekt studieobjekt f\u00f6r spr\u00e5k\u00e4lskare.\" \/>\n<meta name=\"robots\" content=\"index, follow, max-snippet:-1, max-image-preview:large, max-video-preview:-1\" \/>\n<link rel=\"canonical\" href=\"https:\/\/talkpal.ai\/sv\/litauisk-grammatik\/\" \/>\n<meta property=\"og:locale\" content=\"sv_SE\" \/>\n<meta property=\"og:type\" content=\"article\" \/>\n<meta property=\"og:title\" content=\"Litauisk grammatik\" \/>\n<meta property=\"og:description\" content=\"Litauisk grammatik: En fascinerande resa genom spr\u00e5ket Har du n\u00e5gonsin funderat p\u00e5 att l\u00e4ra dig litauiska eller helt enkelt fascinerats av dess unika\" \/>\n<meta property=\"og:url\" content=\"https:\/\/talkpal.ai\/sv\/litauisk-grammatik\/\" \/>\n<meta property=\"og:site_name\" content=\"Talkpal\" \/>\n<meta property=\"article:publisher\" content=\"https:\/\/www.facebook.com\/profile.php?id=100090733639311\" \/>\n<meta property=\"article:modified_time\" content=\"2025-12-12T10:42:05+00:00\" \/>\n<meta property=\"og:image\" content=\"https:\/\/talkpal.ai\/wp-content\/uploads\/2023\/05\/Lithuanian.png\" \/>\n\t<meta property=\"og:image:width\" content=\"512\" \/>\n\t<meta property=\"og:image:height\" content=\"512\" \/>\n\t<meta property=\"og:image:type\" content=\"image\/png\" \/>\n<meta name=\"twitter:card\" content=\"summary_large_image\" \/>\n<meta name=\"twitter:site\" content=\"@talkpalai\" \/>\n<meta name=\"twitter:label1\" content=\"Ber\u00e4knad l\u00e4stid\" \/>\n\t<meta name=\"twitter:data1\" content=\"3 minuter\" \/>\n<script type=\"application\/ld+json\" class=\"yoast-schema-graph\">{\"@context\":\"https:\/\/schema.org\",\"@graph\":[{\"@type\":\"WebPage\",\"@id\":\"https:\/\/talkpal.ai\/sv\/litauisk-grammatik\/\",\"url\":\"https:\/\/talkpal.ai\/sv\/litauisk-grammatik\/\",\"name\":\"Litauisk grammatik - Talkpal\",\"isPartOf\":{\"@id\":\"https:\/\/talkpal.ai\/sv\/#website\"},\"primaryImageOfPage\":{\"@id\":\"https:\/\/talkpal.ai\/sv\/litauisk-grammatik\/#primaryimage\"},\"image\":{\"@id\":\"https:\/\/talkpal.ai\/sv\/litauisk-grammatik\/#primaryimage\"},\"thumbnailUrl\":\"https:\/\/talkpal.ai\/wp-content\/uploads\/2023\/05\/Lithuanian.png\",\"datePublished\":\"2023-05-14T14:10:42+00:00\",\"dateModified\":\"2025-12-12T10:42:05+00:00\",\"description\":\"Uppt\u00e4ck hur den litauiska grammatiken \u00e5terspeglar historisk rikedom och logik, vilket g\u00f6r den till ett perfekt studieobjekt f\u00f6r spr\u00e5k\u00e4lskare.\",\"breadcrumb\":{\"@id\":\"https:\/\/talkpal.ai\/sv\/litauisk-grammatik\/#breadcrumb\"},\"inLanguage\":\"sv-SE\",\"potentialAction\":[{\"@type\":\"ReadAction\",\"target\":[\"https:\/\/talkpal.ai\/sv\/litauisk-grammatik\/\"]}]},{\"@type\":\"ImageObject\",\"inLanguage\":\"sv-SE\",\"@id\":\"https:\/\/talkpal.ai\/sv\/litauisk-grammatik\/#primaryimage\",\"url\":\"https:\/\/talkpal.ai\/wp-content\/uploads\/2023\/05\/Lithuanian.png\",\"contentUrl\":\"https:\/\/talkpal.ai\/wp-content\/uploads\/2023\/05\/Lithuanian.png\",\"width\":512,\"height\":512},{\"@type\":\"BreadcrumbList\",\"@id\":\"https:\/\/talkpal.ai\/sv\/litauisk-grammatik\/#breadcrumb\",\"itemListElement\":[{\"@type\":\"ListItem\",\"position\":1,\"name\":\"Homepage\",\"item\":\"https:\/\/talkpal.ai\/sv\/\"},{\"@type\":\"ListItem\",\"position\":2,\"name\":\"Litauisk grammatik\"}]},{\"@type\":\"WebSite\",\"@id\":\"https:\/\/talkpal.ai\/sv\/#website\",\"url\":\"https:\/\/talkpal.ai\/sv\/\",\"name\":\"Talkpal\",\"description\":\"AI Language Learning\",\"publisher\":{\"@id\":\"https:\/\/talkpal.ai\/sv\/#organization\"},\"alternateName\":\"Talkpal AI\",\"potentialAction\":[{\"@type\":\"SearchAction\",\"target\":{\"@type\":\"EntryPoint\",\"urlTemplate\":\"https:\/\/talkpal.ai\/sv\/?s={search_term_string}\"},\"query-input\":{\"@type\":\"PropertyValueSpecification\",\"valueRequired\":true,\"valueName\":\"search_term_string\"}}],\"inLanguage\":\"sv-SE\"},{\"@type\":\"Organization\",\"@id\":\"https:\/\/talkpal.ai\/sv\/#organization\",\"name\":\"Talkpal, Inc.\",\"alternateName\":\"Talkpal AI\",\"url\":\"https:\/\/talkpal.ai\/sv\/\",\"logo\":{\"@type\":\"ImageObject\",\"inLanguage\":\"sv-SE\",\"@id\":\"https:\/\/talkpal.ai\/sv\/#\/schema\/logo\/image\/\",\"url\":\"https:\/\/talkpal.ai\/wp-content\/uploads\/2024\/03\/Talkpal-Logo-Icon.png\",\"contentUrl\":\"https:\/\/talkpal.ai\/wp-content\/uploads\/2024\/03\/Talkpal-Logo-Icon.png\",\"width\":2880,\"height\":2880,\"caption\":\"Talkpal, Inc.\"},\"image\":{\"@id\":\"https:\/\/talkpal.ai\/sv\/#\/schema\/logo\/image\/\"},\"sameAs\":[\"https:\/\/www.facebook.com\/profile.php?id=100090733639311\",\"https:\/\/x.com\/talkpalai\",\"https:\/\/www.linkedin.com\/company\/talkpal\/\",\"https:\/\/www.youtube.com\/@TalkPal\/\",\"https:\/\/www.tiktok.com\/@talkpal\",\"https:\/\/www.instagram.com\/talkpal_ai\/\",\"https:\/\/www.crunchbase.com\/organization\/talkpal-9cde\",\"https:\/\/www.g2.com\/products\/talkpal-for-business\/\",\"https:\/\/www.trustpilot.com\/review\/talkpal.ai\",\"https:\/\/www.capterra.com\/p\/10006800\/TalkPal\/\"],\"description\":\"Talkpal is a language learning web and mobile education app, powered by the latest AI technologies, that provides engaging experiences to its customers in many different languages to help them improve their language skills. Users can chat about unlimited amount of topics with the app and use other modes to practice their language learning.\",\"email\":\"support@talkpal.ai\",\"legalName\":\"Talkpal, Inc.\",\"foundingDate\":\"2023-04-03\",\"duns\":\"118989042\",\"numberOfEmployees\":{\"@type\":\"QuantitativeValue\",\"minValue\":\"11\",\"maxValue\":\"50\"},\"publishingPrinciples\":\"https:\/\/talkpal.ai\/publishing-principles\/\",\"actionableFeedbackPolicy\":\"https:\/\/talkpal.ai\/actionable-feedback-policy\/\",\"correctionsPolicy\":\"https:\/\/talkpal.ai\/corrections-policy\/\",\"ethicsPolicy\":\"https:\/\/talkpal.ai\/ethics-policy\/\",\"diversityPolicy\":\"https:\/\/talkpal.ai\/diversity-policy\/\",\"diversityStaffingReport\":\"https:\/\/talkpal.ai\/diversity-policy\/\"}]}<\/script>\n<!-- \/ Yoast SEO Premium plugin. -->","yoast_head_json":{"title":"Litauisk grammatik - Talkpal","description":"Uppt\u00e4ck hur den litauiska grammatiken \u00e5terspeglar historisk rikedom och logik, vilket g\u00f6r den till ett perfekt studieobjekt f\u00f6r spr\u00e5k\u00e4lskare.","robots":{"index":"index","follow":"follow","max-snippet":"max-snippet:-1","max-image-preview":"max-image-preview:large","max-video-preview":"max-video-preview:-1"},"canonical":"https:\/\/talkpal.ai\/sv\/litauisk-grammatik\/","og_locale":"sv_SE","og_type":"article","og_title":"Litauisk grammatik","og_description":"Litauisk grammatik: En fascinerande resa genom spr\u00e5ket Har du n\u00e5gonsin funderat p\u00e5 att l\u00e4ra dig litauiska eller helt enkelt fascinerats av dess unika","og_url":"https:\/\/talkpal.ai\/sv\/litauisk-grammatik\/","og_site_name":"Talkpal","article_publisher":"https:\/\/www.facebook.com\/profile.php?id=100090733639311","article_modified_time":"2025-12-12T10:42:05+00:00","og_image":[{"width":512,"height":512,"url":"https:\/\/talkpal.ai\/wp-content\/uploads\/2023\/05\/Lithuanian.png","type":"image\/png"}],"twitter_card":"summary_large_image","twitter_site":"@talkpalai","twitter_misc":{"Ber\u00e4knad l\u00e4stid":"3 minuter"},"schema":{"@context":"https:\/\/schema.org","@graph":[{"@type":"WebPage","@id":"https:\/\/talkpal.ai\/sv\/litauisk-grammatik\/","url":"https:\/\/talkpal.ai\/sv\/litauisk-grammatik\/","name":"Litauisk grammatik - Talkpal","isPartOf":{"@id":"https:\/\/talkpal.ai\/sv\/#website"},"primaryImageOfPage":{"@id":"https:\/\/talkpal.ai\/sv\/litauisk-grammatik\/#primaryimage"},"image":{"@id":"https:\/\/talkpal.ai\/sv\/litauisk-grammatik\/#primaryimage"},"thumbnailUrl":"https:\/\/talkpal.ai\/wp-content\/uploads\/2023\/05\/Lithuanian.png","datePublished":"2023-05-14T14:10:42+00:00","dateModified":"2025-12-12T10:42:05+00:00","description":"Uppt\u00e4ck hur den litauiska grammatiken \u00e5terspeglar historisk rikedom och logik, vilket g\u00f6r den till ett perfekt studieobjekt f\u00f6r spr\u00e5k\u00e4lskare.","breadcrumb":{"@id":"https:\/\/talkpal.ai\/sv\/litauisk-grammatik\/#breadcrumb"},"inLanguage":"sv-SE","potentialAction":[{"@type":"ReadAction","target":["https:\/\/talkpal.ai\/sv\/litauisk-grammatik\/"]}]},{"@type":"ImageObject","inLanguage":"sv-SE","@id":"https:\/\/talkpal.ai\/sv\/litauisk-grammatik\/#primaryimage","url":"https:\/\/talkpal.ai\/wp-content\/uploads\/2023\/05\/Lithuanian.png","contentUrl":"https:\/\/talkpal.ai\/wp-content\/uploads\/2023\/05\/Lithuanian.png","width":512,"height":512},{"@type":"BreadcrumbList","@id":"https:\/\/talkpal.ai\/sv\/litauisk-grammatik\/#breadcrumb","itemListElement":[{"@type":"ListItem","position":1,"name":"Homepage","item":"https:\/\/talkpal.ai\/sv\/"},{"@type":"ListItem","position":2,"name":"Litauisk grammatik"}]},{"@type":"WebSite","@id":"https:\/\/talkpal.ai\/sv\/#website","url":"https:\/\/talkpal.ai\/sv\/","name":"Talkpal","description":"AI Language Learning","publisher":{"@id":"https:\/\/talkpal.ai\/sv\/#organization"},"alternateName":"Talkpal AI","potentialAction":[{"@type":"SearchAction","target":{"@type":"EntryPoint","urlTemplate":"https:\/\/talkpal.ai\/sv\/?s={search_term_string}"},"query-input":{"@type":"PropertyValueSpecification","valueRequired":true,"valueName":"search_term_string"}}],"inLanguage":"sv-SE"},{"@type":"Organization","@id":"https:\/\/talkpal.ai\/sv\/#organization","name":"Talkpal, Inc.","alternateName":"Talkpal AI","url":"https:\/\/talkpal.ai\/sv\/","logo":{"@type":"ImageObject","inLanguage":"sv-SE","@id":"https:\/\/talkpal.ai\/sv\/#\/schema\/logo\/image\/","url":"https:\/\/talkpal.ai\/wp-content\/uploads\/2024\/03\/Talkpal-Logo-Icon.png","contentUrl":"https:\/\/talkpal.ai\/wp-content\/uploads\/2024\/03\/Talkpal-Logo-Icon.png","width":2880,"height":2880,"caption":"Talkpal, Inc."},"image":{"@id":"https:\/\/talkpal.ai\/sv\/#\/schema\/logo\/image\/"},"sameAs":["https:\/\/www.facebook.com\/profile.php?id=100090733639311","https:\/\/x.com\/talkpalai","https:\/\/www.linkedin.com\/company\/talkpal\/","https:\/\/www.youtube.com\/@TalkPal\/","https:\/\/www.tiktok.com\/@talkpal","https:\/\/www.instagram.com\/talkpal_ai\/","https:\/\/www.crunchbase.com\/organization\/talkpal-9cde","https:\/\/www.g2.com\/products\/talkpal-for-business\/","https:\/\/www.trustpilot.com\/review\/talkpal.ai","https:\/\/www.capterra.com\/p\/10006800\/TalkPal\/"],"description":"Talkpal is a language learning web and mobile education app, powered by the latest AI technologies, that provides engaging experiences to its customers in many different languages to help them improve their language skills. Users can chat about unlimited amount of topics with the app and use other modes to practice their language learning.","email":"support@talkpal.ai","legalName":"Talkpal, Inc.","foundingDate":"2023-04-03","duns":"118989042","numberOfEmployees":{"@type":"QuantitativeValue","minValue":"11","maxValue":"50"},"publishingPrinciples":"https:\/\/talkpal.ai\/publishing-principles\/","actionableFeedbackPolicy":"https:\/\/talkpal.ai\/actionable-feedback-policy\/","correctionsPolicy":"https:\/\/talkpal.ai\/corrections-policy\/","ethicsPolicy":"https:\/\/talkpal.ai\/ethics-policy\/","diversityPolicy":"https:\/\/talkpal.ai\/diversity-policy\/","diversityStaffingReport":"https:\/\/talkpal.ai\/diversity-policy\/"}]}},"_links":{"self":[{"href":"https:\/\/talkpal.ai\/sv\/wp-json\/wp\/v2\/pages\/146141","targetHints":{"allow":["GET"]}}],"collection":[{"href":"https:\/\/talkpal.ai\/sv\/wp-json\/wp\/v2\/pages"}],"about":[{"href":"https:\/\/talkpal.ai\/sv\/wp-json\/wp\/v2\/types\/page"}],"author":[{"embeddable":true,"href":"https:\/\/talkpal.ai\/sv\/wp-json\/wp\/v2\/users\/1"}],"replies":[{"embeddable":true,"href":"https:\/\/talkpal.ai\/sv\/wp-json\/wp\/v2\/comments?post=146141"}],"version-history":[{"count":0,"href":"https:\/\/talkpal.ai\/sv\/wp-json\/wp\/v2\/pages\/146141\/revisions"}],"wp:featuredmedia":[{"embeddable":true,"href":"https:\/\/talkpal.ai\/sv\/wp-json\/wp\/v2\/media\/28469"}],"wp:attachment":[{"href":"https:\/\/talkpal.ai\/sv\/wp-json\/wp\/v2\/media?parent=146141"}],"curies":[{"name":"wp","href":"https:\/\/api.w.org\/{rel}","templated":true}]}}