{"id":145940,"date":"2023-05-14T14:10:24","date_gmt":"2023-05-14T14:10:24","guid":{"rendered":"http:\/\/talkpal.ai\/lettisk-grammatik\/"},"modified":"2025-12-17T17:10:51","modified_gmt":"2025-12-17T17:10:51","slug":"lettisk-grammatik","status":"publish","type":"page","link":"https:\/\/talkpal.ai\/sv\/lettisk-grammatik\/","title":{"rendered":"Lettisk grammatik"},"content":{"rendered":"\r\n\r\n\r\n<section class=\"languageChallengeSection\">\r\n    <div class=\"languageInfoWrapper\">\r\n        \r\n        <h1>Lettisk grammatik<\/h1>\r\n        <p>Utforska den <a href=\"https:\/\/talkpal.ai\/learn-latvian\/\">lettiska<\/a> grammatikens unika v\u00e4rld och uppt\u00e4ck sk\u00f6nheten i ett av \u00d6stersj\u00f6omr\u00e5dets mest levande spr\u00e5k. Genom att f\u00f6rst\u00e5 dess struktur och regler \u00f6kar du ditt sj\u00e4lvf\u00f6rtroende och din kommunikationsf\u00f6rm\u00e5ga. B\u00f6rja l\u00e4ra dig <a href=\"https:\/\/talkpal.ai\/da\/laer-lettisk\/\">lettisk grammatik<\/a> idag och ta ditt f\u00f6rsta steg mot flytande spr\u00e5k!\n\n<\/p>\r\n\r\n                            <a class=\"getStartedHidden\" href=\"https:\/\/app.talkpal.ai\/sv\/signup?lng=\">Kom ig\u00e5ng<\/a>\r\n        \r\n    <\/div>\r\n\r\n    <figure>\r\n    <img decoding=\"async\" width=\"768\" height=\"768\" src=\"https:\/\/talkpal.ai\/wp-content\/uploads\/2023\/06\/latvian-768x768.png\" class=\"languageImage no-lazy\" alt=\"Default alt text\" fetchpriority=\"high\" sizes=\"(max-width: 768px) 150px, 768px\" srcset=\"https:\/\/talkpal.ai\/wp-content\/uploads\/2023\/06\/latvian-768x768.png 768w, https:\/\/talkpal.ai\/wp-content\/uploads\/2023\/06\/latvian-300x300.png 300w\" \/>\r\n    \r\n\r\n    <\/figure>\r\n\r\n            <a class=\"getStartedVisible\" href=\"https:\/\/app.talkpal.ai\/sv\/signup?lng=\">Kom ig\u00e5ng<\/a>\r\n    \r\n<\/section>\r\n        <section class=\"grammarSection\">\r\n            <div class=\"grammarLinks\">\r\n                <a href=\"https:\/\/talkpal.ai\/sv\/language\/adjektiv-lettisk-grammatik\/\">Adjektiv <\/a><a href=\"https:\/\/talkpal.ai\/sv\/language\/adverb-lettisk-grammatik\/\">Adverb <\/a><a href=\"https:\/\/talkpal.ai\/sv\/language\/artiklar-lettisk-grammatik\/\">Artiklar <\/a><a href=\"https:\/\/talkpal.ai\/sv\/language\/jamforelse-av-tempus-lettisk-grammatik\/\">J\u00e4mf\u00f6relse av tempus <\/a><a href=\"https:\/\/talkpal.ai\/sv\/language\/konditionaler-lettisk-grammatik\/\">Konditionaler <\/a><a href=\"https:\/\/talkpal.ai\/sv\/language\/meningar-lettisk-grammatik\/\">Meningar <\/a><a href=\"https:\/\/talkpal.ai\/sv\/language\/perfect-progressive-lettisk-grammatik\/\">Perfect Progressive <\/a><a href=\"https:\/\/talkpal.ai\/sv\/language\/prepositioner-lettisk-grammatik\/\">Prepositioner <\/a><a href=\"https:\/\/talkpal.ai\/sv\/language\/progressiv-lettisk-grammatik\/\">Progressiv <\/a><a href=\"https:\/\/talkpal.ai\/sv\/language\/pronomen-bestamningsfaktorer-lettisk-grammatik\/\">Pronomen\/best\u00e4mningsfaktorer <\/a><a href=\"https:\/\/talkpal.ai\/sv\/language\/substantiv-lettisk-grammatik\/\">Substantiv <\/a><a href=\"https:\/\/talkpal.ai\/sv\/language\/tempus-lettisk-grammatik\/\">Tempus <\/a><a href=\"https:\/\/talkpal.ai\/sv\/language\/verb-lettisk-grammatik\/\">Verb <\/a>            <\/div>\r\n        <\/section>\r\n    <section class=\"promotionalBanner\">\r\n    <p class=\"promotionalText\">Det mest effektiva s\u00e4ttet att l\u00e4ra sig ett spr\u00e5k<\/p>\r\n    <a class=\"promotionalLink\" href=\"https:\/\/app.talkpal.ai\/sv\/signup?lng=\">Prova Talkpal gratis<\/a>\r\n<\/section>\n<div class=\"wp-block-group pageContainerStyle\"><div class=\"wp-block-group__inner-container is-layout-constrained wp-block-group-is-layout-constrained\">\n<h2 class=\"wp-block-heading\" id=\"h-the-ultimate-guide-to-latvian-grammar-navigating-the-intricacies-of-a-unique-language\">Den ultimata guiden till lettisk grammatik: Navigera i ett unikt spr\u00e5ks kr\u00e5ngligheter<\/h2>\n\n\n\n<p>Den lettiska grammatiken, liksom spr\u00e5ket sj\u00e4lvt, utg\u00f6r en rik och fascinerande v\u00e4v av spr\u00e5kliga element. Som ett baltiskt spr\u00e5k f\u00e4ngslar lettiska eleverna med sina olika egenskaper och utmanar \u00e4ven de mest skickliga talarna. I <a href=\"https:\/\/talkpal.ai\/culture\/how-do-i-use-den-har-and-det-har\/\">den h\u00e4r<\/a> guiden utforskar vi de viktigaste principerna f\u00f6r lettisk <a href=\"https:\/\/talkpal.ai\/fr\/les\/\">grammatik<\/a>, avmystifierar dess komplexitet och hj\u00e4lper dig p\u00e5 din resa mot att bli flytande i detta f\u00e4ngslande spr\u00e5k. L\u00e5t <a href=\"https:\/\/talkpal.ai\/locations\/language-courses-in-oss\/\">oss<\/a> b\u00f6rja!<\/p>\n\n\n\n<h3 class=\"wp-block-heading\" id=\"h-the-nuts-and-bolts-latvian-sentence-structure\">Skruvar och muttrar: Lettisk meningsstruktur<\/h3>\n\n\n\n<p>I grund och botten \u00e4r lettisk grammatik ganska okomplicerad. Spr\u00e5ket f\u00f6ljer i allm\u00e4nhet meningsstrukturen Subject-Verb-Object (SVO), liknande <a href=\"https:\/\/talkpal.ai\/learn-english-with-ai\/\">engelska<\/a> och m\u00e5nga andra spr\u00e5k. Till exempel kan meningen &#8221;Jag \u00e4ter ett \u00e4pple&#8221; \u00f6vers\u00e4ttas till &#8221;Es \u0113du \u0101bolu&#8221; (Es \u0113du \u0101bolu). Enkelt, eller hur? Men n\u00e4r vi gr\u00e4ver djupare kommer du att st\u00f6ta p\u00e5 n\u00e5gra sp\u00e4nnande och utm\u00e4rkande drag i den lettiska grammatiken.<\/p>\n\n\n\n<h3 class=\"wp-block-heading\" id=\"h-meet-the-family-latvian-nouns-and-their-cases\">M\u00f6t familjen: Lettiska substantiv och deras kasus<\/h3>\n\n\n\n<p>Ett av de mest f\u00f6rbryllande k\u00e4nnetecknen f\u00f6r lettisk grammatik f\u00f6r <a href=\"https:\/\/talkpal.ai\/english-speaking-course\/\">engelsktalande<\/a> \u00e4r begreppet grammatiska kasus. I lettiskan finns det sju kasus: nominativ, genitiv, dativ, ackusativ, lokativ, instrumental och vokativ. Varje kasus har sin egen funktion och p\u00e5verkar formen av substantiv, adjektiv, pronomen och ibland till och med verb.<\/p>\n\n\n\n<p>L\u00e5t oss till exempel ta ordet &#8221;\u0101bols&#8221; (\u0101bols) som betyder &#8221;\u00e4pple&#8221;:<\/p>\n\n\n\n<p><strong>&#8211; Nominativ (anv\u00e4nds f\u00f6r subjekt): \u0101bols<\/strong><\/p>\n\n\n\n<p><strong>&#8211; Genitivfall (anv\u00e4nds f\u00f6r innehav): \u0101bola<\/strong><\/p>\n\n\n\n<p><strong>&#8211; Dativfall (anv\u00e4nds f\u00f6r indirekta objekt): \u0101bolam<\/strong><\/p>\n\n\n\n<p><strong>&#8211; Ackusativ (anv\u00e4nds f\u00f6r direkta objekt): \u0101bolu<\/strong><\/p>\n\n\n\n<p><strong>&#8211; Lokativt fall (anv\u00e4nds f\u00f6r plats): \u0101bol\u0101<\/strong><\/p>\n\n\n\n<p><strong>&#8211; Instrumentellt kasus (anv\u00e4nds f\u00f6r de medel med vilka en handling utf\u00f6rs): \u0101bolu\/-iem<\/strong><\/p>\n\n\n\n<p><strong>&#8211; Vokativ (anv\u00e4nds f\u00f6r att tilltala n\u00e5gon eller n\u00e5got): \u0101bol<\/strong><\/p>\n\n\n\n<p>Det \u00e4r viktigt att du k\u00e4nner till dessa fall eftersom de kan f\u00f6r\u00e4ndra inneb\u00f6rden av dina meningar p\u00e5 ett dramatiskt s\u00e4tt.<\/p>\n\n\n\n<h3 class=\"wp-block-heading\" id=\"h-playing-with-numbers-latvian-plurals-and-genders\">Leka med siffror: Lettiska plural och genus<\/h3>\n\n\n\n<p>N\u00e4r du bildar pluralis p\u00e5 lettiska \u00e4r det viktigt att komma ih\u00e5g substantivets k\u00f6n. P\u00e5 lettiska har substantiv tv\u00e5 genus \u2013 maskulinum och femininum. Genus p\u00e5verkar \u00e4ndelserna p\u00e5 substantiv, adjektiv, siffror och vissa verbformer.<\/p>\n\n\n\n<p>I allm\u00e4nhet slutar maskulina substantiv i plural nominativ p\u00e5 -i, medan feminina substantiv slutar p\u00e5 -as. Till exempel blir &#8221;zirgs&#8221; (zirgs, ett maskulint substantiv som betyder &#8221;h\u00e4st&#8221;) &#8221;zirgi&#8221; (zirgi, h\u00e4star) och &#8221;sieviete&#8221; (sieviete, ett feminint substantiv som betyder &#8221;kvinna&#8221;) blir &#8221;sievietes&#8221; (sievietes, kvinnor).<\/p>\n\n\n\n<p>Naturligtvis finns det undantag, och d\u00e4rf\u00f6r \u00e4r det viktigt att l\u00e4ra sig substantivens k\u00f6nstillh\u00f6righet och vara medveten om oregelbundna pluralformer.<\/p>\n\n\n\n<h3 class=\"wp-block-heading\" id=\"h-the-art-of-conjugation-latvian-verbs\">Konsten att b\u00f6ja: Lettiska verb<\/h3>\n\n\n\n<p>Lettiska verb kan till en b\u00f6rjan verka skr\u00e4mmande p\u00e5 grund av deras m\u00e5nga tempus, modus och b\u00f6jningar. Nyckeln till att f\u00f6rst\u00e5 dem \u00e4r dock att k\u00e4nna igen vanliga m\u00f6nster och \u00f6va regelbundet.<\/p>\n\n\n\n<p>P\u00e5 lettiska delas verb in i tre grupper baserat p\u00e5 deras infinitev\u00e4ndelser, -t, -ties och -ties\/-t. Varje grupp har specifika b\u00f6jningsregler. L\u00e5t oss ta verbet &#8221;las\u012bt&#8221; (las\u012bt, &#8221;att l\u00e4sa&#8221;) som exempel:<\/p>\n\n\n\n<p><strong>Presens: Es lasu (Es lasu, &#8221;jag l\u00e4ste&#8221;)<\/strong><\/p>\n\n\n\n<p><strong>F\u00f6rfluten tid: Es las\u012bju (Es las\u012bju, &#8221;jag l\u00e4ste&#8221;)<\/strong><\/p>\n\n\n\n<p><strong>Framtid i presens: Es las\u012b\u0161u (Es las\u012b\u0161u, &#8221;Jag kommer att l\u00e4sa&#8221;)<\/strong><\/p>\n\n\n\n<p>Som du kan se \u00e4ndras \u00e4ndelserna beroende p\u00e5 tempus. Och detta skrapar inte ens p\u00e5 ytan av lettisk verbkonjugering! Men l\u00e5t dig inte avskr\u00e4ckas av det. Med \u00f6vning och t\u00e5lamod kommer du att b\u00f6rja k\u00e4nna igen m\u00f6nstren och \u00f6vervinna den h\u00e4r utmaningen.<\/p>\n\n\n\n<h3 class=\"wp-block-heading\" id=\"h-the-finishing-touches-latvian-adjectives-adverbs-and-more\">Pricken \u00f6ver i:et: Lettiska adjektiv, adverb och mer<\/h3>\n\n\n\n<p>N\u00e4r det g\u00e4ller lettiska adjektiv och adverb spelar de en avg\u00f6rande roll f\u00f6r att l\u00e4gga till djup och komplexitet till ditt tal. Adjektiv m\u00e5ste \u00f6verensst\u00e4mma med de substantiv de modifierar n\u00e4r det g\u00e4ller genus och kasus, med \u00e4ndelser som varierar i enlighet med detta.<\/p>\n\n\n\n<p>Till exempel betyder &#8221;gar\u0161\u012bgs&#8221; (gar\u0161\u012bgs) &#8221;uts\u00f6kt&#8221;, och du kan se det som &#8221;gar\u0161\u012bgs \u0101bols&#8221; (gar\u0161\u012bgs \u0101bols, &#8221;uts\u00f6kt \u00e4pple&#8221;) eller &#8221;gar\u0161\u012bga zupa&#8221; (gar\u0161\u012bga zupa, &#8221;uts\u00f6kt soppa&#8221;), med olika \u00e4ndelser f\u00f6r maskulina och feminina substantiv.<\/p>\n\n\n\n<p>Adverb f\u00f6ljer vanligtvis liknande m\u00f6nster, ofta h\u00e4rledda fr\u00e5n adjektiv. I lettiska slutar de flesta adverb p\u00e5 -i, vilket \u00e4r samma form som maskulinum singular ackusativ f\u00f6r adjektiv.<\/p>\n\n\n\n<p>Sammanfattningsvis kan man s\u00e4ga att den lettiska grammatikens komplexitet och egenheter, \u00e4ven om de \u00e4r utmanande, ger spr\u00e5ket dess f\u00e4ngslande sk\u00f6nhet och karakt\u00e4r. Med en kombination av uth\u00e5llighet, nyfikenhet och praktisk till\u00e4mpning kommer du snart att navigera i lettisk grammatik med l\u00e4tthet och sj\u00e4lvf\u00f6rtroende. Lycka till med l\u00e4randet!<\/p>\n<\/div><\/div>\n\r\n<section class=\"learnNavigationSection\">\r\n            \r\n        <a href=\"https:\/\/talkpal.ai\/sv\/lar-dig-lettiska\/\">\r\n            <div class=\"learnNavigationWrapper\">\r\n                <div class=\"learnNavigationContent\">\r\n                    <img decoding=\"async\" src=\"https:\/\/talkpal.ai\/wp-content\/uploads\/2024\/08\/Latvian.jpg\" alt=\"Latvian Flag\">\r\n                    <div>\r\n                        <h4>Om lettisk inl\u00e4rning<\/h4>\r\n                        <p>Ta reda p\u00e5 allt om lettisk grammatik.<\/p>\r\n                    <\/div>\r\n                <\/div>\r\n            <\/div>\r\n        <\/a>\r\n\r\n        \r\n        <a href=\"https:\/\/talkpal.ai\/sv\/lettiska-grammatikovningar\/\">\r\n            <div class=\"learnNavigationWrapper\">\r\n                <div class=\"learnNavigationContent\">\r\n                    <img decoding=\"async\" src=\"https:\/\/talkpal.ai\/wp-content\/uploads\/2024\/08\/Latvian.jpg\" alt=\"Latvian Flag\">\r\n                    <div>\r\n                        <h4>Lettisk grammatik \u00f6vning<\/h4>\r\n                        <p>\u00d6va p\u00e5 lettisk grammatik.<\/p>\r\n                    <\/div>\r\n                <\/div>\r\n            <\/div>\r\n        <\/a>\r\n\r\n        \r\n        <a href=\"https:\/\/talkpal.ai\/vocabulary_language\/latvian\/\">\r\n            <div class=\"learnNavigationWrapper\">\r\n                <div class=\"learnNavigationContent\">\r\n                    <img decoding=\"async\" src=\"https:\/\/talkpal.ai\/wp-content\/uploads\/2024\/08\/Latvian.jpg\" alt=\"Latvian Flag\">\r\n                    <div>\r\n                        <h4>Lettisk vokabul\u00e4r<\/h4>\r\n                        <p>Ut\u00f6ka ditt lettiska ordf\u00f6rr\u00e5d.<\/p>\r\n                    <\/div>\r\n                <\/div>\r\n            <\/div>\r\n        <\/a>\r\n\r\n            <\/section>","protected":false},"excerpt":{"rendered":"<p>Den ultimata guiden till lettisk grammatik: Navigera i ett unikt spr\u00e5ks kr\u00e5ngligheter Den lettiska grammatiken, liksom spr\u00e5ket sj\u00e4lvt, utg\u00f6r en rik och fascinerande v\u00e4v av spr\u00e5kliga element. Som ett baltiskt spr\u00e5k f\u00e4ngslar lettiska eleverna med sina olika egenskaper och utmanar \u00e4ven de mest skickliga talarna. I den h\u00e4r guiden utforskar vi de viktigaste principerna f\u00f6r [&hellip;]<\/p>\n","protected":false},"author":1,"featured_media":28453,"parent":0,"menu_order":0,"comment_status":"closed","ping_status":"closed","template":"LearningContentPage.php","meta":{"_acf_changed":false,"footnotes":""},"class_list":["post-145940","page","type-page","status-publish","has-post-thumbnail","hentry"],"acf":[],"yoast_head":"<!-- This site is optimized with the Yoast SEO Premium plugin v27.2 (Yoast SEO v27.2) - https:\/\/yoast.com\/product\/yoast-seo-premium-wordpress\/ -->\n<title>Lettisk grammatik - Talkpal<\/title>\n<meta name=\"description\" content=\"Beh\u00e4rska lettisk grammatik med sj\u00e4lvf\u00f6rtroende - l\u00e4r dig regler, \u00f6va p\u00e5 anv\u00e4ndning och \u00f6ka spr\u00e5kriktigheten enkelt med Talkpals personliga AI-v\u00e4gledning.\" \/>\n<meta name=\"robots\" content=\"index, follow, max-snippet:-1, max-image-preview:large, max-video-preview:-1\" \/>\n<link rel=\"canonical\" href=\"https:\/\/talkpal.ai\/sv\/lettisk-grammatik\/\" \/>\n<meta property=\"og:locale\" content=\"sv_SE\" \/>\n<meta property=\"og:type\" content=\"article\" \/>\n<meta property=\"og:title\" content=\"Lettisk grammatik\" \/>\n<meta property=\"og:description\" content=\"Den ultimata guiden till lettisk grammatik: Navigera i ett unikt spr\u00e5ks kr\u00e5ngligheter Den lettiska grammatiken, liksom spr\u00e5ket sj\u00e4lvt, utg\u00f6r en rik och\" \/>\n<meta property=\"og:url\" content=\"https:\/\/talkpal.ai\/sv\/lettisk-grammatik\/\" \/>\n<meta property=\"og:site_name\" content=\"Talkpal\" \/>\n<meta property=\"article:publisher\" content=\"https:\/\/www.facebook.com\/profile.php?id=100090733639311\" \/>\n<meta property=\"article:modified_time\" content=\"2025-12-17T17:10:51+00:00\" \/>\n<meta property=\"og:image\" content=\"https:\/\/talkpal.ai\/wp-content\/uploads\/2023\/05\/latvia.png\" \/>\n\t<meta property=\"og:image:width\" content=\"512\" \/>\n\t<meta property=\"og:image:height\" content=\"512\" \/>\n\t<meta property=\"og:image:type\" content=\"image\/png\" \/>\n<meta name=\"twitter:card\" content=\"summary_large_image\" \/>\n<meta name=\"twitter:site\" content=\"@talkpalai\" \/>\n<meta name=\"twitter:label1\" content=\"Ber\u00e4knad l\u00e4stid\" \/>\n\t<meta name=\"twitter:data1\" content=\"4 minuter\" \/>\n<script type=\"application\/ld+json\" class=\"yoast-schema-graph\">{\"@context\":\"https:\/\/schema.org\",\"@graph\":[{\"@type\":\"WebPage\",\"@id\":\"https:\/\/talkpal.ai\/sv\/lettisk-grammatik\/\",\"url\":\"https:\/\/talkpal.ai\/sv\/lettisk-grammatik\/\",\"name\":\"Lettisk grammatik - Talkpal\",\"isPartOf\":{\"@id\":\"https:\/\/talkpal.ai\/sv\/#website\"},\"primaryImageOfPage\":{\"@id\":\"https:\/\/talkpal.ai\/sv\/lettisk-grammatik\/#primaryimage\"},\"image\":{\"@id\":\"https:\/\/talkpal.ai\/sv\/lettisk-grammatik\/#primaryimage\"},\"thumbnailUrl\":\"https:\/\/talkpal.ai\/wp-content\/uploads\/2023\/05\/latvia.png\",\"datePublished\":\"2023-05-14T14:10:24+00:00\",\"dateModified\":\"2025-12-17T17:10:51+00:00\",\"description\":\"Beh\u00e4rska lettisk grammatik med sj\u00e4lvf\u00f6rtroende - l\u00e4r dig regler, \u00f6va p\u00e5 anv\u00e4ndning och \u00f6ka spr\u00e5kriktigheten enkelt med Talkpals personliga AI-v\u00e4gledning.\",\"breadcrumb\":{\"@id\":\"https:\/\/talkpal.ai\/sv\/lettisk-grammatik\/#breadcrumb\"},\"inLanguage\":\"sv-SE\",\"potentialAction\":[{\"@type\":\"ReadAction\",\"target\":[\"https:\/\/talkpal.ai\/sv\/lettisk-grammatik\/\"]}]},{\"@type\":\"ImageObject\",\"inLanguage\":\"sv-SE\",\"@id\":\"https:\/\/talkpal.ai\/sv\/lettisk-grammatik\/#primaryimage\",\"url\":\"https:\/\/talkpal.ai\/wp-content\/uploads\/2023\/05\/latvia.png\",\"contentUrl\":\"https:\/\/talkpal.ai\/wp-content\/uploads\/2023\/05\/latvia.png\",\"width\":512,\"height\":512},{\"@type\":\"BreadcrumbList\",\"@id\":\"https:\/\/talkpal.ai\/sv\/lettisk-grammatik\/#breadcrumb\",\"itemListElement\":[{\"@type\":\"ListItem\",\"position\":1,\"name\":\"Homepage\",\"item\":\"https:\/\/talkpal.ai\/sv\/\"},{\"@type\":\"ListItem\",\"position\":2,\"name\":\"Lettisk grammatik\"}]},{\"@type\":\"WebSite\",\"@id\":\"https:\/\/talkpal.ai\/sv\/#website\",\"url\":\"https:\/\/talkpal.ai\/sv\/\",\"name\":\"Talkpal\",\"description\":\"AI Language Learning\",\"publisher\":{\"@id\":\"https:\/\/talkpal.ai\/sv\/#organization\"},\"alternateName\":\"Talkpal AI\",\"potentialAction\":[{\"@type\":\"SearchAction\",\"target\":{\"@type\":\"EntryPoint\",\"urlTemplate\":\"https:\/\/talkpal.ai\/sv\/?s={search_term_string}\"},\"query-input\":{\"@type\":\"PropertyValueSpecification\",\"valueRequired\":true,\"valueName\":\"search_term_string\"}}],\"inLanguage\":\"sv-SE\"},{\"@type\":\"Organization\",\"@id\":\"https:\/\/talkpal.ai\/sv\/#organization\",\"name\":\"Talkpal, Inc.\",\"alternateName\":\"Talkpal AI\",\"url\":\"https:\/\/talkpal.ai\/sv\/\",\"logo\":{\"@type\":\"ImageObject\",\"inLanguage\":\"sv-SE\",\"@id\":\"https:\/\/talkpal.ai\/sv\/#\/schema\/logo\/image\/\",\"url\":\"https:\/\/talkpal.ai\/wp-content\/uploads\/2024\/03\/Talkpal-Logo-Icon.png\",\"contentUrl\":\"https:\/\/talkpal.ai\/wp-content\/uploads\/2024\/03\/Talkpal-Logo-Icon.png\",\"width\":2880,\"height\":2880,\"caption\":\"Talkpal, Inc.\"},\"image\":{\"@id\":\"https:\/\/talkpal.ai\/sv\/#\/schema\/logo\/image\/\"},\"sameAs\":[\"https:\/\/www.facebook.com\/profile.php?id=100090733639311\",\"https:\/\/x.com\/talkpalai\",\"https:\/\/www.linkedin.com\/company\/talkpal\/\",\"https:\/\/www.youtube.com\/@TalkPal\/\",\"https:\/\/www.tiktok.com\/@talkpal\",\"https:\/\/www.instagram.com\/talkpal_ai\/\",\"https:\/\/www.crunchbase.com\/organization\/talkpal-9cde\",\"https:\/\/www.g2.com\/products\/talkpal-for-business\/\",\"https:\/\/www.trustpilot.com\/review\/talkpal.ai\",\"https:\/\/www.capterra.com\/p\/10006800\/TalkPal\/\"],\"description\":\"Talkpal is a language learning web and mobile education app, powered by the latest AI technologies, that provides engaging experiences to its customers in many different languages to help them improve their language skills. Users can chat about unlimited amount of topics with the app and use other modes to practice their language learning.\",\"email\":\"support@talkpal.ai\",\"legalName\":\"Talkpal, Inc.\",\"foundingDate\":\"2023-04-03\",\"duns\":\"118989042\",\"numberOfEmployees\":{\"@type\":\"QuantitativeValue\",\"minValue\":\"11\",\"maxValue\":\"50\"},\"publishingPrinciples\":\"https:\/\/talkpal.ai\/publishing-principles\/\",\"actionableFeedbackPolicy\":\"https:\/\/talkpal.ai\/actionable-feedback-policy\/\",\"correctionsPolicy\":\"https:\/\/talkpal.ai\/corrections-policy\/\",\"ethicsPolicy\":\"https:\/\/talkpal.ai\/ethics-policy\/\",\"diversityPolicy\":\"https:\/\/talkpal.ai\/diversity-policy\/\",\"diversityStaffingReport\":\"https:\/\/talkpal.ai\/diversity-policy\/\"}]}<\/script>\n<!-- \/ Yoast SEO Premium plugin. -->","yoast_head_json":{"title":"Lettisk grammatik - Talkpal","description":"Beh\u00e4rska lettisk grammatik med sj\u00e4lvf\u00f6rtroende - l\u00e4r dig regler, \u00f6va p\u00e5 anv\u00e4ndning och \u00f6ka spr\u00e5kriktigheten enkelt med Talkpals personliga AI-v\u00e4gledning.","robots":{"index":"index","follow":"follow","max-snippet":"max-snippet:-1","max-image-preview":"max-image-preview:large","max-video-preview":"max-video-preview:-1"},"canonical":"https:\/\/talkpal.ai\/sv\/lettisk-grammatik\/","og_locale":"sv_SE","og_type":"article","og_title":"Lettisk grammatik","og_description":"Den ultimata guiden till lettisk grammatik: Navigera i ett unikt spr\u00e5ks kr\u00e5ngligheter Den lettiska grammatiken, liksom spr\u00e5ket sj\u00e4lvt, utg\u00f6r en rik och","og_url":"https:\/\/talkpal.ai\/sv\/lettisk-grammatik\/","og_site_name":"Talkpal","article_publisher":"https:\/\/www.facebook.com\/profile.php?id=100090733639311","article_modified_time":"2025-12-17T17:10:51+00:00","og_image":[{"width":512,"height":512,"url":"https:\/\/talkpal.ai\/wp-content\/uploads\/2023\/05\/latvia.png","type":"image\/png"}],"twitter_card":"summary_large_image","twitter_site":"@talkpalai","twitter_misc":{"Ber\u00e4knad l\u00e4stid":"4 minuter"},"schema":{"@context":"https:\/\/schema.org","@graph":[{"@type":"WebPage","@id":"https:\/\/talkpal.ai\/sv\/lettisk-grammatik\/","url":"https:\/\/talkpal.ai\/sv\/lettisk-grammatik\/","name":"Lettisk grammatik - Talkpal","isPartOf":{"@id":"https:\/\/talkpal.ai\/sv\/#website"},"primaryImageOfPage":{"@id":"https:\/\/talkpal.ai\/sv\/lettisk-grammatik\/#primaryimage"},"image":{"@id":"https:\/\/talkpal.ai\/sv\/lettisk-grammatik\/#primaryimage"},"thumbnailUrl":"https:\/\/talkpal.ai\/wp-content\/uploads\/2023\/05\/latvia.png","datePublished":"2023-05-14T14:10:24+00:00","dateModified":"2025-12-17T17:10:51+00:00","description":"Beh\u00e4rska lettisk grammatik med sj\u00e4lvf\u00f6rtroende - l\u00e4r dig regler, \u00f6va p\u00e5 anv\u00e4ndning och \u00f6ka spr\u00e5kriktigheten enkelt med Talkpals personliga AI-v\u00e4gledning.","breadcrumb":{"@id":"https:\/\/talkpal.ai\/sv\/lettisk-grammatik\/#breadcrumb"},"inLanguage":"sv-SE","potentialAction":[{"@type":"ReadAction","target":["https:\/\/talkpal.ai\/sv\/lettisk-grammatik\/"]}]},{"@type":"ImageObject","inLanguage":"sv-SE","@id":"https:\/\/talkpal.ai\/sv\/lettisk-grammatik\/#primaryimage","url":"https:\/\/talkpal.ai\/wp-content\/uploads\/2023\/05\/latvia.png","contentUrl":"https:\/\/talkpal.ai\/wp-content\/uploads\/2023\/05\/latvia.png","width":512,"height":512},{"@type":"BreadcrumbList","@id":"https:\/\/talkpal.ai\/sv\/lettisk-grammatik\/#breadcrumb","itemListElement":[{"@type":"ListItem","position":1,"name":"Homepage","item":"https:\/\/talkpal.ai\/sv\/"},{"@type":"ListItem","position":2,"name":"Lettisk grammatik"}]},{"@type":"WebSite","@id":"https:\/\/talkpal.ai\/sv\/#website","url":"https:\/\/talkpal.ai\/sv\/","name":"Talkpal","description":"AI Language Learning","publisher":{"@id":"https:\/\/talkpal.ai\/sv\/#organization"},"alternateName":"Talkpal AI","potentialAction":[{"@type":"SearchAction","target":{"@type":"EntryPoint","urlTemplate":"https:\/\/talkpal.ai\/sv\/?s={search_term_string}"},"query-input":{"@type":"PropertyValueSpecification","valueRequired":true,"valueName":"search_term_string"}}],"inLanguage":"sv-SE"},{"@type":"Organization","@id":"https:\/\/talkpal.ai\/sv\/#organization","name":"Talkpal, Inc.","alternateName":"Talkpal AI","url":"https:\/\/talkpal.ai\/sv\/","logo":{"@type":"ImageObject","inLanguage":"sv-SE","@id":"https:\/\/talkpal.ai\/sv\/#\/schema\/logo\/image\/","url":"https:\/\/talkpal.ai\/wp-content\/uploads\/2024\/03\/Talkpal-Logo-Icon.png","contentUrl":"https:\/\/talkpal.ai\/wp-content\/uploads\/2024\/03\/Talkpal-Logo-Icon.png","width":2880,"height":2880,"caption":"Talkpal, Inc."},"image":{"@id":"https:\/\/talkpal.ai\/sv\/#\/schema\/logo\/image\/"},"sameAs":["https:\/\/www.facebook.com\/profile.php?id=100090733639311","https:\/\/x.com\/talkpalai","https:\/\/www.linkedin.com\/company\/talkpal\/","https:\/\/www.youtube.com\/@TalkPal\/","https:\/\/www.tiktok.com\/@talkpal","https:\/\/www.instagram.com\/talkpal_ai\/","https:\/\/www.crunchbase.com\/organization\/talkpal-9cde","https:\/\/www.g2.com\/products\/talkpal-for-business\/","https:\/\/www.trustpilot.com\/review\/talkpal.ai","https:\/\/www.capterra.com\/p\/10006800\/TalkPal\/"],"description":"Talkpal is a language learning web and mobile education app, powered by the latest AI technologies, that provides engaging experiences to its customers in many different languages to help them improve their language skills. Users can chat about unlimited amount of topics with the app and use other modes to practice their language learning.","email":"support@talkpal.ai","legalName":"Talkpal, Inc.","foundingDate":"2023-04-03","duns":"118989042","numberOfEmployees":{"@type":"QuantitativeValue","minValue":"11","maxValue":"50"},"publishingPrinciples":"https:\/\/talkpal.ai\/publishing-principles\/","actionableFeedbackPolicy":"https:\/\/talkpal.ai\/actionable-feedback-policy\/","correctionsPolicy":"https:\/\/talkpal.ai\/corrections-policy\/","ethicsPolicy":"https:\/\/talkpal.ai\/ethics-policy\/","diversityPolicy":"https:\/\/talkpal.ai\/diversity-policy\/","diversityStaffingReport":"https:\/\/talkpal.ai\/diversity-policy\/"}]}},"_links":{"self":[{"href":"https:\/\/talkpal.ai\/sv\/wp-json\/wp\/v2\/pages\/145940","targetHints":{"allow":["GET"]}}],"collection":[{"href":"https:\/\/talkpal.ai\/sv\/wp-json\/wp\/v2\/pages"}],"about":[{"href":"https:\/\/talkpal.ai\/sv\/wp-json\/wp\/v2\/types\/page"}],"author":[{"embeddable":true,"href":"https:\/\/talkpal.ai\/sv\/wp-json\/wp\/v2\/users\/1"}],"replies":[{"embeddable":true,"href":"https:\/\/talkpal.ai\/sv\/wp-json\/wp\/v2\/comments?post=145940"}],"version-history":[{"count":0,"href":"https:\/\/talkpal.ai\/sv\/wp-json\/wp\/v2\/pages\/145940\/revisions"}],"wp:featuredmedia":[{"embeddable":true,"href":"https:\/\/talkpal.ai\/sv\/wp-json\/wp\/v2\/media\/28453"}],"wp:attachment":[{"href":"https:\/\/talkpal.ai\/sv\/wp-json\/wp\/v2\/media?parent=145940"}],"curies":[{"name":"wp","href":"https:\/\/api.w.org\/{rel}","templated":true}]}}