{"id":145562,"date":"2023-05-14T14:09:47","date_gmt":"2023-05-14T14:09:47","guid":{"rendered":"http:\/\/talkpal.ai\/kannada-grammatik\/"},"modified":"2025-12-11T16:20:01","modified_gmt":"2025-12-11T16:20:01","slug":"kannada-grammatik","status":"publish","type":"page","link":"https:\/\/talkpal.ai\/sv\/kannada-grammatik\/","title":{"rendered":"Kannada Grammatik"},"content":{"rendered":"\r\n\r\n\r\n<section class=\"languageChallengeSection\">\r\n    <div class=\"languageInfoWrapper\">\r\n        \r\n        <h1>Kannada Grammatik<\/h1>\r\n        <p>\u00c4r du sugen p\u00e5 att utforska <a href=\"https:\/\/talkpal.ai\/learn-kannada\/\">Kannada<\/a>? F\u00f6rdjupa dig i Kannadas grammatik, som inneh\u00e5ller rikliga verbb\u00f6jningar, k\u00f6nsbest\u00e4mda substantiv och ett logiskt kasussystem som ger spr\u00e5ket liv. B\u00f6rja l\u00e4ra dig idag &#8211; att beh\u00e4rska Kannada-grammatiken ger dig verktygen f\u00f6r att komma i djup kontakt med Karnatakas livfulla kultur och kommunicera med sj\u00e4lvf\u00f6rtroende p\u00e5 ett av s\u00f6dra Indiens mest uttrycksfulla spr\u00e5k!<\/p>\r\n\r\n                            <a class=\"getStartedHidden\" href=\"https:\/\/app.talkpal.ai\/sv\/signup?lng=\">Kom ig\u00e5ng<\/a>\r\n        \r\n    <\/div>\r\n\r\n    <figure>\r\n    <img decoding=\"async\" width=\"768\" height=\"768\" src=\"https:\/\/talkpal.ai\/wp-content\/uploads\/2023\/06\/Kannada-768x768.png\" class=\"languageImage no-lazy\" alt=\"Default alt text\" fetchpriority=\"high\" sizes=\"(max-width: 768px) 150px, 768px\" srcset=\"https:\/\/talkpal.ai\/wp-content\/uploads\/2023\/06\/Kannada-768x768.png 768w, https:\/\/talkpal.ai\/wp-content\/uploads\/2023\/06\/Kannada-300x300.png 300w\" \/>\r\n    \r\n\r\n    <\/figure>\r\n\r\n            <a class=\"getStartedVisible\" href=\"https:\/\/app.talkpal.ai\/sv\/signup?lng=\">Kom ig\u00e5ng<\/a>\r\n    \r\n<\/section>\r\n        <section class=\"grammarSection\">\r\n            <div class=\"grammarLinks\">\r\n                <a href=\"https:\/\/talkpal.ai\/sv\/language\/adjektiv-kannada-grammatik\/\">Adjektiv <\/a><a href=\"https:\/\/talkpal.ai\/sv\/language\/adverb-kannada-grammatik\/\">Adverb <\/a><a href=\"https:\/\/talkpal.ai\/sv\/language\/artiklar-kannada-grammatik\/\">Artiklar <\/a><a href=\"https:\/\/talkpal.ai\/sv\/language\/jamforelse-av-tempus-kannada-grammatik\/\">J\u00e4mf\u00f6relse av tempus <\/a><a href=\"https:\/\/talkpal.ai\/sv\/language\/konditionaler-kannada-grammatik\/\">Konditionaler <\/a><a href=\"https:\/\/talkpal.ai\/sv\/language\/meningar-kannada-grammatik\/\">Meningar <\/a><a href=\"https:\/\/talkpal.ai\/sv\/language\/perfect-progressive-kannada-grammatik\/\">Perfect Progressive <\/a><a href=\"https:\/\/talkpal.ai\/sv\/language\/prepositioner-kannada-grammatik\/\">Prepositioner <\/a><a href=\"https:\/\/talkpal.ai\/sv\/language\/progressiv-kannada-grammatik-sv\/\">Progressiv <\/a><a href=\"https:\/\/talkpal.ai\/sv\/language\/pronomen-bestamningsfaktorer-kannada-grammatik\/\">Pronomen\/best\u00e4mningsfaktorer <\/a><a href=\"https:\/\/talkpal.ai\/sv\/language\/substantiv-kannada-grammatik\/\">Substantiv <\/a><a href=\"https:\/\/talkpal.ai\/sv\/language\/tempus-kannada-grammatik\/\">Tempus <\/a><a href=\"https:\/\/talkpal.ai\/sv\/language\/verb-kannada-grammatik\/\">Verb <\/a>            <\/div>\r\n        <\/section>\r\n    <section class=\"promotionalBanner\">\r\n    <p class=\"promotionalText\">Det mest effektiva s\u00e4ttet att l\u00e4ra sig ett spr\u00e5k<\/p>\r\n    <a class=\"promotionalLink\" href=\"https:\/\/app.talkpal.ai\/sv\/signup?lng=\">Prova Talkpal gratis<\/a>\r\n<\/section>\n<div class=\"wp-block-group pageContainerStyle\"><div class=\"wp-block-group__inner-container is-layout-constrained wp-block-group-is-layout-constrained\">\n<h2 class=\"wp-block-heading\" id=\"h-kannada-grammar-an-insight-into-the-richness-of-the-dravidian-language\">Kannada-grammatik: En inblick i rikedomen i det dravidiska spr\u00e5ket<\/h2>\n\n\n\n<p>Har du n\u00e5gonsin undrat \u00f6ver den spr\u00e5kliga m\u00e5ngfalden i Indien? Som spr\u00e5kentusiast eller nyfiken elev kanske du \u00e4r intresserad av att ta en n\u00e4rmare titt p\u00e5 ett av de klassiska spr\u00e5ken i Indien \u2013 <a href=\"https:\/\/talkpal.ai\/learn-kannada\/\">kannada<\/a>. Kannada \u00e4r ett dravidiskt spr\u00e5k som fr\u00e4mst <a href=\"https:\/\/talkpal.ai\/locations\/language-courses-in-talas\/\">talas<\/a> i den s\u00f6dra delstaten Karnataka. Det \u00e4r modersm\u00e5l f\u00f6r cirka 44 miljoner m\u00e4nniskor, vilket g\u00f6r det till ett av de st\u00f6rsta indiska spr\u00e5ken. L\u00e5t <a href=\"https:\/\/talkpal.ai\/locations\/language-courses-in-oss\/\">oss<\/a> dyka djupt in i Kannada-grammatikens fascinerande v\u00e4rld och l\u00e4ra oss mer om detta vackra spr\u00e5k.<\/p>\n\n\n\n<h3 class=\"wp-block-heading\" id=\"h-the-linguistic-alphabet-kannada-script\">Det lingvistiska alfabetet: Kannada-skrift<\/h3>\n\n\n\n<p>Kannada-skriptet, \u00e4ven k\u00e4nt som &#8221;\u0c95\u0ca8\u0ccd\u0ca8\u0ca1 \u0cb2\u0cbf\u0caa\u0cbf&#8221; (Kannada Lipi), \u00e4r en abugida &#8211; ett skrivsystem med syllabiska alfabet. Varje bokstav representerar en annan kombination av konsonant och vokal. Skriften best\u00e5r av 49 tecken, inklusive 34 konsonanter och 13 vokaler. Kannada-skriptet har ett visuellt distinkt utseende och \u00e4r ett fantastiskt unikt s\u00e4tt att f\u00f6rmedla spr\u00e5kets ljud och betydelser.<\/p>\n\n\n\n<h3 class=\"wp-block-heading\" id=\"h-nouns-pronouns-and-cases-more-than-meets-the-eye\">Substantiv, pronomen och kasus \u2013 mer \u00e4n vad man kan se<\/h3>\n\n\n\n<p>Kannada-substantiv \u00e4r unika p\u00e5 grund av sitt deklinationssystem \u2013 de f\u00f6ljer ett kasussystem ungef\u00e4r som andra dravidiska spr\u00e5k. <a href=\"https:\/\/talkpal.ai\/culture\/how-do-i-use-det-finns-correctly\/\">Det finns<\/a> \u00e5tta kasus i kannada, som hj\u00e4lper till att definiera f\u00f6rh\u00e5llandet mellan substantivet och de andra orden i satsen: nominativ, ackusativ, instrumental, dativ, ablativ, genitiv, lokativ och vokativ. Substantiv i kannada klassificeras ocks\u00e5 efter genus (maskulinum, femininum och neutrum) och numerus (singular, plural och dual \u2013 en s\u00e4llsynt egenskap bland indiska spr\u00e5k).<\/p>\n\n\n\n<p>Pronomen p\u00e5 kannada \u00e4r ocks\u00e5 fascinerande. De har distinktioner f\u00f6r varje person (f\u00f6rsta, andra och tredje), numerus (singular, plural och dual) och k\u00f6n (maskulin, feminin och neutrum). Kannada har dessutom flera hedersbetygelser, vilket visar p\u00e5 spr\u00e5kets kulturella aspekter av respekt och artighet.<\/p>\n\n\n\n<h3 class=\"wp-block-heading\" id=\"h-venturing-into-verbs-tenses-aspects-and-moods\">Att v\u00e5ga sig in i verb: tempus, aspekter och st\u00e4mningar<\/h3>\n\n\n\n<p>Kannada-verb k\u00e4nnetecknas av ett rikt b\u00f6jningssystem. Verb b\u00f6js enligt tempus (d\u00e5tid, nutid och framtid), aspekt (perfektiv eller imperfektiv) och modus (indikativ, <a href=\"https:\/\/talkpal.ai\/ja\/grammar_exercises\/imperatif-%e3%83%95%e3%83%a9%e3%83%b3%e3%82%b9%e3%81%ae%e6%96%87%e6%b3%95%e3%81%ae%e3%81%9f%e3%82%81%e3%81%ae%e6%bc%94%e7%bf%92\/\">imperativ<\/a> och villkorlig). Ytterligare komplexitet l\u00e4ggs till med n\u00e4rvaron av kausativa verb och passiva och aktiva r\u00f6ster. B\u00f6jningen beror p\u00e5 person, numerus och k\u00f6n, vilket g\u00f6r kannada-verbformer mycket b\u00f6jda och invecklade.<\/p>\n\n\n\n<h3 class=\"wp-block-heading\" id=\"h-adjectives-adverbs-and-more\">Adjektiv, adverb och mer<\/h3>\n\n\n\n<p>Kannada-adjektiv och siffror \u00f6verensst\u00e4mmer med de substantiv de modifierar n\u00e4r det g\u00e4ller genus, numerus och kasus. Adjektiv kan b\u00f6jas p\u00e5 samma s\u00e4tt som substantiv och kan till och med kombineras f\u00f6r att bilda adverb. Spr\u00e5ket anv\u00e4nder ocks\u00e5 olika konjunktioner, partiklar och prepositioner f\u00f6r att f\u00f6ra samman meningar och deras komponenter till en sammanh\u00e4ngande och uttrycksfull helhet.<\/p>\n\n\n\n<h3 class=\"wp-block-heading\" id=\"h-embracing-the-beauty-of-kannada-grammar\">Omfamna sk\u00f6nheten i kannada-grammatiken<\/h3>\n\n\n\n<p>Kannada-grammatikens v\u00e4rld \u00e4r lika fascinerande som den \u00e4r komplex. Det intrikata kasussystemet, den unika skriften och de mycket b\u00f6jda verbformerna ger Kannada dess charm och rikedom. Genom att f\u00f6rdjupa dig i detta uts\u00f6kta spr\u00e5k f\u00e5r du en djupare f\u00f6rst\u00e5else f\u00f6r Indiens spr\u00e5kliga och kulturella m\u00e5ngfald.<\/p>\n\n\n\n<p>S\u00e5 varf\u00f6r inte utforska Kannadas sk\u00f6nhet ytterligare? Med passion och nyfikenhet kan du snart njuta av den fantastiska litteraturen, filmen och musiken p\u00e5 detta majest\u00e4tiska spr\u00e5k. Lycka till med l\u00e4randet!<\/p>\n<\/div><\/div>\n\r\n<section class=\"learnNavigationSection\">\r\n            \r\n        <a href=\"https:\/\/talkpal.ai\/sv\/lar-dig-kannada\/\">\r\n            <div class=\"learnNavigationWrapper\">\r\n                <div class=\"learnNavigationContent\">\r\n                    <img decoding=\"async\" src=\"https:\/\/talkpal.ai\/wp-content\/uploads\/2024\/08\/Kannada.jpg\" alt=\"Indian Simplified Flag\">\r\n                    <div>\r\n                        <h4>Om Kannada Learning<\/h4>\r\n                        <p>Ta reda p\u00e5 allt om kannada grammatik.<\/p>\r\n                    <\/div>\r\n                <\/div>\r\n            <\/div>\r\n        <\/a>\r\n\r\n        \r\n        <a href=\"https:\/\/talkpal.ai\/sv\/kannada-grammatikovningar\/\">\r\n            <div class=\"learnNavigationWrapper\">\r\n                <div class=\"learnNavigationContent\">\r\n                    <img decoding=\"async\" src=\"https:\/\/talkpal.ai\/wp-content\/uploads\/2024\/08\/Kannada.jpg\" alt=\"Indian Simplified Flag\">\r\n                    <div>\r\n                        <h4>Kannada grammatik \u00f6vning<\/h4>\r\n                        <p>\u00d6va p\u00e5 kannada-grammatik .<\/p>\r\n                    <\/div>\r\n                <\/div>\r\n            <\/div>\r\n        <\/a>\r\n\r\n        \r\n        <a href=\"https:\/\/talkpal.ai\/vocabulary_language\/kannada\/\">\r\n            <div class=\"learnNavigationWrapper\">\r\n                <div class=\"learnNavigationContent\">\r\n                    <img decoding=\"async\" src=\"https:\/\/talkpal.ai\/wp-content\/uploads\/2024\/08\/Kannada.jpg\" alt=\"Indian Simplified Flag\">\r\n                    <div>\r\n                        <h4>Kannada Ordf\u00f6rr\u00e5d<\/h4>\r\n                        <p>Ut\u00f6ka ditt Kannada-vokabul\u00e4r.<\/p>\r\n                    <\/div>\r\n                <\/div>\r\n            <\/div>\r\n        <\/a>\r\n\r\n            <\/section>","protected":false},"excerpt":{"rendered":"<p>Kannada-grammatik: En inblick i rikedomen i det dravidiska spr\u00e5ket Har du n\u00e5gonsin undrat \u00f6ver den spr\u00e5kliga m\u00e5ngfalden i Indien? Som spr\u00e5kentusiast eller nyfiken elev kanske du \u00e4r intresserad av att ta en n\u00e4rmare titt p\u00e5 ett av de klassiska spr\u00e5ken i Indien \u2013 kannada. Kannada \u00e4r ett dravidiskt spr\u00e5k som fr\u00e4mst talas i den s\u00f6dra [&hellip;]<\/p>\n","protected":false},"author":1,"featured_media":28421,"parent":0,"menu_order":0,"comment_status":"closed","ping_status":"closed","template":"LearningContentPage.php","meta":{"_acf_changed":false,"footnotes":""},"class_list":["post-145562","page","type-page","status-publish","has-post-thumbnail","hentry"],"acf":[],"yoast_head":"<!-- This site is optimized with the Yoast SEO Premium plugin v27.2 (Yoast SEO v27.2) - https:\/\/yoast.com\/product\/yoast-seo-premium-wordpress\/ -->\n<title>Kannada Grammatik - Talkpal<\/title>\n<meta name=\"description\" content=\"L\u00e4r dig Kannadas grammatik med sj\u00e4lvf\u00f6rtroende - f\u00f6rst\u00e5 viktiga regler, v\u00e4ssa meningsbyggnaden och f\u00f6rb\u00e4ttra flytet\" \/>\n<meta name=\"robots\" content=\"index, follow, max-snippet:-1, max-image-preview:large, max-video-preview:-1\" \/>\n<link rel=\"canonical\" href=\"https:\/\/talkpal.ai\/sv\/kannada-grammatik\/\" \/>\n<meta property=\"og:locale\" content=\"sv_SE\" \/>\n<meta property=\"og:type\" content=\"article\" \/>\n<meta property=\"og:title\" content=\"Kannada Grammatik\" \/>\n<meta property=\"og:description\" content=\"Kannada-grammatik: En inblick i rikedomen i det dravidiska spr\u00e5ket Har du n\u00e5gonsin undrat \u00f6ver den spr\u00e5kliga m\u00e5ngfalden i Indien? Som spr\u00e5kentusiast eller\" \/>\n<meta property=\"og:url\" content=\"https:\/\/talkpal.ai\/sv\/kannada-grammatik\/\" \/>\n<meta property=\"og:site_name\" content=\"Talkpal\" \/>\n<meta property=\"article:publisher\" content=\"https:\/\/www.facebook.com\/profile.php?id=100090733639311\" \/>\n<meta property=\"article:modified_time\" content=\"2025-12-11T16:20:01+00:00\" \/>\n<meta property=\"og:image\" content=\"https:\/\/talkpal.ai\/wp-content\/uploads\/2023\/05\/Kannada-india.png\" \/>\n\t<meta property=\"og:image:width\" content=\"512\" \/>\n\t<meta property=\"og:image:height\" content=\"512\" \/>\n\t<meta property=\"og:image:type\" content=\"image\/png\" \/>\n<meta name=\"twitter:card\" content=\"summary_large_image\" \/>\n<meta name=\"twitter:site\" content=\"@talkpalai\" \/>\n<meta name=\"twitter:label1\" content=\"Ber\u00e4knad l\u00e4stid\" \/>\n\t<meta name=\"twitter:data1\" content=\"3 minuter\" \/>\n<script type=\"application\/ld+json\" class=\"yoast-schema-graph\">{\"@context\":\"https:\/\/schema.org\",\"@graph\":[{\"@type\":\"WebPage\",\"@id\":\"https:\/\/talkpal.ai\/sv\/kannada-grammatik\/\",\"url\":\"https:\/\/talkpal.ai\/sv\/kannada-grammatik\/\",\"name\":\"Kannada Grammatik - Talkpal\",\"isPartOf\":{\"@id\":\"https:\/\/talkpal.ai\/sv\/#website\"},\"primaryImageOfPage\":{\"@id\":\"https:\/\/talkpal.ai\/sv\/kannada-grammatik\/#primaryimage\"},\"image\":{\"@id\":\"https:\/\/talkpal.ai\/sv\/kannada-grammatik\/#primaryimage\"},\"thumbnailUrl\":\"https:\/\/talkpal.ai\/wp-content\/uploads\/2023\/05\/Kannada-india.png\",\"datePublished\":\"2023-05-14T14:09:47+00:00\",\"dateModified\":\"2025-12-11T16:20:01+00:00\",\"description\":\"L\u00e4r dig Kannadas grammatik med sj\u00e4lvf\u00f6rtroende - f\u00f6rst\u00e5 viktiga regler, v\u00e4ssa meningsbyggnaden och f\u00f6rb\u00e4ttra flytet\",\"breadcrumb\":{\"@id\":\"https:\/\/talkpal.ai\/sv\/kannada-grammatik\/#breadcrumb\"},\"inLanguage\":\"sv-SE\",\"potentialAction\":[{\"@type\":\"ReadAction\",\"target\":[\"https:\/\/talkpal.ai\/sv\/kannada-grammatik\/\"]}]},{\"@type\":\"ImageObject\",\"inLanguage\":\"sv-SE\",\"@id\":\"https:\/\/talkpal.ai\/sv\/kannada-grammatik\/#primaryimage\",\"url\":\"https:\/\/talkpal.ai\/wp-content\/uploads\/2023\/05\/Kannada-india.png\",\"contentUrl\":\"https:\/\/talkpal.ai\/wp-content\/uploads\/2023\/05\/Kannada-india.png\",\"width\":512,\"height\":512},{\"@type\":\"BreadcrumbList\",\"@id\":\"https:\/\/talkpal.ai\/sv\/kannada-grammatik\/#breadcrumb\",\"itemListElement\":[{\"@type\":\"ListItem\",\"position\":1,\"name\":\"Homepage\",\"item\":\"https:\/\/talkpal.ai\/sv\/\"},{\"@type\":\"ListItem\",\"position\":2,\"name\":\"Kannada Grammatik\"}]},{\"@type\":\"WebSite\",\"@id\":\"https:\/\/talkpal.ai\/sv\/#website\",\"url\":\"https:\/\/talkpal.ai\/sv\/\",\"name\":\"Talkpal\",\"description\":\"AI Language Learning\",\"publisher\":{\"@id\":\"https:\/\/talkpal.ai\/sv\/#organization\"},\"alternateName\":\"Talkpal AI\",\"potentialAction\":[{\"@type\":\"SearchAction\",\"target\":{\"@type\":\"EntryPoint\",\"urlTemplate\":\"https:\/\/talkpal.ai\/sv\/?s={search_term_string}\"},\"query-input\":{\"@type\":\"PropertyValueSpecification\",\"valueRequired\":true,\"valueName\":\"search_term_string\"}}],\"inLanguage\":\"sv-SE\"},{\"@type\":\"Organization\",\"@id\":\"https:\/\/talkpal.ai\/sv\/#organization\",\"name\":\"Talkpal, Inc.\",\"alternateName\":\"Talkpal AI\",\"url\":\"https:\/\/talkpal.ai\/sv\/\",\"logo\":{\"@type\":\"ImageObject\",\"inLanguage\":\"sv-SE\",\"@id\":\"https:\/\/talkpal.ai\/sv\/#\/schema\/logo\/image\/\",\"url\":\"https:\/\/talkpal.ai\/wp-content\/uploads\/2024\/03\/Talkpal-Logo-Icon.png\",\"contentUrl\":\"https:\/\/talkpal.ai\/wp-content\/uploads\/2024\/03\/Talkpal-Logo-Icon.png\",\"width\":2880,\"height\":2880,\"caption\":\"Talkpal, Inc.\"},\"image\":{\"@id\":\"https:\/\/talkpal.ai\/sv\/#\/schema\/logo\/image\/\"},\"sameAs\":[\"https:\/\/www.facebook.com\/profile.php?id=100090733639311\",\"https:\/\/x.com\/talkpalai\",\"https:\/\/www.linkedin.com\/company\/talkpal\/\",\"https:\/\/www.youtube.com\/@TalkPal\/\",\"https:\/\/www.tiktok.com\/@talkpal\",\"https:\/\/www.instagram.com\/talkpal_ai\/\",\"https:\/\/www.crunchbase.com\/organization\/talkpal-9cde\",\"https:\/\/www.g2.com\/products\/talkpal-for-business\/\",\"https:\/\/www.trustpilot.com\/review\/talkpal.ai\",\"https:\/\/www.capterra.com\/p\/10006800\/TalkPal\/\"],\"description\":\"Talkpal is a language learning web and mobile education app, powered by the latest AI technologies, that provides engaging experiences to its customers in many different languages to help them improve their language skills. Users can chat about unlimited amount of topics with the app and use other modes to practice their language learning.\",\"email\":\"support@talkpal.ai\",\"legalName\":\"Talkpal, Inc.\",\"foundingDate\":\"2023-04-03\",\"duns\":\"118989042\",\"numberOfEmployees\":{\"@type\":\"QuantitativeValue\",\"minValue\":\"11\",\"maxValue\":\"50\"},\"publishingPrinciples\":\"https:\/\/talkpal.ai\/publishing-principles\/\",\"actionableFeedbackPolicy\":\"https:\/\/talkpal.ai\/actionable-feedback-policy\/\",\"correctionsPolicy\":\"https:\/\/talkpal.ai\/corrections-policy\/\",\"ethicsPolicy\":\"https:\/\/talkpal.ai\/ethics-policy\/\",\"diversityPolicy\":\"https:\/\/talkpal.ai\/diversity-policy\/\",\"diversityStaffingReport\":\"https:\/\/talkpal.ai\/diversity-policy\/\"}]}<\/script>\n<!-- \/ Yoast SEO Premium plugin. -->","yoast_head_json":{"title":"Kannada Grammatik - Talkpal","description":"L\u00e4r dig Kannadas grammatik med sj\u00e4lvf\u00f6rtroende - f\u00f6rst\u00e5 viktiga regler, v\u00e4ssa meningsbyggnaden och f\u00f6rb\u00e4ttra flytet","robots":{"index":"index","follow":"follow","max-snippet":"max-snippet:-1","max-image-preview":"max-image-preview:large","max-video-preview":"max-video-preview:-1"},"canonical":"https:\/\/talkpal.ai\/sv\/kannada-grammatik\/","og_locale":"sv_SE","og_type":"article","og_title":"Kannada Grammatik","og_description":"Kannada-grammatik: En inblick i rikedomen i det dravidiska spr\u00e5ket Har du n\u00e5gonsin undrat \u00f6ver den spr\u00e5kliga m\u00e5ngfalden i Indien? Som spr\u00e5kentusiast eller","og_url":"https:\/\/talkpal.ai\/sv\/kannada-grammatik\/","og_site_name":"Talkpal","article_publisher":"https:\/\/www.facebook.com\/profile.php?id=100090733639311","article_modified_time":"2025-12-11T16:20:01+00:00","og_image":[{"width":512,"height":512,"url":"https:\/\/talkpal.ai\/wp-content\/uploads\/2023\/05\/Kannada-india.png","type":"image\/png"}],"twitter_card":"summary_large_image","twitter_site":"@talkpalai","twitter_misc":{"Ber\u00e4knad l\u00e4stid":"3 minuter"},"schema":{"@context":"https:\/\/schema.org","@graph":[{"@type":"WebPage","@id":"https:\/\/talkpal.ai\/sv\/kannada-grammatik\/","url":"https:\/\/talkpal.ai\/sv\/kannada-grammatik\/","name":"Kannada Grammatik - Talkpal","isPartOf":{"@id":"https:\/\/talkpal.ai\/sv\/#website"},"primaryImageOfPage":{"@id":"https:\/\/talkpal.ai\/sv\/kannada-grammatik\/#primaryimage"},"image":{"@id":"https:\/\/talkpal.ai\/sv\/kannada-grammatik\/#primaryimage"},"thumbnailUrl":"https:\/\/talkpal.ai\/wp-content\/uploads\/2023\/05\/Kannada-india.png","datePublished":"2023-05-14T14:09:47+00:00","dateModified":"2025-12-11T16:20:01+00:00","description":"L\u00e4r dig Kannadas grammatik med sj\u00e4lvf\u00f6rtroende - f\u00f6rst\u00e5 viktiga regler, v\u00e4ssa meningsbyggnaden och f\u00f6rb\u00e4ttra flytet","breadcrumb":{"@id":"https:\/\/talkpal.ai\/sv\/kannada-grammatik\/#breadcrumb"},"inLanguage":"sv-SE","potentialAction":[{"@type":"ReadAction","target":["https:\/\/talkpal.ai\/sv\/kannada-grammatik\/"]}]},{"@type":"ImageObject","inLanguage":"sv-SE","@id":"https:\/\/talkpal.ai\/sv\/kannada-grammatik\/#primaryimage","url":"https:\/\/talkpal.ai\/wp-content\/uploads\/2023\/05\/Kannada-india.png","contentUrl":"https:\/\/talkpal.ai\/wp-content\/uploads\/2023\/05\/Kannada-india.png","width":512,"height":512},{"@type":"BreadcrumbList","@id":"https:\/\/talkpal.ai\/sv\/kannada-grammatik\/#breadcrumb","itemListElement":[{"@type":"ListItem","position":1,"name":"Homepage","item":"https:\/\/talkpal.ai\/sv\/"},{"@type":"ListItem","position":2,"name":"Kannada Grammatik"}]},{"@type":"WebSite","@id":"https:\/\/talkpal.ai\/sv\/#website","url":"https:\/\/talkpal.ai\/sv\/","name":"Talkpal","description":"AI Language Learning","publisher":{"@id":"https:\/\/talkpal.ai\/sv\/#organization"},"alternateName":"Talkpal AI","potentialAction":[{"@type":"SearchAction","target":{"@type":"EntryPoint","urlTemplate":"https:\/\/talkpal.ai\/sv\/?s={search_term_string}"},"query-input":{"@type":"PropertyValueSpecification","valueRequired":true,"valueName":"search_term_string"}}],"inLanguage":"sv-SE"},{"@type":"Organization","@id":"https:\/\/talkpal.ai\/sv\/#organization","name":"Talkpal, Inc.","alternateName":"Talkpal AI","url":"https:\/\/talkpal.ai\/sv\/","logo":{"@type":"ImageObject","inLanguage":"sv-SE","@id":"https:\/\/talkpal.ai\/sv\/#\/schema\/logo\/image\/","url":"https:\/\/talkpal.ai\/wp-content\/uploads\/2024\/03\/Talkpal-Logo-Icon.png","contentUrl":"https:\/\/talkpal.ai\/wp-content\/uploads\/2024\/03\/Talkpal-Logo-Icon.png","width":2880,"height":2880,"caption":"Talkpal, Inc."},"image":{"@id":"https:\/\/talkpal.ai\/sv\/#\/schema\/logo\/image\/"},"sameAs":["https:\/\/www.facebook.com\/profile.php?id=100090733639311","https:\/\/x.com\/talkpalai","https:\/\/www.linkedin.com\/company\/talkpal\/","https:\/\/www.youtube.com\/@TalkPal\/","https:\/\/www.tiktok.com\/@talkpal","https:\/\/www.instagram.com\/talkpal_ai\/","https:\/\/www.crunchbase.com\/organization\/talkpal-9cde","https:\/\/www.g2.com\/products\/talkpal-for-business\/","https:\/\/www.trustpilot.com\/review\/talkpal.ai","https:\/\/www.capterra.com\/p\/10006800\/TalkPal\/"],"description":"Talkpal is a language learning web and mobile education app, powered by the latest AI technologies, that provides engaging experiences to its customers in many different languages to help them improve their language skills. Users can chat about unlimited amount of topics with the app and use other modes to practice their language learning.","email":"support@talkpal.ai","legalName":"Talkpal, Inc.","foundingDate":"2023-04-03","duns":"118989042","numberOfEmployees":{"@type":"QuantitativeValue","minValue":"11","maxValue":"50"},"publishingPrinciples":"https:\/\/talkpal.ai\/publishing-principles\/","actionableFeedbackPolicy":"https:\/\/talkpal.ai\/actionable-feedback-policy\/","correctionsPolicy":"https:\/\/talkpal.ai\/corrections-policy\/","ethicsPolicy":"https:\/\/talkpal.ai\/ethics-policy\/","diversityPolicy":"https:\/\/talkpal.ai\/diversity-policy\/","diversityStaffingReport":"https:\/\/talkpal.ai\/diversity-policy\/"}]}},"_links":{"self":[{"href":"https:\/\/talkpal.ai\/sv\/wp-json\/wp\/v2\/pages\/145562","targetHints":{"allow":["GET"]}}],"collection":[{"href":"https:\/\/talkpal.ai\/sv\/wp-json\/wp\/v2\/pages"}],"about":[{"href":"https:\/\/talkpal.ai\/sv\/wp-json\/wp\/v2\/types\/page"}],"author":[{"embeddable":true,"href":"https:\/\/talkpal.ai\/sv\/wp-json\/wp\/v2\/users\/1"}],"replies":[{"embeddable":true,"href":"https:\/\/talkpal.ai\/sv\/wp-json\/wp\/v2\/comments?post=145562"}],"version-history":[{"count":0,"href":"https:\/\/talkpal.ai\/sv\/wp-json\/wp\/v2\/pages\/145562\/revisions"}],"wp:featuredmedia":[{"embeddable":true,"href":"https:\/\/talkpal.ai\/sv\/wp-json\/wp\/v2\/media\/28421"}],"wp:attachment":[{"href":"https:\/\/talkpal.ai\/sv\/wp-json\/wp\/v2\/media?parent=145562"}],"curies":[{"name":"wp","href":"https:\/\/api.w.org\/{rel}","templated":true}]}}