{"id":145162,"date":"2023-05-14T14:09:29","date_gmt":"2023-05-14T14:09:29","guid":{"rendered":"http:\/\/talkpal.ai\/indonesisk-grammatik\/"},"modified":"2025-12-13T15:41:23","modified_gmt":"2025-12-13T15:41:23","slug":"indonesisk-grammatik","status":"publish","type":"page","link":"https:\/\/talkpal.ai\/sv\/indonesisk-grammatik\/","title":{"rendered":"Indonesisk grammatik"},"content":{"rendered":"\r\n\r\n\r\n<section class=\"languageChallengeSection\">\r\n    <div class=\"languageInfoWrapper\">\r\n        \r\n        <h1>Indonesisk grammatik<\/h1>\r\n        <p>\u00c4r du intresserad av att l\u00e4ra dig <a href=\"https:\/\/talkpal.ai\/learn-indonesian\/\">indonesiska<\/a>? Med sin enkla <a href=\"https:\/\/talkpal.ai\/fr\/les\/\">grammatik<\/a> &#8211; inga verbb\u00f6jningar, inga substantiviska genus och enkel meningsbyggnad &#8211; \u00e4r indonesiskan ett av de mest inl\u00e4rningsv\u00e4nliga spr\u00e5ken. B\u00f6rja din resa idag och se hur f\u00f6rst\u00e5else av <a href=\"https:\/\/talkpal.ai\/da\/laer-indonesisk\/\">indonesisk grammatik<\/a> snabbt kan \u00f6ppna upp en v\u00e4rld av kommunikation och livfulla kulturupplevelser!<\/p>\r\n\r\n                            <a class=\"getStartedHidden\" href=\"https:\/\/app.talkpal.ai\/sv\/signup?lng=\">Kom ig\u00e5ng<\/a>\r\n        \r\n    <\/div>\r\n\r\n    <figure>\r\n    <img decoding=\"async\" width=\"768\" height=\"768\" src=\"https:\/\/talkpal.ai\/wp-content\/uploads\/2023\/06\/indonesia-768x768.png\" class=\"languageImage no-lazy\" alt=\"Default alt text\" fetchpriority=\"high\" sizes=\"(max-width: 768px) 150px, 768px\" srcset=\"https:\/\/talkpal.ai\/wp-content\/uploads\/2023\/06\/indonesia-768x768.png 768w, https:\/\/talkpal.ai\/wp-content\/uploads\/2023\/06\/indonesia-300x300.png 300w\" \/>\r\n    \r\n\r\n    <\/figure>\r\n\r\n            <a class=\"getStartedVisible\" href=\"https:\/\/app.talkpal.ai\/sv\/signup?lng=\">Kom ig\u00e5ng<\/a>\r\n    \r\n<\/section>\r\n        <section class=\"grammarSection\">\r\n            <div class=\"grammarLinks\">\r\n                <a href=\"https:\/\/talkpal.ai\/sv\/language\/adjektiv-indonesisk-grammatik\/\">Adjektiv <\/a><a href=\"https:\/\/talkpal.ai\/sv\/language\/adverb-indonesisk-grammatik\/\">Adverb <\/a><a href=\"https:\/\/talkpal.ai\/sv\/language\/artiklar-indonesisk-grammatik\/\">Artiklar <\/a><a href=\"https:\/\/talkpal.ai\/sv\/language\/jamforelse-av-tempus-indonesisk-grammatik\/\">J\u00e4mf\u00f6relse av tempus <\/a><a href=\"https:\/\/talkpal.ai\/sv\/language\/konditionaler-indonesisk-grammatik\/\">Konditionaler <\/a><a href=\"https:\/\/talkpal.ai\/sv\/language\/meningar-indonesisk-grammatik\/\">Meningar <\/a><a href=\"https:\/\/talkpal.ai\/sv\/language\/perfect-progressive-indonesisk-grammatik\/\">Perfect Progressive <\/a><a href=\"https:\/\/talkpal.ai\/sv\/language\/prepositioner-indonesisk-grammatik\/\">Prepositioner <\/a><a href=\"https:\/\/talkpal.ai\/sv\/language\/progressiv-indonesisk-grammatik\/\">Progressiv <\/a><a href=\"https:\/\/talkpal.ai\/sv\/language\/pronomen-indonesisk-grammatik\/\">Pronomen <\/a><a href=\"https:\/\/talkpal.ai\/sv\/language\/substantiv-indonesisk-grammatik\/\">Substantiv <\/a><a href=\"https:\/\/talkpal.ai\/sv\/language\/tempus-indonesisk-grammatik\/\">Tempus <\/a><a href=\"https:\/\/talkpal.ai\/sv\/language\/verb-indonesisk-grammatik\/\">Verb <\/a>            <\/div>\r\n        <\/section>\r\n    <section class=\"promotionalBanner\">\r\n    <p class=\"promotionalText\"><\/p>\r\n    <a class=\"promotionalLink\" href=\"https:\/\/app.talkpal.ai\/sv\/signup?lng=\"><\/a>\r\n<\/section>\n<div class=\"wp-block-group pageContainerStyle\"><div class=\"wp-block-group__inner-container is-layout-constrained wp-block-group-is-layout-constrained\">\n<h2 class=\"wp-block-heading\" id=\"h-the-wonders-of-indonesian-grammar-a-guide-for-language-learners\">Den indonesiska grammatikens underverk: En guide f\u00f6r spr\u00e5kinl\u00e4rare<\/h2>\n\n\n\n<p><a href=\"https:\/\/talkpal.ai\/da\/laer-indonesisk\/\">Indonesisk grammatik<\/a> &#8211; enkel men elegant, v\u00e4lkomnande men engagerande, tillg\u00e4nglig men f\u00e4ngslande. N\u00e4r du ger dig ut p\u00e5 din resa f\u00f6r att l\u00e4ra dig det indonesiska spr\u00e5ket, kan du vara s\u00e4ker p\u00e5 att det kommer att bli en trevlig upplevelse att omfamna dess grammatik. Med <a href=\"https:\/\/talkpal.ai\/culture\/how-do-i-use-den-har-and-det-har\/\">den h\u00e4r<\/a> artikeln vill vi ge dig en f\u00f6rst\u00e5else f\u00f6r de viktigaste aspekterna av indonesisk grammatik och hj\u00e4lpa dig att omfamna sk\u00f6nheten i detta sydostasiatiska spr\u00e5k.<\/p>\n\n\n\n<p>L\u00e5t <a href=\"https:\/\/talkpal.ai\/locations\/language-courses-in-oss\/\">oss<\/a> f\u00f6rdjupa oss i de grundl\u00e4ggande delarna av den indonesiska grammatiken, med f\u00f6rklaringar och exempel som g\u00f6r reglerna och begreppen h\u00e4rligt tydliga. S\u00e5 luta dig tillbaka, slappna av och l\u00e5t oss avsl\u00f6ja de fascinerande hemligheterna i indonesisk grammatik f\u00f6r dig.<\/p>\n\n\n\n<h3 class=\"wp-block-heading\" id=\"h-1-nouns-no-genders-no-plurals-no-stress\">1. Substantiv: Inga genus, inga pluralformer, ingen stress!<\/h3>\n\n\n\n<p>En av de mest uppfriskande aspekterna av indonesisk grammatik \u00e4r enkelheten i dess substantivsystem. Indonesiska substantiv har inte genus eller pluralformer. Det betyder att man s\u00e4ger &#8221;anjing&#8221; (hund) oavsett om man talar om en valp eller en grupp vuxna hundar.<\/p>\n\n\n\n<p>F\u00f6r att ange en pluralform kan du antingen upprepa substantivet (t.ex. &#8221;anak-anak&#8221; f\u00f6r &#8221;barn&#8221;) eller anv\u00e4nda en kvantitetsterm som &#8221;banyak&#8221; (m\u00e5nga) eller &#8221;beberapa&#8221; (n\u00e5gra). S\u00e5 d\u00e4r ja! Visst \u00e4r det en frisk fl\u00e4kt j\u00e4mf\u00f6rt med andra spr\u00e5k?<\/p>\n\n\n\n<h3 class=\"wp-block-heading\" id=\"h-2-pronouns-staying-humble-and-respectful\">2. Pronomen: Att vara \u00f6dmjuk och respektfull<\/h3>\n\n\n\n<p>Indonesisk grammatik anv\u00e4nder sig av olika pronomen baserat p\u00e5 olika niv\u00e5er av formalitet. Att anv\u00e4nda r\u00e4tt pronomen n\u00e4r man tilltalar n\u00e5gon \u00e4r viktigt f\u00f6r att visa respekt och \u00f6dmjukhet. Till exempel \u00e4r &#8221;aku&#8221; (jag\/me) vardagligt och intimt, &#8221;saya&#8221; \u00e4r artigt och neutralt och &#8221;saya&#8221; \u00e4r formellt och \u00f6dmjukt. P\u00e5 samma s\u00e4tt \u00e4r &#8221;kamu&#8221; (du) informellt, &#8221;Anda&#8221; \u00e4r artigt och &#8221;Bapak\/Ibu&#8221; (Sir\/Madam) \u00e4r reserverat f\u00f6r mycket formella situationer.<\/p>\n\n\n\n<p>Kom ih\u00e5g att det alltid \u00e4r en <a href=\"https:\/\/talkpal.ai\/locations\/learn-english-in-bra\/\">bra<\/a> id\u00e9 att vara artig i nya eller os\u00e4kra situationer.<\/p>\n\n\n\n<h3 class=\"wp-block-heading\" id=\"h-3-verbs-no-conjugations-but-prefixes-and-suffixes-galore\">3. Verb: Inga konjugationer, men prefix och suffix i \u00f6verfl\u00f6d!<\/h3>\n\n\n\n<p>Indonesiska verb f\u00f6rblir of\u00f6r\u00e4ndrade oavsett tempus, modus eller subjekt, vilket g\u00f6r dem mycket enklare \u00e4n verb i m\u00e5nga andra spr\u00e5k. Du m\u00e5ste dock beh\u00e4rska anv\u00e4ndningen av prefix och suffix f\u00f6r att \u00e4ndra verbets betydelse.<\/p>\n\n\n\n<p>N\u00e5gra vanliga prefix \u00e4r &#8221;me-&#8221; (aktiva verb), &#8221;di-&#8221; (passiva verb) och &#8221;ber-&#8221; (stativa verb). Vanliga suffix \u00e4r &#8221;-kan&#8221; (kausativa verb) och &#8221;-i&#8221; (transitiva verb). Till exempel betyder &#8221;makan&#8221; &#8221;att \u00e4ta&#8221;, &#8221;memakan&#8221; &#8221;att konsumera&#8221; och &#8221;dimakan&#8221; &#8221;att bli upp\u00e4ten&#8221;.<\/p>\n\n\n\n<h3 class=\"wp-block-heading\" id=\"h-4-word-order-subject-verb-object-simplicity\">4. Ordf\u00f6ljd: Subjekt-Verb-Objekt Enkelhet!<\/h3>\n\n\n\n<p>Indonesisk grammatik f\u00f6ljer en enkel ordf\u00f6ljd (SVO) som liknar engelskan. Detta g\u00f6r meningskonstruktion och f\u00f6rst\u00e5else mycket l\u00e4ttare f\u00f6r engelsktalande. Till exempel kan &#8221;Saya memakan pisang&#8221; \u00f6vers\u00e4ttas direkt till &#8221;Jag (subjekt) \u00e4ter (verb) banan (objekt)&#8221;.<\/p>\n\n\n\n<h3 class=\"wp-block-heading\" id=\"h-5-immerse-yourself-in-indonesian-practice-makes-perfect\">5. F\u00f6rdjupa dig i indonesiska: \u00d6vning ger f\u00e4rdighet<\/h3>\n\n\n\n<p>Sk\u00f6nheten i den indonesiska grammatiken ligger i dess enkelhet och tillg\u00e4nglighet. Regelbunden \u00f6vning genom att l\u00e4sa, skriva, lyssna och tala hj\u00e4lper dig att beh\u00e4rska spr\u00e5ket och dess grammatik. Omfamna utmaningarna, \u00f6vervinn komplexiteten och l\u00e5s upp det indonesiska spr\u00e5kets sanna charm.<\/p>\n\n\n\n<p>S\u00e5, \u00e4r du redo att f\u00f6rdjupa dig i den indonesiska grammatikens underverk? N\u00e4rma dig det med sj\u00e4lvf\u00f6rtroende och nyfikenhet, och med engagemang och sp\u00e4nning kan du snart bli en v\u00e4ltalig indonesisk talare. Selamat belajar! (Lycka till med pluggandet!)<\/p>\n<\/div><\/div>\n\r\n<section class=\"learnNavigationSection\">\r\n            \r\n        <a href=\"https:\/\/talkpal.ai\/sv\/lar-dig-indonesiska\/\">\r\n            <div class=\"learnNavigationWrapper\">\r\n                <div class=\"learnNavigationContent\">\r\n                    <img decoding=\"async\" src=\"https:\/\/talkpal.ai\/wp-content\/uploads\/2024\/08\/Indonesian.jpg\" alt=\"Indonesian Flag\">\r\n                    <div>\r\n                        <h4>Om Indonesian Learning<\/h4>\r\n                        <p>Ta reda p\u00e5 allt om indonesisk grammatik.<\/p>\r\n                    <\/div>\r\n                <\/div>\r\n            <\/div>\r\n        <\/a>\r\n\r\n        \r\n        <a href=\"https:\/\/talkpal.ai\/sv\/indonesiska-grammatikovningar\/\">\r\n            <div class=\"learnNavigationWrapper\">\r\n                <div class=\"learnNavigationContent\">\r\n                    <img decoding=\"async\" src=\"https:\/\/talkpal.ai\/wp-content\/uploads\/2024\/08\/Indonesian.jpg\" alt=\"Indonesian Flag\">\r\n                    <div>\r\n                        <h4>\u00d6vning i indonesisk grammatik<\/h4>\r\n                        <p>\u00d6va p\u00e5 indonesisk grammatik.<\/p>\r\n                    <\/div>\r\n                <\/div>\r\n            <\/div>\r\n        <\/a>\r\n\r\n        \r\n        <a href=\"https:\/\/talkpal.ai\/vocabulary_language\/indonesian\/\">\r\n            <div class=\"learnNavigationWrapper\">\r\n                <div class=\"learnNavigationContent\">\r\n                    <img decoding=\"async\" src=\"https:\/\/talkpal.ai\/wp-content\/uploads\/2024\/08\/Indonesian.jpg\" alt=\"Indonesian Flag\">\r\n                    <div>\r\n                        <h4>Indonesisk vokabul\u00e4r<\/h4>\r\n                        <p>Ut\u00f6ka ditt indonesiska ordf\u00f6rr\u00e5d.<\/p>\r\n                    <\/div>\r\n                <\/div>\r\n            <\/div>\r\n        <\/a>\r\n\r\n            <\/section>","protected":false},"excerpt":{"rendered":"<p>Den indonesiska grammatikens underverk: En guide f\u00f6r spr\u00e5kinl\u00e4rare Indonesisk grammatik &#8211; enkel men elegant, v\u00e4lkomnande men engagerande, tillg\u00e4nglig men f\u00e4ngslande. N\u00e4r du ger dig ut p\u00e5 din resa f\u00f6r att l\u00e4ra dig det indonesiska spr\u00e5ket, kan du vara s\u00e4ker p\u00e5 att det kommer att bli en trevlig upplevelse att omfamna dess grammatik. Med den h\u00e4r [&hellip;]<\/p>\n","protected":false},"author":1,"featured_media":28389,"parent":0,"menu_order":0,"comment_status":"closed","ping_status":"closed","template":"LearningContentPage.php","meta":{"_acf_changed":false,"footnotes":""},"class_list":["post-145162","page","type-page","status-publish","has-post-thumbnail","hentry"],"acf":[],"yoast_head":"<!-- This site is optimized with the Yoast SEO Premium plugin v27.2 (Yoast SEO v27.2) - https:\/\/yoast.com\/product\/yoast-seo-premium-wordpress\/ -->\n<title>Indonesisk grammatik - Talkpal<\/title>\n<meta name=\"description\" content=\"Beh\u00e4rska indonesisk grammatik utan anstr\u00e4ngning med Talkpal:s AI-app f\u00f6r spr\u00e5kinl\u00e4rning. Kommunicera med sj\u00e4lvf\u00f6rtroende med hj\u00e4lp av TalkpalAI-driven v\u00e4gledning.\" \/>\n<meta name=\"robots\" content=\"index, follow, max-snippet:-1, max-image-preview:large, max-video-preview:-1\" \/>\n<link rel=\"canonical\" href=\"https:\/\/talkpal.ai\/sv\/indonesisk-grammatik\/\" \/>\n<meta property=\"og:locale\" content=\"sv_SE\" \/>\n<meta property=\"og:type\" content=\"article\" \/>\n<meta property=\"og:title\" content=\"Indonesisk grammatik\" \/>\n<meta property=\"og:description\" content=\"Den indonesiska grammatikens underverk: En guide f\u00f6r spr\u00e5kinl\u00e4rare Indonesisk grammatik - enkel men elegant, v\u00e4lkomnande men engagerande, tillg\u00e4nglig men\" \/>\n<meta property=\"og:url\" content=\"https:\/\/talkpal.ai\/sv\/indonesisk-grammatik\/\" \/>\n<meta property=\"og:site_name\" content=\"Talkpal\" \/>\n<meta property=\"article:publisher\" content=\"https:\/\/www.facebook.com\/profile.php?id=100090733639311\" \/>\n<meta property=\"article:modified_time\" content=\"2025-12-13T15:41:23+00:00\" \/>\n<meta property=\"og:image\" content=\"https:\/\/talkpal.ai\/wp-content\/uploads\/2023\/05\/indonesia.png\" \/>\n\t<meta property=\"og:image:width\" content=\"512\" \/>\n\t<meta property=\"og:image:height\" content=\"512\" \/>\n\t<meta property=\"og:image:type\" content=\"image\/png\" \/>\n<meta name=\"twitter:card\" content=\"summary_large_image\" \/>\n<meta name=\"twitter:site\" content=\"@talkpalai\" \/>\n<meta name=\"twitter:label1\" content=\"Ber\u00e4knad l\u00e4stid\" \/>\n\t<meta name=\"twitter:data1\" content=\"3 minuter\" \/>\n<script type=\"application\/ld+json\" class=\"yoast-schema-graph\">{\"@context\":\"https:\/\/schema.org\",\"@graph\":[{\"@type\":\"WebPage\",\"@id\":\"https:\/\/talkpal.ai\/sv\/indonesisk-grammatik\/\",\"url\":\"https:\/\/talkpal.ai\/sv\/indonesisk-grammatik\/\",\"name\":\"Indonesisk grammatik - Talkpal\",\"isPartOf\":{\"@id\":\"https:\/\/talkpal.ai\/sv\/#website\"},\"primaryImageOfPage\":{\"@id\":\"https:\/\/talkpal.ai\/sv\/indonesisk-grammatik\/#primaryimage\"},\"image\":{\"@id\":\"https:\/\/talkpal.ai\/sv\/indonesisk-grammatik\/#primaryimage\"},\"thumbnailUrl\":\"https:\/\/talkpal.ai\/wp-content\/uploads\/2023\/05\/indonesia.png\",\"datePublished\":\"2023-05-14T14:09:29+00:00\",\"dateModified\":\"2025-12-13T15:41:23+00:00\",\"description\":\"Beh\u00e4rska indonesisk grammatik utan anstr\u00e4ngning med Talkpal:s AI-app f\u00f6r spr\u00e5kinl\u00e4rning. Kommunicera med sj\u00e4lvf\u00f6rtroende med hj\u00e4lp av TalkpalAI-driven v\u00e4gledning.\",\"breadcrumb\":{\"@id\":\"https:\/\/talkpal.ai\/sv\/indonesisk-grammatik\/#breadcrumb\"},\"inLanguage\":\"sv-SE\",\"potentialAction\":[{\"@type\":\"ReadAction\",\"target\":[\"https:\/\/talkpal.ai\/sv\/indonesisk-grammatik\/\"]}]},{\"@type\":\"ImageObject\",\"inLanguage\":\"sv-SE\",\"@id\":\"https:\/\/talkpal.ai\/sv\/indonesisk-grammatik\/#primaryimage\",\"url\":\"https:\/\/talkpal.ai\/wp-content\/uploads\/2023\/05\/indonesia.png\",\"contentUrl\":\"https:\/\/talkpal.ai\/wp-content\/uploads\/2023\/05\/indonesia.png\",\"width\":512,\"height\":512},{\"@type\":\"BreadcrumbList\",\"@id\":\"https:\/\/talkpal.ai\/sv\/indonesisk-grammatik\/#breadcrumb\",\"itemListElement\":[{\"@type\":\"ListItem\",\"position\":1,\"name\":\"Homepage\",\"item\":\"https:\/\/talkpal.ai\/sv\/\"},{\"@type\":\"ListItem\",\"position\":2,\"name\":\"Indonesisk grammatik\"}]},{\"@type\":\"WebSite\",\"@id\":\"https:\/\/talkpal.ai\/sv\/#website\",\"url\":\"https:\/\/talkpal.ai\/sv\/\",\"name\":\"Talkpal\",\"description\":\"AI Language Learning\",\"publisher\":{\"@id\":\"https:\/\/talkpal.ai\/sv\/#organization\"},\"alternateName\":\"Talkpal AI\",\"potentialAction\":[{\"@type\":\"SearchAction\",\"target\":{\"@type\":\"EntryPoint\",\"urlTemplate\":\"https:\/\/talkpal.ai\/sv\/?s={search_term_string}\"},\"query-input\":{\"@type\":\"PropertyValueSpecification\",\"valueRequired\":true,\"valueName\":\"search_term_string\"}}],\"inLanguage\":\"sv-SE\"},{\"@type\":\"Organization\",\"@id\":\"https:\/\/talkpal.ai\/sv\/#organization\",\"name\":\"Talkpal, Inc.\",\"alternateName\":\"Talkpal AI\",\"url\":\"https:\/\/talkpal.ai\/sv\/\",\"logo\":{\"@type\":\"ImageObject\",\"inLanguage\":\"sv-SE\",\"@id\":\"https:\/\/talkpal.ai\/sv\/#\/schema\/logo\/image\/\",\"url\":\"https:\/\/talkpal.ai\/wp-content\/uploads\/2024\/03\/Talkpal-Logo-Icon.png\",\"contentUrl\":\"https:\/\/talkpal.ai\/wp-content\/uploads\/2024\/03\/Talkpal-Logo-Icon.png\",\"width\":2880,\"height\":2880,\"caption\":\"Talkpal, Inc.\"},\"image\":{\"@id\":\"https:\/\/talkpal.ai\/sv\/#\/schema\/logo\/image\/\"},\"sameAs\":[\"https:\/\/www.facebook.com\/profile.php?id=100090733639311\",\"https:\/\/x.com\/talkpalai\",\"https:\/\/www.linkedin.com\/company\/talkpal\/\",\"https:\/\/www.youtube.com\/@TalkPal\/\",\"https:\/\/www.tiktok.com\/@talkpal\",\"https:\/\/www.instagram.com\/talkpal_ai\/\",\"https:\/\/www.crunchbase.com\/organization\/talkpal-9cde\",\"https:\/\/www.g2.com\/products\/talkpal-for-business\/\",\"https:\/\/www.trustpilot.com\/review\/talkpal.ai\",\"https:\/\/www.capterra.com\/p\/10006800\/TalkPal\/\"],\"description\":\"Talkpal is a language learning web and mobile education app, powered by the latest AI technologies, that provides engaging experiences to its customers in many different languages to help them improve their language skills. Users can chat about unlimited amount of topics with the app and use other modes to practice their language learning.\",\"email\":\"support@talkpal.ai\",\"legalName\":\"Talkpal, Inc.\",\"foundingDate\":\"2023-04-03\",\"duns\":\"118989042\",\"numberOfEmployees\":{\"@type\":\"QuantitativeValue\",\"minValue\":\"11\",\"maxValue\":\"50\"},\"publishingPrinciples\":\"https:\/\/talkpal.ai\/publishing-principles\/\",\"actionableFeedbackPolicy\":\"https:\/\/talkpal.ai\/actionable-feedback-policy\/\",\"correctionsPolicy\":\"https:\/\/talkpal.ai\/corrections-policy\/\",\"ethicsPolicy\":\"https:\/\/talkpal.ai\/ethics-policy\/\",\"diversityPolicy\":\"https:\/\/talkpal.ai\/diversity-policy\/\",\"diversityStaffingReport\":\"https:\/\/talkpal.ai\/diversity-policy\/\"}]}<\/script>\n<!-- \/ Yoast SEO Premium plugin. -->","yoast_head_json":{"title":"Indonesisk grammatik - Talkpal","description":"Beh\u00e4rska indonesisk grammatik utan anstr\u00e4ngning med Talkpal:s AI-app f\u00f6r spr\u00e5kinl\u00e4rning. Kommunicera med sj\u00e4lvf\u00f6rtroende med hj\u00e4lp av TalkpalAI-driven v\u00e4gledning.","robots":{"index":"index","follow":"follow","max-snippet":"max-snippet:-1","max-image-preview":"max-image-preview:large","max-video-preview":"max-video-preview:-1"},"canonical":"https:\/\/talkpal.ai\/sv\/indonesisk-grammatik\/","og_locale":"sv_SE","og_type":"article","og_title":"Indonesisk grammatik","og_description":"Den indonesiska grammatikens underverk: En guide f\u00f6r spr\u00e5kinl\u00e4rare Indonesisk grammatik - enkel men elegant, v\u00e4lkomnande men engagerande, tillg\u00e4nglig men","og_url":"https:\/\/talkpal.ai\/sv\/indonesisk-grammatik\/","og_site_name":"Talkpal","article_publisher":"https:\/\/www.facebook.com\/profile.php?id=100090733639311","article_modified_time":"2025-12-13T15:41:23+00:00","og_image":[{"width":512,"height":512,"url":"https:\/\/talkpal.ai\/wp-content\/uploads\/2023\/05\/indonesia.png","type":"image\/png"}],"twitter_card":"summary_large_image","twitter_site":"@talkpalai","twitter_misc":{"Ber\u00e4knad l\u00e4stid":"3 minuter"},"schema":{"@context":"https:\/\/schema.org","@graph":[{"@type":"WebPage","@id":"https:\/\/talkpal.ai\/sv\/indonesisk-grammatik\/","url":"https:\/\/talkpal.ai\/sv\/indonesisk-grammatik\/","name":"Indonesisk grammatik - Talkpal","isPartOf":{"@id":"https:\/\/talkpal.ai\/sv\/#website"},"primaryImageOfPage":{"@id":"https:\/\/talkpal.ai\/sv\/indonesisk-grammatik\/#primaryimage"},"image":{"@id":"https:\/\/talkpal.ai\/sv\/indonesisk-grammatik\/#primaryimage"},"thumbnailUrl":"https:\/\/talkpal.ai\/wp-content\/uploads\/2023\/05\/indonesia.png","datePublished":"2023-05-14T14:09:29+00:00","dateModified":"2025-12-13T15:41:23+00:00","description":"Beh\u00e4rska indonesisk grammatik utan anstr\u00e4ngning med Talkpal:s AI-app f\u00f6r spr\u00e5kinl\u00e4rning. Kommunicera med sj\u00e4lvf\u00f6rtroende med hj\u00e4lp av TalkpalAI-driven v\u00e4gledning.","breadcrumb":{"@id":"https:\/\/talkpal.ai\/sv\/indonesisk-grammatik\/#breadcrumb"},"inLanguage":"sv-SE","potentialAction":[{"@type":"ReadAction","target":["https:\/\/talkpal.ai\/sv\/indonesisk-grammatik\/"]}]},{"@type":"ImageObject","inLanguage":"sv-SE","@id":"https:\/\/talkpal.ai\/sv\/indonesisk-grammatik\/#primaryimage","url":"https:\/\/talkpal.ai\/wp-content\/uploads\/2023\/05\/indonesia.png","contentUrl":"https:\/\/talkpal.ai\/wp-content\/uploads\/2023\/05\/indonesia.png","width":512,"height":512},{"@type":"BreadcrumbList","@id":"https:\/\/talkpal.ai\/sv\/indonesisk-grammatik\/#breadcrumb","itemListElement":[{"@type":"ListItem","position":1,"name":"Homepage","item":"https:\/\/talkpal.ai\/sv\/"},{"@type":"ListItem","position":2,"name":"Indonesisk grammatik"}]},{"@type":"WebSite","@id":"https:\/\/talkpal.ai\/sv\/#website","url":"https:\/\/talkpal.ai\/sv\/","name":"Talkpal","description":"AI Language Learning","publisher":{"@id":"https:\/\/talkpal.ai\/sv\/#organization"},"alternateName":"Talkpal AI","potentialAction":[{"@type":"SearchAction","target":{"@type":"EntryPoint","urlTemplate":"https:\/\/talkpal.ai\/sv\/?s={search_term_string}"},"query-input":{"@type":"PropertyValueSpecification","valueRequired":true,"valueName":"search_term_string"}}],"inLanguage":"sv-SE"},{"@type":"Organization","@id":"https:\/\/talkpal.ai\/sv\/#organization","name":"Talkpal, Inc.","alternateName":"Talkpal AI","url":"https:\/\/talkpal.ai\/sv\/","logo":{"@type":"ImageObject","inLanguage":"sv-SE","@id":"https:\/\/talkpal.ai\/sv\/#\/schema\/logo\/image\/","url":"https:\/\/talkpal.ai\/wp-content\/uploads\/2024\/03\/Talkpal-Logo-Icon.png","contentUrl":"https:\/\/talkpal.ai\/wp-content\/uploads\/2024\/03\/Talkpal-Logo-Icon.png","width":2880,"height":2880,"caption":"Talkpal, Inc."},"image":{"@id":"https:\/\/talkpal.ai\/sv\/#\/schema\/logo\/image\/"},"sameAs":["https:\/\/www.facebook.com\/profile.php?id=100090733639311","https:\/\/x.com\/talkpalai","https:\/\/www.linkedin.com\/company\/talkpal\/","https:\/\/www.youtube.com\/@TalkPal\/","https:\/\/www.tiktok.com\/@talkpal","https:\/\/www.instagram.com\/talkpal_ai\/","https:\/\/www.crunchbase.com\/organization\/talkpal-9cde","https:\/\/www.g2.com\/products\/talkpal-for-business\/","https:\/\/www.trustpilot.com\/review\/talkpal.ai","https:\/\/www.capterra.com\/p\/10006800\/TalkPal\/"],"description":"Talkpal is a language learning web and mobile education app, powered by the latest AI technologies, that provides engaging experiences to its customers in many different languages to help them improve their language skills. Users can chat about unlimited amount of topics with the app and use other modes to practice their language learning.","email":"support@talkpal.ai","legalName":"Talkpal, Inc.","foundingDate":"2023-04-03","duns":"118989042","numberOfEmployees":{"@type":"QuantitativeValue","minValue":"11","maxValue":"50"},"publishingPrinciples":"https:\/\/talkpal.ai\/publishing-principles\/","actionableFeedbackPolicy":"https:\/\/talkpal.ai\/actionable-feedback-policy\/","correctionsPolicy":"https:\/\/talkpal.ai\/corrections-policy\/","ethicsPolicy":"https:\/\/talkpal.ai\/ethics-policy\/","diversityPolicy":"https:\/\/talkpal.ai\/diversity-policy\/","diversityStaffingReport":"https:\/\/talkpal.ai\/diversity-policy\/"}]}},"_links":{"self":[{"href":"https:\/\/talkpal.ai\/sv\/wp-json\/wp\/v2\/pages\/145162","targetHints":{"allow":["GET"]}}],"collection":[{"href":"https:\/\/talkpal.ai\/sv\/wp-json\/wp\/v2\/pages"}],"about":[{"href":"https:\/\/talkpal.ai\/sv\/wp-json\/wp\/v2\/types\/page"}],"author":[{"embeddable":true,"href":"https:\/\/talkpal.ai\/sv\/wp-json\/wp\/v2\/users\/1"}],"replies":[{"embeddable":true,"href":"https:\/\/talkpal.ai\/sv\/wp-json\/wp\/v2\/comments?post=145162"}],"version-history":[{"count":0,"href":"https:\/\/talkpal.ai\/sv\/wp-json\/wp\/v2\/pages\/145162\/revisions"}],"wp:featuredmedia":[{"embeddable":true,"href":"https:\/\/talkpal.ai\/sv\/wp-json\/wp\/v2\/media\/28389"}],"wp:attachment":[{"href":"https:\/\/talkpal.ai\/sv\/wp-json\/wp\/v2\/media?parent=145162"}],"curies":[{"name":"wp","href":"https:\/\/api.w.org\/{rel}","templated":true}]}}