{"id":144869,"date":"2023-05-14T14:09:11","date_gmt":"2023-05-14T14:09:11","guid":{"rendered":"http:\/\/talkpal.ai\/islandsk-grammatik\/"},"modified":"2025-12-12T10:50:41","modified_gmt":"2025-12-12T10:50:41","slug":"islandsk-grammatik","status":"publish","type":"page","link":"https:\/\/talkpal.ai\/sv\/islandsk-grammatik\/","title":{"rendered":"Isl\u00e4ndsk grammatik"},"content":{"rendered":"\r\n\r\n\r\n<section class=\"languageChallengeSection\">\r\n    <div class=\"languageInfoWrapper\">\r\n        \r\n        <h1>Isl\u00e4ndsk grammatik<\/h1>\r\n        <p>Utforska isl\u00e4ndskans fascinerande struktur genom att l\u00e4ra dig dess grundl\u00e4ggande grammatikregler. Att beh\u00e4rska <a href=\"https:\/\/talkpal.ai\/sv\/grammar\/positiva-adjektiv-i-islandsk-grammatik\/\">isl\u00e4ndsk grammatik<\/a> hj\u00e4lper dig att kommunicera effektivt och f\u00e5 en djupare <a href=\"https:\/\/talkpal.ai\/contact\/\">kontakt<\/a> med Islands unika kultur och historia. B\u00f6rja l\u00e4ra dig isl\u00e4ndsk <a href=\"https:\/\/talkpal.ai\/fr\/les\/\">grammatik<\/a> idag och ta ditt f\u00f6rsta steg mot flytande spr\u00e5k!<\/p>\r\n\r\n                            <a class=\"getStartedHidden\" href=\"https:\/\/app.talkpal.ai\/sv\/signup?lng=\">Kom ig\u00e5ng<\/a>\r\n        \r\n    <\/div>\r\n\r\n    <figure>\r\n    <img decoding=\"async\" width=\"768\" height=\"768\" src=\"https:\/\/talkpal.ai\/wp-content\/uploads\/2023\/06\/Icelandic-768x768.png\" class=\"languageImage no-lazy\" alt=\"Default alt text\" fetchpriority=\"high\" sizes=\"(max-width: 768px) 150px, 768px\" srcset=\"https:\/\/talkpal.ai\/wp-content\/uploads\/2023\/06\/Icelandic-768x768.png 768w, https:\/\/talkpal.ai\/wp-content\/uploads\/2023\/06\/Icelandic-300x300.png 300w\" \/>\r\n    \r\n\r\n    <\/figure>\r\n\r\n            <a class=\"getStartedVisible\" href=\"https:\/\/app.talkpal.ai\/sv\/signup?lng=\">Kom ig\u00e5ng<\/a>\r\n    \r\n<\/section>\r\n        <section class=\"grammarSection\">\r\n            <div class=\"grammarLinks\">\r\n                <a href=\"https:\/\/talkpal.ai\/sv\/language\/adjektiv-islandsk-grammatik\/\">Adjektiv <\/a><a href=\"https:\/\/talkpal.ai\/sv\/language\/adverb-islandsk-grammatik\/\">Adverb <\/a><a href=\"https:\/\/talkpal.ai\/sv\/language\/artiklar-islandsk-grammatik\/\">Artiklar <\/a><a href=\"https:\/\/talkpal.ai\/sv\/language\/jamforelse-av-tempus-islandsk-grammatik\/\">J\u00e4mf\u00f6relse av tempus <\/a><a href=\"https:\/\/talkpal.ai\/sv\/language\/konditionaler-islandsk-grammatik\/\">Konditionaler <\/a><a href=\"https:\/\/talkpal.ai\/sv\/language\/meningar-islandsk-grammatik\/\">Meningar <\/a><a href=\"https:\/\/talkpal.ai\/sv\/language\/perfect-progressive-islandsk-grammatik\/\">Perfect Progressive <\/a><a href=\"https:\/\/talkpal.ai\/sv\/language\/prepositioner-islandsk-grammatik\/\">Prepositioner <\/a><a href=\"https:\/\/talkpal.ai\/sv\/language\/progressiv-islandsk-grammatik\/\">Progressiv <\/a><a href=\"https:\/\/talkpal.ai\/sv\/language\/pronomen-bestamningsfaktorer-islandsk-grammatik\/\">Pronomen\/best\u00e4mningsfaktorer <\/a><a href=\"https:\/\/talkpal.ai\/sv\/language\/substantiv-islandsk-grammatik\/\">Substantiv <\/a><a href=\"https:\/\/talkpal.ai\/sv\/language\/tempus-islandsk-grammatik\/\">Tempus <\/a><a href=\"https:\/\/talkpal.ai\/sv\/language\/verb-islandsk-grammatik\/\">Verb <\/a>            <\/div>\r\n        <\/section>\r\n    <section class=\"promotionalBanner\">\r\n    <p class=\"promotionalText\">Det mest effektiva s\u00e4ttet att l\u00e4ra sig ett spr\u00e5k<\/p>\r\n    <a class=\"promotionalLink\" href=\"https:\/\/app.talkpal.ai\/sv\/signup?lng=\">Prova Talkpal gratis<\/a>\r\n<\/section>\n<div class=\"wp-block-group pageContainerStyle\"><div class=\"wp-block-group__inner-container is-layout-constrained wp-block-group-is-layout-constrained\">\n<h2 class=\"wp-block-heading\" id=\"h-the-magic-of-icelandic-grammar-unlocking-the-secrets-of-the-viking-tongue\">Den isl\u00e4ndska grammatikens magi: Att l\u00e5sa upp vikingaspr\u00e5kets hemligheter<\/h2>\n\n\n\n<h3 class=\"wp-block-heading\" id=\"h-introduction-icelandic-the-land-of-fire-and-ice\">Introduktion: Island, landet av eld och is<\/h3>\n\n\n\n<p>Det <a href=\"https:\/\/talkpal.ai\/learn-icelandic\/\">isl\u00e4ndska<\/a> spr\u00e5ket, som <a href=\"https:\/\/talkpal.ai\/locations\/language-courses-in-talas\/\">talas<\/a> av folket i den fantastiska \u00f6nationen Island, \u00e4r k\u00e4nt f\u00f6r sin rika historia, f\u00e4ngslande poetiska tradition och exceptionella f\u00f6rm\u00e5ga att anpassa sig och utvecklas med tiden. Isl\u00e4ndskan h\u00e4rstammar fr\u00e5n fornnordiskan och har en speciell charm som trollbinder spr\u00e5k\u00e4lskare och blivande polyglotter. S\u00e5, sp\u00e4nn fast s\u00e4kerhetsb\u00e4ltena, gott folk! Vi ska dyka in i den isl\u00e4ndska grammatikens vackra och komplexa v\u00e4rld, l\u00f6sa dess mysterier och uppt\u00e4cka dess dolda skatter p\u00e5 v\u00e4gen.<\/p>\n\n\n\n<h3 class=\"wp-block-heading\" id=\"h-1-runic-scripts-to-latin-alphabet-a-story-of-transformation\">1. Runskrifter till det latinska alfabetet: En ber\u00e4ttelse om f\u00f6rvandling<\/h3>\n\n\n\n<p>Det isl\u00e4ndska alfabetet \u00e4r ett \u00e4ventyr i sig, best\u00e5ende av 32 tecken som h\u00e4rstammar fr\u00e5n olika historiska r\u00f6tter. \u00c4ven om alfabetet i f\u00f6rsta hand \u00e4r baserat p\u00e5 den latinska skriften har det beh\u00e5llit vissa s\u00e4rpr\u00e4glade tecken fr\u00e5n runskriften hos sina fornnordiska f\u00f6rf\u00e4der. Att beh\u00e4rska dessa tecken \u00e4r det f\u00f6rsta hindret f\u00f6r att l\u00e4ra sig spr\u00e5ket, men med lite \u00f6vning kommer du att bli en m\u00e4stare p\u00e5 nolltid!<\/p>\n\n\n\n<h3 class=\"wp-block-heading\" id=\"h-2-noun-mastery-getting-to-the-roots-of-icelandic-grammar\">2. Substantivbeh\u00e4rskning: Att komma till r\u00f6tterna av isl\u00e4ndsk grammatik<\/h3>\n\n\n\n<p>Ett av de viktigaste dragen i isl\u00e4ndsk grammatik \u00e4r b\u00f6jningen av substantiv efter genus, numerus och kasus. Isl\u00e4ndska substantiv kan vara feminina, maskulina eller neutrum, och varje k\u00f6n har sin unika upps\u00e4ttning regler f\u00f6r <a href=\"https:\/\/talkpal.ai\/zh-hans\/grammar_exercises\/deklination-%e5%be%b7%e5%9b%bd%e8%af%ad%e6%b3%95%e7%bb%83%e4%b9%a0\/\">deklination<\/a>. \u00c4ven om detta kan tyckas vara en spr\u00e5klig berg- och dalbana, \u00e4r det viktigt att f\u00f6rst\u00e5 dessa kr\u00e5ngligheter f\u00f6r att f\u00f6rst\u00e5 spr\u00e5ket som helhet. De kunskaper du f\u00e5r kommer att \u00f6ppna upp en v\u00e4rld av m\u00f6jligheter att uttrycka en rad subtila och komplexa betydelser &#8211; den isl\u00e4ndska grammatikens sanna \u00e4ra!<\/p>\n\n\n\n<h3 class=\"wp-block-heading\" id=\"h-3-the-mighty-verb-icelandic-s-unsung-hero\">3. Det m\u00e4ktiga verbet: isl\u00e4ndskans obesjungna hj\u00e4lte<\/h3>\n\n\n\n<p>Precis som substantiv genomg\u00e5r isl\u00e4ndska verb en omfattande omvandling beroende p\u00e5 tempus, st\u00e4mning och subjektets person och nummer. Detta intrikata system kan vara skr\u00e4mmande till en b\u00f6rjan, men ha t\u00e5lamod med mig! N\u00e4r du l\u00e4r dig de regelbundna m\u00f6nstren och de oregelbundna konstigheterna kommer du att b\u00f6rja se hur elegant och m\u00e5ngsidig isl\u00e4ndsk verbb\u00f6jning kan vara. Att er\u00f6vra de isl\u00e4ndska verben kommer att l\u00e5sa upp kraften att uttrycka tankar, k\u00e4nslor och handlingar med precision och kreativitet.<\/p>\n\n\n\n<h3 class=\"wp-block-heading\" id=\"h-4-word-order-icelandic-s-flexible-backbone\">4. Ordf\u00f6ljd: Isl\u00e4ndskans flexibla ryggrad<\/h3>\n\n\n\n<p>I motsats till stelheten i vissa delar av den isl\u00e4ndska grammatiken erbjuder spr\u00e5ket flexibilitet i ordf\u00f6ljden. Det betyder att du kan placera subjekt, verb och objekt i olika arrangemang s\u00e5 l\u00e4nge du beh\u00e5ller \u00f6verensst\u00e4mmelse i k\u00f6n, antal, kasus och mer &#8211; du kommer att sl\u00e4ppa loss konstn\u00e4ren i dig! Att anpassa dina meningar p\u00e5 detta lekfulla s\u00e4tt kan bidra till att skapa betoning, nyanser och en samtalston, vilket g\u00f6r ditt tal mer engagerande och roligt.<\/p>\n\n\n\n<h3 class=\"wp-block-heading\" id=\"h-5-embrace-the-culture-discover-the-pulse-of-the-icelandic-language\">5. Omfamna kulturen: Uppt\u00e4ck pulsen p\u00e5 det isl\u00e4ndska spr\u00e5ket<\/h3>\n\n\n\n<p>Det isl\u00e4ndska spr\u00e5ket kan inte skiljas fr\u00e5n sina kulturella r\u00f6tter, med sina starka band till sagorna, Eddan och nationens unika historia och v\u00e4rldsbild. F\u00f6r att verkligen f\u00f6rdjupa dig i spr\u00e5ket, omfamna dess sammanhang helhj\u00e4rtat. Dyk ner i dess folklore, sluka dess litter\u00e4ra skatter och engagera dig med inf\u00f6dda talare. Detta tillv\u00e4gag\u00e5ngss\u00e4tt \u00e4r nyckeln till att uppn\u00e5 b\u00e5de spr\u00e5kkunskaper och en djupare kontakt med det isl\u00e4ndska folket och deras rika kulturarv.<\/p>\n\n\n\n<h3 class=\"wp-block-heading\" id=\"h-conclusion-an-icelandic-grammar-journey-worth-taking\">Slutsats: En isl\u00e4ndsk grammatikresa v\u00e4rd att g\u00f6ra<\/h3>\n\n\n\n<p>\u00c4ven om isl\u00e4ndsk grammatik kan verka som en formidabel utmaning, \u00e4r bel\u00f6ningen riklig f\u00f6r dem som tar steget. Med uth\u00e5llighet, ett stort intresse f\u00f6r kulturen och ett gener\u00f6st st\u00e4nk av nyfikenhet kommer du att finna dig sj\u00e4lv f\u00e4ngslad av det isl\u00e4ndska spr\u00e5kets kr\u00e5ngligheter. S\u00e5 f\u00f6lj med <a href=\"https:\/\/talkpal.ai\/locations\/language-courses-in-oss\/\">oss<\/a> p\u00e5 detta \u00e4ventyr och uppt\u00e4ck magin i isl\u00e4ndsk grammatik, ett sp\u00e4nnande steg i taget.<\/p>\n<\/div><\/div>\n\r\n<section class=\"learnNavigationSection\">\r\n            \r\n        <a href=\"https:\/\/talkpal.ai\/sv\/lar-dig-islandska\/\">\r\n            <div class=\"learnNavigationWrapper\">\r\n                <div class=\"learnNavigationContent\">\r\n                    <img decoding=\"async\" src=\"https:\/\/talkpal.ai\/wp-content\/uploads\/2024\/08\/Icelandic.jpg\" alt=\"Iceland Flag\">\r\n                    <div>\r\n                        <h4>Om isl\u00e4ndskt l\u00e4rande<\/h4>\r\n                        <p>Ta reda p\u00e5 allt om isl\u00e4ndsk grammatik.<\/p>\r\n                    <\/div>\r\n                <\/div>\r\n            <\/div>\r\n        <\/a>\r\n\r\n        \r\n        <a href=\"https:\/\/talkpal.ai\/sv\/islandska-grammatikovningar\/\">\r\n            <div class=\"learnNavigationWrapper\">\r\n                <div class=\"learnNavigationContent\">\r\n                    <img decoding=\"async\" src=\"https:\/\/talkpal.ai\/wp-content\/uploads\/2024\/08\/Icelandic.jpg\" alt=\"Iceland Flag\">\r\n                    <div>\r\n                        <h4>\u00d6vning i isl\u00e4ndsk grammatik<\/h4>\r\n                        <p>\u00d6va p\u00e5 isl\u00e4ndsk grammatik.<\/p>\r\n                    <\/div>\r\n                <\/div>\r\n            <\/div>\r\n        <\/a>\r\n\r\n        \r\n        <a href=\"https:\/\/talkpal.ai\/vocabulary_language\/icelandic\/\">\r\n            <div class=\"learnNavigationWrapper\">\r\n                <div class=\"learnNavigationContent\">\r\n                    <img decoding=\"async\" src=\"https:\/\/talkpal.ai\/wp-content\/uploads\/2024\/08\/Icelandic.jpg\" alt=\"Iceland Flag\">\r\n                    <div>\r\n                        <h4>Isl\u00e4ndsk vokabul\u00e4r<\/h4>\r\n                        <p>Ut\u00f6ka ditt isl\u00e4ndska ordf\u00f6rr\u00e5d.<\/p>\r\n                    <\/div>\r\n                <\/div>\r\n            <\/div>\r\n        <\/a>\r\n\r\n            <\/section>","protected":false},"excerpt":{"rendered":"<p>Den isl\u00e4ndska grammatikens magi: Att l\u00e5sa upp vikingaspr\u00e5kets hemligheter Introduktion: Island, landet av eld och is Det isl\u00e4ndska spr\u00e5ket, som talas av folket i den fantastiska \u00f6nationen Island, \u00e4r k\u00e4nt f\u00f6r sin rika historia, f\u00e4ngslande poetiska tradition och exceptionella f\u00f6rm\u00e5ga att anpassa sig och utvecklas med tiden. Isl\u00e4ndskan h\u00e4rstammar fr\u00e5n fornnordiskan och har en speciell [&hellip;]<\/p>\n","protected":false},"author":1,"featured_media":28373,"parent":0,"menu_order":0,"comment_status":"closed","ping_status":"closed","template":"LearningContentPage.php","meta":{"_acf_changed":false,"footnotes":""},"class_list":["post-144869","page","type-page","status-publish","has-post-thumbnail","hentry"],"acf":[],"yoast_head":"<!-- This site is optimized with the Yoast SEO Premium plugin v27.2 (Yoast SEO v27.2) - https:\/\/yoast.com\/product\/yoast-seo-premium-wordpress\/ -->\n<title>Isl\u00e4ndsk grammatik - Talkpal<\/title>\n<meta name=\"description\" content=\"L\u00e4r dig isl\u00e4ndsk grammatik tydligt - f\u00f6rst\u00e5 viktiga grammatikregler, forma korrekta meningar och \u00f6ka sj\u00e4lvf\u00f6rtroendet snabbt med hj\u00e4lp av Talkpals AI-lektioner.\" \/>\n<meta name=\"robots\" content=\"index, follow, max-snippet:-1, max-image-preview:large, max-video-preview:-1\" \/>\n<link rel=\"canonical\" href=\"https:\/\/talkpal.ai\/sv\/islandsk-grammatik\/\" \/>\n<meta property=\"og:locale\" content=\"sv_SE\" \/>\n<meta property=\"og:type\" content=\"article\" \/>\n<meta property=\"og:title\" content=\"Isl\u00e4ndsk grammatik\" \/>\n<meta property=\"og:description\" content=\"Den isl\u00e4ndska grammatikens magi: Att l\u00e5sa upp vikingaspr\u00e5kets hemligheter Introduktion: Island, landet av eld och is Det isl\u00e4ndska spr\u00e5ket, som talas av\" \/>\n<meta property=\"og:url\" content=\"https:\/\/talkpal.ai\/sv\/islandsk-grammatik\/\" \/>\n<meta property=\"og:site_name\" content=\"Talkpal\" \/>\n<meta property=\"article:publisher\" content=\"https:\/\/www.facebook.com\/profile.php?id=100090733639311\" \/>\n<meta property=\"article:modified_time\" content=\"2025-12-12T10:50:41+00:00\" \/>\n<meta property=\"og:image\" content=\"https:\/\/talkpal.ai\/wp-content\/uploads\/2023\/05\/iceland.png\" \/>\n\t<meta property=\"og:image:width\" content=\"512\" \/>\n\t<meta property=\"og:image:height\" content=\"512\" \/>\n\t<meta property=\"og:image:type\" content=\"image\/png\" \/>\n<meta name=\"twitter:card\" content=\"summary_large_image\" \/>\n<meta name=\"twitter:site\" content=\"@talkpalai\" \/>\n<meta name=\"twitter:label1\" content=\"Ber\u00e4knad l\u00e4stid\" \/>\n\t<meta name=\"twitter:data1\" content=\"3 minuter\" \/>\n<script type=\"application\/ld+json\" class=\"yoast-schema-graph\">{\"@context\":\"https:\/\/schema.org\",\"@graph\":[{\"@type\":\"WebPage\",\"@id\":\"https:\/\/talkpal.ai\/sv\/islandsk-grammatik\/\",\"url\":\"https:\/\/talkpal.ai\/sv\/islandsk-grammatik\/\",\"name\":\"Isl\u00e4ndsk grammatik - Talkpal\",\"isPartOf\":{\"@id\":\"https:\/\/talkpal.ai\/sv\/#website\"},\"primaryImageOfPage\":{\"@id\":\"https:\/\/talkpal.ai\/sv\/islandsk-grammatik\/#primaryimage\"},\"image\":{\"@id\":\"https:\/\/talkpal.ai\/sv\/islandsk-grammatik\/#primaryimage\"},\"thumbnailUrl\":\"https:\/\/talkpal.ai\/wp-content\/uploads\/2023\/05\/iceland.png\",\"datePublished\":\"2023-05-14T14:09:11+00:00\",\"dateModified\":\"2025-12-12T10:50:41+00:00\",\"description\":\"L\u00e4r dig isl\u00e4ndsk grammatik tydligt - f\u00f6rst\u00e5 viktiga grammatikregler, forma korrekta meningar och \u00f6ka sj\u00e4lvf\u00f6rtroendet snabbt med hj\u00e4lp av Talkpals AI-lektioner.\",\"breadcrumb\":{\"@id\":\"https:\/\/talkpal.ai\/sv\/islandsk-grammatik\/#breadcrumb\"},\"inLanguage\":\"sv-SE\",\"potentialAction\":[{\"@type\":\"ReadAction\",\"target\":[\"https:\/\/talkpal.ai\/sv\/islandsk-grammatik\/\"]}]},{\"@type\":\"ImageObject\",\"inLanguage\":\"sv-SE\",\"@id\":\"https:\/\/talkpal.ai\/sv\/islandsk-grammatik\/#primaryimage\",\"url\":\"https:\/\/talkpal.ai\/wp-content\/uploads\/2023\/05\/iceland.png\",\"contentUrl\":\"https:\/\/talkpal.ai\/wp-content\/uploads\/2023\/05\/iceland.png\",\"width\":512,\"height\":512},{\"@type\":\"BreadcrumbList\",\"@id\":\"https:\/\/talkpal.ai\/sv\/islandsk-grammatik\/#breadcrumb\",\"itemListElement\":[{\"@type\":\"ListItem\",\"position\":1,\"name\":\"Homepage\",\"item\":\"https:\/\/talkpal.ai\/sv\/\"},{\"@type\":\"ListItem\",\"position\":2,\"name\":\"Isl\u00e4ndsk grammatik\"}]},{\"@type\":\"WebSite\",\"@id\":\"https:\/\/talkpal.ai\/sv\/#website\",\"url\":\"https:\/\/talkpal.ai\/sv\/\",\"name\":\"Talkpal\",\"description\":\"AI Language Learning\",\"publisher\":{\"@id\":\"https:\/\/talkpal.ai\/sv\/#organization\"},\"alternateName\":\"Talkpal AI\",\"potentialAction\":[{\"@type\":\"SearchAction\",\"target\":{\"@type\":\"EntryPoint\",\"urlTemplate\":\"https:\/\/talkpal.ai\/sv\/?s={search_term_string}\"},\"query-input\":{\"@type\":\"PropertyValueSpecification\",\"valueRequired\":true,\"valueName\":\"search_term_string\"}}],\"inLanguage\":\"sv-SE\"},{\"@type\":\"Organization\",\"@id\":\"https:\/\/talkpal.ai\/sv\/#organization\",\"name\":\"Talkpal, Inc.\",\"alternateName\":\"Talkpal AI\",\"url\":\"https:\/\/talkpal.ai\/sv\/\",\"logo\":{\"@type\":\"ImageObject\",\"inLanguage\":\"sv-SE\",\"@id\":\"https:\/\/talkpal.ai\/sv\/#\/schema\/logo\/image\/\",\"url\":\"https:\/\/talkpal.ai\/wp-content\/uploads\/2024\/03\/Talkpal-Logo-Icon.png\",\"contentUrl\":\"https:\/\/talkpal.ai\/wp-content\/uploads\/2024\/03\/Talkpal-Logo-Icon.png\",\"width\":2880,\"height\":2880,\"caption\":\"Talkpal, Inc.\"},\"image\":{\"@id\":\"https:\/\/talkpal.ai\/sv\/#\/schema\/logo\/image\/\"},\"sameAs\":[\"https:\/\/www.facebook.com\/profile.php?id=100090733639311\",\"https:\/\/x.com\/talkpalai\",\"https:\/\/www.linkedin.com\/company\/talkpal\/\",\"https:\/\/www.youtube.com\/@TalkPal\/\",\"https:\/\/www.tiktok.com\/@talkpal\",\"https:\/\/www.instagram.com\/talkpal_ai\/\",\"https:\/\/www.crunchbase.com\/organization\/talkpal-9cde\",\"https:\/\/www.g2.com\/products\/talkpal-for-business\/\",\"https:\/\/www.trustpilot.com\/review\/talkpal.ai\",\"https:\/\/www.capterra.com\/p\/10006800\/TalkPal\/\"],\"description\":\"Talkpal is a language learning web and mobile education app, powered by the latest AI technologies, that provides engaging experiences to its customers in many different languages to help them improve their language skills. Users can chat about unlimited amount of topics with the app and use other modes to practice their language learning.\",\"email\":\"support@talkpal.ai\",\"legalName\":\"Talkpal, Inc.\",\"foundingDate\":\"2023-04-03\",\"duns\":\"118989042\",\"numberOfEmployees\":{\"@type\":\"QuantitativeValue\",\"minValue\":\"11\",\"maxValue\":\"50\"},\"publishingPrinciples\":\"https:\/\/talkpal.ai\/publishing-principles\/\",\"actionableFeedbackPolicy\":\"https:\/\/talkpal.ai\/actionable-feedback-policy\/\",\"correctionsPolicy\":\"https:\/\/talkpal.ai\/corrections-policy\/\",\"ethicsPolicy\":\"https:\/\/talkpal.ai\/ethics-policy\/\",\"diversityPolicy\":\"https:\/\/talkpal.ai\/diversity-policy\/\",\"diversityStaffingReport\":\"https:\/\/talkpal.ai\/diversity-policy\/\"}]}<\/script>\n<!-- \/ Yoast SEO Premium plugin. -->","yoast_head_json":{"title":"Isl\u00e4ndsk grammatik - Talkpal","description":"L\u00e4r dig isl\u00e4ndsk grammatik tydligt - f\u00f6rst\u00e5 viktiga grammatikregler, forma korrekta meningar och \u00f6ka sj\u00e4lvf\u00f6rtroendet snabbt med hj\u00e4lp av Talkpals AI-lektioner.","robots":{"index":"index","follow":"follow","max-snippet":"max-snippet:-1","max-image-preview":"max-image-preview:large","max-video-preview":"max-video-preview:-1"},"canonical":"https:\/\/talkpal.ai\/sv\/islandsk-grammatik\/","og_locale":"sv_SE","og_type":"article","og_title":"Isl\u00e4ndsk grammatik","og_description":"Den isl\u00e4ndska grammatikens magi: Att l\u00e5sa upp vikingaspr\u00e5kets hemligheter Introduktion: Island, landet av eld och is Det isl\u00e4ndska spr\u00e5ket, som talas av","og_url":"https:\/\/talkpal.ai\/sv\/islandsk-grammatik\/","og_site_name":"Talkpal","article_publisher":"https:\/\/www.facebook.com\/profile.php?id=100090733639311","article_modified_time":"2025-12-12T10:50:41+00:00","og_image":[{"width":512,"height":512,"url":"https:\/\/talkpal.ai\/wp-content\/uploads\/2023\/05\/iceland.png","type":"image\/png"}],"twitter_card":"summary_large_image","twitter_site":"@talkpalai","twitter_misc":{"Ber\u00e4knad l\u00e4stid":"3 minuter"},"schema":{"@context":"https:\/\/schema.org","@graph":[{"@type":"WebPage","@id":"https:\/\/talkpal.ai\/sv\/islandsk-grammatik\/","url":"https:\/\/talkpal.ai\/sv\/islandsk-grammatik\/","name":"Isl\u00e4ndsk grammatik - Talkpal","isPartOf":{"@id":"https:\/\/talkpal.ai\/sv\/#website"},"primaryImageOfPage":{"@id":"https:\/\/talkpal.ai\/sv\/islandsk-grammatik\/#primaryimage"},"image":{"@id":"https:\/\/talkpal.ai\/sv\/islandsk-grammatik\/#primaryimage"},"thumbnailUrl":"https:\/\/talkpal.ai\/wp-content\/uploads\/2023\/05\/iceland.png","datePublished":"2023-05-14T14:09:11+00:00","dateModified":"2025-12-12T10:50:41+00:00","description":"L\u00e4r dig isl\u00e4ndsk grammatik tydligt - f\u00f6rst\u00e5 viktiga grammatikregler, forma korrekta meningar och \u00f6ka sj\u00e4lvf\u00f6rtroendet snabbt med hj\u00e4lp av Talkpals AI-lektioner.","breadcrumb":{"@id":"https:\/\/talkpal.ai\/sv\/islandsk-grammatik\/#breadcrumb"},"inLanguage":"sv-SE","potentialAction":[{"@type":"ReadAction","target":["https:\/\/talkpal.ai\/sv\/islandsk-grammatik\/"]}]},{"@type":"ImageObject","inLanguage":"sv-SE","@id":"https:\/\/talkpal.ai\/sv\/islandsk-grammatik\/#primaryimage","url":"https:\/\/talkpal.ai\/wp-content\/uploads\/2023\/05\/iceland.png","contentUrl":"https:\/\/talkpal.ai\/wp-content\/uploads\/2023\/05\/iceland.png","width":512,"height":512},{"@type":"BreadcrumbList","@id":"https:\/\/talkpal.ai\/sv\/islandsk-grammatik\/#breadcrumb","itemListElement":[{"@type":"ListItem","position":1,"name":"Homepage","item":"https:\/\/talkpal.ai\/sv\/"},{"@type":"ListItem","position":2,"name":"Isl\u00e4ndsk grammatik"}]},{"@type":"WebSite","@id":"https:\/\/talkpal.ai\/sv\/#website","url":"https:\/\/talkpal.ai\/sv\/","name":"Talkpal","description":"AI Language Learning","publisher":{"@id":"https:\/\/talkpal.ai\/sv\/#organization"},"alternateName":"Talkpal AI","potentialAction":[{"@type":"SearchAction","target":{"@type":"EntryPoint","urlTemplate":"https:\/\/talkpal.ai\/sv\/?s={search_term_string}"},"query-input":{"@type":"PropertyValueSpecification","valueRequired":true,"valueName":"search_term_string"}}],"inLanguage":"sv-SE"},{"@type":"Organization","@id":"https:\/\/talkpal.ai\/sv\/#organization","name":"Talkpal, Inc.","alternateName":"Talkpal AI","url":"https:\/\/talkpal.ai\/sv\/","logo":{"@type":"ImageObject","inLanguage":"sv-SE","@id":"https:\/\/talkpal.ai\/sv\/#\/schema\/logo\/image\/","url":"https:\/\/talkpal.ai\/wp-content\/uploads\/2024\/03\/Talkpal-Logo-Icon.png","contentUrl":"https:\/\/talkpal.ai\/wp-content\/uploads\/2024\/03\/Talkpal-Logo-Icon.png","width":2880,"height":2880,"caption":"Talkpal, Inc."},"image":{"@id":"https:\/\/talkpal.ai\/sv\/#\/schema\/logo\/image\/"},"sameAs":["https:\/\/www.facebook.com\/profile.php?id=100090733639311","https:\/\/x.com\/talkpalai","https:\/\/www.linkedin.com\/company\/talkpal\/","https:\/\/www.youtube.com\/@TalkPal\/","https:\/\/www.tiktok.com\/@talkpal","https:\/\/www.instagram.com\/talkpal_ai\/","https:\/\/www.crunchbase.com\/organization\/talkpal-9cde","https:\/\/www.g2.com\/products\/talkpal-for-business\/","https:\/\/www.trustpilot.com\/review\/talkpal.ai","https:\/\/www.capterra.com\/p\/10006800\/TalkPal\/"],"description":"Talkpal is a language learning web and mobile education app, powered by the latest AI technologies, that provides engaging experiences to its customers in many different languages to help them improve their language skills. Users can chat about unlimited amount of topics with the app and use other modes to practice their language learning.","email":"support@talkpal.ai","legalName":"Talkpal, Inc.","foundingDate":"2023-04-03","duns":"118989042","numberOfEmployees":{"@type":"QuantitativeValue","minValue":"11","maxValue":"50"},"publishingPrinciples":"https:\/\/talkpal.ai\/publishing-principles\/","actionableFeedbackPolicy":"https:\/\/talkpal.ai\/actionable-feedback-policy\/","correctionsPolicy":"https:\/\/talkpal.ai\/corrections-policy\/","ethicsPolicy":"https:\/\/talkpal.ai\/ethics-policy\/","diversityPolicy":"https:\/\/talkpal.ai\/diversity-policy\/","diversityStaffingReport":"https:\/\/talkpal.ai\/diversity-policy\/"}]}},"_links":{"self":[{"href":"https:\/\/talkpal.ai\/sv\/wp-json\/wp\/v2\/pages\/144869","targetHints":{"allow":["GET"]}}],"collection":[{"href":"https:\/\/talkpal.ai\/sv\/wp-json\/wp\/v2\/pages"}],"about":[{"href":"https:\/\/talkpal.ai\/sv\/wp-json\/wp\/v2\/types\/page"}],"author":[{"embeddable":true,"href":"https:\/\/talkpal.ai\/sv\/wp-json\/wp\/v2\/users\/1"}],"replies":[{"embeddable":true,"href":"https:\/\/talkpal.ai\/sv\/wp-json\/wp\/v2\/comments?post=144869"}],"version-history":[{"count":0,"href":"https:\/\/talkpal.ai\/sv\/wp-json\/wp\/v2\/pages\/144869\/revisions"}],"wp:featuredmedia":[{"embeddable":true,"href":"https:\/\/talkpal.ai\/sv\/wp-json\/wp\/v2\/media\/28373"}],"wp:attachment":[{"href":"https:\/\/talkpal.ai\/sv\/wp-json\/wp\/v2\/media?parent=144869"}],"curies":[{"name":"wp","href":"https:\/\/api.w.org\/{rel}","templated":true}]}}