{"id":144568,"date":"2023-05-14T14:08:53","date_gmt":"2023-05-14T14:08:53","guid":{"rendered":"http:\/\/talkpal.ai\/ungersk-grammatik\/"},"modified":"2025-12-12T10:45:59","modified_gmt":"2025-12-12T10:45:59","slug":"ungersk-grammatik","status":"publish","type":"page","link":"https:\/\/talkpal.ai\/sv\/ungersk-grammatik\/","title":{"rendered":"Ungersk grammatik"},"content":{"rendered":"\r\n\r\n\r\n<section class=\"languageChallengeSection\">\r\n    <div class=\"languageInfoWrapper\">\r\n        \r\n        <h1>Ungersk grammatik<\/h1>\r\n        <p>\u00c4r du redo att ta dig an en helt unik spr\u00e5kutmaning? F\u00f6rdjupa dig i <a href=\"https:\/\/talkpal.ai\/sv\/grammar\/kon-och-ungersk-grammatik\/\">ungersk grammatik<\/a> och uppt\u00e4ck dess anm\u00e4rkningsv\u00e4rda egenskaper. B\u00f6rja l\u00e4ra dig idag och uppt\u00e4ck hur beh\u00e4rskning av ungersk grammatik \u00f6ppnar d\u00f6rrar till meningsfulla konversationer och en djup uppskattning av Ungerns rika spr\u00e5kliga arv!<\/p>\r\n\r\n                            <a class=\"getStartedHidden\" href=\"https:\/\/app.talkpal.ai\/sv\/signup?lng=\">Kom ig\u00e5ng<\/a>\r\n        \r\n    <\/div>\r\n\r\n    <figure>\r\n    <img decoding=\"async\" width=\"768\" height=\"768\" src=\"https:\/\/talkpal.ai\/wp-content\/uploads\/2023\/06\/hungarian-768x768.png\" class=\"languageImage no-lazy\" alt=\"Default alt text\" fetchpriority=\"high\" sizes=\"(max-width: 768px) 150px, 768px\" srcset=\"https:\/\/talkpal.ai\/wp-content\/uploads\/2023\/06\/hungarian-768x768.png 768w, https:\/\/talkpal.ai\/wp-content\/uploads\/2023\/06\/hungarian-300x300.png 300w\" \/>\r\n    \r\n\r\n    <\/figure>\r\n\r\n            <a class=\"getStartedVisible\" href=\"https:\/\/app.talkpal.ai\/sv\/signup?lng=\">Kom ig\u00e5ng<\/a>\r\n    \r\n<\/section>\r\n        <section class=\"grammarSection\">\r\n            <div class=\"grammarLinks\">\r\n                <a href=\"https:\/\/talkpal.ai\/sv\/language\/adjektiv-ungersk-grammatik\/\">Adjektiv <\/a><a href=\"https:\/\/talkpal.ai\/sv\/language\/adverb-ungersk-grammatik\/\">Adverb <\/a><a href=\"https:\/\/talkpal.ai\/sv\/language\/artiklar-ungersk-grammatik\/\">Artiklar <\/a><a href=\"https:\/\/talkpal.ai\/sv\/language\/jamforelse-av-tempus-ungersk-grammatik\/\">J\u00e4mf\u00f6relse av tempus <\/a><a href=\"https:\/\/talkpal.ai\/sv\/language\/konditionaler-ungersk-grammatik\/\">Konditionaler <\/a><a href=\"https:\/\/talkpal.ai\/sv\/language\/meningar-ungersk-grammatik\/\">Meningar <\/a><a href=\"https:\/\/talkpal.ai\/sv\/language\/perfect-progressive-ungersk-grammatik\/\">Perfect Progressive <\/a><a href=\"https:\/\/talkpal.ai\/sv\/language\/prepositioner-ungersk-grammatik\/\">Prepositioner <\/a><a href=\"https:\/\/talkpal.ai\/sv\/language\/progressiv-ungersk-grammatik\/\">Progressiv <\/a><a href=\"https:\/\/talkpal.ai\/sv\/language\/pronomen-bestamningsfaktorer-ungersk-grammatik\/\">Pronomen\/best\u00e4mningsfaktorer <\/a><a href=\"https:\/\/talkpal.ai\/sv\/language\/substantiv-ungersk-grammatik\/\">Substantiv <\/a><a href=\"https:\/\/talkpal.ai\/sv\/language\/tempus-ungersk-grammatik\/\">Tempus <\/a><a href=\"https:\/\/talkpal.ai\/sv\/language\/verb-ungersk-grammatik\/\">Verb <\/a>            <\/div>\r\n        <\/section>\r\n    <section class=\"promotionalBanner\">\r\n    <p class=\"promotionalText\">Det mest effektiva s\u00e4ttet att l\u00e4ra sig ett spr\u00e5k<\/p>\r\n    <a class=\"promotionalLink\" href=\"https:\/\/app.talkpal.ai\/sv\/signup?lng=\">Prova Talkpal gratis<\/a>\r\n<\/section>\n<div class=\"wp-block-group pageContainerStyle\"><div class=\"wp-block-group__inner-container is-layout-constrained wp-block-group-is-layout-constrained\">\n<h2 class=\"wp-block-heading\" id=\"h-title-unlocking-the-secrets-of-hungarian-grammar\">Titel: Att l\u00e5sa upp den ungerska grammatikens hemligheter<\/h2>\n\n\n\n<p><a href=\"https:\/\/talkpal.ai\/learn-hungarian\/\">Ungerska<\/a>, ett finsk-ugriskt spr\u00e5k, sticker ut med sitt unika grammatiksystem, vilket g\u00f6r det till en sp\u00e4nnande utmaning f\u00f6r <a href=\"https:\/\/talkpal.ai\/talkpal-discount-for-language-enthusiasts\/\">spr\u00e5kentusiaster<\/a>. Att l\u00e4ra sig <a href=\"https:\/\/talkpal.ai\/learn-hungarian\/\">ungerska<\/a> breddar inte bara dina spr\u00e5kkunskaper utan ger dig ocks\u00e5 m\u00f6jlighet att f\u00f6rdjupa dig i Ungerns f\u00e4ngslande kultur och historia. \u00c4ven om ungersk grammatik till en b\u00f6rjan kan verka skr\u00e4mmande, blir inl\u00e4rningsprocessen mer l\u00e4ttillg\u00e4nglig om man bryter ner den i hanterbara komponenter. I <a href=\"https:\/\/talkpal.ai\/culture\/how-do-i-use-den-har-and-det-har\/\">den h\u00e4r<\/a> artikeln introducerar vi dig till den ungerska grammatikens sp\u00e4nnande v\u00e4rld och ger dig v\u00e4gledning i hur du bem\u00e4strar dess komplexitet.<\/p>\n\n\n\n<h3 class=\"wp-block-heading\" id=\"h-1-word-order-a-flexible-feature\">1. Ordf\u00f6ljd: En flexibel funktion<\/h3>\n\n\n\n<p>Till skillnad fr\u00e5n m\u00e5nga andra spr\u00e5k har ungerskan en relativt flexibel ordf\u00f6ljd. Medan den typiska ungerska meningen f\u00f6ljer m\u00f6nstret Subjekt-Verb-Objekt (SVO), \u00e4r andra ordf\u00f6ljder ocks\u00e5 vanliga och anv\u00e4nds f\u00f6r att betona olika delar av meningen. Genom att bekanta dig med dessa varianter kan du f\u00f6rst\u00e5 och konstruera ungerska meningar mer effektivt.<\/p>\n\n\n\n<h3 class=\"wp-block-heading\" id=\"h-2-nouns-and-cases-the-role-of-suffixes\">2. Substantiv och kasus: Suffixens roll<\/h3>\n\n\n\n<p><a href=\"https:\/\/talkpal.ai\/sv\/grammar\/vanliga-substantiv-i-ungersk-grammatik\/\">Ungerska substantiv<\/a> har inte grammatiskt genus, vilket f\u00f6renklar meningskonstruktionen. Substantiv och andra ordklasser i ungersk grammatik anv\u00e4nder dock en uppsj\u00f6 av suffix f\u00f6r att indikera kasus, besittning och pluralitet. Att l\u00e4ra sig dessa suffix och deras anv\u00e4ndning kommer avsev\u00e4rt f\u00f6rb\u00e4ttra din f\u00f6rm\u00e5ga att kommunicera p\u00e5 ungerska.<\/p>\n\n\n\n<p>Exempel:<\/p>\n\n\n\n<p><strong>&#8211; h\u00e1z (hus) &#8211; h\u00e1zak (hus)<\/strong><\/p>\n\n\n\n<p><strong>&#8211; h\u00e1zban (i huset) &#8211; h\u00e1zakban (i husen)<\/strong><\/p>\n\n\n\n<h3 class=\"wp-block-heading\" id=\"h-3-verbs-conjugation-and-tense\">3. Verb: Konjugation och tempus<\/h3>\n\n\n\n<p>Ungerska verb b\u00f6js enligt tempus, modus, subjekt och best\u00e4mdhet. <a href=\"https:\/\/talkpal.ai\/culture\/how-do-i-use-det-finns-correctly\/\">Det finns<\/a> flera tempus i ungerska, men det \u00e4r en <a href=\"https:\/\/talkpal.ai\/locations\/learn-english-in-bra\/\">bra<\/a> utg\u00e5ngspunkt att l\u00e4ra sig de tre prim\u00e4ra tempusen &#8211; nutid, d\u00e5tid och framtid. Bekanta dig med vanliga verbb\u00f6jningsm\u00f6nster och l\u00e4r dig vanliga oregelbundna verb f\u00f6r att \u00f6ka din verbala kommunikationsf\u00f6rm\u00e5ga.<\/p>\n\n\n\n<h3 class=\"wp-block-heading\" id=\"h-4-adjectives-agreement-and-placement\">4. Adjektiv: \u00d6verenskommelse och placering<\/h3>\n\n\n\n<p>I ungersk grammatik m\u00e5ste adjektiv \u00f6verensst\u00e4mma med substantivet de modifierar i termer av numerus (singular eller plural). Adjektiv beh\u00f6ver dock inte matcha substantivet f\u00f6r grammatiskt kasus. Adjektiv f\u00f6reg\u00e5r vanligtvis substantivet, vilket ger ett beskrivande sammanhang f\u00f6r meningen.<\/p>\n\n\n\n<p>Exempel:<\/p>\n\n\n\n<p><strong>&#8211; piros alma (r\u00f6tt \u00e4pple)<\/strong><\/p>\n\n\n\n<p><strong>&#8211; sz\u00e9p vir\u00e1gok (vackra blommor)<\/strong><\/p>\n\n\n\n<h3 class=\"wp-block-heading\" id=\"h-5-vowel-harmony-a-unique-feature\">5. Vokalharmoni: En unik egenskap<\/h3>\n\n\n\n<p>En utm\u00e4rkande aspekt av ungersk grammatik \u00e4r vokalharmoni, vilket inneb\u00e4r att vokaler \u00f6verensst\u00e4mmer med ord. Vokalharmoni p\u00e5verkar hur suffix bildas och f\u00e4sts vid ord. Att f\u00f6rst\u00e5 och \u00f6va vokalharmoni kommer att g\u00f6ra din skrivna och talade ungerska mer exakt och naturlig.<\/p>\n\n\n\n<h3 class=\"wp-block-heading\" id=\"h-6-engaging-with-the-language\">6. Engagera sig i spr\u00e5ket<\/h3>\n\n\n\n<p>Det mest effektiva s\u00e4ttet att fullt ut f\u00f6rst\u00e5 och internalisera ungersk grammatik \u00e4r att konsekvent engagera sig i spr\u00e5ket. Genom att l\u00e4sa ungersk litteratur, titta p\u00e5 inhemska filmer eller aktivt konversera med modersm\u00e5lstalare kommer du att f\u00f6rst\u00e4rka din f\u00f6rst\u00e5else av grammatik samtidigt som du ut\u00f6kar ditt ordf\u00f6rr\u00e5d.<\/p>\n\n\n\n<h3 class=\"wp-block-heading\" id=\"h-conclusion\">Slutsats<\/h3>\n\n\n\n<p>\u00c4ven om ungersk grammatik kan verka komplex, kan du n\u00e4rma dig den steg f\u00f6r steg och \u00f6va konsekvent f\u00f6r att bli skicklig i detta fascinerande spr\u00e5k. Anta utmaningen n\u00e4r du p\u00e5b\u00f6rjar din resa i ungerska spr\u00e5ket, och du kommer snart att k\u00e4nna dig trygg med att navigera i den komplicerade grammatiken. Lycka till med studierna och njut av att utforska den ungerska grammatikens underverk!<\/p>\n<\/div><\/div>\n\r\n<section class=\"learnNavigationSection\">\r\n            \r\n        <a href=\"https:\/\/talkpal.ai\/sv\/lar-dig-ungerska\/\">\r\n            <div class=\"learnNavigationWrapper\">\r\n                <div class=\"learnNavigationContent\">\r\n                    <img decoding=\"async\" src=\"https:\/\/talkpal.ai\/wp-content\/uploads\/2024\/08\/Hungarian.jpg\" alt=\"Hungarian Flag\">\r\n                    <div>\r\n                        <h4>Om Hungarian Learning<\/h4>\r\n                        <p>Ta reda p\u00e5 allt om ungersk grammatik.<\/p>\r\n                    <\/div>\r\n                <\/div>\r\n            <\/div>\r\n        <\/a>\r\n\r\n        \r\n        <a href=\"https:\/\/talkpal.ai\/sv\/ungerska-grammatikovningar\/\">\r\n            <div class=\"learnNavigationWrapper\">\r\n                <div class=\"learnNavigationContent\">\r\n                    <img decoding=\"async\" src=\"https:\/\/talkpal.ai\/wp-content\/uploads\/2024\/08\/Hungarian.jpg\" alt=\"Hungarian Flag\">\r\n                    <div>\r\n                        <h4>Ungersk grammatik &#8211; \u00f6vning<\/h4>\r\n                        <p>\u00d6va ungersk grammatik.<\/p>\r\n                    <\/div>\r\n                <\/div>\r\n            <\/div>\r\n        <\/a>\r\n\r\n        \r\n        <a href=\"https:\/\/talkpal.ai\/vocabulary_language\/hungarian\/\">\r\n            <div class=\"learnNavigationWrapper\">\r\n                <div class=\"learnNavigationContent\">\r\n                    <img decoding=\"async\" src=\"https:\/\/talkpal.ai\/wp-content\/uploads\/2024\/08\/Hungarian.jpg\" alt=\"Hungarian Flag\">\r\n                    <div>\r\n                        <h4>Ungersk vokabul\u00e4r<\/h4>\r\n                        <p>Ut\u00f6ka ditt ungerska ordf\u00f6rr\u00e5d.<\/p>\r\n                    <\/div>\r\n                <\/div>\r\n            <\/div>\r\n        <\/a>\r\n\r\n            <\/section>","protected":false},"excerpt":{"rendered":"<p>Titel: Att l\u00e5sa upp den ungerska grammatikens hemligheter Ungerska, ett finsk-ugriskt spr\u00e5k, sticker ut med sitt unika grammatiksystem, vilket g\u00f6r det till en sp\u00e4nnande utmaning f\u00f6r spr\u00e5kentusiaster. Att l\u00e4ra sig ungerska breddar inte bara dina spr\u00e5kkunskaper utan ger dig ocks\u00e5 m\u00f6jlighet att f\u00f6rdjupa dig i Ungerns f\u00e4ngslande kultur och historia. \u00c4ven om ungersk grammatik till [&hellip;]<\/p>\n","protected":false},"author":1,"featured_media":28357,"parent":0,"menu_order":0,"comment_status":"closed","ping_status":"closed","template":"LearningContentPage.php","meta":{"_acf_changed":false,"footnotes":""},"class_list":["post-144568","page","type-page","status-publish","has-post-thumbnail","hentry"],"acf":[],"yoast_head":"<!-- This site is optimized with the Yoast SEO Premium plugin v27.2 (Yoast SEO v27.2) - https:\/\/yoast.com\/product\/yoast-seo-premium-wordpress\/ -->\n<title>Ungersk grammatik - Talkpal<\/title>\n<meta name=\"description\" content=\"Beh\u00e4rska ungersk grammatik - l\u00e4r dig grammatikregler och \u00f6va p\u00e5 att bilda meningar. F\u00e5 hj\u00e4lpsam v\u00e4gledning fr\u00e5n Talkpal AI.\" \/>\n<meta name=\"robots\" content=\"index, follow, max-snippet:-1, max-image-preview:large, max-video-preview:-1\" \/>\n<link rel=\"canonical\" href=\"https:\/\/talkpal.ai\/sv\/ungersk-grammatik\/\" \/>\n<meta property=\"og:locale\" content=\"sv_SE\" \/>\n<meta property=\"og:type\" content=\"article\" \/>\n<meta property=\"og:title\" content=\"Ungersk grammatik\" \/>\n<meta property=\"og:description\" content=\"Titel: Att l\u00e5sa upp den ungerska grammatikens hemligheter Ungerska, ett finsk-ugriskt spr\u00e5k, sticker ut med sitt unika grammatiksystem, vilket g\u00f6r det\" \/>\n<meta property=\"og:url\" content=\"https:\/\/talkpal.ai\/sv\/ungersk-grammatik\/\" \/>\n<meta property=\"og:site_name\" content=\"Talkpal\" \/>\n<meta property=\"article:publisher\" content=\"https:\/\/www.facebook.com\/profile.php?id=100090733639311\" \/>\n<meta property=\"article:modified_time\" content=\"2025-12-12T10:45:59+00:00\" \/>\n<meta property=\"og:image\" content=\"https:\/\/talkpal.ai\/wp-content\/uploads\/2023\/05\/Hungarian.png\" \/>\n\t<meta property=\"og:image:width\" content=\"512\" \/>\n\t<meta property=\"og:image:height\" content=\"512\" \/>\n\t<meta property=\"og:image:type\" content=\"image\/png\" \/>\n<meta name=\"twitter:card\" content=\"summary_large_image\" \/>\n<meta name=\"twitter:site\" content=\"@talkpalai\" \/>\n<meta name=\"twitter:label1\" content=\"Ber\u00e4knad l\u00e4stid\" \/>\n\t<meta name=\"twitter:data1\" content=\"3 minuter\" \/>\n<script type=\"application\/ld+json\" class=\"yoast-schema-graph\">{\"@context\":\"https:\/\/schema.org\",\"@graph\":[{\"@type\":\"WebPage\",\"@id\":\"https:\/\/talkpal.ai\/sv\/ungersk-grammatik\/\",\"url\":\"https:\/\/talkpal.ai\/sv\/ungersk-grammatik\/\",\"name\":\"Ungersk grammatik - Talkpal\",\"isPartOf\":{\"@id\":\"https:\/\/talkpal.ai\/sv\/#website\"},\"primaryImageOfPage\":{\"@id\":\"https:\/\/talkpal.ai\/sv\/ungersk-grammatik\/#primaryimage\"},\"image\":{\"@id\":\"https:\/\/talkpal.ai\/sv\/ungersk-grammatik\/#primaryimage\"},\"thumbnailUrl\":\"https:\/\/talkpal.ai\/wp-content\/uploads\/2023\/05\/Hungarian.png\",\"datePublished\":\"2023-05-14T14:08:53+00:00\",\"dateModified\":\"2025-12-12T10:45:59+00:00\",\"description\":\"Beh\u00e4rska ungersk grammatik - l\u00e4r dig grammatikregler och \u00f6va p\u00e5 att bilda meningar. F\u00e5 hj\u00e4lpsam v\u00e4gledning fr\u00e5n Talkpal AI.\",\"breadcrumb\":{\"@id\":\"https:\/\/talkpal.ai\/sv\/ungersk-grammatik\/#breadcrumb\"},\"inLanguage\":\"sv-SE\",\"potentialAction\":[{\"@type\":\"ReadAction\",\"target\":[\"https:\/\/talkpal.ai\/sv\/ungersk-grammatik\/\"]}]},{\"@type\":\"ImageObject\",\"inLanguage\":\"sv-SE\",\"@id\":\"https:\/\/talkpal.ai\/sv\/ungersk-grammatik\/#primaryimage\",\"url\":\"https:\/\/talkpal.ai\/wp-content\/uploads\/2023\/05\/Hungarian.png\",\"contentUrl\":\"https:\/\/talkpal.ai\/wp-content\/uploads\/2023\/05\/Hungarian.png\",\"width\":512,\"height\":512},{\"@type\":\"BreadcrumbList\",\"@id\":\"https:\/\/talkpal.ai\/sv\/ungersk-grammatik\/#breadcrumb\",\"itemListElement\":[{\"@type\":\"ListItem\",\"position\":1,\"name\":\"Homepage\",\"item\":\"https:\/\/talkpal.ai\/sv\/\"},{\"@type\":\"ListItem\",\"position\":2,\"name\":\"Ungersk grammatik\"}]},{\"@type\":\"WebSite\",\"@id\":\"https:\/\/talkpal.ai\/sv\/#website\",\"url\":\"https:\/\/talkpal.ai\/sv\/\",\"name\":\"Talkpal\",\"description\":\"AI Language Learning\",\"publisher\":{\"@id\":\"https:\/\/talkpal.ai\/sv\/#organization\"},\"alternateName\":\"Talkpal AI\",\"potentialAction\":[{\"@type\":\"SearchAction\",\"target\":{\"@type\":\"EntryPoint\",\"urlTemplate\":\"https:\/\/talkpal.ai\/sv\/?s={search_term_string}\"},\"query-input\":{\"@type\":\"PropertyValueSpecification\",\"valueRequired\":true,\"valueName\":\"search_term_string\"}}],\"inLanguage\":\"sv-SE\"},{\"@type\":\"Organization\",\"@id\":\"https:\/\/talkpal.ai\/sv\/#organization\",\"name\":\"Talkpal, Inc.\",\"alternateName\":\"Talkpal AI\",\"url\":\"https:\/\/talkpal.ai\/sv\/\",\"logo\":{\"@type\":\"ImageObject\",\"inLanguage\":\"sv-SE\",\"@id\":\"https:\/\/talkpal.ai\/sv\/#\/schema\/logo\/image\/\",\"url\":\"https:\/\/talkpal.ai\/wp-content\/uploads\/2024\/03\/Talkpal-Logo-Icon.png\",\"contentUrl\":\"https:\/\/talkpal.ai\/wp-content\/uploads\/2024\/03\/Talkpal-Logo-Icon.png\",\"width\":2880,\"height\":2880,\"caption\":\"Talkpal, Inc.\"},\"image\":{\"@id\":\"https:\/\/talkpal.ai\/sv\/#\/schema\/logo\/image\/\"},\"sameAs\":[\"https:\/\/www.facebook.com\/profile.php?id=100090733639311\",\"https:\/\/x.com\/talkpalai\",\"https:\/\/www.linkedin.com\/company\/talkpal\/\",\"https:\/\/www.youtube.com\/@TalkPal\/\",\"https:\/\/www.tiktok.com\/@talkpal\",\"https:\/\/www.instagram.com\/talkpal_ai\/\",\"https:\/\/www.crunchbase.com\/organization\/talkpal-9cde\",\"https:\/\/www.g2.com\/products\/talkpal-for-business\/\",\"https:\/\/www.trustpilot.com\/review\/talkpal.ai\",\"https:\/\/www.capterra.com\/p\/10006800\/TalkPal\/\"],\"description\":\"Talkpal is a language learning web and mobile education app, powered by the latest AI technologies, that provides engaging experiences to its customers in many different languages to help them improve their language skills. Users can chat about unlimited amount of topics with the app and use other modes to practice their language learning.\",\"email\":\"support@talkpal.ai\",\"legalName\":\"Talkpal, Inc.\",\"foundingDate\":\"2023-04-03\",\"duns\":\"118989042\",\"numberOfEmployees\":{\"@type\":\"QuantitativeValue\",\"minValue\":\"11\",\"maxValue\":\"50\"},\"publishingPrinciples\":\"https:\/\/talkpal.ai\/publishing-principles\/\",\"actionableFeedbackPolicy\":\"https:\/\/talkpal.ai\/actionable-feedback-policy\/\",\"correctionsPolicy\":\"https:\/\/talkpal.ai\/corrections-policy\/\",\"ethicsPolicy\":\"https:\/\/talkpal.ai\/ethics-policy\/\",\"diversityPolicy\":\"https:\/\/talkpal.ai\/diversity-policy\/\",\"diversityStaffingReport\":\"https:\/\/talkpal.ai\/diversity-policy\/\"}]}<\/script>\n<!-- \/ Yoast SEO Premium plugin. -->","yoast_head_json":{"title":"Ungersk grammatik - Talkpal","description":"Beh\u00e4rska ungersk grammatik - l\u00e4r dig grammatikregler och \u00f6va p\u00e5 att bilda meningar. F\u00e5 hj\u00e4lpsam v\u00e4gledning fr\u00e5n Talkpal AI.","robots":{"index":"index","follow":"follow","max-snippet":"max-snippet:-1","max-image-preview":"max-image-preview:large","max-video-preview":"max-video-preview:-1"},"canonical":"https:\/\/talkpal.ai\/sv\/ungersk-grammatik\/","og_locale":"sv_SE","og_type":"article","og_title":"Ungersk grammatik","og_description":"Titel: Att l\u00e5sa upp den ungerska grammatikens hemligheter Ungerska, ett finsk-ugriskt spr\u00e5k, sticker ut med sitt unika grammatiksystem, vilket g\u00f6r det","og_url":"https:\/\/talkpal.ai\/sv\/ungersk-grammatik\/","og_site_name":"Talkpal","article_publisher":"https:\/\/www.facebook.com\/profile.php?id=100090733639311","article_modified_time":"2025-12-12T10:45:59+00:00","og_image":[{"width":512,"height":512,"url":"https:\/\/talkpal.ai\/wp-content\/uploads\/2023\/05\/Hungarian.png","type":"image\/png"}],"twitter_card":"summary_large_image","twitter_site":"@talkpalai","twitter_misc":{"Ber\u00e4knad l\u00e4stid":"3 minuter"},"schema":{"@context":"https:\/\/schema.org","@graph":[{"@type":"WebPage","@id":"https:\/\/talkpal.ai\/sv\/ungersk-grammatik\/","url":"https:\/\/talkpal.ai\/sv\/ungersk-grammatik\/","name":"Ungersk grammatik - Talkpal","isPartOf":{"@id":"https:\/\/talkpal.ai\/sv\/#website"},"primaryImageOfPage":{"@id":"https:\/\/talkpal.ai\/sv\/ungersk-grammatik\/#primaryimage"},"image":{"@id":"https:\/\/talkpal.ai\/sv\/ungersk-grammatik\/#primaryimage"},"thumbnailUrl":"https:\/\/talkpal.ai\/wp-content\/uploads\/2023\/05\/Hungarian.png","datePublished":"2023-05-14T14:08:53+00:00","dateModified":"2025-12-12T10:45:59+00:00","description":"Beh\u00e4rska ungersk grammatik - l\u00e4r dig grammatikregler och \u00f6va p\u00e5 att bilda meningar. F\u00e5 hj\u00e4lpsam v\u00e4gledning fr\u00e5n Talkpal AI.","breadcrumb":{"@id":"https:\/\/talkpal.ai\/sv\/ungersk-grammatik\/#breadcrumb"},"inLanguage":"sv-SE","potentialAction":[{"@type":"ReadAction","target":["https:\/\/talkpal.ai\/sv\/ungersk-grammatik\/"]}]},{"@type":"ImageObject","inLanguage":"sv-SE","@id":"https:\/\/talkpal.ai\/sv\/ungersk-grammatik\/#primaryimage","url":"https:\/\/talkpal.ai\/wp-content\/uploads\/2023\/05\/Hungarian.png","contentUrl":"https:\/\/talkpal.ai\/wp-content\/uploads\/2023\/05\/Hungarian.png","width":512,"height":512},{"@type":"BreadcrumbList","@id":"https:\/\/talkpal.ai\/sv\/ungersk-grammatik\/#breadcrumb","itemListElement":[{"@type":"ListItem","position":1,"name":"Homepage","item":"https:\/\/talkpal.ai\/sv\/"},{"@type":"ListItem","position":2,"name":"Ungersk grammatik"}]},{"@type":"WebSite","@id":"https:\/\/talkpal.ai\/sv\/#website","url":"https:\/\/talkpal.ai\/sv\/","name":"Talkpal","description":"AI Language Learning","publisher":{"@id":"https:\/\/talkpal.ai\/sv\/#organization"},"alternateName":"Talkpal AI","potentialAction":[{"@type":"SearchAction","target":{"@type":"EntryPoint","urlTemplate":"https:\/\/talkpal.ai\/sv\/?s={search_term_string}"},"query-input":{"@type":"PropertyValueSpecification","valueRequired":true,"valueName":"search_term_string"}}],"inLanguage":"sv-SE"},{"@type":"Organization","@id":"https:\/\/talkpal.ai\/sv\/#organization","name":"Talkpal, Inc.","alternateName":"Talkpal AI","url":"https:\/\/talkpal.ai\/sv\/","logo":{"@type":"ImageObject","inLanguage":"sv-SE","@id":"https:\/\/talkpal.ai\/sv\/#\/schema\/logo\/image\/","url":"https:\/\/talkpal.ai\/wp-content\/uploads\/2024\/03\/Talkpal-Logo-Icon.png","contentUrl":"https:\/\/talkpal.ai\/wp-content\/uploads\/2024\/03\/Talkpal-Logo-Icon.png","width":2880,"height":2880,"caption":"Talkpal, Inc."},"image":{"@id":"https:\/\/talkpal.ai\/sv\/#\/schema\/logo\/image\/"},"sameAs":["https:\/\/www.facebook.com\/profile.php?id=100090733639311","https:\/\/x.com\/talkpalai","https:\/\/www.linkedin.com\/company\/talkpal\/","https:\/\/www.youtube.com\/@TalkPal\/","https:\/\/www.tiktok.com\/@talkpal","https:\/\/www.instagram.com\/talkpal_ai\/","https:\/\/www.crunchbase.com\/organization\/talkpal-9cde","https:\/\/www.g2.com\/products\/talkpal-for-business\/","https:\/\/www.trustpilot.com\/review\/talkpal.ai","https:\/\/www.capterra.com\/p\/10006800\/TalkPal\/"],"description":"Talkpal is a language learning web and mobile education app, powered by the latest AI technologies, that provides engaging experiences to its customers in many different languages to help them improve their language skills. Users can chat about unlimited amount of topics with the app and use other modes to practice their language learning.","email":"support@talkpal.ai","legalName":"Talkpal, Inc.","foundingDate":"2023-04-03","duns":"118989042","numberOfEmployees":{"@type":"QuantitativeValue","minValue":"11","maxValue":"50"},"publishingPrinciples":"https:\/\/talkpal.ai\/publishing-principles\/","actionableFeedbackPolicy":"https:\/\/talkpal.ai\/actionable-feedback-policy\/","correctionsPolicy":"https:\/\/talkpal.ai\/corrections-policy\/","ethicsPolicy":"https:\/\/talkpal.ai\/ethics-policy\/","diversityPolicy":"https:\/\/talkpal.ai\/diversity-policy\/","diversityStaffingReport":"https:\/\/talkpal.ai\/diversity-policy\/"}]}},"_links":{"self":[{"href":"https:\/\/talkpal.ai\/sv\/wp-json\/wp\/v2\/pages\/144568","targetHints":{"allow":["GET"]}}],"collection":[{"href":"https:\/\/talkpal.ai\/sv\/wp-json\/wp\/v2\/pages"}],"about":[{"href":"https:\/\/talkpal.ai\/sv\/wp-json\/wp\/v2\/types\/page"}],"author":[{"embeddable":true,"href":"https:\/\/talkpal.ai\/sv\/wp-json\/wp\/v2\/users\/1"}],"replies":[{"embeddable":true,"href":"https:\/\/talkpal.ai\/sv\/wp-json\/wp\/v2\/comments?post=144568"}],"version-history":[{"count":0,"href":"https:\/\/talkpal.ai\/sv\/wp-json\/wp\/v2\/pages\/144568\/revisions"}],"wp:featuredmedia":[{"embeddable":true,"href":"https:\/\/talkpal.ai\/sv\/wp-json\/wp\/v2\/media\/28357"}],"wp:attachment":[{"href":"https:\/\/talkpal.ai\/sv\/wp-json\/wp\/v2\/media?parent=144568"}],"curies":[{"name":"wp","href":"https:\/\/api.w.org\/{rel}","templated":true}]}}