{"id":144259,"date":"2023-05-14T14:04:48","date_gmt":"2023-05-14T14:04:48","guid":{"rendered":"http:\/\/talkpal.ai\/hebreisk-grammatik\/"},"modified":"2025-12-13T15:37:51","modified_gmt":"2025-12-13T15:37:51","slug":"hebreisk-grammatik","status":"publish","type":"page","link":"https:\/\/talkpal.ai\/sv\/hebreisk-grammatik\/","title":{"rendered":"Hebreisk grammatik"},"content":{"rendered":"\r\n\r\n\r\n<section class=\"languageChallengeSection\">\r\n    <div class=\"languageInfoWrapper\">\r\n        \r\n        <h1>Hebreisk grammatik<\/h1>\r\n        <p>L\u00e4r dig <a href=\"https:\/\/talkpal.ai\/hebrew-grammar\/\">hebreisk grammatik<\/a> och avsl\u00f6ja hemligheterna bakom ett spr\u00e5k med djupa historiska r\u00f6tter och modern relevans. Ta dig an utmaningen och f\u00e5 kontakt med en levande kultur genom den <a href=\"https:\/\/talkpal.ai\/learn-hebrew\/\">hebreiska<\/a> grammatikens sk\u00f6nhet!<\/p>\r\n\r\n                            <a class=\"getStartedHidden\" href=\"https:\/\/app.talkpal.ai\/sv\/signup?lng=\">Kom ig\u00e5ng<\/a>\r\n        \r\n    <\/div>\r\n\r\n    <figure>\r\n    <img decoding=\"async\" width=\"768\" height=\"768\" src=\"https:\/\/talkpal.ai\/wp-content\/uploads\/2023\/06\/hebrew-768x768.png\" class=\"languageImage no-lazy\" alt=\"Default alt text\" fetchpriority=\"high\" sizes=\"(max-width: 768px) 150px, 768px\" srcset=\"https:\/\/talkpal.ai\/wp-content\/uploads\/2023\/06\/hebrew-768x768.png 768w, https:\/\/talkpal.ai\/wp-content\/uploads\/2023\/06\/hebrew-300x300.png 300w\" \/>\r\n    \r\n\r\n    <\/figure>\r\n\r\n            <a class=\"getStartedVisible\" href=\"https:\/\/app.talkpal.ai\/sv\/signup?lng=\">Kom ig\u00e5ng<\/a>\r\n    \r\n<\/section>\r\n        <section class=\"grammarSection\">\r\n            <div class=\"grammarLinks\">\r\n                <a href=\"https:\/\/talkpal.ai\/sv\/language\/adjektiv-hebreisk-grammatik\/\">Adjektiv <\/a><a href=\"https:\/\/talkpal.ai\/sv\/language\/adverb-hebreisk-grammatik\/\">Adverb <\/a><a href=\"https:\/\/talkpal.ai\/sv\/language\/artiklar-hebreisk-grammatik\/\">Artiklar <\/a><a href=\"https:\/\/talkpal.ai\/sv\/language\/jamforelse-av-tempus-hebreisk-grammatik\/\">J\u00e4mf\u00f6relse av tempus <\/a><a href=\"https:\/\/talkpal.ai\/sv\/language\/konditionaler-hebreisk-grammatik\/\">Konditionaler <\/a><a href=\"https:\/\/talkpal.ai\/sv\/language\/meningar-hebreisk-grammatik\/\">Meningar <\/a><a href=\"https:\/\/talkpal.ai\/sv\/language\/perfect-progressive-hebreisk-grammatik\/\">Perfect Progressive <\/a><a href=\"https:\/\/talkpal.ai\/sv\/language\/prepositioner-hebreisk-grammatik\/\">Prepositioner <\/a><a href=\"https:\/\/talkpal.ai\/sv\/language\/progressiv-hebreisk-grammatik\/\">Progressiv <\/a><a href=\"https:\/\/talkpal.ai\/sv\/language\/pronomen-bestamningsfaktorer-hebreisk-grammatik\/\">Pronomen\/best\u00e4mningsfaktorer <\/a><a href=\"https:\/\/talkpal.ai\/sv\/language\/substantiv-hebreisk-grammatik\/\">Substantiv <\/a><a href=\"https:\/\/talkpal.ai\/sv\/language\/tempus-hebreisk-grammatik\/\">Tempus <\/a><a href=\"https:\/\/talkpal.ai\/sv\/language\/verb-hebreisk-grammatik\/\">Verb <\/a>            <\/div>\r\n        <\/section>\r\n    <section class=\"promotionalBanner\">\r\n    <p class=\"promotionalText\">Det mest effektiva s\u00e4ttet att l\u00e4ra sig ett spr\u00e5k<\/p>\r\n    <a class=\"promotionalLink\" href=\"https:\/\/app.talkpal.ai\/sv\/signup?lng=\">Prova Talkpal gratis<\/a>\r\n<\/section>\n<div class=\"wp-block-group pageContainerStyle\"><div class=\"wp-block-group__inner-container is-layout-constrained wp-block-group-is-layout-constrained\">\n<h2 class=\"wp-block-heading\" id=\"h-mastering-hebrew-grammar-your-ultimate-guide\">Bem\u00e4stra hebreisk grammatik: Din ultimata guide<\/h2>\n\n\n\n<p>Shalom, <a href=\"https:\/\/talkpal.ai\/talkpal-discount-for-language-enthusiasts\/\">spr\u00e5kentusiaster<\/a>! \u00c4r du redo att dyka in i den fascinerande v\u00e4rlden av hebreisk <a href=\"https:\/\/talkpal.ai\/fr\/les\/\">grammatik<\/a>? Du har kommit till r\u00e4tt st\u00e4lle. <a href=\"https:\/\/talkpal.ai\/culture\/how-do-i-use-den-har-and-det-har\/\">Den h\u00e4r<\/a> artikeln \u00e4r fylld med l\u00e4ttf\u00f6rst\u00e5elig information och en samtalston och guidar dig genom den hebreiska grammatikens fascinerande v\u00e4rld. Snart kommer du att kunna konstruera meningar och <a href=\"https:\/\/talkpal.ai\/locations\/language-courses-in-delta\/\">delta<\/a> i meningsfulla konversationer med personer som har spr\u00e5ket som modersm\u00e5l. S\u00e5 l\u00e5t <a href=\"https:\/\/talkpal.ai\/locations\/language-courses-in-oss\/\">oss<\/a> b\u00f6rja din resa mot att beh\u00e4rska hebreisk grammatik!<\/p>\n\n\n\n<p><strong>Men f\u00f6rst, varf\u00f6r hebreisk grammatik?<\/strong><\/p>\n\n\n\n<p>Om du <a href=\"https:\/\/talkpal.ai\/learn-hebrew\/\">l\u00e4r dig hebreiska<\/a> \u00e4r en solid grund i grammatik avg\u00f6rande f\u00f6r att du ska kunna tala, l\u00e4sa och skriva flytande. \u00c4ven om hebreisk grammatik till en b\u00f6rjan kan verka komplex, blir den mer l\u00e4ttillg\u00e4nglig n\u00e4r den bryts ner i mindre, mer hanterbara delar. S\u00e5 l\u00e5t oss ge oss ut p\u00e5 denna sp\u00e4nnande resa!<\/p>\n\n\n\n<h3 class=\"wp-block-heading\" id=\"h-1-nouns-gender-and-number\">1. Substantiv, k\u00f6n och numerus<\/h3>\n\n\n\n<p>Hebreiska substantiv har tv\u00e5 genus \u2013 maskulinum och femininum \u2013 och kan vara singular eller plural. Att identifiera ett substantivs genus utg\u00f6r en grund f\u00f6r korrekt meningsbyggnad eftersom det p\u00e5verkar andra delar av talet, till exempel verb och adjektiv.  <\/p>\n\n\n\n<p>En allm\u00e4n tumregel: om ett substantiv slutar p\u00e5 &#8221;\u05d4&#8221; (hey) eller &#8221;\u05ea&#8221; (tav) \u00e4r det vanligtvis feminint. Det finns dock undantag, s\u00e5 det \u00e4r viktigt att memorera substantivgenus samtidigt som man l\u00e4r sig ordf\u00f6rr\u00e5d.<\/p>\n\n\n\n<p>Dessutom har hebreiska substantiv olika former beroende p\u00e5 antal. Maskulina substantiv i pluralis slutar vanligtvis p\u00e5 &#8221;\u05d9\u05dd&#8221; (yim), medan feminina substantiv i pluralis slutar p\u00e5 &#8221;\u05d5\u05ea&#8221; (ot).<\/p>\n\n\n\n<h3 class=\"wp-block-heading\" id=\"h-2-adjectives-agreement-and-definite-articles\">2. Adjektiv, \u00f6verensst\u00e4mmelse och best\u00e4mda artiklar<\/h3>\n\n\n\n<p>Adjektiv p\u00e5 hebreiska m\u00e5ste \u00f6verensst\u00e4mma i genus och numerus med substantivet de modifierar. F\u00f6r att g\u00f6ra ett adjektiv feminint l\u00e4gger du till ett &#8221;\u05d4&#8221; (hej) i slutet om det inte redan har ett. F\u00f6r att g\u00f6ra ett adjektiv pluralis f\u00f6ljer du samma princip som f\u00f6r substantiv: l\u00e4gg till &#8221;\u05d9\u05dd&#8221; f\u00f6r maskulinum och &#8221;\u05d5\u05ea&#8221; f\u00f6r femininum.<\/p>\n\n\n\n<p>Den best\u00e4mda artikeln &#8221;den&#8221; p\u00e5 hebreiska \u00e4r &#8221;\u05d4&#8221; (hey) och l\u00e4ggs till som ett prefix till substantivet eller adjektivet. Till exempel &#8221;\u05d4\u05e1\u05e4\u05e8&#8221; (haSefer &#8211; boken) eller &#8221;\u05d4\u05db\u05d3\u05d5\u05e8 \u05d4\u05d2\u05d3\u05d5\u05dc&#8221; (hakadur hagadol &#8211; den stora bollen).<\/p>\n\n\n\n<h3 class=\"wp-block-heading\" id=\"h-3-verbs-tense-and-conjugation\">3. Verb, tempus och konjugation<\/h3>\n\n\n\n<p>Hebreiska verb spelar en avg\u00f6rande roll i grammatiken och \u00e4r indelade i sju b\u00f6jningsgrupper som kallas &#8221;binyanim&#8221;. Varje binyan p\u00e5verkar verbets betydelse och roll i en mening.<\/p>\n\n\n\n<p>F\u00f6r att ge dig en snabb \u00f6verblick ska vi diskutera presens f\u00f6r vanliga verb:<\/p>\n\n\n\n<p><strong>&#8211; \u05d0\u05e0\u05d9 \u05e7\u05d5\u05e8\u05d0\/\u05ea (ani kore\/et &#8211; jag l\u00e4ser, mask.\/fem.)<\/strong><\/p>\n\n\n\n<p><strong>&#8211; \u05d0\u05ea\/\u05d4 \u05e7\u05d5\u05e8\u05d0\/\u05ea (ata\/at kore\/et &#8211; du l\u00e4ser, masc.\/fem.)<\/strong><\/p>\n\n\n\n<p><strong>&#8211; \u05d4\u05d5\u05d0\/\u05d4\u05d9\u05d0 \u05e7\u05d5\u05e8\u05d0\/\u05ea (hu\/hi kore\/et &#8211; han\/hon l\u00e4ser)<\/strong><\/p>\n\n\n\n<p>Kom ih\u00e5g att detta bara \u00e4r b\u00f6rjan! M\u00e5nga andra tempus, oregelbundna verb och binyanska komplexiteter kommer att dyka upp n\u00e4r du g\u00f6r framsteg.<\/p>\n\n\n\n<h3 class=\"wp-block-heading\" id=\"h-4-pronouns-prepositions-and-more\">4. Pronomen, prepositioner och mer!<\/h3>\n\n\n\n<p>Hebreisk grammatik inneh\u00e5ller andra komponenter som pronomen (\u05d0\u05e0\u05d9, \u05d0\u05ea\u05d4, \u05d4\u05d5\u05d0, \u05d4\u05d9\u05d0, och s\u00e5 vidare), prepositioner (\u05d1, \u05dc, \u05de, \u05e2\u05dc, etc.), och idiomatiska uttryck. Att ta itu med varje element \u00e4r avg\u00f6rande f\u00f6r att uppn\u00e5 omfattande flytande hebreiska, s\u00e5 ta ett steg i taget.<\/p>\n\n\n\n<p>Sammanfattningsvis finns det ingen genv\u00e4g till att beh\u00e4rska hebreisk grammatik. Det kr\u00e4ver uth\u00e5llighet, \u00f6vning och t\u00e5lamod. Men n\u00e4r du v\u00e4l har f\u00f6rst\u00e5tt dess kr\u00e5ngligheter kommer du att njuta av nyanserna i att konversera p\u00e5 hebreiska, utforska den rika kulturen och historien och f\u00f6rdjupa din uppskattning f\u00f6r spr\u00e5ket. \u05d1\u05d4\u05e6\u05dc\u05d7\u05d4 (behatzlacha &#8211; lycka till)!<\/p>\n<\/div><\/div>\n\r\n<section class=\"learnNavigationSection\">\r\n            \r\n        <a href=\"https:\/\/talkpal.ai\/sv\/lar-dig-hebreiska\/\">\r\n            <div class=\"learnNavigationWrapper\">\r\n                <div class=\"learnNavigationContent\">\r\n                    <img decoding=\"async\" src=\"https:\/\/talkpal.ai\/wp-content\/uploads\/2024\/08\/Hebrew.jpg\" alt=\"Israel Flag\">\r\n                    <div>\r\n                        <h4>Om Hebrew Learning<\/h4>\r\n                        <p>Ta reda p\u00e5 allt om hebreisk grammatik.<\/p>\r\n                    <\/div>\r\n                <\/div>\r\n            <\/div>\r\n        <\/a>\r\n\r\n        \r\n        <a href=\"https:\/\/talkpal.ai\/sv\/hebreiska-grammatikovningar\/\">\r\n            <div class=\"learnNavigationWrapper\">\r\n                <div class=\"learnNavigationContent\">\r\n                    <img decoding=\"async\" src=\"https:\/\/talkpal.ai\/wp-content\/uploads\/2024\/08\/Hebrew.jpg\" alt=\"Israel Flag\">\r\n                    <div>\r\n                        <h4>\u00d6vning i hebreisk grammatik<\/h4>\r\n                        <p>\u00d6va p\u00e5 hebreisk grammatik.<\/p>\r\n                    <\/div>\r\n                <\/div>\r\n            <\/div>\r\n        <\/a>\r\n\r\n        \r\n        <a href=\"https:\/\/talkpal.ai\/vocabulary_language\/hebrew\/\">\r\n            <div class=\"learnNavigationWrapper\">\r\n                <div class=\"learnNavigationContent\">\r\n                    <img decoding=\"async\" src=\"https:\/\/talkpal.ai\/wp-content\/uploads\/2024\/08\/Hebrew.jpg\" alt=\"Israel Flag\">\r\n                    <div>\r\n                        <h4>Hebreisk vokabul\u00e4r<\/h4>\r\n                        <p>Ut\u00f6ka ditt hebreiska ordf\u00f6rr\u00e5d.<\/p>\r\n                    <\/div>\r\n                <\/div>\r\n            <\/div>\r\n        <\/a>\r\n\r\n            <\/section>","protected":false},"excerpt":{"rendered":"<p>Bem\u00e4stra hebreisk grammatik: Din ultimata guide Shalom, spr\u00e5kentusiaster! \u00c4r du redo att dyka in i den fascinerande v\u00e4rlden av hebreisk grammatik? Du har kommit till r\u00e4tt st\u00e4lle. Den h\u00e4r artikeln \u00e4r fylld med l\u00e4ttf\u00f6rst\u00e5elig information och en samtalston och guidar dig genom den hebreiska grammatikens fascinerande v\u00e4rld. Snart kommer du att kunna konstruera meningar och [&hellip;]<\/p>\n","protected":false},"author":1,"featured_media":28405,"parent":0,"menu_order":0,"comment_status":"closed","ping_status":"closed","template":"LearningContentPage.php","meta":{"_acf_changed":false,"footnotes":""},"class_list":["post-144259","page","type-page","status-publish","has-post-thumbnail","hentry"],"acf":[],"yoast_head":"<!-- This site is optimized with the Yoast SEO Premium plugin v27.2 (Yoast SEO v27.2) - https:\/\/yoast.com\/product\/yoast-seo-premium-wordpress\/ -->\n<title>Hebreisk grammatik - Talkpal<\/title>\n<meta name=\"description\" content=\"F\u00f6rb\u00e4ttra din hebreiska grammatik med sj\u00e4lvf\u00f6rtroende - l\u00e4r dig viktiga regler, forma korrekta meningar och kommunicera tydligt med Talkpalenkla AI-lektioner.\" \/>\n<meta name=\"robots\" content=\"index, follow, max-snippet:-1, max-image-preview:large, max-video-preview:-1\" \/>\n<link rel=\"canonical\" href=\"https:\/\/talkpal.ai\/sv\/hebreisk-grammatik\/\" \/>\n<meta property=\"og:locale\" content=\"sv_SE\" \/>\n<meta property=\"og:type\" content=\"article\" \/>\n<meta property=\"og:title\" content=\"Hebreisk grammatik\" \/>\n<meta property=\"og:description\" content=\"Bem\u00e4stra hebreisk grammatik: Din ultimata guide Shalom, spr\u00e5kentusiaster! \u00c4r du redo att dyka in i den fascinerande v\u00e4rlden av hebreisk grammatik? Du har\" \/>\n<meta property=\"og:url\" content=\"https:\/\/talkpal.ai\/sv\/hebreisk-grammatik\/\" \/>\n<meta property=\"og:site_name\" content=\"Talkpal\" \/>\n<meta property=\"article:publisher\" content=\"https:\/\/www.facebook.com\/profile.php?id=100090733639311\" \/>\n<meta property=\"article:modified_time\" content=\"2025-12-13T15:37:51+00:00\" \/>\n<meta property=\"og:image\" content=\"https:\/\/talkpal.ai\/wp-content\/uploads\/2023\/05\/israel.png\" \/>\n\t<meta property=\"og:image:width\" content=\"512\" \/>\n\t<meta property=\"og:image:height\" content=\"512\" \/>\n\t<meta property=\"og:image:type\" content=\"image\/png\" \/>\n<meta name=\"twitter:card\" content=\"summary_large_image\" \/>\n<meta name=\"twitter:site\" content=\"@talkpalai\" \/>\n<meta name=\"twitter:label1\" content=\"Ber\u00e4knad l\u00e4stid\" \/>\n\t<meta name=\"twitter:data1\" content=\"3 minuter\" \/>\n<script type=\"application\/ld+json\" class=\"yoast-schema-graph\">{\"@context\":\"https:\/\/schema.org\",\"@graph\":[{\"@type\":\"WebPage\",\"@id\":\"https:\/\/talkpal.ai\/sv\/hebreisk-grammatik\/\",\"url\":\"https:\/\/talkpal.ai\/sv\/hebreisk-grammatik\/\",\"name\":\"Hebreisk grammatik - Talkpal\",\"isPartOf\":{\"@id\":\"https:\/\/talkpal.ai\/sv\/#website\"},\"primaryImageOfPage\":{\"@id\":\"https:\/\/talkpal.ai\/sv\/hebreisk-grammatik\/#primaryimage\"},\"image\":{\"@id\":\"https:\/\/talkpal.ai\/sv\/hebreisk-grammatik\/#primaryimage\"},\"thumbnailUrl\":\"https:\/\/talkpal.ai\/wp-content\/uploads\/2023\/05\/israel.png\",\"datePublished\":\"2023-05-14T14:04:48+00:00\",\"dateModified\":\"2025-12-13T15:37:51+00:00\",\"description\":\"F\u00f6rb\u00e4ttra din hebreiska grammatik med sj\u00e4lvf\u00f6rtroende - l\u00e4r dig viktiga regler, forma korrekta meningar och kommunicera tydligt med Talkpalenkla AI-lektioner.\",\"breadcrumb\":{\"@id\":\"https:\/\/talkpal.ai\/sv\/hebreisk-grammatik\/#breadcrumb\"},\"inLanguage\":\"sv-SE\",\"potentialAction\":[{\"@type\":\"ReadAction\",\"target\":[\"https:\/\/talkpal.ai\/sv\/hebreisk-grammatik\/\"]}]},{\"@type\":\"ImageObject\",\"inLanguage\":\"sv-SE\",\"@id\":\"https:\/\/talkpal.ai\/sv\/hebreisk-grammatik\/#primaryimage\",\"url\":\"https:\/\/talkpal.ai\/wp-content\/uploads\/2023\/05\/israel.png\",\"contentUrl\":\"https:\/\/talkpal.ai\/wp-content\/uploads\/2023\/05\/israel.png\",\"width\":512,\"height\":512},{\"@type\":\"BreadcrumbList\",\"@id\":\"https:\/\/talkpal.ai\/sv\/hebreisk-grammatik\/#breadcrumb\",\"itemListElement\":[{\"@type\":\"ListItem\",\"position\":1,\"name\":\"Homepage\",\"item\":\"https:\/\/talkpal.ai\/sv\/\"},{\"@type\":\"ListItem\",\"position\":2,\"name\":\"Hebreisk grammatik\"}]},{\"@type\":\"WebSite\",\"@id\":\"https:\/\/talkpal.ai\/sv\/#website\",\"url\":\"https:\/\/talkpal.ai\/sv\/\",\"name\":\"Talkpal\",\"description\":\"AI Language Learning\",\"publisher\":{\"@id\":\"https:\/\/talkpal.ai\/sv\/#organization\"},\"alternateName\":\"Talkpal AI\",\"potentialAction\":[{\"@type\":\"SearchAction\",\"target\":{\"@type\":\"EntryPoint\",\"urlTemplate\":\"https:\/\/talkpal.ai\/sv\/?s={search_term_string}\"},\"query-input\":{\"@type\":\"PropertyValueSpecification\",\"valueRequired\":true,\"valueName\":\"search_term_string\"}}],\"inLanguage\":\"sv-SE\"},{\"@type\":\"Organization\",\"@id\":\"https:\/\/talkpal.ai\/sv\/#organization\",\"name\":\"Talkpal, Inc.\",\"alternateName\":\"Talkpal AI\",\"url\":\"https:\/\/talkpal.ai\/sv\/\",\"logo\":{\"@type\":\"ImageObject\",\"inLanguage\":\"sv-SE\",\"@id\":\"https:\/\/talkpal.ai\/sv\/#\/schema\/logo\/image\/\",\"url\":\"https:\/\/talkpal.ai\/wp-content\/uploads\/2024\/03\/Talkpal-Logo-Icon.png\",\"contentUrl\":\"https:\/\/talkpal.ai\/wp-content\/uploads\/2024\/03\/Talkpal-Logo-Icon.png\",\"width\":2880,\"height\":2880,\"caption\":\"Talkpal, Inc.\"},\"image\":{\"@id\":\"https:\/\/talkpal.ai\/sv\/#\/schema\/logo\/image\/\"},\"sameAs\":[\"https:\/\/www.facebook.com\/profile.php?id=100090733639311\",\"https:\/\/x.com\/talkpalai\",\"https:\/\/www.linkedin.com\/company\/talkpal\/\",\"https:\/\/www.youtube.com\/@TalkPal\/\",\"https:\/\/www.tiktok.com\/@talkpal\",\"https:\/\/www.instagram.com\/talkpal_ai\/\",\"https:\/\/www.crunchbase.com\/organization\/talkpal-9cde\",\"https:\/\/www.g2.com\/products\/talkpal-for-business\/\",\"https:\/\/www.trustpilot.com\/review\/talkpal.ai\",\"https:\/\/www.capterra.com\/p\/10006800\/TalkPal\/\"],\"description\":\"Talkpal is a language learning web and mobile education app, powered by the latest AI technologies, that provides engaging experiences to its customers in many different languages to help them improve their language skills. Users can chat about unlimited amount of topics with the app and use other modes to practice their language learning.\",\"email\":\"support@talkpal.ai\",\"legalName\":\"Talkpal, Inc.\",\"foundingDate\":\"2023-04-03\",\"duns\":\"118989042\",\"numberOfEmployees\":{\"@type\":\"QuantitativeValue\",\"minValue\":\"11\",\"maxValue\":\"50\"},\"publishingPrinciples\":\"https:\/\/talkpal.ai\/publishing-principles\/\",\"actionableFeedbackPolicy\":\"https:\/\/talkpal.ai\/actionable-feedback-policy\/\",\"correctionsPolicy\":\"https:\/\/talkpal.ai\/corrections-policy\/\",\"ethicsPolicy\":\"https:\/\/talkpal.ai\/ethics-policy\/\",\"diversityPolicy\":\"https:\/\/talkpal.ai\/diversity-policy\/\",\"diversityStaffingReport\":\"https:\/\/talkpal.ai\/diversity-policy\/\"}]}<\/script>\n<!-- \/ Yoast SEO Premium plugin. -->","yoast_head_json":{"title":"Hebreisk grammatik - Talkpal","description":"F\u00f6rb\u00e4ttra din hebreiska grammatik med sj\u00e4lvf\u00f6rtroende - l\u00e4r dig viktiga regler, forma korrekta meningar och kommunicera tydligt med Talkpalenkla AI-lektioner.","robots":{"index":"index","follow":"follow","max-snippet":"max-snippet:-1","max-image-preview":"max-image-preview:large","max-video-preview":"max-video-preview:-1"},"canonical":"https:\/\/talkpal.ai\/sv\/hebreisk-grammatik\/","og_locale":"sv_SE","og_type":"article","og_title":"Hebreisk grammatik","og_description":"Bem\u00e4stra hebreisk grammatik: Din ultimata guide Shalom, spr\u00e5kentusiaster! \u00c4r du redo att dyka in i den fascinerande v\u00e4rlden av hebreisk grammatik? Du har","og_url":"https:\/\/talkpal.ai\/sv\/hebreisk-grammatik\/","og_site_name":"Talkpal","article_publisher":"https:\/\/www.facebook.com\/profile.php?id=100090733639311","article_modified_time":"2025-12-13T15:37:51+00:00","og_image":[{"width":512,"height":512,"url":"https:\/\/talkpal.ai\/wp-content\/uploads\/2023\/05\/israel.png","type":"image\/png"}],"twitter_card":"summary_large_image","twitter_site":"@talkpalai","twitter_misc":{"Ber\u00e4knad l\u00e4stid":"3 minuter"},"schema":{"@context":"https:\/\/schema.org","@graph":[{"@type":"WebPage","@id":"https:\/\/talkpal.ai\/sv\/hebreisk-grammatik\/","url":"https:\/\/talkpal.ai\/sv\/hebreisk-grammatik\/","name":"Hebreisk grammatik - Talkpal","isPartOf":{"@id":"https:\/\/talkpal.ai\/sv\/#website"},"primaryImageOfPage":{"@id":"https:\/\/talkpal.ai\/sv\/hebreisk-grammatik\/#primaryimage"},"image":{"@id":"https:\/\/talkpal.ai\/sv\/hebreisk-grammatik\/#primaryimage"},"thumbnailUrl":"https:\/\/talkpal.ai\/wp-content\/uploads\/2023\/05\/israel.png","datePublished":"2023-05-14T14:04:48+00:00","dateModified":"2025-12-13T15:37:51+00:00","description":"F\u00f6rb\u00e4ttra din hebreiska grammatik med sj\u00e4lvf\u00f6rtroende - l\u00e4r dig viktiga regler, forma korrekta meningar och kommunicera tydligt med Talkpalenkla AI-lektioner.","breadcrumb":{"@id":"https:\/\/talkpal.ai\/sv\/hebreisk-grammatik\/#breadcrumb"},"inLanguage":"sv-SE","potentialAction":[{"@type":"ReadAction","target":["https:\/\/talkpal.ai\/sv\/hebreisk-grammatik\/"]}]},{"@type":"ImageObject","inLanguage":"sv-SE","@id":"https:\/\/talkpal.ai\/sv\/hebreisk-grammatik\/#primaryimage","url":"https:\/\/talkpal.ai\/wp-content\/uploads\/2023\/05\/israel.png","contentUrl":"https:\/\/talkpal.ai\/wp-content\/uploads\/2023\/05\/israel.png","width":512,"height":512},{"@type":"BreadcrumbList","@id":"https:\/\/talkpal.ai\/sv\/hebreisk-grammatik\/#breadcrumb","itemListElement":[{"@type":"ListItem","position":1,"name":"Homepage","item":"https:\/\/talkpal.ai\/sv\/"},{"@type":"ListItem","position":2,"name":"Hebreisk grammatik"}]},{"@type":"WebSite","@id":"https:\/\/talkpal.ai\/sv\/#website","url":"https:\/\/talkpal.ai\/sv\/","name":"Talkpal","description":"AI Language Learning","publisher":{"@id":"https:\/\/talkpal.ai\/sv\/#organization"},"alternateName":"Talkpal AI","potentialAction":[{"@type":"SearchAction","target":{"@type":"EntryPoint","urlTemplate":"https:\/\/talkpal.ai\/sv\/?s={search_term_string}"},"query-input":{"@type":"PropertyValueSpecification","valueRequired":true,"valueName":"search_term_string"}}],"inLanguage":"sv-SE"},{"@type":"Organization","@id":"https:\/\/talkpal.ai\/sv\/#organization","name":"Talkpal, Inc.","alternateName":"Talkpal AI","url":"https:\/\/talkpal.ai\/sv\/","logo":{"@type":"ImageObject","inLanguage":"sv-SE","@id":"https:\/\/talkpal.ai\/sv\/#\/schema\/logo\/image\/","url":"https:\/\/talkpal.ai\/wp-content\/uploads\/2024\/03\/Talkpal-Logo-Icon.png","contentUrl":"https:\/\/talkpal.ai\/wp-content\/uploads\/2024\/03\/Talkpal-Logo-Icon.png","width":2880,"height":2880,"caption":"Talkpal, Inc."},"image":{"@id":"https:\/\/talkpal.ai\/sv\/#\/schema\/logo\/image\/"},"sameAs":["https:\/\/www.facebook.com\/profile.php?id=100090733639311","https:\/\/x.com\/talkpalai","https:\/\/www.linkedin.com\/company\/talkpal\/","https:\/\/www.youtube.com\/@TalkPal\/","https:\/\/www.tiktok.com\/@talkpal","https:\/\/www.instagram.com\/talkpal_ai\/","https:\/\/www.crunchbase.com\/organization\/talkpal-9cde","https:\/\/www.g2.com\/products\/talkpal-for-business\/","https:\/\/www.trustpilot.com\/review\/talkpal.ai","https:\/\/www.capterra.com\/p\/10006800\/TalkPal\/"],"description":"Talkpal is a language learning web and mobile education app, powered by the latest AI technologies, that provides engaging experiences to its customers in many different languages to help them improve their language skills. Users can chat about unlimited amount of topics with the app and use other modes to practice their language learning.","email":"support@talkpal.ai","legalName":"Talkpal, Inc.","foundingDate":"2023-04-03","duns":"118989042","numberOfEmployees":{"@type":"QuantitativeValue","minValue":"11","maxValue":"50"},"publishingPrinciples":"https:\/\/talkpal.ai\/publishing-principles\/","actionableFeedbackPolicy":"https:\/\/talkpal.ai\/actionable-feedback-policy\/","correctionsPolicy":"https:\/\/talkpal.ai\/corrections-policy\/","ethicsPolicy":"https:\/\/talkpal.ai\/ethics-policy\/","diversityPolicy":"https:\/\/talkpal.ai\/diversity-policy\/","diversityStaffingReport":"https:\/\/talkpal.ai\/diversity-policy\/"}]}},"_links":{"self":[{"href":"https:\/\/talkpal.ai\/sv\/wp-json\/wp\/v2\/pages\/144259","targetHints":{"allow":["GET"]}}],"collection":[{"href":"https:\/\/talkpal.ai\/sv\/wp-json\/wp\/v2\/pages"}],"about":[{"href":"https:\/\/talkpal.ai\/sv\/wp-json\/wp\/v2\/types\/page"}],"author":[{"embeddable":true,"href":"https:\/\/talkpal.ai\/sv\/wp-json\/wp\/v2\/users\/1"}],"replies":[{"embeddable":true,"href":"https:\/\/talkpal.ai\/sv\/wp-json\/wp\/v2\/comments?post=144259"}],"version-history":[{"count":0,"href":"https:\/\/talkpal.ai\/sv\/wp-json\/wp\/v2\/pages\/144259\/revisions"}],"wp:featuredmedia":[{"embeddable":true,"href":"https:\/\/talkpal.ai\/sv\/wp-json\/wp\/v2\/media\/28405"}],"wp:attachment":[{"href":"https:\/\/talkpal.ai\/sv\/wp-json\/wp\/v2\/media?parent=144259"}],"curies":[{"name":"wp","href":"https:\/\/api.w.org\/{rel}","templated":true}]}}