{"id":143960,"date":"2023-05-14T14:03:43","date_gmt":"2023-05-14T14:03:43","guid":{"rendered":"http:\/\/talkpal.ai\/galicisk-grammatik\/"},"modified":"2025-12-13T15:29:20","modified_gmt":"2025-12-13T15:29:20","slug":"galicisk-grammatik","status":"publish","type":"page","link":"https:\/\/talkpal.ai\/sv\/galicisk-grammatik\/","title":{"rendered":"Galicisk grammatik"},"content":{"rendered":"\r\n\r\n\r\n<section class=\"languageChallengeSection\">\r\n    <div class=\"languageInfoWrapper\">\r\n        \r\n        <h1>Galicisk grammatik<\/h1>\r\n        <p>Uppt\u00e4ck charmen med det <a href=\"https:\/\/talkpal.ai\/learn-galician\/\">galiciska<\/a> spr\u00e5ket genom att beh\u00e4rska dess grundl\u00e4ggande grammatikregler. Att f\u00f6rst\u00e5 <a href=\"https:\/\/talkpal.ai\/da\/laer-galicisk\/\">galicisk grammatik<\/a> \u00f6ppnar d\u00f6rrar till meningsfull kommunikation och en djupare f\u00f6rst\u00e5else f\u00f6r Galiciens livfulla kultur. B\u00f6rja l\u00e4ra dig galicisk <a href=\"https:\/\/talkpal.ai\/fr\/les\/\">grammatik<\/a> idag och ta ditt f\u00f6rsta steg mot flytande spr\u00e5k!<\/p>\r\n\r\n                            <a class=\"getStartedHidden\" href=\"https:\/\/app.talkpal.ai\/sv\/signup?lng=\">Kom ig\u00e5ng<\/a>\r\n        \r\n    <\/div>\r\n\r\n    <figure>\r\n    <img decoding=\"async\" width=\"768\" height=\"768\" src=\"https:\/\/talkpal.ai\/wp-content\/uploads\/2023\/06\/galician-768x768.png\" class=\"languageImage no-lazy\" alt=\"Default alt text\" fetchpriority=\"high\" sizes=\"(max-width: 768px) 150px, 768px\" srcset=\"https:\/\/talkpal.ai\/wp-content\/uploads\/2023\/06\/galician-768x768.png 768w, https:\/\/talkpal.ai\/wp-content\/uploads\/2023\/06\/galician-300x300.png 300w\" \/>\r\n    \r\n\r\n    <\/figure>\r\n\r\n            <a class=\"getStartedVisible\" href=\"https:\/\/app.talkpal.ai\/sv\/signup?lng=\">Kom ig\u00e5ng<\/a>\r\n    \r\n<\/section>\r\n        <section class=\"grammarSection\">\r\n            <div class=\"grammarLinks\">\r\n                <a href=\"https:\/\/talkpal.ai\/sv\/language\/adjektiv-galicisk-grammatik\/\">Adjektiv <\/a><a href=\"https:\/\/talkpal.ai\/sv\/language\/adverb-galicisk-grammatik\/\">Adverb <\/a><a href=\"https:\/\/talkpal.ai\/sv\/language\/artiklar-galicisk-grammatik\/\">Artiklar <\/a><a href=\"https:\/\/talkpal.ai\/sv\/language\/jamforelse-av-tempus-galicisk-grammatik\/\">J\u00e4mf\u00f6relse av tempus <\/a><a href=\"https:\/\/talkpal.ai\/sv\/language\/konditionaler-galicisk-grammatik\/\">Konditionaler <\/a><a href=\"https:\/\/talkpal.ai\/sv\/language\/meningar-galicisk-grammatik\/\">Meningar <\/a><a href=\"https:\/\/talkpal.ai\/sv\/language\/perfect-progressive-galicisk-grammatik\/\">Perfect Progressive <\/a><a href=\"https:\/\/talkpal.ai\/sv\/language\/prepositioner-galicisk-grammatik\/\">Prepositioner <\/a><a href=\"https:\/\/talkpal.ai\/sv\/language\/progressiv-galicisk-grammatik\/\">Progressiv <\/a><a href=\"https:\/\/talkpal.ai\/sv\/language\/pronomen-galicisk-grammatik\/\">Pronomen <\/a><a href=\"https:\/\/talkpal.ai\/sv\/language\/substantiv-galicisk-grammatik\/\">Substantiv <\/a><a href=\"https:\/\/talkpal.ai\/sv\/language\/tempus-galicisk-grammatik\/\">Tempus <\/a><a href=\"https:\/\/talkpal.ai\/sv\/language\/verb-galicisk-grammatik\/\">Verb <\/a>            <\/div>\r\n        <\/section>\r\n    <section class=\"promotionalBanner\">\r\n    <p class=\"promotionalText\">Det mest effektiva s\u00e4ttet att l\u00e4ra sig ett spr\u00e5k<\/p>\r\n    <a class=\"promotionalLink\" href=\"https:\/\/app.talkpal.ai\/sv\/signup?lng=\">Prova Talkpal gratis<\/a>\r\n<\/section>\n<div class=\"wp-block-group pageContainerStyle\"><div class=\"wp-block-group__inner-container is-layout-constrained wp-block-group-is-layout-constrained\">\n<h2 class=\"wp-block-heading\" id=\"h-galician-grammar-unlocking-the-beauty-of-a-romance-language\">Galicisk grammatik: Att l\u00e5sa upp sk\u00f6nheten i ett romanskt spr\u00e5k<\/h2>\n\n\n\n<p><a href=\"https:\/\/talkpal.ai\/learn-galician\/\">Galiciska<\/a>, ett romanskt spr\u00e5k som <a href=\"https:\/\/talkpal.ai\/locations\/language-courses-in-talas\/\">talas<\/a> av \u00f6ver tv\u00e5 miljoner m\u00e4nniskor i nordv\u00e4stra Spanien, \u00e4r en unik och f\u00e4ngslande dialekt som delar likheter med <a href=\"https:\/\/talkpal.ai\/learn-portuguese\/\">portugisiska<\/a>. Den har en distinkt fonologi, fascinerande historia och en levande poetisk tradition. F\u00f6r att beh\u00e4rska detta f\u00f6rtrollande spr\u00e5k \u00e4r det viktigt att f\u00f6rst\u00e5 dess grammatik. I <a href=\"https:\/\/talkpal.ai\/culture\/how-do-i-use-den-har-and-det-har\/\">den h\u00e4r<\/a> artikeln g\u00e5r vi igenom de viktigaste aspekterna av den galiciska grammatiken och ger dig tips som hj\u00e4lper dig att lyckas p\u00e5 denna spr\u00e5kliga resa.<\/p>\n\n\n\n<h3 class=\"wp-block-heading\" id=\"h-key-components-of-galician-grammar\">Nyckelkomponenter i galicisk grammatik:<\/h3>\n\n\n\n<p><a href=\"https:\/\/talkpal.ai\/da\/laer-galicisk\/\">Galicisk grammatik<\/a>, liksom andra romanska spr\u00e5k, best\u00e5r av olika regler och strukturer som definierar dess korrekta anv\u00e4ndning. H\u00e4r \u00e4r n\u00e5gra grundl\u00e4ggande aspekter av galicisk grammatik som du b\u00f6r k\u00e4nna till:<\/p>\n\n\n\n<p><strong>1. Substantiv:<\/strong> Galiciska substantiv har tv\u00e5 grammatiska genus (maskulinum och femininum) och b\u00f6js f\u00f6r numerus (singular och plural). Substantivets genus p\u00e5verkar formen p\u00e5 artiklar, adjektiv och pronomen som f\u00f6ljer med det.<\/p>\n\n\n\n<p><strong>2. Artiklar:<\/strong> Galiciskan har best\u00e4mda artiklar (o, os, a, as) och obest\u00e4mda artiklar (un, uns, unha, unhas). Best\u00e4mda artiklar anv\u00e4nds f\u00f6r att h\u00e4nvisa till specifika f\u00f6rem\u00e5l eller personer, medan obest\u00e4mda artiklar anv\u00e4nds f\u00f6r allm\u00e4nna eller ospecifika referenser.<\/p>\n\n\n\n<p>3. Adjektiv och <strong>adverb: Adjektiv<\/strong> p\u00e5 galiciska \u00f6verensst\u00e4mmer vanligtvis i genus och numerus med de substantiv de modifierar. Adverb \u00e4r \u00e5 <a href=\"https:\/\/talkpal.ai\/culture\/what-does-a-andra-sidan-mean\/\">andra sidan<\/a> of\u00f6r\u00e4nderliga och \u00e4ndras inte beroende p\u00e5 substantivets k\u00f6n eller antal.<\/p>\n\n\n\n<p><strong>4. Verb:<\/strong> Galiciska verb b\u00f6js i tre regelbundna m\u00f6nster (ar, er, ir) och olika oregelbundna m\u00f6nster. Verb b\u00f6js enligt tempus (nutid, d\u00e5tid, framtid, etc.), hum\u00f6r (indikativ, konjunktiv, imperativ), aspekt (perfektiv, imperfektiv) och r\u00f6st (aktiv, passiv). Pronomen utel\u00e4mnas ofta i verbb\u00f6jningar, eftersom verbformen vanligtvis anger subjektet.<\/p>\n\n\n\n<p><strong>5. Meningsstruktur:<\/strong> Galiciska anv\u00e4nder vanligtvis ordf\u00f6ljden Subject-Verb-Object (SVO) eller Verb-Subject-Object (VSO), beroende p\u00e5 betoning och sammanhang. Denna ordf\u00f6ljd \u00e4r dock flexibel.<\/p>\n\n\n\n<h3 class=\"wp-block-heading\" id=\"h-tips-for-learning-galician-grammar\">Tips f\u00f6r att l\u00e4ra sig galicisk grammatik:<\/h3>\n\n\n\n<p>F\u00f6r att utm\u00e4rka dig i din galiciska grammatikinl\u00e4rningsresa, \u00f6verv\u00e4g dessa anv\u00e4ndbara strategier:<\/p>\n\n\n\n<p><strong>1. Regelbunden tr\u00e4ning:<\/strong> Konsekvens \u00e4r nyckeln. Avs\u00e4tt specifika tider varje dag eller vecka f\u00f6r att \u00f6va grammatik\u00f6vningar, l\u00e4sa och skriva p\u00e5 galiciska.<\/p>\n\n\n\n<p><strong>2. Anv\u00e4nd inhemska resurser:<\/strong> F\u00f6rdjupa dig i autentiskt galiciskt material som litteratur, nyhetsartiklar och filmer. Detta hj\u00e4lper dig inte bara att se galicisk grammatik i sitt sammanhang utan f\u00f6rb\u00e4ttrar ocks\u00e5 din l\u00e4s- och lyssningsf\u00f6rm\u00e5ga.<\/p>\n\n\n\n<p>3. L\u00e4r dig substantivgenus och artiklar: Bekanta dig med galiciska <strong>substantivgenus och<\/strong> korrekt anv\u00e4ndning av artiklar. Detta \u00e4r avg\u00f6rande f\u00f6r att bilda korrekta och sammanh\u00e4ngande meningar.<\/p>\n\n\n\n<p><strong>4. F\u00e5 kontakt med modersm\u00e5lstalare:<\/strong> Engagera dig med inf\u00f6dda galiciska talare genom spr\u00e5kutbytesprogram, sociala medier eller onlineforum. Detta ger m\u00f6jligheter att \u00f6va grammatik i verkliga samtal och f\u00e5 v\u00e4rdefull feedback.<\/p>\n\n\n\n<p><strong>5. T\u00e5lamod och uth\u00e5llighet: Att<\/strong> l\u00e4ra sig ett nytt spr\u00e5k tar tid, beslutsamhet och t\u00e5lamod. Omfamna utmaningarna och fira dina framsteg p\u00e5 v\u00e4gen.<\/p>\n\n\n\n<h2 class=\"wp-block-heading\" id=\"h-conclusion\">Slutsats:<\/h2>\n\n\n\n<p>Galicisk grammatik, med sina unika egenskaper och koppling till den romanska spr\u00e5kfamiljen, \u00e4r nyckeln till att beh\u00e4rska denna f\u00e4ngslande dialekt. Genom att f\u00f6rst\u00e5 dess viktigaste komponenter och f\u00f6lja v\u00e5ra inl\u00e4rningsstrategier kommer du att vara p\u00e5 god v\u00e4g mot spr\u00e5kliga f\u00e4rdigheter. S\u00e5 ge dig ut p\u00e5 denna sp\u00e4nnande resa och l\u00e5s upp det galiciska spr\u00e5kets underverk!<\/p>\n<\/div><\/div>\n\r\n<section class=\"learnNavigationSection\">\r\n            \r\n        <a href=\"https:\/\/talkpal.ai\/sv\/lar-dig-galiciska\/\">\r\n            <div class=\"learnNavigationWrapper\">\r\n                <div class=\"learnNavigationContent\">\r\n                    <img decoding=\"async\" src=\"https:\/\/talkpal.ai\/wp-content\/uploads\/2024\/08\/Galician.jpg\" alt=\"Galicia Flag\">\r\n                    <div>\r\n                        <h4>Om Galician Learning<\/h4>\r\n                        <p>Ta reda p\u00e5 allt om galicisk grammatik.<\/p>\r\n                    <\/div>\r\n                <\/div>\r\n            <\/div>\r\n        <\/a>\r\n\r\n        \r\n        <a href=\"https:\/\/talkpal.ai\/sv\/galiciska-grammatikovningar\/\">\r\n            <div class=\"learnNavigationWrapper\">\r\n                <div class=\"learnNavigationContent\">\r\n                    <img decoding=\"async\" src=\"https:\/\/talkpal.ai\/wp-content\/uploads\/2024\/08\/Galician.jpg\" alt=\"Galicia Flag\">\r\n                    <div>\r\n                        <h4>Galicisk grammatik \u00f6vning<\/h4>\r\n                        <p>\u00d6va galicisk grammatik.<\/p>\r\n                    <\/div>\r\n                <\/div>\r\n            <\/div>\r\n        <\/a>\r\n\r\n        \r\n        <a href=\"https:\/\/talkpal.ai\/vocabulary_language\/galician\/\">\r\n            <div class=\"learnNavigationWrapper\">\r\n                <div class=\"learnNavigationContent\">\r\n                    <img decoding=\"async\" src=\"https:\/\/talkpal.ai\/wp-content\/uploads\/2024\/08\/Galician.jpg\" alt=\"Galicia Flag\">\r\n                    <div>\r\n                        <h4>Galicisk vokabul\u00e4r<\/h4>\r\n                        <p>Ut\u00f6ka ditt galiciska ordf\u00f6rr\u00e5d.<\/p>\r\n                    <\/div>\r\n                <\/div>\r\n            <\/div>\r\n        <\/a>\r\n\r\n            <\/section>","protected":false},"excerpt":{"rendered":"<p>Galicisk grammatik: Att l\u00e5sa upp sk\u00f6nheten i ett romanskt spr\u00e5k Galiciska, ett romanskt spr\u00e5k som talas av \u00f6ver tv\u00e5 miljoner m\u00e4nniskor i nordv\u00e4stra Spanien, \u00e4r en unik och f\u00e4ngslande dialekt som delar likheter med portugisiska. Den har en distinkt fonologi, fascinerande historia och en levande poetisk tradition. F\u00f6r att beh\u00e4rska detta f\u00f6rtrollande spr\u00e5k \u00e4r det [&hellip;]<\/p>\n","protected":false},"author":1,"featured_media":28325,"parent":0,"menu_order":0,"comment_status":"closed","ping_status":"closed","template":"LearningContentPage.php","meta":{"_acf_changed":false,"footnotes":""},"class_list":["post-143960","page","type-page","status-publish","has-post-thumbnail","hentry"],"acf":[],"yoast_head":"<!-- This site is optimized with the Yoast SEO Premium plugin v27.2 (Yoast SEO v27.2) - https:\/\/yoast.com\/product\/yoast-seo-premium-wordpress\/ -->\n<title>Galicisk grammatik - Talkpal<\/title>\n<meta name=\"description\" content=\"Beh\u00e4rska galicisk grammatik enkelt - l\u00e4r dig regler, bygg korrekta meningar och kommunicera tydligt\" \/>\n<meta name=\"robots\" content=\"index, follow, max-snippet:-1, max-image-preview:large, max-video-preview:-1\" \/>\n<link rel=\"canonical\" href=\"https:\/\/talkpal.ai\/sv\/galicisk-grammatik\/\" \/>\n<meta property=\"og:locale\" content=\"sv_SE\" \/>\n<meta property=\"og:type\" content=\"article\" \/>\n<meta property=\"og:title\" content=\"Galicisk grammatik\" \/>\n<meta property=\"og:description\" content=\"Galicisk grammatik: Att l\u00e5sa upp sk\u00f6nheten i ett romanskt spr\u00e5k Galiciska, ett romanskt spr\u00e5k som talas av \u00f6ver tv\u00e5 miljoner m\u00e4nniskor i nordv\u00e4stra\" \/>\n<meta property=\"og:url\" content=\"https:\/\/talkpal.ai\/sv\/galicisk-grammatik\/\" \/>\n<meta property=\"og:site_name\" content=\"Talkpal\" \/>\n<meta property=\"article:publisher\" content=\"https:\/\/www.facebook.com\/profile.php?id=100090733639311\" \/>\n<meta property=\"article:modified_time\" content=\"2025-12-13T15:29:20+00:00\" \/>\n<meta property=\"og:image\" content=\"https:\/\/talkpal.ai\/wp-content\/uploads\/2023\/05\/Galician-spain.png\" \/>\n\t<meta property=\"og:image:width\" content=\"512\" \/>\n\t<meta property=\"og:image:height\" content=\"512\" \/>\n\t<meta property=\"og:image:type\" content=\"image\/png\" \/>\n<meta name=\"twitter:card\" content=\"summary_large_image\" \/>\n<meta name=\"twitter:site\" content=\"@talkpalai\" \/>\n<meta name=\"twitter:label1\" content=\"Ber\u00e4knad l\u00e4stid\" \/>\n\t<meta name=\"twitter:data1\" content=\"3 minuter\" \/>\n<script type=\"application\/ld+json\" class=\"yoast-schema-graph\">{\"@context\":\"https:\/\/schema.org\",\"@graph\":[{\"@type\":\"WebPage\",\"@id\":\"https:\/\/talkpal.ai\/sv\/galicisk-grammatik\/\",\"url\":\"https:\/\/talkpal.ai\/sv\/galicisk-grammatik\/\",\"name\":\"Galicisk grammatik - Talkpal\",\"isPartOf\":{\"@id\":\"https:\/\/talkpal.ai\/sv\/#website\"},\"primaryImageOfPage\":{\"@id\":\"https:\/\/talkpal.ai\/sv\/galicisk-grammatik\/#primaryimage\"},\"image\":{\"@id\":\"https:\/\/talkpal.ai\/sv\/galicisk-grammatik\/#primaryimage\"},\"thumbnailUrl\":\"https:\/\/talkpal.ai\/wp-content\/uploads\/2023\/05\/Galician-spain.png\",\"datePublished\":\"2023-05-14T14:03:43+00:00\",\"dateModified\":\"2025-12-13T15:29:20+00:00\",\"description\":\"Beh\u00e4rska galicisk grammatik enkelt - l\u00e4r dig regler, bygg korrekta meningar och kommunicera tydligt\",\"breadcrumb\":{\"@id\":\"https:\/\/talkpal.ai\/sv\/galicisk-grammatik\/#breadcrumb\"},\"inLanguage\":\"sv-SE\",\"potentialAction\":[{\"@type\":\"ReadAction\",\"target\":[\"https:\/\/talkpal.ai\/sv\/galicisk-grammatik\/\"]}]},{\"@type\":\"ImageObject\",\"inLanguage\":\"sv-SE\",\"@id\":\"https:\/\/talkpal.ai\/sv\/galicisk-grammatik\/#primaryimage\",\"url\":\"https:\/\/talkpal.ai\/wp-content\/uploads\/2023\/05\/Galician-spain.png\",\"contentUrl\":\"https:\/\/talkpal.ai\/wp-content\/uploads\/2023\/05\/Galician-spain.png\",\"width\":512,\"height\":512},{\"@type\":\"BreadcrumbList\",\"@id\":\"https:\/\/talkpal.ai\/sv\/galicisk-grammatik\/#breadcrumb\",\"itemListElement\":[{\"@type\":\"ListItem\",\"position\":1,\"name\":\"Homepage\",\"item\":\"https:\/\/talkpal.ai\/sv\/\"},{\"@type\":\"ListItem\",\"position\":2,\"name\":\"Galicisk grammatik\"}]},{\"@type\":\"WebSite\",\"@id\":\"https:\/\/talkpal.ai\/sv\/#website\",\"url\":\"https:\/\/talkpal.ai\/sv\/\",\"name\":\"Talkpal\",\"description\":\"AI Language Learning\",\"publisher\":{\"@id\":\"https:\/\/talkpal.ai\/sv\/#organization\"},\"alternateName\":\"Talkpal AI\",\"potentialAction\":[{\"@type\":\"SearchAction\",\"target\":{\"@type\":\"EntryPoint\",\"urlTemplate\":\"https:\/\/talkpal.ai\/sv\/?s={search_term_string}\"},\"query-input\":{\"@type\":\"PropertyValueSpecification\",\"valueRequired\":true,\"valueName\":\"search_term_string\"}}],\"inLanguage\":\"sv-SE\"},{\"@type\":\"Organization\",\"@id\":\"https:\/\/talkpal.ai\/sv\/#organization\",\"name\":\"Talkpal, Inc.\",\"alternateName\":\"Talkpal AI\",\"url\":\"https:\/\/talkpal.ai\/sv\/\",\"logo\":{\"@type\":\"ImageObject\",\"inLanguage\":\"sv-SE\",\"@id\":\"https:\/\/talkpal.ai\/sv\/#\/schema\/logo\/image\/\",\"url\":\"https:\/\/talkpal.ai\/wp-content\/uploads\/2024\/03\/Talkpal-Logo-Icon.png\",\"contentUrl\":\"https:\/\/talkpal.ai\/wp-content\/uploads\/2024\/03\/Talkpal-Logo-Icon.png\",\"width\":2880,\"height\":2880,\"caption\":\"Talkpal, Inc.\"},\"image\":{\"@id\":\"https:\/\/talkpal.ai\/sv\/#\/schema\/logo\/image\/\"},\"sameAs\":[\"https:\/\/www.facebook.com\/profile.php?id=100090733639311\",\"https:\/\/x.com\/talkpalai\",\"https:\/\/www.linkedin.com\/company\/talkpal\/\",\"https:\/\/www.youtube.com\/@TalkPal\/\",\"https:\/\/www.tiktok.com\/@talkpal\",\"https:\/\/www.instagram.com\/talkpal_ai\/\",\"https:\/\/www.crunchbase.com\/organization\/talkpal-9cde\",\"https:\/\/www.g2.com\/products\/talkpal-for-business\/\",\"https:\/\/www.trustpilot.com\/review\/talkpal.ai\",\"https:\/\/www.capterra.com\/p\/10006800\/TalkPal\/\"],\"description\":\"Talkpal is a language learning web and mobile education app, powered by the latest AI technologies, that provides engaging experiences to its customers in many different languages to help them improve their language skills. Users can chat about unlimited amount of topics with the app and use other modes to practice their language learning.\",\"email\":\"support@talkpal.ai\",\"legalName\":\"Talkpal, Inc.\",\"foundingDate\":\"2023-04-03\",\"duns\":\"118989042\",\"numberOfEmployees\":{\"@type\":\"QuantitativeValue\",\"minValue\":\"11\",\"maxValue\":\"50\"},\"publishingPrinciples\":\"https:\/\/talkpal.ai\/publishing-principles\/\",\"actionableFeedbackPolicy\":\"https:\/\/talkpal.ai\/actionable-feedback-policy\/\",\"correctionsPolicy\":\"https:\/\/talkpal.ai\/corrections-policy\/\",\"ethicsPolicy\":\"https:\/\/talkpal.ai\/ethics-policy\/\",\"diversityPolicy\":\"https:\/\/talkpal.ai\/diversity-policy\/\",\"diversityStaffingReport\":\"https:\/\/talkpal.ai\/diversity-policy\/\"}]}<\/script>\n<!-- \/ Yoast SEO Premium plugin. -->","yoast_head_json":{"title":"Galicisk grammatik - Talkpal","description":"Beh\u00e4rska galicisk grammatik enkelt - l\u00e4r dig regler, bygg korrekta meningar och kommunicera tydligt","robots":{"index":"index","follow":"follow","max-snippet":"max-snippet:-1","max-image-preview":"max-image-preview:large","max-video-preview":"max-video-preview:-1"},"canonical":"https:\/\/talkpal.ai\/sv\/galicisk-grammatik\/","og_locale":"sv_SE","og_type":"article","og_title":"Galicisk grammatik","og_description":"Galicisk grammatik: Att l\u00e5sa upp sk\u00f6nheten i ett romanskt spr\u00e5k Galiciska, ett romanskt spr\u00e5k som talas av \u00f6ver tv\u00e5 miljoner m\u00e4nniskor i nordv\u00e4stra","og_url":"https:\/\/talkpal.ai\/sv\/galicisk-grammatik\/","og_site_name":"Talkpal","article_publisher":"https:\/\/www.facebook.com\/profile.php?id=100090733639311","article_modified_time":"2025-12-13T15:29:20+00:00","og_image":[{"width":512,"height":512,"url":"https:\/\/talkpal.ai\/wp-content\/uploads\/2023\/05\/Galician-spain.png","type":"image\/png"}],"twitter_card":"summary_large_image","twitter_site":"@talkpalai","twitter_misc":{"Ber\u00e4knad l\u00e4stid":"3 minuter"},"schema":{"@context":"https:\/\/schema.org","@graph":[{"@type":"WebPage","@id":"https:\/\/talkpal.ai\/sv\/galicisk-grammatik\/","url":"https:\/\/talkpal.ai\/sv\/galicisk-grammatik\/","name":"Galicisk grammatik - Talkpal","isPartOf":{"@id":"https:\/\/talkpal.ai\/sv\/#website"},"primaryImageOfPage":{"@id":"https:\/\/talkpal.ai\/sv\/galicisk-grammatik\/#primaryimage"},"image":{"@id":"https:\/\/talkpal.ai\/sv\/galicisk-grammatik\/#primaryimage"},"thumbnailUrl":"https:\/\/talkpal.ai\/wp-content\/uploads\/2023\/05\/Galician-spain.png","datePublished":"2023-05-14T14:03:43+00:00","dateModified":"2025-12-13T15:29:20+00:00","description":"Beh\u00e4rska galicisk grammatik enkelt - l\u00e4r dig regler, bygg korrekta meningar och kommunicera tydligt","breadcrumb":{"@id":"https:\/\/talkpal.ai\/sv\/galicisk-grammatik\/#breadcrumb"},"inLanguage":"sv-SE","potentialAction":[{"@type":"ReadAction","target":["https:\/\/talkpal.ai\/sv\/galicisk-grammatik\/"]}]},{"@type":"ImageObject","inLanguage":"sv-SE","@id":"https:\/\/talkpal.ai\/sv\/galicisk-grammatik\/#primaryimage","url":"https:\/\/talkpal.ai\/wp-content\/uploads\/2023\/05\/Galician-spain.png","contentUrl":"https:\/\/talkpal.ai\/wp-content\/uploads\/2023\/05\/Galician-spain.png","width":512,"height":512},{"@type":"BreadcrumbList","@id":"https:\/\/talkpal.ai\/sv\/galicisk-grammatik\/#breadcrumb","itemListElement":[{"@type":"ListItem","position":1,"name":"Homepage","item":"https:\/\/talkpal.ai\/sv\/"},{"@type":"ListItem","position":2,"name":"Galicisk grammatik"}]},{"@type":"WebSite","@id":"https:\/\/talkpal.ai\/sv\/#website","url":"https:\/\/talkpal.ai\/sv\/","name":"Talkpal","description":"AI Language Learning","publisher":{"@id":"https:\/\/talkpal.ai\/sv\/#organization"},"alternateName":"Talkpal AI","potentialAction":[{"@type":"SearchAction","target":{"@type":"EntryPoint","urlTemplate":"https:\/\/talkpal.ai\/sv\/?s={search_term_string}"},"query-input":{"@type":"PropertyValueSpecification","valueRequired":true,"valueName":"search_term_string"}}],"inLanguage":"sv-SE"},{"@type":"Organization","@id":"https:\/\/talkpal.ai\/sv\/#organization","name":"Talkpal, Inc.","alternateName":"Talkpal AI","url":"https:\/\/talkpal.ai\/sv\/","logo":{"@type":"ImageObject","inLanguage":"sv-SE","@id":"https:\/\/talkpal.ai\/sv\/#\/schema\/logo\/image\/","url":"https:\/\/talkpal.ai\/wp-content\/uploads\/2024\/03\/Talkpal-Logo-Icon.png","contentUrl":"https:\/\/talkpal.ai\/wp-content\/uploads\/2024\/03\/Talkpal-Logo-Icon.png","width":2880,"height":2880,"caption":"Talkpal, Inc."},"image":{"@id":"https:\/\/talkpal.ai\/sv\/#\/schema\/logo\/image\/"},"sameAs":["https:\/\/www.facebook.com\/profile.php?id=100090733639311","https:\/\/x.com\/talkpalai","https:\/\/www.linkedin.com\/company\/talkpal\/","https:\/\/www.youtube.com\/@TalkPal\/","https:\/\/www.tiktok.com\/@talkpal","https:\/\/www.instagram.com\/talkpal_ai\/","https:\/\/www.crunchbase.com\/organization\/talkpal-9cde","https:\/\/www.g2.com\/products\/talkpal-for-business\/","https:\/\/www.trustpilot.com\/review\/talkpal.ai","https:\/\/www.capterra.com\/p\/10006800\/TalkPal\/"],"description":"Talkpal is a language learning web and mobile education app, powered by the latest AI technologies, that provides engaging experiences to its customers in many different languages to help them improve their language skills. Users can chat about unlimited amount of topics with the app and use other modes to practice their language learning.","email":"support@talkpal.ai","legalName":"Talkpal, Inc.","foundingDate":"2023-04-03","duns":"118989042","numberOfEmployees":{"@type":"QuantitativeValue","minValue":"11","maxValue":"50"},"publishingPrinciples":"https:\/\/talkpal.ai\/publishing-principles\/","actionableFeedbackPolicy":"https:\/\/talkpal.ai\/actionable-feedback-policy\/","correctionsPolicy":"https:\/\/talkpal.ai\/corrections-policy\/","ethicsPolicy":"https:\/\/talkpal.ai\/ethics-policy\/","diversityPolicy":"https:\/\/talkpal.ai\/diversity-policy\/","diversityStaffingReport":"https:\/\/talkpal.ai\/diversity-policy\/"}]}},"_links":{"self":[{"href":"https:\/\/talkpal.ai\/sv\/wp-json\/wp\/v2\/pages\/143960","targetHints":{"allow":["GET"]}}],"collection":[{"href":"https:\/\/talkpal.ai\/sv\/wp-json\/wp\/v2\/pages"}],"about":[{"href":"https:\/\/talkpal.ai\/sv\/wp-json\/wp\/v2\/types\/page"}],"author":[{"embeddable":true,"href":"https:\/\/talkpal.ai\/sv\/wp-json\/wp\/v2\/users\/1"}],"replies":[{"embeddable":true,"href":"https:\/\/talkpal.ai\/sv\/wp-json\/wp\/v2\/comments?post=143960"}],"version-history":[{"count":0,"href":"https:\/\/talkpal.ai\/sv\/wp-json\/wp\/v2\/pages\/143960\/revisions"}],"wp:featuredmedia":[{"embeddable":true,"href":"https:\/\/talkpal.ai\/sv\/wp-json\/wp\/v2\/media\/28325"}],"wp:attachment":[{"href":"https:\/\/talkpal.ai\/sv\/wp-json\/wp\/v2\/media?parent=143960"}],"curies":[{"name":"wp","href":"https:\/\/api.w.org\/{rel}","templated":true}]}}