{"id":143625,"date":"2023-05-14T14:03:23","date_gmt":"2023-05-14T14:03:23","guid":{"rendered":"http:\/\/talkpal.ai\/dansk-grammatik\/"},"modified":"2025-12-13T15:25:27","modified_gmt":"2025-12-13T15:25:27","slug":"dansk-grammatik","status":"publish","type":"page","link":"https:\/\/talkpal.ai\/sv\/dansk-grammatik\/","title":{"rendered":"Dansk grammatik"},"content":{"rendered":"\r\n\r\n\r\n<section class=\"languageChallengeSection\">\r\n    <div class=\"languageInfoWrapper\">\r\n        \r\n        <h1>Dansk grammatik<\/h1>\r\n        <p>L\u00e4r dig grunderna i <a href=\"https:\/\/talkpal.ai\/prove-i-dansk-online\/\">dansk grammatik<\/a> och b\u00f6rja kommunicera med sj\u00e4lvf\u00f6rtroende p\u00e5 detta charmiga skandinaviska spr\u00e5k. Genom att beh\u00e4rska de grundl\u00e4ggande reglerna och strukturerna f\u00e5r du de f\u00e4rdigheter som beh\u00f6vs f\u00f6r att f\u00e5 kontakt med dansktalande och uppleva deras rika kultur p\u00e5 n\u00e4ra h\u00e5ll. B\u00f6rja l\u00e4ra dig dansk grammatik idag och ta ditt f\u00f6rsta steg mot flytande spr\u00e5k!\n\n<\/p>\r\n\r\n                            <a class=\"getStartedHidden\" href=\"https:\/\/app.talkpal.ai\/sv\/signup?lng=\">Kom ig\u00e5ng<\/a>\r\n        \r\n    <\/div>\r\n\r\n    <figure>\r\n    <img decoding=\"async\" width=\"768\" height=\"768\" src=\"https:\/\/talkpal.ai\/wp-content\/uploads\/2023\/06\/danish-768x768.png\" class=\"languageImage no-lazy\" alt=\"Default alt text\" fetchpriority=\"high\" sizes=\"(max-width: 768px) 150px, 768px\" srcset=\"https:\/\/talkpal.ai\/wp-content\/uploads\/2023\/06\/danish-768x768.png 768w, https:\/\/talkpal.ai\/wp-content\/uploads\/2023\/06\/danish-300x300.png 300w\" \/>\r\n    \r\n\r\n    <\/figure>\r\n\r\n            <a class=\"getStartedVisible\" href=\"https:\/\/app.talkpal.ai\/sv\/signup?lng=\">Kom ig\u00e5ng<\/a>\r\n    \r\n<\/section>\r\n        <section class=\"grammarSection\">\r\n            <div class=\"grammarLinks\">\r\n                <a href=\"https:\/\/talkpal.ai\/sv\/language\/adjektiv-dansk-grammatik\/\">Adjektiv <\/a><a href=\"https:\/\/talkpal.ai\/sv\/language\/adverb-dansk-grammatik\/\">Adverb <\/a><a href=\"https:\/\/talkpal.ai\/sv\/language\/artiklar-dansk-grammatik\/\">Artiklar <\/a><a href=\"https:\/\/talkpal.ai\/sv\/language\/konditionaler-dansk-grammatik\/\">Konditionaler <\/a><a href=\"https:\/\/talkpal.ai\/sv\/language\/meningar-dansk-grammatik\/\">Meningar <\/a><a href=\"https:\/\/talkpal.ai\/sv\/language\/perfect-progressive-dansk-grammatik\/\">Perfect Progressive <\/a><a href=\"https:\/\/talkpal.ai\/sv\/language\/prepositioner-dansk-grammatik\/\">Prepositioner <\/a><a href=\"https:\/\/talkpal.ai\/sv\/language\/progressiv-dansk-grammatik\/\">Progressiv <\/a><a href=\"https:\/\/talkpal.ai\/sv\/language\/pronomen-bestamningar-dansk-grammatik\/\">Pronomen\/best\u00e4mningar <\/a><a href=\"https:\/\/talkpal.ai\/sv\/language\/substantiv-dansk-grammatik\/\">Substantiv <\/a><a href=\"https:\/\/talkpal.ai\/sv\/language\/tempus-dansk-grammatik\/\">Tempus <\/a><a href=\"https:\/\/talkpal.ai\/sv\/language\/tempusjamforelse-dansk-grammatik\/\">Tempusj\u00e4mf\u00f6relse <\/a><a href=\"https:\/\/talkpal.ai\/sv\/language\/verb-dansk-grammatik\/\">Verb <\/a>            <\/div>\r\n        <\/section>\r\n    <section class=\"promotionalBanner\">\r\n    <p class=\"promotionalText\">Det mest effektiva s\u00e4ttet att l\u00e4ra sig ett spr\u00e5k<\/p>\r\n    <a class=\"promotionalLink\" href=\"https:\/\/app.talkpal.ai\/sv\/signup?lng=\">Prova Talkpal gratis<\/a>\r\n<\/section>\n<div class=\"wp-block-group pageContainerStyle\"><div class=\"wp-block-group__inner-container is-layout-constrained wp-block-group-is-layout-constrained\">\n<h2 class=\"wp-block-heading\" id=\"h-delving-into-the-depths-of-danish-grammar-unraveling-its-idiosyncrasies-and-charm\">En djupdykning i dansk grammatik: Att reda ut dess egenheter och charm<\/h2>\n\n\n\n<p>Kommer du ih\u00e5g den tid d\u00e5 det verkade vara en uppf\u00f6rsbacke att l\u00e4ra sig <a href=\"https:\/\/talkpal.ai\/da\/grammar\/korte-svar-i-engelsk-grammatik\/\">engelsk grammatik<\/a> med sin uppsj\u00f6 av regler, undantag och invecklad terminologi? Om du nu har siktet inst\u00e4llt p\u00e5 att l\u00e4ra dig det <a href=\"https:\/\/talkpal.ai\/learn-danish\/\">danska<\/a> spr\u00e5ket kan du f\u00f6rbereda dig p\u00e5 \u00e4nnu en sp\u00e4nnande resa genom den danska grammatikens komplexitet och gl\u00e4dje\u00e4mnen.<\/p>\n\n\n\n<p>Danska, ett nordgermanskt spr\u00e5k, har likheter med spr\u00e5k som <a href=\"https:\/\/talkpal.ai\/learn-norwegian\/\">norska<\/a> och <a href=\"https:\/\/talkpal.ai\/learn-swedish\/\">svenska<\/a>. Den har dock sina egna unika egenskaper som g\u00f6r den till en p\u00e4rla v\u00e4rd att utforska p\u00e5 djupet. L\u00e5t <a href=\"https:\/\/talkpal.ai\/locations\/language-courses-in-oss\/\">oss<\/a> b\u00f6rja med att avsl\u00f6ja den danska grammatikens underverk, en regel i taget.<\/p>\n\n\n\n<p><strong>Ett sl\u00e5ende drag i dansk grammatik<\/strong> \u00e4r dess enkelhet n\u00e4r det g\u00e4ller ordf\u00f6ljd. Danska f\u00f6ljer subjekt-verb-objekt-strukturen (SVO), precis som <a href=\"https:\/\/talkpal.ai\/learn-english-with-ai\/\">engelska<\/a>, vilket g\u00f6r det relativt l\u00e4tt f\u00f6r engelsktalande att f\u00f6rst\u00e5. Det finns dock en twist &#8211; anv\u00e4ndningen av V2-ordf\u00f6ljd i huvudsatser, vilket inneb\u00e4r att verbet alltid m\u00e5ste vara det andra elementet. Denna regel ger en touch av unikhet till det danska spr\u00e5ket.<\/p>\n\n\n\n<p>En annan \u00e4lskv\u00e4rd aspekt av dansk grammatik \u00e4r dess <strong>tv\u00e5k\u00f6nssystem<\/strong>. Medan vissa spr\u00e5k som franska eller spanska best\u00e5r av separata genus f\u00f6r maskulinum och femininum, f\u00f6renklar danska detta genom att anv\u00e4nda tv\u00e5 huvudgenus: vanligt och neutrum. I danskan faller de flesta substantiv under kategorin &#8221;vanliga&#8221;, vilket g\u00f6r det relativt enkelt att f\u00f6rst\u00e5 genus\u00f6verensst\u00e4mmelse med adjektiv och artiklar.<\/p>\n\n\n\n<p>F\u00f6rdjupa dig i <strong>verbb\u00f6jningens<\/strong> rike och du kommer att uppt\u00e4cka att danska \u00f6vergl\u00e4nser andra spr\u00e5k n\u00e4r det g\u00e4ller enkelhet. Danska verb \u00e4ndras inte beroende p\u00e5 \u00e4mne, vilket g\u00f6r det enkelt att memorera och f\u00f6rst\u00e5 olika former. Regelbundna verb f\u00f6ljer f\u00f6ruts\u00e4gbara m\u00f6nster, och \u00e4ven oregelbundna verb utg\u00f6r ingen st\u00f6rre utmaning eftersom deras oregelbundenheter \u00e4r mycket subtila.<\/p>\n\n\n\n<p>Dansk grammatik har en unik egenskap med sin <strong>anv\u00e4ndning av obest\u00e4mdheter, artiklar och demonstrativa<\/strong>. Den obest\u00e4mda artikeln motsvarar &#8221;a&#8221; eller &#8221;an&#8221; p\u00e5 engelska, och p\u00e5 danska kan den vara &#8221;en&#8221; f\u00f6r gemensamt genus eller &#8221;et&#8221; f\u00f6r neutrum. Den best\u00e4mda artikeln, som liknar &#8221;the&#8221; i engelskan, f\u00e4ster i slutet av sj\u00e4lva substantivet och sm\u00e4lter samman till ett ord. Demonstrativa, som anger specifika substantiv, \u00e4ndras ocks\u00e5 beroende p\u00e5 substantivets k\u00f6n, vilket ger en niv\u00e5 av specificitet och charm.<\/p>\n\n\n\n<p>Vi f\u00e5r inte gl\u00f6mma bort det vackra <strong>danska uttalet<\/strong>, som kr\u00e4ver att man k\u00e4nner till de distinkta vokalljuden och de mjuka konsonanterna. Anv\u00e4ndningen av st\u00f8d (ett glottalt stopp) skiljer det ytterligare fr\u00e5n andra germanska spr\u00e5k, vilket ger danskan dess unika klang och lockelse.<\/p>\n\n\n\n<p>Genom att f\u00f6rdjupa dig i dansk grammatik l\u00e4r du dig inte bara ett nytt spr\u00e5k utan berikar ocks\u00e5 din kulturella kunskap och f\u00f6rst\u00e5else f\u00f6r Danmark och dess folk. \u00c4ven om dansk grammatik ibland \u00e4r utmanande erbjuder den en unik inl\u00e4rningsupplevelse som \u00f6ppnar d\u00f6rren till otaliga charm och egenheter som g\u00f6r det till ett oemotst\u00e5ndligt spr\u00e5k att utforska. S\u00e5 ta dina spr\u00e5kb\u00f6cker och ge dig ut p\u00e5 ett danskt grammatik\u00e4ventyr som lovar att f\u00e4ngsla och inspirera dig vid varje tur!<\/p>\n<\/div><\/div>\n\r\n<section class=\"learnNavigationSection\">\r\n            \r\n        <a href=\"https:\/\/talkpal.ai\/sv\/lar-dig-danska\/\">\r\n            <div class=\"learnNavigationWrapper\">\r\n                <div class=\"learnNavigationContent\">\r\n                    <img decoding=\"async\" src=\"https:\/\/talkpal.ai\/wp-content\/uploads\/2024\/08\/Danish.jpg\" alt=\"Danish Flag\">\r\n                    <div>\r\n                        <h4>Om Danish Learning<\/h4>\r\n                        <p>Ta reda p\u00e5 allt om dansk grammatik.<\/p>\r\n                    <\/div>\r\n                <\/div>\r\n            <\/div>\r\n        <\/a>\r\n\r\n        \r\n        <a href=\"https:\/\/talkpal.ai\/sv\/danska-grammatikovningar\/\">\r\n            <div class=\"learnNavigationWrapper\">\r\n                <div class=\"learnNavigationContent\">\r\n                    <img decoding=\"async\" src=\"https:\/\/talkpal.ai\/wp-content\/uploads\/2024\/08\/Danish.jpg\" alt=\"Danish Flag\">\r\n                    <div>\r\n                        <h4>Dansk grammatik \u00f6vning<\/h4>\r\n                        <p>\u00d6va dansk grammatik.<\/p>\r\n                    <\/div>\r\n                <\/div>\r\n            <\/div>\r\n        <\/a>\r\n\r\n        \r\n        <a href=\"https:\/\/talkpal.ai\/vocabulary_language\/danish\/\">\r\n            <div class=\"learnNavigationWrapper\">\r\n                <div class=\"learnNavigationContent\">\r\n                    <img decoding=\"async\" src=\"https:\/\/talkpal.ai\/wp-content\/uploads\/2024\/08\/Danish.jpg\" alt=\"Danish Flag\">\r\n                    <div>\r\n                        <h4>Dansk vokabul\u00e4r<\/h4>\r\n                        <p>Ut\u00f6ka ditt danska ordf\u00f6rr\u00e5d.<\/p>\r\n                    <\/div>\r\n                <\/div>\r\n            <\/div>\r\n        <\/a>\r\n\r\n            <\/section>","protected":false},"excerpt":{"rendered":"<p>En djupdykning i dansk grammatik: Att reda ut dess egenheter och charm Kommer du ih\u00e5g den tid d\u00e5 det verkade vara en uppf\u00f6rsbacke att l\u00e4ra sig engelsk grammatik med sin uppsj\u00f6 av regler, undantag och invecklad terminologi? Om du nu har siktet inst\u00e4llt p\u00e5 att l\u00e4ra dig det danska spr\u00e5ket kan du f\u00f6rbereda dig p\u00e5 [&hellip;]<\/p>\n","protected":false},"author":1,"featured_media":28293,"parent":0,"menu_order":0,"comment_status":"closed","ping_status":"closed","template":"LearningContentPage.php","meta":{"_acf_changed":false,"footnotes":""},"class_list":["post-143625","page","type-page","status-publish","has-post-thumbnail","hentry"],"acf":[],"yoast_head":"<!-- This site is optimized with the Yoast SEO Premium plugin v27.2 (Yoast SEO v27.2) - https:\/\/yoast.com\/product\/yoast-seo-premium-wordpress\/ -->\n<title>Dansk grammatik - Talkpal<\/title>\n<meta name=\"description\" content=\"Utforska den danska grammatikens finesser och uppt\u00e4ck dess unika regler och egenskaper. L\u00e4r dig att navigera i spr\u00e5ket utan anstr\u00e4ngning.\" \/>\n<meta name=\"robots\" content=\"index, follow, max-snippet:-1, max-image-preview:large, max-video-preview:-1\" \/>\n<link rel=\"canonical\" href=\"https:\/\/talkpal.ai\/sv\/dansk-grammatik\/\" \/>\n<meta property=\"og:locale\" content=\"sv_SE\" \/>\n<meta property=\"og:type\" content=\"article\" \/>\n<meta property=\"og:title\" content=\"Dansk grammatik\" \/>\n<meta property=\"og:description\" content=\"En djupdykning i dansk grammatik: Att reda ut dess egenheter och charm Kommer du ih\u00e5g den tid d\u00e5 det verkade vara en uppf\u00f6rsbacke att l\u00e4ra sig engelsk\" \/>\n<meta property=\"og:url\" content=\"https:\/\/talkpal.ai\/sv\/dansk-grammatik\/\" \/>\n<meta property=\"og:site_name\" content=\"Talkpal\" \/>\n<meta property=\"article:publisher\" content=\"https:\/\/www.facebook.com\/profile.php?id=100090733639311\" \/>\n<meta property=\"article:modified_time\" content=\"2025-12-13T15:25:27+00:00\" \/>\n<meta property=\"og:image\" content=\"https:\/\/talkpal.ai\/wp-content\/uploads\/2023\/05\/denmark.png\" \/>\n\t<meta property=\"og:image:width\" content=\"512\" \/>\n\t<meta property=\"og:image:height\" content=\"512\" \/>\n\t<meta property=\"og:image:type\" content=\"image\/png\" \/>\n<meta name=\"twitter:card\" content=\"summary_large_image\" \/>\n<meta name=\"twitter:site\" content=\"@talkpalai\" \/>\n<meta name=\"twitter:label1\" content=\"Ber\u00e4knad l\u00e4stid\" \/>\n\t<meta name=\"twitter:data1\" content=\"3 minuter\" \/>\n<script type=\"application\/ld+json\" class=\"yoast-schema-graph\">{\"@context\":\"https:\/\/schema.org\",\"@graph\":[{\"@type\":\"WebPage\",\"@id\":\"https:\/\/talkpal.ai\/sv\/dansk-grammatik\/\",\"url\":\"https:\/\/talkpal.ai\/sv\/dansk-grammatik\/\",\"name\":\"Dansk grammatik - Talkpal\",\"isPartOf\":{\"@id\":\"https:\/\/talkpal.ai\/sv\/#website\"},\"primaryImageOfPage\":{\"@id\":\"https:\/\/talkpal.ai\/sv\/dansk-grammatik\/#primaryimage\"},\"image\":{\"@id\":\"https:\/\/talkpal.ai\/sv\/dansk-grammatik\/#primaryimage\"},\"thumbnailUrl\":\"https:\/\/talkpal.ai\/wp-content\/uploads\/2023\/05\/denmark.png\",\"datePublished\":\"2023-05-14T14:03:23+00:00\",\"dateModified\":\"2025-12-13T15:25:27+00:00\",\"description\":\"Utforska den danska grammatikens finesser och uppt\u00e4ck dess unika regler och egenskaper. L\u00e4r dig att navigera i spr\u00e5ket utan anstr\u00e4ngning.\",\"breadcrumb\":{\"@id\":\"https:\/\/talkpal.ai\/sv\/dansk-grammatik\/#breadcrumb\"},\"inLanguage\":\"sv-SE\",\"potentialAction\":[{\"@type\":\"ReadAction\",\"target\":[\"https:\/\/talkpal.ai\/sv\/dansk-grammatik\/\"]}]},{\"@type\":\"ImageObject\",\"inLanguage\":\"sv-SE\",\"@id\":\"https:\/\/talkpal.ai\/sv\/dansk-grammatik\/#primaryimage\",\"url\":\"https:\/\/talkpal.ai\/wp-content\/uploads\/2023\/05\/denmark.png\",\"contentUrl\":\"https:\/\/talkpal.ai\/wp-content\/uploads\/2023\/05\/denmark.png\",\"width\":512,\"height\":512},{\"@type\":\"BreadcrumbList\",\"@id\":\"https:\/\/talkpal.ai\/sv\/dansk-grammatik\/#breadcrumb\",\"itemListElement\":[{\"@type\":\"ListItem\",\"position\":1,\"name\":\"Homepage\",\"item\":\"https:\/\/talkpal.ai\/sv\/\"},{\"@type\":\"ListItem\",\"position\":2,\"name\":\"Dansk grammatik\"}]},{\"@type\":\"WebSite\",\"@id\":\"https:\/\/talkpal.ai\/sv\/#website\",\"url\":\"https:\/\/talkpal.ai\/sv\/\",\"name\":\"Talkpal\",\"description\":\"AI Language Learning\",\"publisher\":{\"@id\":\"https:\/\/talkpal.ai\/sv\/#organization\"},\"alternateName\":\"Talkpal AI\",\"potentialAction\":[{\"@type\":\"SearchAction\",\"target\":{\"@type\":\"EntryPoint\",\"urlTemplate\":\"https:\/\/talkpal.ai\/sv\/?s={search_term_string}\"},\"query-input\":{\"@type\":\"PropertyValueSpecification\",\"valueRequired\":true,\"valueName\":\"search_term_string\"}}],\"inLanguage\":\"sv-SE\"},{\"@type\":\"Organization\",\"@id\":\"https:\/\/talkpal.ai\/sv\/#organization\",\"name\":\"Talkpal, Inc.\",\"alternateName\":\"Talkpal AI\",\"url\":\"https:\/\/talkpal.ai\/sv\/\",\"logo\":{\"@type\":\"ImageObject\",\"inLanguage\":\"sv-SE\",\"@id\":\"https:\/\/talkpal.ai\/sv\/#\/schema\/logo\/image\/\",\"url\":\"https:\/\/talkpal.ai\/wp-content\/uploads\/2024\/03\/Talkpal-Logo-Icon.png\",\"contentUrl\":\"https:\/\/talkpal.ai\/wp-content\/uploads\/2024\/03\/Talkpal-Logo-Icon.png\",\"width\":2880,\"height\":2880,\"caption\":\"Talkpal, Inc.\"},\"image\":{\"@id\":\"https:\/\/talkpal.ai\/sv\/#\/schema\/logo\/image\/\"},\"sameAs\":[\"https:\/\/www.facebook.com\/profile.php?id=100090733639311\",\"https:\/\/x.com\/talkpalai\",\"https:\/\/www.linkedin.com\/company\/talkpal\/\",\"https:\/\/www.youtube.com\/@TalkPal\/\",\"https:\/\/www.tiktok.com\/@talkpal\",\"https:\/\/www.instagram.com\/talkpal_ai\/\",\"https:\/\/www.crunchbase.com\/organization\/talkpal-9cde\",\"https:\/\/www.g2.com\/products\/talkpal-for-business\/\",\"https:\/\/www.trustpilot.com\/review\/talkpal.ai\",\"https:\/\/www.capterra.com\/p\/10006800\/TalkPal\/\"],\"description\":\"Talkpal is a language learning web and mobile education app, powered by the latest AI technologies, that provides engaging experiences to its customers in many different languages to help them improve their language skills. Users can chat about unlimited amount of topics with the app and use other modes to practice their language learning.\",\"email\":\"support@talkpal.ai\",\"legalName\":\"Talkpal, Inc.\",\"foundingDate\":\"2023-04-03\",\"duns\":\"118989042\",\"numberOfEmployees\":{\"@type\":\"QuantitativeValue\",\"minValue\":\"11\",\"maxValue\":\"50\"},\"publishingPrinciples\":\"https:\/\/talkpal.ai\/publishing-principles\/\",\"actionableFeedbackPolicy\":\"https:\/\/talkpal.ai\/actionable-feedback-policy\/\",\"correctionsPolicy\":\"https:\/\/talkpal.ai\/corrections-policy\/\",\"ethicsPolicy\":\"https:\/\/talkpal.ai\/ethics-policy\/\",\"diversityPolicy\":\"https:\/\/talkpal.ai\/diversity-policy\/\",\"diversityStaffingReport\":\"https:\/\/talkpal.ai\/diversity-policy\/\"}]}<\/script>\n<!-- \/ Yoast SEO Premium plugin. -->","yoast_head_json":{"title":"Dansk grammatik - Talkpal","description":"Utforska den danska grammatikens finesser och uppt\u00e4ck dess unika regler och egenskaper. L\u00e4r dig att navigera i spr\u00e5ket utan anstr\u00e4ngning.","robots":{"index":"index","follow":"follow","max-snippet":"max-snippet:-1","max-image-preview":"max-image-preview:large","max-video-preview":"max-video-preview:-1"},"canonical":"https:\/\/talkpal.ai\/sv\/dansk-grammatik\/","og_locale":"sv_SE","og_type":"article","og_title":"Dansk grammatik","og_description":"En djupdykning i dansk grammatik: Att reda ut dess egenheter och charm Kommer du ih\u00e5g den tid d\u00e5 det verkade vara en uppf\u00f6rsbacke att l\u00e4ra sig engelsk","og_url":"https:\/\/talkpal.ai\/sv\/dansk-grammatik\/","og_site_name":"Talkpal","article_publisher":"https:\/\/www.facebook.com\/profile.php?id=100090733639311","article_modified_time":"2025-12-13T15:25:27+00:00","og_image":[{"width":512,"height":512,"url":"https:\/\/talkpal.ai\/wp-content\/uploads\/2023\/05\/denmark.png","type":"image\/png"}],"twitter_card":"summary_large_image","twitter_site":"@talkpalai","twitter_misc":{"Ber\u00e4knad l\u00e4stid":"3 minuter"},"schema":{"@context":"https:\/\/schema.org","@graph":[{"@type":"WebPage","@id":"https:\/\/talkpal.ai\/sv\/dansk-grammatik\/","url":"https:\/\/talkpal.ai\/sv\/dansk-grammatik\/","name":"Dansk grammatik - Talkpal","isPartOf":{"@id":"https:\/\/talkpal.ai\/sv\/#website"},"primaryImageOfPage":{"@id":"https:\/\/talkpal.ai\/sv\/dansk-grammatik\/#primaryimage"},"image":{"@id":"https:\/\/talkpal.ai\/sv\/dansk-grammatik\/#primaryimage"},"thumbnailUrl":"https:\/\/talkpal.ai\/wp-content\/uploads\/2023\/05\/denmark.png","datePublished":"2023-05-14T14:03:23+00:00","dateModified":"2025-12-13T15:25:27+00:00","description":"Utforska den danska grammatikens finesser och uppt\u00e4ck dess unika regler och egenskaper. L\u00e4r dig att navigera i spr\u00e5ket utan anstr\u00e4ngning.","breadcrumb":{"@id":"https:\/\/talkpal.ai\/sv\/dansk-grammatik\/#breadcrumb"},"inLanguage":"sv-SE","potentialAction":[{"@type":"ReadAction","target":["https:\/\/talkpal.ai\/sv\/dansk-grammatik\/"]}]},{"@type":"ImageObject","inLanguage":"sv-SE","@id":"https:\/\/talkpal.ai\/sv\/dansk-grammatik\/#primaryimage","url":"https:\/\/talkpal.ai\/wp-content\/uploads\/2023\/05\/denmark.png","contentUrl":"https:\/\/talkpal.ai\/wp-content\/uploads\/2023\/05\/denmark.png","width":512,"height":512},{"@type":"BreadcrumbList","@id":"https:\/\/talkpal.ai\/sv\/dansk-grammatik\/#breadcrumb","itemListElement":[{"@type":"ListItem","position":1,"name":"Homepage","item":"https:\/\/talkpal.ai\/sv\/"},{"@type":"ListItem","position":2,"name":"Dansk grammatik"}]},{"@type":"WebSite","@id":"https:\/\/talkpal.ai\/sv\/#website","url":"https:\/\/talkpal.ai\/sv\/","name":"Talkpal","description":"AI Language Learning","publisher":{"@id":"https:\/\/talkpal.ai\/sv\/#organization"},"alternateName":"Talkpal AI","potentialAction":[{"@type":"SearchAction","target":{"@type":"EntryPoint","urlTemplate":"https:\/\/talkpal.ai\/sv\/?s={search_term_string}"},"query-input":{"@type":"PropertyValueSpecification","valueRequired":true,"valueName":"search_term_string"}}],"inLanguage":"sv-SE"},{"@type":"Organization","@id":"https:\/\/talkpal.ai\/sv\/#organization","name":"Talkpal, Inc.","alternateName":"Talkpal AI","url":"https:\/\/talkpal.ai\/sv\/","logo":{"@type":"ImageObject","inLanguage":"sv-SE","@id":"https:\/\/talkpal.ai\/sv\/#\/schema\/logo\/image\/","url":"https:\/\/talkpal.ai\/wp-content\/uploads\/2024\/03\/Talkpal-Logo-Icon.png","contentUrl":"https:\/\/talkpal.ai\/wp-content\/uploads\/2024\/03\/Talkpal-Logo-Icon.png","width":2880,"height":2880,"caption":"Talkpal, Inc."},"image":{"@id":"https:\/\/talkpal.ai\/sv\/#\/schema\/logo\/image\/"},"sameAs":["https:\/\/www.facebook.com\/profile.php?id=100090733639311","https:\/\/x.com\/talkpalai","https:\/\/www.linkedin.com\/company\/talkpal\/","https:\/\/www.youtube.com\/@TalkPal\/","https:\/\/www.tiktok.com\/@talkpal","https:\/\/www.instagram.com\/talkpal_ai\/","https:\/\/www.crunchbase.com\/organization\/talkpal-9cde","https:\/\/www.g2.com\/products\/talkpal-for-business\/","https:\/\/www.trustpilot.com\/review\/talkpal.ai","https:\/\/www.capterra.com\/p\/10006800\/TalkPal\/"],"description":"Talkpal is a language learning web and mobile education app, powered by the latest AI technologies, that provides engaging experiences to its customers in many different languages to help them improve their language skills. Users can chat about unlimited amount of topics with the app and use other modes to practice their language learning.","email":"support@talkpal.ai","legalName":"Talkpal, Inc.","foundingDate":"2023-04-03","duns":"118989042","numberOfEmployees":{"@type":"QuantitativeValue","minValue":"11","maxValue":"50"},"publishingPrinciples":"https:\/\/talkpal.ai\/publishing-principles\/","actionableFeedbackPolicy":"https:\/\/talkpal.ai\/actionable-feedback-policy\/","correctionsPolicy":"https:\/\/talkpal.ai\/corrections-policy\/","ethicsPolicy":"https:\/\/talkpal.ai\/ethics-policy\/","diversityPolicy":"https:\/\/talkpal.ai\/diversity-policy\/","diversityStaffingReport":"https:\/\/talkpal.ai\/diversity-policy\/"}]}},"_links":{"self":[{"href":"https:\/\/talkpal.ai\/sv\/wp-json\/wp\/v2\/pages\/143625","targetHints":{"allow":["GET"]}}],"collection":[{"href":"https:\/\/talkpal.ai\/sv\/wp-json\/wp\/v2\/pages"}],"about":[{"href":"https:\/\/talkpal.ai\/sv\/wp-json\/wp\/v2\/types\/page"}],"author":[{"embeddable":true,"href":"https:\/\/talkpal.ai\/sv\/wp-json\/wp\/v2\/users\/1"}],"replies":[{"embeddable":true,"href":"https:\/\/talkpal.ai\/sv\/wp-json\/wp\/v2\/comments?post=143625"}],"version-history":[{"count":0,"href":"https:\/\/talkpal.ai\/sv\/wp-json\/wp\/v2\/pages\/143625\/revisions"}],"wp:featuredmedia":[{"embeddable":true,"href":"https:\/\/talkpal.ai\/sv\/wp-json\/wp\/v2\/media\/28293"}],"wp:attachment":[{"href":"https:\/\/talkpal.ai\/sv\/wp-json\/wp\/v2\/media?parent=143625"}],"curies":[{"name":"wp","href":"https:\/\/api.w.org\/{rel}","templated":true}]}}