{"id":143285,"date":"2023-05-14T14:03:07","date_gmt":"2023-05-14T14:03:07","guid":{"rendered":"http:\/\/talkpal.ai\/tjeckisk-grammatik\/"},"modified":"2025-12-13T15:21:34","modified_gmt":"2025-12-13T15:21:34","slug":"tjeckisk-grammatik","status":"publish","type":"page","link":"https:\/\/talkpal.ai\/sv\/tjeckisk-grammatik\/","title":{"rendered":"Tjeckisk grammatik"},"content":{"rendered":"\r\n\r\n\r\n<section class=\"languageChallengeSection\">\r\n    <div class=\"languageInfoWrapper\">\r\n        \r\n        <h1>Tjeckisk grammatik<\/h1>\r\n        <p>Utforska den <a href=\"https:\/\/talkpal.ai\/learn-czech\/\">tjeckiska<\/a> grammatikens kr\u00e5ngligheter och \u00f6ppna d\u00f6rren till att f\u00f6rst\u00e5 detta centraleuropeiska spr\u00e5k. Genom att beh\u00e4rska de viktigaste reglerna och m\u00f6nstren kommer du att kommunicera mer effektivt och f\u00e5 en djupare inblick i den tjeckiska kulturen. B\u00f6rja l\u00e4ra dig <a href=\"https:\/\/talkpal.ai\/sv\/grammar\/enkel-present-i-tjeckisk-grammatik\/\">tjeckisk grammatik<\/a> idag och ta ditt f\u00f6rsta steg mot flytande spr\u00e5k!<\/p>\r\n\r\n                            <a class=\"getStartedHidden\" href=\"https:\/\/app.talkpal.ai\/sv\/signup?lng=\">Kom ig\u00e5ng<\/a>\r\n        \r\n    <\/div>\r\n\r\n    <figure>\r\n    <img decoding=\"async\" width=\"768\" height=\"768\" src=\"https:\/\/talkpal.ai\/wp-content\/uploads\/2023\/06\/Czech-768x768.png\" class=\"languageImage no-lazy\" alt=\"Default alt text\" fetchpriority=\"high\" sizes=\"(max-width: 768px) 150px, 768px\" srcset=\"https:\/\/talkpal.ai\/wp-content\/uploads\/2023\/06\/Czech-768x768.png 768w, https:\/\/talkpal.ai\/wp-content\/uploads\/2023\/06\/Czech-300x300.png 300w\" \/>\r\n    \r\n\r\n    <\/figure>\r\n\r\n            <a class=\"getStartedVisible\" href=\"https:\/\/app.talkpal.ai\/sv\/signup?lng=\">Kom ig\u00e5ng<\/a>\r\n    \r\n<\/section>\r\n        <section class=\"grammarSection\">\r\n            <div class=\"grammarLinks\">\r\n                <a href=\"https:\/\/talkpal.ai\/sv\/language\/adjektiv-tjeckisk-grammatik\/\">Adjektiv <\/a><a href=\"https:\/\/talkpal.ai\/sv\/language\/adverb-tjeckisk-grammatik\/\">Adverb <\/a><a href=\"https:\/\/talkpal.ai\/sv\/language\/artiklar-tjeckisk-grammatik\/\">Artiklar <\/a><a href=\"https:\/\/talkpal.ai\/sv\/language\/jamforelse-av-tempus-tjeckisk-grammatik\/\">J\u00e4mf\u00f6relse av tempus <\/a><a href=\"https:\/\/talkpal.ai\/sv\/language\/konditionaler-tjeckisk-grammatik\/\">Konditionaler <\/a><a href=\"https:\/\/talkpal.ai\/sv\/language\/meningar-tjeckisk-grammatik\/\">Meningar <\/a><a href=\"https:\/\/talkpal.ai\/sv\/language\/perfect-progressive-tjeckisk-grammatik\/\">Perfect Progressive <\/a><a href=\"https:\/\/talkpal.ai\/sv\/language\/prepositioner-tjeckisk-grammatik\/\">Prepositioner <\/a><a href=\"https:\/\/talkpal.ai\/sv\/language\/progressiv-tjeckisk-grammatik\/\">Progressiv <\/a><a href=\"https:\/\/talkpal.ai\/sv\/language\/pronomen-bestamningsfaktorer-tjeckisk-grammatik\/\">Pronomen\/best\u00e4mningsfaktorer <\/a><a href=\"https:\/\/talkpal.ai\/sv\/language\/substantiv-tjeckisk-grammatik\/\">Substantiv <\/a><a href=\"https:\/\/talkpal.ai\/sv\/language\/tempus-tjeckisk-grammatik\/\">Tempus <\/a><a href=\"https:\/\/talkpal.ai\/sv\/language\/verb-tjeckisk-grammatik\/\">Verb <\/a>            <\/div>\r\n        <\/section>\r\n    <section class=\"promotionalBanner\">\r\n    <p class=\"promotionalText\">Det mest effektiva s\u00e4ttet att l\u00e4ra sig ett spr\u00e5k<\/p>\r\n    <a class=\"promotionalLink\" href=\"https:\/\/app.talkpal.ai\/sv\/signup?lng=\">Prova Talkpal gratis<\/a>\r\n<\/section>\n<div class=\"wp-block-group pageContainerStyle\"><div class=\"wp-block-group__inner-container is-layout-constrained wp-block-group-is-layout-constrained\">\n<h2 class=\"wp-block-heading\" id=\"h-czech-grammar-making-sense-of-the-czech-language-s-unique-structure\">Tjeckisk grammatik: F\u00f6rst\u00e5else f\u00f6r det tjeckiska spr\u00e5kets unika struktur<\/h2>\n\n\n\n<p>Om du n\u00e5gonsin har f\u00f6rs\u00f6kt l\u00e4ra dig tjeckiska &#8211; eller bara l\u00e4st en tjeckisk artikel eller bok &#8211; har du s\u00e4kert m\u00e4rkt att grammatiken kan vara ganska utmanande. Tjeckisk grammatik anses allm\u00e4nt vara ett av de mest komplexa spr\u00e5ksystemen och har f\u00f6rbryllat m\u00e5nga utl\u00e4ndska <a href=\"https:\/\/talkpal.ai\/talkpal-discount-for-students\/\">studenter<\/a>. Men l\u00e5t dig inte skr\u00e4mmas av det! Den tjeckiska grammatikens s\u00e4rdrag \u00e4r det som g\u00f6r den fascinerande och unik. I <a href=\"https:\/\/talkpal.ai\/culture\/how-do-i-use-den-har-and-det-har\/\">den h\u00e4r<\/a> artikeln avmystifierar vi n\u00e5gra viktiga delar av den tjeckiska grammatiken p\u00e5 ett vardagligt s\u00e4tt och hj\u00e4lper dig att f\u00f6rst\u00e5 detta vackra spr\u00e5k p\u00e5 ett djupare plan.<\/p>\n\n\n\n<h3 class=\"wp-block-heading\" id=\"h-1-nouns-declensions-and-cases-galore\">1. Substantiv \u2013 Deklinationer och kasus i \u00f6verfl\u00f6d!<\/h3>\n\n\n\n<p>En av de f\u00f6rsta sakerna du kommer att l\u00e4gga m\u00e4rke till i den tjeckiska grammatiken \u00e4r substantivens b\u00f6jningar. En <a href=\"https:\/\/talkpal.ai\/zh-hans\/grammar_exercises\/deklination-%e5%be%b7%e5%9b%bd%e8%af%ad%e6%b3%95%e7%bb%83%e4%b9%a0\/\">deklination<\/a> \u00e4r en grupp substantiv med liknande grammatiska egenskaper, och tjeckiskan har upp till 14 distinkta deklinationer. Vad s\u00e4gs om den variationen? Varje deklination har ett specifikt m\u00f6nster f\u00f6r att representera substantivformer i singular och plural.<\/p>\n\n\n\n<p><a href=\"https:\/\/talkpal.ai\/sv\/grammar\/egna-substantiv-i-tjeckisk-grammatik\/\">Tjeckiska substantiv<\/a> har ocks\u00e5 sju olika kasus: nominativ, genitiv, dativ, ackusativ, vokativ, lokativ och instrumental. \u00c4ven om ett s\u00e5dant antal kan verka skr\u00e4mmande \u00e4r det viktigt att l\u00e4ra sig om dessa fall eftersom de \u00e4r avg\u00f6rande f\u00f6r att f\u00f6rmedla mening. P\u00e5 tjeckiska \u00e4r till exempel ordf\u00f6ljden inte lika viktig som p\u00e5 <a href=\"https:\/\/talkpal.ai\/learn-english-with-ai\/\">engelska<\/a> &#8211; det \u00e4r kasus som anger f\u00f6rh\u00e5llandet mellan orden.<\/p>\n\n\n\n<h3 class=\"wp-block-heading\" id=\"h-2-adjectives-agreeing-with-nouns\">2. Adjektiv \u2013 H\u00e5ller med substantiv<\/h3>\n\n\n\n<p>Tjeckiska adjektiv har en speciell uppgift: de m\u00e5ste \u00f6verensst\u00e4mma med de substantiv de modifierar i genus, numerus och kasus. T\u00e4nk p\u00e5 det som en dynamisk duo, grammatiktangon, d\u00e4r den ena halvan graci\u00f6st anpassar sig f\u00f6r att komplettera den andra. Denna \u00f6verenskommelse hj\u00e4lper till att skapa harmoni i meningar och \u00f6kar tydligheten.<\/p>\n\n\n\n<p>Till exempel \u00e4r ordet f\u00f6r &#8221;vacker&#8221; p\u00e5 tjeckiska &#8221;kr\u00e1sn\u00fd&#8221;. Om du beskriver ett vackert hus (d\u016fm), som \u00e4r maskulinum, anv\u00e4nder du &#8221;kr\u00e1sn\u00fd d\u016fm&#8221;. F\u00f6r en vacker flicka (d\u00edvka), som \u00e4r feminin, blir det &#8221;kr\u00e1sn\u00e1 d\u00edvka&#8221;. Och f\u00f6r en vacker dag (den), som \u00e4r neutrum, s\u00e4ger man &#8221;kr\u00e1sn\u00fd den&#8221;. Ser du hur adjektivet dansar tillsammans med substantivet?<\/p>\n\n\n\n<h3 class=\"wp-block-heading\" id=\"h-3-verbs-the-art-of-conjugation\">3. Verb \u2013 Konsten att b\u00f6ja<\/h3>\n\n\n\n<p>P\u00e5 tjeckiska f\u00e5r konsten att b\u00f6ja sig \u2013 det vill s\u00e4ga att \u00e4ndra verbformer baserat p\u00e5 tempus, modus och person \u2013 ett eget liv. Tjeckiska verb kan delas in i tv\u00e5 kategorier: perfektiv och imperfektiv. Perfektiva verb indikerar att en handling har slutf\u00f6rts, medan imperfektiva verb antyder p\u00e5g\u00e5ende eller vanem\u00e4ssiga handlingar.  <\/p>\n\n\n\n<p>Tjeckisk grammatik har n\u00e5gra sp\u00e4nnande egenheter n\u00e4r det g\u00e4ller verb. Till exempel bildas futurum bara regelbundet f\u00f6r imperfektiva verb. F\u00f6r perfektiva verb sm\u00e4lter det samman med presens! I st\u00e4llet f\u00f6r att ha en specifik passiv form inf\u00f6rlivar tjeckiskan passiva konstruktioner med hj\u00e4lp av hj\u00e4lpverb. Vi f\u00e5r inte gl\u00f6mma tjeckiskans reflexiva verb, d\u00e4r handlingar \u00e5terg\u00e5r till \u00e4mnet, vilket ger ytterligare ett lager av nyanser till detta sp\u00e4nnande spr\u00e5k.<\/p>\n\n\n\n<h3 class=\"wp-block-heading\" id=\"h-4-pronouns-the-mirror-of-linguistic-diversity\">4. Pronomen: Den spr\u00e5kliga m\u00e5ngfaldens spegel<\/h3>\n\n\n\n<p>Pronomen i tjeckisk grammatik &#8211; vi talar om personliga, possessiva, demonstrativa, fr\u00e5gande och relativa pronomen &#8211; uppvisar alla samma m\u00e5ngfald som andra delar av talet. De m\u00e5ste ocks\u00e5 i genus, numerus och kasus \u00f6verensst\u00e4mma med de substantiv som de ers\u00e4tter eller h\u00e4nvisar till.<\/p>\n\n\n\n<p>Om du till exempel pratar om en bok som du tycker om s\u00e4ger du &#8221;M\u00e1m r\u00e1d tu knihu&#8221; (Jag tycker om den boken). H\u00e4r \u00e4r &#8221;tu&#8221; den feminina formen av det demonstrativa pronomenet &#8221;that&#8221; och \u00f6verensst\u00e4mmer med &#8221;kniha&#8221; (bok), som ocks\u00e5 \u00e4r feminint.<\/p>\n\n\n\n<h3 class=\"wp-block-heading\" id=\"h-5-embracing-the-challenge\">5. Anta utmaningen<\/h3>\n\n\n\n<p>Tjeckisk grammatik kan vara f\u00f6rvirrande och skr\u00e4mmande, men det \u00e4r ocks\u00e5 det som g\u00f6r att detta fascinerande spr\u00e5k sticker ut. Var inte r\u00e4dd f\u00f6r utmaningen! Kom ih\u00e5g att det inte handlar om att beh\u00e4rska allt p\u00e5 en g\u00e5ng utan att g\u00f6ra framsteg steg f\u00f6r steg. Ta dig tid att f\u00f6rst\u00e5 den tjeckiska grammatikens unika system, s\u00e5 \u00e4r du p\u00e5 god v\u00e4g att beh\u00e4rska detta vackra och komplexa spr\u00e5k. Och n\u00e4r du tar till dig de h\u00e4rliga nyanser som den tjeckiska grammatiken har att erbjuda kommer du utan tvekan att uppt\u00e4cka en nyfunnen uppskattning f\u00f6r dess invecklade detaljer. Lycka till med l\u00e4randet!<\/p>\n<\/div><\/div>\n\r\n<section class=\"learnNavigationSection\">\r\n            \r\n        <a href=\"https:\/\/talkpal.ai\/sv\/lar-dig-tjeckiska\/\">\r\n            <div class=\"learnNavigationWrapper\">\r\n                <div class=\"learnNavigationContent\">\r\n                    <img decoding=\"async\" src=\"https:\/\/talkpal.ai\/wp-content\/uploads\/2024\/08\/Czech.jpg\" alt=\"Czech Flag\">\r\n                    <div>\r\n                        <h4>Om Czech Learning<\/h4>\r\n                        <p>Ta reda p\u00e5 allt om tjeckisk grammatik.<\/p>\r\n                    <\/div>\r\n                <\/div>\r\n            <\/div>\r\n        <\/a>\r\n\r\n        \r\n        <a href=\"https:\/\/talkpal.ai\/sv\/tjeckiska-grammatikovningar\/\">\r\n            <div class=\"learnNavigationWrapper\">\r\n                <div class=\"learnNavigationContent\">\r\n                    <img decoding=\"async\" src=\"https:\/\/talkpal.ai\/wp-content\/uploads\/2024\/08\/Czech.jpg\" alt=\"Czech Flag\">\r\n                    <div>\r\n                        <h4>Tjeckisk grammatik \u00f6vning<\/h4>\r\n                        <p>\u00d6va tjeckisk grammatik.<\/p>\r\n                    <\/div>\r\n                <\/div>\r\n            <\/div>\r\n        <\/a>\r\n\r\n        \r\n        <a href=\"https:\/\/talkpal.ai\/vocabulary_language\/czech\/\">\r\n            <div class=\"learnNavigationWrapper\">\r\n                <div class=\"learnNavigationContent\">\r\n                    <img decoding=\"async\" src=\"https:\/\/talkpal.ai\/wp-content\/uploads\/2024\/08\/Czech.jpg\" alt=\"Czech Flag\">\r\n                    <div>\r\n                        <h4>Tjeckisk vokabul\u00e4r<\/h4>\r\n                        <p>Ut\u00f6ka ditt tjeckiska ordf\u00f6rr\u00e5d.<\/p>\r\n                    <\/div>\r\n                <\/div>\r\n            <\/div>\r\n        <\/a>\r\n\r\n            <\/section>","protected":false},"excerpt":{"rendered":"<p>Tjeckisk grammatik: F\u00f6rst\u00e5else f\u00f6r det tjeckiska spr\u00e5kets unika struktur Om du n\u00e5gonsin har f\u00f6rs\u00f6kt l\u00e4ra dig tjeckiska &#8211; eller bara l\u00e4st en tjeckisk artikel eller bok &#8211; har du s\u00e4kert m\u00e4rkt att grammatiken kan vara ganska utmanande. Tjeckisk grammatik anses allm\u00e4nt vara ett av de mest komplexa spr\u00e5ksystemen och har f\u00f6rbryllat m\u00e5nga utl\u00e4ndska studenter. Men [&hellip;]<\/p>\n","protected":false},"author":1,"featured_media":28277,"parent":0,"menu_order":0,"comment_status":"closed","ping_status":"closed","template":"LearningContentPage.php","meta":{"_acf_changed":false,"footnotes":""},"class_list":["post-143285","page","type-page","status-publish","has-post-thumbnail","hentry"],"acf":[],"yoast_head":"<!-- This site is optimized with the Yoast SEO Premium plugin v27.2 (Yoast SEO v27.2) - https:\/\/yoast.com\/product\/yoast-seo-premium-wordpress\/ -->\n<title>Tjeckisk grammatik - Talkpal<\/title>\n<meta name=\"description\" content=\"Avsl\u00f6ja den tjeckiska grammatikens hemligheter. L\u00e4r dig mer om dess unika komplexitet och hur du beh\u00e4rskar substantivb\u00f6jningar p\u00e5 ett effektivt s\u00e4tt.\" \/>\n<meta name=\"robots\" content=\"index, follow, max-snippet:-1, max-image-preview:large, max-video-preview:-1\" \/>\n<link rel=\"canonical\" href=\"https:\/\/talkpal.ai\/sv\/tjeckisk-grammatik\/\" \/>\n<meta property=\"og:locale\" content=\"sv_SE\" \/>\n<meta property=\"og:type\" content=\"article\" \/>\n<meta property=\"og:title\" content=\"Tjeckisk grammatik\" \/>\n<meta property=\"og:description\" content=\"Tjeckisk grammatik: F\u00f6rst\u00e5else f\u00f6r det tjeckiska spr\u00e5kets unika struktur Om du n\u00e5gonsin har f\u00f6rs\u00f6kt l\u00e4ra dig tjeckiska - eller bara l\u00e4st en tjeckisk\" \/>\n<meta property=\"og:url\" content=\"https:\/\/talkpal.ai\/sv\/tjeckisk-grammatik\/\" \/>\n<meta property=\"og:site_name\" content=\"Talkpal\" \/>\n<meta property=\"article:publisher\" content=\"https:\/\/www.facebook.com\/profile.php?id=100090733639311\" \/>\n<meta property=\"article:modified_time\" content=\"2025-12-13T15:21:34+00:00\" \/>\n<meta property=\"og:image\" content=\"https:\/\/talkpal.ai\/wp-content\/uploads\/2023\/05\/czech-republic.png\" \/>\n\t<meta property=\"og:image:width\" content=\"512\" \/>\n\t<meta property=\"og:image:height\" content=\"512\" \/>\n\t<meta property=\"og:image:type\" content=\"image\/png\" \/>\n<meta name=\"twitter:card\" content=\"summary_large_image\" \/>\n<meta name=\"twitter:site\" content=\"@talkpalai\" \/>\n<meta name=\"twitter:label1\" content=\"Ber\u00e4knad l\u00e4stid\" \/>\n\t<meta name=\"twitter:data1\" content=\"4 minuter\" \/>\n<script type=\"application\/ld+json\" class=\"yoast-schema-graph\">{\"@context\":\"https:\/\/schema.org\",\"@graph\":[{\"@type\":\"WebPage\",\"@id\":\"https:\/\/talkpal.ai\/sv\/tjeckisk-grammatik\/\",\"url\":\"https:\/\/talkpal.ai\/sv\/tjeckisk-grammatik\/\",\"name\":\"Tjeckisk grammatik - Talkpal\",\"isPartOf\":{\"@id\":\"https:\/\/talkpal.ai\/sv\/#website\"},\"primaryImageOfPage\":{\"@id\":\"https:\/\/talkpal.ai\/sv\/tjeckisk-grammatik\/#primaryimage\"},\"image\":{\"@id\":\"https:\/\/talkpal.ai\/sv\/tjeckisk-grammatik\/#primaryimage\"},\"thumbnailUrl\":\"https:\/\/talkpal.ai\/wp-content\/uploads\/2023\/05\/czech-republic.png\",\"datePublished\":\"2023-05-14T14:03:07+00:00\",\"dateModified\":\"2025-12-13T15:21:34+00:00\",\"description\":\"Avsl\u00f6ja den tjeckiska grammatikens hemligheter. L\u00e4r dig mer om dess unika komplexitet och hur du beh\u00e4rskar substantivb\u00f6jningar p\u00e5 ett effektivt s\u00e4tt.\",\"breadcrumb\":{\"@id\":\"https:\/\/talkpal.ai\/sv\/tjeckisk-grammatik\/#breadcrumb\"},\"inLanguage\":\"sv-SE\",\"potentialAction\":[{\"@type\":\"ReadAction\",\"target\":[\"https:\/\/talkpal.ai\/sv\/tjeckisk-grammatik\/\"]}]},{\"@type\":\"ImageObject\",\"inLanguage\":\"sv-SE\",\"@id\":\"https:\/\/talkpal.ai\/sv\/tjeckisk-grammatik\/#primaryimage\",\"url\":\"https:\/\/talkpal.ai\/wp-content\/uploads\/2023\/05\/czech-republic.png\",\"contentUrl\":\"https:\/\/talkpal.ai\/wp-content\/uploads\/2023\/05\/czech-republic.png\",\"width\":512,\"height\":512},{\"@type\":\"BreadcrumbList\",\"@id\":\"https:\/\/talkpal.ai\/sv\/tjeckisk-grammatik\/#breadcrumb\",\"itemListElement\":[{\"@type\":\"ListItem\",\"position\":1,\"name\":\"Homepage\",\"item\":\"https:\/\/talkpal.ai\/sv\/\"},{\"@type\":\"ListItem\",\"position\":2,\"name\":\"Tjeckisk grammatik\"}]},{\"@type\":\"WebSite\",\"@id\":\"https:\/\/talkpal.ai\/sv\/#website\",\"url\":\"https:\/\/talkpal.ai\/sv\/\",\"name\":\"Talkpal\",\"description\":\"AI Language Learning\",\"publisher\":{\"@id\":\"https:\/\/talkpal.ai\/sv\/#organization\"},\"alternateName\":\"Talkpal AI\",\"potentialAction\":[{\"@type\":\"SearchAction\",\"target\":{\"@type\":\"EntryPoint\",\"urlTemplate\":\"https:\/\/talkpal.ai\/sv\/?s={search_term_string}\"},\"query-input\":{\"@type\":\"PropertyValueSpecification\",\"valueRequired\":true,\"valueName\":\"search_term_string\"}}],\"inLanguage\":\"sv-SE\"},{\"@type\":\"Organization\",\"@id\":\"https:\/\/talkpal.ai\/sv\/#organization\",\"name\":\"Talkpal, Inc.\",\"alternateName\":\"Talkpal AI\",\"url\":\"https:\/\/talkpal.ai\/sv\/\",\"logo\":{\"@type\":\"ImageObject\",\"inLanguage\":\"sv-SE\",\"@id\":\"https:\/\/talkpal.ai\/sv\/#\/schema\/logo\/image\/\",\"url\":\"https:\/\/talkpal.ai\/wp-content\/uploads\/2024\/03\/Talkpal-Logo-Icon.png\",\"contentUrl\":\"https:\/\/talkpal.ai\/wp-content\/uploads\/2024\/03\/Talkpal-Logo-Icon.png\",\"width\":2880,\"height\":2880,\"caption\":\"Talkpal, Inc.\"},\"image\":{\"@id\":\"https:\/\/talkpal.ai\/sv\/#\/schema\/logo\/image\/\"},\"sameAs\":[\"https:\/\/www.facebook.com\/profile.php?id=100090733639311\",\"https:\/\/x.com\/talkpalai\",\"https:\/\/www.linkedin.com\/company\/talkpal\/\",\"https:\/\/www.youtube.com\/@TalkPal\/\",\"https:\/\/www.tiktok.com\/@talkpal\",\"https:\/\/www.instagram.com\/talkpal_ai\/\",\"https:\/\/www.crunchbase.com\/organization\/talkpal-9cde\",\"https:\/\/www.g2.com\/products\/talkpal-for-business\/\",\"https:\/\/www.trustpilot.com\/review\/talkpal.ai\",\"https:\/\/www.capterra.com\/p\/10006800\/TalkPal\/\"],\"description\":\"Talkpal is a language learning web and mobile education app, powered by the latest AI technologies, that provides engaging experiences to its customers in many different languages to help them improve their language skills. Users can chat about unlimited amount of topics with the app and use other modes to practice their language learning.\",\"email\":\"support@talkpal.ai\",\"legalName\":\"Talkpal, Inc.\",\"foundingDate\":\"2023-04-03\",\"duns\":\"118989042\",\"numberOfEmployees\":{\"@type\":\"QuantitativeValue\",\"minValue\":\"11\",\"maxValue\":\"50\"},\"publishingPrinciples\":\"https:\/\/talkpal.ai\/publishing-principles\/\",\"actionableFeedbackPolicy\":\"https:\/\/talkpal.ai\/actionable-feedback-policy\/\",\"correctionsPolicy\":\"https:\/\/talkpal.ai\/corrections-policy\/\",\"ethicsPolicy\":\"https:\/\/talkpal.ai\/ethics-policy\/\",\"diversityPolicy\":\"https:\/\/talkpal.ai\/diversity-policy\/\",\"diversityStaffingReport\":\"https:\/\/talkpal.ai\/diversity-policy\/\"}]}<\/script>\n<!-- \/ Yoast SEO Premium plugin. -->","yoast_head_json":{"title":"Tjeckisk grammatik - Talkpal","description":"Avsl\u00f6ja den tjeckiska grammatikens hemligheter. L\u00e4r dig mer om dess unika komplexitet och hur du beh\u00e4rskar substantivb\u00f6jningar p\u00e5 ett effektivt s\u00e4tt.","robots":{"index":"index","follow":"follow","max-snippet":"max-snippet:-1","max-image-preview":"max-image-preview:large","max-video-preview":"max-video-preview:-1"},"canonical":"https:\/\/talkpal.ai\/sv\/tjeckisk-grammatik\/","og_locale":"sv_SE","og_type":"article","og_title":"Tjeckisk grammatik","og_description":"Tjeckisk grammatik: F\u00f6rst\u00e5else f\u00f6r det tjeckiska spr\u00e5kets unika struktur Om du n\u00e5gonsin har f\u00f6rs\u00f6kt l\u00e4ra dig tjeckiska - eller bara l\u00e4st en tjeckisk","og_url":"https:\/\/talkpal.ai\/sv\/tjeckisk-grammatik\/","og_site_name":"Talkpal","article_publisher":"https:\/\/www.facebook.com\/profile.php?id=100090733639311","article_modified_time":"2025-12-13T15:21:34+00:00","og_image":[{"width":512,"height":512,"url":"https:\/\/talkpal.ai\/wp-content\/uploads\/2023\/05\/czech-republic.png","type":"image\/png"}],"twitter_card":"summary_large_image","twitter_site":"@talkpalai","twitter_misc":{"Ber\u00e4knad l\u00e4stid":"4 minuter"},"schema":{"@context":"https:\/\/schema.org","@graph":[{"@type":"WebPage","@id":"https:\/\/talkpal.ai\/sv\/tjeckisk-grammatik\/","url":"https:\/\/talkpal.ai\/sv\/tjeckisk-grammatik\/","name":"Tjeckisk grammatik - Talkpal","isPartOf":{"@id":"https:\/\/talkpal.ai\/sv\/#website"},"primaryImageOfPage":{"@id":"https:\/\/talkpal.ai\/sv\/tjeckisk-grammatik\/#primaryimage"},"image":{"@id":"https:\/\/talkpal.ai\/sv\/tjeckisk-grammatik\/#primaryimage"},"thumbnailUrl":"https:\/\/talkpal.ai\/wp-content\/uploads\/2023\/05\/czech-republic.png","datePublished":"2023-05-14T14:03:07+00:00","dateModified":"2025-12-13T15:21:34+00:00","description":"Avsl\u00f6ja den tjeckiska grammatikens hemligheter. L\u00e4r dig mer om dess unika komplexitet och hur du beh\u00e4rskar substantivb\u00f6jningar p\u00e5 ett effektivt s\u00e4tt.","breadcrumb":{"@id":"https:\/\/talkpal.ai\/sv\/tjeckisk-grammatik\/#breadcrumb"},"inLanguage":"sv-SE","potentialAction":[{"@type":"ReadAction","target":["https:\/\/talkpal.ai\/sv\/tjeckisk-grammatik\/"]}]},{"@type":"ImageObject","inLanguage":"sv-SE","@id":"https:\/\/talkpal.ai\/sv\/tjeckisk-grammatik\/#primaryimage","url":"https:\/\/talkpal.ai\/wp-content\/uploads\/2023\/05\/czech-republic.png","contentUrl":"https:\/\/talkpal.ai\/wp-content\/uploads\/2023\/05\/czech-republic.png","width":512,"height":512},{"@type":"BreadcrumbList","@id":"https:\/\/talkpal.ai\/sv\/tjeckisk-grammatik\/#breadcrumb","itemListElement":[{"@type":"ListItem","position":1,"name":"Homepage","item":"https:\/\/talkpal.ai\/sv\/"},{"@type":"ListItem","position":2,"name":"Tjeckisk grammatik"}]},{"@type":"WebSite","@id":"https:\/\/talkpal.ai\/sv\/#website","url":"https:\/\/talkpal.ai\/sv\/","name":"Talkpal","description":"AI Language Learning","publisher":{"@id":"https:\/\/talkpal.ai\/sv\/#organization"},"alternateName":"Talkpal AI","potentialAction":[{"@type":"SearchAction","target":{"@type":"EntryPoint","urlTemplate":"https:\/\/talkpal.ai\/sv\/?s={search_term_string}"},"query-input":{"@type":"PropertyValueSpecification","valueRequired":true,"valueName":"search_term_string"}}],"inLanguage":"sv-SE"},{"@type":"Organization","@id":"https:\/\/talkpal.ai\/sv\/#organization","name":"Talkpal, Inc.","alternateName":"Talkpal AI","url":"https:\/\/talkpal.ai\/sv\/","logo":{"@type":"ImageObject","inLanguage":"sv-SE","@id":"https:\/\/talkpal.ai\/sv\/#\/schema\/logo\/image\/","url":"https:\/\/talkpal.ai\/wp-content\/uploads\/2024\/03\/Talkpal-Logo-Icon.png","contentUrl":"https:\/\/talkpal.ai\/wp-content\/uploads\/2024\/03\/Talkpal-Logo-Icon.png","width":2880,"height":2880,"caption":"Talkpal, Inc."},"image":{"@id":"https:\/\/talkpal.ai\/sv\/#\/schema\/logo\/image\/"},"sameAs":["https:\/\/www.facebook.com\/profile.php?id=100090733639311","https:\/\/x.com\/talkpalai","https:\/\/www.linkedin.com\/company\/talkpal\/","https:\/\/www.youtube.com\/@TalkPal\/","https:\/\/www.tiktok.com\/@talkpal","https:\/\/www.instagram.com\/talkpal_ai\/","https:\/\/www.crunchbase.com\/organization\/talkpal-9cde","https:\/\/www.g2.com\/products\/talkpal-for-business\/","https:\/\/www.trustpilot.com\/review\/talkpal.ai","https:\/\/www.capterra.com\/p\/10006800\/TalkPal\/"],"description":"Talkpal is a language learning web and mobile education app, powered by the latest AI technologies, that provides engaging experiences to its customers in many different languages to help them improve their language skills. Users can chat about unlimited amount of topics with the app and use other modes to practice their language learning.","email":"support@talkpal.ai","legalName":"Talkpal, Inc.","foundingDate":"2023-04-03","duns":"118989042","numberOfEmployees":{"@type":"QuantitativeValue","minValue":"11","maxValue":"50"},"publishingPrinciples":"https:\/\/talkpal.ai\/publishing-principles\/","actionableFeedbackPolicy":"https:\/\/talkpal.ai\/actionable-feedback-policy\/","correctionsPolicy":"https:\/\/talkpal.ai\/corrections-policy\/","ethicsPolicy":"https:\/\/talkpal.ai\/ethics-policy\/","diversityPolicy":"https:\/\/talkpal.ai\/diversity-policy\/","diversityStaffingReport":"https:\/\/talkpal.ai\/diversity-policy\/"}]}},"_links":{"self":[{"href":"https:\/\/talkpal.ai\/sv\/wp-json\/wp\/v2\/pages\/143285","targetHints":{"allow":["GET"]}}],"collection":[{"href":"https:\/\/talkpal.ai\/sv\/wp-json\/wp\/v2\/pages"}],"about":[{"href":"https:\/\/talkpal.ai\/sv\/wp-json\/wp\/v2\/types\/page"}],"author":[{"embeddable":true,"href":"https:\/\/talkpal.ai\/sv\/wp-json\/wp\/v2\/users\/1"}],"replies":[{"embeddable":true,"href":"https:\/\/talkpal.ai\/sv\/wp-json\/wp\/v2\/comments?post=143285"}],"version-history":[{"count":0,"href":"https:\/\/talkpal.ai\/sv\/wp-json\/wp\/v2\/pages\/143285\/revisions"}],"wp:featuredmedia":[{"embeddable":true,"href":"https:\/\/talkpal.ai\/sv\/wp-json\/wp\/v2\/media\/28277"}],"wp:attachment":[{"href":"https:\/\/talkpal.ai\/sv\/wp-json\/wp\/v2\/media?parent=143285"}],"curies":[{"name":"wp","href":"https:\/\/api.w.org\/{rel}","templated":true}]}}