{"id":143005,"date":"2023-05-14T14:02:30","date_gmt":"2023-05-14T14:02:30","guid":{"rendered":"http:\/\/talkpal.ai\/grekisk-grammatik\/"},"modified":"2025-12-13T15:33:19","modified_gmt":"2025-12-13T15:33:19","slug":"grekisk-grammatik","status":"publish","type":"page","link":"https:\/\/talkpal.ai\/sv\/grekisk-grammatik\/","title":{"rendered":"Grekisk grammatik"},"content":{"rendered":"\r\n\r\n\r\n<section class=\"languageChallengeSection\">\r\n    <div class=\"languageInfoWrapper\">\r\n        \r\n        <h1>Grekisk grammatik<\/h1>\r\n        <p>L\u00e4r dig <a href=\"https:\/\/talkpal.ai\/sv\/grammar\/particip-i-grekisk-grammatik\/\">grekisk grammatik<\/a> och kliv in i v\u00e4rlden av ett av m\u00e4nsklighetens \u00e4ldsta och mest inflytelserika spr\u00e5k. <a href=\"https:\/\/talkpal.ai\/learn-greek\/\">Grekiska<\/a> introducerar dig till sitt unika alfabet, uttrycksfulla verbb\u00f6jningar och ett system med substantivfall som formar betydelsen. N\u00e4r du utforskar staden uppt\u00e4cker du r\u00f6tterna till m\u00e5nga <a href=\"https:\/\/talkpal.ai\/learn-english-with-ai\/\">engelska<\/a> ord och f\u00e5r kontakt med ett rikt kulturarv. Dyk in och njut av den givande utmaningen att l\u00e4ra dig grekisk <a href=\"https:\/\/talkpal.ai\/fr\/les\/\">grammatik<\/a>!<\/p>\r\n\r\n                            <a class=\"getStartedHidden\" href=\"https:\/\/app.talkpal.ai\/sv\/signup?lng=\">Kom ig\u00e5ng<\/a>\r\n        \r\n    <\/div>\r\n\r\n    <figure>\r\n    <img decoding=\"async\" width=\"768\" height=\"768\" src=\"https:\/\/talkpal.ai\/wp-content\/uploads\/2023\/06\/greek-768x768.png\" class=\"languageImage no-lazy\" alt=\"Default alt text\" fetchpriority=\"high\" sizes=\"(max-width: 768px) 150px, 768px\" srcset=\"https:\/\/talkpal.ai\/wp-content\/uploads\/2023\/06\/greek-768x768.png 768w, https:\/\/talkpal.ai\/wp-content\/uploads\/2023\/06\/greek-300x300.png 300w\" \/>\r\n    \r\n\r\n    <\/figure>\r\n\r\n            <a class=\"getStartedVisible\" href=\"https:\/\/app.talkpal.ai\/sv\/signup?lng=\">Kom ig\u00e5ng<\/a>\r\n    \r\n<\/section>\r\n        <section class=\"grammarSection\">\r\n            <div class=\"grammarLinks\">\r\n                <a href=\"https:\/\/talkpal.ai\/sv\/language\/adjektiv-grekisk-grammatik\/\">Adjektiv <\/a><a href=\"https:\/\/talkpal.ai\/sv\/language\/adverb-grekisk-grammatik\/\">Adverb <\/a><a href=\"https:\/\/talkpal.ai\/sv\/language\/artiklar-grekisk-grammatik\/\">Artiklar <\/a><a href=\"https:\/\/talkpal.ai\/sv\/language\/jamforelse-av-tempus-grekisk-grammatik\/\">J\u00e4mf\u00f6relse av tempus <\/a><a href=\"https:\/\/talkpal.ai\/sv\/language\/konditionaler-grekisk-grammatik\/\">Konditionaler <\/a><a href=\"https:\/\/talkpal.ai\/sv\/language\/meningar-grekisk-grammatik\/\">Meningar <\/a><a href=\"https:\/\/talkpal.ai\/sv\/language\/perfect-progressive-grekisk-grammatik\/\">Perfect Progressive <\/a><a href=\"https:\/\/talkpal.ai\/sv\/language\/prepositioner-grekisk-grammatik\/\">Prepositioner <\/a><a href=\"https:\/\/talkpal.ai\/sv\/language\/progressiv-grekisk-grammatik\/\">Progressiv <\/a><a href=\"https:\/\/talkpal.ai\/sv\/language\/pronomen-bestamningsfaktorer-grekisk-grammatik\/\">Pronomen\/best\u00e4mningsfaktorer <\/a><a href=\"https:\/\/talkpal.ai\/sv\/language\/substantiv-grekisk-grammatik\/\">Substantiv <\/a><a href=\"https:\/\/talkpal.ai\/sv\/language\/tempus-grekisk-grammatik\/\">Tempus <\/a><a href=\"https:\/\/talkpal.ai\/sv\/language\/verb-grekisk-grammatik\/\">Verb <\/a>            <\/div>\r\n        <\/section>\r\n    <section class=\"promotionalBanner\">\r\n    <p class=\"promotionalText\">Det mest effektiva s\u00e4ttet att l\u00e4ra sig ett spr\u00e5k<\/p>\r\n    <a class=\"promotionalLink\" href=\"https:\/\/app.talkpal.ai\/sv\/signup?lng=\">Prova Talkpal gratis<\/a>\r\n<\/section>\n<div class=\"wp-block-group pageContainerStyle\"><div class=\"wp-block-group__inner-container is-layout-constrained wp-block-group-is-layout-constrained\">\n<h2 class=\"wp-block-heading\" id=\"h-demystifying-greek-grammar-a-comprehensive-guide\">Avmystifiera grekisk grammatik: En omfattande guide<\/h2>\n\n\n\n<p><a href=\"https:\/\/talkpal.ai\/learn-greek\/\">Grekiska<\/a>, ett elegant och gammalt spr\u00e5k, har en speciell plats i spr\u00e5khistorien och \u00e4r fortfarande inflytelserikt idag. Med en stark grund i grekisk grammatik f\u00e5r du tillg\u00e5ng till en m\u00e4ngd kulturella och historiska resurser samtidigt som du l\u00e5ser upp ytterligare ett lager av mening i det engelska ordf\u00f6rr\u00e5det. I motsats till vad m\u00e5nga tror \u00e4r grekisk grammatik inte s\u00e5 skr\u00e4mmande som den f\u00f6rst kan verka. I <a href=\"https:\/\/talkpal.ai\/culture\/how-do-i-use-den-har-and-det-har\/\">den h\u00e4r<\/a> artikeln hj\u00e4lper vi dig att navigera genom den grekiska grammatikens viktigaste komponenter s\u00e5 att du kan n\u00e4rma dig detta spr\u00e5k med sj\u00e4lvf\u00f6rtroende och entusiasm.<\/p>\n\n\n\n<h3 class=\"wp-block-heading\" id=\"h-1-understanding-greek-nouns-cases-and-articles\">1. F\u00f6rst\u00e5 grekiska substantiv, kasus och artiklar<\/h3>\n\n\n\n<p>Grekiska substantiv klassificeras i tre genus: maskulinum, femininum och neutrum. Varje substantiv tillh\u00f6r en av de tre deklinationerna, som best\u00e4mmer substantivets \u00e4ndelser baserat p\u00e5 dess genus, antal (singular eller plural) och kasus. I det grekiska spr\u00e5ket finns det fem kasus: nominativ, genitiv, dativ, ackusativ och vokativ.<\/p>\n\n\n\n<p>En viktig aspekt av grekisk grammatik kretsar kring artikeln. I likhet med engelskans &#8221;the&#8221; \u00e4r den grekiska best\u00e4mda artikeln avg\u00f6rande f\u00f6r att f\u00f6rst\u00e5 grekiska texter. Den grekiska artikeln m\u00e5ste st\u00e4mma \u00f6verens med substantivet i genus, numerus och kasus. Grekiska har ocks\u00e5 en obest\u00e4md artikel som fungerar som &#8221;a&#8221; eller &#8221;an&#8221; p\u00e5 engelska.<\/p>\n\n\n\n<h3 class=\"wp-block-heading\" id=\"h-2-tackling-greek-verbs-conjugation-and-moods\">2. Att ta itu med grekiska verb: konjugation och modus<\/h3>\n\n\n\n<p>Grekiska verb k\u00e4nnetecknas av tempus, r\u00f6st, modus, person och numerus. Verb i det grekiska spr\u00e5ket b\u00f6js enligt deras tempus, vilket indikerar n\u00e4r en handling intr\u00e4ffar. Det finns sju huvuddelar av ett grekiskt verb, som var och en motsvarar tempus:<\/p>\n\n\n\n<p><strong>&#8211; Nuvarande<\/strong><\/p>\n\n\n\n<p><strong>&#8211; Framtid<\/strong><\/p>\n\n\n\n<p><strong>&#8211; Aorist (enkelt f\u00f6rflutet)<\/strong><\/p>\n\n\n\n<p><strong>&#8211; Perfekt<\/strong><\/p>\n\n\n\n<p><strong>&#8211; Perfekt framtid<\/strong><\/p>\n\n\n\n<p><strong>&#8211; Pluskvamperfekt<\/strong><\/p>\n\n\n\n<p><strong>&#8211; Aorist passiv<\/strong><\/p>\n\n\n\n<p>Dessutom har grekiska verb olika sinnesst\u00e4mningar som uttrycker talarens inst\u00e4llning till handlingen. Dessa st\u00e4mningar \u00e4r imperativ, indikativ och konjunktiv.<\/p>\n\n\n\n<h3 class=\"wp-block-heading\" id=\"h-3-crafting-expressive-sentences-with-greek-adjectives-and-adverbs\">3. Skapa uttrycksfulla meningar med grekiska adjektiv och adverb<\/h3>\n\n\n\n<p>Grekiska adjektiv ger f\u00e4rg och beskrivning till dina meningar. I likhet med substantiv m\u00e5ste adjektiv p\u00e5 grekiska \u00f6verensst\u00e4mma i genus, numerus och kasus med substantivet de beskriver. Dessutom h\u00f6r adjektiv till en av de tre deklinationerna, som best\u00e4mmer deras \u00e4ndelser.<\/p>\n\n\n\n<p>Grekiska adverb modifierar verb, adjektiv eller andra adverb. De uttrycker hur, n\u00e4r, var eller i vilken utstr\u00e4ckning en handling utf\u00f6rs. Till skillnad fr\u00e5n adjektiv beh\u00f6ver adverb inte \u00f6verensst\u00e4mma med substantiv i genus, numerus eller kasus. I m\u00e5nga fall bildas adverb genom att l\u00e4gga till specifika \u00e4ndelser till adjektivr\u00f6tter.<\/p>\n\n\n\n<h3 class=\"wp-block-heading\" id=\"h-4-exploring-greek-pronouns-and-greek-sentence-structure\">4. Utforska grekiska pronomen och grekisk meningsstruktur<\/h3>\n\n\n\n<p>Pronomen spelar en viktig roll i grekisk grammatik, eftersom de ers\u00e4tter substantiv och m\u00e5ste \u00f6verensst\u00e4mma med substantivet de representerar i genus, numerus och kasus. Det finns personliga, reflexiva, demonstrativa, relativa, fr\u00e5gande och obest\u00e4mda pronomen i grekiskan.<\/p>\n\n\n\n<p>Den grekiska meningsstrukturen f\u00f6ljer i f\u00f6rsta hand ordningen subjekt-verb-objekt (SVO). Men p\u00e5 grund av sin mycket b\u00f6jda natur erbjuder grekiskan mer flexibilitet i ordf\u00f6ljden, vilket m\u00f6jligg\u00f6r betoning och poetiskt uttryck. Denna flexibilitet kan verka utmanande till en b\u00f6rjan, men blir l\u00e4ttare att ta till sig n\u00e4r du blir bekant med spr\u00e5kets nyanser.<\/p>\n\n\n\n<h3 class=\"wp-block-heading\" id=\"h-conclusion\">Slutsats<\/h3>\n\n\n\n<p>N\u00e4r du ger dig ut p\u00e5 din resa f\u00f6r att beh\u00e4rska grekisk grammatik, kom ih\u00e5g att \u00f6vning och uth\u00e5llighet \u00e4r avg\u00f6rande f\u00f6r framg\u00e5ng. Ta dig tid att reda ut komplexiteten i grekiska substantiv, verb, adjektiv, adverb och meningsbyggnad. N\u00e4r du f\u00f6rdjupar dig i detta fascinerande spr\u00e5k kommer du att uppt\u00e4cka att den grekiska grammatiken blir mer bekant och mindre skr\u00e4mmande. Lycka till, och \u03ba\u03b1\u03bb\u03ae \u03b5\u03c0\u03b9\u03c4\u03c5\u03c7\u03af\u03b1!<\/p>\n<\/div><\/div>\n\r\n<section class=\"learnNavigationSection\">\r\n            \r\n        <a href=\"https:\/\/talkpal.ai\/sv\/lar-dig-grekiska\/\">\r\n            <div class=\"learnNavigationWrapper\">\r\n                <div class=\"learnNavigationContent\">\r\n                    <img decoding=\"async\" src=\"https:\/\/talkpal.ai\/wp-content\/uploads\/2024\/08\/Greek.jpg\" alt=\"Greek Flag\">\r\n                    <div>\r\n                        <h4>Om Greek Learning<\/h4>\r\n                        <p>Ta reda p\u00e5 allt om grekisk grammatik.<\/p>\r\n                    <\/div>\r\n                <\/div>\r\n            <\/div>\r\n        <\/a>\r\n\r\n        \r\n        <a href=\"https:\/\/talkpal.ai\/sv\/grekiska-grammatikovningar\/\">\r\n            <div class=\"learnNavigationWrapper\">\r\n                <div class=\"learnNavigationContent\">\r\n                    <img decoding=\"async\" src=\"https:\/\/talkpal.ai\/wp-content\/uploads\/2024\/08\/Greek.jpg\" alt=\"Greek Flag\">\r\n                    <div>\r\n                        <h4>Grekisk grammatik \u00f6vning<\/h4>\r\n                        <p>\u00d6va grekisk grammatik.<\/p>\r\n                    <\/div>\r\n                <\/div>\r\n            <\/div>\r\n        <\/a>\r\n\r\n        \r\n        <a href=\"https:\/\/talkpal.ai\/vocabulary_language\/greek\/\">\r\n            <div class=\"learnNavigationWrapper\">\r\n                <div class=\"learnNavigationContent\">\r\n                    <img decoding=\"async\" src=\"https:\/\/talkpal.ai\/wp-content\/uploads\/2024\/08\/Greek.jpg\" alt=\"Greek Flag\">\r\n                    <div>\r\n                        <h4>Grekisk vokabul\u00e4r<\/h4>\r\n                        <p>Ut\u00f6ka ditt grekiska ordf\u00f6rr\u00e5d.<\/p>\r\n                    <\/div>\r\n                <\/div>\r\n            <\/div>\r\n        <\/a>\r\n\r\n            <\/section>","protected":false},"excerpt":{"rendered":"<p>Avmystifiera grekisk grammatik: En omfattande guide Grekiska, ett elegant och gammalt spr\u00e5k, har en speciell plats i spr\u00e5khistorien och \u00e4r fortfarande inflytelserikt idag. Med en stark grund i grekisk grammatik f\u00e5r du tillg\u00e5ng till en m\u00e4ngd kulturella och historiska resurser samtidigt som du l\u00e5ser upp ytterligare ett lager av mening i det engelska ordf\u00f6rr\u00e5det. I [&hellip;]<\/p>\n","protected":false},"author":1,"featured_media":28341,"parent":0,"menu_order":0,"comment_status":"closed","ping_status":"closed","template":"LearningContentPage.php","meta":{"_acf_changed":false,"footnotes":""},"class_list":["post-143005","page","type-page","status-publish","has-post-thumbnail","hentry"],"acf":[],"yoast_head":"<!-- This site is optimized with the Yoast SEO Premium plugin v27.2 (Yoast SEO v27.2) - https:\/\/yoast.com\/product\/yoast-seo-premium-wordpress\/ -->\n<title>Grekisk grammatik - Talkpal<\/title>\n<meta name=\"description\" content=\"Beh\u00e4rska grekisk grammatik med sj\u00e4lvf\u00f6rtroende - l\u00e4r dig viktiga regler, \u00f6va p\u00e5 att bilda meningar och st\u00e4rk dina kunskaper snabbt med Talkpal AI.\" \/>\n<meta name=\"robots\" content=\"index, follow, max-snippet:-1, max-image-preview:large, max-video-preview:-1\" \/>\n<link rel=\"canonical\" href=\"https:\/\/talkpal.ai\/sv\/grekisk-grammatik\/\" \/>\n<meta property=\"og:locale\" content=\"sv_SE\" \/>\n<meta property=\"og:type\" content=\"article\" \/>\n<meta property=\"og:title\" content=\"Grekisk grammatik\" \/>\n<meta property=\"og:description\" content=\"Avmystifiera grekisk grammatik: En omfattande guide Grekiska, ett elegant och gammalt spr\u00e5k, har en speciell plats i spr\u00e5khistorien och \u00e4r fortfarande\" \/>\n<meta property=\"og:url\" content=\"https:\/\/talkpal.ai\/sv\/grekisk-grammatik\/\" \/>\n<meta property=\"og:site_name\" content=\"Talkpal\" \/>\n<meta property=\"article:publisher\" content=\"https:\/\/www.facebook.com\/profile.php?id=100090733639311\" \/>\n<meta property=\"article:modified_time\" content=\"2025-12-13T15:33:19+00:00\" \/>\n<meta property=\"og:image\" content=\"https:\/\/talkpal.ai\/wp-content\/uploads\/2023\/05\/greece.png\" \/>\n\t<meta property=\"og:image:width\" content=\"512\" \/>\n\t<meta property=\"og:image:height\" content=\"512\" \/>\n\t<meta property=\"og:image:type\" content=\"image\/png\" \/>\n<meta name=\"twitter:card\" content=\"summary_large_image\" \/>\n<meta name=\"twitter:site\" content=\"@talkpalai\" \/>\n<meta name=\"twitter:label1\" content=\"Ber\u00e4knad l\u00e4stid\" \/>\n\t<meta name=\"twitter:data1\" content=\"3 minuter\" \/>\n<script type=\"application\/ld+json\" class=\"yoast-schema-graph\">{\"@context\":\"https:\/\/schema.org\",\"@graph\":[{\"@type\":\"WebPage\",\"@id\":\"https:\/\/talkpal.ai\/sv\/grekisk-grammatik\/\",\"url\":\"https:\/\/talkpal.ai\/sv\/grekisk-grammatik\/\",\"name\":\"Grekisk grammatik - Talkpal\",\"isPartOf\":{\"@id\":\"https:\/\/talkpal.ai\/sv\/#website\"},\"primaryImageOfPage\":{\"@id\":\"https:\/\/talkpal.ai\/sv\/grekisk-grammatik\/#primaryimage\"},\"image\":{\"@id\":\"https:\/\/talkpal.ai\/sv\/grekisk-grammatik\/#primaryimage\"},\"thumbnailUrl\":\"https:\/\/talkpal.ai\/wp-content\/uploads\/2023\/05\/greece.png\",\"datePublished\":\"2023-05-14T14:02:30+00:00\",\"dateModified\":\"2025-12-13T15:33:19+00:00\",\"description\":\"Beh\u00e4rska grekisk grammatik med sj\u00e4lvf\u00f6rtroende - l\u00e4r dig viktiga regler, \u00f6va p\u00e5 att bilda meningar och st\u00e4rk dina kunskaper snabbt med Talkpal AI.\",\"breadcrumb\":{\"@id\":\"https:\/\/talkpal.ai\/sv\/grekisk-grammatik\/#breadcrumb\"},\"inLanguage\":\"sv-SE\",\"potentialAction\":[{\"@type\":\"ReadAction\",\"target\":[\"https:\/\/talkpal.ai\/sv\/grekisk-grammatik\/\"]}]},{\"@type\":\"ImageObject\",\"inLanguage\":\"sv-SE\",\"@id\":\"https:\/\/talkpal.ai\/sv\/grekisk-grammatik\/#primaryimage\",\"url\":\"https:\/\/talkpal.ai\/wp-content\/uploads\/2023\/05\/greece.png\",\"contentUrl\":\"https:\/\/talkpal.ai\/wp-content\/uploads\/2023\/05\/greece.png\",\"width\":512,\"height\":512},{\"@type\":\"BreadcrumbList\",\"@id\":\"https:\/\/talkpal.ai\/sv\/grekisk-grammatik\/#breadcrumb\",\"itemListElement\":[{\"@type\":\"ListItem\",\"position\":1,\"name\":\"Homepage\",\"item\":\"https:\/\/talkpal.ai\/sv\/\"},{\"@type\":\"ListItem\",\"position\":2,\"name\":\"Grekisk grammatik\"}]},{\"@type\":\"WebSite\",\"@id\":\"https:\/\/talkpal.ai\/sv\/#website\",\"url\":\"https:\/\/talkpal.ai\/sv\/\",\"name\":\"Talkpal\",\"description\":\"AI Language Learning\",\"publisher\":{\"@id\":\"https:\/\/talkpal.ai\/sv\/#organization\"},\"alternateName\":\"Talkpal AI\",\"potentialAction\":[{\"@type\":\"SearchAction\",\"target\":{\"@type\":\"EntryPoint\",\"urlTemplate\":\"https:\/\/talkpal.ai\/sv\/?s={search_term_string}\"},\"query-input\":{\"@type\":\"PropertyValueSpecification\",\"valueRequired\":true,\"valueName\":\"search_term_string\"}}],\"inLanguage\":\"sv-SE\"},{\"@type\":\"Organization\",\"@id\":\"https:\/\/talkpal.ai\/sv\/#organization\",\"name\":\"Talkpal, Inc.\",\"alternateName\":\"Talkpal AI\",\"url\":\"https:\/\/talkpal.ai\/sv\/\",\"logo\":{\"@type\":\"ImageObject\",\"inLanguage\":\"sv-SE\",\"@id\":\"https:\/\/talkpal.ai\/sv\/#\/schema\/logo\/image\/\",\"url\":\"https:\/\/talkpal.ai\/wp-content\/uploads\/2024\/03\/Talkpal-Logo-Icon.png\",\"contentUrl\":\"https:\/\/talkpal.ai\/wp-content\/uploads\/2024\/03\/Talkpal-Logo-Icon.png\",\"width\":2880,\"height\":2880,\"caption\":\"Talkpal, Inc.\"},\"image\":{\"@id\":\"https:\/\/talkpal.ai\/sv\/#\/schema\/logo\/image\/\"},\"sameAs\":[\"https:\/\/www.facebook.com\/profile.php?id=100090733639311\",\"https:\/\/x.com\/talkpalai\",\"https:\/\/www.linkedin.com\/company\/talkpal\/\",\"https:\/\/www.youtube.com\/@TalkPal\/\",\"https:\/\/www.tiktok.com\/@talkpal\",\"https:\/\/www.instagram.com\/talkpal_ai\/\",\"https:\/\/www.crunchbase.com\/organization\/talkpal-9cde\",\"https:\/\/www.g2.com\/products\/talkpal-for-business\/\",\"https:\/\/www.trustpilot.com\/review\/talkpal.ai\",\"https:\/\/www.capterra.com\/p\/10006800\/TalkPal\/\"],\"description\":\"Talkpal is a language learning web and mobile education app, powered by the latest AI technologies, that provides engaging experiences to its customers in many different languages to help them improve their language skills. Users can chat about unlimited amount of topics with the app and use other modes to practice their language learning.\",\"email\":\"support@talkpal.ai\",\"legalName\":\"Talkpal, Inc.\",\"foundingDate\":\"2023-04-03\",\"duns\":\"118989042\",\"numberOfEmployees\":{\"@type\":\"QuantitativeValue\",\"minValue\":\"11\",\"maxValue\":\"50\"},\"publishingPrinciples\":\"https:\/\/talkpal.ai\/publishing-principles\/\",\"actionableFeedbackPolicy\":\"https:\/\/talkpal.ai\/actionable-feedback-policy\/\",\"correctionsPolicy\":\"https:\/\/talkpal.ai\/corrections-policy\/\",\"ethicsPolicy\":\"https:\/\/talkpal.ai\/ethics-policy\/\",\"diversityPolicy\":\"https:\/\/talkpal.ai\/diversity-policy\/\",\"diversityStaffingReport\":\"https:\/\/talkpal.ai\/diversity-policy\/\"}]}<\/script>\n<!-- \/ Yoast SEO Premium plugin. -->","yoast_head_json":{"title":"Grekisk grammatik - Talkpal","description":"Beh\u00e4rska grekisk grammatik med sj\u00e4lvf\u00f6rtroende - l\u00e4r dig viktiga regler, \u00f6va p\u00e5 att bilda meningar och st\u00e4rk dina kunskaper snabbt med Talkpal AI.","robots":{"index":"index","follow":"follow","max-snippet":"max-snippet:-1","max-image-preview":"max-image-preview:large","max-video-preview":"max-video-preview:-1"},"canonical":"https:\/\/talkpal.ai\/sv\/grekisk-grammatik\/","og_locale":"sv_SE","og_type":"article","og_title":"Grekisk grammatik","og_description":"Avmystifiera grekisk grammatik: En omfattande guide Grekiska, ett elegant och gammalt spr\u00e5k, har en speciell plats i spr\u00e5khistorien och \u00e4r fortfarande","og_url":"https:\/\/talkpal.ai\/sv\/grekisk-grammatik\/","og_site_name":"Talkpal","article_publisher":"https:\/\/www.facebook.com\/profile.php?id=100090733639311","article_modified_time":"2025-12-13T15:33:19+00:00","og_image":[{"width":512,"height":512,"url":"https:\/\/talkpal.ai\/wp-content\/uploads\/2023\/05\/greece.png","type":"image\/png"}],"twitter_card":"summary_large_image","twitter_site":"@talkpalai","twitter_misc":{"Ber\u00e4knad l\u00e4stid":"3 minuter"},"schema":{"@context":"https:\/\/schema.org","@graph":[{"@type":"WebPage","@id":"https:\/\/talkpal.ai\/sv\/grekisk-grammatik\/","url":"https:\/\/talkpal.ai\/sv\/grekisk-grammatik\/","name":"Grekisk grammatik - Talkpal","isPartOf":{"@id":"https:\/\/talkpal.ai\/sv\/#website"},"primaryImageOfPage":{"@id":"https:\/\/talkpal.ai\/sv\/grekisk-grammatik\/#primaryimage"},"image":{"@id":"https:\/\/talkpal.ai\/sv\/grekisk-grammatik\/#primaryimage"},"thumbnailUrl":"https:\/\/talkpal.ai\/wp-content\/uploads\/2023\/05\/greece.png","datePublished":"2023-05-14T14:02:30+00:00","dateModified":"2025-12-13T15:33:19+00:00","description":"Beh\u00e4rska grekisk grammatik med sj\u00e4lvf\u00f6rtroende - l\u00e4r dig viktiga regler, \u00f6va p\u00e5 att bilda meningar och st\u00e4rk dina kunskaper snabbt med Talkpal AI.","breadcrumb":{"@id":"https:\/\/talkpal.ai\/sv\/grekisk-grammatik\/#breadcrumb"},"inLanguage":"sv-SE","potentialAction":[{"@type":"ReadAction","target":["https:\/\/talkpal.ai\/sv\/grekisk-grammatik\/"]}]},{"@type":"ImageObject","inLanguage":"sv-SE","@id":"https:\/\/talkpal.ai\/sv\/grekisk-grammatik\/#primaryimage","url":"https:\/\/talkpal.ai\/wp-content\/uploads\/2023\/05\/greece.png","contentUrl":"https:\/\/talkpal.ai\/wp-content\/uploads\/2023\/05\/greece.png","width":512,"height":512},{"@type":"BreadcrumbList","@id":"https:\/\/talkpal.ai\/sv\/grekisk-grammatik\/#breadcrumb","itemListElement":[{"@type":"ListItem","position":1,"name":"Homepage","item":"https:\/\/talkpal.ai\/sv\/"},{"@type":"ListItem","position":2,"name":"Grekisk grammatik"}]},{"@type":"WebSite","@id":"https:\/\/talkpal.ai\/sv\/#website","url":"https:\/\/talkpal.ai\/sv\/","name":"Talkpal","description":"AI Language Learning","publisher":{"@id":"https:\/\/talkpal.ai\/sv\/#organization"},"alternateName":"Talkpal AI","potentialAction":[{"@type":"SearchAction","target":{"@type":"EntryPoint","urlTemplate":"https:\/\/talkpal.ai\/sv\/?s={search_term_string}"},"query-input":{"@type":"PropertyValueSpecification","valueRequired":true,"valueName":"search_term_string"}}],"inLanguage":"sv-SE"},{"@type":"Organization","@id":"https:\/\/talkpal.ai\/sv\/#organization","name":"Talkpal, Inc.","alternateName":"Talkpal AI","url":"https:\/\/talkpal.ai\/sv\/","logo":{"@type":"ImageObject","inLanguage":"sv-SE","@id":"https:\/\/talkpal.ai\/sv\/#\/schema\/logo\/image\/","url":"https:\/\/talkpal.ai\/wp-content\/uploads\/2024\/03\/Talkpal-Logo-Icon.png","contentUrl":"https:\/\/talkpal.ai\/wp-content\/uploads\/2024\/03\/Talkpal-Logo-Icon.png","width":2880,"height":2880,"caption":"Talkpal, Inc."},"image":{"@id":"https:\/\/talkpal.ai\/sv\/#\/schema\/logo\/image\/"},"sameAs":["https:\/\/www.facebook.com\/profile.php?id=100090733639311","https:\/\/x.com\/talkpalai","https:\/\/www.linkedin.com\/company\/talkpal\/","https:\/\/www.youtube.com\/@TalkPal\/","https:\/\/www.tiktok.com\/@talkpal","https:\/\/www.instagram.com\/talkpal_ai\/","https:\/\/www.crunchbase.com\/organization\/talkpal-9cde","https:\/\/www.g2.com\/products\/talkpal-for-business\/","https:\/\/www.trustpilot.com\/review\/talkpal.ai","https:\/\/www.capterra.com\/p\/10006800\/TalkPal\/"],"description":"Talkpal is a language learning web and mobile education app, powered by the latest AI technologies, that provides engaging experiences to its customers in many different languages to help them improve their language skills. Users can chat about unlimited amount of topics with the app and use other modes to practice their language learning.","email":"support@talkpal.ai","legalName":"Talkpal, Inc.","foundingDate":"2023-04-03","duns":"118989042","numberOfEmployees":{"@type":"QuantitativeValue","minValue":"11","maxValue":"50"},"publishingPrinciples":"https:\/\/talkpal.ai\/publishing-principles\/","actionableFeedbackPolicy":"https:\/\/talkpal.ai\/actionable-feedback-policy\/","correctionsPolicy":"https:\/\/talkpal.ai\/corrections-policy\/","ethicsPolicy":"https:\/\/talkpal.ai\/ethics-policy\/","diversityPolicy":"https:\/\/talkpal.ai\/diversity-policy\/","diversityStaffingReport":"https:\/\/talkpal.ai\/diversity-policy\/"}]}},"_links":{"self":[{"href":"https:\/\/talkpal.ai\/sv\/wp-json\/wp\/v2\/pages\/143005","targetHints":{"allow":["GET"]}}],"collection":[{"href":"https:\/\/talkpal.ai\/sv\/wp-json\/wp\/v2\/pages"}],"about":[{"href":"https:\/\/talkpal.ai\/sv\/wp-json\/wp\/v2\/types\/page"}],"author":[{"embeddable":true,"href":"https:\/\/talkpal.ai\/sv\/wp-json\/wp\/v2\/users\/1"}],"replies":[{"embeddable":true,"href":"https:\/\/talkpal.ai\/sv\/wp-json\/wp\/v2\/comments?post=143005"}],"version-history":[{"count":0,"href":"https:\/\/talkpal.ai\/sv\/wp-json\/wp\/v2\/pages\/143005\/revisions"}],"wp:featuredmedia":[{"embeddable":true,"href":"https:\/\/talkpal.ai\/sv\/wp-json\/wp\/v2\/media\/28341"}],"wp:attachment":[{"href":"https:\/\/talkpal.ai\/sv\/wp-json\/wp\/v2\/media?parent=143005"}],"curies":[{"name":"wp","href":"https:\/\/api.w.org\/{rel}","templated":true}]}}