{"id":142656,"date":"2023-05-14T14:01:53","date_gmt":"2023-05-14T14:01:53","guid":{"rendered":"http:\/\/talkpal.ai\/estnisk-grammatik\/"},"modified":"2025-12-13T15:19:25","modified_gmt":"2025-12-13T15:19:25","slug":"estnisk-grammatik","status":"publish","type":"page","link":"https:\/\/talkpal.ai\/sv\/estnisk-grammatik\/","title":{"rendered":"Estnisk grammatik"},"content":{"rendered":"\r\n\r\n\r\n<section class=\"languageChallengeSection\">\r\n    <div class=\"languageInfoWrapper\">\r\n        \r\n        <h1>Estnisk grammatik<\/h1>\r\n        <p>Funderar du p\u00e5 att l\u00e4ra dig <a href=\"https:\/\/talkpal.ai\/learn-estonian\/\">estniska<\/a>? Stig in i den estniska grammatikens v\u00e4rld, d\u00e4r agglutination, vokalharmoni och ett brett spektrum av substantiv skapar en verkligt distinkt spr\u00e5kupplevelse. B\u00f6rja utforska redan idag &#8211; att beh\u00e4rska <a href=\"https:\/\/talkpal.ai\/estonian-grammar\/\">estnisk grammatik<\/a> kommer inte bara att \u00f6ka din f\u00f6rm\u00e5ga att tala flytande utan ocks\u00e5 ge dig en inblick i Estlands rika kultur och historia!<\/p>\r\n\r\n                            <a class=\"getStartedHidden\" href=\"https:\/\/app.talkpal.ai\/sv\/signup?lng=\">Kom ig\u00e5ng<\/a>\r\n        \r\n    <\/div>\r\n\r\n    <figure>\r\n    <img decoding=\"async\" width=\"768\" height=\"768\" src=\"https:\/\/talkpal.ai\/wp-content\/uploads\/2023\/06\/Estonian-768x768.png\" class=\"languageImage no-lazy\" alt=\"Default alt text\" fetchpriority=\"high\" sizes=\"(max-width: 768px) 150px, 768px\" srcset=\"https:\/\/talkpal.ai\/wp-content\/uploads\/2023\/06\/Estonian-768x768.png 768w, https:\/\/talkpal.ai\/wp-content\/uploads\/2023\/06\/Estonian-300x300.png 300w\" \/>\r\n    \r\n\r\n    <\/figure>\r\n\r\n            <a class=\"getStartedVisible\" href=\"https:\/\/app.talkpal.ai\/sv\/signup?lng=\">Kom ig\u00e5ng<\/a>\r\n    \r\n<\/section>\r\n        <section class=\"grammarSection\">\r\n            <div class=\"grammarLinks\">\r\n                <a href=\"https:\/\/talkpal.ai\/sv\/language\/adjektiv-estnisk-grammatik\/\">Adjektiv <\/a><a href=\"https:\/\/talkpal.ai\/sv\/language\/adverb-estnisk-grammatik\/\">Adverb <\/a><a href=\"https:\/\/talkpal.ai\/sv\/language\/artiklar-estnisk-grammatik\/\">Artiklar <\/a><a href=\"https:\/\/talkpal.ai\/sv\/language\/jamforelse-av-tempus-estnisk-grammatik\/\">J\u00e4mf\u00f6relse av tempus <\/a><a href=\"https:\/\/talkpal.ai\/sv\/language\/konditionaler-estnisk-grammatik\/\">Konditionaler <\/a><a href=\"https:\/\/talkpal.ai\/sv\/language\/meningar-estnisk-grammatik\/\">Meningar <\/a><a href=\"https:\/\/talkpal.ai\/sv\/language\/perfect-progressive-estnisk-grammatik\/\">Perfect Progressive <\/a><a href=\"https:\/\/talkpal.ai\/sv\/language\/prepositioner-estnisk-grammatik\/\">Prepositioner <\/a><a href=\"https:\/\/talkpal.ai\/sv\/language\/progressiv-estnisk-grammatik\/\">Progressiv <\/a><a href=\"https:\/\/talkpal.ai\/sv\/language\/pronomen-bestamningsfaktorer-estnisk-grammatik\/\">Pronomen\/best\u00e4mningsfaktorer <\/a><a href=\"https:\/\/talkpal.ai\/sv\/language\/substantiv-estnisk-grammatik\/\">Substantiv <\/a><a href=\"https:\/\/talkpal.ai\/sv\/language\/tempus-estnisk-grammatik\/\">Tempus <\/a><a href=\"https:\/\/talkpal.ai\/sv\/language\/verb-estnisk-grammatik\/\">Verb <\/a>            <\/div>\r\n        <\/section>\r\n    <section class=\"promotionalBanner\">\r\n    <p class=\"promotionalText\">Det mest effektiva s\u00e4ttet att l\u00e4ra sig ett spr\u00e5k<\/p>\r\n    <a class=\"promotionalLink\" href=\"https:\/\/app.talkpal.ai\/sv\/signup?lng=\">Prova Talkpal gratis<\/a>\r\n<\/section>\n<div class=\"wp-block-group pageContainerStyle\"><div class=\"wp-block-group__inner-container is-layout-constrained wp-block-group-is-layout-constrained\">\n<h2 class=\"wp-block-heading\" id=\"h-estonian-grammar-the-gateway-to-a-unique-language-journey\">Estnisk grammatik: Porten till en unik spr\u00e5kresa<\/h2>\n\n\n\n<p>V\u00e4lkommen till estniskans fascinerande v\u00e4rld! Med \u00f6ver en miljon modersm\u00e5lstalare erbjuder estniska dig en unik m\u00f6jlighet att vidga dina spr\u00e5kliga vyer och uppt\u00e4cka en levande kultur. \u00c4ven om den estniska grammatikens kr\u00e5ngligheter kan verka skr\u00e4mmande vid f\u00f6rsta anblicken, \u00e4r denna v\u00e4nliga nyb\u00f6rjarguide h\u00e4r f\u00f6r att bryta ner grunderna i den estniska grammatiken p\u00e5 ett enkelt och engagerande s\u00e4tt.<\/p>\n\n\n\n<h3 class=\"wp-block-heading\" id=\"h-1-embracing-the-estonian-alphabet\">1. Omfamna det estniska alfabetet<\/h3>\n\n\n\n<p>Resan mot att beh\u00e4rska estniska b\u00f6rjar med alfabetet. Estniskan anv\u00e4nder det latinska alfabetet, kompletterat med nio specialtecken: \u00c4, \u00d6, \u00dc, \u00d5, \u0160, \u017d och deras gemena motsvarigheter. Att bekanta dig med dessa karakt\u00e4rer kommer att skapa en stark grund f\u00f6r din estniska inl\u00e4rningsupplevelse.<\/p>\n\n\n\n<h3 class=\"wp-block-heading\" id=\"h-2-getting-a-grip-on-estonian-nouns\">2. F\u00e5 grepp om estniska substantiv<\/h3>\n\n\n\n<p>Till skillnad fr\u00e5n m\u00e5nga europeiska spr\u00e5k skiljer estniskan inte mellan maskulina och feminina genus. Substantiv klassificeras ist\u00e4llet som antingen singular eller plural, och varje substantiv har 14 kasus. \u00c4ven om detta kan verka \u00f6verv\u00e4ldigande \u00e4r det viktigt att f\u00f6rst\u00e5 att den morfologiska strukturen hos substantiv \u00e4r ganska regelbunden, vilket g\u00f6r det l\u00e4ttare att l\u00e4ra sig. Till att b\u00f6rja med b\u00f6r du fokusera p\u00e5 att beh\u00e4rska de vanligaste kasusen: nominativ, genitiv och partitiv.<\/p>\n\n\n\n<h3 class=\"wp-block-heading\" id=\"h-3-conquering-estonian-verb-conjugation\">3. Er\u00f6vra estnisk verbb\u00f6jning<\/h3>\n\n\n\n<p>Estniska verb b\u00f6js baserat p\u00e5 tempus, person och numerus. <a href=\"https:\/\/talkpal.ai\/culture\/how-do-i-use-det-finns-correctly\/\">Det finns<\/a> bara tre tempus: nutid, d\u00e5tid (kodas av participet i d\u00e5tid) och futurum (uttrycks av verbets presensform, kombinerat med ett futurum hj\u00e4lpverb).<\/p>\n\n\n\n<p>H\u00e4r \u00e4r till exempel konjugationer f\u00f6r verbet &#8221;lugema&#8221; (att l\u00e4sa):<\/p>\n\n\n\n<p><strong>&#8211; Nuvarande: Ma loen (jag l\u00e4ser)<\/strong><\/p>\n\n\n\n<p><strong>&#8211; F\u00f6rfluten tid: Ma lugesin (jag l\u00e4ser\/ jag har l\u00e4st)<\/strong><\/p>\n\n\n\n<p><strong>&#8211; Framtiden: Ma loen raamatuid (Jag kommer att l\u00e4sa b\u00f6cker)<\/strong><\/p>\n\n\n\n<h3 class=\"wp-block-heading\" id=\"h-4-unraveling-the-mystery-of-estonian-pronouns\">4. Mysteriet med estniska pronomen avsl\u00f6jas<\/h3>\n\n\n\n<p>Pronomen p\u00e5 estniska anv\u00e4nds f\u00f6r att ers\u00e4tta substantiv och g\u00f6ra talet mjukare och mer dynamiskt. Fokusera p\u00e5 att l\u00e4ra dig de personliga och possessiva pronomenen:<\/p>\n\n\n\n<p><strong>&#8211; Personliga pronomen: mina (jag), sina (du, informellt), tema (han\/hon), meie (vi), teie (du, plural\/formellt), nemad (de)<\/strong><\/p>\n\n\n\n<p><strong>&#8211; Possessiva pronomen: minu (min), sinu (din, informell), tema (hans\/hennes), meie (v\u00e5r), teie (din, plural\/formell), nende (deras)<\/strong><\/p>\n\n\n\n<h3 class=\"wp-block-heading\" id=\"h-5-no-articles-no-problem\">5. Inga artiklar, inga problem!<\/h3>\n\n\n\n<p>Estniska anv\u00e4nder inte best\u00e4mda eller obest\u00e4mda artiklar, vilket g\u00f6r att du kan andas ut. Till exempel:<\/p>\n\n\n\n<p><strong>&#8211; Koer &#8211; &#8221;hund&#8221; eller &#8221;en hund&#8221;<\/strong><\/p>\n\n\n\n<p><strong>&#8211; Maja &#8211; &#8221;hus&#8221; eller &#8221;ett hus&#8221;<\/strong><\/p>\n\n\n\n<p>Att beh\u00e4rska <a href=\"https:\/\/talkpal.ai\/estonian-grammar\/\">estnisk grammatik<\/a> \u00e4r en sp\u00e4nnande och berikande process som \u00f6ppnar d\u00f6rrar till en rik kulturell upplevelse. Kom ih\u00e5g att \u00f6vning \u00e4r nyckeln, s\u00e5 f\u00f6rdjupa dig i estnisk <a href=\"https:\/\/talkpal.ai\/fr\/les\/\">grammatik<\/a>, engagera dig med modersm\u00e5lstalare och bygg en stark grund f\u00f6r din spr\u00e5kresa. Edu! (Lycka till!)<\/p>\n<\/div><\/div>\n\r\n<section class=\"learnNavigationSection\">\r\n            \r\n        <a href=\"https:\/\/talkpal.ai\/sv\/lar-dig-estniska\/\">\r\n            <div class=\"learnNavigationWrapper\">\r\n                <div class=\"learnNavigationContent\">\r\n                    <img decoding=\"async\" src=\"https:\/\/talkpal.ai\/wp-content\/uploads\/2024\/08\/Estonian.jpg\" alt=\"Estonian Flag\">\r\n                    <div>\r\n                        <h4>Om Estonian Learning<\/h4>\r\n                        <p>Ta reda p\u00e5 allt om estnisk grammatik.<\/p>\r\n                    <\/div>\r\n                <\/div>\r\n            <\/div>\r\n        <\/a>\r\n\r\n        \r\n        <a href=\"https:\/\/talkpal.ai\/sv\/estniska-grammatikovningar\/\">\r\n            <div class=\"learnNavigationWrapper\">\r\n                <div class=\"learnNavigationContent\">\r\n                    <img decoding=\"async\" src=\"https:\/\/talkpal.ai\/wp-content\/uploads\/2024\/08\/Estonian.jpg\" alt=\"Estonian Flag\">\r\n                    <div>\r\n                        <h4>\u00d6vning i estnisk grammatik<\/h4>\r\n                        <p>\u00d6va p\u00e5 estnisk grammatik.<\/p>\r\n                    <\/div>\r\n                <\/div>\r\n            <\/div>\r\n        <\/a>\r\n\r\n        \r\n        <a href=\"https:\/\/talkpal.ai\/vocabulary_language\/estonian\/\">\r\n            <div class=\"learnNavigationWrapper\">\r\n                <div class=\"learnNavigationContent\">\r\n                    <img decoding=\"async\" src=\"https:\/\/talkpal.ai\/wp-content\/uploads\/2024\/08\/Estonian.jpg\" alt=\"Estonian Flag\">\r\n                    <div>\r\n                        <h4>Estnisk vokabul\u00e4r<\/h4>\r\n                        <p>Ut\u00f6ka ditt ordf\u00f6rr\u00e5d i estniska.<\/p>\r\n                    <\/div>\r\n                <\/div>\r\n            <\/div>\r\n        <\/a>\r\n\r\n            <\/section>","protected":false},"excerpt":{"rendered":"<p>Estnisk grammatik: Porten till en unik spr\u00e5kresa V\u00e4lkommen till estniskans fascinerande v\u00e4rld! Med \u00f6ver en miljon modersm\u00e5lstalare erbjuder estniska dig en unik m\u00f6jlighet att vidga dina spr\u00e5kliga vyer och uppt\u00e4cka en levande kultur. \u00c4ven om den estniska grammatikens kr\u00e5ngligheter kan verka skr\u00e4mmande vid f\u00f6rsta anblicken, \u00e4r denna v\u00e4nliga nyb\u00f6rjarguide h\u00e4r f\u00f6r att bryta ner grunderna [&hellip;]<\/p>\n","protected":false},"author":1,"featured_media":28309,"parent":0,"menu_order":0,"comment_status":"closed","ping_status":"closed","template":"LearningContentPage.php","meta":{"_acf_changed":false,"footnotes":""},"class_list":["post-142656","page","type-page","status-publish","has-post-thumbnail","hentry"],"acf":[],"yoast_head":"<!-- This site is optimized with the Yoast SEO Premium plugin v27.2 (Yoast SEO v27.2) - https:\/\/yoast.com\/product\/yoast-seo-premium-wordpress\/ -->\n<title>Estnisk grammatik - Talkpal<\/title>\n<meta name=\"description\" content=\"Utforska grundl\u00e4ggande begrepp inom estnisk grammatik, inklusive kasus, verb, meningsbyggnad, uttal och tips.\" \/>\n<meta name=\"robots\" content=\"index, follow, max-snippet:-1, max-image-preview:large, max-video-preview:-1\" \/>\n<link rel=\"canonical\" href=\"https:\/\/talkpal.ai\/sv\/estnisk-grammatik\/\" \/>\n<meta property=\"og:locale\" content=\"sv_SE\" \/>\n<meta property=\"og:type\" content=\"article\" \/>\n<meta property=\"og:title\" content=\"Estnisk grammatik\" \/>\n<meta property=\"og:description\" content=\"Estnisk grammatik: Porten till en unik spr\u00e5kresa V\u00e4lkommen till estniskans fascinerande v\u00e4rld! Med \u00f6ver en miljon modersm\u00e5lstalare erbjuder estniska dig\" \/>\n<meta property=\"og:url\" content=\"https:\/\/talkpal.ai\/sv\/estnisk-grammatik\/\" \/>\n<meta property=\"og:site_name\" content=\"Talkpal\" \/>\n<meta property=\"article:publisher\" content=\"https:\/\/www.facebook.com\/profile.php?id=100090733639311\" \/>\n<meta property=\"article:modified_time\" content=\"2025-12-13T15:19:25+00:00\" \/>\n<meta property=\"og:image\" content=\"https:\/\/talkpal.ai\/wp-content\/uploads\/2023\/05\/estonia.png\" \/>\n\t<meta property=\"og:image:width\" content=\"512\" \/>\n\t<meta property=\"og:image:height\" content=\"512\" \/>\n\t<meta property=\"og:image:type\" content=\"image\/png\" \/>\n<meta name=\"twitter:card\" content=\"summary_large_image\" \/>\n<meta name=\"twitter:site\" content=\"@talkpalai\" \/>\n<meta name=\"twitter:label1\" content=\"Ber\u00e4knad l\u00e4stid\" \/>\n\t<meta name=\"twitter:data1\" content=\"2 minuter\" \/>\n<script type=\"application\/ld+json\" class=\"yoast-schema-graph\">{\"@context\":\"https:\/\/schema.org\",\"@graph\":[{\"@type\":\"WebPage\",\"@id\":\"https:\/\/talkpal.ai\/sv\/estnisk-grammatik\/\",\"url\":\"https:\/\/talkpal.ai\/sv\/estnisk-grammatik\/\",\"name\":\"Estnisk grammatik - Talkpal\",\"isPartOf\":{\"@id\":\"https:\/\/talkpal.ai\/sv\/#website\"},\"primaryImageOfPage\":{\"@id\":\"https:\/\/talkpal.ai\/sv\/estnisk-grammatik\/#primaryimage\"},\"image\":{\"@id\":\"https:\/\/talkpal.ai\/sv\/estnisk-grammatik\/#primaryimage\"},\"thumbnailUrl\":\"https:\/\/talkpal.ai\/wp-content\/uploads\/2023\/05\/estonia.png\",\"datePublished\":\"2023-05-14T14:01:53+00:00\",\"dateModified\":\"2025-12-13T15:19:25+00:00\",\"description\":\"Utforska grundl\u00e4ggande begrepp inom estnisk grammatik, inklusive kasus, verb, meningsbyggnad, uttal och tips.\",\"breadcrumb\":{\"@id\":\"https:\/\/talkpal.ai\/sv\/estnisk-grammatik\/#breadcrumb\"},\"inLanguage\":\"sv-SE\",\"potentialAction\":[{\"@type\":\"ReadAction\",\"target\":[\"https:\/\/talkpal.ai\/sv\/estnisk-grammatik\/\"]}]},{\"@type\":\"ImageObject\",\"inLanguage\":\"sv-SE\",\"@id\":\"https:\/\/talkpal.ai\/sv\/estnisk-grammatik\/#primaryimage\",\"url\":\"https:\/\/talkpal.ai\/wp-content\/uploads\/2023\/05\/estonia.png\",\"contentUrl\":\"https:\/\/talkpal.ai\/wp-content\/uploads\/2023\/05\/estonia.png\",\"width\":512,\"height\":512},{\"@type\":\"BreadcrumbList\",\"@id\":\"https:\/\/talkpal.ai\/sv\/estnisk-grammatik\/#breadcrumb\",\"itemListElement\":[{\"@type\":\"ListItem\",\"position\":1,\"name\":\"Homepage\",\"item\":\"https:\/\/talkpal.ai\/sv\/\"},{\"@type\":\"ListItem\",\"position\":2,\"name\":\"Estnisk grammatik\"}]},{\"@type\":\"WebSite\",\"@id\":\"https:\/\/talkpal.ai\/sv\/#website\",\"url\":\"https:\/\/talkpal.ai\/sv\/\",\"name\":\"Talkpal\",\"description\":\"AI Language Learning\",\"publisher\":{\"@id\":\"https:\/\/talkpal.ai\/sv\/#organization\"},\"alternateName\":\"Talkpal AI\",\"potentialAction\":[{\"@type\":\"SearchAction\",\"target\":{\"@type\":\"EntryPoint\",\"urlTemplate\":\"https:\/\/talkpal.ai\/sv\/?s={search_term_string}\"},\"query-input\":{\"@type\":\"PropertyValueSpecification\",\"valueRequired\":true,\"valueName\":\"search_term_string\"}}],\"inLanguage\":\"sv-SE\"},{\"@type\":\"Organization\",\"@id\":\"https:\/\/talkpal.ai\/sv\/#organization\",\"name\":\"Talkpal, Inc.\",\"alternateName\":\"Talkpal AI\",\"url\":\"https:\/\/talkpal.ai\/sv\/\",\"logo\":{\"@type\":\"ImageObject\",\"inLanguage\":\"sv-SE\",\"@id\":\"https:\/\/talkpal.ai\/sv\/#\/schema\/logo\/image\/\",\"url\":\"https:\/\/talkpal.ai\/wp-content\/uploads\/2024\/03\/Talkpal-Logo-Icon.png\",\"contentUrl\":\"https:\/\/talkpal.ai\/wp-content\/uploads\/2024\/03\/Talkpal-Logo-Icon.png\",\"width\":2880,\"height\":2880,\"caption\":\"Talkpal, Inc.\"},\"image\":{\"@id\":\"https:\/\/talkpal.ai\/sv\/#\/schema\/logo\/image\/\"},\"sameAs\":[\"https:\/\/www.facebook.com\/profile.php?id=100090733639311\",\"https:\/\/x.com\/talkpalai\",\"https:\/\/www.linkedin.com\/company\/talkpal\/\",\"https:\/\/www.youtube.com\/@TalkPal\/\",\"https:\/\/www.tiktok.com\/@talkpal\",\"https:\/\/www.instagram.com\/talkpal_ai\/\",\"https:\/\/www.crunchbase.com\/organization\/talkpal-9cde\",\"https:\/\/www.g2.com\/products\/talkpal-for-business\/\",\"https:\/\/www.trustpilot.com\/review\/talkpal.ai\",\"https:\/\/www.capterra.com\/p\/10006800\/TalkPal\/\"],\"description\":\"Talkpal is a language learning web and mobile education app, powered by the latest AI technologies, that provides engaging experiences to its customers in many different languages to help them improve their language skills. Users can chat about unlimited amount of topics with the app and use other modes to practice their language learning.\",\"email\":\"support@talkpal.ai\",\"legalName\":\"Talkpal, Inc.\",\"foundingDate\":\"2023-04-03\",\"duns\":\"118989042\",\"numberOfEmployees\":{\"@type\":\"QuantitativeValue\",\"minValue\":\"11\",\"maxValue\":\"50\"},\"publishingPrinciples\":\"https:\/\/talkpal.ai\/publishing-principles\/\",\"actionableFeedbackPolicy\":\"https:\/\/talkpal.ai\/actionable-feedback-policy\/\",\"correctionsPolicy\":\"https:\/\/talkpal.ai\/corrections-policy\/\",\"ethicsPolicy\":\"https:\/\/talkpal.ai\/ethics-policy\/\",\"diversityPolicy\":\"https:\/\/talkpal.ai\/diversity-policy\/\",\"diversityStaffingReport\":\"https:\/\/talkpal.ai\/diversity-policy\/\"}]}<\/script>\n<!-- \/ Yoast SEO Premium plugin. -->","yoast_head_json":{"title":"Estnisk grammatik - Talkpal","description":"Utforska grundl\u00e4ggande begrepp inom estnisk grammatik, inklusive kasus, verb, meningsbyggnad, uttal och tips.","robots":{"index":"index","follow":"follow","max-snippet":"max-snippet:-1","max-image-preview":"max-image-preview:large","max-video-preview":"max-video-preview:-1"},"canonical":"https:\/\/talkpal.ai\/sv\/estnisk-grammatik\/","og_locale":"sv_SE","og_type":"article","og_title":"Estnisk grammatik","og_description":"Estnisk grammatik: Porten till en unik spr\u00e5kresa V\u00e4lkommen till estniskans fascinerande v\u00e4rld! Med \u00f6ver en miljon modersm\u00e5lstalare erbjuder estniska dig","og_url":"https:\/\/talkpal.ai\/sv\/estnisk-grammatik\/","og_site_name":"Talkpal","article_publisher":"https:\/\/www.facebook.com\/profile.php?id=100090733639311","article_modified_time":"2025-12-13T15:19:25+00:00","og_image":[{"width":512,"height":512,"url":"https:\/\/talkpal.ai\/wp-content\/uploads\/2023\/05\/estonia.png","type":"image\/png"}],"twitter_card":"summary_large_image","twitter_site":"@talkpalai","twitter_misc":{"Ber\u00e4knad l\u00e4stid":"2 minuter"},"schema":{"@context":"https:\/\/schema.org","@graph":[{"@type":"WebPage","@id":"https:\/\/talkpal.ai\/sv\/estnisk-grammatik\/","url":"https:\/\/talkpal.ai\/sv\/estnisk-grammatik\/","name":"Estnisk grammatik - Talkpal","isPartOf":{"@id":"https:\/\/talkpal.ai\/sv\/#website"},"primaryImageOfPage":{"@id":"https:\/\/talkpal.ai\/sv\/estnisk-grammatik\/#primaryimage"},"image":{"@id":"https:\/\/talkpal.ai\/sv\/estnisk-grammatik\/#primaryimage"},"thumbnailUrl":"https:\/\/talkpal.ai\/wp-content\/uploads\/2023\/05\/estonia.png","datePublished":"2023-05-14T14:01:53+00:00","dateModified":"2025-12-13T15:19:25+00:00","description":"Utforska grundl\u00e4ggande begrepp inom estnisk grammatik, inklusive kasus, verb, meningsbyggnad, uttal och tips.","breadcrumb":{"@id":"https:\/\/talkpal.ai\/sv\/estnisk-grammatik\/#breadcrumb"},"inLanguage":"sv-SE","potentialAction":[{"@type":"ReadAction","target":["https:\/\/talkpal.ai\/sv\/estnisk-grammatik\/"]}]},{"@type":"ImageObject","inLanguage":"sv-SE","@id":"https:\/\/talkpal.ai\/sv\/estnisk-grammatik\/#primaryimage","url":"https:\/\/talkpal.ai\/wp-content\/uploads\/2023\/05\/estonia.png","contentUrl":"https:\/\/talkpal.ai\/wp-content\/uploads\/2023\/05\/estonia.png","width":512,"height":512},{"@type":"BreadcrumbList","@id":"https:\/\/talkpal.ai\/sv\/estnisk-grammatik\/#breadcrumb","itemListElement":[{"@type":"ListItem","position":1,"name":"Homepage","item":"https:\/\/talkpal.ai\/sv\/"},{"@type":"ListItem","position":2,"name":"Estnisk grammatik"}]},{"@type":"WebSite","@id":"https:\/\/talkpal.ai\/sv\/#website","url":"https:\/\/talkpal.ai\/sv\/","name":"Talkpal","description":"AI Language Learning","publisher":{"@id":"https:\/\/talkpal.ai\/sv\/#organization"},"alternateName":"Talkpal AI","potentialAction":[{"@type":"SearchAction","target":{"@type":"EntryPoint","urlTemplate":"https:\/\/talkpal.ai\/sv\/?s={search_term_string}"},"query-input":{"@type":"PropertyValueSpecification","valueRequired":true,"valueName":"search_term_string"}}],"inLanguage":"sv-SE"},{"@type":"Organization","@id":"https:\/\/talkpal.ai\/sv\/#organization","name":"Talkpal, Inc.","alternateName":"Talkpal AI","url":"https:\/\/talkpal.ai\/sv\/","logo":{"@type":"ImageObject","inLanguage":"sv-SE","@id":"https:\/\/talkpal.ai\/sv\/#\/schema\/logo\/image\/","url":"https:\/\/talkpal.ai\/wp-content\/uploads\/2024\/03\/Talkpal-Logo-Icon.png","contentUrl":"https:\/\/talkpal.ai\/wp-content\/uploads\/2024\/03\/Talkpal-Logo-Icon.png","width":2880,"height":2880,"caption":"Talkpal, Inc."},"image":{"@id":"https:\/\/talkpal.ai\/sv\/#\/schema\/logo\/image\/"},"sameAs":["https:\/\/www.facebook.com\/profile.php?id=100090733639311","https:\/\/x.com\/talkpalai","https:\/\/www.linkedin.com\/company\/talkpal\/","https:\/\/www.youtube.com\/@TalkPal\/","https:\/\/www.tiktok.com\/@talkpal","https:\/\/www.instagram.com\/talkpal_ai\/","https:\/\/www.crunchbase.com\/organization\/talkpal-9cde","https:\/\/www.g2.com\/products\/talkpal-for-business\/","https:\/\/www.trustpilot.com\/review\/talkpal.ai","https:\/\/www.capterra.com\/p\/10006800\/TalkPal\/"],"description":"Talkpal is a language learning web and mobile education app, powered by the latest AI technologies, that provides engaging experiences to its customers in many different languages to help them improve their language skills. Users can chat about unlimited amount of topics with the app and use other modes to practice their language learning.","email":"support@talkpal.ai","legalName":"Talkpal, Inc.","foundingDate":"2023-04-03","duns":"118989042","numberOfEmployees":{"@type":"QuantitativeValue","minValue":"11","maxValue":"50"},"publishingPrinciples":"https:\/\/talkpal.ai\/publishing-principles\/","actionableFeedbackPolicy":"https:\/\/talkpal.ai\/actionable-feedback-policy\/","correctionsPolicy":"https:\/\/talkpal.ai\/corrections-policy\/","ethicsPolicy":"https:\/\/talkpal.ai\/ethics-policy\/","diversityPolicy":"https:\/\/talkpal.ai\/diversity-policy\/","diversityStaffingReport":"https:\/\/talkpal.ai\/diversity-policy\/"}]}},"_links":{"self":[{"href":"https:\/\/talkpal.ai\/sv\/wp-json\/wp\/v2\/pages\/142656","targetHints":{"allow":["GET"]}}],"collection":[{"href":"https:\/\/talkpal.ai\/sv\/wp-json\/wp\/v2\/pages"}],"about":[{"href":"https:\/\/talkpal.ai\/sv\/wp-json\/wp\/v2\/types\/page"}],"author":[{"embeddable":true,"href":"https:\/\/talkpal.ai\/sv\/wp-json\/wp\/v2\/users\/1"}],"replies":[{"embeddable":true,"href":"https:\/\/talkpal.ai\/sv\/wp-json\/wp\/v2\/comments?post=142656"}],"version-history":[{"count":0,"href":"https:\/\/talkpal.ai\/sv\/wp-json\/wp\/v2\/pages\/142656\/revisions"}],"wp:featuredmedia":[{"embeddable":true,"href":"https:\/\/talkpal.ai\/sv\/wp-json\/wp\/v2\/media\/28309"}],"wp:attachment":[{"href":"https:\/\/talkpal.ai\/sv\/wp-json\/wp\/v2\/media?parent=142656"}],"curies":[{"name":"wp","href":"https:\/\/api.w.org\/{rel}","templated":true}]}}