{"id":142361,"date":"2023-05-14T14:01:16","date_gmt":"2023-05-14T14:01:16","guid":{"rendered":"http:\/\/talkpal.ai\/kroatisk-grammatik\/"},"modified":"2025-12-11T16:39:23","modified_gmt":"2025-12-11T16:39:23","slug":"kroatisk-grammatik","status":"publish","type":"page","link":"https:\/\/talkpal.ai\/sv\/kroatisk-grammatik\/","title":{"rendered":"Kroatisk grammatik"},"content":{"rendered":"\r\n\r\n\r\n<section class=\"languageChallengeSection\">\r\n    <div class=\"languageInfoWrapper\">\r\n        \r\n        <h1>Kroatisk grammatik<\/h1>\r\n        <p>Uppt\u00e4ck kroatiskans fascinerande struktur genom att l\u00e4ra dig de viktigaste grammatiska reglerna. Att beh\u00e4rska <a href=\"https:\/\/talkpal.ai\/da\/laer-kroatisk\/\">kroatisk grammatik<\/a> \u00f6ppnar nya m\u00f6jligheter f\u00f6r kommunikation och hj\u00e4lper dig att b\u00e4ttre uppleva landets kultur och arv. B\u00f6rja l\u00e4ra dig <a href=\"https:\/\/talkpal.ai\/da\/laer-kroatisk\/\">kroatisk grammatik<\/a> idag och ta ditt f\u00f6rsta steg mot flytande spr\u00e5k!<\/p>\r\n\r\n                            <a class=\"getStartedHidden\" href=\"https:\/\/app.talkpal.ai\/sv\/signup?lng=\">Kom ig\u00e5ng<\/a>\r\n        \r\n    <\/div>\r\n\r\n    <figure>\r\n    <img decoding=\"async\" width=\"768\" height=\"768\" src=\"https:\/\/talkpal.ai\/wp-content\/uploads\/2023\/06\/croatian-768x768.png\" class=\"languageImage no-lazy\" alt=\"Default alt text\" fetchpriority=\"high\" sizes=\"(max-width: 768px) 150px, 768px\" srcset=\"https:\/\/talkpal.ai\/wp-content\/uploads\/2023\/06\/croatian-768x768.png 768w, https:\/\/talkpal.ai\/wp-content\/uploads\/2023\/06\/croatian-300x300.png 300w\" \/>\r\n    \r\n\r\n    <\/figure>\r\n\r\n            <a class=\"getStartedVisible\" href=\"https:\/\/app.talkpal.ai\/sv\/signup?lng=\">Kom ig\u00e5ng<\/a>\r\n    \r\n<\/section>\r\n        <section class=\"grammarSection\">\r\n            <div class=\"grammarLinks\">\r\n                <a href=\"https:\/\/talkpal.ai\/sv\/language\/adjektiv-kroatisk-grammatik\/\">Adjektiv <\/a><a href=\"https:\/\/talkpal.ai\/sv\/language\/adverb-kroatisk-grammatik\/\">Adverb <\/a><a href=\"https:\/\/talkpal.ai\/sv\/language\/artiklar-kroatisk-grammatik\/\">Artiklar <\/a><a href=\"https:\/\/talkpal.ai\/sv\/language\/jamforelse-av-tempus-kroatisk-grammatik\/\">J\u00e4mf\u00f6relse av tempus <\/a><a href=\"https:\/\/talkpal.ai\/sv\/language\/konditionaler-kroatisk-grammatik\/\">Konditionaler <\/a><a href=\"https:\/\/talkpal.ai\/sv\/language\/meningar-kroatisk-grammatik\/\">Meningar <\/a><a href=\"https:\/\/talkpal.ai\/sv\/language\/perfect-progressive-kroatisk-grammatik\/\">Perfect Progressive <\/a><a href=\"https:\/\/talkpal.ai\/sv\/language\/prepositioner-kroatisk-grammatik\/\">Prepositioner <\/a><a href=\"https:\/\/talkpal.ai\/sv\/language\/progressiv-kroatisk-grammatik\/\">Progressiv <\/a><a href=\"https:\/\/talkpal.ai\/sv\/language\/pronomen-bestamningsfaktorer-kroatisk-grammatik\/\">Pronomen\/best\u00e4mningsfaktorer <\/a><a href=\"https:\/\/talkpal.ai\/sv\/language\/substantiv-kroatisk-grammatik\/\">Substantiv <\/a><a href=\"https:\/\/talkpal.ai\/sv\/language\/tempus-kroatisk-grammatik\/\">Tempus <\/a><a href=\"https:\/\/talkpal.ai\/sv\/language\/verb-kroatisk-grammatik\/\">Verb <\/a>            <\/div>\r\n        <\/section>\r\n    <section class=\"promotionalBanner\">\r\n    <p class=\"promotionalText\">Det mest effektiva s\u00e4ttet att l\u00e4ra sig ett spr\u00e5k<\/p>\r\n    <a class=\"promotionalLink\" href=\"https:\/\/app.talkpal.ai\/sv\/signup?lng=\">Prova Talkpal gratis<\/a>\r\n<\/section>\n<div class=\"wp-block-group pageContainerStyle\"><div class=\"wp-block-group__inner-container is-layout-constrained wp-block-group-is-layout-constrained\">\n<h2 class=\"wp-block-heading\" id=\"h-a-journey-through-croatian-grammar-unraveling-the-complexities-made-easy\">En resa genom kroatisk grammatik: Att reda ut komplexiteten p\u00e5 ett enkelt s\u00e4tt<\/h2>\n\n\n\n<p><a href=\"https:\/\/talkpal.ai\/learn-croatian\/\">Kroatisk<\/a> <a href=\"https:\/\/talkpal.ai\/fr\/les\/\">grammatik<\/a>: lockande och skr\u00e4mmande, enkel och invecklad, mystisk och fascinerande. N\u00e4r du ger dig ut p\u00e5 resan f\u00f6r att l\u00e4ra dig det kroatiska spr\u00e5ket kan du k\u00e4nna dig \u00f6verv\u00e4ldigad av tanken p\u00e5 att f\u00f6rst\u00e5 dess grammatiska kr\u00e5ngligheter. Men var inte r\u00e4dd, or\u00e4dda lingvist, f\u00f6r vi \u00e4r h\u00e4r f\u00f6r att v\u00e4gleda dig varje steg p\u00e5 v\u00e4gen!<\/p>\n\n\n\n<p>I <a href=\"https:\/\/talkpal.ai\/culture\/how-do-i-use-den-har-and-det-har\/\">den h\u00e4r<\/a> artikeln kommer vi att ge en grundl\u00e4ggande f\u00f6rst\u00e5else f\u00f6r kroatiska grammatikbegrepp och ge tips och tricks f\u00f6r att beh\u00e4rska detta vackra slaviska spr\u00e5k. Luta dig bara tillbaka, slappna av och l\u00e5t <a href=\"https:\/\/talkpal.ai\/locations\/language-courses-in-oss\/\">oss<\/a> f\u00f6renkla denna till synes komplicerade aff\u00e4r!<\/p>\n\n\n\n<h3 class=\"wp-block-heading\" id=\"h-1-heavenly-nouns-declining-in-style\">1. Himmelska substantiv: Minskande i stil<\/h3>\n\n\n\n<p>Om du \u00e4r bekant med spr\u00e5k som latin eller <a href=\"https:\/\/talkpal.ai\/german-grammar-exercises\/\">tyska<\/a> kommer begreppet substantivb\u00f6jning inte att vara nytt f\u00f6r dig. <a href=\"https:\/\/talkpal.ai\/learn-croatian\/\">Kroatisk<\/a> grammatik bygger p\u00e5 en grund av <a href=\"https:\/\/talkpal.ai\/zh-hans\/grammar_exercises\/deklination-%e5%be%b7%e5%9b%bd%e8%af%ad%e6%b3%95%e7%bb%83%e4%b9%a0\/\">deklination<\/a>, med totalt sju kasus. Ja, du h\u00f6rde r\u00e4tt! Varje substantiv p\u00e5 kroatiska kan ha upp till sju olika former, beroende p\u00e5 dess roll i meningen. Men varf\u00f6r denna uppst\u00e5ndelse, undrar du? Jo, det minskar behovet av prepositioner, vilket g\u00f6r spr\u00e5ket mer precist.  <\/p>\n\n\n\n<p>H\u00e4r \u00e4r en snabb genomg\u00e5ng av fallen:<\/p>\n\n\n\n<p><strong>&#8211; Nominativ:<\/strong> Subjektet i en mening<\/p>\n\n\n\n<p><strong>&#8211; Genitiv:<\/strong> Anger innehav eller ursprung<\/p>\n\n\n\n<p><strong>&#8211; Dativ:<\/strong> Det indirekta objektet eller destinationen<\/p>\n\n\n\n<p><strong>&#8211; Ackusativ:<\/strong> Det direkta objektet eller m\u00e5let<\/p>\n\n\n\n<p><strong>&#8211; Vokativ:<\/strong> Anv\u00e4nds f\u00f6r att tilltala eller kalla n\u00e5gon<\/p>\n\n\n\n<p><strong>&#8211; Lokativ:<\/strong> Anger platsen<\/p>\n\n\n\n<p><strong>&#8211; Instrumental:<\/strong> Beskriver medel, s\u00e4tt eller ackompanjemang<\/p>\n\n\n\n<p>Nu, innan du b\u00f6rjar f\u00e5 panik, kom ih\u00e5g att \u00f6vning ger f\u00e4rdighet. Regelbunden exponering och anv\u00e4ndning av spr\u00e5ket hj\u00e4lper dig att gradvis beh\u00e4rska dessa b\u00f6jningar och bli en kroatisk grammatikexpert!<\/p>\n\n\n\n<h3 class=\"wp-block-heading\" id=\"h-2-adorable-adjectives-agreements-galore\">2. Bed\u00e5rande adjektiv: \u00d6verenskommelser i \u00f6verfl\u00f6d<\/h3>\n\n\n\n<p>I den kroatiska grammatikens v\u00e4rld gillar adjektiv att vara behagliga. De \u00e4ndras beroende p\u00e5 k\u00f6n, numerus och kasus f\u00f6r substantivet de \u00e4ndrar. Det inneb\u00e4r att du m\u00e5ste anpassa adjektivets form beroende p\u00e5 om substantivet \u00e4r maskulinum, femininum eller neutrum, samt om det \u00e4r singularis eller pluralis.<\/p>\n\n\n\n<p>Har du sv\u00e5rt att komma \u00f6verens? H\u00e4r \u00e4r ett litet tips: fokusera p\u00e5 att l\u00e4ra dig roten till ett adjektiv, s\u00e5 kommer resten att falla p\u00e5 plats. Till exempel \u00e4r rotadjektivet f\u00f6r &#8221;vacker&#8221; &#8221;lijep-&#8221;, och du kan skapa former som &#8221;lijepa&#8221; (feminin, nominativ) eller &#8221;lijepim&#8221; (maskulinum\/neutrum, instrumental) med olika \u00e4ndelser.<\/p>\n\n\n\n<h3 class=\"wp-block-heading\" id=\"h-3-vibrant-verbs-conjugating-to-perfection\">3. Vibrerande verb: B\u00f6ja till perfektion<\/h3>\n\n\n\n<p>B\u00f6rjar du se ett m\u00f6nster h\u00e4r? Precis som substantiv och adjektiv \u00e4r kroatiska verb ocks\u00e5 fulla av variationer. I detta spr\u00e5k genomg\u00e5r verb konjugation baserat p\u00e5 tempus, modus, aspekt, person och numerus.<\/p>\n\n\n\n<p>Det finns tre tempus i kroatiska: d\u00e5tid, nutid och framtid. \u00c4ven om presens kan verka relativt l\u00e4tt att f\u00f6rst\u00e5, kan d\u00e5tid och framtid vara invecklade. Men oroa dig inte! \u00d6vning och exponering f\u00f6r spr\u00e5ket hj\u00e4lper dig att \u00f6vervinna dessa hinder p\u00e5 nolltid.<\/p>\n\n\n\n<h3 class=\"wp-block-heading\" id=\"h-4-prepositions-cases-dynamic-duo\">4. Prepositioner + kasus = Dynamisk duo!<\/h3>\n\n\n\n<p>Kroatiska prepositioner kan vara lite knepiga, eftersom de \u00e4r intimt f\u00f6rbundna med substantivkasus. Prepositionen &#8221;u&#8221; (i, in i) anv\u00e4nds till exempel i ackusativ om den anger r\u00f6relse eller riktning, men om den anger plats anv\u00e4nds den i lokativ.<\/p>\n\n\n\n<p>F\u00f6r att undvika f\u00f6rvirring b\u00f6r du associera en preposition med det kasus som den kr\u00e4ver. Kom t.ex. ih\u00e5g &#8221;u + lokativ = in&#8221; och &#8221;u + ackusativ = in i&#8221;.<\/p>\n\n\n\n<h3 class=\"wp-block-heading\" id=\"h-5-tame-the-complexities-practice-makes-perfect\">5. T\u00e4mj komplexiteten: \u00f6vning ger f\u00e4rdighet<\/h3>\n\n\n\n<p>Vid f\u00f6rsta anblicken kan kroatisk grammatik verka som en labyrint, men kom ih\u00e5g att \u00f6vning \u00e4r den hemliga ingrediensen f\u00f6r framg\u00e5ng. F\u00f6rdjupa dig i spr\u00e5ket genom att l\u00e4sa, skriva, lyssna och konversera. V\u00e4nd utmaningar till triumfer genom att l\u00e5ta din hj\u00e4rna absorbera och anpassa sig till den nya spr\u00e5kliga milj\u00f6n.<\/p>\n\n\n\n<p>S\u00e5, nu n\u00e4r du har doppat t\u00e5rna i den kroatiska grammatikens f\u00f6rtrollande vatten, \u00e4r du redo att dyka djupare? Omfamna komplexiteten, njut av nyanserna och kom ih\u00e5g att med uth\u00e5llighet och passion kan du l\u00e5sa upp den sanna sk\u00f6nheten i det kroatiska spr\u00e5ket. Sretno! (Lycka till!)<\/p>\n<\/div><\/div>\n\r\n<section class=\"learnNavigationSection\">\r\n            \r\n        <a href=\"https:\/\/talkpal.ai\/sv\/lar-dig-kroatiska\/\">\r\n            <div class=\"learnNavigationWrapper\">\r\n                <div class=\"learnNavigationContent\">\r\n                    <img decoding=\"async\" src=\"https:\/\/talkpal.ai\/wp-content\/uploads\/2024\/08\/Croatian.jpg\" alt=\"Croatian Flag\">\r\n                    <div>\r\n                        <h4>Om kroatisk inl\u00e4rning<\/h4>\r\n                        <p>Ta reda p\u00e5 allt om kroatisk grammatik.<\/p>\r\n                    <\/div>\r\n                <\/div>\r\n            <\/div>\r\n        <\/a>\r\n\r\n        \r\n        <a href=\"https:\/\/talkpal.ai\/sv\/kroatiska-grammatikovningar\/\">\r\n            <div class=\"learnNavigationWrapper\">\r\n                <div class=\"learnNavigationContent\">\r\n                    <img decoding=\"async\" src=\"https:\/\/talkpal.ai\/wp-content\/uploads\/2024\/08\/Croatian.jpg\" alt=\"Croatian Flag\">\r\n                    <div>\r\n                        <h4>\u00d6vning i kroatisk grammatik<\/h4>\r\n                        <p>\u00d6va kroatisk grammatik.<\/p>\r\n                    <\/div>\r\n                <\/div>\r\n            <\/div>\r\n        <\/a>\r\n\r\n        \r\n        <a href=\"https:\/\/talkpal.ai\/vocabulary_language\/croatian\/\">\r\n            <div class=\"learnNavigationWrapper\">\r\n                <div class=\"learnNavigationContent\">\r\n                    <img decoding=\"async\" src=\"https:\/\/talkpal.ai\/wp-content\/uploads\/2024\/08\/Croatian.jpg\" alt=\"Croatian Flag\">\r\n                    <div>\r\n                        <h4>Ordf\u00f6rr\u00e5d p\u00e5 kroatiska<\/h4>\r\n                        <p>Ut\u00f6ka ditt kroatiska ordf\u00f6rr\u00e5d.<\/p>\r\n                    <\/div>\r\n                <\/div>\r\n            <\/div>\r\n        <\/a>\r\n\r\n            <\/section>","protected":false},"excerpt":{"rendered":"<p>En resa genom kroatisk grammatik: Att reda ut komplexiteten p\u00e5 ett enkelt s\u00e4tt Kroatisk grammatik: lockande och skr\u00e4mmande, enkel och invecklad, mystisk och fascinerande. N\u00e4r du ger dig ut p\u00e5 resan f\u00f6r att l\u00e4ra dig det kroatiska spr\u00e5ket kan du k\u00e4nna dig \u00f6verv\u00e4ldigad av tanken p\u00e5 att f\u00f6rst\u00e5 dess grammatiska kr\u00e5ngligheter. Men var inte r\u00e4dd, [&hellip;]<\/p>\n","protected":false},"author":1,"featured_media":28261,"parent":0,"menu_order":0,"comment_status":"closed","ping_status":"closed","template":"LearningContentPage.php","meta":{"_acf_changed":false,"footnotes":""},"class_list":["post-142361","page","type-page","status-publish","has-post-thumbnail","hentry"],"acf":[],"yoast_head":"<!-- This site is optimized with the Yoast SEO Premium plugin v27.2 (Yoast SEO v27.2) - https:\/\/yoast.com\/product\/yoast-seo-premium-wordpress\/ -->\n<title>Kroatisk grammatik - Talkpal<\/title>\n<meta name=\"description\" content=\"Utforska kroatisk grammatik och f\u00f6rb\u00e4ttra din f\u00f6rst\u00e5else av spr\u00e5ket med viktiga tips och resurser.\" \/>\n<meta name=\"robots\" content=\"index, follow, max-snippet:-1, max-image-preview:large, max-video-preview:-1\" \/>\n<link rel=\"canonical\" href=\"https:\/\/talkpal.ai\/sv\/kroatisk-grammatik\/\" \/>\n<meta property=\"og:locale\" content=\"sv_SE\" \/>\n<meta property=\"og:type\" content=\"article\" \/>\n<meta property=\"og:title\" content=\"Kroatisk grammatik\" \/>\n<meta property=\"og:description\" content=\"En resa genom kroatisk grammatik: Att reda ut komplexiteten p\u00e5 ett enkelt s\u00e4tt Kroatisk grammatik: lockande och skr\u00e4mmande, enkel och invecklad, mystisk\" \/>\n<meta property=\"og:url\" content=\"https:\/\/talkpal.ai\/sv\/kroatisk-grammatik\/\" \/>\n<meta property=\"og:site_name\" content=\"Talkpal\" \/>\n<meta property=\"article:publisher\" content=\"https:\/\/www.facebook.com\/profile.php?id=100090733639311\" \/>\n<meta property=\"article:modified_time\" content=\"2025-12-11T16:39:23+00:00\" \/>\n<meta property=\"og:image\" content=\"https:\/\/talkpal.ai\/wp-content\/uploads\/2023\/05\/croatia.png\" \/>\n\t<meta property=\"og:image:width\" content=\"512\" \/>\n\t<meta property=\"og:image:height\" content=\"512\" \/>\n\t<meta property=\"og:image:type\" content=\"image\/png\" \/>\n<meta name=\"twitter:card\" content=\"summary_large_image\" \/>\n<meta name=\"twitter:site\" content=\"@talkpalai\" \/>\n<meta name=\"twitter:label1\" content=\"Ber\u00e4knad l\u00e4stid\" \/>\n\t<meta name=\"twitter:data1\" content=\"4 minuter\" \/>\n<script type=\"application\/ld+json\" class=\"yoast-schema-graph\">{\"@context\":\"https:\/\/schema.org\",\"@graph\":[{\"@type\":\"WebPage\",\"@id\":\"https:\/\/talkpal.ai\/sv\/kroatisk-grammatik\/\",\"url\":\"https:\/\/talkpal.ai\/sv\/kroatisk-grammatik\/\",\"name\":\"Kroatisk grammatik - Talkpal\",\"isPartOf\":{\"@id\":\"https:\/\/talkpal.ai\/sv\/#website\"},\"primaryImageOfPage\":{\"@id\":\"https:\/\/talkpal.ai\/sv\/kroatisk-grammatik\/#primaryimage\"},\"image\":{\"@id\":\"https:\/\/talkpal.ai\/sv\/kroatisk-grammatik\/#primaryimage\"},\"thumbnailUrl\":\"https:\/\/talkpal.ai\/wp-content\/uploads\/2023\/05\/croatia.png\",\"datePublished\":\"2023-05-14T14:01:16+00:00\",\"dateModified\":\"2025-12-11T16:39:23+00:00\",\"description\":\"Utforska kroatisk grammatik och f\u00f6rb\u00e4ttra din f\u00f6rst\u00e5else av spr\u00e5ket med viktiga tips och resurser.\",\"breadcrumb\":{\"@id\":\"https:\/\/talkpal.ai\/sv\/kroatisk-grammatik\/#breadcrumb\"},\"inLanguage\":\"sv-SE\",\"potentialAction\":[{\"@type\":\"ReadAction\",\"target\":[\"https:\/\/talkpal.ai\/sv\/kroatisk-grammatik\/\"]}]},{\"@type\":\"ImageObject\",\"inLanguage\":\"sv-SE\",\"@id\":\"https:\/\/talkpal.ai\/sv\/kroatisk-grammatik\/#primaryimage\",\"url\":\"https:\/\/talkpal.ai\/wp-content\/uploads\/2023\/05\/croatia.png\",\"contentUrl\":\"https:\/\/talkpal.ai\/wp-content\/uploads\/2023\/05\/croatia.png\",\"width\":512,\"height\":512},{\"@type\":\"BreadcrumbList\",\"@id\":\"https:\/\/talkpal.ai\/sv\/kroatisk-grammatik\/#breadcrumb\",\"itemListElement\":[{\"@type\":\"ListItem\",\"position\":1,\"name\":\"Homepage\",\"item\":\"https:\/\/talkpal.ai\/sv\/\"},{\"@type\":\"ListItem\",\"position\":2,\"name\":\"Kroatisk grammatik\"}]},{\"@type\":\"WebSite\",\"@id\":\"https:\/\/talkpal.ai\/sv\/#website\",\"url\":\"https:\/\/talkpal.ai\/sv\/\",\"name\":\"Talkpal\",\"description\":\"AI Language Learning\",\"publisher\":{\"@id\":\"https:\/\/talkpal.ai\/sv\/#organization\"},\"alternateName\":\"Talkpal AI\",\"potentialAction\":[{\"@type\":\"SearchAction\",\"target\":{\"@type\":\"EntryPoint\",\"urlTemplate\":\"https:\/\/talkpal.ai\/sv\/?s={search_term_string}\"},\"query-input\":{\"@type\":\"PropertyValueSpecification\",\"valueRequired\":true,\"valueName\":\"search_term_string\"}}],\"inLanguage\":\"sv-SE\"},{\"@type\":\"Organization\",\"@id\":\"https:\/\/talkpal.ai\/sv\/#organization\",\"name\":\"Talkpal, Inc.\",\"alternateName\":\"Talkpal AI\",\"url\":\"https:\/\/talkpal.ai\/sv\/\",\"logo\":{\"@type\":\"ImageObject\",\"inLanguage\":\"sv-SE\",\"@id\":\"https:\/\/talkpal.ai\/sv\/#\/schema\/logo\/image\/\",\"url\":\"https:\/\/talkpal.ai\/wp-content\/uploads\/2024\/03\/Talkpal-Logo-Icon.png\",\"contentUrl\":\"https:\/\/talkpal.ai\/wp-content\/uploads\/2024\/03\/Talkpal-Logo-Icon.png\",\"width\":2880,\"height\":2880,\"caption\":\"Talkpal, Inc.\"},\"image\":{\"@id\":\"https:\/\/talkpal.ai\/sv\/#\/schema\/logo\/image\/\"},\"sameAs\":[\"https:\/\/www.facebook.com\/profile.php?id=100090733639311\",\"https:\/\/x.com\/talkpalai\",\"https:\/\/www.linkedin.com\/company\/talkpal\/\",\"https:\/\/www.youtube.com\/@TalkPal\/\",\"https:\/\/www.tiktok.com\/@talkpal\",\"https:\/\/www.instagram.com\/talkpal_ai\/\",\"https:\/\/www.crunchbase.com\/organization\/talkpal-9cde\",\"https:\/\/www.g2.com\/products\/talkpal-for-business\/\",\"https:\/\/www.trustpilot.com\/review\/talkpal.ai\",\"https:\/\/www.capterra.com\/p\/10006800\/TalkPal\/\"],\"description\":\"Talkpal is a language learning web and mobile education app, powered by the latest AI technologies, that provides engaging experiences to its customers in many different languages to help them improve their language skills. Users can chat about unlimited amount of topics with the app and use other modes to practice their language learning.\",\"email\":\"support@talkpal.ai\",\"legalName\":\"Talkpal, Inc.\",\"foundingDate\":\"2023-04-03\",\"duns\":\"118989042\",\"numberOfEmployees\":{\"@type\":\"QuantitativeValue\",\"minValue\":\"11\",\"maxValue\":\"50\"},\"publishingPrinciples\":\"https:\/\/talkpal.ai\/publishing-principles\/\",\"actionableFeedbackPolicy\":\"https:\/\/talkpal.ai\/actionable-feedback-policy\/\",\"correctionsPolicy\":\"https:\/\/talkpal.ai\/corrections-policy\/\",\"ethicsPolicy\":\"https:\/\/talkpal.ai\/ethics-policy\/\",\"diversityPolicy\":\"https:\/\/talkpal.ai\/diversity-policy\/\",\"diversityStaffingReport\":\"https:\/\/talkpal.ai\/diversity-policy\/\"}]}<\/script>\n<!-- \/ Yoast SEO Premium plugin. -->","yoast_head_json":{"title":"Kroatisk grammatik - Talkpal","description":"Utforska kroatisk grammatik och f\u00f6rb\u00e4ttra din f\u00f6rst\u00e5else av spr\u00e5ket med viktiga tips och resurser.","robots":{"index":"index","follow":"follow","max-snippet":"max-snippet:-1","max-image-preview":"max-image-preview:large","max-video-preview":"max-video-preview:-1"},"canonical":"https:\/\/talkpal.ai\/sv\/kroatisk-grammatik\/","og_locale":"sv_SE","og_type":"article","og_title":"Kroatisk grammatik","og_description":"En resa genom kroatisk grammatik: Att reda ut komplexiteten p\u00e5 ett enkelt s\u00e4tt Kroatisk grammatik: lockande och skr\u00e4mmande, enkel och invecklad, mystisk","og_url":"https:\/\/talkpal.ai\/sv\/kroatisk-grammatik\/","og_site_name":"Talkpal","article_publisher":"https:\/\/www.facebook.com\/profile.php?id=100090733639311","article_modified_time":"2025-12-11T16:39:23+00:00","og_image":[{"width":512,"height":512,"url":"https:\/\/talkpal.ai\/wp-content\/uploads\/2023\/05\/croatia.png","type":"image\/png"}],"twitter_card":"summary_large_image","twitter_site":"@talkpalai","twitter_misc":{"Ber\u00e4knad l\u00e4stid":"4 minuter"},"schema":{"@context":"https:\/\/schema.org","@graph":[{"@type":"WebPage","@id":"https:\/\/talkpal.ai\/sv\/kroatisk-grammatik\/","url":"https:\/\/talkpal.ai\/sv\/kroatisk-grammatik\/","name":"Kroatisk grammatik - Talkpal","isPartOf":{"@id":"https:\/\/talkpal.ai\/sv\/#website"},"primaryImageOfPage":{"@id":"https:\/\/talkpal.ai\/sv\/kroatisk-grammatik\/#primaryimage"},"image":{"@id":"https:\/\/talkpal.ai\/sv\/kroatisk-grammatik\/#primaryimage"},"thumbnailUrl":"https:\/\/talkpal.ai\/wp-content\/uploads\/2023\/05\/croatia.png","datePublished":"2023-05-14T14:01:16+00:00","dateModified":"2025-12-11T16:39:23+00:00","description":"Utforska kroatisk grammatik och f\u00f6rb\u00e4ttra din f\u00f6rst\u00e5else av spr\u00e5ket med viktiga tips och resurser.","breadcrumb":{"@id":"https:\/\/talkpal.ai\/sv\/kroatisk-grammatik\/#breadcrumb"},"inLanguage":"sv-SE","potentialAction":[{"@type":"ReadAction","target":["https:\/\/talkpal.ai\/sv\/kroatisk-grammatik\/"]}]},{"@type":"ImageObject","inLanguage":"sv-SE","@id":"https:\/\/talkpal.ai\/sv\/kroatisk-grammatik\/#primaryimage","url":"https:\/\/talkpal.ai\/wp-content\/uploads\/2023\/05\/croatia.png","contentUrl":"https:\/\/talkpal.ai\/wp-content\/uploads\/2023\/05\/croatia.png","width":512,"height":512},{"@type":"BreadcrumbList","@id":"https:\/\/talkpal.ai\/sv\/kroatisk-grammatik\/#breadcrumb","itemListElement":[{"@type":"ListItem","position":1,"name":"Homepage","item":"https:\/\/talkpal.ai\/sv\/"},{"@type":"ListItem","position":2,"name":"Kroatisk grammatik"}]},{"@type":"WebSite","@id":"https:\/\/talkpal.ai\/sv\/#website","url":"https:\/\/talkpal.ai\/sv\/","name":"Talkpal","description":"AI Language Learning","publisher":{"@id":"https:\/\/talkpal.ai\/sv\/#organization"},"alternateName":"Talkpal AI","potentialAction":[{"@type":"SearchAction","target":{"@type":"EntryPoint","urlTemplate":"https:\/\/talkpal.ai\/sv\/?s={search_term_string}"},"query-input":{"@type":"PropertyValueSpecification","valueRequired":true,"valueName":"search_term_string"}}],"inLanguage":"sv-SE"},{"@type":"Organization","@id":"https:\/\/talkpal.ai\/sv\/#organization","name":"Talkpal, Inc.","alternateName":"Talkpal AI","url":"https:\/\/talkpal.ai\/sv\/","logo":{"@type":"ImageObject","inLanguage":"sv-SE","@id":"https:\/\/talkpal.ai\/sv\/#\/schema\/logo\/image\/","url":"https:\/\/talkpal.ai\/wp-content\/uploads\/2024\/03\/Talkpal-Logo-Icon.png","contentUrl":"https:\/\/talkpal.ai\/wp-content\/uploads\/2024\/03\/Talkpal-Logo-Icon.png","width":2880,"height":2880,"caption":"Talkpal, Inc."},"image":{"@id":"https:\/\/talkpal.ai\/sv\/#\/schema\/logo\/image\/"},"sameAs":["https:\/\/www.facebook.com\/profile.php?id=100090733639311","https:\/\/x.com\/talkpalai","https:\/\/www.linkedin.com\/company\/talkpal\/","https:\/\/www.youtube.com\/@TalkPal\/","https:\/\/www.tiktok.com\/@talkpal","https:\/\/www.instagram.com\/talkpal_ai\/","https:\/\/www.crunchbase.com\/organization\/talkpal-9cde","https:\/\/www.g2.com\/products\/talkpal-for-business\/","https:\/\/www.trustpilot.com\/review\/talkpal.ai","https:\/\/www.capterra.com\/p\/10006800\/TalkPal\/"],"description":"Talkpal is a language learning web and mobile education app, powered by the latest AI technologies, that provides engaging experiences to its customers in many different languages to help them improve their language skills. Users can chat about unlimited amount of topics with the app and use other modes to practice their language learning.","email":"support@talkpal.ai","legalName":"Talkpal, Inc.","foundingDate":"2023-04-03","duns":"118989042","numberOfEmployees":{"@type":"QuantitativeValue","minValue":"11","maxValue":"50"},"publishingPrinciples":"https:\/\/talkpal.ai\/publishing-principles\/","actionableFeedbackPolicy":"https:\/\/talkpal.ai\/actionable-feedback-policy\/","correctionsPolicy":"https:\/\/talkpal.ai\/corrections-policy\/","ethicsPolicy":"https:\/\/talkpal.ai\/ethics-policy\/","diversityPolicy":"https:\/\/talkpal.ai\/diversity-policy\/","diversityStaffingReport":"https:\/\/talkpal.ai\/diversity-policy\/"}]}},"_links":{"self":[{"href":"https:\/\/talkpal.ai\/sv\/wp-json\/wp\/v2\/pages\/142361","targetHints":{"allow":["GET"]}}],"collection":[{"href":"https:\/\/talkpal.ai\/sv\/wp-json\/wp\/v2\/pages"}],"about":[{"href":"https:\/\/talkpal.ai\/sv\/wp-json\/wp\/v2\/types\/page"}],"author":[{"embeddable":true,"href":"https:\/\/talkpal.ai\/sv\/wp-json\/wp\/v2\/users\/1"}],"replies":[{"embeddable":true,"href":"https:\/\/talkpal.ai\/sv\/wp-json\/wp\/v2\/comments?post=142361"}],"version-history":[{"count":0,"href":"https:\/\/talkpal.ai\/sv\/wp-json\/wp\/v2\/pages\/142361\/revisions"}],"wp:featuredmedia":[{"embeddable":true,"href":"https:\/\/talkpal.ai\/sv\/wp-json\/wp\/v2\/media\/28261"}],"wp:attachment":[{"href":"https:\/\/talkpal.ai\/sv\/wp-json\/wp\/v2\/media?parent=142361"}],"curies":[{"name":"wp","href":"https:\/\/api.w.org\/{rel}","templated":true}]}}