{"id":142105,"date":"2023-05-14T14:00:56","date_gmt":"2023-05-14T14:00:56","guid":{"rendered":"http:\/\/talkpal.ai\/katalansk-grammatik\/"},"modified":"2025-05-22T18:35:12","modified_gmt":"2025-05-22T18:35:12","slug":"katalansk-grammatik","status":"publish","type":"page","link":"https:\/\/talkpal.ai\/sv\/katalansk-grammatik\/","title":{"rendered":"Katalansk grammatik"},"content":{"rendered":"\r\n\r\n\r\n<section class=\"languageChallengeSection\">\r\n    <div class=\"languageInfoWrapper\">\r\n        \r\n        <h1>Katalansk grammatik<\/h1>\r\n        <p>Dyk in i den <a href=\"https:\/\/talkpal.ai\/learn-catalan\/\">katalanska<\/a> grammatikens v\u00e4rld och uppt\u00e4ck den unika strukturen i detta livfulla romanska spr\u00e5k. Om du beh\u00e4rskar grunderna kommer du att kunna kommunicera mer effektivt och f\u00e5 en djupare kontakt med den katalanska kulturen. B\u00f6rja l\u00e4ra dig <a href=\"https:\/\/talkpal.ai\/sv\/grammar\/kon-i-katalansk-grammatik\/\">katalansk grammatik<\/a> idag och ta ditt f\u00f6rsta steg mot flytande spr\u00e5k!\n\n<\/p>\r\n\r\n                            <a class=\"getStartedHidden\" href=\"https:\/\/app.talkpal.ai\/sv\/signup?lng=\">Kom ig\u00e5ng<\/a>\r\n        \r\n    <\/div>\r\n\r\n    <figure>\r\n    <img decoding=\"async\" width=\"768\" height=\"768\" src=\"https:\/\/talkpal.ai\/wp-content\/uploads\/2023\/06\/catalan-768x768.png\" class=\"languageImage no-lazy\" alt=\"Default alt text\" fetchpriority=\"high\" sizes=\"(max-width: 768px) 150px, 768px\" srcset=\"https:\/\/talkpal.ai\/wp-content\/uploads\/2023\/06\/catalan-768x768.png 768w, https:\/\/talkpal.ai\/wp-content\/uploads\/2023\/06\/catalan-300x300.png 300w\" \/>\r\n    \r\n\r\n    <\/figure>\r\n\r\n            <a class=\"getStartedVisible\" href=\"https:\/\/app.talkpal.ai\/sv\/signup?lng=\">Kom ig\u00e5ng<\/a>\r\n    \r\n<\/section>\r\n        <section class=\"grammarSection\">\r\n            <div class=\"grammarLinks\">\r\n                <a href=\"https:\/\/talkpal.ai\/sv\/language\/adjektiv-katalansk-grammatik\/\">Adjektiv <\/a><a href=\"https:\/\/talkpal.ai\/sv\/language\/adverb-katalansk-grammatik\/\">Adverb <\/a><a href=\"https:\/\/talkpal.ai\/sv\/language\/artiklar-katalansk-grammatik\/\">Artiklar <\/a><a href=\"https:\/\/talkpal.ai\/sv\/language\/jamforelse-av-tempus-katalansk-grammatik\/\">J\u00e4mf\u00f6relse av tempus <\/a><a href=\"https:\/\/talkpal.ai\/sv\/language\/konditionaler-katalansk-grammatik\/\">Konditionaler <\/a><a href=\"https:\/\/talkpal.ai\/sv\/language\/meningar-katalansk-grammatik\/\">Meningar <\/a><a href=\"https:\/\/talkpal.ai\/sv\/language\/perfect-progressive-katalansk-grammatik\/\">Perfect Progressive <\/a><a href=\"https:\/\/talkpal.ai\/sv\/language\/prepositioner-katalansk-grammatik\/\">Prepositioner <\/a><a href=\"https:\/\/talkpal.ai\/sv\/language\/progressiv-katalansk-grammatik\/\">Progressiv <\/a><a href=\"https:\/\/talkpal.ai\/sv\/language\/pronomen-bestamningar-katalansk-grammatik\/\">Pronomen\/best\u00e4mningar <\/a><a href=\"https:\/\/talkpal.ai\/sv\/language\/substantiv-katalansk-grammatik\/\">Substantiv <\/a><a href=\"https:\/\/talkpal.ai\/sv\/language\/tempus-katalansk-grammatik\/\">Tempus <\/a><a href=\"https:\/\/talkpal.ai\/sv\/language\/verb-katalansk-grammatik\/\">Verb <\/a>            <\/div>\r\n        <\/section>\r\n    <section class=\"promotionalBanner\">\r\n    <p class=\"promotionalText\">Det mest effektiva s\u00e4ttet att l\u00e4ra sig ett spr\u00e5k<\/p>\r\n    <a class=\"promotionalLink\" href=\"https:\/\/app.talkpal.ai\/sv\/signup?lng=\">Prova Talkpal gratis<\/a>\r\n<\/section>\n<div class=\"wp-block-group pageContainerStyle\"><div class=\"wp-block-group__inner-container is-layout-constrained wp-block-group-is-layout-constrained\">\n<h2 class=\"wp-block-heading\" id=\"h-catalan-grammar-a-quick-guide-for-language-enthusiasts\">Katalansk grammatik: En snabbguide f\u00f6r spr\u00e5kentusiaster<\/h2>\n\n\n\n<p>Planerar du att l\u00e4ra dig katalanska eller \u00e4r du bara nyfiken p\u00e5 detta vackra romanska spr\u00e5k? D\u00e5 beh\u00f6ver du inte leta l\u00e4ngre! Vi \u00e4r h\u00e4r f\u00f6r att ta dig med p\u00e5 en snabb tur genom den katalanska grammatiken och ge dig grunderna. L\u00e5t <a href=\"https:\/\/talkpal.ai\/locations\/language-courses-in-oss\/\">oss<\/a> dyka ner i detta charmiga spr\u00e5k och utforska hur det fungerar p\u00e5 en grammatisk niv\u00e5.<\/p>\n\n\n\n<p>Katalanska, som <a href=\"https:\/\/talkpal.ai\/locations\/language-courses-in-talas\/\">talas<\/a> av cirka 10 miljoner m\u00e4nniskor fr\u00e4mst i Katalonien, <a href=\"https:\/\/talkpal.ai\/locations\/language-courses-in-valencia\/\">Valencia<\/a> och Balearerna, har en unik blandning av influenser fr\u00e5n latin, <a href=\"https:\/\/talkpal.ai\/learn-spanish\/\">spanska<\/a> och <a href=\"https:\/\/talkpal.ai\/learn-french\/\">franska<\/a>. Precis som du och jag berikar spr\u00e5k sig sj\u00e4lva ytterligare genom att l\u00e5na olika nyanser fr\u00e5n varandra \u00f6ver tid. Vad sp\u00e4nnande!<\/p>\n\n\n\n<p><strong>L\u00e5t oss nu l\u00e4ra oss n\u00e5gra grundl\u00e4ggande aspekter av katalansk grammatik:<\/strong><\/p>\n\n\n\n<h3 class=\"wp-block-heading\" id=\"h-1-nouns-and-gender\">1. Substantiv och genus:<\/h3>\n\n\n\n<p>Sjung med mig &#8211; &#8221;Varje substantiv har makt! Precis som i andra romanska spr\u00e5k \u00e4r katalanska substantiv antingen maskulina eller feminina, och detta &#8221;genus&#8221; p\u00e5verkar hur de anv\u00e4nds med artiklar och adjektiv. Men oroa dig inte! F\u00f6r det mesta \u00e4r substantiv som slutar p\u00e5 &#8221;-a&#8221; feminina, medan de som slutar p\u00e5 &#8221;-o&#8221; (eller andra konsonanter) \u00e4r maskulina. Var dock uppm\u00e4rksam p\u00e5 undantag \u2013 de \u00e4lskar att smyga sig p\u00e5 dig!<\/p>\n\n\n\n<h3 class=\"wp-block-heading\" id=\"h-2-articles\">2. Artiklar:<\/h3>\n\n\n\n<p>Livet skulle vara tr\u00e5kigt utan artiklar, eller hur? N\u00e4r det g\u00e4ller katalanska har vi best\u00e4mda artiklar f\u00f6r att peka ut specifika saker eller personer (t.ex. \u201chunden\u201d eller \u201cboken\u201d) och obest\u00e4mda artiklar f\u00f6r allm\u00e4nna referenser (t.ex. \u201cen hund\u201d eller \u201cen bok\u201d).  <\/p>\n\n\n\n<p>Definita artiklar i katalanskan \u00e4r &#8221;el&#8221; f\u00f6r maskulina singularis, &#8221;la&#8221; f\u00f6r feminina singularis, &#8221;els&#8221; f\u00f6r maskulina pluralnomen och &#8221;les&#8221; f\u00f6r feminina pluralnomen. Obest\u00e4mda artiklar d\u00e4remot \u00e4r &#8221;un&#8221; f\u00f6r maskulina substantiv i singularis och &#8221;una&#8221; f\u00f6r feminina substantiv i singularis. I pluralformen finns det inga specifika obest\u00e4mda artiklar. L\u00e4tt som en pl\u00e4tt, eller hur?<\/p>\n\n\n\n<h3 class=\"wp-block-heading\" id=\"h-3-adjectives\">3. Adjektiv:<\/h3>\n\n\n\n<p>Adjektiv ger smak \u00e5t dina meningar genom att beskriva substantiv, och p\u00e5 katalanska \u00f6verensst\u00e4mmer de i genus och numerus med de substantiv de modifierar. I de flesta fall \u00e4r adjektiv som slutar p\u00e5 &#8221;-o&#8221; maskulina och de som slutar p\u00e5 &#8221;-a&#8221; feminina. F\u00f6r att bilda plural \u00e4ndrar du &#8221;-o&#8221; till &#8221;-os&#8221; (maskulinum) och &#8221;-a&#8221; till &#8221;-es&#8221; (femininum). T\u00e4nk p\u00e5 att vissa adjektiv har en unik form f\u00f6r b\u00e5da k\u00f6nen och att det bara \u00e4r pluralmark\u00f6ren som \u00e4ndras. L\u00e5ter kul, eller hur?<\/p>\n\n\n\n<h3 class=\"wp-block-heading\" id=\"h-4-verbs-and-conjugation\">4. Verb och konjugation:<\/h3>\n\n\n\n<p>Hj\u00e4rtat i varje spr\u00e5k! Verben p\u00e5 katalanska delas in i tre grupper baserat p\u00e5 deras infinitiv\u00e4ndelser: &#8221;-ar&#8221;, &#8221;-er&#8221; och &#8221;-ir&#8221;. Varje grupp har sitt distinkta b\u00f6jningsm\u00f6nster f\u00f6r olika tempus, st\u00e4mningar och pronomen \u2013 precis som att dansa till olika rytmer. Katalanskan har ocks\u00e5 hj\u00e4lpverb (som &#8221;att ha&#8221; och &#8221;att vara&#8221;) som kombineras med andra verb f\u00f6r att skapa sammansatta tempus och passiv r\u00f6st. S\u00e5 ta p\u00e5 dig dansskorna och b\u00f6rja utforska den livliga v\u00e4rlden av katalanska verb.<\/p>\n\n\n\n<h3 class=\"wp-block-heading\" id=\"h-5-word-order\">5. Ordf\u00f6ljd:<\/h3>\n\n\n\n<p>L\u00e5t oss placera orden i r\u00e4tt ordningsf\u00f6ljd! Katalanska f\u00f6ljer vanligtvis en ordf\u00f6ljd f\u00f6r subjekt-verb-objekt (SVO), precis som engelska. Flexibilitet i ordf\u00f6ljden \u00e4r dock till\u00e5ten f\u00f6r betoning eller stilistiska \u00e4ndam\u00e5l. Adjektiv kommer vanligtvis efter substantivet de beskriver, men du kan se dem f\u00f6re substantivet f\u00f6r att betona deras betydelse. Kom ih\u00e5g att \u00f6vning ger f\u00e4rdighet n\u00e4r det g\u00e4ller att beh\u00e4rska ordf\u00f6ljden p\u00e5 katalanska.<\/p>\n\n\n\n<h3 class=\"wp-block-heading\" id=\"h-6-pronouns-and-prepositions\">6. Pronomen och prepositioner:<\/h3>\n\n\n\n<p>Sist men inte minst! Katalanska har subjektspronomen (jag, du, han, hon, etc.) och objektspronomen (jag, du, honom, henne, etc.), som kan genomg\u00e5 olika f\u00f6r\u00e4ndringar beroende p\u00e5 deras funktion i en mening. Dessutom hj\u00e4lper katalanska prepositioner (t.ex. &#8221;a&#8221;, &#8221;de&#8221;, &#8221;en&#8221;, &#8221;amb&#8221;) dig att koppla samman ord och fraser och visa relationer mellan dem.<\/p>\n\n\n\n<p>Puh! Nu har du l\u00e4rt dig grunderna i katalansk grammatik. Forts\u00e4tt utforska, st\u00e4ll fr\u00e5gor och \u00f6va p\u00e5 detta underbara spr\u00e5k. Kom ih\u00e5g att l\u00e4ra sig ett nytt spr\u00e5k \u00e4r som att ge sig ut p\u00e5 en sp\u00e4nnande resa. Du kommer att ha dina upp- och nedg\u00e5ngar, men bel\u00f6ningarna \u00e4r v\u00e4rda anstr\u00e4ngningen. Smaklig m\u00e5ltid!<\/p>\n<\/div><\/div>\n\r\n<section class=\"learnNavigationSection\">\r\n            \r\n        <a href=\"https:\/\/talkpal.ai\/sv\/lar-dig-katalanska\/\">\r\n            <div class=\"learnNavigationWrapper\">\r\n                <div class=\"learnNavigationContent\">\r\n                    <img decoding=\"async\" src=\"https:\/\/talkpal.ai\/wp-content\/uploads\/2024\/08\/Catalan.jpg\" alt=\"Catalan Flag\">\r\n                    <div>\r\n                        <h4>Om Catalan Learning<\/h4>\r\n                        <p>Ta reda p\u00e5 allt om katalansk grammatik.<\/p>\r\n                    <\/div>\r\n                <\/div>\r\n            <\/div>\r\n        <\/a>\r\n\r\n        \r\n        <a href=\"https:\/\/talkpal.ai\/sv\/katalanska-grammatikovningar\/\">\r\n            <div class=\"learnNavigationWrapper\">\r\n                <div class=\"learnNavigationContent\">\r\n                    <img decoding=\"async\" src=\"https:\/\/talkpal.ai\/wp-content\/uploads\/2024\/08\/Catalan.jpg\" alt=\"Catalan Flag\">\r\n                    <div>\r\n                        <h4>\u00d6vning i katalansk grammatik<\/h4>\r\n                        <p>\u00d6va katalansk grammatik.<\/p>\r\n                    <\/div>\r\n                <\/div>\r\n            <\/div>\r\n        <\/a>\r\n\r\n        \r\n        <a href=\"https:\/\/talkpal.ai\/vocabulary_language\/catalan\/\">\r\n            <div class=\"learnNavigationWrapper\">\r\n                <div class=\"learnNavigationContent\">\r\n                    <img decoding=\"async\" src=\"https:\/\/talkpal.ai\/wp-content\/uploads\/2024\/08\/Catalan.jpg\" alt=\"Catalan Flag\">\r\n                    <div>\r\n                        <h4>Katalansk vokabul\u00e4r<\/h4>\r\n                        <p>Ut\u00f6ka ditt katalanska ordf\u00f6rr\u00e5d.<\/p>\r\n                    <\/div>\r\n                <\/div>\r\n            <\/div>\r\n        <\/a>\r\n\r\n            <\/section>","protected":false},"excerpt":{"rendered":"<p>Katalansk grammatik: En snabbguide f\u00f6r spr\u00e5kentusiaster Planerar du att l\u00e4ra dig katalanska eller \u00e4r du bara nyfiken p\u00e5 detta vackra romanska spr\u00e5k? D\u00e5 beh\u00f6ver du inte leta l\u00e4ngre! Vi \u00e4r h\u00e4r f\u00f6r att ta dig med p\u00e5 en snabb tur genom den katalanska grammatiken och ge dig grunderna. L\u00e5t oss dyka ner i detta charmiga [&hellip;]<\/p>\n","protected":false},"author":1,"featured_media":56837,"parent":0,"menu_order":0,"comment_status":"closed","ping_status":"closed","template":"LearningContentPage.php","meta":{"_acf_changed":false,"footnotes":""},"class_list":["post-142105","page","type-page","status-publish","has-post-thumbnail","hentry"],"acf":[],"yoast_head":"<!-- This site is optimized with the Yoast SEO Premium plugin v27.2 (Yoast SEO v27.2) - https:\/\/yoast.com\/product\/yoast-seo-premium-wordpress\/ -->\n<title>Katalansk grammatik - Talkpal<\/title>\n<meta name=\"description\" content=\"Uppt\u00e4ck grunderna i katalansk grammatik och b\u00f6rja din resa in i detta vackra romanska spr\u00e5k idag!\" \/>\n<meta name=\"robots\" content=\"index, follow, max-snippet:-1, max-image-preview:large, max-video-preview:-1\" \/>\n<link rel=\"canonical\" href=\"https:\/\/talkpal.ai\/sv\/katalansk-grammatik\/\" \/>\n<meta property=\"og:locale\" content=\"sv_SE\" \/>\n<meta property=\"og:type\" content=\"article\" \/>\n<meta property=\"og:title\" content=\"Katalansk grammatik\" \/>\n<meta property=\"og:description\" content=\"Katalansk grammatik: En snabbguide f\u00f6r spr\u00e5kentusiaster Planerar du att l\u00e4ra dig katalanska eller \u00e4r du bara nyfiken p\u00e5 detta vackra romanska spr\u00e5k? D\u00e5\" \/>\n<meta property=\"og:url\" content=\"https:\/\/talkpal.ai\/sv\/katalansk-grammatik\/\" \/>\n<meta property=\"og:site_name\" content=\"Talkpal\" \/>\n<meta property=\"article:publisher\" content=\"https:\/\/www.facebook.com\/profile.php?id=100090733639311\" \/>\n<meta property=\"article:modified_time\" content=\"2025-05-22T18:35:12+00:00\" \/>\n<meta property=\"og:image\" content=\"https:\/\/talkpal.ai\/wp-content\/uploads\/2023\/08\/Catalan.png\" \/>\n\t<meta property=\"og:image:width\" content=\"479\" \/>\n\t<meta property=\"og:image:height\" content=\"479\" \/>\n\t<meta property=\"og:image:type\" content=\"image\/png\" \/>\n<meta name=\"twitter:card\" content=\"summary_large_image\" \/>\n<meta name=\"twitter:site\" content=\"@talkpalai\" \/>\n<meta name=\"twitter:label1\" content=\"Ber\u00e4knad l\u00e4stid\" \/>\n\t<meta name=\"twitter:data1\" content=\"4 minuter\" \/>\n<script type=\"application\/ld+json\" class=\"yoast-schema-graph\">{\"@context\":\"https:\/\/schema.org\",\"@graph\":[{\"@type\":\"WebPage\",\"@id\":\"https:\/\/talkpal.ai\/sv\/katalansk-grammatik\/\",\"url\":\"https:\/\/talkpal.ai\/sv\/katalansk-grammatik\/\",\"name\":\"Katalansk grammatik - Talkpal\",\"isPartOf\":{\"@id\":\"https:\/\/talkpal.ai\/sv\/#website\"},\"primaryImageOfPage\":{\"@id\":\"https:\/\/talkpal.ai\/sv\/katalansk-grammatik\/#primaryimage\"},\"image\":{\"@id\":\"https:\/\/talkpal.ai\/sv\/katalansk-grammatik\/#primaryimage\"},\"thumbnailUrl\":\"https:\/\/talkpal.ai\/wp-content\/uploads\/2023\/08\/Catalan.png\",\"datePublished\":\"2023-05-14T14:00:56+00:00\",\"dateModified\":\"2025-05-22T18:35:12+00:00\",\"description\":\"Uppt\u00e4ck grunderna i katalansk grammatik och b\u00f6rja din resa in i detta vackra romanska spr\u00e5k idag!\",\"breadcrumb\":{\"@id\":\"https:\/\/talkpal.ai\/sv\/katalansk-grammatik\/#breadcrumb\"},\"inLanguage\":\"sv-SE\",\"potentialAction\":[{\"@type\":\"ReadAction\",\"target\":[\"https:\/\/talkpal.ai\/sv\/katalansk-grammatik\/\"]}]},{\"@type\":\"ImageObject\",\"inLanguage\":\"sv-SE\",\"@id\":\"https:\/\/talkpal.ai\/sv\/katalansk-grammatik\/#primaryimage\",\"url\":\"https:\/\/talkpal.ai\/wp-content\/uploads\/2023\/08\/Catalan.png\",\"contentUrl\":\"https:\/\/talkpal.ai\/wp-content\/uploads\/2023\/08\/Catalan.png\",\"width\":479,\"height\":479},{\"@type\":\"BreadcrumbList\",\"@id\":\"https:\/\/talkpal.ai\/sv\/katalansk-grammatik\/#breadcrumb\",\"itemListElement\":[{\"@type\":\"ListItem\",\"position\":1,\"name\":\"Homepage\",\"item\":\"https:\/\/talkpal.ai\/sv\/\"},{\"@type\":\"ListItem\",\"position\":2,\"name\":\"Katalansk grammatik\"}]},{\"@type\":\"WebSite\",\"@id\":\"https:\/\/talkpal.ai\/sv\/#website\",\"url\":\"https:\/\/talkpal.ai\/sv\/\",\"name\":\"Talkpal\",\"description\":\"AI Language Learning\",\"publisher\":{\"@id\":\"https:\/\/talkpal.ai\/sv\/#organization\"},\"alternateName\":\"Talkpal AI\",\"potentialAction\":[{\"@type\":\"SearchAction\",\"target\":{\"@type\":\"EntryPoint\",\"urlTemplate\":\"https:\/\/talkpal.ai\/sv\/?s={search_term_string}\"},\"query-input\":{\"@type\":\"PropertyValueSpecification\",\"valueRequired\":true,\"valueName\":\"search_term_string\"}}],\"inLanguage\":\"sv-SE\"},{\"@type\":\"Organization\",\"@id\":\"https:\/\/talkpal.ai\/sv\/#organization\",\"name\":\"Talkpal, Inc.\",\"alternateName\":\"Talkpal AI\",\"url\":\"https:\/\/talkpal.ai\/sv\/\",\"logo\":{\"@type\":\"ImageObject\",\"inLanguage\":\"sv-SE\",\"@id\":\"https:\/\/talkpal.ai\/sv\/#\/schema\/logo\/image\/\",\"url\":\"https:\/\/talkpal.ai\/wp-content\/uploads\/2024\/03\/Talkpal-Logo-Icon.png\",\"contentUrl\":\"https:\/\/talkpal.ai\/wp-content\/uploads\/2024\/03\/Talkpal-Logo-Icon.png\",\"width\":2880,\"height\":2880,\"caption\":\"Talkpal, Inc.\"},\"image\":{\"@id\":\"https:\/\/talkpal.ai\/sv\/#\/schema\/logo\/image\/\"},\"sameAs\":[\"https:\/\/www.facebook.com\/profile.php?id=100090733639311\",\"https:\/\/x.com\/talkpalai\",\"https:\/\/www.linkedin.com\/company\/talkpal\/\",\"https:\/\/www.youtube.com\/@TalkPal\/\",\"https:\/\/www.tiktok.com\/@talkpal\",\"https:\/\/www.instagram.com\/talkpal_ai\/\",\"https:\/\/www.crunchbase.com\/organization\/talkpal-9cde\",\"https:\/\/www.g2.com\/products\/talkpal-for-business\/\",\"https:\/\/www.trustpilot.com\/review\/talkpal.ai\",\"https:\/\/www.capterra.com\/p\/10006800\/TalkPal\/\"],\"description\":\"Talkpal is a language learning web and mobile education app, powered by the latest AI technologies, that provides engaging experiences to its customers in many different languages to help them improve their language skills. Users can chat about unlimited amount of topics with the app and use other modes to practice their language learning.\",\"email\":\"support@talkpal.ai\",\"legalName\":\"Talkpal, Inc.\",\"foundingDate\":\"2023-04-03\",\"duns\":\"118989042\",\"numberOfEmployees\":{\"@type\":\"QuantitativeValue\",\"minValue\":\"11\",\"maxValue\":\"50\"},\"publishingPrinciples\":\"https:\/\/talkpal.ai\/publishing-principles\/\",\"actionableFeedbackPolicy\":\"https:\/\/talkpal.ai\/actionable-feedback-policy\/\",\"correctionsPolicy\":\"https:\/\/talkpal.ai\/corrections-policy\/\",\"ethicsPolicy\":\"https:\/\/talkpal.ai\/ethics-policy\/\",\"diversityPolicy\":\"https:\/\/talkpal.ai\/diversity-policy\/\",\"diversityStaffingReport\":\"https:\/\/talkpal.ai\/diversity-policy\/\"}]}<\/script>\n<!-- \/ Yoast SEO Premium plugin. -->","yoast_head_json":{"title":"Katalansk grammatik - Talkpal","description":"Uppt\u00e4ck grunderna i katalansk grammatik och b\u00f6rja din resa in i detta vackra romanska spr\u00e5k idag!","robots":{"index":"index","follow":"follow","max-snippet":"max-snippet:-1","max-image-preview":"max-image-preview:large","max-video-preview":"max-video-preview:-1"},"canonical":"https:\/\/talkpal.ai\/sv\/katalansk-grammatik\/","og_locale":"sv_SE","og_type":"article","og_title":"Katalansk grammatik","og_description":"Katalansk grammatik: En snabbguide f\u00f6r spr\u00e5kentusiaster Planerar du att l\u00e4ra dig katalanska eller \u00e4r du bara nyfiken p\u00e5 detta vackra romanska spr\u00e5k? D\u00e5","og_url":"https:\/\/talkpal.ai\/sv\/katalansk-grammatik\/","og_site_name":"Talkpal","article_publisher":"https:\/\/www.facebook.com\/profile.php?id=100090733639311","article_modified_time":"2025-05-22T18:35:12+00:00","og_image":[{"width":479,"height":479,"url":"https:\/\/talkpal.ai\/wp-content\/uploads\/2023\/08\/Catalan.png","type":"image\/png"}],"twitter_card":"summary_large_image","twitter_site":"@talkpalai","twitter_misc":{"Ber\u00e4knad l\u00e4stid":"4 minuter"},"schema":{"@context":"https:\/\/schema.org","@graph":[{"@type":"WebPage","@id":"https:\/\/talkpal.ai\/sv\/katalansk-grammatik\/","url":"https:\/\/talkpal.ai\/sv\/katalansk-grammatik\/","name":"Katalansk grammatik - Talkpal","isPartOf":{"@id":"https:\/\/talkpal.ai\/sv\/#website"},"primaryImageOfPage":{"@id":"https:\/\/talkpal.ai\/sv\/katalansk-grammatik\/#primaryimage"},"image":{"@id":"https:\/\/talkpal.ai\/sv\/katalansk-grammatik\/#primaryimage"},"thumbnailUrl":"https:\/\/talkpal.ai\/wp-content\/uploads\/2023\/08\/Catalan.png","datePublished":"2023-05-14T14:00:56+00:00","dateModified":"2025-05-22T18:35:12+00:00","description":"Uppt\u00e4ck grunderna i katalansk grammatik och b\u00f6rja din resa in i detta vackra romanska spr\u00e5k idag!","breadcrumb":{"@id":"https:\/\/talkpal.ai\/sv\/katalansk-grammatik\/#breadcrumb"},"inLanguage":"sv-SE","potentialAction":[{"@type":"ReadAction","target":["https:\/\/talkpal.ai\/sv\/katalansk-grammatik\/"]}]},{"@type":"ImageObject","inLanguage":"sv-SE","@id":"https:\/\/talkpal.ai\/sv\/katalansk-grammatik\/#primaryimage","url":"https:\/\/talkpal.ai\/wp-content\/uploads\/2023\/08\/Catalan.png","contentUrl":"https:\/\/talkpal.ai\/wp-content\/uploads\/2023\/08\/Catalan.png","width":479,"height":479},{"@type":"BreadcrumbList","@id":"https:\/\/talkpal.ai\/sv\/katalansk-grammatik\/#breadcrumb","itemListElement":[{"@type":"ListItem","position":1,"name":"Homepage","item":"https:\/\/talkpal.ai\/sv\/"},{"@type":"ListItem","position":2,"name":"Katalansk grammatik"}]},{"@type":"WebSite","@id":"https:\/\/talkpal.ai\/sv\/#website","url":"https:\/\/talkpal.ai\/sv\/","name":"Talkpal","description":"AI Language Learning","publisher":{"@id":"https:\/\/talkpal.ai\/sv\/#organization"},"alternateName":"Talkpal AI","potentialAction":[{"@type":"SearchAction","target":{"@type":"EntryPoint","urlTemplate":"https:\/\/talkpal.ai\/sv\/?s={search_term_string}"},"query-input":{"@type":"PropertyValueSpecification","valueRequired":true,"valueName":"search_term_string"}}],"inLanguage":"sv-SE"},{"@type":"Organization","@id":"https:\/\/talkpal.ai\/sv\/#organization","name":"Talkpal, Inc.","alternateName":"Talkpal AI","url":"https:\/\/talkpal.ai\/sv\/","logo":{"@type":"ImageObject","inLanguage":"sv-SE","@id":"https:\/\/talkpal.ai\/sv\/#\/schema\/logo\/image\/","url":"https:\/\/talkpal.ai\/wp-content\/uploads\/2024\/03\/Talkpal-Logo-Icon.png","contentUrl":"https:\/\/talkpal.ai\/wp-content\/uploads\/2024\/03\/Talkpal-Logo-Icon.png","width":2880,"height":2880,"caption":"Talkpal, Inc."},"image":{"@id":"https:\/\/talkpal.ai\/sv\/#\/schema\/logo\/image\/"},"sameAs":["https:\/\/www.facebook.com\/profile.php?id=100090733639311","https:\/\/x.com\/talkpalai","https:\/\/www.linkedin.com\/company\/talkpal\/","https:\/\/www.youtube.com\/@TalkPal\/","https:\/\/www.tiktok.com\/@talkpal","https:\/\/www.instagram.com\/talkpal_ai\/","https:\/\/www.crunchbase.com\/organization\/talkpal-9cde","https:\/\/www.g2.com\/products\/talkpal-for-business\/","https:\/\/www.trustpilot.com\/review\/talkpal.ai","https:\/\/www.capterra.com\/p\/10006800\/TalkPal\/"],"description":"Talkpal is a language learning web and mobile education app, powered by the latest AI technologies, that provides engaging experiences to its customers in many different languages to help them improve their language skills. Users can chat about unlimited amount of topics with the app and use other modes to practice their language learning.","email":"support@talkpal.ai","legalName":"Talkpal, Inc.","foundingDate":"2023-04-03","duns":"118989042","numberOfEmployees":{"@type":"QuantitativeValue","minValue":"11","maxValue":"50"},"publishingPrinciples":"https:\/\/talkpal.ai\/publishing-principles\/","actionableFeedbackPolicy":"https:\/\/talkpal.ai\/actionable-feedback-policy\/","correctionsPolicy":"https:\/\/talkpal.ai\/corrections-policy\/","ethicsPolicy":"https:\/\/talkpal.ai\/ethics-policy\/","diversityPolicy":"https:\/\/talkpal.ai\/diversity-policy\/","diversityStaffingReport":"https:\/\/talkpal.ai\/diversity-policy\/"}]}},"_links":{"self":[{"href":"https:\/\/talkpal.ai\/sv\/wp-json\/wp\/v2\/pages\/142105","targetHints":{"allow":["GET"]}}],"collection":[{"href":"https:\/\/talkpal.ai\/sv\/wp-json\/wp\/v2\/pages"}],"about":[{"href":"https:\/\/talkpal.ai\/sv\/wp-json\/wp\/v2\/types\/page"}],"author":[{"embeddable":true,"href":"https:\/\/talkpal.ai\/sv\/wp-json\/wp\/v2\/users\/1"}],"replies":[{"embeddable":true,"href":"https:\/\/talkpal.ai\/sv\/wp-json\/wp\/v2\/comments?post=142105"}],"version-history":[{"count":0,"href":"https:\/\/talkpal.ai\/sv\/wp-json\/wp\/v2\/pages\/142105\/revisions"}],"wp:featuredmedia":[{"embeddable":true,"href":"https:\/\/talkpal.ai\/sv\/wp-json\/wp\/v2\/media\/56837"}],"wp:attachment":[{"href":"https:\/\/talkpal.ai\/sv\/wp-json\/wp\/v2\/media?parent=142105"}],"curies":[{"name":"wp","href":"https:\/\/api.w.org\/{rel}","templated":true}]}}