{"id":141678,"date":"2023-05-14T14:00:39","date_gmt":"2023-05-14T14:00:39","guid":{"rendered":"http:\/\/talkpal.ai\/bulgarisk-grammatik\/"},"modified":"2025-05-22T14:37:36","modified_gmt":"2025-05-22T14:37:36","slug":"bulgarisk-grammatik","status":"publish","type":"page","link":"https:\/\/talkpal.ai\/sv\/bulgarisk-grammatik\/","title":{"rendered":"Bulgarisk grammatik"},"content":{"rendered":"\r\n\r\n\r\n<section class=\"languageChallengeSection\">\r\n    <div class=\"languageInfoWrapper\">\r\n        \r\n        <h1>Bulgarisk grammatik<\/h1>\r\n        <p>Utforska den <a href=\"https:\/\/talkpal.ai\/learn-bulgarian\/\">bulgariska<\/a> grammatikens unika egenskaper och f\u00e5 verktygen f\u00f6r att kommunicera s\u00e4kert p\u00e5 detta livfulla slaviska spr\u00e5k. Genom att f\u00f6rst\u00e5 de viktigaste reglerna f\u00f6rb\u00e4ttrar du din f\u00f6rm\u00e5ga att f\u00e5 kontakt med modersm\u00e5lstalare och f\u00f6rdjupa dig i Bulgariens rika kulturarv. B\u00f6rja din <a href=\"https:\/\/talkpal.ai\/learn-bulgarian\/\">bulgariska<\/a> grammatikresa idag och ta ditt f\u00f6rsta steg mot att beh\u00e4rska spr\u00e5ket!<\/p>\r\n\r\n                            <a class=\"getStartedHidden\" href=\"https:\/\/app.talkpal.ai\/sv\/signup?lng=\">Kom ig\u00e5ng<\/a>\r\n        \r\n    <\/div>\r\n\r\n    <figure>\r\n    <img decoding=\"async\" width=\"768\" height=\"768\" src=\"https:\/\/talkpal.ai\/wp-content\/uploads\/2023\/06\/bulgarian-768x768.png\" class=\"languageImage no-lazy\" alt=\"Default alt text\" fetchpriority=\"high\" sizes=\"(max-width: 768px) 150px, 768px\" srcset=\"https:\/\/talkpal.ai\/wp-content\/uploads\/2023\/06\/bulgarian-768x768.png 768w, https:\/\/talkpal.ai\/wp-content\/uploads\/2023\/06\/bulgarian-300x300.png 300w\" \/>\r\n    \r\n\r\n    <\/figure>\r\n\r\n            <a class=\"getStartedVisible\" href=\"https:\/\/app.talkpal.ai\/sv\/signup?lng=\">Kom ig\u00e5ng<\/a>\r\n    \r\n<\/section>\r\n        <section class=\"grammarSection\">\r\n            <div class=\"grammarLinks\">\r\n                <a href=\"https:\/\/talkpal.ai\/sv\/language\/adjektiv-bulgarisk-grammatik\/\">Adjektiv <\/a><a href=\"https:\/\/talkpal.ai\/sv\/language\/adverb-bulgarisk-grammatik\/\">Adverb <\/a><a href=\"https:\/\/talkpal.ai\/sv\/language\/artiklar-bulgarisk-grammatik\/\">Artiklar <\/a><a href=\"https:\/\/talkpal.ai\/sv\/language\/jamforelse-av-tempus-bulgarisk-grammatik\/\">J\u00e4mf\u00f6relse av tempus <\/a><a href=\"https:\/\/talkpal.ai\/sv\/language\/konditionaler-bulgarisk-grammatik\/\">Konditionaler <\/a><a href=\"https:\/\/talkpal.ai\/sv\/language\/meningar-bulgarisk-grammatik\/\">Meningar <\/a><a href=\"https:\/\/talkpal.ai\/sv\/language\/perfect-progressive-bulgarisk-grammatik\/\">Perfect Progressive <\/a><a href=\"https:\/\/talkpal.ai\/sv\/language\/prepositioner-bulgarisk-grammatik\/\">Prepositioner <\/a><a href=\"https:\/\/talkpal.ai\/sv\/language\/progressiv-bulgarisk-grammatik\/\">Progressiv <\/a><a href=\"https:\/\/talkpal.ai\/sv\/language\/pronomen-bestamningsfaktorer-bulgarisk-grammatik\/\">Pronomen\/best\u00e4mningsfaktorer <\/a><a href=\"https:\/\/talkpal.ai\/sv\/language\/substantiv-bulgarisk-grammatik\/\">Substantiv <\/a><a href=\"https:\/\/talkpal.ai\/sv\/language\/tempus-bulgarisk-grammatik\/\">Tempus <\/a><a href=\"https:\/\/talkpal.ai\/sv\/language\/verb-bulgarisk-grammatik\/\">Verb <\/a>            <\/div>\r\n        <\/section>\r\n    <section class=\"promotionalBanner\">\r\n    <p class=\"promotionalText\">Det mest effektiva s\u00e4ttet att l\u00e4ra sig ett spr\u00e5k<\/p>\r\n    <a class=\"promotionalLink\" href=\"https:\/\/app.talkpal.ai\/sv\/signup?lng=\">Prova Talkpal gratis<\/a>\r\n<\/section>\n<div class=\"wp-block-group pageContainerStyle\"><div class=\"wp-block-group__inner-container is-layout-constrained wp-block-group-is-layout-constrained\">\n<h2 class=\"wp-block-heading\" id=\"h-the-ultimate-guide-to-bulgarian-grammar-navigating-the-intricacies-of-a-rich-language\">Den ultimata guiden till bulgarisk grammatik: Navigera i ett rikt spr\u00e5ks kr\u00e5ngligheter<\/h2>\n\n\n\n<p><a href=\"https:\/\/talkpal.ai\/bulgarian-grammar\/\">Bulgarisk grammatik<\/a>, liksom spr\u00e5ket sj\u00e4lvt, \u00e4r en fascinerande blandning av enkelhet, komplexitet och rik kulturhistoria. Bulgariskan \u00e4r ett av de \u00e4ldsta slaviska spr\u00e5ken och erbjuder spr\u00e5klig sp\u00e4nning f\u00f6r eleverna och utmanar \u00e4ven de mest skickliga talarna. I <a href=\"https:\/\/talkpal.ai\/culture\/how-do-i-use-den-har-and-det-har\/\">den h\u00e4r<\/a> guiden utforskar vi de viktigaste principerna i <a href=\"https:\/\/talkpal.ai\/bulgarian-grammar\/\">bulgarisk grammatik<\/a>, avmystifierar dess komplexitet och hj\u00e4lper dig p\u00e5 din resa mot att beh\u00e4rska detta vackra spr\u00e5k. L\u00e5t <a href=\"https:\/\/talkpal.ai\/locations\/language-courses-in-oss\/\">oss<\/a> dyka in!<\/p>\n\n\n\n<h2 class=\"wp-block-heading\" id=\"h-the-nuts-and-bolts-bulgarian-sentence-structure\">Muttrar och bultar: Bulgarisk meningsstruktur<\/h2>\n\n\n\n<p>I grund och botten \u00e4r bulgarisk <a href=\"https:\/\/talkpal.ai\/fr\/les\/\">grammatik<\/a> ganska okomplicerad. Spr\u00e5ket f\u00f6ljer SVO-meningsstrukturen (Subject-Verb-Object), som liknar <a href=\"https:\/\/talkpal.ai\/learn-english-with-ai\/\">engelska<\/a> och m\u00e5nga andra spr\u00e5k. Till exempel kan meningen &#8221;Jag \u00e4ter ett \u00e4pple&#8221; \u00f6vers\u00e4ttas till &#8221;\u0410\u0437 \u044f\u043c \u044f\u0431\u044a\u043b\u043a\u0430&#8221; (Az yam yabalka). Enkelt, eller hur? Men n\u00e4r vi gr\u00e4ver djupare kommer du att uppt\u00e4cka att den bulgariska grammatiken \u00e4r full av \u00f6verraskningar och unika egenskaper.<\/p>\n\n\n\n<h3 class=\"wp-block-heading\" id=\"h-meet-the-family-bulgarian-nouns-and-their-genders\">M\u00f6t familjen: Bulgariska substantiv och deras genus<\/h3>\n\n\n\n<p>En av de mest f\u00f6rbryllande aspekterna av bulgarisk grammatik f\u00f6r <a href=\"https:\/\/talkpal.ai\/english-speaking-course\/\">engelsktalande<\/a> \u00e4r begreppet grammatiskt genus. P\u00e5 bulgariska tilldelas varje substantiv ett av tre genus &#8211; maskulinum, femininum och neutrum. Det \u00e4r viktigt att k\u00e4nna igen ett substantivs k\u00f6n eftersom det p\u00e5verkar formen p\u00e5 adjektiv och pronomen och b\u00f6jningen av verb som f\u00f6ljer.<\/p>\n\n\n\n<p>S\u00e5, hur best\u00e4mmer man k\u00f6net p\u00e5 ett substantiv? I allm\u00e4nhet handlar det om slutet:<\/p>\n\n\n\n<p><strong>&#8211; Maskulina substantiv slutar vanligtvis p\u00e5 en konsonant.<\/strong><\/p>\n\n\n\n<p><strong>&#8211; Feminina substantiv slutar vanligtvis p\u00e5 -\u0430 (-a) eller -\u044f (-ya).<\/strong><\/p>\n\n\n\n<p><strong>&#8211; Neutrala substantiv slutar ofta p\u00e5 -\u043e (-o) eller -\u0435 (-\u0435).<\/strong><\/p>\n\n\n\n<p>Till exempel betyder &#8221;\u043c\u044a\u0436&#8221; (mazh) &#8221;man&#8221; och \u00e4r maskulin, &#8221;\u0436\u0435\u043d\u0430&#8221; (zhena) betyder &#8221;kvinna&#8221; och \u00e4r feminin, och &#8221;\u0434\u0435\u0442\u0435&#8221; (dete) betyder &#8221;barn&#8221; och \u00e4r neutrum.<\/p>\n\n\n\n<p>Naturligtvis finns det undantag, och d\u00e4rf\u00f6r \u00e4r det viktigt att l\u00e4ra sig substantiv tillsammans med deras k\u00f6n.<\/p>\n\n\n\n<h3 class=\"wp-block-heading\" id=\"h-playing-with-numbers-bulgarian-plurals\">Leka med siffror: Bulgariska pluralformer<\/h3>\n\n\n\n<p>N\u00e4r du har l\u00e4rt dig genus f\u00f6r bulgariska substantiv \u00e4r det dags att ta itu med deras pluralis. I allm\u00e4nhet bildar man pluralis genom att l\u00e4gga till specifika \u00e4ndelser som motsvarar substantivets k\u00f6n:<\/p>\n\n\n\n<p><strong>&#8211; Maskulina substantiv \u00e4ndrar den sista konsonanten till -\u0438 (-i) eller l\u00e4gger till -\u043e\u0432\u0435 (-ove).<\/strong><\/p>\n\n\n\n<p><strong>&#8211; Feminina substantiv ers\u00e4tter -\u0430 eller -\u044f med -\u0438 eller -\u0435.<\/strong><\/p>\n\n\n\n<p><strong>&#8211; Neutrala substantiv ers\u00e4tter -\u043e eller -\u0435 med -\u0430.<\/strong><\/p>\n\n\n\n<p>Till exempel blir &#8221;\u0443\u0447\u0435\u043d\u0438\u043a&#8221; (uchenik, maskulinum) &#8221;\u0443\u0447\u0435\u043d\u0438\u0446\u0438&#8221; (uchenici, studenter) och &#8221;\u043a\u043d\u0438\u0433\u0430&#8221; (kniga, femininum) blir &#8221;\u043a\u043d\u0438\u0433\u0438&#8221; (knigi, b\u00f6cker).<\/p>\n\n\n\n<p>Denna regel har undantag, s\u00e5 h\u00e5ll utkik efter oregelbundna pluralformer och ut\u00f6ka ditt ordf\u00f6rr\u00e5d d\u00e4refter.<\/p>\n\n\n\n<h3 class=\"wp-block-heading\" id=\"h-the-art-of-conjugation-bulgarian-verbs\">Konsten att b\u00f6ja: Bulgariska verb<\/h3>\n\n\n\n<p>Bulgariska verb kan vara skr\u00e4mmande p\u00e5 grund av deras stora antal tempus, modus och b\u00f6jningar. Nyckeln till att kn\u00e4cka dem \u00e4r dock att k\u00e4nna igen m\u00f6nster och \u00f6va regelbundet.<\/p>\n\n\n\n<p>P\u00e5 bulgariska delas verb in i tre grupper baserat p\u00e5 deras infinitiv\u00e4ndelse, -\u0430 (-a), -\u0435 (-\u0435) eller -\u0438 (-i). Varje grupp har sina specifika b\u00f6jningsregler. L\u00e5t oss till exempel ta verbet &#8221;\u043f\u0438\u0448\u0430&#8221; (pisha, &#8221;att skriva&#8221;):<\/p>\n\n\n\n<p><strong>Presens: \u0410\u0437 \u043f\u0438\u0448\u0430 (Az pisha, &#8221;Jag skriver&#8221;)<\/strong><\/p>\n\n\n\n<p><strong>F\u00f6rfluten tid: \u0410\u0437 \u043f\u0438\u0441\u0430\u0445 (Az pisah, &#8221;Jag skrev&#8221;)<\/strong><\/p>\n\n\n\n<p><strong>Framtidsform: \u0410\u0437 \u0449\u0435 \u043f\u0438\u0448\u0430 (Az shte pisha, &#8221;Jag kommer att skriva&#8221;)<\/strong><\/p>\n\n\n\n<p>Som du kan se \u00e4ndras \u00e4ndelserna beroende p\u00e5 tempus. Och detta skrapar inte ens p\u00e5 ytan av bulgarisk verbb\u00f6jning! Men l\u00e5t dig inte \u00f6verv\u00e4ldigas av det. Med \u00f6vning och t\u00e5lamod kommer du att b\u00f6rja k\u00e4nna igen m\u00f6nstren och \u00f6vervinna den h\u00e4r utmaningen.<\/p>\n\n\n\n<h3 class=\"wp-block-heading\" id=\"h-the-finishing-touches-bulgarian-adjectives-adverbs-and-more\">Pricken \u00f6ver i:et: Bulgariska adjektiv, adverb och mer<\/h3>\n\n\n\n<p>N\u00e4r det g\u00e4ller bulgariska adjektiv och adverb spelar de en avg\u00f6rande roll f\u00f6r att ge ditt tal djup och komplexitet. Adjektiv m\u00e5ste \u00f6verensst\u00e4mma med de substantiv som de modifierar n\u00e4r det g\u00e4ller k\u00f6n, och du hittar vanligtvis tre former &#8211; maskulinum, femininum och neutrum.<\/p>\n\n\n\n<p>Till exempel betyder &#8221;\u0434\u043e\u0431\u044a\u0440&#8221; (dobur) &#8221;bra&#8221; och f\u00f6rekommer som &#8221;\u0434\u043e\u0431\u044a\u0440 \u043c\u044a\u0436&#8221; (dobur mazh, &#8221;bra man&#8221;), &#8221;\u0434\u043e\u0431\u0440\u0430 \u0436\u0435\u043d\u0430&#8221; (dobra zhena, &#8221;bra kvinna&#8221;) och &#8221;\u0434\u043e\u0431\u0440\u043e \u0434\u0435\u0442\u0435&#8221; (dobro dete, &#8221;bra barn&#8221;). Adverb f\u00f6ljer liknande m\u00f6nster, ofta h\u00e4rledda fr\u00e5n adjektiv.<\/p>\n\n\n\n<p>Sammanfattningsvis kan man s\u00e4ga att den bulgariska grammatikens invecklade detaljer och egenheter, \u00e4ven om de \u00e4r komplexa, ger spr\u00e5ket dess f\u00e4ngslande sk\u00f6nhet och karakt\u00e4r. Med en kombination av uth\u00e5llighet, nyfikenhet och praktisk till\u00e4mpning kommer du snart att navigera i den bulgariska grammatiken med l\u00e4tthet och sj\u00e4lvf\u00f6rtroende. Lycka till med l\u00e4randet!<\/p>\n<\/div><\/div>\n\r\n<section class=\"learnNavigationSection\">\r\n            \r\n        <a href=\"https:\/\/talkpal.ai\/sv\/lar-dig-bulgariska\/\">\r\n            <div class=\"learnNavigationWrapper\">\r\n                <div class=\"learnNavigationContent\">\r\n                    <img decoding=\"async\" src=\"https:\/\/talkpal.ai\/wp-content\/uploads\/2024\/08\/Bulgarian.jpg\" alt=\"Bulgarian Flag\">\r\n                    <div>\r\n                        <h4>Om att l\u00e4ra sig bulgariska<\/h4>\r\n                        <p>Ta reda p\u00e5 allt om bulgarisk grammatik.<\/p>\r\n                    <\/div>\r\n                <\/div>\r\n            <\/div>\r\n        <\/a>\r\n\r\n        \r\n        <a href=\"https:\/\/talkpal.ai\/sv\/bulgariska-grammatikovningar\/\">\r\n            <div class=\"learnNavigationWrapper\">\r\n                <div class=\"learnNavigationContent\">\r\n                    <img decoding=\"async\" src=\"https:\/\/talkpal.ai\/wp-content\/uploads\/2024\/08\/Bulgarian.jpg\" alt=\"Bulgarian Flag\">\r\n                    <div>\r\n                        <h4>Bulgarisk grammatik \u00f6vning<\/h4>\r\n                        <p>\u00d6va bulgarisk grammatik.<\/p>\r\n                    <\/div>\r\n                <\/div>\r\n            <\/div>\r\n        <\/a>\r\n\r\n        \r\n        <a href=\"https:\/\/talkpal.ai\/vocabulary_language\/bulgarian\/\">\r\n            <div class=\"learnNavigationWrapper\">\r\n                <div class=\"learnNavigationContent\">\r\n                    <img decoding=\"async\" src=\"https:\/\/talkpal.ai\/wp-content\/uploads\/2024\/08\/Bulgarian.jpg\" alt=\"Bulgarian Flag\">\r\n                    <div>\r\n                        <h4>Bulgarisk vokabul\u00e4r<\/h4>\r\n                        <p>Ut\u00f6ka ditt bulgariska ordf\u00f6rr\u00e5d.<\/p>\r\n                    <\/div>\r\n                <\/div>\r\n            <\/div>\r\n        <\/a>\r\n\r\n            <\/section>","protected":false},"excerpt":{"rendered":"<p>Den ultimata guiden till bulgarisk grammatik: Navigera i ett rikt spr\u00e5ks kr\u00e5ngligheter Bulgarisk grammatik, liksom spr\u00e5ket sj\u00e4lvt, \u00e4r en fascinerande blandning av enkelhet, komplexitet och rik kulturhistoria. Bulgariskan \u00e4r ett av de \u00e4ldsta slaviska spr\u00e5ken och erbjuder spr\u00e5klig sp\u00e4nning f\u00f6r eleverna och utmanar \u00e4ven de mest skickliga talarna. I den h\u00e4r guiden utforskar vi de [&hellip;]<\/p>\n","protected":false},"author":1,"featured_media":28229,"parent":0,"menu_order":0,"comment_status":"closed","ping_status":"closed","template":"LearningContentPage.php","meta":{"_acf_changed":false,"footnotes":""},"class_list":["post-141678","page","type-page","status-publish","has-post-thumbnail","hentry"],"acf":[],"yoast_head":"<!-- This site is optimized with the Yoast SEO Premium plugin v27.2 (Yoast SEO v27.2) - https:\/\/yoast.com\/product\/yoast-seo-premium-wordpress\/ -->\n<title>Bulgarisk grammatik - Talkpal<\/title>\n<meta name=\"description\" content=\"Utforska grunderna i bulgarisk grammatik f\u00f6r b\u00e4ttre spr\u00e5kf\u00f6rst\u00e5else och kommunikationsf\u00f6rm\u00e5ga.\" \/>\n<meta name=\"robots\" content=\"index, follow, max-snippet:-1, max-image-preview:large, max-video-preview:-1\" \/>\n<link rel=\"canonical\" href=\"https:\/\/talkpal.ai\/sv\/bulgarisk-grammatik\/\" \/>\n<meta property=\"og:locale\" content=\"sv_SE\" \/>\n<meta property=\"og:type\" content=\"article\" \/>\n<meta property=\"og:title\" content=\"Bulgarisk grammatik\" \/>\n<meta property=\"og:description\" content=\"Den ultimata guiden till bulgarisk grammatik: Navigera i ett rikt spr\u00e5ks kr\u00e5ngligheter Bulgarisk grammatik, liksom spr\u00e5ket sj\u00e4lvt, \u00e4r en fascinerande\" \/>\n<meta property=\"og:url\" content=\"https:\/\/talkpal.ai\/sv\/bulgarisk-grammatik\/\" \/>\n<meta property=\"og:site_name\" content=\"Talkpal\" \/>\n<meta property=\"article:publisher\" content=\"https:\/\/www.facebook.com\/profile.php?id=100090733639311\" \/>\n<meta property=\"article:modified_time\" content=\"2025-05-22T14:37:36+00:00\" \/>\n<meta property=\"og:image\" content=\"https:\/\/talkpal.ai\/wp-content\/uploads\/2023\/05\/bulgaria.png\" \/>\n\t<meta property=\"og:image:width\" content=\"512\" \/>\n\t<meta property=\"og:image:height\" content=\"512\" \/>\n\t<meta property=\"og:image:type\" content=\"image\/png\" \/>\n<meta name=\"twitter:card\" content=\"summary_large_image\" \/>\n<meta name=\"twitter:site\" content=\"@talkpalai\" \/>\n<meta name=\"twitter:label1\" content=\"Ber\u00e4knad l\u00e4stid\" \/>\n\t<meta name=\"twitter:data1\" content=\"4 minuter\" \/>\n<script type=\"application\/ld+json\" class=\"yoast-schema-graph\">{\"@context\":\"https:\/\/schema.org\",\"@graph\":[{\"@type\":\"WebPage\",\"@id\":\"https:\/\/talkpal.ai\/sv\/bulgarisk-grammatik\/\",\"url\":\"https:\/\/talkpal.ai\/sv\/bulgarisk-grammatik\/\",\"name\":\"Bulgarisk grammatik - Talkpal\",\"isPartOf\":{\"@id\":\"https:\/\/talkpal.ai\/sv\/#website\"},\"primaryImageOfPage\":{\"@id\":\"https:\/\/talkpal.ai\/sv\/bulgarisk-grammatik\/#primaryimage\"},\"image\":{\"@id\":\"https:\/\/talkpal.ai\/sv\/bulgarisk-grammatik\/#primaryimage\"},\"thumbnailUrl\":\"https:\/\/talkpal.ai\/wp-content\/uploads\/2023\/05\/bulgaria.png\",\"datePublished\":\"2023-05-14T14:00:39+00:00\",\"dateModified\":\"2025-05-22T14:37:36+00:00\",\"description\":\"Utforska grunderna i bulgarisk grammatik f\u00f6r b\u00e4ttre spr\u00e5kf\u00f6rst\u00e5else och kommunikationsf\u00f6rm\u00e5ga.\",\"breadcrumb\":{\"@id\":\"https:\/\/talkpal.ai\/sv\/bulgarisk-grammatik\/#breadcrumb\"},\"inLanguage\":\"sv-SE\",\"potentialAction\":[{\"@type\":\"ReadAction\",\"target\":[\"https:\/\/talkpal.ai\/sv\/bulgarisk-grammatik\/\"]}]},{\"@type\":\"ImageObject\",\"inLanguage\":\"sv-SE\",\"@id\":\"https:\/\/talkpal.ai\/sv\/bulgarisk-grammatik\/#primaryimage\",\"url\":\"https:\/\/talkpal.ai\/wp-content\/uploads\/2023\/05\/bulgaria.png\",\"contentUrl\":\"https:\/\/talkpal.ai\/wp-content\/uploads\/2023\/05\/bulgaria.png\",\"width\":512,\"height\":512},{\"@type\":\"BreadcrumbList\",\"@id\":\"https:\/\/talkpal.ai\/sv\/bulgarisk-grammatik\/#breadcrumb\",\"itemListElement\":[{\"@type\":\"ListItem\",\"position\":1,\"name\":\"Homepage\",\"item\":\"https:\/\/talkpal.ai\/sv\/\"},{\"@type\":\"ListItem\",\"position\":2,\"name\":\"Bulgarisk grammatik\"}]},{\"@type\":\"WebSite\",\"@id\":\"https:\/\/talkpal.ai\/sv\/#website\",\"url\":\"https:\/\/talkpal.ai\/sv\/\",\"name\":\"Talkpal\",\"description\":\"AI Language Learning\",\"publisher\":{\"@id\":\"https:\/\/talkpal.ai\/sv\/#organization\"},\"alternateName\":\"Talkpal AI\",\"potentialAction\":[{\"@type\":\"SearchAction\",\"target\":{\"@type\":\"EntryPoint\",\"urlTemplate\":\"https:\/\/talkpal.ai\/sv\/?s={search_term_string}\"},\"query-input\":{\"@type\":\"PropertyValueSpecification\",\"valueRequired\":true,\"valueName\":\"search_term_string\"}}],\"inLanguage\":\"sv-SE\"},{\"@type\":\"Organization\",\"@id\":\"https:\/\/talkpal.ai\/sv\/#organization\",\"name\":\"Talkpal, Inc.\",\"alternateName\":\"Talkpal AI\",\"url\":\"https:\/\/talkpal.ai\/sv\/\",\"logo\":{\"@type\":\"ImageObject\",\"inLanguage\":\"sv-SE\",\"@id\":\"https:\/\/talkpal.ai\/sv\/#\/schema\/logo\/image\/\",\"url\":\"https:\/\/talkpal.ai\/wp-content\/uploads\/2024\/03\/Talkpal-Logo-Icon.png\",\"contentUrl\":\"https:\/\/talkpal.ai\/wp-content\/uploads\/2024\/03\/Talkpal-Logo-Icon.png\",\"width\":2880,\"height\":2880,\"caption\":\"Talkpal, Inc.\"},\"image\":{\"@id\":\"https:\/\/talkpal.ai\/sv\/#\/schema\/logo\/image\/\"},\"sameAs\":[\"https:\/\/www.facebook.com\/profile.php?id=100090733639311\",\"https:\/\/x.com\/talkpalai\",\"https:\/\/www.linkedin.com\/company\/talkpal\/\",\"https:\/\/www.youtube.com\/@TalkPal\/\",\"https:\/\/www.tiktok.com\/@talkpal\",\"https:\/\/www.instagram.com\/talkpal_ai\/\",\"https:\/\/www.crunchbase.com\/organization\/talkpal-9cde\",\"https:\/\/www.g2.com\/products\/talkpal-for-business\/\",\"https:\/\/www.trustpilot.com\/review\/talkpal.ai\",\"https:\/\/www.capterra.com\/p\/10006800\/TalkPal\/\"],\"description\":\"Talkpal is a language learning web and mobile education app, powered by the latest AI technologies, that provides engaging experiences to its customers in many different languages to help them improve their language skills. Users can chat about unlimited amount of topics with the app and use other modes to practice their language learning.\",\"email\":\"support@talkpal.ai\",\"legalName\":\"Talkpal, Inc.\",\"foundingDate\":\"2023-04-03\",\"duns\":\"118989042\",\"numberOfEmployees\":{\"@type\":\"QuantitativeValue\",\"minValue\":\"11\",\"maxValue\":\"50\"},\"publishingPrinciples\":\"https:\/\/talkpal.ai\/publishing-principles\/\",\"actionableFeedbackPolicy\":\"https:\/\/talkpal.ai\/actionable-feedback-policy\/\",\"correctionsPolicy\":\"https:\/\/talkpal.ai\/corrections-policy\/\",\"ethicsPolicy\":\"https:\/\/talkpal.ai\/ethics-policy\/\",\"diversityPolicy\":\"https:\/\/talkpal.ai\/diversity-policy\/\",\"diversityStaffingReport\":\"https:\/\/talkpal.ai\/diversity-policy\/\"}]}<\/script>\n<!-- \/ Yoast SEO Premium plugin. -->","yoast_head_json":{"title":"Bulgarisk grammatik - Talkpal","description":"Utforska grunderna i bulgarisk grammatik f\u00f6r b\u00e4ttre spr\u00e5kf\u00f6rst\u00e5else och kommunikationsf\u00f6rm\u00e5ga.","robots":{"index":"index","follow":"follow","max-snippet":"max-snippet:-1","max-image-preview":"max-image-preview:large","max-video-preview":"max-video-preview:-1"},"canonical":"https:\/\/talkpal.ai\/sv\/bulgarisk-grammatik\/","og_locale":"sv_SE","og_type":"article","og_title":"Bulgarisk grammatik","og_description":"Den ultimata guiden till bulgarisk grammatik: Navigera i ett rikt spr\u00e5ks kr\u00e5ngligheter Bulgarisk grammatik, liksom spr\u00e5ket sj\u00e4lvt, \u00e4r en fascinerande","og_url":"https:\/\/talkpal.ai\/sv\/bulgarisk-grammatik\/","og_site_name":"Talkpal","article_publisher":"https:\/\/www.facebook.com\/profile.php?id=100090733639311","article_modified_time":"2025-05-22T14:37:36+00:00","og_image":[{"width":512,"height":512,"url":"https:\/\/talkpal.ai\/wp-content\/uploads\/2023\/05\/bulgaria.png","type":"image\/png"}],"twitter_card":"summary_large_image","twitter_site":"@talkpalai","twitter_misc":{"Ber\u00e4knad l\u00e4stid":"4 minuter"},"schema":{"@context":"https:\/\/schema.org","@graph":[{"@type":"WebPage","@id":"https:\/\/talkpal.ai\/sv\/bulgarisk-grammatik\/","url":"https:\/\/talkpal.ai\/sv\/bulgarisk-grammatik\/","name":"Bulgarisk grammatik - Talkpal","isPartOf":{"@id":"https:\/\/talkpal.ai\/sv\/#website"},"primaryImageOfPage":{"@id":"https:\/\/talkpal.ai\/sv\/bulgarisk-grammatik\/#primaryimage"},"image":{"@id":"https:\/\/talkpal.ai\/sv\/bulgarisk-grammatik\/#primaryimage"},"thumbnailUrl":"https:\/\/talkpal.ai\/wp-content\/uploads\/2023\/05\/bulgaria.png","datePublished":"2023-05-14T14:00:39+00:00","dateModified":"2025-05-22T14:37:36+00:00","description":"Utforska grunderna i bulgarisk grammatik f\u00f6r b\u00e4ttre spr\u00e5kf\u00f6rst\u00e5else och kommunikationsf\u00f6rm\u00e5ga.","breadcrumb":{"@id":"https:\/\/talkpal.ai\/sv\/bulgarisk-grammatik\/#breadcrumb"},"inLanguage":"sv-SE","potentialAction":[{"@type":"ReadAction","target":["https:\/\/talkpal.ai\/sv\/bulgarisk-grammatik\/"]}]},{"@type":"ImageObject","inLanguage":"sv-SE","@id":"https:\/\/talkpal.ai\/sv\/bulgarisk-grammatik\/#primaryimage","url":"https:\/\/talkpal.ai\/wp-content\/uploads\/2023\/05\/bulgaria.png","contentUrl":"https:\/\/talkpal.ai\/wp-content\/uploads\/2023\/05\/bulgaria.png","width":512,"height":512},{"@type":"BreadcrumbList","@id":"https:\/\/talkpal.ai\/sv\/bulgarisk-grammatik\/#breadcrumb","itemListElement":[{"@type":"ListItem","position":1,"name":"Homepage","item":"https:\/\/talkpal.ai\/sv\/"},{"@type":"ListItem","position":2,"name":"Bulgarisk grammatik"}]},{"@type":"WebSite","@id":"https:\/\/talkpal.ai\/sv\/#website","url":"https:\/\/talkpal.ai\/sv\/","name":"Talkpal","description":"AI Language Learning","publisher":{"@id":"https:\/\/talkpal.ai\/sv\/#organization"},"alternateName":"Talkpal AI","potentialAction":[{"@type":"SearchAction","target":{"@type":"EntryPoint","urlTemplate":"https:\/\/talkpal.ai\/sv\/?s={search_term_string}"},"query-input":{"@type":"PropertyValueSpecification","valueRequired":true,"valueName":"search_term_string"}}],"inLanguage":"sv-SE"},{"@type":"Organization","@id":"https:\/\/talkpal.ai\/sv\/#organization","name":"Talkpal, Inc.","alternateName":"Talkpal AI","url":"https:\/\/talkpal.ai\/sv\/","logo":{"@type":"ImageObject","inLanguage":"sv-SE","@id":"https:\/\/talkpal.ai\/sv\/#\/schema\/logo\/image\/","url":"https:\/\/talkpal.ai\/wp-content\/uploads\/2024\/03\/Talkpal-Logo-Icon.png","contentUrl":"https:\/\/talkpal.ai\/wp-content\/uploads\/2024\/03\/Talkpal-Logo-Icon.png","width":2880,"height":2880,"caption":"Talkpal, Inc."},"image":{"@id":"https:\/\/talkpal.ai\/sv\/#\/schema\/logo\/image\/"},"sameAs":["https:\/\/www.facebook.com\/profile.php?id=100090733639311","https:\/\/x.com\/talkpalai","https:\/\/www.linkedin.com\/company\/talkpal\/","https:\/\/www.youtube.com\/@TalkPal\/","https:\/\/www.tiktok.com\/@talkpal","https:\/\/www.instagram.com\/talkpal_ai\/","https:\/\/www.crunchbase.com\/organization\/talkpal-9cde","https:\/\/www.g2.com\/products\/talkpal-for-business\/","https:\/\/www.trustpilot.com\/review\/talkpal.ai","https:\/\/www.capterra.com\/p\/10006800\/TalkPal\/"],"description":"Talkpal is a language learning web and mobile education app, powered by the latest AI technologies, that provides engaging experiences to its customers in many different languages to help them improve their language skills. Users can chat about unlimited amount of topics with the app and use other modes to practice their language learning.","email":"support@talkpal.ai","legalName":"Talkpal, Inc.","foundingDate":"2023-04-03","duns":"118989042","numberOfEmployees":{"@type":"QuantitativeValue","minValue":"11","maxValue":"50"},"publishingPrinciples":"https:\/\/talkpal.ai\/publishing-principles\/","actionableFeedbackPolicy":"https:\/\/talkpal.ai\/actionable-feedback-policy\/","correctionsPolicy":"https:\/\/talkpal.ai\/corrections-policy\/","ethicsPolicy":"https:\/\/talkpal.ai\/ethics-policy\/","diversityPolicy":"https:\/\/talkpal.ai\/diversity-policy\/","diversityStaffingReport":"https:\/\/talkpal.ai\/diversity-policy\/"}]}},"_links":{"self":[{"href":"https:\/\/talkpal.ai\/sv\/wp-json\/wp\/v2\/pages\/141678","targetHints":{"allow":["GET"]}}],"collection":[{"href":"https:\/\/talkpal.ai\/sv\/wp-json\/wp\/v2\/pages"}],"about":[{"href":"https:\/\/talkpal.ai\/sv\/wp-json\/wp\/v2\/types\/page"}],"author":[{"embeddable":true,"href":"https:\/\/talkpal.ai\/sv\/wp-json\/wp\/v2\/users\/1"}],"replies":[{"embeddable":true,"href":"https:\/\/talkpal.ai\/sv\/wp-json\/wp\/v2\/comments?post=141678"}],"version-history":[{"count":0,"href":"https:\/\/talkpal.ai\/sv\/wp-json\/wp\/v2\/pages\/141678\/revisions"}],"wp:featuredmedia":[{"embeddable":true,"href":"https:\/\/talkpal.ai\/sv\/wp-json\/wp\/v2\/media\/28229"}],"wp:attachment":[{"href":"https:\/\/talkpal.ai\/sv\/wp-json\/wp\/v2\/media?parent=141678"}],"curies":[{"name":"wp","href":"https:\/\/api.w.org\/{rel}","templated":true}]}}