{"id":141353,"date":"2023-05-14T14:00:03","date_gmt":"2023-05-14T14:00:03","guid":{"rendered":"http:\/\/talkpal.ai\/bosnisk-grammatik\/"},"modified":"2025-05-22T14:40:21","modified_gmt":"2025-05-22T14:40:21","slug":"bosnisk-grammatik","status":"publish","type":"page","link":"https:\/\/talkpal.ai\/sv\/bosnisk-grammatik\/","title":{"rendered":"Bosnisk grammatik"},"content":{"rendered":"\r\n\r\n\r\n<section class=\"languageChallengeSection\">\r\n    <div class=\"languageInfoWrapper\">\r\n        \r\n        <h1>Bosnisk grammatik<\/h1>\r\n        <p>L\u00e5s upp det <a href=\"https:\/\/talkpal.ai\/learn-bosnian\/\">bosniska<\/a> spr\u00e5kets rika och uttrycksfulla v\u00e4rld genom att beh\u00e4rska dess grundl\u00e4ggande <a href=\"https:\/\/talkpal.ai\/fr\/les\/\">grammatik<\/a>. En gedigen f\u00f6rst\u00e5else f\u00f6r <a href=\"https:\/\/talkpal.ai\/bosnian-grammar\/\">bosnisk grammatik<\/a> hj\u00e4lper dig att kommunicera med sj\u00e4lvf\u00f6rtroende och att uppskatta kulturen djupare. B\u00f6rja l\u00e4ra dig bosnisk grammatik idag och ta ditt f\u00f6rsta steg mot flytande spr\u00e5k!<\/p>\r\n\r\n                            <a class=\"getStartedHidden\" href=\"https:\/\/app.talkpal.ai\/sv\/signup?lng=\">Kom ig\u00e5ng<\/a>\r\n        \r\n    <\/div>\r\n\r\n    <figure>\r\n    <img decoding=\"async\" width=\"768\" height=\"768\" src=\"https:\/\/talkpal.ai\/wp-content\/uploads\/2023\/06\/bosinian-768x768.png\" class=\"languageImage no-lazy\" alt=\"Default alt text\" fetchpriority=\"high\" sizes=\"(max-width: 768px) 150px, 768px\" srcset=\"https:\/\/talkpal.ai\/wp-content\/uploads\/2023\/06\/bosinian-768x768.png 768w, https:\/\/talkpal.ai\/wp-content\/uploads\/2023\/06\/bosinian-300x300.png 300w\" \/>\r\n    \r\n\r\n    <\/figure>\r\n\r\n            <a class=\"getStartedVisible\" href=\"https:\/\/app.talkpal.ai\/sv\/signup?lng=\">Kom ig\u00e5ng<\/a>\r\n    \r\n<\/section>\r\n        <section class=\"grammarSection\">\r\n            <div class=\"grammarLinks\">\r\n                <a href=\"https:\/\/talkpal.ai\/sv\/language\/adjektiv-bosnisk-grammatik\/\">Adjektiv <\/a><a href=\"https:\/\/talkpal.ai\/sv\/language\/adverb-bosnisk-grammatik\/\">Adverb <\/a><a href=\"https:\/\/talkpal.ai\/sv\/language\/artiklar-bosnisk-grammatik\/\">Artiklar <\/a><a href=\"https:\/\/talkpal.ai\/sv\/language\/jamforelse-av-tempus-bosnisk-grammatik\/\">J\u00e4mf\u00f6relse av tempus <\/a><a href=\"https:\/\/talkpal.ai\/sv\/language\/konditionaler-bosnisk-grammatik\/\">Konditionaler <\/a><a href=\"https:\/\/talkpal.ai\/sv\/language\/meningar-bosnisk-grammatik\/\">Meningar <\/a><a href=\"https:\/\/talkpal.ai\/sv\/language\/perfect-progressive-bosnisk-grammatik\/\">Perfect Progressive <\/a><a href=\"https:\/\/talkpal.ai\/sv\/language\/prepositioner-bosnisk-grammatik\/\">Prepositioner <\/a><a href=\"https:\/\/talkpal.ai\/sv\/language\/progressiv-bosnisk-grammatik\/\">Progressiv <\/a><a href=\"https:\/\/talkpal.ai\/sv\/language\/pronomen-bestamningar-bosnisk-grammatik\/\">Pronomen\/best\u00e4mningar <\/a><a href=\"https:\/\/talkpal.ai\/sv\/language\/substantiv-bosnisk-grammatik\/\">Substantiv <\/a><a href=\"https:\/\/talkpal.ai\/sv\/language\/tempus-bosnisk-grammatik\/\">Tempus <\/a><a href=\"https:\/\/talkpal.ai\/sv\/language\/verb-bosnisk-grammatik\/\">Verb <\/a>            <\/div>\r\n        <\/section>\r\n    <section class=\"promotionalBanner\">\r\n    <p class=\"promotionalText\">Det mest effektiva s\u00e4ttet att l\u00e4ra sig ett spr\u00e5k<\/p>\r\n    <a class=\"promotionalLink\" href=\"https:\/\/app.talkpal.ai\/sv\/signup?lng=\">Prova Talkpal gratis<\/a>\r\n<\/section>\n<div class=\"wp-block-group pageContainerStyle\"><div class=\"wp-block-group__inner-container is-layout-constrained wp-block-group-is-layout-constrained\">\n<h2 class=\"wp-block-heading\" id=\"h-bosnian-grammar-a-guide-to-understanding-its-unique-features\">Bosnisk grammatik: En guide f\u00f6r att f\u00f6rst\u00e5 dess unika egenskaper<\/h2>\n\n\n\n<p>L\u00e4r du dig bosniska och blir f\u00f6rbryllad \u00f6ver spr\u00e5kets grammatik? Frukta inte! I <a href=\"https:\/\/talkpal.ai\/culture\/how-do-i-use-den-har-and-det-har\/\">den h\u00e4r<\/a> artikeln kommer vi att dyka ner i den bosniska grammatikens mysterier och hj\u00e4lpa dig att f\u00f6rst\u00e5 dess unika egenskaper, samtidigt som vi h\u00e5ller det enkelt och engagerande. \u00c4r du redo att ge dig ut p\u00e5 denna sp\u00e4nnande spr\u00e5kliga resa? L\u00e5t <a href=\"https:\/\/talkpal.ai\/locations\/language-courses-in-oss\/\">oss<\/a> <a href=\"https:\/\/talkpal.ai\/ko\/ai-%ec%96%b8%ec%96%b4-%ea%b5%90%ec%82%ac\/\">komma ig\u00e5ng<\/a>!<\/p>\n\n\n\n<h3 class=\"wp-block-heading\" id=\"h-the-fundamentals-nouns-and-pronouns\">Grunderna: Substantiv och pronomen<\/h3>\n\n\n\n<p>F\u00f6rst och fr\u00e4mst \u00e4r det viktigt att veta att bosniskan, liksom andra slaviska spr\u00e5k, har tre grammatiska genus: maskulinum, femininum och neutrum. Hur kan du veta vilket k\u00f6n ett substantiv tillh\u00f6r? Det \u00e4r l\u00e4tt! Allt handlar om slutet. H\u00e4r \u00e4r en snabbguide:<\/p>\n\n\n\n<p><strong>&#8211; Maskulina substantiv slutar vanligtvis p\u00e5 en konsonant,<\/strong><\/p>\n\n\n\n<p><strong>&#8211; Feminina substantiv slutar vanligtvis p\u00e5 -a,<\/strong><\/p>\n\n\n\n<p><strong>&#8211; Neutrala substantiv slutar oftast p\u00e5 -o eller -e.<\/strong><\/p>\n\n\n\n<p>T\u00e4nk p\u00e5 att detta \u00e4r allm\u00e4nna regler, och det kan finnas undantag. L\u00e5t oss nu <a href=\"https:\/\/talkpal.ai\/locations\/language-courses-in-prata\/\">prata<\/a> om pronomen. <a href=\"https:\/\/talkpal.ai\/sv\/grammar_exercises\/ovningar-for-personliga-pronomen-for-slovensk-grammatik\/\">Personliga pronomen<\/a> p\u00e5 bosniska \u00e4ndras beroende p\u00e5 substantivets genus, antal (singular eller plural) och kasus (mer om kasus senare). Det finns sju personliga pronomen i bosniska: ja (jag), ti (du, singular\/informell), on (han), ona (hon), ono (det), mi (vi) och vi (du, plural\/formell). Kom ih\u00e5g att bosniska har b\u00e5de ett informellt och formellt s\u00e4tt att tilltala m\u00e4nniskor \u2013 s\u00e5 se till att du anv\u00e4nder r\u00e4tt pronomen n\u00e4r du pratar med n\u00e5gon!<\/p>\n\n\n\n<h3 class=\"wp-block-heading\" id=\"h-next-up-verb-conjugation\">N\u00e4sta upp: Verbb\u00f6jning<\/h3>\n\n\n\n<p>Verb \u00e4r ryggraden i alla spr\u00e5k, och bosniska \u00e4r inget undantag. Bosniska verb har tv\u00e5 huvudsakliga b\u00f6jningsm\u00f6nster: ett f\u00f6r verb som slutar p\u00e5 -ti (f\u00f6rsta b\u00f6jningen) och ett annat f\u00f6r de som slutar p\u00e5 -\u0107i (andra b\u00f6jningen). I b\u00e5da fallen \u00e4ndras verbets \u00e4ndelser beroende p\u00e5 subjektets k\u00f6n, tal och tempus.<\/p>\n\n\n\n<p>P\u00e5 tal om tempus har bosniska tre enkla tempus: nutid, d\u00e5tid och framtid. Presens bildas genom att l\u00e4gga till specifika \u00e4ndelser till verbstammen. F\u00f6rfluten tid bildas d\u00e4remot med hj\u00e4lpverbet &#8221;biti&#8221; (att vara) i infinitivformen &#8221;bio&#8221; och particip i f\u00f6rfluten tid. Slutligen skapas futurum genom att kombinera hj\u00e4lpverbet &#8221;htjeti&#8221; (kommer) och infinitivformen av huvudverbet.<\/p>\n\n\n\n<h3 class=\"wp-block-heading\" id=\"h-the-magic-of-cases\">Fodralens magi<\/h3>\n\n\n\n<p>Bosnisk grammatik anv\u00e4nder ett kasussystem, vilket inneb\u00e4r att substantiv, pronomen, adjektiv och ibland till och med verb \u00e4ndrar form beroende p\u00e5 deras funktion i en mening. Det finns sju kasus i bosniska: nominativ, genitiv, dativ, ackusativ, vokativ, instrumental och lokativ.<\/p>\n\n\n\n<p>L\u00e5t dig inte skr\u00e4mmas av dessa termer! Det \u00e4r bara en fr\u00e5ga om \u00f6vning. Varje fall har ett s\u00e4rskilt syfte och svarar p\u00e5 specifika fr\u00e5gor:<\/p>\n\n\n\n<p><strong>1. Nominativ:<\/strong> Satsens subjekt. Vem eller vad \u00e4r det som utf\u00f6r \u00e5tg\u00e4rden?<\/p>\n\n\n\n<p><strong>2. Genitiv:<\/strong> Indikerar besittning, ursprung eller en del av n\u00e5got. Vems eller av vad?<\/p>\n\n\n\n<p><strong>3. Dativ:<\/strong> Det indirekta objektet \u2013 till vem eller f\u00f6r vem n\u00e5got ges eller g\u00f6rs?<\/p>\n\n\n\n<p><strong>4. Ackusativ:<\/strong> Det direkta objektet \u2013 vem eller vad tar emot handlingen?<\/p>\n\n\n\n<p><strong>5. Vokativ:<\/strong> Anv\u00e4nds f\u00f6r att tilltala n\u00e5gon eller n\u00e5got direkt \u2013 Hej, du!<\/p>\n\n\n\n<p><strong>6. Instrumentell:<\/strong> Representerar handlingens medel eller metod \u2013 med vad eller av vem?<\/p>\n\n\n\n<p><strong>7. Lokalisering:<\/strong> Visar platsen eller positionen f\u00f6r n\u00e5got \u2013 var eller vid vad?<\/p>\n\n\n\n<h3 class=\"wp-block-heading\" id=\"h-loving-the-adjectives\">\u00c4lska adjektiven<\/h3>\n\n\n\n<p>Adjektiv p\u00e5 bosniska \u00f6verensst\u00e4mmer med substantivet de modifierar n\u00e4r det g\u00e4ller genus, numerus och kasus. Detta inneb\u00e4r att adjektiv, precis som substantiv och pronomen, har olika former beroende p\u00e5 vilket substantiv de beskriver.<\/p>\n\n\n\n<p>Om du till exempel vill s\u00e4ga &#8221;stort hus&#8221; p\u00e5 bosniska (som \u00e4r ett feminint substantiv) s\u00e4ger du &#8221;velika ku\u0107a&#8221;. Om du d\u00e4remot talar om en &#8221;stor bil&#8221; (maskulint substantiv) skulle du s\u00e4ga &#8221;veliki auto&#8221;.<\/p>\n\n\n\n<h3 class=\"wp-block-heading\" id=\"h-final-thoughts\">Avslutande tankar<\/h3>\n\n\n\n<p>Bosnisk grammatik, med dess genus, kasus och verbb\u00f6jning, kan verka komplicerad till en b\u00f6rjan, men kom ih\u00e5g: \u00f6vning ger f\u00e4rdighet! Det handlar om att f\u00f6rst\u00e5 systemet och att anv\u00e4nda det i verkliga situationer. Ha t\u00e5lamod, forts\u00e4tt att \u00f6va och snart nog kommer du att beh\u00e4rska Bosniens vackra spr\u00e5k. Sretno! (Lycka till!)<\/p>\n<\/div><\/div>\n\r\n<section class=\"learnNavigationSection\">\r\n            \r\n        <a href=\"https:\/\/talkpal.ai\/sv\/lar-dig-bosniska\/\">\r\n            <div class=\"learnNavigationWrapper\">\r\n                <div class=\"learnNavigationContent\">\r\n                    <img decoding=\"async\" src=\"https:\/\/talkpal.ai\/wp-content\/uploads\/2024\/08\/Bosnian.jpg\" alt=\"Bosnian Flag\">\r\n                    <div>\r\n                        <h4>Om Bosnian Learning<\/h4>\r\n                        <p>Ta reda p\u00e5 allt om bosnisk grammatik.<\/p>\r\n                    <\/div>\r\n                <\/div>\r\n            <\/div>\r\n        <\/a>\r\n\r\n        \r\n        <a href=\"https:\/\/talkpal.ai\/sv\/bosnisk-grammatik-2\/\">\r\n            <div class=\"learnNavigationWrapper\">\r\n                <div class=\"learnNavigationContent\">\r\n                    <img decoding=\"async\" src=\"https:\/\/talkpal.ai\/wp-content\/uploads\/2024\/08\/Bosnian.jpg\" alt=\"Bosnian Flag\">\r\n                    <div>\r\n                        <h4>\u00d6vning i bosnisk grammatik<\/h4>\r\n                        <p>\u00d6va bosnisk grammatik.<\/p>\r\n                    <\/div>\r\n                <\/div>\r\n            <\/div>\r\n        <\/a>\r\n\r\n        \r\n        <a href=\"https:\/\/talkpal.ai\/vocabulary_language\/bosnian\/\">\r\n            <div class=\"learnNavigationWrapper\">\r\n                <div class=\"learnNavigationContent\">\r\n                    <img decoding=\"async\" src=\"https:\/\/talkpal.ai\/wp-content\/uploads\/2024\/08\/Bosnian.jpg\" alt=\"Bosnian Flag\">\r\n                    <div>\r\n                        <h4>Bosnisk vokabul\u00e4r<\/h4>\r\n                        <p>Ut\u00f6ka ditt bosniska ordf\u00f6rr\u00e5d.<\/p>\r\n                    <\/div>\r\n                <\/div>\r\n            <\/div>\r\n        <\/a>\r\n\r\n            <\/section>","protected":false},"excerpt":{"rendered":"<p>Bosnisk grammatik: En guide f\u00f6r att f\u00f6rst\u00e5 dess unika egenskaper L\u00e4r du dig bosniska och blir f\u00f6rbryllad \u00f6ver spr\u00e5kets grammatik? Frukta inte! I den h\u00e4r artikeln kommer vi att dyka ner i den bosniska grammatikens mysterier och hj\u00e4lpa dig att f\u00f6rst\u00e5 dess unika egenskaper, samtidigt som vi h\u00e5ller det enkelt och engagerande. \u00c4r du redo [&hellip;]<\/p>\n","protected":false},"author":1,"featured_media":28213,"parent":0,"menu_order":0,"comment_status":"closed","ping_status":"closed","template":"LearningContentPage.php","meta":{"_acf_changed":false,"footnotes":""},"class_list":["post-141353","page","type-page","status-publish","has-post-thumbnail","hentry"],"acf":[],"yoast_head":"<!-- This site is optimized with the Yoast SEO Premium plugin v27.2 (Yoast SEO v27.2) - https:\/\/yoast.com\/product\/yoast-seo-premium-wordpress\/ -->\n<title>Bosnisk grammatik - Talkpal<\/title>\n<meta name=\"description\" content=\"Beh\u00e4rska bosnisk grammatik utan anstr\u00e4ngning med Talkpal, din AI-drivna spr\u00e5khandledare. Uppt\u00e4ck enkla f\u00f6rklaringar, praktiska tips och interaktiva \u00f6vningar!\" \/>\n<meta name=\"robots\" content=\"index, follow, max-snippet:-1, max-image-preview:large, max-video-preview:-1\" \/>\n<link rel=\"canonical\" href=\"https:\/\/talkpal.ai\/sv\/bosnisk-grammatik\/\" \/>\n<meta property=\"og:locale\" content=\"sv_SE\" \/>\n<meta property=\"og:type\" content=\"article\" \/>\n<meta property=\"og:title\" content=\"Bosnisk grammatik\" \/>\n<meta property=\"og:description\" content=\"Bosnisk grammatik: En guide f\u00f6r att f\u00f6rst\u00e5 dess unika egenskaper L\u00e4r du dig bosniska och blir f\u00f6rbryllad \u00f6ver spr\u00e5kets grammatik? Frukta inte! I den h\u00e4r\" \/>\n<meta property=\"og:url\" content=\"https:\/\/talkpal.ai\/sv\/bosnisk-grammatik\/\" \/>\n<meta property=\"og:site_name\" content=\"Talkpal\" \/>\n<meta property=\"article:publisher\" content=\"https:\/\/www.facebook.com\/profile.php?id=100090733639311\" \/>\n<meta property=\"article:modified_time\" content=\"2025-05-22T14:40:21+00:00\" \/>\n<meta property=\"og:image\" content=\"https:\/\/talkpal.ai\/wp-content\/uploads\/2023\/05\/bosnia-and-herzegovina.png\" \/>\n\t<meta property=\"og:image:width\" content=\"512\" \/>\n\t<meta property=\"og:image:height\" content=\"512\" \/>\n\t<meta property=\"og:image:type\" content=\"image\/png\" \/>\n<meta name=\"twitter:card\" content=\"summary_large_image\" \/>\n<meta name=\"twitter:site\" content=\"@talkpalai\" \/>\n<meta name=\"twitter:label1\" content=\"Ber\u00e4knad l\u00e4stid\" \/>\n\t<meta name=\"twitter:data1\" content=\"3 minuter\" \/>\n<script type=\"application\/ld+json\" class=\"yoast-schema-graph\">{\"@context\":\"https:\/\/schema.org\",\"@graph\":[{\"@type\":\"WebPage\",\"@id\":\"https:\/\/talkpal.ai\/sv\/bosnisk-grammatik\/\",\"url\":\"https:\/\/talkpal.ai\/sv\/bosnisk-grammatik\/\",\"name\":\"Bosnisk grammatik - Talkpal\",\"isPartOf\":{\"@id\":\"https:\/\/talkpal.ai\/sv\/#website\"},\"primaryImageOfPage\":{\"@id\":\"https:\/\/talkpal.ai\/sv\/bosnisk-grammatik\/#primaryimage\"},\"image\":{\"@id\":\"https:\/\/talkpal.ai\/sv\/bosnisk-grammatik\/#primaryimage\"},\"thumbnailUrl\":\"https:\/\/talkpal.ai\/wp-content\/uploads\/2023\/05\/bosnia-and-herzegovina.png\",\"datePublished\":\"2023-05-14T14:00:03+00:00\",\"dateModified\":\"2025-05-22T14:40:21+00:00\",\"description\":\"Beh\u00e4rska bosnisk grammatik utan anstr\u00e4ngning med Talkpal, din AI-drivna spr\u00e5khandledare. Uppt\u00e4ck enkla f\u00f6rklaringar, praktiska tips och interaktiva \u00f6vningar!\",\"breadcrumb\":{\"@id\":\"https:\/\/talkpal.ai\/sv\/bosnisk-grammatik\/#breadcrumb\"},\"inLanguage\":\"sv-SE\",\"potentialAction\":[{\"@type\":\"ReadAction\",\"target\":[\"https:\/\/talkpal.ai\/sv\/bosnisk-grammatik\/\"]}]},{\"@type\":\"ImageObject\",\"inLanguage\":\"sv-SE\",\"@id\":\"https:\/\/talkpal.ai\/sv\/bosnisk-grammatik\/#primaryimage\",\"url\":\"https:\/\/talkpal.ai\/wp-content\/uploads\/2023\/05\/bosnia-and-herzegovina.png\",\"contentUrl\":\"https:\/\/talkpal.ai\/wp-content\/uploads\/2023\/05\/bosnia-and-herzegovina.png\",\"width\":512,\"height\":512},{\"@type\":\"BreadcrumbList\",\"@id\":\"https:\/\/talkpal.ai\/sv\/bosnisk-grammatik\/#breadcrumb\",\"itemListElement\":[{\"@type\":\"ListItem\",\"position\":1,\"name\":\"Homepage\",\"item\":\"https:\/\/talkpal.ai\/sv\/\"},{\"@type\":\"ListItem\",\"position\":2,\"name\":\"Bosnisk grammatik\"}]},{\"@type\":\"WebSite\",\"@id\":\"https:\/\/talkpal.ai\/sv\/#website\",\"url\":\"https:\/\/talkpal.ai\/sv\/\",\"name\":\"Talkpal\",\"description\":\"AI Language Learning\",\"publisher\":{\"@id\":\"https:\/\/talkpal.ai\/sv\/#organization\"},\"alternateName\":\"Talkpal AI\",\"potentialAction\":[{\"@type\":\"SearchAction\",\"target\":{\"@type\":\"EntryPoint\",\"urlTemplate\":\"https:\/\/talkpal.ai\/sv\/?s={search_term_string}\"},\"query-input\":{\"@type\":\"PropertyValueSpecification\",\"valueRequired\":true,\"valueName\":\"search_term_string\"}}],\"inLanguage\":\"sv-SE\"},{\"@type\":\"Organization\",\"@id\":\"https:\/\/talkpal.ai\/sv\/#organization\",\"name\":\"Talkpal, Inc.\",\"alternateName\":\"Talkpal AI\",\"url\":\"https:\/\/talkpal.ai\/sv\/\",\"logo\":{\"@type\":\"ImageObject\",\"inLanguage\":\"sv-SE\",\"@id\":\"https:\/\/talkpal.ai\/sv\/#\/schema\/logo\/image\/\",\"url\":\"https:\/\/talkpal.ai\/wp-content\/uploads\/2024\/03\/Talkpal-Logo-Icon.png\",\"contentUrl\":\"https:\/\/talkpal.ai\/wp-content\/uploads\/2024\/03\/Talkpal-Logo-Icon.png\",\"width\":2880,\"height\":2880,\"caption\":\"Talkpal, Inc.\"},\"image\":{\"@id\":\"https:\/\/talkpal.ai\/sv\/#\/schema\/logo\/image\/\"},\"sameAs\":[\"https:\/\/www.facebook.com\/profile.php?id=100090733639311\",\"https:\/\/x.com\/talkpalai\",\"https:\/\/www.linkedin.com\/company\/talkpal\/\",\"https:\/\/www.youtube.com\/@TalkPal\/\",\"https:\/\/www.tiktok.com\/@talkpal\",\"https:\/\/www.instagram.com\/talkpal_ai\/\",\"https:\/\/www.crunchbase.com\/organization\/talkpal-9cde\",\"https:\/\/www.g2.com\/products\/talkpal-for-business\/\",\"https:\/\/www.trustpilot.com\/review\/talkpal.ai\",\"https:\/\/www.capterra.com\/p\/10006800\/TalkPal\/\"],\"description\":\"Talkpal is a language learning web and mobile education app, powered by the latest AI technologies, that provides engaging experiences to its customers in many different languages to help them improve their language skills. Users can chat about unlimited amount of topics with the app and use other modes to practice their language learning.\",\"email\":\"support@talkpal.ai\",\"legalName\":\"Talkpal, Inc.\",\"foundingDate\":\"2023-04-03\",\"duns\":\"118989042\",\"numberOfEmployees\":{\"@type\":\"QuantitativeValue\",\"minValue\":\"11\",\"maxValue\":\"50\"},\"publishingPrinciples\":\"https:\/\/talkpal.ai\/publishing-principles\/\",\"actionableFeedbackPolicy\":\"https:\/\/talkpal.ai\/actionable-feedback-policy\/\",\"correctionsPolicy\":\"https:\/\/talkpal.ai\/corrections-policy\/\",\"ethicsPolicy\":\"https:\/\/talkpal.ai\/ethics-policy\/\",\"diversityPolicy\":\"https:\/\/talkpal.ai\/diversity-policy\/\",\"diversityStaffingReport\":\"https:\/\/talkpal.ai\/diversity-policy\/\"}]}<\/script>\n<!-- \/ Yoast SEO Premium plugin. -->","yoast_head_json":{"title":"Bosnisk grammatik - Talkpal","description":"Beh\u00e4rska bosnisk grammatik utan anstr\u00e4ngning med Talkpal, din AI-drivna spr\u00e5khandledare. Uppt\u00e4ck enkla f\u00f6rklaringar, praktiska tips och interaktiva \u00f6vningar!","robots":{"index":"index","follow":"follow","max-snippet":"max-snippet:-1","max-image-preview":"max-image-preview:large","max-video-preview":"max-video-preview:-1"},"canonical":"https:\/\/talkpal.ai\/sv\/bosnisk-grammatik\/","og_locale":"sv_SE","og_type":"article","og_title":"Bosnisk grammatik","og_description":"Bosnisk grammatik: En guide f\u00f6r att f\u00f6rst\u00e5 dess unika egenskaper L\u00e4r du dig bosniska och blir f\u00f6rbryllad \u00f6ver spr\u00e5kets grammatik? Frukta inte! I den h\u00e4r","og_url":"https:\/\/talkpal.ai\/sv\/bosnisk-grammatik\/","og_site_name":"Talkpal","article_publisher":"https:\/\/www.facebook.com\/profile.php?id=100090733639311","article_modified_time":"2025-05-22T14:40:21+00:00","og_image":[{"width":512,"height":512,"url":"https:\/\/talkpal.ai\/wp-content\/uploads\/2023\/05\/bosnia-and-herzegovina.png","type":"image\/png"}],"twitter_card":"summary_large_image","twitter_site":"@talkpalai","twitter_misc":{"Ber\u00e4knad l\u00e4stid":"3 minuter"},"schema":{"@context":"https:\/\/schema.org","@graph":[{"@type":"WebPage","@id":"https:\/\/talkpal.ai\/sv\/bosnisk-grammatik\/","url":"https:\/\/talkpal.ai\/sv\/bosnisk-grammatik\/","name":"Bosnisk grammatik - Talkpal","isPartOf":{"@id":"https:\/\/talkpal.ai\/sv\/#website"},"primaryImageOfPage":{"@id":"https:\/\/talkpal.ai\/sv\/bosnisk-grammatik\/#primaryimage"},"image":{"@id":"https:\/\/talkpal.ai\/sv\/bosnisk-grammatik\/#primaryimage"},"thumbnailUrl":"https:\/\/talkpal.ai\/wp-content\/uploads\/2023\/05\/bosnia-and-herzegovina.png","datePublished":"2023-05-14T14:00:03+00:00","dateModified":"2025-05-22T14:40:21+00:00","description":"Beh\u00e4rska bosnisk grammatik utan anstr\u00e4ngning med Talkpal, din AI-drivna spr\u00e5khandledare. Uppt\u00e4ck enkla f\u00f6rklaringar, praktiska tips och interaktiva \u00f6vningar!","breadcrumb":{"@id":"https:\/\/talkpal.ai\/sv\/bosnisk-grammatik\/#breadcrumb"},"inLanguage":"sv-SE","potentialAction":[{"@type":"ReadAction","target":["https:\/\/talkpal.ai\/sv\/bosnisk-grammatik\/"]}]},{"@type":"ImageObject","inLanguage":"sv-SE","@id":"https:\/\/talkpal.ai\/sv\/bosnisk-grammatik\/#primaryimage","url":"https:\/\/talkpal.ai\/wp-content\/uploads\/2023\/05\/bosnia-and-herzegovina.png","contentUrl":"https:\/\/talkpal.ai\/wp-content\/uploads\/2023\/05\/bosnia-and-herzegovina.png","width":512,"height":512},{"@type":"BreadcrumbList","@id":"https:\/\/talkpal.ai\/sv\/bosnisk-grammatik\/#breadcrumb","itemListElement":[{"@type":"ListItem","position":1,"name":"Homepage","item":"https:\/\/talkpal.ai\/sv\/"},{"@type":"ListItem","position":2,"name":"Bosnisk grammatik"}]},{"@type":"WebSite","@id":"https:\/\/talkpal.ai\/sv\/#website","url":"https:\/\/talkpal.ai\/sv\/","name":"Talkpal","description":"AI Language Learning","publisher":{"@id":"https:\/\/talkpal.ai\/sv\/#organization"},"alternateName":"Talkpal AI","potentialAction":[{"@type":"SearchAction","target":{"@type":"EntryPoint","urlTemplate":"https:\/\/talkpal.ai\/sv\/?s={search_term_string}"},"query-input":{"@type":"PropertyValueSpecification","valueRequired":true,"valueName":"search_term_string"}}],"inLanguage":"sv-SE"},{"@type":"Organization","@id":"https:\/\/talkpal.ai\/sv\/#organization","name":"Talkpal, Inc.","alternateName":"Talkpal AI","url":"https:\/\/talkpal.ai\/sv\/","logo":{"@type":"ImageObject","inLanguage":"sv-SE","@id":"https:\/\/talkpal.ai\/sv\/#\/schema\/logo\/image\/","url":"https:\/\/talkpal.ai\/wp-content\/uploads\/2024\/03\/Talkpal-Logo-Icon.png","contentUrl":"https:\/\/talkpal.ai\/wp-content\/uploads\/2024\/03\/Talkpal-Logo-Icon.png","width":2880,"height":2880,"caption":"Talkpal, Inc."},"image":{"@id":"https:\/\/talkpal.ai\/sv\/#\/schema\/logo\/image\/"},"sameAs":["https:\/\/www.facebook.com\/profile.php?id=100090733639311","https:\/\/x.com\/talkpalai","https:\/\/www.linkedin.com\/company\/talkpal\/","https:\/\/www.youtube.com\/@TalkPal\/","https:\/\/www.tiktok.com\/@talkpal","https:\/\/www.instagram.com\/talkpal_ai\/","https:\/\/www.crunchbase.com\/organization\/talkpal-9cde","https:\/\/www.g2.com\/products\/talkpal-for-business\/","https:\/\/www.trustpilot.com\/review\/talkpal.ai","https:\/\/www.capterra.com\/p\/10006800\/TalkPal\/"],"description":"Talkpal is a language learning web and mobile education app, powered by the latest AI technologies, that provides engaging experiences to its customers in many different languages to help them improve their language skills. Users can chat about unlimited amount of topics with the app and use other modes to practice their language learning.","email":"support@talkpal.ai","legalName":"Talkpal, Inc.","foundingDate":"2023-04-03","duns":"118989042","numberOfEmployees":{"@type":"QuantitativeValue","minValue":"11","maxValue":"50"},"publishingPrinciples":"https:\/\/talkpal.ai\/publishing-principles\/","actionableFeedbackPolicy":"https:\/\/talkpal.ai\/actionable-feedback-policy\/","correctionsPolicy":"https:\/\/talkpal.ai\/corrections-policy\/","ethicsPolicy":"https:\/\/talkpal.ai\/ethics-policy\/","diversityPolicy":"https:\/\/talkpal.ai\/diversity-policy\/","diversityStaffingReport":"https:\/\/talkpal.ai\/diversity-policy\/"}]}},"_links":{"self":[{"href":"https:\/\/talkpal.ai\/sv\/wp-json\/wp\/v2\/pages\/141353","targetHints":{"allow":["GET"]}}],"collection":[{"href":"https:\/\/talkpal.ai\/sv\/wp-json\/wp\/v2\/pages"}],"about":[{"href":"https:\/\/talkpal.ai\/sv\/wp-json\/wp\/v2\/types\/page"}],"author":[{"embeddable":true,"href":"https:\/\/talkpal.ai\/sv\/wp-json\/wp\/v2\/users\/1"}],"replies":[{"embeddable":true,"href":"https:\/\/talkpal.ai\/sv\/wp-json\/wp\/v2\/comments?post=141353"}],"version-history":[{"count":0,"href":"https:\/\/talkpal.ai\/sv\/wp-json\/wp\/v2\/pages\/141353\/revisions"}],"wp:featuredmedia":[{"embeddable":true,"href":"https:\/\/talkpal.ai\/sv\/wp-json\/wp\/v2\/media\/28213"}],"wp:attachment":[{"href":"https:\/\/talkpal.ai\/sv\/wp-json\/wp\/v2\/media?parent=141353"}],"curies":[{"name":"wp","href":"https:\/\/api.w.org\/{rel}","templated":true}]}}