{"id":141106,"date":"2023-05-14T13:59:42","date_gmt":"2023-05-14T13:59:42","guid":{"rendered":"http:\/\/talkpal.ai\/vitrysk-grammatik\/"},"modified":"2025-05-22T13:48:43","modified_gmt":"2025-05-22T13:48:43","slug":"vitrysk-grammatik","status":"publish","type":"page","link":"https:\/\/talkpal.ai\/sv\/vitrysk-grammatik\/","title":{"rendered":"Vitrysk grammatik"},"content":{"rendered":"\r\n\r\n\r\n<section class=\"languageChallengeSection\">\r\n    <div class=\"languageInfoWrapper\">\r\n        \r\n        <h1>Vitrysk grammatik<\/h1>\r\n        <p>Uppt\u00e4ck det <a href=\"https:\/\/talkpal.ai\/learn-belarusian\/\">vitryska<\/a> spr\u00e5kets sk\u00f6nhet och rikedom genom att l\u00e4ra dig dess grundl\u00e4ggande grammatikregler. Genom att bygga upp en solid f\u00f6rst\u00e5else f\u00f6r vitrysk <a href=\"https:\/\/talkpal.ai\/fr\/les\/\">grammatik<\/a> kan du kommunicera med sj\u00e4lvf\u00f6rtroende och f\u00e5 kontakt med den vitryska kulturen. Dyk in nu och b\u00f6rja din resa till att beh\u00e4rska vitryska idag!<\/p>\r\n\r\n                            <a class=\"getStartedHidden\" href=\"https:\/\/app.talkpal.ai\/sv\/signup?lng=\">Kom ig\u00e5ng<\/a>\r\n        \r\n    <\/div>\r\n\r\n    <figure>\r\n    <img decoding=\"async\" width=\"768\" height=\"768\" src=\"https:\/\/talkpal.ai\/wp-content\/uploads\/2023\/06\/belarusian-768x768.png\" class=\"languageImage no-lazy\" alt=\"Default alt text\" fetchpriority=\"high\" sizes=\"(max-width: 768px) 150px, 768px\" srcset=\"https:\/\/talkpal.ai\/wp-content\/uploads\/2023\/06\/belarusian-768x768.png 768w, https:\/\/talkpal.ai\/wp-content\/uploads\/2023\/06\/belarusian-300x300.png 300w\" \/>\r\n    \r\n\r\n    <\/figure>\r\n\r\n            <a class=\"getStartedVisible\" href=\"https:\/\/app.talkpal.ai\/sv\/signup?lng=\">Kom ig\u00e5ng<\/a>\r\n    \r\n<\/section>\r\n        <section class=\"grammarSection\">\r\n            <div class=\"grammarLinks\">\r\n                <a href=\"https:\/\/talkpal.ai\/sv\/language\/adjektiv-vitrysk-grammatik\/\">Adjektiv <\/a><a href=\"https:\/\/talkpal.ai\/sv\/language\/adverb-vitrysk-grammatik\/\">Adverb <\/a><a href=\"https:\/\/talkpal.ai\/sv\/language\/artiklar-vitrysk-grammatik\/\">Artiklar <\/a><a href=\"https:\/\/talkpal.ai\/sv\/language\/jamforelse-av-tempus-vitrysk-grammatik\/\">J\u00e4mf\u00f6relse av tempus <\/a><a href=\"https:\/\/talkpal.ai\/sv\/language\/konditionaler-vitrysk-grammatik\/\">Konditionaler <\/a><a href=\"https:\/\/talkpal.ai\/sv\/language\/meningar-vitrysk-grammatik\/\">Meningar <\/a><a href=\"https:\/\/talkpal.ai\/sv\/language\/perfect-progressive-vitrysk-grammatik\/\">Perfect Progressive <\/a><a href=\"https:\/\/talkpal.ai\/sv\/language\/prepositioner-vitrysk-grammatik\/\">Prepositioner <\/a><a href=\"https:\/\/talkpal.ai\/sv\/language\/progressiv-vitrysk-grammatik\/\">Progressiv <\/a><a href=\"https:\/\/talkpal.ai\/sv\/language\/pronomen-vitrysk-grammatik\/\">Pronomen <\/a><a href=\"https:\/\/talkpal.ai\/sv\/language\/substantiv-vitrysk-grammatik\/\">Substantiv <\/a><a href=\"https:\/\/talkpal.ai\/sv\/language\/tempus-vitrysk-grammatik\/\">Tempus <\/a><a href=\"https:\/\/talkpal.ai\/sv\/language\/verb-vitrysk-grammatik\/\">Verb <\/a>            <\/div>\r\n        <\/section>\r\n    <section class=\"promotionalBanner\">\r\n    <p class=\"promotionalText\">Det mest effektiva s\u00e4ttet att l\u00e4ra sig ett spr\u00e5k<\/p>\r\n    <a class=\"promotionalLink\" href=\"https:\/\/app.talkpal.ai\/sv\/signup?lng=\">Prova Talkpal gratis<\/a>\r\n<\/section>\n<div class=\"wp-block-group pageContainerStyle\"><div class=\"wp-block-group__inner-container is-layout-constrained wp-block-group-is-layout-constrained\">\n<h2 class=\"wp-block-heading\" id=\"h-belarusian-grammar-a-closer-look-at-the-slavic-language-s-intricacies\">Vitrysk grammatik: En n\u00e4rmare titt p\u00e5 det slaviska spr\u00e5kets kr\u00e5ngligheter<\/h2>\n\n\n\n<p>\u00c4r du en aspirerande polyglott med en fascination f\u00f6r slaviska spr\u00e5k? Eller \u00e4r du kanske bara nyfiken p\u00e5 de grammatiska finesserna i spr\u00e5ken fr\u00e5n denna intressanta region? Om s\u00e5 \u00e4r fallet, sp\u00e4nn fast dig! I <a href=\"https:\/\/talkpal.ai\/culture\/how-do-i-use-den-har-and-det-har\/\">den h\u00e4r<\/a> artikeln ska vi utforska den vitryska grammatikens underbara v\u00e4rld, en mindre k\u00e4nd men \u00e4nd\u00e5 fascinerande medlem av den slaviska spr\u00e5kfamiljen.<\/p>\n\n\n\n<p>Ska vi dyka ner i det h\u00e4r?<\/p>\n\n\n\n<h3 class=\"wp-block-heading\" id=\"h-first-things-first-what-is-belarusian\">F\u00f6rst och fr\u00e4mst: Vad \u00e4r vitryska?<\/h3>\n\n\n\n<p>Vitryska \u00e4r det officiella spr\u00e5ket i <a href=\"https:\/\/talkpal.ai\/belarusian-grammar\/\">Vitryssland<\/a>, ett land utan kust som ligger i \u00d6steuropa mellan Ryssland, <a href=\"https:\/\/talkpal.ai\/learn-ukrainian\/\">Ukraina<\/a>, Polen, Litauen och Lettland. Med cirka 7,9 miljoner talare har vitryska en f\u00f6rtjusande charm f\u00f6r b\u00e5de lingvister och <a href=\"https:\/\/talkpal.ai\/talkpal-discount-for-language-enthusiasts\/\">spr\u00e5kentusiaster<\/a>. Som slaviskt spr\u00e5k har vitryska m\u00e5nga likheter med <a href=\"https:\/\/talkpal.ai\/learn-russian\/\">ryska<\/a>, <a href=\"https:\/\/talkpal.ai\/learn-ukrainian\/\">ukrainska<\/a> och <a href=\"https:\/\/talkpal.ai\/learn-polish\/\">polska<\/a>; Men den omfamnar ocks\u00e5 sina egna unika egenskaper som skiljer den fr\u00e5n sina syskon.<\/p>\n\n\n\n<h3 class=\"wp-block-heading\" id=\"h-the-building-blocks-nouns-pronouns-and-cases\">Byggstenarna: substantiv, pronomen och kasus<\/h3>\n\n\n\n<p>Liksom andra slaviska spr\u00e5k kretsar vitrysk grammatik kring ordens b\u00f6jning. Detta inneb\u00e4r att ordens \u00e4ndelser \u00e4ndras beroende p\u00e5 deras grammatiska funktion i en mening. Detta \u00e4r tydligast i substantiv, pronomen och adjektiv n\u00e4r de anv\u00e4nds i olika fall. Belarusian har sex fall, som \u00e4r f\u00f6ljande:<\/p>\n\n\n\n<p><strong>1. Nominativ &#8211; anger subjektet i en mening<\/strong><\/p>\n\n\n\n<p><strong>2. Genitiv &#8211; visar innehav eller f\u00f6rem\u00e5l f\u00f6r negation<\/strong><\/p>\n\n\n\n<p><strong>3. Dativ &#8211; markerar det indirekta objektet i en mening<\/strong><\/p>\n\n\n\n<p><strong>4. Ackusativ &#8211; betecknar det direkta objektet i en mening<\/strong><\/p>\n\n\n\n<p><strong>5. Instrumentell &#8211; uttrycker det medel eller den metod med vilken en handling utf\u00f6rs<\/strong><\/p>\n\n\n\n<p><strong>6. Preposition eller lokativ &#8211; anger plats eller objekt f\u00f6r prepositioner<\/strong><\/p>\n\n\n\n<p>F\u00f6rutom kasus har vitryska substantiv ocks\u00e5 tre genus (maskulinum, femininum och neutrum) och tv\u00e5 numerus (singular och plural). Varje genus- och r\u00e4knekombination har specifika \u00e4ndelser i varje fall, vilket g\u00f6r det viktigt att memorera dessa f\u00f6r att konstruera grammatiskt korrekta meningar.<\/p>\n\n\n\n<h3 class=\"wp-block-heading\" id=\"h-let-s-talk-verbs-tenses-aspects-and-moods\">L\u00e5t oss prata om verb: Tempus, aspekter och st\u00e4mningar<\/h3>\n\n\n\n<p>Vitryska verb \u00e4r underbart komplexa, fulla av nyanser och invecklingar. De har tre tempus (d\u00e5tid, nutid och framtid), tv\u00e5 aspekter (perfektiv och imperfektiv) samt tre modus (indikativ, imperativ och villkorlig). Det som g\u00f6r att vitryska verb skiljer sig fr\u00e5n andra slaviska spr\u00e5k \u00e4r deras omfattande anv\u00e4ndning av aspekten.<\/p>\n\n\n\n<p>Aspekt avser om en handling ses som avslutad (perfektiv) eller p\u00e5g\u00e5ende (imperfektiv). M\u00e5nga verb kommer i par som anger de olika aspekterna, ofta genom att anv\u00e4nda ett unikt prefix eller suffix. Det \u00e4r viktigt att beh\u00e4rska aspekten f\u00f6r att f\u00f6rst\u00e5 det vitryska spr\u00e5kets finesser.<\/p>\n\n\n\n<h3 class=\"wp-block-heading\" id=\"h-adjectives-adverbs-and-other-delights\">Adjektiv, adverb och andra l\u00e4ckerheter<\/h3>\n\n\n\n<p>Vitryska adjektiv \u00f6verensst\u00e4mmer med de substantiv de modifierar n\u00e4r det g\u00e4ller genus, numerus och kasus. De har ocks\u00e5 komparativa och superlativa former f\u00f6r att uttrycka olika grader av kvaliteter. Dessutom h\u00e4rleds m\u00e5nga adverb fr\u00e5n adjektiv genom att helt enkelt l\u00e4gga till suffixet &#8221;-\u0430&#8221; f\u00f6r maskulinum och &#8221;-\u044b&#8221; f\u00f6r femininum.<\/p>\n\n\n\n<p>Det vitryska spr\u00e5ket har ocks\u00e5 en fascinerande samling konjunktioner, prepositioner, siffror och partiklar som hj\u00e4lper dig att skapa detaljerade och uttrycksfulla meningar. Med lite \u00f6vning kommer du snart att kunna v\u00e4va ihop dina ord som en \u00e4kta vitrysk ordsmed.<\/p>\n\n\n\n<h3 class=\"wp-block-heading\" id=\"h-in-closing-the-magic-of-belarusian-grammar\">Avslutningsvis: Magin i vitrysk grammatik<\/h3>\n\n\n\n<p>Vid f\u00f6rsta anblicken kan vitrysk grammatik verka skr\u00e4mmande. Men n\u00e4r du dyker djupare in i dess rika v\u00e4v av fall, aspekter och andra spr\u00e5kliga egenheter kommer du att uppt\u00e4cka ett spr\u00e5k fullt av djup, nyanser och uttrycksfullhet. Att anta utmaningen med vitrysk grammatik kommer inte bara att ge dig en st\u00f6rre f\u00f6rst\u00e5else f\u00f6r den slaviska familjen i stort utan ocks\u00e5 ge dig tillg\u00e5ng till en vacker och levande kultur som v\u00e4ntar p\u00e5 din utforskning.<\/p>\n\n\n\n<p>Nu, bev\u00e4pnad med en nyvunnen f\u00f6rst\u00e5else f\u00f6r vitrysk grammatik, varf\u00f6r inte dyka djupare in i detta fascinerande spr\u00e5k? Vem vet &#8211; kanske kommer du en dag att promenera p\u00e5 Minsks gator och prata med lokalbefolkningen p\u00e5 deras modersm\u00e5l. Lycka till med l\u00e4randet!<\/p>\n<\/div><\/div>\n\r\n<section class=\"learnNavigationSection\">\r\n            \r\n        <a href=\"https:\/\/talkpal.ai\/sv\/lar-dig-vitryska\/\">\r\n            <div class=\"learnNavigationWrapper\">\r\n                <div class=\"learnNavigationContent\">\r\n                    <img decoding=\"async\" src=\"https:\/\/talkpal.ai\/wp-content\/uploads\/2024\/08\/Belarusian.jpg\" alt=\"Belarusian Flag\">\r\n                    <div>\r\n                        <h4>Om Belarusian Learning<\/h4>\r\n                        <p>Ta reda p\u00e5 allt om vitrysk grammatik.<\/p>\r\n                    <\/div>\r\n                <\/div>\r\n            <\/div>\r\n        <\/a>\r\n\r\n        \r\n        <a href=\"https:\/\/talkpal.ai\/sv\/vitryska-grammatikovningar\/\">\r\n            <div class=\"learnNavigationWrapper\">\r\n                <div class=\"learnNavigationContent\">\r\n                    <img decoding=\"async\" src=\"https:\/\/talkpal.ai\/wp-content\/uploads\/2024\/08\/Belarusian.jpg\" alt=\"Belarusian Flag\">\r\n                    <div>\r\n                        <h4>Vitrysk grammatik &#8211; \u00f6vning<\/h4>\r\n                        <p>\u00d6va p\u00e5 vitrysk grammatik.<\/p>\r\n                    <\/div>\r\n                <\/div>\r\n            <\/div>\r\n        <\/a>\r\n\r\n        \r\n        <a href=\"https:\/\/talkpal.ai\/vocabulary_language\/belarusian\/\">\r\n            <div class=\"learnNavigationWrapper\">\r\n                <div class=\"learnNavigationContent\">\r\n                    <img decoding=\"async\" src=\"https:\/\/talkpal.ai\/wp-content\/uploads\/2024\/08\/Belarusian.jpg\" alt=\"Belarusian Flag\">\r\n                    <div>\r\n                        <h4>Vitrysk vokabul\u00e4r<\/h4>\r\n                        <p>Ut\u00f6ka ditt vitryska ordf\u00f6rr\u00e5d.<\/p>\r\n                    <\/div>\r\n                <\/div>\r\n            <\/div>\r\n        <\/a>\r\n\r\n            <\/section>","protected":false},"excerpt":{"rendered":"<p>Vitrysk grammatik: En n\u00e4rmare titt p\u00e5 det slaviska spr\u00e5kets kr\u00e5ngligheter \u00c4r du en aspirerande polyglott med en fascination f\u00f6r slaviska spr\u00e5k? Eller \u00e4r du kanske bara nyfiken p\u00e5 de grammatiska finesserna i spr\u00e5ken fr\u00e5n denna intressanta region? Om s\u00e5 \u00e4r fallet, sp\u00e4nn fast dig! I den h\u00e4r artikeln ska vi utforska den vitryska grammatikens underbara [&hellip;]<\/p>\n","protected":false},"author":1,"featured_media":28197,"parent":0,"menu_order":0,"comment_status":"closed","ping_status":"closed","template":"LearningContentPage.php","meta":{"_acf_changed":false,"footnotes":""},"class_list":["post-141106","page","type-page","status-publish","has-post-thumbnail","hentry"],"acf":[],"yoast_head":"<!-- This site is optimized with the Yoast SEO Premium plugin v27.2 (Yoast SEO v27.2) - https:\/\/yoast.com\/product\/yoast-seo-premium-wordpress\/ -->\n<title>Vitrysk grammatik - Talkpal<\/title>\n<meta name=\"description\" content=\"Beh\u00e4rska vitrysk grammatik utan anstr\u00e4ngning med Talkpal, din AI-drivna spr\u00e5khandledare. F\u00e5 tydliga f\u00f6rklaringar, anv\u00e4ndbara tips och interaktiva \u00f6vningar!\" \/>\n<meta name=\"robots\" content=\"index, follow, max-snippet:-1, max-image-preview:large, max-video-preview:-1\" \/>\n<link rel=\"canonical\" href=\"https:\/\/talkpal.ai\/sv\/vitrysk-grammatik\/\" \/>\n<meta property=\"og:locale\" content=\"sv_SE\" \/>\n<meta property=\"og:type\" content=\"article\" \/>\n<meta property=\"og:title\" content=\"Vitrysk grammatik\" \/>\n<meta property=\"og:description\" content=\"Vitrysk grammatik: En n\u00e4rmare titt p\u00e5 det slaviska spr\u00e5kets kr\u00e5ngligheter \u00c4r du en aspirerande polyglott med en fascination f\u00f6r slaviska spr\u00e5k? Eller \u00e4r\" \/>\n<meta property=\"og:url\" content=\"https:\/\/talkpal.ai\/sv\/vitrysk-grammatik\/\" \/>\n<meta property=\"og:site_name\" content=\"Talkpal\" \/>\n<meta property=\"article:publisher\" content=\"https:\/\/www.facebook.com\/profile.php?id=100090733639311\" \/>\n<meta property=\"article:modified_time\" content=\"2025-05-22T13:48:43+00:00\" \/>\n<meta property=\"og:image\" content=\"https:\/\/talkpal.ai\/wp-content\/uploads\/2023\/05\/belarus.png\" \/>\n\t<meta property=\"og:image:width\" content=\"512\" \/>\n\t<meta property=\"og:image:height\" content=\"512\" \/>\n\t<meta property=\"og:image:type\" content=\"image\/png\" \/>\n<meta name=\"twitter:card\" content=\"summary_large_image\" \/>\n<meta name=\"twitter:site\" content=\"@talkpalai\" \/>\n<meta name=\"twitter:label1\" content=\"Ber\u00e4knad l\u00e4stid\" \/>\n\t<meta name=\"twitter:data1\" content=\"3 minuter\" \/>\n<script type=\"application\/ld+json\" class=\"yoast-schema-graph\">{\"@context\":\"https:\/\/schema.org\",\"@graph\":[{\"@type\":\"WebPage\",\"@id\":\"https:\/\/talkpal.ai\/sv\/vitrysk-grammatik\/\",\"url\":\"https:\/\/talkpal.ai\/sv\/vitrysk-grammatik\/\",\"name\":\"Vitrysk grammatik - Talkpal\",\"isPartOf\":{\"@id\":\"https:\/\/talkpal.ai\/sv\/#website\"},\"primaryImageOfPage\":{\"@id\":\"https:\/\/talkpal.ai\/sv\/vitrysk-grammatik\/#primaryimage\"},\"image\":{\"@id\":\"https:\/\/talkpal.ai\/sv\/vitrysk-grammatik\/#primaryimage\"},\"thumbnailUrl\":\"https:\/\/talkpal.ai\/wp-content\/uploads\/2023\/05\/belarus.png\",\"datePublished\":\"2023-05-14T13:59:42+00:00\",\"dateModified\":\"2025-05-22T13:48:43+00:00\",\"description\":\"Beh\u00e4rska vitrysk grammatik utan anstr\u00e4ngning med Talkpal, din AI-drivna spr\u00e5khandledare. F\u00e5 tydliga f\u00f6rklaringar, anv\u00e4ndbara tips och interaktiva \u00f6vningar!\",\"breadcrumb\":{\"@id\":\"https:\/\/talkpal.ai\/sv\/vitrysk-grammatik\/#breadcrumb\"},\"inLanguage\":\"sv-SE\",\"potentialAction\":[{\"@type\":\"ReadAction\",\"target\":[\"https:\/\/talkpal.ai\/sv\/vitrysk-grammatik\/\"]}]},{\"@type\":\"ImageObject\",\"inLanguage\":\"sv-SE\",\"@id\":\"https:\/\/talkpal.ai\/sv\/vitrysk-grammatik\/#primaryimage\",\"url\":\"https:\/\/talkpal.ai\/wp-content\/uploads\/2023\/05\/belarus.png\",\"contentUrl\":\"https:\/\/talkpal.ai\/wp-content\/uploads\/2023\/05\/belarus.png\",\"width\":512,\"height\":512},{\"@type\":\"BreadcrumbList\",\"@id\":\"https:\/\/talkpal.ai\/sv\/vitrysk-grammatik\/#breadcrumb\",\"itemListElement\":[{\"@type\":\"ListItem\",\"position\":1,\"name\":\"Homepage\",\"item\":\"https:\/\/talkpal.ai\/sv\/\"},{\"@type\":\"ListItem\",\"position\":2,\"name\":\"Vitrysk grammatik\"}]},{\"@type\":\"WebSite\",\"@id\":\"https:\/\/talkpal.ai\/sv\/#website\",\"url\":\"https:\/\/talkpal.ai\/sv\/\",\"name\":\"Talkpal\",\"description\":\"AI Language Learning\",\"publisher\":{\"@id\":\"https:\/\/talkpal.ai\/sv\/#organization\"},\"alternateName\":\"Talkpal AI\",\"potentialAction\":[{\"@type\":\"SearchAction\",\"target\":{\"@type\":\"EntryPoint\",\"urlTemplate\":\"https:\/\/talkpal.ai\/sv\/?s={search_term_string}\"},\"query-input\":{\"@type\":\"PropertyValueSpecification\",\"valueRequired\":true,\"valueName\":\"search_term_string\"}}],\"inLanguage\":\"sv-SE\"},{\"@type\":\"Organization\",\"@id\":\"https:\/\/talkpal.ai\/sv\/#organization\",\"name\":\"Talkpal, Inc.\",\"alternateName\":\"Talkpal AI\",\"url\":\"https:\/\/talkpal.ai\/sv\/\",\"logo\":{\"@type\":\"ImageObject\",\"inLanguage\":\"sv-SE\",\"@id\":\"https:\/\/talkpal.ai\/sv\/#\/schema\/logo\/image\/\",\"url\":\"https:\/\/talkpal.ai\/wp-content\/uploads\/2024\/03\/Talkpal-Logo-Icon.png\",\"contentUrl\":\"https:\/\/talkpal.ai\/wp-content\/uploads\/2024\/03\/Talkpal-Logo-Icon.png\",\"width\":2880,\"height\":2880,\"caption\":\"Talkpal, Inc.\"},\"image\":{\"@id\":\"https:\/\/talkpal.ai\/sv\/#\/schema\/logo\/image\/\"},\"sameAs\":[\"https:\/\/www.facebook.com\/profile.php?id=100090733639311\",\"https:\/\/x.com\/talkpalai\",\"https:\/\/www.linkedin.com\/company\/talkpal\/\",\"https:\/\/www.youtube.com\/@TalkPal\/\",\"https:\/\/www.tiktok.com\/@talkpal\",\"https:\/\/www.instagram.com\/talkpal_ai\/\",\"https:\/\/www.crunchbase.com\/organization\/talkpal-9cde\",\"https:\/\/www.g2.com\/products\/talkpal-for-business\/\",\"https:\/\/www.trustpilot.com\/review\/talkpal.ai\",\"https:\/\/www.capterra.com\/p\/10006800\/TalkPal\/\"],\"description\":\"Talkpal is a language learning web and mobile education app, powered by the latest AI technologies, that provides engaging experiences to its customers in many different languages to help them improve their language skills. Users can chat about unlimited amount of topics with the app and use other modes to practice their language learning.\",\"email\":\"support@talkpal.ai\",\"legalName\":\"Talkpal, Inc.\",\"foundingDate\":\"2023-04-03\",\"duns\":\"118989042\",\"numberOfEmployees\":{\"@type\":\"QuantitativeValue\",\"minValue\":\"11\",\"maxValue\":\"50\"},\"publishingPrinciples\":\"https:\/\/talkpal.ai\/publishing-principles\/\",\"actionableFeedbackPolicy\":\"https:\/\/talkpal.ai\/actionable-feedback-policy\/\",\"correctionsPolicy\":\"https:\/\/talkpal.ai\/corrections-policy\/\",\"ethicsPolicy\":\"https:\/\/talkpal.ai\/ethics-policy\/\",\"diversityPolicy\":\"https:\/\/talkpal.ai\/diversity-policy\/\",\"diversityStaffingReport\":\"https:\/\/talkpal.ai\/diversity-policy\/\"}]}<\/script>\n<!-- \/ Yoast SEO Premium plugin. -->","yoast_head_json":{"title":"Vitrysk grammatik - Talkpal","description":"Beh\u00e4rska vitrysk grammatik utan anstr\u00e4ngning med Talkpal, din AI-drivna spr\u00e5khandledare. F\u00e5 tydliga f\u00f6rklaringar, anv\u00e4ndbara tips och interaktiva \u00f6vningar!","robots":{"index":"index","follow":"follow","max-snippet":"max-snippet:-1","max-image-preview":"max-image-preview:large","max-video-preview":"max-video-preview:-1"},"canonical":"https:\/\/talkpal.ai\/sv\/vitrysk-grammatik\/","og_locale":"sv_SE","og_type":"article","og_title":"Vitrysk grammatik","og_description":"Vitrysk grammatik: En n\u00e4rmare titt p\u00e5 det slaviska spr\u00e5kets kr\u00e5ngligheter \u00c4r du en aspirerande polyglott med en fascination f\u00f6r slaviska spr\u00e5k? Eller \u00e4r","og_url":"https:\/\/talkpal.ai\/sv\/vitrysk-grammatik\/","og_site_name":"Talkpal","article_publisher":"https:\/\/www.facebook.com\/profile.php?id=100090733639311","article_modified_time":"2025-05-22T13:48:43+00:00","og_image":[{"width":512,"height":512,"url":"https:\/\/talkpal.ai\/wp-content\/uploads\/2023\/05\/belarus.png","type":"image\/png"}],"twitter_card":"summary_large_image","twitter_site":"@talkpalai","twitter_misc":{"Ber\u00e4knad l\u00e4stid":"3 minuter"},"schema":{"@context":"https:\/\/schema.org","@graph":[{"@type":"WebPage","@id":"https:\/\/talkpal.ai\/sv\/vitrysk-grammatik\/","url":"https:\/\/talkpal.ai\/sv\/vitrysk-grammatik\/","name":"Vitrysk grammatik - Talkpal","isPartOf":{"@id":"https:\/\/talkpal.ai\/sv\/#website"},"primaryImageOfPage":{"@id":"https:\/\/talkpal.ai\/sv\/vitrysk-grammatik\/#primaryimage"},"image":{"@id":"https:\/\/talkpal.ai\/sv\/vitrysk-grammatik\/#primaryimage"},"thumbnailUrl":"https:\/\/talkpal.ai\/wp-content\/uploads\/2023\/05\/belarus.png","datePublished":"2023-05-14T13:59:42+00:00","dateModified":"2025-05-22T13:48:43+00:00","description":"Beh\u00e4rska vitrysk grammatik utan anstr\u00e4ngning med Talkpal, din AI-drivna spr\u00e5khandledare. F\u00e5 tydliga f\u00f6rklaringar, anv\u00e4ndbara tips och interaktiva \u00f6vningar!","breadcrumb":{"@id":"https:\/\/talkpal.ai\/sv\/vitrysk-grammatik\/#breadcrumb"},"inLanguage":"sv-SE","potentialAction":[{"@type":"ReadAction","target":["https:\/\/talkpal.ai\/sv\/vitrysk-grammatik\/"]}]},{"@type":"ImageObject","inLanguage":"sv-SE","@id":"https:\/\/talkpal.ai\/sv\/vitrysk-grammatik\/#primaryimage","url":"https:\/\/talkpal.ai\/wp-content\/uploads\/2023\/05\/belarus.png","contentUrl":"https:\/\/talkpal.ai\/wp-content\/uploads\/2023\/05\/belarus.png","width":512,"height":512},{"@type":"BreadcrumbList","@id":"https:\/\/talkpal.ai\/sv\/vitrysk-grammatik\/#breadcrumb","itemListElement":[{"@type":"ListItem","position":1,"name":"Homepage","item":"https:\/\/talkpal.ai\/sv\/"},{"@type":"ListItem","position":2,"name":"Vitrysk grammatik"}]},{"@type":"WebSite","@id":"https:\/\/talkpal.ai\/sv\/#website","url":"https:\/\/talkpal.ai\/sv\/","name":"Talkpal","description":"AI Language Learning","publisher":{"@id":"https:\/\/talkpal.ai\/sv\/#organization"},"alternateName":"Talkpal AI","potentialAction":[{"@type":"SearchAction","target":{"@type":"EntryPoint","urlTemplate":"https:\/\/talkpal.ai\/sv\/?s={search_term_string}"},"query-input":{"@type":"PropertyValueSpecification","valueRequired":true,"valueName":"search_term_string"}}],"inLanguage":"sv-SE"},{"@type":"Organization","@id":"https:\/\/talkpal.ai\/sv\/#organization","name":"Talkpal, Inc.","alternateName":"Talkpal AI","url":"https:\/\/talkpal.ai\/sv\/","logo":{"@type":"ImageObject","inLanguage":"sv-SE","@id":"https:\/\/talkpal.ai\/sv\/#\/schema\/logo\/image\/","url":"https:\/\/talkpal.ai\/wp-content\/uploads\/2024\/03\/Talkpal-Logo-Icon.png","contentUrl":"https:\/\/talkpal.ai\/wp-content\/uploads\/2024\/03\/Talkpal-Logo-Icon.png","width":2880,"height":2880,"caption":"Talkpal, Inc."},"image":{"@id":"https:\/\/talkpal.ai\/sv\/#\/schema\/logo\/image\/"},"sameAs":["https:\/\/www.facebook.com\/profile.php?id=100090733639311","https:\/\/x.com\/talkpalai","https:\/\/www.linkedin.com\/company\/talkpal\/","https:\/\/www.youtube.com\/@TalkPal\/","https:\/\/www.tiktok.com\/@talkpal","https:\/\/www.instagram.com\/talkpal_ai\/","https:\/\/www.crunchbase.com\/organization\/talkpal-9cde","https:\/\/www.g2.com\/products\/talkpal-for-business\/","https:\/\/www.trustpilot.com\/review\/talkpal.ai","https:\/\/www.capterra.com\/p\/10006800\/TalkPal\/"],"description":"Talkpal is a language learning web and mobile education app, powered by the latest AI technologies, that provides engaging experiences to its customers in many different languages to help them improve their language skills. Users can chat about unlimited amount of topics with the app and use other modes to practice their language learning.","email":"support@talkpal.ai","legalName":"Talkpal, Inc.","foundingDate":"2023-04-03","duns":"118989042","numberOfEmployees":{"@type":"QuantitativeValue","minValue":"11","maxValue":"50"},"publishingPrinciples":"https:\/\/talkpal.ai\/publishing-principles\/","actionableFeedbackPolicy":"https:\/\/talkpal.ai\/actionable-feedback-policy\/","correctionsPolicy":"https:\/\/talkpal.ai\/corrections-policy\/","ethicsPolicy":"https:\/\/talkpal.ai\/ethics-policy\/","diversityPolicy":"https:\/\/talkpal.ai\/diversity-policy\/","diversityStaffingReport":"https:\/\/talkpal.ai\/diversity-policy\/"}]}},"_links":{"self":[{"href":"https:\/\/talkpal.ai\/sv\/wp-json\/wp\/v2\/pages\/141106","targetHints":{"allow":["GET"]}}],"collection":[{"href":"https:\/\/talkpal.ai\/sv\/wp-json\/wp\/v2\/pages"}],"about":[{"href":"https:\/\/talkpal.ai\/sv\/wp-json\/wp\/v2\/types\/page"}],"author":[{"embeddable":true,"href":"https:\/\/talkpal.ai\/sv\/wp-json\/wp\/v2\/users\/1"}],"replies":[{"embeddable":true,"href":"https:\/\/talkpal.ai\/sv\/wp-json\/wp\/v2\/comments?post=141106"}],"version-history":[{"count":0,"href":"https:\/\/talkpal.ai\/sv\/wp-json\/wp\/v2\/pages\/141106\/revisions"}],"wp:featuredmedia":[{"embeddable":true,"href":"https:\/\/talkpal.ai\/sv\/wp-json\/wp\/v2\/media\/28197"}],"wp:attachment":[{"href":"https:\/\/talkpal.ai\/sv\/wp-json\/wp\/v2\/media?parent=141106"}],"curies":[{"name":"wp","href":"https:\/\/api.w.org\/{rel}","templated":true}]}}