{"id":140792,"date":"2023-05-14T13:59:24","date_gmt":"2023-05-14T13:59:24","guid":{"rendered":"http:\/\/talkpal.ai\/afrikaans-grammatik\/"},"modified":"2025-05-22T19:03:52","modified_gmt":"2025-05-22T19:03:52","slug":"afrikaans-grammatik","status":"publish","type":"page","link":"https:\/\/talkpal.ai\/sv\/afrikaans-grammatik\/","title":{"rendered":"Afrikaans Grammatik"},"content":{"rendered":"\r\n\r\n\r\n<section class=\"languageChallengeSection\">\r\n    <div class=\"languageInfoWrapper\">\r\n        \r\n        <h1>Afrikaans Grammatik<\/h1>\r\n        <p>Uppt\u00e4ck den enkla sk\u00f6nheten i <a href=\"https:\/\/talkpal.ai\/learn-afrikaans\/\">afrikaans<\/a> genom att l\u00e4ra dig de viktigaste grammatikreglerna. Om du beh\u00e4rskar <a href=\"https:\/\/talkpal.ai\/es\/gramatica-afrikaans\/\">afrikaans grammatik<\/a> kommer du att kunna kommunicera effektivt och njuta av den rika kulturen hos de som talar afrikaans. B\u00f6rja din resa med afrikaans <a href=\"https:\/\/talkpal.ai\/fr\/les\/\">grammatik<\/a> idag och ta ditt f\u00f6rsta steg mot flytande spr\u00e5k!<\/p>\r\n\r\n                            <a class=\"getStartedHidden\" href=\"https:\/\/app.talkpal.ai\/sv\/signup?lng=\">Kom ig\u00e5ng<\/a>\r\n        \r\n    <\/div>\r\n\r\n    <figure>\r\n    <img decoding=\"async\" width=\"768\" height=\"768\" src=\"https:\/\/talkpal.ai\/wp-content\/uploads\/2023\/06\/TalkPal-Afrikaans-768x768.png\" class=\"languageImage no-lazy\" alt=\"Default alt text\" fetchpriority=\"high\" sizes=\"(max-width: 768px) 150px, 768px\" srcset=\"https:\/\/talkpal.ai\/wp-content\/uploads\/2023\/06\/TalkPal-Afrikaans-768x768.png 768w, https:\/\/talkpal.ai\/wp-content\/uploads\/2023\/06\/TalkPal-Afrikaans-300x300.png 300w\" \/>\r\n    \r\n\r\n    <\/figure>\r\n\r\n            <a class=\"getStartedVisible\" href=\"https:\/\/app.talkpal.ai\/sv\/signup?lng=\">Kom ig\u00e5ng<\/a>\r\n    \r\n<\/section>\r\n        <section class=\"grammarSection\">\r\n            <div class=\"grammarLinks\">\r\n                <a href=\"https:\/\/talkpal.ai\/sv\/language\/adjektiv-afrikaans-grammatik\/\">Adjektiv <\/a><a href=\"https:\/\/talkpal.ai\/sv\/language\/adverb-afrikaans-grammatik\/\">Adverb <\/a><a href=\"https:\/\/talkpal.ai\/sv\/language\/artiklar-afrikaans-grammatik\/\">Artiklar <\/a><a href=\"https:\/\/talkpal.ai\/sv\/language\/konditionaler-afrikaans-grammatik\/\">Konditionaler <\/a><a href=\"https:\/\/talkpal.ai\/sv\/language\/meningar-afrikaans-grammatik\/\">Meningar <\/a><a href=\"https:\/\/talkpal.ai\/sv\/language\/perfect-progressive-afrikaans-grammatik\/\">Perfect Progressive <\/a><a href=\"https:\/\/talkpal.ai\/sv\/language\/prepositioner-afrikaans-grammatik\/\">Prepositioner <\/a><a href=\"https:\/\/talkpal.ai\/sv\/language\/progressiv-afrikaans-grammatik-sv\/\">Progressiv <\/a><a href=\"https:\/\/talkpal.ai\/sv\/language\/pronomen-bestamningsfaktorer-afrikaans-grammatik\/\">Pronomen\/best\u00e4mningsfaktorer <\/a><a href=\"https:\/\/talkpal.ai\/sv\/language\/substantiv-afrikaans-grammatik\/\">Substantiv <\/a><a href=\"https:\/\/talkpal.ai\/sv\/language\/tempus-afrikaans-grammatik\/\">Tempus <\/a><a href=\"https:\/\/talkpal.ai\/sv\/language\/tempus-jamforelse-afrikaans-grammatik\/\">Tempus J\u00e4mf\u00f6relse <\/a><a href=\"https:\/\/talkpal.ai\/sv\/language\/verb-afrikaans-grammatik\/\">Verb <\/a>            <\/div>\r\n        <\/section>\r\n    <section class=\"promotionalBanner\">\r\n    <p class=\"promotionalText\">Det mest effektiva s\u00e4ttet att l\u00e4ra sig ett spr\u00e5k<\/p>\r\n    <a class=\"promotionalLink\" href=\"https:\/\/app.talkpal.ai\/sv\/signup?lng=\">Prova Talkpal gratis<\/a>\r\n<\/section>\n<div class=\"wp-block-group pageContainerStyle\"><div class=\"wp-block-group__inner-container is-layout-constrained wp-block-group-is-layout-constrained\">\n<h2 class=\"wp-block-heading\" id=\"h-mastering-afrikaans-grammar-your-ultimate-guide\">Bem\u00e4stra afrikaans grammatik: Din ultimata guide<\/h2>\n\n\n\n<p><strong>Goeie dag<\/strong>, <a href=\"https:\/\/talkpal.ai\/talkpal-discount-for-language-enthusiasts\/\">spr\u00e5kentusiaster<\/a>! \u00c4r du redo att ge dig ut p\u00e5 en resa in i afrikaans grammatikv\u00e4rld? Du har kommit till r\u00e4tt st\u00e4lle. <a href=\"https:\/\/talkpal.ai\/culture\/how-do-i-use-den-har-and-det-har\/\">Den h\u00e4r<\/a> artikeln \u00e4r fylld med l\u00e4ttf\u00f6rst\u00e5elig information och en samtalston och guidar dig genom den fascinerande afrikaansgrammatiken. Snart kommer du att kunna konstruera meningar och ha meningsfulla konversationer med personer som har spr\u00e5ket som modersm\u00e5l. S\u00e5 l\u00e5t <a href=\"https:\/\/talkpal.ai\/locations\/language-courses-in-oss\/\">oss<\/a> <a href=\"https:\/\/talkpal.ai\/ko\/ai-%ec%96%b8%ec%96%b4-%ea%b5%90%ec%82%ac\/\">komma ig\u00e5ng<\/a>!<\/p>\n\n\n\n<p><strong>Men f\u00f6rst, varf\u00f6r afrikaans grammatik?<\/strong><\/p>\n\n\n\n<p>Om du <a href=\"https:\/\/talkpal.ai\/learn-afrikaans\/\">l\u00e4r dig afrikaans<\/a> \u00e4r en stark grund i grammatik avg\u00f6rande f\u00f6r att du ska kunna <a href=\"https:\/\/talkpal.ai\/locations\/language-courses-in-tala\/\">tala<\/a>, l\u00e4sa och skriva flytande. Afrikaans grammatik kan verka komplicerad vid f\u00f6rsta anblicken, men den \u00e4r relativt enkel n\u00e4r man bryter ner den i mindre, mer hanterbara delar. S\u00e5 l\u00e5t oss b\u00f6rja din resa mot att beh\u00e4rska Afrikaans grammatik!<\/p>\n\n\n\n<h3 class=\"wp-block-heading\" id=\"h-1-nouns-gender-and-articles\">1. Substantiv, genus och artiklar<\/h3>\n\n\n\n<p>Till skillnad fr\u00e5n m\u00e5nga andra spr\u00e5k har afrikaans-substantiv inget genus, vilket g\u00f6r dem enklare att l\u00e4ra sig. Den best\u00e4mda artikeln &#8221;die&#8221; (den) anv\u00e4nds f\u00f6r alla substantiv, medan de obest\u00e4mda artiklarna &#8221;&#8217;n&#8221; eller &#8221;een&#8221; (a\/an) ocks\u00e5 \u00e4r k\u00f6nsneutrala.  <\/p>\n\n\n\n<p>Till exempel:<\/p>\n\n\n\n<p>&#8211; die hond (hunden)<\/p>\n\n\n\n<p>&#8211; &#8217;n hond (en hund)<\/p>\n\n\n\n<h3 class=\"wp-block-heading\" id=\"h-2-adjectives\">2. Adjektiv<\/h3>\n\n\n\n<p>P\u00e5 afrikaans kommer adjektiv vanligtvis f\u00f6re substantivet de modifierar och \u00f6verensst\u00e4mmer med substantivet i numerus. Adjektiv har ingen k\u00f6ns\u00f6verenskommelse. Till exempel:<\/p>\n\n\n\n<p>&#8211; &#8217;n groot huis (ett stort hus)<\/p>\n\n\n\n<p>&#8211; twee groot huise (tv\u00e5 stora hus)<\/p>\n\n\n\n<p>Vissa adjektiv kr\u00e4ver ytterligare ett &#8221;-e&#8221; n\u00e4r de beskriver ett substantiv i plural:<\/p>\n\n\n\n<p>&#8211; &#8217;n ou man (en gammal man)<\/p>\n\n\n\n<p>&#8211; twee ou manne (tv\u00e5 gamla m\u00e4n)<\/p>\n\n\n\n<h3 class=\"wp-block-heading\" id=\"h-3-verbs-and-tense\">3. Verb och tempus<\/h3>\n\n\n\n<p>Afrikaans-verb \u00e4r relativt l\u00e4tta att l\u00e4ra sig eftersom de inte b\u00f6js baserat p\u00e5 meningens subjekt. Dessutom har afrikaans f\u00e4rre tempus \u00e4n m\u00e5nga andra spr\u00e5k. F\u00f6r att ge dig en smak av Afrikaans verb, l\u00e5t oss diskutera vanliga verb i presens:<\/p>\n\n\n\n<p>&#8211; Ek leer (Jag l\u00e4r mig)<\/p>\n\n\n\n<p>&#8211; Jy\/u leer (du l\u00e4r dig, informellt\/formellt)<\/p>\n\n\n\n<p>&#8211; Hy\/sy\/dit leer (han\/hon\/det l\u00e4r sig)<\/p>\n\n\n\n<p>&#8211; Ons\/julle leer (vi\/ni l\u00e4r er alla)<\/p>\n\n\n\n<p>&#8211; Hulle leer (de l\u00e4r sig)<\/p>\n\n\n\n<p>Kom ih\u00e5g att detta bara \u00e4r toppen av isberget! N\u00e4r du g\u00f6r framsteg i dina studier kommer du att st\u00f6ta p\u00e5 olika andra tempus och n\u00e5gra oregelbundna verb.<\/p>\n\n\n\n<h3 class=\"wp-block-heading\" id=\"h-4-pronouns-prepositions-and-more\">4. Pronomen, prepositioner och mer!<\/h3>\n\n\n\n<p>Afrikaans grammatik omfattar andra komponenter som pronomen (ek, jy, hy, sy, etc.), prepositioner (in, op, met, etc.) och idiomatiska uttryck. N\u00e4r du l\u00e4r dig spr\u00e5ket m\u00e5ste du beh\u00e4rska vart och ett av dessa element f\u00f6r att f\u00e5 ett full\u00f6digt flyt.<\/p>\n\n\n\n<p>Sammanfattningsvis kr\u00e4ver det uth\u00e5llighet, \u00f6vning och t\u00e5lamod att beh\u00e4rska afrikaansgrammatik. Men n\u00e4r du v\u00e4l har f\u00f6rst\u00e5tt spr\u00e5kets kr\u00e5ngligheter \u00e4r du p\u00e5 god v\u00e4g att konversera med inf\u00f6dda talare, uppleva den rika kulturen och historien i den afrikaanstalande v\u00e4rlden och f\u00f6rdjupa din k\u00e4rlek till spr\u00e5ket. Sterkte (lycka till)!<\/p>\n<\/div><\/div>\n\r\n<section class=\"learnNavigationSection\">\r\n            \r\n        <a href=\"https:\/\/talkpal.ai\/sv\/lar-dig-afrikaans\/\">\r\n            <div class=\"learnNavigationWrapper\">\r\n                <div class=\"learnNavigationContent\">\r\n                    <img decoding=\"async\" src=\"https:\/\/talkpal.ai\/wp-content\/uploads\/2024\/08\/Afrikaans.jpg\" alt=\"South Africa Flag\">\r\n                    <div>\r\n                        <h4>Om Afrikaans Learning<\/h4>\r\n                        <p>Ta reda p\u00e5 allt om afrikaansk grammatik.<\/p>\r\n                    <\/div>\r\n                <\/div>\r\n            <\/div>\r\n        <\/a>\r\n\r\n        \r\n        <a href=\"https:\/\/talkpal.ai\/sv\/afrikaans-grammatikovningar\/\">\r\n            <div class=\"learnNavigationWrapper\">\r\n                <div class=\"learnNavigationContent\">\r\n                    <img decoding=\"async\" src=\"https:\/\/talkpal.ai\/wp-content\/uploads\/2024\/08\/Afrikaans.jpg\" alt=\"South Africa Flag\">\r\n                    <div>\r\n                        <h4>Afrikaans grammatik \u00f6vning<\/h4>\r\n                        <p>\u00d6va afrikaans grammatik.<\/p>\r\n                    <\/div>\r\n                <\/div>\r\n            <\/div>\r\n        <\/a>\r\n\r\n        \r\n        <a href=\"https:\/\/talkpal.ai\/vocabulary_language\/afrikaans\/\">\r\n            <div class=\"learnNavigationWrapper\">\r\n                <div class=\"learnNavigationContent\">\r\n                    <img decoding=\"async\" src=\"https:\/\/talkpal.ai\/wp-content\/uploads\/2024\/08\/Afrikaans.jpg\" alt=\"South Africa Flag\">\r\n                    <div>\r\n                        <h4>Ordf\u00f6rr\u00e5d p\u00e5 afrikaans<\/h4>\r\n                        <p>Ut\u00f6ka ditt ordf\u00f6rr\u00e5d p\u00e5 afrikaans.<\/p>\r\n                    <\/div>\r\n                <\/div>\r\n            <\/div>\r\n        <\/a>\r\n\r\n            <\/section>","protected":false},"excerpt":{"rendered":"<p>Bem\u00e4stra afrikaans grammatik: Din ultimata guide Goeie dag, spr\u00e5kentusiaster! \u00c4r du redo att ge dig ut p\u00e5 en resa in i afrikaans grammatikv\u00e4rld? Du har kommit till r\u00e4tt st\u00e4lle. Den h\u00e4r artikeln \u00e4r fylld med l\u00e4ttf\u00f6rst\u00e5elig information och en samtalston och guidar dig genom den fascinerande afrikaansgrammatiken. Snart kommer du att kunna konstruera meningar och [&hellip;]<\/p>\n","protected":false},"author":1,"featured_media":28677,"parent":0,"menu_order":0,"comment_status":"closed","ping_status":"closed","template":"LearningContentPage.php","meta":{"_acf_changed":false,"footnotes":""},"class_list":["post-140792","page","type-page","status-publish","has-post-thumbnail","hentry"],"acf":[],"yoast_head":"<!-- This site is optimized with the Yoast SEO Premium plugin v27.2 (Yoast SEO v27.2) - https:\/\/yoast.com\/product\/yoast-seo-premium-wordpress\/ -->\n<title>Afrikaans Grammatik - Talkpal<\/title>\n<meta name=\"description\" content=\"Utforska afrikaans grammatik med v\u00e5r nyb\u00f6rjarv\u00e4nliga guide. Beh\u00e4rska meningsbyggnad och f\u00f6rb\u00e4ttra dina konversationsf\u00e4rdigheter.\" \/>\n<meta name=\"robots\" content=\"index, follow, max-snippet:-1, max-image-preview:large, max-video-preview:-1\" \/>\n<link rel=\"canonical\" href=\"https:\/\/talkpal.ai\/sv\/afrikaans-grammatik\/\" \/>\n<meta property=\"og:locale\" content=\"sv_SE\" \/>\n<meta property=\"og:type\" content=\"article\" \/>\n<meta property=\"og:title\" content=\"Afrikaans Grammatik\" \/>\n<meta property=\"og:description\" content=\"Bem\u00e4stra afrikaans grammatik: Din ultimata guide Goeie dag, spr\u00e5kentusiaster! \u00c4r du redo att ge dig ut p\u00e5 en resa in i afrikaans grammatikv\u00e4rld? Du har\" \/>\n<meta property=\"og:url\" content=\"https:\/\/talkpal.ai\/sv\/afrikaans-grammatik\/\" \/>\n<meta property=\"og:site_name\" content=\"Talkpal\" \/>\n<meta property=\"article:publisher\" content=\"https:\/\/www.facebook.com\/profile.php?id=100090733639311\" \/>\n<meta property=\"article:modified_time\" content=\"2025-05-22T19:03:52+00:00\" \/>\n<meta property=\"og:image\" content=\"https:\/\/talkpal.ai\/wp-content\/uploads\/2023\/05\/south-africa.png\" \/>\n\t<meta property=\"og:image:width\" content=\"512\" \/>\n\t<meta property=\"og:image:height\" content=\"512\" \/>\n\t<meta property=\"og:image:type\" content=\"image\/png\" \/>\n<meta name=\"twitter:card\" content=\"summary_large_image\" \/>\n<meta name=\"twitter:site\" content=\"@talkpalai\" \/>\n<meta name=\"twitter:label1\" content=\"Ber\u00e4knad l\u00e4stid\" \/>\n\t<meta name=\"twitter:data1\" content=\"3 minuter\" \/>\n<script type=\"application\/ld+json\" class=\"yoast-schema-graph\">{\"@context\":\"https:\/\/schema.org\",\"@graph\":[{\"@type\":\"WebPage\",\"@id\":\"https:\/\/talkpal.ai\/sv\/afrikaans-grammatik\/\",\"url\":\"https:\/\/talkpal.ai\/sv\/afrikaans-grammatik\/\",\"name\":\"Afrikaans Grammatik - Talkpal\",\"isPartOf\":{\"@id\":\"https:\/\/talkpal.ai\/sv\/#website\"},\"primaryImageOfPage\":{\"@id\":\"https:\/\/talkpal.ai\/sv\/afrikaans-grammatik\/#primaryimage\"},\"image\":{\"@id\":\"https:\/\/talkpal.ai\/sv\/afrikaans-grammatik\/#primaryimage\"},\"thumbnailUrl\":\"https:\/\/talkpal.ai\/wp-content\/uploads\/2023\/05\/south-africa.png\",\"datePublished\":\"2023-05-14T13:59:24+00:00\",\"dateModified\":\"2025-05-22T19:03:52+00:00\",\"description\":\"Utforska afrikaans grammatik med v\u00e5r nyb\u00f6rjarv\u00e4nliga guide. Beh\u00e4rska meningsbyggnad och f\u00f6rb\u00e4ttra dina konversationsf\u00e4rdigheter.\",\"breadcrumb\":{\"@id\":\"https:\/\/talkpal.ai\/sv\/afrikaans-grammatik\/#breadcrumb\"},\"inLanguage\":\"sv-SE\",\"potentialAction\":[{\"@type\":\"ReadAction\",\"target\":[\"https:\/\/talkpal.ai\/sv\/afrikaans-grammatik\/\"]}]},{\"@type\":\"ImageObject\",\"inLanguage\":\"sv-SE\",\"@id\":\"https:\/\/talkpal.ai\/sv\/afrikaans-grammatik\/#primaryimage\",\"url\":\"https:\/\/talkpal.ai\/wp-content\/uploads\/2023\/05\/south-africa.png\",\"contentUrl\":\"https:\/\/talkpal.ai\/wp-content\/uploads\/2023\/05\/south-africa.png\",\"width\":512,\"height\":512},{\"@type\":\"BreadcrumbList\",\"@id\":\"https:\/\/talkpal.ai\/sv\/afrikaans-grammatik\/#breadcrumb\",\"itemListElement\":[{\"@type\":\"ListItem\",\"position\":1,\"name\":\"Homepage\",\"item\":\"https:\/\/talkpal.ai\/sv\/\"},{\"@type\":\"ListItem\",\"position\":2,\"name\":\"Afrikaans Grammatik\"}]},{\"@type\":\"WebSite\",\"@id\":\"https:\/\/talkpal.ai\/sv\/#website\",\"url\":\"https:\/\/talkpal.ai\/sv\/\",\"name\":\"Talkpal\",\"description\":\"AI Language Learning\",\"publisher\":{\"@id\":\"https:\/\/talkpal.ai\/sv\/#organization\"},\"alternateName\":\"Talkpal AI\",\"potentialAction\":[{\"@type\":\"SearchAction\",\"target\":{\"@type\":\"EntryPoint\",\"urlTemplate\":\"https:\/\/talkpal.ai\/sv\/?s={search_term_string}\"},\"query-input\":{\"@type\":\"PropertyValueSpecification\",\"valueRequired\":true,\"valueName\":\"search_term_string\"}}],\"inLanguage\":\"sv-SE\"},{\"@type\":\"Organization\",\"@id\":\"https:\/\/talkpal.ai\/sv\/#organization\",\"name\":\"Talkpal, Inc.\",\"alternateName\":\"Talkpal AI\",\"url\":\"https:\/\/talkpal.ai\/sv\/\",\"logo\":{\"@type\":\"ImageObject\",\"inLanguage\":\"sv-SE\",\"@id\":\"https:\/\/talkpal.ai\/sv\/#\/schema\/logo\/image\/\",\"url\":\"https:\/\/talkpal.ai\/wp-content\/uploads\/2024\/03\/Talkpal-Logo-Icon.png\",\"contentUrl\":\"https:\/\/talkpal.ai\/wp-content\/uploads\/2024\/03\/Talkpal-Logo-Icon.png\",\"width\":2880,\"height\":2880,\"caption\":\"Talkpal, Inc.\"},\"image\":{\"@id\":\"https:\/\/talkpal.ai\/sv\/#\/schema\/logo\/image\/\"},\"sameAs\":[\"https:\/\/www.facebook.com\/profile.php?id=100090733639311\",\"https:\/\/x.com\/talkpalai\",\"https:\/\/www.linkedin.com\/company\/talkpal\/\",\"https:\/\/www.youtube.com\/@TalkPal\/\",\"https:\/\/www.tiktok.com\/@talkpal\",\"https:\/\/www.instagram.com\/talkpal_ai\/\",\"https:\/\/www.crunchbase.com\/organization\/talkpal-9cde\",\"https:\/\/www.g2.com\/products\/talkpal-for-business\/\",\"https:\/\/www.trustpilot.com\/review\/talkpal.ai\",\"https:\/\/www.capterra.com\/p\/10006800\/TalkPal\/\"],\"description\":\"Talkpal is a language learning web and mobile education app, powered by the latest AI technologies, that provides engaging experiences to its customers in many different languages to help them improve their language skills. Users can chat about unlimited amount of topics with the app and use other modes to practice their language learning.\",\"email\":\"support@talkpal.ai\",\"legalName\":\"Talkpal, Inc.\",\"foundingDate\":\"2023-04-03\",\"duns\":\"118989042\",\"numberOfEmployees\":{\"@type\":\"QuantitativeValue\",\"minValue\":\"11\",\"maxValue\":\"50\"},\"publishingPrinciples\":\"https:\/\/talkpal.ai\/publishing-principles\/\",\"actionableFeedbackPolicy\":\"https:\/\/talkpal.ai\/actionable-feedback-policy\/\",\"correctionsPolicy\":\"https:\/\/talkpal.ai\/corrections-policy\/\",\"ethicsPolicy\":\"https:\/\/talkpal.ai\/ethics-policy\/\",\"diversityPolicy\":\"https:\/\/talkpal.ai\/diversity-policy\/\",\"diversityStaffingReport\":\"https:\/\/talkpal.ai\/diversity-policy\/\"}]}<\/script>\n<!-- \/ Yoast SEO Premium plugin. -->","yoast_head_json":{"title":"Afrikaans Grammatik - Talkpal","description":"Utforska afrikaans grammatik med v\u00e5r nyb\u00f6rjarv\u00e4nliga guide. Beh\u00e4rska meningsbyggnad och f\u00f6rb\u00e4ttra dina konversationsf\u00e4rdigheter.","robots":{"index":"index","follow":"follow","max-snippet":"max-snippet:-1","max-image-preview":"max-image-preview:large","max-video-preview":"max-video-preview:-1"},"canonical":"https:\/\/talkpal.ai\/sv\/afrikaans-grammatik\/","og_locale":"sv_SE","og_type":"article","og_title":"Afrikaans Grammatik","og_description":"Bem\u00e4stra afrikaans grammatik: Din ultimata guide Goeie dag, spr\u00e5kentusiaster! \u00c4r du redo att ge dig ut p\u00e5 en resa in i afrikaans grammatikv\u00e4rld? Du har","og_url":"https:\/\/talkpal.ai\/sv\/afrikaans-grammatik\/","og_site_name":"Talkpal","article_publisher":"https:\/\/www.facebook.com\/profile.php?id=100090733639311","article_modified_time":"2025-05-22T19:03:52+00:00","og_image":[{"width":512,"height":512,"url":"https:\/\/talkpal.ai\/wp-content\/uploads\/2023\/05\/south-africa.png","type":"image\/png"}],"twitter_card":"summary_large_image","twitter_site":"@talkpalai","twitter_misc":{"Ber\u00e4knad l\u00e4stid":"3 minuter"},"schema":{"@context":"https:\/\/schema.org","@graph":[{"@type":"WebPage","@id":"https:\/\/talkpal.ai\/sv\/afrikaans-grammatik\/","url":"https:\/\/talkpal.ai\/sv\/afrikaans-grammatik\/","name":"Afrikaans Grammatik - Talkpal","isPartOf":{"@id":"https:\/\/talkpal.ai\/sv\/#website"},"primaryImageOfPage":{"@id":"https:\/\/talkpal.ai\/sv\/afrikaans-grammatik\/#primaryimage"},"image":{"@id":"https:\/\/talkpal.ai\/sv\/afrikaans-grammatik\/#primaryimage"},"thumbnailUrl":"https:\/\/talkpal.ai\/wp-content\/uploads\/2023\/05\/south-africa.png","datePublished":"2023-05-14T13:59:24+00:00","dateModified":"2025-05-22T19:03:52+00:00","description":"Utforska afrikaans grammatik med v\u00e5r nyb\u00f6rjarv\u00e4nliga guide. Beh\u00e4rska meningsbyggnad och f\u00f6rb\u00e4ttra dina konversationsf\u00e4rdigheter.","breadcrumb":{"@id":"https:\/\/talkpal.ai\/sv\/afrikaans-grammatik\/#breadcrumb"},"inLanguage":"sv-SE","potentialAction":[{"@type":"ReadAction","target":["https:\/\/talkpal.ai\/sv\/afrikaans-grammatik\/"]}]},{"@type":"ImageObject","inLanguage":"sv-SE","@id":"https:\/\/talkpal.ai\/sv\/afrikaans-grammatik\/#primaryimage","url":"https:\/\/talkpal.ai\/wp-content\/uploads\/2023\/05\/south-africa.png","contentUrl":"https:\/\/talkpal.ai\/wp-content\/uploads\/2023\/05\/south-africa.png","width":512,"height":512},{"@type":"BreadcrumbList","@id":"https:\/\/talkpal.ai\/sv\/afrikaans-grammatik\/#breadcrumb","itemListElement":[{"@type":"ListItem","position":1,"name":"Homepage","item":"https:\/\/talkpal.ai\/sv\/"},{"@type":"ListItem","position":2,"name":"Afrikaans Grammatik"}]},{"@type":"WebSite","@id":"https:\/\/talkpal.ai\/sv\/#website","url":"https:\/\/talkpal.ai\/sv\/","name":"Talkpal","description":"AI Language Learning","publisher":{"@id":"https:\/\/talkpal.ai\/sv\/#organization"},"alternateName":"Talkpal AI","potentialAction":[{"@type":"SearchAction","target":{"@type":"EntryPoint","urlTemplate":"https:\/\/talkpal.ai\/sv\/?s={search_term_string}"},"query-input":{"@type":"PropertyValueSpecification","valueRequired":true,"valueName":"search_term_string"}}],"inLanguage":"sv-SE"},{"@type":"Organization","@id":"https:\/\/talkpal.ai\/sv\/#organization","name":"Talkpal, Inc.","alternateName":"Talkpal AI","url":"https:\/\/talkpal.ai\/sv\/","logo":{"@type":"ImageObject","inLanguage":"sv-SE","@id":"https:\/\/talkpal.ai\/sv\/#\/schema\/logo\/image\/","url":"https:\/\/talkpal.ai\/wp-content\/uploads\/2024\/03\/Talkpal-Logo-Icon.png","contentUrl":"https:\/\/talkpal.ai\/wp-content\/uploads\/2024\/03\/Talkpal-Logo-Icon.png","width":2880,"height":2880,"caption":"Talkpal, Inc."},"image":{"@id":"https:\/\/talkpal.ai\/sv\/#\/schema\/logo\/image\/"},"sameAs":["https:\/\/www.facebook.com\/profile.php?id=100090733639311","https:\/\/x.com\/talkpalai","https:\/\/www.linkedin.com\/company\/talkpal\/","https:\/\/www.youtube.com\/@TalkPal\/","https:\/\/www.tiktok.com\/@talkpal","https:\/\/www.instagram.com\/talkpal_ai\/","https:\/\/www.crunchbase.com\/organization\/talkpal-9cde","https:\/\/www.g2.com\/products\/talkpal-for-business\/","https:\/\/www.trustpilot.com\/review\/talkpal.ai","https:\/\/www.capterra.com\/p\/10006800\/TalkPal\/"],"description":"Talkpal is a language learning web and mobile education app, powered by the latest AI technologies, that provides engaging experiences to its customers in many different languages to help them improve their language skills. Users can chat about unlimited amount of topics with the app and use other modes to practice their language learning.","email":"support@talkpal.ai","legalName":"Talkpal, Inc.","foundingDate":"2023-04-03","duns":"118989042","numberOfEmployees":{"@type":"QuantitativeValue","minValue":"11","maxValue":"50"},"publishingPrinciples":"https:\/\/talkpal.ai\/publishing-principles\/","actionableFeedbackPolicy":"https:\/\/talkpal.ai\/actionable-feedback-policy\/","correctionsPolicy":"https:\/\/talkpal.ai\/corrections-policy\/","ethicsPolicy":"https:\/\/talkpal.ai\/ethics-policy\/","diversityPolicy":"https:\/\/talkpal.ai\/diversity-policy\/","diversityStaffingReport":"https:\/\/talkpal.ai\/diversity-policy\/"}]}},"_links":{"self":[{"href":"https:\/\/talkpal.ai\/sv\/wp-json\/wp\/v2\/pages\/140792","targetHints":{"allow":["GET"]}}],"collection":[{"href":"https:\/\/talkpal.ai\/sv\/wp-json\/wp\/v2\/pages"}],"about":[{"href":"https:\/\/talkpal.ai\/sv\/wp-json\/wp\/v2\/types\/page"}],"author":[{"embeddable":true,"href":"https:\/\/talkpal.ai\/sv\/wp-json\/wp\/v2\/users\/1"}],"replies":[{"embeddable":true,"href":"https:\/\/talkpal.ai\/sv\/wp-json\/wp\/v2\/comments?post=140792"}],"version-history":[{"count":0,"href":"https:\/\/talkpal.ai\/sv\/wp-json\/wp\/v2\/pages\/140792\/revisions"}],"wp:featuredmedia":[{"embeddable":true,"href":"https:\/\/talkpal.ai\/sv\/wp-json\/wp\/v2\/media\/28677"}],"wp:attachment":[{"href":"https:\/\/talkpal.ai\/sv\/wp-json\/wp\/v2\/media?parent=140792"}],"curies":[{"name":"wp","href":"https:\/\/api.w.org\/{rel}","templated":true}]}}