{"id":140436,"date":"2023-05-14T13:54:14","date_gmt":"2023-05-14T13:54:14","guid":{"rendered":"http:\/\/talkpal.ai\/armenisk-grammatik\/"},"modified":"2025-05-21T10:55:01","modified_gmt":"2025-05-21T10:55:01","slug":"armenisk-grammatik","status":"publish","type":"page","link":"https:\/\/talkpal.ai\/sv\/armenisk-grammatik\/","title":{"rendered":"Armenisk grammatik"},"content":{"rendered":"\r\n\r\n\r\n<section class=\"languageChallengeSection\">\r\n    <div class=\"languageInfoWrapper\">\r\n        \r\n        <h1>Armenisk grammatik<\/h1>\r\n        <p>\u00c4r du redo att utforska ett nytt spr\u00e5k? <a href=\"https:\/\/talkpal.ai\/sv\/grammar\/noll-artikel-i-armenisk-grammatik\/\">Armenisk grammatik<\/a> \u00e4r din ink\u00f6rsport till en v\u00e4rld av fascinerande m\u00f6nster och unika traditioner! N\u00e4r du l\u00e4r dig armenisk <a href=\"https:\/\/talkpal.ai\/fr\/les\/\">grammatik<\/a> kommer du inte bara att beh\u00e4rska ett spr\u00e5k utan ocks\u00e5 f\u00e5 kontakt med Armeniens djupa kulturarv. L\u00e5t oss dyka in tillsammans och njuta av resan in i armeniskan!<\/p>\r\n\r\n                            <a class=\"getStartedHidden\" href=\"https:\/\/app.talkpal.ai\/sv\/signup?lng=\">Kom ig\u00e5ng<\/a>\r\n        \r\n    <\/div>\r\n\r\n    <figure>\r\n    <img decoding=\"async\" width=\"768\" height=\"768\" src=\"https:\/\/talkpal.ai\/wp-content\/uploads\/2023\/06\/armenian-768x768.png\" class=\"languageImage no-lazy\" alt=\"Default alt text\" fetchpriority=\"high\" sizes=\"(max-width: 768px) 150px, 768px\" srcset=\"https:\/\/talkpal.ai\/wp-content\/uploads\/2023\/06\/armenian-768x768.png 768w, https:\/\/talkpal.ai\/wp-content\/uploads\/2023\/06\/armenian-300x300.png 300w\" \/>\r\n    \r\n\r\n    <\/figure>\r\n\r\n            <a class=\"getStartedVisible\" href=\"https:\/\/app.talkpal.ai\/sv\/signup?lng=\">Kom ig\u00e5ng<\/a>\r\n    \r\n<\/section>\r\n        <section class=\"grammarSection\">\r\n            <div class=\"grammarLinks\">\r\n                <a href=\"https:\/\/talkpal.ai\/sv\/language\/adjektiv-armenisk-grammatik\/\">Adjektiv <\/a><a href=\"https:\/\/talkpal.ai\/sv\/language\/adverb-armenisk-grammatik\/\">Adverb <\/a><a href=\"https:\/\/talkpal.ai\/sv\/language\/artiklar-armenisk-grammatik\/\">Artiklar <\/a><a href=\"https:\/\/talkpal.ai\/sv\/language\/jamforelse-av-tempus-armenisk-grammatik\/\">J\u00e4mf\u00f6relse av tempus <\/a><a href=\"https:\/\/talkpal.ai\/sv\/language\/konditionaler-armenisk-grammatik\/\">Konditionaler <\/a><a href=\"https:\/\/talkpal.ai\/sv\/language\/meningar-armenisk-grammatik\/\">Meningar <\/a><a href=\"https:\/\/talkpal.ai\/sv\/language\/perfect-progressive-armenisk-grammatik\/\">Perfect Progressive <\/a><a href=\"https:\/\/talkpal.ai\/sv\/language\/prepositioner-armenisk-grammatik\/\">Prepositioner <\/a><a href=\"https:\/\/talkpal.ai\/sv\/language\/progressiv-armenisk-grammatik\/\">Progressiv <\/a><a href=\"https:\/\/talkpal.ai\/sv\/language\/pronomen-bestamningar-armenisk-grammatik\/\">Pronomen\/best\u00e4mningar <\/a><a href=\"https:\/\/talkpal.ai\/sv\/language\/substantiv-armenisk-grammatik\/\">Substantiv <\/a><a href=\"https:\/\/talkpal.ai\/sv\/language\/tempus-armenisk-grammatik\/\">Tempus <\/a><a href=\"https:\/\/talkpal.ai\/sv\/language\/verb-armenisk-grammatik\/\">Verb <\/a>            <\/div>\r\n        <\/section>\r\n    <section class=\"promotionalBanner\">\r\n    <p class=\"promotionalText\">Det mest effektiva s\u00e4ttet att l\u00e4ra sig ett spr\u00e5k<\/p>\r\n    <a class=\"promotionalLink\" href=\"https:\/\/app.talkpal.ai\/sv\/signup?lng=\">Prova Talkpal gratis<\/a>\r\n<\/section>\n<div class=\"wp-block-group pageContainerStyle\"><div class=\"wp-block-group__inner-container is-layout-constrained wp-block-group-is-layout-constrained\">\n<h2 class=\"wp-block-heading\" id=\"h-discovering-the-richness-of-armenian-grammar\">Uppt\u00e4ck rikedomen i armenisk grammatik<\/h2>\n\n\n\n<p><a href=\"https:\/\/talkpal.ai\/learn-armenian\/\">Armeniska<\/a>, ett unikt och fascinerande spr\u00e5k, har en distinkt plats i den indoeuropeiska familjen. Att <a href=\"https:\/\/talkpal.ai\/learn-armenian\/\">l\u00e4ra sig armeniska<\/a> berikar inte bara din spr\u00e5kliga repertoar utan g\u00f6r det ocks\u00e5 m\u00f6jligt f\u00f6r dig att dyka in i Armeniens rika historia och kultur. \u00c4ven om armenisk grammatik kan verka skr\u00e4mmande vid f\u00f6rsta anblicken, f\u00f6renklar det processen att bryta ner den i dess v\u00e4sentliga komponenter. I <a href=\"https:\/\/talkpal.ai\/culture\/how-do-i-use-den-har-and-det-har\/\">den h\u00e4r<\/a> artikeln introducerar vi dig till den armeniska grammatikens f\u00e4ngslande v\u00e4rld och ger dig tips p\u00e5 hur du kan bem\u00e4stra dess kr\u00e5ngligheter.<\/p>\n\n\n\n<h3 class=\"wp-block-heading\" id=\"h-1-the-armenian-alphabet\">1. Det armeniska alfabetet<\/h3>\n\n\n\n<p>Armeniskan har sitt distinkta alfabet, som best\u00e5r av 39 bokst\u00e4ver, som var och en representerar ett specifikt fonem eller en kombination av fonem. F\u00f6r att l\u00e4ra dig armenisk grammatik \u00e4r det viktigt att du bekantar dig med detta unika skriftsystem genom att \u00f6va p\u00e5 att l\u00e4sa och skriva armeniska texter.<\/p>\n\n\n\n<h3 class=\"wp-block-heading\" id=\"h-2-nouns-gender-and-cases\">2. Substantiv: genus och kasus<\/h3>\n\n\n\n<p>Armeniska substantiv har inte grammatiskt genus som m\u00e5nga andra spr\u00e5k. De har dock flera kasus, inklusive nominativ, ackusativ, dativ, genitiv, instrumental, ablativ och lokativ. Genom att l\u00e4ra dig reglerna f\u00f6r att bilda dessa fall kan du b\u00e4ttre f\u00f6rst\u00e5 och strukturera armeniska meningar.<\/p>\n\n\n\n<h3 class=\"wp-block-heading\" id=\"h-3-verbs-conjugation-and-tense\">3. Verb: Konjugation och tempus<\/h3>\n\n\n\n<p>Armeniska verb b\u00f6js enligt tempus, modus och aspekt. <a href=\"https:\/\/talkpal.ai\/culture\/how-do-i-use-det-finns-correctly\/\">Det finns<\/a> sju grundl\u00e4ggande tempus i armeniska, inklusive presens, imperfekt, perfekt, aorist, futurum, pluperfekt och futurum perfekt. <a href=\"https:\/\/talkpal.ai\/sv\/grammar\/vanliga-verb-i-maori-grammatik\/\">Vanliga verb<\/a> f\u00f6ljer specifika b\u00f6jningsm\u00f6nster, vilket g\u00f6r dem relativt l\u00e4tta att l\u00e4ra sig n\u00e4r du v\u00e4l f\u00f6rst\u00e5r reglerna.<\/p>\n\n\n\n<h3 class=\"wp-block-heading\" id=\"h-4-adjectives-agreement-and-placement\">4. Adjektiv: \u00d6verenskommelse och placering<\/h3>\n\n\n\n<p>I armenisk grammatik kommer adjektiv i allm\u00e4nhet f\u00f6re substantivet de modifierar, och de beh\u00f6ver inte \u00f6verensst\u00e4mma med substantivet i versaler. Adjektiv kan dock avb\u00f6jas om de anv\u00e4nds substantiellt (som ett substantiv) eller f\u00f6reg\u00e5s av vissa demonstrativa och possessiva pronomen.<\/p>\n\n\n\n<p><strong>Exempel:<\/strong><\/p>\n\n\n\n<p>&#8211; \u057d\u0578\u0582\u0580\u0562 \u057f\u0561\u0573\u0561\u0580 (surb tachar) &#8211; heligt tempel<\/p>\n\n\n\n<p>&#8211; \u0561\u0575\u057d \u0574\u0565\u056e \u057f\u0578\u0582\u0576 (ays <a href=\"https:\/\/talkpal.ai\/locations\/language-courses-in-metz\/\">metz<\/a> tun) &#8211; detta stora hus<\/p>\n\n\n\n<h3 class=\"wp-block-heading\" id=\"h-5-evidentiality-in-verbs\">5. Evidentialitet i verb<\/h3>\n\n\n\n<p>En unik aspekt av armenisk grammatik \u00e4r anv\u00e4ndningen av bevisverb. Denna funktion visar k\u00e4llan till en talares kunskap (personlig erfarenhet, h\u00f6rs\u00e4gen eller slutledning) om handlingen i en mening. Att vara uppm\u00e4rksam p\u00e5 dessa nyanser kan hj\u00e4lpa dig att ge sammanhang och klarhet i ditt samtal.<\/p>\n\n\n\n<h3 class=\"wp-block-heading\" id=\"h-6-engaging-with-the-language\">6. Engagera sig i spr\u00e5ket<\/h3>\n\n\n\n<p>Det mest effektiva s\u00e4ttet att f\u00f6rst\u00e5 och internalisera armenisk grammatik \u00e4r att regelbundet interagera med spr\u00e5ket. Genom att l\u00e4sa armenisk litteratur, titta p\u00e5 filmer eller tv-serier och aktivt kommunicera med modersm\u00e5lstalare kommer du att f\u00f6rst\u00e4rka din f\u00f6rst\u00e5else av grammatiken och ut\u00f6ka ditt ordf\u00f6rr\u00e5d samtidigt.<\/p>\n\n\n\n<h3 class=\"wp-block-heading\" id=\"h-conclusion\">Slutsats<\/h3>\n\n\n\n<p>\u00c4ven om armenisk grammatik kan verka komplicerad, kan du n\u00e4rma dig den steg f\u00f6r steg och konsekvent \u00f6va f\u00f6r att bli skicklig i detta vackra spr\u00e5k. Anta utmaningen n\u00e4r du ger dig ut p\u00e5 ditt armeniska spr\u00e5k\u00e4ventyr, och du kommer snart att m\u00e4rka att du navigerar genom grammatikens nyanser med allt st\u00f6rre sj\u00e4lvf\u00f6rtroende. Lycka till med studierna och njut av att utforska rikedomen i armenisk grammatik!<\/p>\n<\/div><\/div>\n\r\n<section class=\"learnNavigationSection\">\r\n            \r\n        <a href=\"https:\/\/talkpal.ai\/sv\/lar-dig-armeniska\/\">\r\n            <div class=\"learnNavigationWrapper\">\r\n                <div class=\"learnNavigationContent\">\r\n                    <img decoding=\"async\" src=\"https:\/\/talkpal.ai\/wp-content\/uploads\/2024\/08\/Armenian.jpg\" alt=\"Armenian Flag\">\r\n                    <div>\r\n                        <h4>Om Armenian Learning<\/h4>\r\n                        <p>Ta reda p\u00e5 allt om armenisk grammatik.<\/p>\r\n                    <\/div>\r\n                <\/div>\r\n            <\/div>\r\n        <\/a>\r\n\r\n        \r\n        <a href=\"https:\/\/talkpal.ai\/sv\/armeniska-grammatikovningar\/\">\r\n            <div class=\"learnNavigationWrapper\">\r\n                <div class=\"learnNavigationContent\">\r\n                    <img decoding=\"async\" src=\"https:\/\/talkpal.ai\/wp-content\/uploads\/2024\/08\/Armenian.jpg\" alt=\"Armenian Flag\">\r\n                    <div>\r\n                        <h4>Armenisk grammatik &#8211; \u00f6vning<\/h4>\r\n                        <p>\u00d6va armenisk grammatik.<\/p>\r\n                    <\/div>\r\n                <\/div>\r\n            <\/div>\r\n        <\/a>\r\n\r\n        \r\n        <a href=\"https:\/\/talkpal.ai\/vocabulary_language\/armenian\/\">\r\n            <div class=\"learnNavigationWrapper\">\r\n                <div class=\"learnNavigationContent\">\r\n                    <img decoding=\"async\" src=\"https:\/\/talkpal.ai\/wp-content\/uploads\/2024\/08\/Armenian.jpg\" alt=\"Armenian Flag\">\r\n                    <div>\r\n                        <h4>Armenisk vokabul\u00e4r<\/h4>\r\n                        <p>Ut\u00f6ka ditt armeniska ordf\u00f6rr\u00e5d.<\/p>\r\n                    <\/div>\r\n                <\/div>\r\n            <\/div>\r\n        <\/a>\r\n\r\n            <\/section>","protected":false},"excerpt":{"rendered":"<p>Uppt\u00e4ck rikedomen i armenisk grammatik Armeniska, ett unikt och fascinerande spr\u00e5k, har en distinkt plats i den indoeuropeiska familjen. Att l\u00e4ra sig armeniska berikar inte bara din spr\u00e5kliga repertoar utan g\u00f6r det ocks\u00e5 m\u00f6jligt f\u00f6r dig att dyka in i Armeniens rika historia och kultur. \u00c4ven om armenisk grammatik kan verka skr\u00e4mmande vid f\u00f6rsta anblicken, [&hellip;]<\/p>\n","protected":false},"author":1,"featured_media":28181,"parent":0,"menu_order":0,"comment_status":"closed","ping_status":"closed","template":"LearningContentPage.php","meta":{"_acf_changed":false,"footnotes":""},"class_list":["post-140436","page","type-page","status-publish","has-post-thumbnail","hentry"],"acf":[],"yoast_head":"<!-- This site is optimized with the Yoast SEO Premium plugin v27.2 (Yoast SEO v27.2) - https:\/\/yoast.com\/product\/yoast-seo-premium-wordpress\/ -->\n<title>Armenisk grammatik - Talkpal<\/title>\n<meta name=\"description\" content=\"Avsl\u00f6ja hemligheterna i armenisk grammatik och utforska Armeniens rika kultur samtidigt som du beh\u00e4rskar detta fascinerande spr\u00e5k.\" \/>\n<meta name=\"robots\" content=\"index, follow, max-snippet:-1, max-image-preview:large, max-video-preview:-1\" \/>\n<link rel=\"canonical\" href=\"https:\/\/talkpal.ai\/sv\/armenisk-grammatik\/\" \/>\n<meta property=\"og:locale\" content=\"sv_SE\" \/>\n<meta property=\"og:type\" content=\"article\" \/>\n<meta property=\"og:title\" content=\"Armenisk grammatik\" \/>\n<meta property=\"og:description\" content=\"Uppt\u00e4ck rikedomen i armenisk grammatik Armeniska, ett unikt och fascinerande spr\u00e5k, har en distinkt plats i den indoeuropeiska familjen. Att l\u00e4ra sig\" \/>\n<meta property=\"og:url\" content=\"https:\/\/talkpal.ai\/sv\/armenisk-grammatik\/\" \/>\n<meta property=\"og:site_name\" content=\"Talkpal\" \/>\n<meta property=\"article:publisher\" content=\"https:\/\/www.facebook.com\/profile.php?id=100090733639311\" \/>\n<meta property=\"article:modified_time\" content=\"2025-05-21T10:55:01+00:00\" \/>\n<meta property=\"og:image\" content=\"https:\/\/talkpal.ai\/wp-content\/uploads\/2023\/05\/armenia.png\" \/>\n\t<meta property=\"og:image:width\" content=\"512\" \/>\n\t<meta property=\"og:image:height\" content=\"512\" \/>\n\t<meta property=\"og:image:type\" content=\"image\/png\" \/>\n<meta name=\"twitter:card\" content=\"summary_large_image\" \/>\n<meta name=\"twitter:site\" content=\"@talkpalai\" \/>\n<meta name=\"twitter:label1\" content=\"Ber\u00e4knad l\u00e4stid\" \/>\n\t<meta name=\"twitter:data1\" content=\"3 minuter\" \/>\n<script type=\"application\/ld+json\" class=\"yoast-schema-graph\">{\"@context\":\"https:\/\/schema.org\",\"@graph\":[{\"@type\":\"WebPage\",\"@id\":\"https:\/\/talkpal.ai\/sv\/armenisk-grammatik\/\",\"url\":\"https:\/\/talkpal.ai\/sv\/armenisk-grammatik\/\",\"name\":\"Armenisk grammatik - Talkpal\",\"isPartOf\":{\"@id\":\"https:\/\/talkpal.ai\/sv\/#website\"},\"primaryImageOfPage\":{\"@id\":\"https:\/\/talkpal.ai\/sv\/armenisk-grammatik\/#primaryimage\"},\"image\":{\"@id\":\"https:\/\/talkpal.ai\/sv\/armenisk-grammatik\/#primaryimage\"},\"thumbnailUrl\":\"https:\/\/talkpal.ai\/wp-content\/uploads\/2023\/05\/armenia.png\",\"datePublished\":\"2023-05-14T13:54:14+00:00\",\"dateModified\":\"2025-05-21T10:55:01+00:00\",\"description\":\"Avsl\u00f6ja hemligheterna i armenisk grammatik och utforska Armeniens rika kultur samtidigt som du beh\u00e4rskar detta fascinerande spr\u00e5k.\",\"breadcrumb\":{\"@id\":\"https:\/\/talkpal.ai\/sv\/armenisk-grammatik\/#breadcrumb\"},\"inLanguage\":\"sv-SE\",\"potentialAction\":[{\"@type\":\"ReadAction\",\"target\":[\"https:\/\/talkpal.ai\/sv\/armenisk-grammatik\/\"]}]},{\"@type\":\"ImageObject\",\"inLanguage\":\"sv-SE\",\"@id\":\"https:\/\/talkpal.ai\/sv\/armenisk-grammatik\/#primaryimage\",\"url\":\"https:\/\/talkpal.ai\/wp-content\/uploads\/2023\/05\/armenia.png\",\"contentUrl\":\"https:\/\/talkpal.ai\/wp-content\/uploads\/2023\/05\/armenia.png\",\"width\":512,\"height\":512},{\"@type\":\"BreadcrumbList\",\"@id\":\"https:\/\/talkpal.ai\/sv\/armenisk-grammatik\/#breadcrumb\",\"itemListElement\":[{\"@type\":\"ListItem\",\"position\":1,\"name\":\"Homepage\",\"item\":\"https:\/\/talkpal.ai\/sv\/\"},{\"@type\":\"ListItem\",\"position\":2,\"name\":\"Armenisk grammatik\"}]},{\"@type\":\"WebSite\",\"@id\":\"https:\/\/talkpal.ai\/sv\/#website\",\"url\":\"https:\/\/talkpal.ai\/sv\/\",\"name\":\"Talkpal\",\"description\":\"AI Language Learning\",\"publisher\":{\"@id\":\"https:\/\/talkpal.ai\/sv\/#organization\"},\"alternateName\":\"Talkpal AI\",\"potentialAction\":[{\"@type\":\"SearchAction\",\"target\":{\"@type\":\"EntryPoint\",\"urlTemplate\":\"https:\/\/talkpal.ai\/sv\/?s={search_term_string}\"},\"query-input\":{\"@type\":\"PropertyValueSpecification\",\"valueRequired\":true,\"valueName\":\"search_term_string\"}}],\"inLanguage\":\"sv-SE\"},{\"@type\":\"Organization\",\"@id\":\"https:\/\/talkpal.ai\/sv\/#organization\",\"name\":\"Talkpal, Inc.\",\"alternateName\":\"Talkpal AI\",\"url\":\"https:\/\/talkpal.ai\/sv\/\",\"logo\":{\"@type\":\"ImageObject\",\"inLanguage\":\"sv-SE\",\"@id\":\"https:\/\/talkpal.ai\/sv\/#\/schema\/logo\/image\/\",\"url\":\"https:\/\/talkpal.ai\/wp-content\/uploads\/2024\/03\/Talkpal-Logo-Icon.png\",\"contentUrl\":\"https:\/\/talkpal.ai\/wp-content\/uploads\/2024\/03\/Talkpal-Logo-Icon.png\",\"width\":2880,\"height\":2880,\"caption\":\"Talkpal, Inc.\"},\"image\":{\"@id\":\"https:\/\/talkpal.ai\/sv\/#\/schema\/logo\/image\/\"},\"sameAs\":[\"https:\/\/www.facebook.com\/profile.php?id=100090733639311\",\"https:\/\/x.com\/talkpalai\",\"https:\/\/www.linkedin.com\/company\/talkpal\/\",\"https:\/\/www.youtube.com\/@TalkPal\/\",\"https:\/\/www.tiktok.com\/@talkpal\",\"https:\/\/www.instagram.com\/talkpal_ai\/\",\"https:\/\/www.crunchbase.com\/organization\/talkpal-9cde\",\"https:\/\/www.g2.com\/products\/talkpal-for-business\/\",\"https:\/\/www.trustpilot.com\/review\/talkpal.ai\",\"https:\/\/www.capterra.com\/p\/10006800\/TalkPal\/\"],\"description\":\"Talkpal is a language learning web and mobile education app, powered by the latest AI technologies, that provides engaging experiences to its customers in many different languages to help them improve their language skills. Users can chat about unlimited amount of topics with the app and use other modes to practice their language learning.\",\"email\":\"support@talkpal.ai\",\"legalName\":\"Talkpal, Inc.\",\"foundingDate\":\"2023-04-03\",\"duns\":\"118989042\",\"numberOfEmployees\":{\"@type\":\"QuantitativeValue\",\"minValue\":\"11\",\"maxValue\":\"50\"},\"publishingPrinciples\":\"https:\/\/talkpal.ai\/publishing-principles\/\",\"actionableFeedbackPolicy\":\"https:\/\/talkpal.ai\/actionable-feedback-policy\/\",\"correctionsPolicy\":\"https:\/\/talkpal.ai\/corrections-policy\/\",\"ethicsPolicy\":\"https:\/\/talkpal.ai\/ethics-policy\/\",\"diversityPolicy\":\"https:\/\/talkpal.ai\/diversity-policy\/\",\"diversityStaffingReport\":\"https:\/\/talkpal.ai\/diversity-policy\/\"}]}<\/script>\n<!-- \/ Yoast SEO Premium plugin. -->","yoast_head_json":{"title":"Armenisk grammatik - Talkpal","description":"Avsl\u00f6ja hemligheterna i armenisk grammatik och utforska Armeniens rika kultur samtidigt som du beh\u00e4rskar detta fascinerande spr\u00e5k.","robots":{"index":"index","follow":"follow","max-snippet":"max-snippet:-1","max-image-preview":"max-image-preview:large","max-video-preview":"max-video-preview:-1"},"canonical":"https:\/\/talkpal.ai\/sv\/armenisk-grammatik\/","og_locale":"sv_SE","og_type":"article","og_title":"Armenisk grammatik","og_description":"Uppt\u00e4ck rikedomen i armenisk grammatik Armeniska, ett unikt och fascinerande spr\u00e5k, har en distinkt plats i den indoeuropeiska familjen. Att l\u00e4ra sig","og_url":"https:\/\/talkpal.ai\/sv\/armenisk-grammatik\/","og_site_name":"Talkpal","article_publisher":"https:\/\/www.facebook.com\/profile.php?id=100090733639311","article_modified_time":"2025-05-21T10:55:01+00:00","og_image":[{"width":512,"height":512,"url":"https:\/\/talkpal.ai\/wp-content\/uploads\/2023\/05\/armenia.png","type":"image\/png"}],"twitter_card":"summary_large_image","twitter_site":"@talkpalai","twitter_misc":{"Ber\u00e4knad l\u00e4stid":"3 minuter"},"schema":{"@context":"https:\/\/schema.org","@graph":[{"@type":"WebPage","@id":"https:\/\/talkpal.ai\/sv\/armenisk-grammatik\/","url":"https:\/\/talkpal.ai\/sv\/armenisk-grammatik\/","name":"Armenisk grammatik - Talkpal","isPartOf":{"@id":"https:\/\/talkpal.ai\/sv\/#website"},"primaryImageOfPage":{"@id":"https:\/\/talkpal.ai\/sv\/armenisk-grammatik\/#primaryimage"},"image":{"@id":"https:\/\/talkpal.ai\/sv\/armenisk-grammatik\/#primaryimage"},"thumbnailUrl":"https:\/\/talkpal.ai\/wp-content\/uploads\/2023\/05\/armenia.png","datePublished":"2023-05-14T13:54:14+00:00","dateModified":"2025-05-21T10:55:01+00:00","description":"Avsl\u00f6ja hemligheterna i armenisk grammatik och utforska Armeniens rika kultur samtidigt som du beh\u00e4rskar detta fascinerande spr\u00e5k.","breadcrumb":{"@id":"https:\/\/talkpal.ai\/sv\/armenisk-grammatik\/#breadcrumb"},"inLanguage":"sv-SE","potentialAction":[{"@type":"ReadAction","target":["https:\/\/talkpal.ai\/sv\/armenisk-grammatik\/"]}]},{"@type":"ImageObject","inLanguage":"sv-SE","@id":"https:\/\/talkpal.ai\/sv\/armenisk-grammatik\/#primaryimage","url":"https:\/\/talkpal.ai\/wp-content\/uploads\/2023\/05\/armenia.png","contentUrl":"https:\/\/talkpal.ai\/wp-content\/uploads\/2023\/05\/armenia.png","width":512,"height":512},{"@type":"BreadcrumbList","@id":"https:\/\/talkpal.ai\/sv\/armenisk-grammatik\/#breadcrumb","itemListElement":[{"@type":"ListItem","position":1,"name":"Homepage","item":"https:\/\/talkpal.ai\/sv\/"},{"@type":"ListItem","position":2,"name":"Armenisk grammatik"}]},{"@type":"WebSite","@id":"https:\/\/talkpal.ai\/sv\/#website","url":"https:\/\/talkpal.ai\/sv\/","name":"Talkpal","description":"AI Language Learning","publisher":{"@id":"https:\/\/talkpal.ai\/sv\/#organization"},"alternateName":"Talkpal AI","potentialAction":[{"@type":"SearchAction","target":{"@type":"EntryPoint","urlTemplate":"https:\/\/talkpal.ai\/sv\/?s={search_term_string}"},"query-input":{"@type":"PropertyValueSpecification","valueRequired":true,"valueName":"search_term_string"}}],"inLanguage":"sv-SE"},{"@type":"Organization","@id":"https:\/\/talkpal.ai\/sv\/#organization","name":"Talkpal, Inc.","alternateName":"Talkpal AI","url":"https:\/\/talkpal.ai\/sv\/","logo":{"@type":"ImageObject","inLanguage":"sv-SE","@id":"https:\/\/talkpal.ai\/sv\/#\/schema\/logo\/image\/","url":"https:\/\/talkpal.ai\/wp-content\/uploads\/2024\/03\/Talkpal-Logo-Icon.png","contentUrl":"https:\/\/talkpal.ai\/wp-content\/uploads\/2024\/03\/Talkpal-Logo-Icon.png","width":2880,"height":2880,"caption":"Talkpal, Inc."},"image":{"@id":"https:\/\/talkpal.ai\/sv\/#\/schema\/logo\/image\/"},"sameAs":["https:\/\/www.facebook.com\/profile.php?id=100090733639311","https:\/\/x.com\/talkpalai","https:\/\/www.linkedin.com\/company\/talkpal\/","https:\/\/www.youtube.com\/@TalkPal\/","https:\/\/www.tiktok.com\/@talkpal","https:\/\/www.instagram.com\/talkpal_ai\/","https:\/\/www.crunchbase.com\/organization\/talkpal-9cde","https:\/\/www.g2.com\/products\/talkpal-for-business\/","https:\/\/www.trustpilot.com\/review\/talkpal.ai","https:\/\/www.capterra.com\/p\/10006800\/TalkPal\/"],"description":"Talkpal is a language learning web and mobile education app, powered by the latest AI technologies, that provides engaging experiences to its customers in many different languages to help them improve their language skills. Users can chat about unlimited amount of topics with the app and use other modes to practice their language learning.","email":"support@talkpal.ai","legalName":"Talkpal, Inc.","foundingDate":"2023-04-03","duns":"118989042","numberOfEmployees":{"@type":"QuantitativeValue","minValue":"11","maxValue":"50"},"publishingPrinciples":"https:\/\/talkpal.ai\/publishing-principles\/","actionableFeedbackPolicy":"https:\/\/talkpal.ai\/actionable-feedback-policy\/","correctionsPolicy":"https:\/\/talkpal.ai\/corrections-policy\/","ethicsPolicy":"https:\/\/talkpal.ai\/ethics-policy\/","diversityPolicy":"https:\/\/talkpal.ai\/diversity-policy\/","diversityStaffingReport":"https:\/\/talkpal.ai\/diversity-policy\/"}]}},"_links":{"self":[{"href":"https:\/\/talkpal.ai\/sv\/wp-json\/wp\/v2\/pages\/140436","targetHints":{"allow":["GET"]}}],"collection":[{"href":"https:\/\/talkpal.ai\/sv\/wp-json\/wp\/v2\/pages"}],"about":[{"href":"https:\/\/talkpal.ai\/sv\/wp-json\/wp\/v2\/types\/page"}],"author":[{"embeddable":true,"href":"https:\/\/talkpal.ai\/sv\/wp-json\/wp\/v2\/users\/1"}],"replies":[{"embeddable":true,"href":"https:\/\/talkpal.ai\/sv\/wp-json\/wp\/v2\/comments?post=140436"}],"version-history":[{"count":0,"href":"https:\/\/talkpal.ai\/sv\/wp-json\/wp\/v2\/pages\/140436\/revisions"}],"wp:featuredmedia":[{"embeddable":true,"href":"https:\/\/talkpal.ai\/sv\/wp-json\/wp\/v2\/media\/28181"}],"wp:attachment":[{"href":"https:\/\/talkpal.ai\/sv\/wp-json\/wp\/v2\/media?parent=140436"}],"curies":[{"name":"wp","href":"https:\/\/api.w.org\/{rel}","templated":true}]}}