{"id":140120,"date":"2023-05-14T13:53:48","date_gmt":"2023-05-14T13:53:48","guid":{"rendered":"http:\/\/talkpal.ai\/azerbajdzjansk-grammatik\/"},"modified":"2025-05-22T08:23:36","modified_gmt":"2025-05-22T08:23:36","slug":"azerbajdzjansk-grammatik","status":"publish","type":"page","link":"https:\/\/talkpal.ai\/sv\/azerbajdzjansk-grammatik\/","title":{"rendered":"Azerbajdzjansk grammatik"},"content":{"rendered":"\r\n\r\n\r\n<section class=\"languageChallengeSection\">\r\n    <div class=\"languageInfoWrapper\">\r\n        \r\n        <h1>Azerbajdzjansk grammatik<\/h1>\r\n        <p>\u00c4r du redo att uppt\u00e4cka det <a href=\"https:\/\/talkpal.ai\/learn-azerbaijani\/\">azerbajdzjanska<\/a> spr\u00e5kets sk\u00f6nhet? F\u00f6rdjupa dig i <a href=\"https:\/\/talkpal.ai\/azerbaijani-grammar\/\">azerbajdzjansk grammatik<\/a> och uppt\u00e4ck dess unika struktur, fr\u00e5n vokalharmoni till uttrycksfulla verbformer. B\u00f6rja l\u00e4ra dig idag och upplev hur grammatik verkligen \u00f6ppnar din v\u00e4g till flytande konversation och en djupare f\u00f6rst\u00e5else f\u00f6r den <a href=\"https:\/\/talkpal.ai\/learn-azerbaijani\/\">azerbajdzjanska<\/a> kulturen!<\/p>\r\n\r\n                            <a class=\"getStartedHidden\" href=\"https:\/\/app.talkpal.ai\/sv\/signup?lng=\">Kom ig\u00e5ng<\/a>\r\n        \r\n    <\/div>\r\n\r\n    <figure>\r\n    <img decoding=\"async\" width=\"768\" height=\"768\" src=\"https:\/\/talkpal.ai\/wp-content\/uploads\/2023\/06\/azerbaijani-768x768.png\" class=\"languageImage no-lazy\" alt=\"Default alt text\" fetchpriority=\"high\" sizes=\"(max-width: 768px) 150px, 768px\" srcset=\"https:\/\/talkpal.ai\/wp-content\/uploads\/2023\/06\/azerbaijani-768x768.png 768w, https:\/\/talkpal.ai\/wp-content\/uploads\/2023\/06\/azerbaijani-300x300.png 300w\" \/>\r\n    \r\n\r\n    <\/figure>\r\n\r\n            <a class=\"getStartedVisible\" href=\"https:\/\/app.talkpal.ai\/sv\/signup?lng=\">Kom ig\u00e5ng<\/a>\r\n    \r\n<\/section>\r\n        <section class=\"grammarSection\">\r\n            <div class=\"grammarLinks\">\r\n                <a href=\"https:\/\/talkpal.ai\/sv\/language\/adjektiv-azerbajdzjansk-grammatik\/\">Adjektiv <\/a><a href=\"https:\/\/talkpal.ai\/sv\/language\/adverb-azerbajdzjansk-grammatik\/\">Adverb <\/a><a href=\"https:\/\/talkpal.ai\/sv\/language\/artiklar-azerbajdzjansk-grammatik\/\">Artiklar <\/a><a href=\"https:\/\/talkpal.ai\/sv\/language\/jamforelse-av-tempus-azerbajdzjansk-grammatik\/\">J\u00e4mf\u00f6relse av tempus <\/a><a href=\"https:\/\/talkpal.ai\/sv\/language\/konditionaler-azerbajdzjansk-grammatik\/\">Konditionaler <\/a><a href=\"https:\/\/talkpal.ai\/sv\/language\/meningar-azerbajdzjansk-grammatik\/\">Meningar <\/a><a href=\"https:\/\/talkpal.ai\/sv\/language\/perfect-progressive-azerbajdzjansk-grammatik\/\">Perfect Progressive <\/a><a href=\"https:\/\/talkpal.ai\/sv\/language\/prepositioner-azerbajdzjansk-grammatik\/\">Prepositioner <\/a><a href=\"https:\/\/talkpal.ai\/sv\/language\/progressiv-azerbajdzjansk-grammatik\/\">Progressiv <\/a><a href=\"https:\/\/talkpal.ai\/sv\/language\/pronomen-bestamningsfaktorer-azerbajdzjansk-grammatik\/\">Pronomen\/best\u00e4mningsfaktorer <\/a><a href=\"https:\/\/talkpal.ai\/sv\/language\/substantiv-azerbajdzjansk-grammatik\/\">Substantiv <\/a><a href=\"https:\/\/talkpal.ai\/sv\/language\/tempus-azerbajdzjansk-grammatik\/\">Tempus <\/a><a href=\"https:\/\/talkpal.ai\/sv\/language\/verb-azerbajdzjansk-grammatik\/\">Verb <\/a>            <\/div>\r\n        <\/section>\r\n    <section class=\"promotionalBanner\">\r\n    <p class=\"promotionalText\">Det mest effektiva s\u00e4ttet att l\u00e4ra sig ett spr\u00e5k<\/p>\r\n    <a class=\"promotionalLink\" href=\"https:\/\/app.talkpal.ai\/sv\/signup?lng=\">Prova Talkpal gratis<\/a>\r\n<\/section>\n<div class=\"wp-block-group pageContainerStyle\"><div class=\"wp-block-group__inner-container is-layout-constrained wp-block-group-is-layout-constrained\">\n<h2 class=\"wp-block-heading\" id=\"h-a-comprehensive-guide-to-azerbaijani-grammar\">En omfattande guide till azerbajdzjansk grammatik<\/h2>\n\n\n\n<p>Har du n\u00e5gonsin funderat p\u00e5 att l\u00e4ra dig azerbajdzjanska? Azerbajdzjanska \u00e4r det officiella spr\u00e5ket i Azerbajdzjan och <a href=\"https:\/\/talkpal.ai\/locations\/language-courses-in-talas\/\">talas<\/a> av miljontals m\u00e4nniskor i Kaukasusregionen och \u00e4r ett unikt och fascinerande spr\u00e5k. Med en rik historia, m\u00e5ngsidig kultur och en blandning av influenser fr\u00e5n turkiska, <a href=\"https:\/\/talkpal.ai\/learn-russian\/\">ryska<\/a> och <a href=\"https:\/\/talkpal.ai\/learn-persian\/\">persiska<\/a> spr\u00e5k ger azerbajdzjanska en unik spr\u00e5klig upplevelse. Men frukta inte, min v\u00e4n! I <a href=\"https:\/\/talkpal.ai\/culture\/how-do-i-use-den-har-and-det-har\/\">den h\u00e4r<\/a> artikeln kommer vi att avsl\u00f6ja underverken i azerbajdzjansk grammatik, vilket g\u00f6r den tillg\u00e4nglig, och v\u00e5gar jag s\u00e4ga, rolig f\u00f6r <a href=\"https:\/\/talkpal.ai\/talkpal-discount-for-language-enthusiasts\/\">spr\u00e5kentusiaster<\/a> som du.<\/p>\n\n\n\n<p><strong>L\u00e5t oss b\u00f6rja, ska vi?<\/strong><\/p>\n\n\n\n<h3 class=\"wp-block-heading\" id=\"h-1-the-azerbaijani-alphabet-a-fusion-of-beauty-and-simplicity\">1. Det azerbajdzjanska alfabetet: en blandning av sk\u00f6nhet och enkelhet<\/h3>\n\n\n\n<p>Det azerbajdzjanska alfabetet \u00e4r baserat p\u00e5 det latinska alfabetet, som best\u00e5r av 32 bokst\u00e4ver. Oroa dig inte, du kommer inte att beh\u00f6va dechiffrera kryptiska tecken, eftersom det liknar det engelska alfabetet. Vissa bokst\u00e4ver har dock unika accenter och diakritiska tecken f\u00f6r att representera specifika azerbajdzjanska ljud. Vad \u00e4r det viktigaste att ta med sig? Att beh\u00e4rska alfabetet \u00e4r det f\u00f6rsta lilla men viktiga steget i att l\u00e4ra sig spr\u00e5ket.<\/p>\n\n\n\n<h3 class=\"wp-block-heading\" id=\"h-2-word-order-simple-as-s-o-v\">2. Ordf\u00f6ljd: Enkelt som S-O-V!<\/h3>\n\n\n\n<p>Till skillnad fr\u00e5n engelskan, som f\u00f6ljer ordf\u00f6ljden subjekt-verb-objekt (SVO), \u00e4r azerbajdzjanska ett SOV-spr\u00e5k. Det betyder att du vanligtvis hittar subjektet i b\u00f6rjan av en mening, f\u00f6ljt av objektet och slutar med verbet. Det kan verka lite konstigt i b\u00f6rjan, men tro mig, du kommer att l\u00e4ra dig det p\u00e5 nolltid! P\u00e5 engelska s\u00e4ger vi till exempel &#8221;I love Azerbaijan&#8221;. P\u00e5 azerbajdzjanska skulle meningen lyda &#8221;M\u0259n Az\u0259rbaycan\u0131 sevir\u0259m&#8221; (ordagrant &#8221;Jag \u00e4lskar Azerbajdzjan&#8221;). L\u00e4tt som en pl\u00e4tt, eller hur?<\/p>\n\n\n\n<h3 class=\"wp-block-heading\" id=\"h-3-noun-cases-a-colorful-display-of-linguistic-variety\">3. Substantivkasus: En f\u00e4rgstark uppvisning av spr\u00e5klig variation<\/h3>\n\n\n\n<p>Ett av de mest sl\u00e5ende dragen i azerbajdzjansk grammatik \u00e4r dess substantivkasus. Spr\u00e5ket har sex olika kasus, som var och en fyller en specifik funktion. Dessa \u00e4r: nominativ, genitiv, dativ, ackusativ, lokativ och ablativ. Det kanske l\u00e5ter skr\u00e4mmande, men frukta inte! Precis som att m\u00e5la en bild med olika f\u00e4rger, ger dessa fall djup och mening till dina meningar. Till exempel kan &#8221;kitab&#8221; (bok) omvandlas till &#8221;kitab\u0131n&#8221; (av boken) f\u00f6r att f\u00f6rmedla innehav. N\u00e4r du gradvis bekantar dig med dessa fall kommer du att b\u00f6rja uppskatta deras betydelse f\u00f6r spr\u00e5ket.<\/p>\n\n\n\n<h3 class=\"wp-block-heading\" id=\"h-4-verb-conjugation-express-yourself-with-ease\">4. Verbb\u00f6jning: Uttryck dig med l\u00e4tthet<\/h3>\n\n\n\n<p>Azerbajdzjanska verb \u00e4r rika och uttrycksfulla, vilket g\u00f6r att du kan f\u00f6rmedla ett brett spektrum av handlingar, k\u00e4nslor, avsikter och mer. Nyckeln till att beh\u00e4rska azerbajdzjansk verbb\u00f6jning ligger i att f\u00f6rst\u00e5 infinitivformen (den grundl\u00e4ggande, ob\u00f6jda formen av verbet) och olika suffix som anger tempus, person och numerus. Infinitivfrasen &#8221;g\u00f6rm\u0259k&#8221; (att se) kan till exempel bli &#8221;g\u00f6r\u00fcr\u0259m&#8221; (jag ser) eller &#8221;g\u00f6rd\u00fcm&#8221; (jag s\u00e5g) genom konjugationens magi. \u00d6vning ger f\u00e4rdighet, s\u00e5 forts\u00e4tt med det och du kommer att bli en verbkonjugeringssnille p\u00e5 nolltid!<\/p>\n\n\n\n<h3 class=\"wp-block-heading\" id=\"h-5-it-s-all-about-the-context-dig-deep-into-the-azerbaijani-mindset\">5. Allt handlar om sammanhanget: Gr\u00e4v djupt i det azerbajdzjanska t\u00e4nkes\u00e4ttet!<\/h3>\n\n\n\n<p>N\u00e4r du b\u00f6rjar pussla ihop meningar och f\u00f6rdjupa dig i det azerbajdzjanska spr\u00e5ket, kom alltid ih\u00e5g att sammanhanget \u00e4r avg\u00f6rande. Den azerbajdzjanska kulturen, historien och v\u00e4rldsbilden spelar en stor roll i att forma spr\u00e5ket. D\u00e4rf\u00f6r, som de s\u00e4ger, &#8221;n\u00e4r du \u00e4r i Rom, g\u00f6r som romarna g\u00f6r.&#8221; Dyk ner i det azerbajdzjanska t\u00e4nkes\u00e4ttet f\u00f6r att f\u00e5 en sann k\u00e4nsla f\u00f6r spr\u00e5ket. Engagera dig med modersm\u00e5lstalare, utforska lokal litteratur och omfamna spr\u00e5kets egenheter. Lita p\u00e5 mig, du kommer inte bara att f\u00f6rb\u00e4ttra dina spr\u00e5kkunskaper utan ocks\u00e5 f\u00e5 of\u00f6rgl\u00f6mliga upplevelser och minnen.<\/p>\n\n\n\n<p>Sammanfattningsvis kan azerbajdzjansk grammatik verka utmanande till en b\u00f6rjan, men med engagemang, \u00f6vning och ett stort intresse f\u00f6r kulturen kommer du att bli ett proffs p\u00e5 nolltid! S\u00e5 varf\u00f6r v\u00e4nta? Ta steget och ge dig ut p\u00e5 detta sp\u00e4nnande spr\u00e5kliga \u00e4ventyr som kommer att l\u00e4mna dig i v\u00f6rdnad f\u00f6r sk\u00f6nheten och djupet i det azerbajdzjanska spr\u00e5ket.<\/p>\n<\/div><\/div>\n\r\n<section class=\"learnNavigationSection\">\r\n            \r\n        <a href=\"https:\/\/talkpal.ai\/sv\/lar-dig-azerbajdzjanska\/\">\r\n            <div class=\"learnNavigationWrapper\">\r\n                <div class=\"learnNavigationContent\">\r\n                    <img decoding=\"async\" src=\"https:\/\/talkpal.ai\/wp-content\/uploads\/2024\/08\/Azerbaijani.jpg\" alt=\"Azerbaijani Flag\">\r\n                    <div>\r\n                        <h4>Om azerbajdzjansk utbildning<\/h4>\r\n                        <p>Ta reda p\u00e5 allt om azerbajdzjansk grammatik.<\/p>\r\n                    <\/div>\r\n                <\/div>\r\n            <\/div>\r\n        <\/a>\r\n\r\n        \r\n        <a href=\"https:\/\/talkpal.ai\/sv\/azerbajdzjanska-grammatikovningar\/\">\r\n            <div class=\"learnNavigationWrapper\">\r\n                <div class=\"learnNavigationContent\">\r\n                    <img decoding=\"async\" src=\"https:\/\/talkpal.ai\/wp-content\/uploads\/2024\/08\/Azerbaijani.jpg\" alt=\"Azerbaijani Flag\">\r\n                    <div>\r\n                        <h4>Azerbajdzjansk grammatik &#8211; \u00f6vning<\/h4>\r\n                        <p>\u00d6va azerbajdzjansk grammatik.<\/p>\r\n                    <\/div>\r\n                <\/div>\r\n            <\/div>\r\n        <\/a>\r\n\r\n        \r\n        <a href=\"https:\/\/talkpal.ai\/vocabulary_language\/azerbaijani\/\">\r\n            <div class=\"learnNavigationWrapper\">\r\n                <div class=\"learnNavigationContent\">\r\n                    <img decoding=\"async\" src=\"https:\/\/talkpal.ai\/wp-content\/uploads\/2024\/08\/Azerbaijani.jpg\" alt=\"Azerbaijani Flag\">\r\n                    <div>\r\n                        <h4>Azerbajdzjansk vokabul\u00e4r<\/h4>\r\n                        <p>Ut\u00f6ka ditt ordf\u00f6rr\u00e5d p\u00e5 azerbajdzjanska.<\/p>\r\n                    <\/div>\r\n                <\/div>\r\n            <\/div>\r\n        <\/a>\r\n\r\n            <\/section>","protected":false},"excerpt":{"rendered":"<p>En omfattande guide till azerbajdzjansk grammatik Har du n\u00e5gonsin funderat p\u00e5 att l\u00e4ra dig azerbajdzjanska? Azerbajdzjanska \u00e4r det officiella spr\u00e5ket i Azerbajdzjan och talas av miljontals m\u00e4nniskor i Kaukasusregionen och \u00e4r ett unikt och fascinerande spr\u00e5k. Med en rik historia, m\u00e5ngsidig kultur och en blandning av influenser fr\u00e5n turkiska, ryska och persiska spr\u00e5k ger azerbajdzjanska [&hellip;]<\/p>\n","protected":false},"author":1,"featured_media":28165,"parent":0,"menu_order":0,"comment_status":"closed","ping_status":"closed","template":"LearningContentPage.php","meta":{"_acf_changed":false,"footnotes":""},"class_list":["post-140120","page","type-page","status-publish","has-post-thumbnail","hentry"],"acf":[],"yoast_head":"<!-- This site is optimized with the Yoast SEO Premium plugin v27.2 (Yoast SEO v27.2) - https:\/\/yoast.com\/product\/yoast-seo-premium-wordpress\/ -->\n<title>Azerbajdzjansk grammatik - Talkpal<\/title>\n<meta name=\"description\" content=\"Beh\u00e4rska azerbajdzjansk grammatik utan anstr\u00e4ngning med Talkpal, din AI-drivna handledare. Uppt\u00e4ck enkla f\u00f6rklaringar, interaktiva \u00f6vningar och praktiska tips\" \/>\n<meta name=\"robots\" content=\"index, follow, max-snippet:-1, max-image-preview:large, max-video-preview:-1\" \/>\n<link rel=\"canonical\" href=\"https:\/\/talkpal.ai\/sv\/azerbajdzjansk-grammatik\/\" \/>\n<meta property=\"og:locale\" content=\"sv_SE\" \/>\n<meta property=\"og:type\" content=\"article\" \/>\n<meta property=\"og:title\" content=\"Azerbajdzjansk grammatik\" \/>\n<meta property=\"og:description\" content=\"En omfattande guide till azerbajdzjansk grammatik Har du n\u00e5gonsin funderat p\u00e5 att l\u00e4ra dig azerbajdzjanska? Azerbajdzjanska \u00e4r det officiella spr\u00e5ket i\" \/>\n<meta property=\"og:url\" content=\"https:\/\/talkpal.ai\/sv\/azerbajdzjansk-grammatik\/\" \/>\n<meta property=\"og:site_name\" content=\"Talkpal\" \/>\n<meta property=\"article:publisher\" content=\"https:\/\/www.facebook.com\/profile.php?id=100090733639311\" \/>\n<meta property=\"article:modified_time\" content=\"2025-05-22T08:23:36+00:00\" \/>\n<meta property=\"og:image\" content=\"https:\/\/talkpal.ai\/wp-content\/uploads\/2023\/05\/azerbaijan.png\" \/>\n\t<meta property=\"og:image:width\" content=\"512\" \/>\n\t<meta property=\"og:image:height\" content=\"512\" \/>\n\t<meta property=\"og:image:type\" content=\"image\/png\" \/>\n<meta name=\"twitter:card\" content=\"summary_large_image\" \/>\n<meta name=\"twitter:site\" content=\"@talkpalai\" \/>\n<meta name=\"twitter:label1\" content=\"Ber\u00e4knad l\u00e4stid\" \/>\n\t<meta name=\"twitter:data1\" content=\"4 minuter\" \/>\n<script type=\"application\/ld+json\" class=\"yoast-schema-graph\">{\"@context\":\"https:\/\/schema.org\",\"@graph\":[{\"@type\":\"WebPage\",\"@id\":\"https:\/\/talkpal.ai\/sv\/azerbajdzjansk-grammatik\/\",\"url\":\"https:\/\/talkpal.ai\/sv\/azerbajdzjansk-grammatik\/\",\"name\":\"Azerbajdzjansk grammatik - Talkpal\",\"isPartOf\":{\"@id\":\"https:\/\/talkpal.ai\/sv\/#website\"},\"primaryImageOfPage\":{\"@id\":\"https:\/\/talkpal.ai\/sv\/azerbajdzjansk-grammatik\/#primaryimage\"},\"image\":{\"@id\":\"https:\/\/talkpal.ai\/sv\/azerbajdzjansk-grammatik\/#primaryimage\"},\"thumbnailUrl\":\"https:\/\/talkpal.ai\/wp-content\/uploads\/2023\/05\/azerbaijan.png\",\"datePublished\":\"2023-05-14T13:53:48+00:00\",\"dateModified\":\"2025-05-22T08:23:36+00:00\",\"description\":\"Beh\u00e4rska azerbajdzjansk grammatik utan anstr\u00e4ngning med Talkpal, din AI-drivna handledare. Uppt\u00e4ck enkla f\u00f6rklaringar, interaktiva \u00f6vningar och praktiska tips\",\"breadcrumb\":{\"@id\":\"https:\/\/talkpal.ai\/sv\/azerbajdzjansk-grammatik\/#breadcrumb\"},\"inLanguage\":\"sv-SE\",\"potentialAction\":[{\"@type\":\"ReadAction\",\"target\":[\"https:\/\/talkpal.ai\/sv\/azerbajdzjansk-grammatik\/\"]}]},{\"@type\":\"ImageObject\",\"inLanguage\":\"sv-SE\",\"@id\":\"https:\/\/talkpal.ai\/sv\/azerbajdzjansk-grammatik\/#primaryimage\",\"url\":\"https:\/\/talkpal.ai\/wp-content\/uploads\/2023\/05\/azerbaijan.png\",\"contentUrl\":\"https:\/\/talkpal.ai\/wp-content\/uploads\/2023\/05\/azerbaijan.png\",\"width\":512,\"height\":512},{\"@type\":\"BreadcrumbList\",\"@id\":\"https:\/\/talkpal.ai\/sv\/azerbajdzjansk-grammatik\/#breadcrumb\",\"itemListElement\":[{\"@type\":\"ListItem\",\"position\":1,\"name\":\"Homepage\",\"item\":\"https:\/\/talkpal.ai\/sv\/\"},{\"@type\":\"ListItem\",\"position\":2,\"name\":\"Azerbajdzjansk grammatik\"}]},{\"@type\":\"WebSite\",\"@id\":\"https:\/\/talkpal.ai\/sv\/#website\",\"url\":\"https:\/\/talkpal.ai\/sv\/\",\"name\":\"Talkpal\",\"description\":\"AI Language Learning\",\"publisher\":{\"@id\":\"https:\/\/talkpal.ai\/sv\/#organization\"},\"alternateName\":\"Talkpal AI\",\"potentialAction\":[{\"@type\":\"SearchAction\",\"target\":{\"@type\":\"EntryPoint\",\"urlTemplate\":\"https:\/\/talkpal.ai\/sv\/?s={search_term_string}\"},\"query-input\":{\"@type\":\"PropertyValueSpecification\",\"valueRequired\":true,\"valueName\":\"search_term_string\"}}],\"inLanguage\":\"sv-SE\"},{\"@type\":\"Organization\",\"@id\":\"https:\/\/talkpal.ai\/sv\/#organization\",\"name\":\"Talkpal, Inc.\",\"alternateName\":\"Talkpal AI\",\"url\":\"https:\/\/talkpal.ai\/sv\/\",\"logo\":{\"@type\":\"ImageObject\",\"inLanguage\":\"sv-SE\",\"@id\":\"https:\/\/talkpal.ai\/sv\/#\/schema\/logo\/image\/\",\"url\":\"https:\/\/talkpal.ai\/wp-content\/uploads\/2024\/03\/Talkpal-Logo-Icon.png\",\"contentUrl\":\"https:\/\/talkpal.ai\/wp-content\/uploads\/2024\/03\/Talkpal-Logo-Icon.png\",\"width\":2880,\"height\":2880,\"caption\":\"Talkpal, Inc.\"},\"image\":{\"@id\":\"https:\/\/talkpal.ai\/sv\/#\/schema\/logo\/image\/\"},\"sameAs\":[\"https:\/\/www.facebook.com\/profile.php?id=100090733639311\",\"https:\/\/x.com\/talkpalai\",\"https:\/\/www.linkedin.com\/company\/talkpal\/\",\"https:\/\/www.youtube.com\/@TalkPal\/\",\"https:\/\/www.tiktok.com\/@talkpal\",\"https:\/\/www.instagram.com\/talkpal_ai\/\",\"https:\/\/www.crunchbase.com\/organization\/talkpal-9cde\",\"https:\/\/www.g2.com\/products\/talkpal-for-business\/\",\"https:\/\/www.trustpilot.com\/review\/talkpal.ai\",\"https:\/\/www.capterra.com\/p\/10006800\/TalkPal\/\"],\"description\":\"Talkpal is a language learning web and mobile education app, powered by the latest AI technologies, that provides engaging experiences to its customers in many different languages to help them improve their language skills. Users can chat about unlimited amount of topics with the app and use other modes to practice their language learning.\",\"email\":\"support@talkpal.ai\",\"legalName\":\"Talkpal, Inc.\",\"foundingDate\":\"2023-04-03\",\"duns\":\"118989042\",\"numberOfEmployees\":{\"@type\":\"QuantitativeValue\",\"minValue\":\"11\",\"maxValue\":\"50\"},\"publishingPrinciples\":\"https:\/\/talkpal.ai\/publishing-principles\/\",\"actionableFeedbackPolicy\":\"https:\/\/talkpal.ai\/actionable-feedback-policy\/\",\"correctionsPolicy\":\"https:\/\/talkpal.ai\/corrections-policy\/\",\"ethicsPolicy\":\"https:\/\/talkpal.ai\/ethics-policy\/\",\"diversityPolicy\":\"https:\/\/talkpal.ai\/diversity-policy\/\",\"diversityStaffingReport\":\"https:\/\/talkpal.ai\/diversity-policy\/\"}]}<\/script>\n<!-- \/ Yoast SEO Premium plugin. -->","yoast_head_json":{"title":"Azerbajdzjansk grammatik - Talkpal","description":"Beh\u00e4rska azerbajdzjansk grammatik utan anstr\u00e4ngning med Talkpal, din AI-drivna handledare. Uppt\u00e4ck enkla f\u00f6rklaringar, interaktiva \u00f6vningar och praktiska tips","robots":{"index":"index","follow":"follow","max-snippet":"max-snippet:-1","max-image-preview":"max-image-preview:large","max-video-preview":"max-video-preview:-1"},"canonical":"https:\/\/talkpal.ai\/sv\/azerbajdzjansk-grammatik\/","og_locale":"sv_SE","og_type":"article","og_title":"Azerbajdzjansk grammatik","og_description":"En omfattande guide till azerbajdzjansk grammatik Har du n\u00e5gonsin funderat p\u00e5 att l\u00e4ra dig azerbajdzjanska? Azerbajdzjanska \u00e4r det officiella spr\u00e5ket i","og_url":"https:\/\/talkpal.ai\/sv\/azerbajdzjansk-grammatik\/","og_site_name":"Talkpal","article_publisher":"https:\/\/www.facebook.com\/profile.php?id=100090733639311","article_modified_time":"2025-05-22T08:23:36+00:00","og_image":[{"width":512,"height":512,"url":"https:\/\/talkpal.ai\/wp-content\/uploads\/2023\/05\/azerbaijan.png","type":"image\/png"}],"twitter_card":"summary_large_image","twitter_site":"@talkpalai","twitter_misc":{"Ber\u00e4knad l\u00e4stid":"4 minuter"},"schema":{"@context":"https:\/\/schema.org","@graph":[{"@type":"WebPage","@id":"https:\/\/talkpal.ai\/sv\/azerbajdzjansk-grammatik\/","url":"https:\/\/talkpal.ai\/sv\/azerbajdzjansk-grammatik\/","name":"Azerbajdzjansk grammatik - Talkpal","isPartOf":{"@id":"https:\/\/talkpal.ai\/sv\/#website"},"primaryImageOfPage":{"@id":"https:\/\/talkpal.ai\/sv\/azerbajdzjansk-grammatik\/#primaryimage"},"image":{"@id":"https:\/\/talkpal.ai\/sv\/azerbajdzjansk-grammatik\/#primaryimage"},"thumbnailUrl":"https:\/\/talkpal.ai\/wp-content\/uploads\/2023\/05\/azerbaijan.png","datePublished":"2023-05-14T13:53:48+00:00","dateModified":"2025-05-22T08:23:36+00:00","description":"Beh\u00e4rska azerbajdzjansk grammatik utan anstr\u00e4ngning med Talkpal, din AI-drivna handledare. Uppt\u00e4ck enkla f\u00f6rklaringar, interaktiva \u00f6vningar och praktiska tips","breadcrumb":{"@id":"https:\/\/talkpal.ai\/sv\/azerbajdzjansk-grammatik\/#breadcrumb"},"inLanguage":"sv-SE","potentialAction":[{"@type":"ReadAction","target":["https:\/\/talkpal.ai\/sv\/azerbajdzjansk-grammatik\/"]}]},{"@type":"ImageObject","inLanguage":"sv-SE","@id":"https:\/\/talkpal.ai\/sv\/azerbajdzjansk-grammatik\/#primaryimage","url":"https:\/\/talkpal.ai\/wp-content\/uploads\/2023\/05\/azerbaijan.png","contentUrl":"https:\/\/talkpal.ai\/wp-content\/uploads\/2023\/05\/azerbaijan.png","width":512,"height":512},{"@type":"BreadcrumbList","@id":"https:\/\/talkpal.ai\/sv\/azerbajdzjansk-grammatik\/#breadcrumb","itemListElement":[{"@type":"ListItem","position":1,"name":"Homepage","item":"https:\/\/talkpal.ai\/sv\/"},{"@type":"ListItem","position":2,"name":"Azerbajdzjansk grammatik"}]},{"@type":"WebSite","@id":"https:\/\/talkpal.ai\/sv\/#website","url":"https:\/\/talkpal.ai\/sv\/","name":"Talkpal","description":"AI Language Learning","publisher":{"@id":"https:\/\/talkpal.ai\/sv\/#organization"},"alternateName":"Talkpal AI","potentialAction":[{"@type":"SearchAction","target":{"@type":"EntryPoint","urlTemplate":"https:\/\/talkpal.ai\/sv\/?s={search_term_string}"},"query-input":{"@type":"PropertyValueSpecification","valueRequired":true,"valueName":"search_term_string"}}],"inLanguage":"sv-SE"},{"@type":"Organization","@id":"https:\/\/talkpal.ai\/sv\/#organization","name":"Talkpal, Inc.","alternateName":"Talkpal AI","url":"https:\/\/talkpal.ai\/sv\/","logo":{"@type":"ImageObject","inLanguage":"sv-SE","@id":"https:\/\/talkpal.ai\/sv\/#\/schema\/logo\/image\/","url":"https:\/\/talkpal.ai\/wp-content\/uploads\/2024\/03\/Talkpal-Logo-Icon.png","contentUrl":"https:\/\/talkpal.ai\/wp-content\/uploads\/2024\/03\/Talkpal-Logo-Icon.png","width":2880,"height":2880,"caption":"Talkpal, Inc."},"image":{"@id":"https:\/\/talkpal.ai\/sv\/#\/schema\/logo\/image\/"},"sameAs":["https:\/\/www.facebook.com\/profile.php?id=100090733639311","https:\/\/x.com\/talkpalai","https:\/\/www.linkedin.com\/company\/talkpal\/","https:\/\/www.youtube.com\/@TalkPal\/","https:\/\/www.tiktok.com\/@talkpal","https:\/\/www.instagram.com\/talkpal_ai\/","https:\/\/www.crunchbase.com\/organization\/talkpal-9cde","https:\/\/www.g2.com\/products\/talkpal-for-business\/","https:\/\/www.trustpilot.com\/review\/talkpal.ai","https:\/\/www.capterra.com\/p\/10006800\/TalkPal\/"],"description":"Talkpal is a language learning web and mobile education app, powered by the latest AI technologies, that provides engaging experiences to its customers in many different languages to help them improve their language skills. Users can chat about unlimited amount of topics with the app and use other modes to practice their language learning.","email":"support@talkpal.ai","legalName":"Talkpal, Inc.","foundingDate":"2023-04-03","duns":"118989042","numberOfEmployees":{"@type":"QuantitativeValue","minValue":"11","maxValue":"50"},"publishingPrinciples":"https:\/\/talkpal.ai\/publishing-principles\/","actionableFeedbackPolicy":"https:\/\/talkpal.ai\/actionable-feedback-policy\/","correctionsPolicy":"https:\/\/talkpal.ai\/corrections-policy\/","ethicsPolicy":"https:\/\/talkpal.ai\/ethics-policy\/","diversityPolicy":"https:\/\/talkpal.ai\/diversity-policy\/","diversityStaffingReport":"https:\/\/talkpal.ai\/diversity-policy\/"}]}},"_links":{"self":[{"href":"https:\/\/talkpal.ai\/sv\/wp-json\/wp\/v2\/pages\/140120","targetHints":{"allow":["GET"]}}],"collection":[{"href":"https:\/\/talkpal.ai\/sv\/wp-json\/wp\/v2\/pages"}],"about":[{"href":"https:\/\/talkpal.ai\/sv\/wp-json\/wp\/v2\/types\/page"}],"author":[{"embeddable":true,"href":"https:\/\/talkpal.ai\/sv\/wp-json\/wp\/v2\/users\/1"}],"replies":[{"embeddable":true,"href":"https:\/\/talkpal.ai\/sv\/wp-json\/wp\/v2\/comments?post=140120"}],"version-history":[{"count":0,"href":"https:\/\/talkpal.ai\/sv\/wp-json\/wp\/v2\/pages\/140120\/revisions"}],"wp:featuredmedia":[{"embeddable":true,"href":"https:\/\/talkpal.ai\/sv\/wp-json\/wp\/v2\/media\/28165"}],"wp:attachment":[{"href":"https:\/\/talkpal.ai\/sv\/wp-json\/wp\/v2\/media?parent=140120"}],"curies":[{"name":"wp","href":"https:\/\/api.w.org\/{rel}","templated":true}]}}