{"id":140038,"date":"2023-05-14T13:52:49","date_gmt":"2023-05-14T13:52:49","guid":{"rendered":"http:\/\/talkpal.ai\/rysk-grammatik\/"},"modified":"2025-12-13T15:15:21","modified_gmt":"2025-12-13T15:15:21","slug":"rysk-grammatik","status":"publish","type":"page","link":"https:\/\/talkpal.ai\/sv\/rysk-grammatik\/","title":{"rendered":"Rysk grammatik"},"content":{"rendered":"\r\n\r\n\r\n<section class=\"languageChallengeSection\">\r\n    <div class=\"languageInfoWrapper\">\r\n        \r\n        <h1>Rysk grammatik<\/h1>\r\n        <p>B\u00f6rja ditt \u00e4ventyr i det <a href=\"https:\/\/talkpal.ai\/learn-russian\/\">ryska<\/a> spr\u00e5ket och \u00f6ppna d\u00f6rrarna till en rik kultur och historia. Att beh\u00e4rska <a href=\"https:\/\/talkpal.ai\/sv\/grammar\/particip-i-rysk-grammatik\/\">rysk grammatik<\/a> och ordf\u00f6rr\u00e5d kommer att f\u00f6rb\u00e4ttra dina m\u00f6jligheter att resa, g\u00f6ra karri\u00e4r och kommunicera. B\u00f6rja l\u00e4ra dig ryska idag och ta det f\u00f6rsta steget mot flytande spr\u00e5k!\n\n<\/p>\r\n\r\n                            <a class=\"getStartedHidden\" href=\"https:\/\/app.talkpal.ai\/sv\/signup?lng=\">Kom ig\u00e5ng<\/a>\r\n        \r\n    <\/div>\r\n\r\n    <figure>\r\n    <img decoding=\"async\" width=\"768\" height=\"768\" src=\"https:\/\/talkpal.ai\/wp-content\/uploads\/2023\/06\/russian-768x768.png\" class=\"languageImage no-lazy\" alt=\"Default alt text\" fetchpriority=\"high\" sizes=\"(max-width: 768px) 150px, 768px\" srcset=\"https:\/\/talkpal.ai\/wp-content\/uploads\/2023\/06\/russian-768x768.png 768w, https:\/\/talkpal.ai\/wp-content\/uploads\/2023\/06\/russian-300x300.png 300w\" \/>\r\n    \r\n\r\n    <\/figure>\r\n\r\n            <a class=\"getStartedVisible\" href=\"https:\/\/app.talkpal.ai\/sv\/signup?lng=\">Kom ig\u00e5ng<\/a>\r\n    \r\n<\/section>\r\n        <section class=\"grammarSection\">\r\n            <div class=\"grammarLinks\">\r\n                <a href=\"https:\/\/talkpal.ai\/sv\/language\/adjektiv-rysk-grammatik\/\">Adjektiv <\/a><a href=\"https:\/\/talkpal.ai\/sv\/language\/adverb-rysk-grammatik\/\">Adverb <\/a><a href=\"https:\/\/talkpal.ai\/sv\/language\/artiklar-rysk-grammatik\/\">Artiklar <\/a><a href=\"https:\/\/talkpal.ai\/sv\/language\/jamforelse-av-tempus-rysk-grammatik\/\">J\u00e4mf\u00f6relse av tempus <\/a><a href=\"https:\/\/talkpal.ai\/sv\/language\/meningsbyggnad-rysk-grammatik\/\">Meningsbyggnad <\/a><a href=\"https:\/\/talkpal.ai\/sv\/language\/prepositioner-rysk-grammatik\/\">Prepositioner <\/a><a href=\"https:\/\/talkpal.ai\/sv\/language\/pronomen-rysk-grammatik\/\">Pronomen <\/a><a href=\"https:\/\/talkpal.ai\/sv\/language\/substantiv-rysk-grammatik\/\">Substantiv <\/a><a href=\"https:\/\/talkpal.ai\/sv\/language\/tempus-indikativ-rysk-grammatik\/\">Tempus indikativ <\/a><a href=\"https:\/\/talkpal.ai\/sv\/language\/tempus-konjunktiv-rysk-grammatik\/\">Tempus konjunktiv <\/a><a href=\"https:\/\/talkpal.ai\/sv\/language\/verb-rysk-grammatik\/\">Verb <\/a>            <\/div>\r\n        <\/section>\r\n    <section class=\"promotionalBanner\">\r\n    <p class=\"promotionalText\">Det mest effektiva s\u00e4ttet att l\u00e4ra sig ett spr\u00e5k<\/p>\r\n    <a class=\"promotionalLink\" href=\"https:\/\/app.talkpal.ai\/sv\/signup?lng=\">Prova Talkpal gratis<\/a>\r\n<\/section>\n<div class=\"wp-block-group pageContainerStyle\"><div class=\"wp-block-group__inner-container is-layout-constrained wp-block-group-is-layout-constrained\">\n<h1 class=\"wp-block-heading\" id=\"h-russian-grammar-unlock-the-secrets-to-mastering-russian\">Rysk grammatik: L\u00e5s upp hemligheterna f\u00f6r att beh\u00e4rska ryska<\/h1>\n\n\n\n<p>Grattis till att du har tagit det dj\u00e4rva steget mot att l\u00e4ra dig ryska! Med mer \u00e4n 258 miljoner talare \u00f6ver hela v\u00e4rlden \u00e4r ryska ett fascinerande och givande spr\u00e5k som ger insikter i en rik kultur och historia. N\u00e4r det g\u00e4ller <a href=\"https:\/\/talkpal.ai\/sv\/grammar\/particip-i-rysk-grammatik\/\">rysk grammatik<\/a> kan det verka skr\u00e4mmande, men frukta inte! Denna v\u00e4nliga nyb\u00f6rjarguide \u00e4r h\u00e4r f\u00f6r att bryta ner grunderna i rysk <a href=\"https:\/\/talkpal.ai\/fr\/les\/\">grammatik<\/a> p\u00e5 ett enkelt och engagerande s\u00e4tt.<\/p>\n\n\n\n<h3 class=\"wp-block-heading\" id=\"h-1-the-russian-alphabet-your-starting-point\">1. Det ryska alfabetet: din utg\u00e5ngspunkt<\/h3>\n\n\n\n<p>Nyckeln till att navigera i rysk grammatik \u00e4r att beh\u00e4rska det kyrilliska alfabetet. Med 33 bokst\u00e4ver, 10 vokaler och 21 konsonanter utg\u00f6r den grunden f\u00f6r att l\u00e4sa, skriva och f\u00f6rst\u00e5 spr\u00e5ket. Att bekanta dig med alfabetet kommer att skapa en solid bas att bygga dina ryska grammatikkunskaper p\u00e5.<\/p>\n\n\n\n<h3 class=\"wp-block-heading\" id=\"h-2-nouns-and-cases-the-core-of-russian-grammar\">2. Substantiv och kasus: K\u00e4rnan i rysk grammatik<\/h3>\n\n\n\n<p>Rysk grammatik betonar anv\u00e4ndningen av kasus f\u00f6r att f\u00f6rmedla mening och sammanhang. Med sex kasus \u2013 nominativ, genitiv, dativ, ackusativ, instrumentell och preposition \u2013 \u00e4ndrar ryska substantiv sina \u00e4ndelser f\u00f6r att visa sin funktion i en mening. D\u00e4rf\u00f6r blir ordf\u00f6ljden mindre kritisk \u00e4n i engelskan. Till exempel:<\/p>\n\n\n\n<p>Jag ger en bok till en v\u00e4n.<\/p>\n\n\n\n<p>ryska: \u042f \u0434\u0430\u044e \u0434\u0440\u0443\u0433\u0443 \u043a\u043d\u0438\u0433\u0443 (Ya dayu drugu knigu)<\/p>\n\n\n\n<p>H\u00e4r st\u00e5r &#8221;\u0434\u0440\u0443\u0433\u0443&#8221; (till en v\u00e4n) och &#8221;\u043a\u043d\u0438\u0433\u0443&#8221; (bok) i dativ respektive ackusativ.<\/p>\n\n\n\n<h3 class=\"wp-block-heading\" id=\"h-3-mastering-gender-and-plurals\">3. Att beh\u00e4rska genus och plural<\/h3>\n\n\n\n<p>I rysk grammatik tilldelas substantiv ett av tre genus: maskulinum, femininum eller neutrum. \u00c4ndelsen p\u00e5 ett substantiv anger vanligtvis dess genus:<\/p>\n\n\n\n<p>&#8211; Maskulinum: slutar med en konsonant eller &#8221;-\u0439&#8221;<\/p>\n\n\n\n<p>&#8211; Femininum: slutar p\u00e5 &#8221;-\u0430&#8221; eller &#8221;-\u044f&#8221;<\/p>\n\n\n\n<p>&#8211; Neutrum: slutar med &#8221;-\u043e&#8221; eller &#8221;-\u0435&#8221;<\/p>\n\n\n\n<p>F\u00f6r att bilda plural \u00e4ndras substantivens \u00e4ndelser beroende p\u00e5 deras genus och vilket kasus de befinner sig i.<\/p>\n\n\n\n<h3 class=\"wp-block-heading\" id=\"h-4-conquer-verb-conjugation\">4. Er\u00f6vra verbb\u00f6jning<\/h3>\n\n\n\n<p>Liksom m\u00e5nga spr\u00e5k \u00e4ndrar ryska verb form (b\u00f6jning) baserat p\u00e5 tempus, person och numerus. Ryska verb finns ocks\u00e5 i tv\u00e5 aspekter: perfektiv och imperfektiv. Den perfektiva aspekten signalerar en fullbordad handling, medan den imperfektiva aspekten h\u00e4nvisar till p\u00e5g\u00e5ende eller vanem\u00e4ssiga handlingar.<\/p>\n\n\n\n<p>Till att b\u00f6rja med b\u00f6r du fokusera p\u00e5 att f\u00f6rst\u00e5 presensb\u00f6jningen f\u00f6r imperfektiva verb och preteritum f\u00f6r b\u00e5da aspekterna. Till exempel:<\/p>\n\n\n\n<p>Presens (Imperfektiv): \u042f \u0447\u0438\u0442\u0430\u044e (Ya chitayu) &#8211; &#8221;Jag l\u00e4ser&#8221; eller &#8221;Jag l\u00e4ser&#8221;<\/p>\n\n\n\n<p>F\u00f6rfluten tid (Imperfektiv): \u042f \u0447\u0438\u0442\u0430\u043b (Ya chital) &#8211; &#8221;Jag l\u00e4ste&#8221;<\/p>\n\n\n\n<p>F\u00f6rfluten tid (perfektiv): \u042f \u043f\u0440\u043e\u0447\u0438\u0442\u0430\u043b (Ya prochital) &#8211; &#8221;Jag har l\u00e4st&#8221; eller &#8221;Jag l\u00e4ste (och avslutade)&#8221;<\/p>\n\n\n\n<h3 class=\"wp-block-heading\" id=\"h-5-embrace-russian-pronouns\">5. Omfamna ryska pronomen<\/h3>\n\n\n\n<p>Pronomen i rysk grammatik ers\u00e4tter substantiv och \u00e4r avg\u00f6rande f\u00f6r flytande tal. Dyk ner i att l\u00e4ra dig personliga och possessiva pronomen, till exempel:<\/p>\n\n\n\n<p><a href=\"https:\/\/talkpal.ai\/sv\/grammar_exercises\/ovningar-for-personliga-pronomen-for-slovensk-grammatik\/\">Personliga pronomen<\/a>: \u044f (jag), \u0442\u044b (du, informell), \u043e\u043d\/\u043e\u043d\u0430\/\u043e\u043d\u043e (han\/hon\/det), \u0432\u044b (du, formell eller plural), \u043c\u044b (vi), \u043e\u043d\u0438 (de)<\/p>\n\n\n\n<p>Possessiva pronomen: \u043c\u043e\u0439\/\u043c\u043e\u044f\/\u043c\u043e\u0451 (min), \u0442\u0432\u043e\u0439\/\u0442\u0432\u043e\u044f\/\u0442\u0432\u043e\u0451 (ur, informell), \u0435\u0433\u043e\/\u0435\u0451\/\u0438\u0445 (hans\/hennes\/deras), \u0432\u0430\u0448\/\u0432\u0430\u0448\u0430\/\u0432\u0430\u0448\u0435 (ur, formell eller plural), \u043d\u0430\u0448\/\u043d\u0430\u0448\u0430\/\u043d\u0430\u0448\u0435 (v\u00e5r)<\/p>\n\n\n\n<p>Gl\u00f6m inte att ryska pronomen m\u00e5ste \u00f6verensst\u00e4mma med genus och kasus f\u00f6r det substantiv som de ers\u00e4tter.<\/p>\n\n\n\n<p>Grattis! Du har tagit de f\u00f6rsta stegen mot att beh\u00e4rska den ryska grammatikens kr\u00e5ngligheter. Kom ih\u00e5g att \u00f6vning \u00e4r avg\u00f6rande, s\u00e5 f\u00f6rdjupa dig i spr\u00e5ket, engagera dig med modersm\u00e5lstalare och st\u00e4rk din inl\u00e4rningsgrund. \u0423\u0434\u0430\u0447\u0438! (Lycka till!)<\/p>\n<\/div><\/div>\n\r\n<section class=\"learnNavigationSection\">\r\n            \r\n        <a href=\"https:\/\/talkpal.ai\/sv\/lar-dig-ryska\/\">\r\n            <div class=\"learnNavigationWrapper\">\r\n                <div class=\"learnNavigationContent\">\r\n                    <img decoding=\"async\" src=\"https:\/\/talkpal.ai\/wp-content\/uploads\/2024\/08\/Russian.jpg\" alt=\"Russian Flag\">\r\n                    <div>\r\n                        <h4>Om rysk inl\u00e4rning<\/h4>\r\n                        <p>Ta reda p\u00e5 allt om rysk grammatik.<\/p>\r\n                    <\/div>\r\n                <\/div>\r\n            <\/div>\r\n        <\/a>\r\n\r\n        \r\n        <a href=\"https:\/\/talkpal.ai\/sv\/ryska-grammatikovningar\/\">\r\n            <div class=\"learnNavigationWrapper\">\r\n                <div class=\"learnNavigationContent\">\r\n                    <img decoding=\"async\" src=\"https:\/\/talkpal.ai\/wp-content\/uploads\/2024\/08\/Russian.jpg\" alt=\"Russian Flag\">\r\n                    <div>\r\n                        <h4>\u00d6vning i rysk grammatik<\/h4>\r\n                        <p>\u00d6va rysk grammatik.<\/p>\r\n                    <\/div>\r\n                <\/div>\r\n            <\/div>\r\n        <\/a>\r\n\r\n        \r\n        <a href=\"https:\/\/talkpal.ai\/vocabulary_language\/russian\/\">\r\n            <div class=\"learnNavigationWrapper\">\r\n                <div class=\"learnNavigationContent\">\r\n                    <img decoding=\"async\" src=\"https:\/\/talkpal.ai\/wp-content\/uploads\/2024\/08\/Russian.jpg\" alt=\"Russian Flag\">\r\n                    <div>\r\n                        <h4>Rysk vokabul\u00e4r<\/h4>\r\n                        <p>Ut\u00f6ka ditt ryska ordf\u00f6rr\u00e5d.<\/p>\r\n                    <\/div>\r\n                <\/div>\r\n            <\/div>\r\n        <\/a>\r\n\r\n            <\/section>","protected":false},"excerpt":{"rendered":"<p>Rysk grammatik: L\u00e5s upp hemligheterna f\u00f6r att beh\u00e4rska ryska Grattis till att du har tagit det dj\u00e4rva steget mot att l\u00e4ra dig ryska! Med mer \u00e4n 258 miljoner talare \u00f6ver hela v\u00e4rlden \u00e4r ryska ett fascinerande och givande spr\u00e5k som ger insikter i en rik kultur och historia. N\u00e4r det g\u00e4ller rysk grammatik kan det [&hellip;]<\/p>\n","protected":false},"author":1,"featured_media":11604,"parent":0,"menu_order":0,"comment_status":"closed","ping_status":"closed","template":"LearningContentPage.php","meta":{"_acf_changed":false,"footnotes":""},"class_list":["post-140038","page","type-page","status-publish","has-post-thumbnail","hentry"],"acf":[],"yoast_head":"<!-- This site is optimized with the Yoast SEO Premium plugin v27.2 (Yoast SEO v27.2) - https:\/\/yoast.com\/product\/yoast-seo-premium-wordpress\/ -->\n<title>Rysk grammatik - Talkpal<\/title>\n<meta name=\"description\" content=\"\u00d6ppna upp den ryska grammatikens v\u00e4rld med v\u00e5r nyb\u00f6rjarguide. Beh\u00e4rska det kyrilliska alfabetet och utveckla dina spr\u00e5kkunskaper.\" \/>\n<meta name=\"robots\" content=\"index, follow, max-snippet:-1, max-image-preview:large, max-video-preview:-1\" \/>\n<link rel=\"canonical\" href=\"https:\/\/talkpal.ai\/sv\/rysk-grammatik\/\" \/>\n<meta property=\"og:locale\" content=\"sv_SE\" \/>\n<meta property=\"og:type\" content=\"article\" \/>\n<meta property=\"og:title\" content=\"Rysk grammatik\" \/>\n<meta property=\"og:description\" content=\"Rysk grammatik: L\u00e5s upp hemligheterna f\u00f6r att beh\u00e4rska ryska Grattis till att du har tagit det dj\u00e4rva steget mot att l\u00e4ra dig ryska! Med mer \u00e4n 258\" \/>\n<meta property=\"og:url\" content=\"https:\/\/talkpal.ai\/sv\/rysk-grammatik\/\" \/>\n<meta property=\"og:site_name\" content=\"Talkpal\" \/>\n<meta property=\"article:publisher\" content=\"https:\/\/www.facebook.com\/profile.php?id=100090733639311\" \/>\n<meta property=\"article:modified_time\" content=\"2025-12-13T15:15:21+00:00\" \/>\n<meta property=\"og:image\" content=\"https:\/\/talkpal.ai\/wp-content\/uploads\/2023\/04\/rusia.png\" \/>\n\t<meta property=\"og:image:width\" content=\"512\" \/>\n\t<meta property=\"og:image:height\" content=\"512\" \/>\n\t<meta property=\"og:image:type\" content=\"image\/png\" \/>\n<meta name=\"twitter:card\" content=\"summary_large_image\" \/>\n<meta name=\"twitter:site\" content=\"@talkpalai\" \/>\n<meta name=\"twitter:label1\" content=\"Ber\u00e4knad l\u00e4stid\" \/>\n\t<meta name=\"twitter:data1\" content=\"3 minuter\" \/>\n<script type=\"application\/ld+json\" class=\"yoast-schema-graph\">{\"@context\":\"https:\/\/schema.org\",\"@graph\":[{\"@type\":\"WebPage\",\"@id\":\"https:\/\/talkpal.ai\/sv\/rysk-grammatik\/\",\"url\":\"https:\/\/talkpal.ai\/sv\/rysk-grammatik\/\",\"name\":\"Rysk grammatik - Talkpal\",\"isPartOf\":{\"@id\":\"https:\/\/talkpal.ai\/sv\/#website\"},\"primaryImageOfPage\":{\"@id\":\"https:\/\/talkpal.ai\/sv\/rysk-grammatik\/#primaryimage\"},\"image\":{\"@id\":\"https:\/\/talkpal.ai\/sv\/rysk-grammatik\/#primaryimage\"},\"thumbnailUrl\":\"https:\/\/talkpal.ai\/wp-content\/uploads\/2023\/04\/rusia.png\",\"datePublished\":\"2023-05-14T13:52:49+00:00\",\"dateModified\":\"2025-12-13T15:15:21+00:00\",\"description\":\"\u00d6ppna upp den ryska grammatikens v\u00e4rld med v\u00e5r nyb\u00f6rjarguide. Beh\u00e4rska det kyrilliska alfabetet och utveckla dina spr\u00e5kkunskaper.\",\"breadcrumb\":{\"@id\":\"https:\/\/talkpal.ai\/sv\/rysk-grammatik\/#breadcrumb\"},\"inLanguage\":\"sv-SE\",\"potentialAction\":[{\"@type\":\"ReadAction\",\"target\":[\"https:\/\/talkpal.ai\/sv\/rysk-grammatik\/\"]}]},{\"@type\":\"ImageObject\",\"inLanguage\":\"sv-SE\",\"@id\":\"https:\/\/talkpal.ai\/sv\/rysk-grammatik\/#primaryimage\",\"url\":\"https:\/\/talkpal.ai\/wp-content\/uploads\/2023\/04\/rusia.png\",\"contentUrl\":\"https:\/\/talkpal.ai\/wp-content\/uploads\/2023\/04\/rusia.png\",\"width\":512,\"height\":512},{\"@type\":\"BreadcrumbList\",\"@id\":\"https:\/\/talkpal.ai\/sv\/rysk-grammatik\/#breadcrumb\",\"itemListElement\":[{\"@type\":\"ListItem\",\"position\":1,\"name\":\"Homepage\",\"item\":\"https:\/\/talkpal.ai\/sv\/\"},{\"@type\":\"ListItem\",\"position\":2,\"name\":\"Rysk grammatik\"}]},{\"@type\":\"WebSite\",\"@id\":\"https:\/\/talkpal.ai\/sv\/#website\",\"url\":\"https:\/\/talkpal.ai\/sv\/\",\"name\":\"Talkpal\",\"description\":\"AI Language Learning\",\"publisher\":{\"@id\":\"https:\/\/talkpal.ai\/sv\/#organization\"},\"alternateName\":\"Talkpal AI\",\"potentialAction\":[{\"@type\":\"SearchAction\",\"target\":{\"@type\":\"EntryPoint\",\"urlTemplate\":\"https:\/\/talkpal.ai\/sv\/?s={search_term_string}\"},\"query-input\":{\"@type\":\"PropertyValueSpecification\",\"valueRequired\":true,\"valueName\":\"search_term_string\"}}],\"inLanguage\":\"sv-SE\"},{\"@type\":\"Organization\",\"@id\":\"https:\/\/talkpal.ai\/sv\/#organization\",\"name\":\"Talkpal, Inc.\",\"alternateName\":\"Talkpal AI\",\"url\":\"https:\/\/talkpal.ai\/sv\/\",\"logo\":{\"@type\":\"ImageObject\",\"inLanguage\":\"sv-SE\",\"@id\":\"https:\/\/talkpal.ai\/sv\/#\/schema\/logo\/image\/\",\"url\":\"https:\/\/talkpal.ai\/wp-content\/uploads\/2024\/03\/Talkpal-Logo-Icon.png\",\"contentUrl\":\"https:\/\/talkpal.ai\/wp-content\/uploads\/2024\/03\/Talkpal-Logo-Icon.png\",\"width\":2880,\"height\":2880,\"caption\":\"Talkpal, Inc.\"},\"image\":{\"@id\":\"https:\/\/talkpal.ai\/sv\/#\/schema\/logo\/image\/\"},\"sameAs\":[\"https:\/\/www.facebook.com\/profile.php?id=100090733639311\",\"https:\/\/x.com\/talkpalai\",\"https:\/\/www.linkedin.com\/company\/talkpal\/\",\"https:\/\/www.youtube.com\/@TalkPal\/\",\"https:\/\/www.tiktok.com\/@talkpal\",\"https:\/\/www.instagram.com\/talkpal_ai\/\",\"https:\/\/www.crunchbase.com\/organization\/talkpal-9cde\",\"https:\/\/www.g2.com\/products\/talkpal-for-business\/\",\"https:\/\/www.trustpilot.com\/review\/talkpal.ai\",\"https:\/\/www.capterra.com\/p\/10006800\/TalkPal\/\"],\"description\":\"Talkpal is a language learning web and mobile education app, powered by the latest AI technologies, that provides engaging experiences to its customers in many different languages to help them improve their language skills. Users can chat about unlimited amount of topics with the app and use other modes to practice their language learning.\",\"email\":\"support@talkpal.ai\",\"legalName\":\"Talkpal, Inc.\",\"foundingDate\":\"2023-04-03\",\"duns\":\"118989042\",\"numberOfEmployees\":{\"@type\":\"QuantitativeValue\",\"minValue\":\"11\",\"maxValue\":\"50\"},\"publishingPrinciples\":\"https:\/\/talkpal.ai\/publishing-principles\/\",\"actionableFeedbackPolicy\":\"https:\/\/talkpal.ai\/actionable-feedback-policy\/\",\"correctionsPolicy\":\"https:\/\/talkpal.ai\/corrections-policy\/\",\"ethicsPolicy\":\"https:\/\/talkpal.ai\/ethics-policy\/\",\"diversityPolicy\":\"https:\/\/talkpal.ai\/diversity-policy\/\",\"diversityStaffingReport\":\"https:\/\/talkpal.ai\/diversity-policy\/\"}]}<\/script>\n<!-- \/ Yoast SEO Premium plugin. -->","yoast_head_json":{"title":"Rysk grammatik - Talkpal","description":"\u00d6ppna upp den ryska grammatikens v\u00e4rld med v\u00e5r nyb\u00f6rjarguide. Beh\u00e4rska det kyrilliska alfabetet och utveckla dina spr\u00e5kkunskaper.","robots":{"index":"index","follow":"follow","max-snippet":"max-snippet:-1","max-image-preview":"max-image-preview:large","max-video-preview":"max-video-preview:-1"},"canonical":"https:\/\/talkpal.ai\/sv\/rysk-grammatik\/","og_locale":"sv_SE","og_type":"article","og_title":"Rysk grammatik","og_description":"Rysk grammatik: L\u00e5s upp hemligheterna f\u00f6r att beh\u00e4rska ryska Grattis till att du har tagit det dj\u00e4rva steget mot att l\u00e4ra dig ryska! Med mer \u00e4n 258","og_url":"https:\/\/talkpal.ai\/sv\/rysk-grammatik\/","og_site_name":"Talkpal","article_publisher":"https:\/\/www.facebook.com\/profile.php?id=100090733639311","article_modified_time":"2025-12-13T15:15:21+00:00","og_image":[{"width":512,"height":512,"url":"https:\/\/talkpal.ai\/wp-content\/uploads\/2023\/04\/rusia.png","type":"image\/png"}],"twitter_card":"summary_large_image","twitter_site":"@talkpalai","twitter_misc":{"Ber\u00e4knad l\u00e4stid":"3 minuter"},"schema":{"@context":"https:\/\/schema.org","@graph":[{"@type":"WebPage","@id":"https:\/\/talkpal.ai\/sv\/rysk-grammatik\/","url":"https:\/\/talkpal.ai\/sv\/rysk-grammatik\/","name":"Rysk grammatik - Talkpal","isPartOf":{"@id":"https:\/\/talkpal.ai\/sv\/#website"},"primaryImageOfPage":{"@id":"https:\/\/talkpal.ai\/sv\/rysk-grammatik\/#primaryimage"},"image":{"@id":"https:\/\/talkpal.ai\/sv\/rysk-grammatik\/#primaryimage"},"thumbnailUrl":"https:\/\/talkpal.ai\/wp-content\/uploads\/2023\/04\/rusia.png","datePublished":"2023-05-14T13:52:49+00:00","dateModified":"2025-12-13T15:15:21+00:00","description":"\u00d6ppna upp den ryska grammatikens v\u00e4rld med v\u00e5r nyb\u00f6rjarguide. Beh\u00e4rska det kyrilliska alfabetet och utveckla dina spr\u00e5kkunskaper.","breadcrumb":{"@id":"https:\/\/talkpal.ai\/sv\/rysk-grammatik\/#breadcrumb"},"inLanguage":"sv-SE","potentialAction":[{"@type":"ReadAction","target":["https:\/\/talkpal.ai\/sv\/rysk-grammatik\/"]}]},{"@type":"ImageObject","inLanguage":"sv-SE","@id":"https:\/\/talkpal.ai\/sv\/rysk-grammatik\/#primaryimage","url":"https:\/\/talkpal.ai\/wp-content\/uploads\/2023\/04\/rusia.png","contentUrl":"https:\/\/talkpal.ai\/wp-content\/uploads\/2023\/04\/rusia.png","width":512,"height":512},{"@type":"BreadcrumbList","@id":"https:\/\/talkpal.ai\/sv\/rysk-grammatik\/#breadcrumb","itemListElement":[{"@type":"ListItem","position":1,"name":"Homepage","item":"https:\/\/talkpal.ai\/sv\/"},{"@type":"ListItem","position":2,"name":"Rysk grammatik"}]},{"@type":"WebSite","@id":"https:\/\/talkpal.ai\/sv\/#website","url":"https:\/\/talkpal.ai\/sv\/","name":"Talkpal","description":"AI Language Learning","publisher":{"@id":"https:\/\/talkpal.ai\/sv\/#organization"},"alternateName":"Talkpal AI","potentialAction":[{"@type":"SearchAction","target":{"@type":"EntryPoint","urlTemplate":"https:\/\/talkpal.ai\/sv\/?s={search_term_string}"},"query-input":{"@type":"PropertyValueSpecification","valueRequired":true,"valueName":"search_term_string"}}],"inLanguage":"sv-SE"},{"@type":"Organization","@id":"https:\/\/talkpal.ai\/sv\/#organization","name":"Talkpal, Inc.","alternateName":"Talkpal AI","url":"https:\/\/talkpal.ai\/sv\/","logo":{"@type":"ImageObject","inLanguage":"sv-SE","@id":"https:\/\/talkpal.ai\/sv\/#\/schema\/logo\/image\/","url":"https:\/\/talkpal.ai\/wp-content\/uploads\/2024\/03\/Talkpal-Logo-Icon.png","contentUrl":"https:\/\/talkpal.ai\/wp-content\/uploads\/2024\/03\/Talkpal-Logo-Icon.png","width":2880,"height":2880,"caption":"Talkpal, Inc."},"image":{"@id":"https:\/\/talkpal.ai\/sv\/#\/schema\/logo\/image\/"},"sameAs":["https:\/\/www.facebook.com\/profile.php?id=100090733639311","https:\/\/x.com\/talkpalai","https:\/\/www.linkedin.com\/company\/talkpal\/","https:\/\/www.youtube.com\/@TalkPal\/","https:\/\/www.tiktok.com\/@talkpal","https:\/\/www.instagram.com\/talkpal_ai\/","https:\/\/www.crunchbase.com\/organization\/talkpal-9cde","https:\/\/www.g2.com\/products\/talkpal-for-business\/","https:\/\/www.trustpilot.com\/review\/talkpal.ai","https:\/\/www.capterra.com\/p\/10006800\/TalkPal\/"],"description":"Talkpal is a language learning web and mobile education app, powered by the latest AI technologies, that provides engaging experiences to its customers in many different languages to help them improve their language skills. Users can chat about unlimited amount of topics with the app and use other modes to practice their language learning.","email":"support@talkpal.ai","legalName":"Talkpal, Inc.","foundingDate":"2023-04-03","duns":"118989042","numberOfEmployees":{"@type":"QuantitativeValue","minValue":"11","maxValue":"50"},"publishingPrinciples":"https:\/\/talkpal.ai\/publishing-principles\/","actionableFeedbackPolicy":"https:\/\/talkpal.ai\/actionable-feedback-policy\/","correctionsPolicy":"https:\/\/talkpal.ai\/corrections-policy\/","ethicsPolicy":"https:\/\/talkpal.ai\/ethics-policy\/","diversityPolicy":"https:\/\/talkpal.ai\/diversity-policy\/","diversityStaffingReport":"https:\/\/talkpal.ai\/diversity-policy\/"}]}},"_links":{"self":[{"href":"https:\/\/talkpal.ai\/sv\/wp-json\/wp\/v2\/pages\/140038","targetHints":{"allow":["GET"]}}],"collection":[{"href":"https:\/\/talkpal.ai\/sv\/wp-json\/wp\/v2\/pages"}],"about":[{"href":"https:\/\/talkpal.ai\/sv\/wp-json\/wp\/v2\/types\/page"}],"author":[{"embeddable":true,"href":"https:\/\/talkpal.ai\/sv\/wp-json\/wp\/v2\/users\/1"}],"replies":[{"embeddable":true,"href":"https:\/\/talkpal.ai\/sv\/wp-json\/wp\/v2\/comments?post=140038"}],"version-history":[{"count":0,"href":"https:\/\/talkpal.ai\/sv\/wp-json\/wp\/v2\/pages\/140038\/revisions"}],"wp:featuredmedia":[{"embeddable":true,"href":"https:\/\/talkpal.ai\/sv\/wp-json\/wp\/v2\/media\/11604"}],"wp:attachment":[{"href":"https:\/\/talkpal.ai\/sv\/wp-json\/wp\/v2\/media?parent=140038"}],"curies":[{"name":"wp","href":"https:\/\/api.w.org\/{rel}","templated":true}]}}