{"id":135328,"date":"2023-06-16T10:27:33","date_gmt":"2023-06-16T10:27:33","guid":{"rendered":"http:\/\/talkpal.ai\/koreanska-grammatikovningar\/"},"modified":"2025-12-17T16:48:57","modified_gmt":"2025-12-17T16:48:57","slug":"koreanska-grammatikovningar","status":"publish","type":"page","link":"https:\/\/talkpal.ai\/sv\/koreanska-grammatikovningar\/","title":{"rendered":"Koreanska grammatik\u00f6vningar"},"content":{"rendered":"\r\n\r\n\r\n<section class=\"languageChallengeSection\">\r\n    <div class=\"languageInfoWrapper\">\r\n        \r\n        <h1>Koreanska grammatik\u00f6vningar<\/h1>\r\n        <p>Vill du f\u00f6rb\u00e4ttra dina kunskaper i <a href=\"https:\/\/talkpal.ai\/learn-korean\/\">koreanska<\/a>? Att fokusera p\u00e5 grammatik\u00f6vningar \u00e4r ett bra s\u00e4tt att l\u00e4ra sig beh\u00e4rska meningsbyggnad, verb\u00e4ndelser och vardagliga fraser. Dyk ner och \u00f6va koreansk <a href=\"https:\/\/talkpal.ai\/fr\/les\/\">grammatik<\/a> regelbundet &#8211; varje \u00f6vning tar dig n\u00e4rmare naturlig och s\u00e4ker kommunikation. B\u00f6rja idag och se dina kunskaper i <a href=\"https:\/\/talkpal.ai\/learn-korean\/\">koreanska<\/a> v\u00e4xa steg f\u00f6r steg!<\/p>\r\n\r\n                            <a class=\"getStartedHidden\" href=\"https:\/\/app.talkpal.ai\/sv\/signup?lng=\">Kom ig\u00e5ng<\/a>\r\n        \r\n    <\/div>\r\n\r\n    <figure>\r\n    <img decoding=\"async\" width=\"768\" height=\"768\" src=\"https:\/\/talkpal.ai\/wp-content\/uploads\/2023\/06\/korean-768x768.png\" class=\"languageImage no-lazy\" alt=\"Default alt text\" fetchpriority=\"high\" sizes=\"(max-width: 768px) 150px, 768px\" srcset=\"https:\/\/talkpal.ai\/wp-content\/uploads\/2023\/06\/korean-768x768.png 768w, https:\/\/talkpal.ai\/wp-content\/uploads\/2023\/06\/korean-300x300.png 300w\" \/>\r\n    \r\n\r\n    <\/figure>\r\n\r\n            <a class=\"getStartedVisible\" href=\"https:\/\/app.talkpal.ai\/sv\/signup?lng=\">Kom ig\u00e5ng<\/a>\r\n    \r\n<\/section>\r\n\r\n\r\n<!-- <section class=\"grammarSection\">\r\n    <div class=\"grammarLinks\">\r\n        <a href=\"https:\/\/talkpal.ai\/sv\/exercise_language\/adjektiv-koreansk-grammatik\/\">Adjektiv <\/a><a href=\"https:\/\/talkpal.ai\/sv\/exercise_language\/adverb-koreansk-grammatik\/\">Adverb <\/a><a href=\"https:\/\/talkpal.ai\/sv\/exercise_language\/artiklar-koreansk-grammatik\/\">Artiklar <\/a><a href=\"https:\/\/talkpal.ai\/sv\/exercise_language\/jamforelse-av-tempus-koreansk-grammatik\/\">J\u00e4mf\u00f6relse av tempus <\/a><a href=\"https:\/\/talkpal.ai\/sv\/exercise_language\/meningsbyggnad-koreansk-grammatik\/\">Meningsbyggnad <\/a><a href=\"https:\/\/talkpal.ai\/sv\/exercise_language\/prepositioner-koreansk-grammatik\/\">Prepositioner <\/a><a href=\"https:\/\/talkpal.ai\/sv\/exercise_language\/pronomen-koreansk-grammatik\/\">Pronomen <\/a><a href=\"https:\/\/talkpal.ai\/sv\/exercise_language\/substantiv-koreansk-grammatik\/\">Substantiv <\/a><a href=\"https:\/\/talkpal.ai\/sv\/exercise_language\/tempus-indikativ-koreansk-grammatik\/\">Tempus indikativ <\/a><a href=\"https:\/\/talkpal.ai\/sv\/exercise_language\/tempus-konjunktiv-koreansk-grammatik\/\">Tempus konjunktiv <\/a><a href=\"https:\/\/talkpal.ai\/sv\/exercise_language\/verb-koreansk-grammatik\/\">Verb <\/a>    <\/div>\r\n<\/section> -->\r\n\r\n\r\n\r\n\r\n        <section class=\"grammarSection\">\r\n            <div class=\"grammarLinks\">\r\n                <a href=\"https:\/\/talkpal.ai\/sv\/exercise_language\/adjektiv-koreansk-grammatik\/\">Adjektiv <\/a><a href=\"https:\/\/talkpal.ai\/sv\/exercise_language\/adverb-koreansk-grammatik\/\">Adverb <\/a><a href=\"https:\/\/talkpal.ai\/sv\/exercise_language\/artiklar-koreansk-grammatik\/\">Artiklar <\/a><a href=\"https:\/\/talkpal.ai\/sv\/exercise_language\/jamforelse-av-tempus-koreansk-grammatik\/\">J\u00e4mf\u00f6relse av tempus <\/a><a href=\"https:\/\/talkpal.ai\/sv\/exercise_language\/meningsbyggnad-koreansk-grammatik\/\">Meningsbyggnad <\/a><a href=\"https:\/\/talkpal.ai\/sv\/exercise_language\/prepositioner-koreansk-grammatik\/\">Prepositioner <\/a><a href=\"https:\/\/talkpal.ai\/sv\/exercise_language\/pronomen-koreansk-grammatik\/\">Pronomen <\/a><a href=\"https:\/\/talkpal.ai\/sv\/exercise_language\/substantiv-koreansk-grammatik\/\">Substantiv <\/a><a href=\"https:\/\/talkpal.ai\/sv\/exercise_language\/tempus-indikativ-koreansk-grammatik\/\">Tempus indikativ <\/a><a href=\"https:\/\/talkpal.ai\/sv\/exercise_language\/tempus-konjunktiv-koreansk-grammatik\/\">Tempus konjunktiv <\/a><a href=\"https:\/\/talkpal.ai\/sv\/exercise_language\/verb-koreansk-grammatik\/\">Verb <\/a>            <\/div>\r\n        <\/section>\r\n<section class=\"promotionalBanner\">\r\n    <p class=\"promotionalText\">Det mest effektiva s\u00e4ttet att l\u00e4ra sig ett spr\u00e5k<\/p>\r\n    <a class=\"promotionalLink\" href=\"https:\/\/app.talkpal.ai\/sv\/signup?lng=\">Prova Talkpal gratis<\/a>\r\n<\/section>\n<div class=\"wp-block-group pageContainerStyle\"><div class=\"wp-block-group__inner-container is-layout-constrained wp-block-group-is-layout-constrained\">\n<h2 class=\"wp-block-heading\" id=\"h-korean-grammar-topics\">Koreanska grammatik\u00e4mnen<\/h2>\n\n\n\n<p>Att l\u00e4ra sig koreanska kan vara en sp\u00e4nnande och givande upplevelse eftersom det \u00f6ppnar upp nya kulturella och professionella m\u00f6jligheter. Det koreanska spr\u00e5ket har en rik historia och <a href=\"https:\/\/talkpal.ai\/locations\/language-courses-in-talas\/\">talas<\/a> av miljontals m\u00e4nniskor \u00f6ver hela v\u00e4rlden. En av de viktigaste aspekterna av att l\u00e4ra sig ett spr\u00e5k \u00e4r att f\u00f6rst\u00e5 dess grammatik. N\u00e4r det g\u00e4ller koreanska skiljer sig grammatiken ganska mycket fr\u00e5n m\u00e5nga v\u00e4sterl\u00e4ndska spr\u00e5k, men med r\u00e4tt tillv\u00e4gag\u00e5ngss\u00e4tt kan den f\u00f6rst\u00e5s systematiskt. I <a href=\"https:\/\/talkpal.ai\/culture\/how-do-i-use-den-har-and-det-har\/\">den h\u00e4r<\/a> artikeln kommer vi att utforska olika koreanska grammatik\u00e4mnen, inklusive tempus, verb, substantiv, artiklar, pronomen, adjektiv, adverb, prepositioner och meningsbyggnad. Genom att f\u00f6rst\u00e5 och beh\u00e4rska dessa begrepp kommer du att vara p\u00e5 god v\u00e4g att bli skicklig i koreanska.<\/p>\n\n\n\n<h3 class=\"wp-block-heading\" id=\"h-1-nouns\">1. Substantiv:<\/h3>\n\n\n\n<p>P\u00e5 koreanska \u00e4r substantiv viktiga byggstenar i meningar. De representerar m\u00e4nniskor, platser, saker eller id\u00e9er. Koreanska substantiv har inga k\u00f6ns- eller numerusskillnader, vilket g\u00f6r dem relativt enkla att l\u00e4ra sig. Att bekanta dig med vanliga koreanska substantiv hj\u00e4lper dig att bygga upp en stark ordf\u00f6rr\u00e5dsgrund.<\/p>\n\n\n\n<h3 class=\"wp-block-heading\" id=\"h-2-verbs\">2. Verb:<\/h3>\n\n\n\n<p>Koreanska verb \u00e4r avg\u00f6rande f\u00f6r att f\u00f6rmedla handlingar och tillst\u00e5nd. De kommer vanligtvis i slutet av en mening och har olika former beroende p\u00e5 tempus och artighetsniv\u00e5. Att f\u00f6rst\u00e5 b\u00f6jningsreglerna f\u00f6r olika verbformer \u00e4r viktigt f\u00f6r effektiv kommunikation p\u00e5 koreanska.<\/p>\n\n\n\n<h3 class=\"wp-block-heading\" id=\"h-3-adjectives\">3. Adjektiv:<\/h3>\n\n\n\n<p>P\u00e5 koreanska anv\u00e4nds adjektiv f\u00f6r att beskriva substantiv och har liknande b\u00f6jningsregler som verb. De kan anv\u00e4ndas f\u00f6re eller efter ett substantiv, och deras form kan \u00e4ndras beroende p\u00e5 tempus och artighetsniv\u00e5. Att l\u00e4ra sig vanliga adjektiv och deras anv\u00e4ndning kommer f\u00f6rb\u00e4ttra din beskrivande f\u00f6rm\u00e5ga p\u00e5 koreanska.<\/p>\n\n\n\n<h3 class=\"wp-block-heading\" id=\"h-4-adverbs\">4. Adverb:<\/h3>\n\n\n\n<p>Adverb p\u00e5 koreanska ger ytterligare information om verb, adjektiv eller andra adverb. De kommer vanligtvis f\u00f6re ordet de modifierar och har inga specifika b\u00f6jningsregler. Att inf\u00f6rliva adverb i dina koreanska meningar kan ge djup och nyans till ditt uttryck.<\/p>\n\n\n\n<h3 class=\"wp-block-heading\" id=\"h-5-pronouns\">5. Pronomen:<\/h3>\n\n\n\n<p>Koreanska pronomen hj\u00e4lper till att undvika redundans och g\u00f6ra meningarna mer kortfattade. De ers\u00e4tter substantiv som <a href=\"https:\/\/talkpal.ai\/locations\/learn-english-in-redan\/\">redan<\/a> har n\u00e4mnts eller f\u00f6rst\u00e5s i sammanhanget. Koreanska pronomen har olika former beroende p\u00e5 personens sociala status och k\u00f6n, vilket g\u00f6r dem till en viktig aspekt av spr\u00e5ket att beh\u00e4rska.<\/p>\n\n\n\n<h3 class=\"wp-block-heading\" id=\"h-6-prepositions\">6. Prepositioner:<\/h3>\n\n\n\n<p>P\u00e5 koreanska anv\u00e4nds prepositioner f\u00f6r att uttrycka relationer mellan substantiv i en mening, till exempel plats, riktning eller besittning. Till skillnad fr\u00e5n engelskan kommer koreanska prepositioner vanligtvis efter substantivet de modifierar, och bildar en enda enhet som kallas en postpositionsfras. Att f\u00f6rst\u00e5 den korrekta anv\u00e4ndningen av dessa partiklar \u00e4r avg\u00f6rande f\u00f6r att konstruera sammanh\u00e4ngande koreanska meningar.<\/p>\n\n\n\n<h3 class=\"wp-block-heading\" id=\"h-7-sentence-structure\">7. Meningsbyggnad:<\/h3>\n\n\n\n<p>Den grundl\u00e4ggande strukturen i en koreansk mening \u00e4r subjekt-objekt-verb (SOV). Detta inneb\u00e4r att verbet vanligtvis kommer sist i en mening, vilket kan vara en betydande f\u00f6r\u00e4ndring f\u00f6r <a href=\"https:\/\/talkpal.ai\/english-speaking-course\/\">engelsktalande<\/a>. Genom att l\u00e4ra dig den r\u00e4tta ordf\u00f6ljden och meningsstrukturen kan du kommunicera mer effektivt p\u00e5 koreanska.<\/p>\n\n\n\n<h3 class=\"wp-block-heading\" id=\"h-8-tenses-indicative-and-subjunctive\">8. Tempus indikativ och konjunktiv:<\/h3>\n\n\n\n<p>Koreanska har olika verbformer f\u00f6r att uttrycka tidigare, nuvarande och framtida handlingar eller tillst\u00e5nd. <a href=\"https:\/\/talkpal.ai\/sv\/grammar\/indikativ-stamning-och-letisk-grammatik\/\">Indikativ st\u00e4mning<\/a> anv\u00e4nds f\u00f6r faktap\u00e5st\u00e5enden, medan konjunktivst\u00e4mning f\u00f6rmedlar os\u00e4kerhet, m\u00f6jlighet eller hypotetiska situationer. Att k\u00e4nna igen och anv\u00e4nda dessa verbformer p\u00e5 r\u00e4tt s\u00e4tt \u00e4r viktigt f\u00f6r tydlig kommunikation p\u00e5 koreanska.<\/p>\n\n\n\n<h3 class=\"wp-block-heading\" id=\"h-9-tense-comparison\">9. J\u00e4mf\u00f6relse av tempus:<\/h3>\n\n\n\n<p>Att j\u00e4mf\u00f6ra h\u00e4ndelser inom olika tidsramar kr\u00e4ver att man f\u00f6rst\u00e5r nyanserna i koreansk verbb\u00f6jning. Genom att l\u00e4ra dig att j\u00e4mf\u00f6ra d\u00e5tida, nuvarande och framtida h\u00e4ndelser med hj\u00e4lp av l\u00e4mpliga verbformer kan du f\u00f6rmedla komplexa id\u00e9er och relationer p\u00e5 koreanska.<\/p>\n\n\n\n<h3 class=\"wp-block-heading\" id=\"h-10-articles\">10. Artiklar:<\/h3>\n\n\n\n<p>Till skillnad fr\u00e5n engelskan har koreanska varken best\u00e4mda eller obest\u00e4mda artiklar. Ist\u00e4llet f\u00f6rlitar sig spr\u00e5ket p\u00e5 kontext och anv\u00e4ndningen av specifika partiklar f\u00f6r att f\u00f6rmedla ett substantivs best\u00e4mdhet eller obest\u00e4mdhet. Genom att beh\u00e4rska dessa partiklar kan du enkelt uttrycka dig mer korrekt p\u00e5 koreanska.<\/p>\n<\/div><\/div>\n\r\n<section class=\"learnNavigationSection\">\r\n            \r\n        <a href=\"https:\/\/talkpal.ai\/sv\/lar-dig-koreanska\/\">\r\n            <div class=\"learnNavigationWrapper\">\r\n                <div class=\"learnNavigationContent\">\r\n                    <img decoding=\"async\" src=\"https:\/\/talkpal.ai\/wp-content\/uploads\/2024\/08\/Korean.jpg\" alt=\"Korean Flag\">\r\n                    <div>\r\n                        <h4>Om Korean Learning<\/h4>\r\n                        <p>Ta reda p\u00e5 allt om koreansk grammatik.<\/p>\r\n                    <\/div>\r\n                <\/div>\r\n            <\/div>\r\n        <\/a>\r\n\r\n        \r\n        <a href=\"https:\/\/talkpal.ai\/sv\/koreansk-grammatik\/\">\r\n            <div class=\"learnNavigationWrapper\">\r\n                <div class=\"learnNavigationContent\">\r\n                    <img decoding=\"async\" src=\"https:\/\/talkpal.ai\/wp-content\/uploads\/2024\/08\/Korean.jpg\" alt=\"Korean Flag\">\r\n                    <div>\r\n                        <h4>Koreanska grammatiklektioner<\/h4>\r\n                        <p>\u00d6va koreansk grammatik.<\/p>\r\n                    <\/div>\r\n                <\/div>\r\n            <\/div>\r\n        <\/a>\r\n\r\n        \r\n        <a href=\"https:\/\/talkpal.ai\/vocabulary_language\/korean\/\">\r\n            <div class=\"learnNavigationWrapper\">\r\n                <div class=\"learnNavigationContent\">\r\n                    <img decoding=\"async\" src=\"https:\/\/talkpal.ai\/wp-content\/uploads\/2024\/08\/Korean.jpg\" alt=\"Korean Flag\">\r\n                    <div>\r\n                        <h4>Koreansk vokabul\u00e4r<\/h4>\r\n                        <p>Ut\u00f6ka ditt koreanska ordf\u00f6rr\u00e5d.<\/p>\r\n                    <\/div>\r\n                <\/div>\r\n            <\/div>\r\n        <\/a>\r\n\r\n            <\/section>","protected":false},"excerpt":{"rendered":"<p>Koreanska grammatik\u00e4mnen Att l\u00e4ra sig koreanska kan vara en sp\u00e4nnande och givande upplevelse eftersom det \u00f6ppnar upp nya kulturella och professionella m\u00f6jligheter. Det koreanska spr\u00e5ket har en rik historia och talas av miljontals m\u00e4nniskor \u00f6ver hela v\u00e4rlden. En av de viktigaste aspekterna av att l\u00e4ra sig ett spr\u00e5k \u00e4r att f\u00f6rst\u00e5 dess grammatik. N\u00e4r det [&hellip;]<\/p>\n","protected":false},"author":6,"featured_media":11611,"parent":0,"menu_order":0,"comment_status":"closed","ping_status":"closed","template":"LearningContentPage.php","meta":{"_acf_changed":false,"footnotes":""},"class_list":["post-135328","page","type-page","status-publish","has-post-thumbnail","hentry"],"acf":[],"yoast_head":"<!-- This site is optimized with the Yoast SEO Premium plugin v27.2 (Yoast SEO v27.2) - https:\/\/yoast.com\/product\/yoast-seo-premium-wordpress\/ -->\n<title>Koreanska grammatik\u00f6vningar - Talkpal<\/title>\n<meta name=\"description\" content=\"F\u00f6rb\u00e4ttra din koreanska grammatik enkelt - \u00f6va med interaktiva \u00f6vningar, bem\u00e4stra spr\u00e5km\u00f6nster och bygg upp sj\u00e4lvf\u00f6rtroende\" \/>\n<meta name=\"robots\" content=\"index, follow, max-snippet:-1, max-image-preview:large, max-video-preview:-1\" \/>\n<link rel=\"canonical\" href=\"https:\/\/talkpal.ai\/sv\/koreanska-grammatikovningar\/\" \/>\n<meta property=\"og:locale\" content=\"sv_SE\" \/>\n<meta property=\"og:type\" content=\"article\" \/>\n<meta property=\"og:title\" content=\"Koreanska grammatik\u00f6vningar\" \/>\n<meta property=\"og:description\" content=\"Koreanska grammatik\u00e4mnen Att l\u00e4ra sig koreanska kan vara en sp\u00e4nnande och givande upplevelse eftersom det \u00f6ppnar upp nya kulturella och professionella\" \/>\n<meta property=\"og:url\" content=\"https:\/\/talkpal.ai\/sv\/koreanska-grammatikovningar\/\" \/>\n<meta property=\"og:site_name\" content=\"Talkpal\" \/>\n<meta property=\"article:publisher\" content=\"https:\/\/www.facebook.com\/profile.php?id=100090733639311\" \/>\n<meta property=\"article:modified_time\" content=\"2025-12-17T16:48:57+00:00\" \/>\n<meta property=\"og:image\" content=\"https:\/\/talkpal.ai\/wp-content\/uploads\/2023\/04\/south-korea.png\" \/>\n\t<meta property=\"og:image:width\" content=\"512\" \/>\n\t<meta property=\"og:image:height\" content=\"512\" \/>\n\t<meta property=\"og:image:type\" content=\"image\/png\" \/>\n<meta name=\"twitter:card\" content=\"summary_large_image\" \/>\n<meta name=\"twitter:site\" content=\"@talkpalai\" \/>\n<meta name=\"twitter:label1\" content=\"Ber\u00e4knad l\u00e4stid\" \/>\n\t<meta name=\"twitter:data1\" content=\"4 minuter\" \/>\n<script type=\"application\/ld+json\" class=\"yoast-schema-graph\">{\"@context\":\"https:\/\/schema.org\",\"@graph\":[{\"@type\":\"WebPage\",\"@id\":\"https:\/\/talkpal.ai\/sv\/koreanska-grammatikovningar\/\",\"url\":\"https:\/\/talkpal.ai\/sv\/koreanska-grammatikovningar\/\",\"name\":\"Koreanska grammatik\u00f6vningar - Talkpal\",\"isPartOf\":{\"@id\":\"https:\/\/talkpal.ai\/sv\/#website\"},\"primaryImageOfPage\":{\"@id\":\"https:\/\/talkpal.ai\/sv\/koreanska-grammatikovningar\/#primaryimage\"},\"image\":{\"@id\":\"https:\/\/talkpal.ai\/sv\/koreanska-grammatikovningar\/#primaryimage\"},\"thumbnailUrl\":\"https:\/\/talkpal.ai\/wp-content\/uploads\/2023\/04\/south-korea.png\",\"datePublished\":\"2023-06-16T10:27:33+00:00\",\"dateModified\":\"2025-12-17T16:48:57+00:00\",\"description\":\"F\u00f6rb\u00e4ttra din koreanska grammatik enkelt - \u00f6va med interaktiva \u00f6vningar, bem\u00e4stra spr\u00e5km\u00f6nster och bygg upp sj\u00e4lvf\u00f6rtroende\",\"breadcrumb\":{\"@id\":\"https:\/\/talkpal.ai\/sv\/koreanska-grammatikovningar\/#breadcrumb\"},\"inLanguage\":\"sv-SE\",\"potentialAction\":[{\"@type\":\"ReadAction\",\"target\":[\"https:\/\/talkpal.ai\/sv\/koreanska-grammatikovningar\/\"]}]},{\"@type\":\"ImageObject\",\"inLanguage\":\"sv-SE\",\"@id\":\"https:\/\/talkpal.ai\/sv\/koreanska-grammatikovningar\/#primaryimage\",\"url\":\"https:\/\/talkpal.ai\/wp-content\/uploads\/2023\/04\/south-korea.png\",\"contentUrl\":\"https:\/\/talkpal.ai\/wp-content\/uploads\/2023\/04\/south-korea.png\",\"width\":512,\"height\":512},{\"@type\":\"BreadcrumbList\",\"@id\":\"https:\/\/talkpal.ai\/sv\/koreanska-grammatikovningar\/#breadcrumb\",\"itemListElement\":[{\"@type\":\"ListItem\",\"position\":1,\"name\":\"Homepage\",\"item\":\"https:\/\/talkpal.ai\/sv\/\"},{\"@type\":\"ListItem\",\"position\":2,\"name\":\"Koreanska grammatik\u00f6vningar\"}]},{\"@type\":\"WebSite\",\"@id\":\"https:\/\/talkpal.ai\/sv\/#website\",\"url\":\"https:\/\/talkpal.ai\/sv\/\",\"name\":\"Talkpal\",\"description\":\"AI Language Learning\",\"publisher\":{\"@id\":\"https:\/\/talkpal.ai\/sv\/#organization\"},\"alternateName\":\"Talkpal AI\",\"potentialAction\":[{\"@type\":\"SearchAction\",\"target\":{\"@type\":\"EntryPoint\",\"urlTemplate\":\"https:\/\/talkpal.ai\/sv\/?s={search_term_string}\"},\"query-input\":{\"@type\":\"PropertyValueSpecification\",\"valueRequired\":true,\"valueName\":\"search_term_string\"}}],\"inLanguage\":\"sv-SE\"},{\"@type\":\"Organization\",\"@id\":\"https:\/\/talkpal.ai\/sv\/#organization\",\"name\":\"Talkpal, Inc.\",\"alternateName\":\"Talkpal AI\",\"url\":\"https:\/\/talkpal.ai\/sv\/\",\"logo\":{\"@type\":\"ImageObject\",\"inLanguage\":\"sv-SE\",\"@id\":\"https:\/\/talkpal.ai\/sv\/#\/schema\/logo\/image\/\",\"url\":\"https:\/\/talkpal.ai\/wp-content\/uploads\/2024\/03\/Talkpal-Logo-Icon.png\",\"contentUrl\":\"https:\/\/talkpal.ai\/wp-content\/uploads\/2024\/03\/Talkpal-Logo-Icon.png\",\"width\":2880,\"height\":2880,\"caption\":\"Talkpal, Inc.\"},\"image\":{\"@id\":\"https:\/\/talkpal.ai\/sv\/#\/schema\/logo\/image\/\"},\"sameAs\":[\"https:\/\/www.facebook.com\/profile.php?id=100090733639311\",\"https:\/\/x.com\/talkpalai\",\"https:\/\/www.linkedin.com\/company\/talkpal\/\",\"https:\/\/www.youtube.com\/@TalkPal\/\",\"https:\/\/www.tiktok.com\/@talkpal\",\"https:\/\/www.instagram.com\/talkpal_ai\/\",\"https:\/\/www.crunchbase.com\/organization\/talkpal-9cde\",\"https:\/\/www.g2.com\/products\/talkpal-for-business\/\",\"https:\/\/www.trustpilot.com\/review\/talkpal.ai\",\"https:\/\/www.capterra.com\/p\/10006800\/TalkPal\/\"],\"description\":\"Talkpal is a language learning web and mobile education app, powered by the latest AI technologies, that provides engaging experiences to its customers in many different languages to help them improve their language skills. Users can chat about unlimited amount of topics with the app and use other modes to practice their language learning.\",\"email\":\"support@talkpal.ai\",\"legalName\":\"Talkpal, Inc.\",\"foundingDate\":\"2023-04-03\",\"duns\":\"118989042\",\"numberOfEmployees\":{\"@type\":\"QuantitativeValue\",\"minValue\":\"11\",\"maxValue\":\"50\"},\"publishingPrinciples\":\"https:\/\/talkpal.ai\/publishing-principles\/\",\"actionableFeedbackPolicy\":\"https:\/\/talkpal.ai\/actionable-feedback-policy\/\",\"correctionsPolicy\":\"https:\/\/talkpal.ai\/corrections-policy\/\",\"ethicsPolicy\":\"https:\/\/talkpal.ai\/ethics-policy\/\",\"diversityPolicy\":\"https:\/\/talkpal.ai\/diversity-policy\/\",\"diversityStaffingReport\":\"https:\/\/talkpal.ai\/diversity-policy\/\"}]}<\/script>\n<!-- \/ Yoast SEO Premium plugin. -->","yoast_head_json":{"title":"Koreanska grammatik\u00f6vningar - Talkpal","description":"F\u00f6rb\u00e4ttra din koreanska grammatik enkelt - \u00f6va med interaktiva \u00f6vningar, bem\u00e4stra spr\u00e5km\u00f6nster och bygg upp sj\u00e4lvf\u00f6rtroende","robots":{"index":"index","follow":"follow","max-snippet":"max-snippet:-1","max-image-preview":"max-image-preview:large","max-video-preview":"max-video-preview:-1"},"canonical":"https:\/\/talkpal.ai\/sv\/koreanska-grammatikovningar\/","og_locale":"sv_SE","og_type":"article","og_title":"Koreanska grammatik\u00f6vningar","og_description":"Koreanska grammatik\u00e4mnen Att l\u00e4ra sig koreanska kan vara en sp\u00e4nnande och givande upplevelse eftersom det \u00f6ppnar upp nya kulturella och professionella","og_url":"https:\/\/talkpal.ai\/sv\/koreanska-grammatikovningar\/","og_site_name":"Talkpal","article_publisher":"https:\/\/www.facebook.com\/profile.php?id=100090733639311","article_modified_time":"2025-12-17T16:48:57+00:00","og_image":[{"width":512,"height":512,"url":"https:\/\/talkpal.ai\/wp-content\/uploads\/2023\/04\/south-korea.png","type":"image\/png"}],"twitter_card":"summary_large_image","twitter_site":"@talkpalai","twitter_misc":{"Ber\u00e4knad l\u00e4stid":"4 minuter"},"schema":{"@context":"https:\/\/schema.org","@graph":[{"@type":"WebPage","@id":"https:\/\/talkpal.ai\/sv\/koreanska-grammatikovningar\/","url":"https:\/\/talkpal.ai\/sv\/koreanska-grammatikovningar\/","name":"Koreanska grammatik\u00f6vningar - Talkpal","isPartOf":{"@id":"https:\/\/talkpal.ai\/sv\/#website"},"primaryImageOfPage":{"@id":"https:\/\/talkpal.ai\/sv\/koreanska-grammatikovningar\/#primaryimage"},"image":{"@id":"https:\/\/talkpal.ai\/sv\/koreanska-grammatikovningar\/#primaryimage"},"thumbnailUrl":"https:\/\/talkpal.ai\/wp-content\/uploads\/2023\/04\/south-korea.png","datePublished":"2023-06-16T10:27:33+00:00","dateModified":"2025-12-17T16:48:57+00:00","description":"F\u00f6rb\u00e4ttra din koreanska grammatik enkelt - \u00f6va med interaktiva \u00f6vningar, bem\u00e4stra spr\u00e5km\u00f6nster och bygg upp sj\u00e4lvf\u00f6rtroende","breadcrumb":{"@id":"https:\/\/talkpal.ai\/sv\/koreanska-grammatikovningar\/#breadcrumb"},"inLanguage":"sv-SE","potentialAction":[{"@type":"ReadAction","target":["https:\/\/talkpal.ai\/sv\/koreanska-grammatikovningar\/"]}]},{"@type":"ImageObject","inLanguage":"sv-SE","@id":"https:\/\/talkpal.ai\/sv\/koreanska-grammatikovningar\/#primaryimage","url":"https:\/\/talkpal.ai\/wp-content\/uploads\/2023\/04\/south-korea.png","contentUrl":"https:\/\/talkpal.ai\/wp-content\/uploads\/2023\/04\/south-korea.png","width":512,"height":512},{"@type":"BreadcrumbList","@id":"https:\/\/talkpal.ai\/sv\/koreanska-grammatikovningar\/#breadcrumb","itemListElement":[{"@type":"ListItem","position":1,"name":"Homepage","item":"https:\/\/talkpal.ai\/sv\/"},{"@type":"ListItem","position":2,"name":"Koreanska grammatik\u00f6vningar"}]},{"@type":"WebSite","@id":"https:\/\/talkpal.ai\/sv\/#website","url":"https:\/\/talkpal.ai\/sv\/","name":"Talkpal","description":"AI Language Learning","publisher":{"@id":"https:\/\/talkpal.ai\/sv\/#organization"},"alternateName":"Talkpal AI","potentialAction":[{"@type":"SearchAction","target":{"@type":"EntryPoint","urlTemplate":"https:\/\/talkpal.ai\/sv\/?s={search_term_string}"},"query-input":{"@type":"PropertyValueSpecification","valueRequired":true,"valueName":"search_term_string"}}],"inLanguage":"sv-SE"},{"@type":"Organization","@id":"https:\/\/talkpal.ai\/sv\/#organization","name":"Talkpal, Inc.","alternateName":"Talkpal AI","url":"https:\/\/talkpal.ai\/sv\/","logo":{"@type":"ImageObject","inLanguage":"sv-SE","@id":"https:\/\/talkpal.ai\/sv\/#\/schema\/logo\/image\/","url":"https:\/\/talkpal.ai\/wp-content\/uploads\/2024\/03\/Talkpal-Logo-Icon.png","contentUrl":"https:\/\/talkpal.ai\/wp-content\/uploads\/2024\/03\/Talkpal-Logo-Icon.png","width":2880,"height":2880,"caption":"Talkpal, Inc."},"image":{"@id":"https:\/\/talkpal.ai\/sv\/#\/schema\/logo\/image\/"},"sameAs":["https:\/\/www.facebook.com\/profile.php?id=100090733639311","https:\/\/x.com\/talkpalai","https:\/\/www.linkedin.com\/company\/talkpal\/","https:\/\/www.youtube.com\/@TalkPal\/","https:\/\/www.tiktok.com\/@talkpal","https:\/\/www.instagram.com\/talkpal_ai\/","https:\/\/www.crunchbase.com\/organization\/talkpal-9cde","https:\/\/www.g2.com\/products\/talkpal-for-business\/","https:\/\/www.trustpilot.com\/review\/talkpal.ai","https:\/\/www.capterra.com\/p\/10006800\/TalkPal\/"],"description":"Talkpal is a language learning web and mobile education app, powered by the latest AI technologies, that provides engaging experiences to its customers in many different languages to help them improve their language skills. Users can chat about unlimited amount of topics with the app and use other modes to practice their language learning.","email":"support@talkpal.ai","legalName":"Talkpal, Inc.","foundingDate":"2023-04-03","duns":"118989042","numberOfEmployees":{"@type":"QuantitativeValue","minValue":"11","maxValue":"50"},"publishingPrinciples":"https:\/\/talkpal.ai\/publishing-principles\/","actionableFeedbackPolicy":"https:\/\/talkpal.ai\/actionable-feedback-policy\/","correctionsPolicy":"https:\/\/talkpal.ai\/corrections-policy\/","ethicsPolicy":"https:\/\/talkpal.ai\/ethics-policy\/","diversityPolicy":"https:\/\/talkpal.ai\/diversity-policy\/","diversityStaffingReport":"https:\/\/talkpal.ai\/diversity-policy\/"}]}},"_links":{"self":[{"href":"https:\/\/talkpal.ai\/sv\/wp-json\/wp\/v2\/pages\/135328","targetHints":{"allow":["GET"]}}],"collection":[{"href":"https:\/\/talkpal.ai\/sv\/wp-json\/wp\/v2\/pages"}],"about":[{"href":"https:\/\/talkpal.ai\/sv\/wp-json\/wp\/v2\/types\/page"}],"author":[{"embeddable":true,"href":"https:\/\/talkpal.ai\/sv\/wp-json\/wp\/v2\/users\/6"}],"replies":[{"embeddable":true,"href":"https:\/\/talkpal.ai\/sv\/wp-json\/wp\/v2\/comments?post=135328"}],"version-history":[{"count":0,"href":"https:\/\/talkpal.ai\/sv\/wp-json\/wp\/v2\/pages\/135328\/revisions"}],"wp:featuredmedia":[{"embeddable":true,"href":"https:\/\/talkpal.ai\/sv\/wp-json\/wp\/v2\/media\/11611"}],"wp:attachment":[{"href":"https:\/\/talkpal.ai\/sv\/wp-json\/wp\/v2\/media?parent=135328"}],"curies":[{"name":"wp","href":"https:\/\/api.w.org\/{rel}","templated":true}]}}