{"id":134726,"date":"2023-06-16T10:21:59","date_gmt":"2023-06-16T10:21:59","guid":{"rendered":"http:\/\/talkpal.ai\/japanska-grammatikovningar\/"},"modified":"2025-12-17T16:48:34","modified_gmt":"2025-12-17T16:48:34","slug":"japanska-grammatikovningar","status":"publish","type":"page","link":"https:\/\/talkpal.ai\/sv\/japanska-grammatikovningar\/","title":{"rendered":"Japanska grammatik\u00f6vningar"},"content":{"rendered":"\r\n\r\n\r\n<section class=\"languageChallengeSection\">\r\n    <div class=\"languageInfoWrapper\">\r\n        \r\n        <h1>Japanska grammatik\u00f6vningar<\/h1>\r\n        <p>\u00c4r du redo att ta din <a href=\"https:\/\/talkpal.ai\/learn-japanese\/\">japanska<\/a> till n\u00e4sta niv\u00e5? Att \u00f6va p\u00e5 grammatik \u00e4r ett fantastiskt s\u00e4tt att f\u00f6rst\u00e5 meningsbyggnad, anv\u00e4nda partiklar p\u00e5 r\u00e4tt s\u00e4tt och k\u00e4nna sig mer hemma med spr\u00e5ket. Hoppa in, prova nya grammatikpunkter och se hur varje \u00f6vning tar dig n\u00e4rmare flytande spr\u00e5k &#8211; b\u00f6rja \u00f6va japansk grammatik idag!<\/p>\r\n\r\n                            <a class=\"getStartedHidden\" href=\"https:\/\/app.talkpal.ai\/sv\/signup?lng=\">Kom ig\u00e5ng<\/a>\r\n        \r\n    <\/div>\r\n\r\n    <figure>\r\n    <img decoding=\"async\" width=\"768\" height=\"768\" src=\"https:\/\/talkpal.ai\/wp-content\/uploads\/2023\/06\/japanese-768x768.png\" class=\"languageImage no-lazy\" alt=\"Default alt text\" fetchpriority=\"high\" sizes=\"(max-width: 768px) 150px, 768px\" srcset=\"https:\/\/talkpal.ai\/wp-content\/uploads\/2023\/06\/japanese-768x768.png 768w, https:\/\/talkpal.ai\/wp-content\/uploads\/2023\/06\/japanese-300x300.png 300w\" \/>\r\n    \r\n\r\n    <\/figure>\r\n\r\n            <a class=\"getStartedVisible\" href=\"https:\/\/app.talkpal.ai\/sv\/signup?lng=\">Kom ig\u00e5ng<\/a>\r\n    \r\n<\/section>\r\n\r\n\r\n<!-- <section class=\"grammarSection\">\r\n    <div class=\"grammarLinks\">\r\n        <a href=\"https:\/\/talkpal.ai\/sv\/exercise_language\/adjektiv-japansk-grammatik\/\">Adjektiv <\/a><a href=\"https:\/\/talkpal.ai\/sv\/exercise_language\/adverb-japansk-grammatik\/\">Adverb <\/a><a href=\"https:\/\/talkpal.ai\/sv\/exercise_language\/hedersbetygelser-japansk-grammatik\/\">Hedersbetygelser <\/a><a href=\"https:\/\/talkpal.ai\/sv\/exercise_language\/konjunktioner-japansk-grammatik\/\">Konjunktioner <\/a><a href=\"https:\/\/talkpal.ai\/sv\/exercise_language\/meningsbyggnad-japansk-grammatik\/\">Meningsbyggnad <\/a><a href=\"https:\/\/talkpal.ai\/sv\/exercise_language\/partiklar-japansk-grammatik\/\">Partiklar <\/a><a href=\"https:\/\/talkpal.ai\/sv\/exercise_language\/prepositioner-japansk-grammatik\/\">Prepositioner <\/a><a href=\"https:\/\/talkpal.ai\/sv\/exercise_language\/pronomen-japansk-grammatik\/\">Pronomen <\/a><a href=\"https:\/\/talkpal.ai\/sv\/exercise_language\/siffror-japansk-grammatik\/\">Siffror <\/a><a href=\"https:\/\/talkpal.ai\/sv\/exercise_language\/substantiv-japansk-grammatik\/\">Substantiv <\/a><a href=\"https:\/\/talkpal.ai\/sv\/exercise_language\/tempus-japansk-grammatik\/\">Tempus <\/a><a href=\"https:\/\/talkpal.ai\/sv\/exercise_language\/uttryck-japansk-grammatik\/\">Uttryck \u2013 japansk grammatik<\/a><a href=\"https:\/\/talkpal.ai\/sv\/exercise_language\/verb-japansk-grammatik\/\">Verb <\/a><a href=\"https:\/\/talkpal.ai\/sv\/exercise_language\/verbbojning-japansk-grammatik\/\">Verbb\u00f6jning <\/a>    <\/div>\r\n<\/section> -->\r\n\r\n\r\n\r\n\r\n        <section class=\"grammarSection\">\r\n            <div class=\"grammarLinks\">\r\n                <a href=\"https:\/\/talkpal.ai\/sv\/exercise_language\/adjektiv-japansk-grammatik\/\">Adjektiv <\/a><a href=\"https:\/\/talkpal.ai\/sv\/exercise_language\/adverb-japansk-grammatik\/\">Adverb <\/a><a href=\"https:\/\/talkpal.ai\/sv\/exercise_language\/hedersbetygelser-japansk-grammatik\/\">Hedersbetygelser <\/a><a href=\"https:\/\/talkpal.ai\/sv\/exercise_language\/konjunktioner-japansk-grammatik\/\">Konjunktioner <\/a><a href=\"https:\/\/talkpal.ai\/sv\/exercise_language\/meningsbyggnad-japansk-grammatik\/\">Meningsbyggnad <\/a><a href=\"https:\/\/talkpal.ai\/sv\/exercise_language\/partiklar-japansk-grammatik\/\">Partiklar <\/a><a href=\"https:\/\/talkpal.ai\/sv\/exercise_language\/prepositioner-japansk-grammatik\/\">Prepositioner <\/a><a href=\"https:\/\/talkpal.ai\/sv\/exercise_language\/pronomen-japansk-grammatik\/\">Pronomen <\/a><a href=\"https:\/\/talkpal.ai\/sv\/exercise_language\/siffror-japansk-grammatik\/\">Siffror <\/a><a href=\"https:\/\/talkpal.ai\/sv\/exercise_language\/substantiv-japansk-grammatik\/\">Substantiv <\/a><a href=\"https:\/\/talkpal.ai\/sv\/exercise_language\/tempus-japansk-grammatik\/\">Tempus <\/a><a href=\"https:\/\/talkpal.ai\/sv\/exercise_language\/uttryck-japansk-grammatik\/\">Uttryck \u2013 japansk grammatik<\/a><a href=\"https:\/\/talkpal.ai\/sv\/exercise_language\/verb-japansk-grammatik\/\">Verb <\/a><a href=\"https:\/\/talkpal.ai\/sv\/exercise_language\/verbbojning-japansk-grammatik\/\">Verbb\u00f6jning <\/a>            <\/div>\r\n        <\/section>\r\n<section class=\"promotionalBanner\">\r\n    <p class=\"promotionalText\">Det mest effektiva s\u00e4ttet att l\u00e4ra sig ett spr\u00e5k<\/p>\r\n    <a class=\"promotionalLink\" href=\"https:\/\/app.talkpal.ai\/sv\/signup?lng=\">Prova Talkpal gratis<\/a>\r\n<\/section>\n<div class=\"wp-block-group pageContainerStyle\"><div class=\"wp-block-group__inner-container is-layout-constrained wp-block-group-is-layout-constrained\">\n<h2 class=\"wp-block-heading\" id=\"h-japanese-grammar-topics\">Japanska grammatik\u00e4mnen<\/h2>\n\n\n\n<p>Att <a href=\"https:\/\/talkpal.ai\/learn-japanese\/\">l\u00e4ra sig japanska<\/a> kan vara en sp\u00e4nnande och givande upplevelse, eftersom det \u00f6ppnar upp en helt <a href=\"https:\/\/talkpal.ai\/talkpal-new-years-discount\/\">ny<\/a> v\u00e4rld av kultur, kommunikation och personlig utveckling. Det japanska spr\u00e5ket har en unik struktur och ett grammatiskt system, vilket kan verka skr\u00e4mmande till en b\u00f6rjan, men som kan bem\u00e4stras genom konsekvent \u00f6vning och en v\u00e4lorganiserad inl\u00e4rningsplan. F\u00f6r att underl\u00e4tta din resa in i den japanska v\u00e4rlden har vi grupperat de viktigaste grammatik\u00e4mnena i en sekvens som hj\u00e4lper dig att bygga en stark grund och g\u00f6ra smidiga framsteg. Genom att fokusera p\u00e5 dessa grammatiska element kommer du att vara p\u00e5 god v\u00e4g att uppn\u00e5 kunskaper i japanska.<\/p>\n\n\n\n<h3 class=\"wp-block-heading\" id=\"h-1-particles\">1. Partiklar:<\/h3>\n\n\n\n<p>Partiklar \u00e4r viktiga p\u00e5 japanska, eftersom de indikerar f\u00f6rh\u00e5llandet mellan ord i en mening. De fungerar som prepositioner och postpositioner i andra spr\u00e5k. Att l\u00e4ra sig partiklar som \u306f (wa), \u304c (ga), \u3092 (wo), \u306b (ni), \u3067 (de) och \u3068 (to) hj\u00e4lper dig att bilda grundl\u00e4ggande meningar och f\u00f6rst\u00e5 funktionen hos varje ord.<\/p>\n\n\n\n<h3 class=\"wp-block-heading\" id=\"h-2-nouns\">2. Substantiv:<\/h3>\n\n\n\n<p>Genom att bekanta dig med <a href=\"https:\/\/talkpal.ai\/sv\/grammar\/vanliga-substantiv-i-galicisk-grammatik\/\">vanliga substantiv<\/a> kan du b\u00f6rja bygga upp ditt ordf\u00f6rr\u00e5d. Japanska substantiv har inte genus, numerus eller artiklar, vilket f\u00f6renklar inl\u00e4rningsprocessen.<\/p>\n\n\n\n<h3 class=\"wp-block-heading\" id=\"h-3-pronouns\">3. Pronomen:<\/h3>\n\n\n\n<p>Japanska pronomen anv\u00e4nds f\u00f6r att h\u00e4nvisa till m\u00e4nniskor och saker. N\u00e5gra vanliga pronomen \u00e4r \u79c1 (watashi &#8211; jag), \u3042\u306a\u305f (anata &#8211; du), \u5f7c (kare &#8211; han), \u5f7c\u5973 (kanojo &#8211; hon) och \u305d\u308c (sore &#8211; det).<\/p>\n\n\n\n<h3 class=\"wp-block-heading\" id=\"h-4-verb-conjugation\">4. B\u00f6jning av verb:<\/h3>\n\n\n\n<p>Japanska verb har olika b\u00f6jningar baserat p\u00e5 tempus, artighet och andra faktorer. Att l\u00e4ra sig de grundl\u00e4ggande verbformerna, s\u00e5som ordboksformen, -masu-formen och -te-formen, hj\u00e4lper dig att uttrycka olika handlingar och tillst\u00e5nd.<\/p>\n\n\n\n<h3 class=\"wp-block-heading\" id=\"h-5-tenses\">5. Tempus:<\/h3>\n\n\n\n<p>Japanska har d\u00e5tid och icke-d\u00e5tid, d\u00e4r den senare anv\u00e4nds f\u00f6r nutid och framtida handlingar. Att f\u00f6rst\u00e5 hur man b\u00f6jer verb i dessa tempus hj\u00e4lper dig att uttrycka tiden korrekt.<\/p>\n\n\n\n<h3 class=\"wp-block-heading\" id=\"h-6-adjectives\">6. Adjektiv:<\/h3>\n\n\n\n<p>Japanska adjektiv delas in i tv\u00e5 grupper: i-adjektiv och na-adjektiv. Att l\u00e4ra sig deras b\u00f6jningsregler och hur man anv\u00e4nder dem i meningar hj\u00e4lper dig att beskriva f\u00f6rem\u00e5l, personer och situationer.<\/p>\n\n\n\n<h3 class=\"wp-block-heading\" id=\"h-7-adverbs\">7. Adverb:<\/h3>\n\n\n\n<p>Adverb modifierar verb, adjektiv och andra adverb och l\u00e4gger till nyanser i dina meningar. Vanliga japanska adverb \u00e4r \u901f\u304f (hayaku &#8211; snabbt), \u3086\u3063\u304f\u308a (yukkuri &#8211; l\u00e5ngsamt) och \u3068\u3066\u3082 (totemo &#8211; mycket).<\/p>\n\n\n\n<h3 class=\"wp-block-heading\" id=\"h-8-prepositions\">8. Prepositioner:<\/h3>\n\n\n\n<p>\u00c4ven om japanska inte har prepositioner p\u00e5 samma s\u00e4tt som <a href=\"https:\/\/talkpal.ai\/learn-english-with-ai\/\">engelska<\/a>, fungerar vissa partiklar p\u00e5 liknande s\u00e4tt. Att l\u00e4ra sig dessa partiklar och deras anv\u00e4ndningsomr\u00e5den hj\u00e4lper dig att uttrycka rumsliga och tidsm\u00e4ssiga relationer.<\/p>\n\n\n\n<h3 class=\"wp-block-heading\" id=\"h-9-conjunctions\">9. Konjunktioner:<\/h3>\n\n\n\n<p>Konjunktioner anv\u00e4nds f\u00f6r att koppla ihop ord, fraser och satser. Vanliga japanska konjunktioner \u00e4r \u305d\u3057\u3066 (soshite &#8211; och), \u3057\u304b\u3057 (shikashi &#8211; dock) och \u3060\u304b\u3089 (dakara &#8211; d\u00e4rf\u00f6r).<\/p>\n\n\n\n<h3 class=\"wp-block-heading\" id=\"h-10-sentence-structure\">10. Meningsbyggnad:<\/h3>\n\n\n\n<p>Japanska f\u00f6ljer en subjekt-objekt-verb (SOV) meningsstruktur. Att f\u00f6rst\u00e5 denna struktur och andra meningsm\u00f6nster hj\u00e4lper dig att skapa korrekta och komplexa meningar.<\/p>\n\n\n\n<h3 class=\"wp-block-heading\" id=\"h-11-honorifics\">11. Hedersbetygelser:<\/h3>\n\n\n\n<p>Japanska har ett komplext system av hedersbetygelser som uttrycker artighet och respekt. Att l\u00e4ra sig grunderna i hederstal, som att anv\u00e4nda \u3067\u3059 (desu) och \u307e\u3059 (masu), hj\u00e4lper dig att navigera i sociala situationer.<\/p>\n\n\n\n<h3 class=\"wp-block-heading\" id=\"h-12-expressions\">12. Uttryck:<\/h3>\n\n\n\n<p>Att bekanta dig med vanliga japanska uttryck och idiom hj\u00e4lper dig att l\u00e5ta mer naturlig och flytande i konversationen.<\/p>\n\n\n\n<h3 class=\"wp-block-heading\" id=\"h-13-numbers\">13. Siffror:<\/h3>\n\n\n\n<p>Japanskan har ett unikt talsystem, med olika r\u00e4knare f\u00f6r olika objekt. Att l\u00e4ra sig att r\u00e4kna och anv\u00e4nda siffror i ett sammanhang \u00e4r viktigt f\u00f6r den dagliga kommunikationen.<\/p>\n\n\n\n<h3 class=\"wp-block-heading\" id=\"h-14-verbs\">14. Verb:<\/h3>\n\n\n\n<p>Slutligen, genom att ut\u00f6ka ditt ordf\u00f6rr\u00e5d f\u00f6r verb kan du uttrycka ett brett spektrum av handlingar och tillst\u00e5nd, vilket g\u00f6r att du kan kommunicera mer effektivt p\u00e5 japanska.<\/p>\n<\/div><\/div>\n\r\n<section class=\"learnNavigationSection\">\r\n            \r\n        <a href=\"https:\/\/talkpal.ai\/sv\/lar-dig-japanska\/\">\r\n            <div class=\"learnNavigationWrapper\">\r\n                <div class=\"learnNavigationContent\">\r\n                    <img decoding=\"async\" src=\"https:\/\/talkpal.ai\/wp-content\/uploads\/2024\/08\/Japanese.jpg\" alt=\"Japanese Flag\">\r\n                    <div>\r\n                        <h4>Om japansk inl\u00e4rning<\/h4>\r\n                        <p>Ta reda p\u00e5 allt om japansk grammatik.<\/p>\r\n                    <\/div>\r\n                <\/div>\r\n            <\/div>\r\n        <\/a>\r\n\r\n        \r\n        <a href=\"https:\/\/talkpal.ai\/sv\/japansk-grammatik\/\">\r\n            <div class=\"learnNavigationWrapper\">\r\n                <div class=\"learnNavigationContent\">\r\n                    <img decoding=\"async\" src=\"https:\/\/talkpal.ai\/wp-content\/uploads\/2024\/08\/Japanese.jpg\" alt=\"Japanese Flag\">\r\n                    <div>\r\n                        <h4>Lektioner i japansk grammatik<\/h4>\r\n                        <p>\u00d6va p\u00e5 japansk grammatik.<\/p>\r\n                    <\/div>\r\n                <\/div>\r\n            <\/div>\r\n        <\/a>\r\n\r\n        \r\n        <a href=\"https:\/\/talkpal.ai\/vocabulary_language\/japanese\/\">\r\n            <div class=\"learnNavigationWrapper\">\r\n                <div class=\"learnNavigationContent\">\r\n                    <img decoding=\"async\" src=\"https:\/\/talkpal.ai\/wp-content\/uploads\/2024\/08\/Japanese.jpg\" alt=\"Japanese Flag\">\r\n                    <div>\r\n                        <h4>Japansk vokabul\u00e4r<\/h4>\r\n                        <p>Ut\u00f6ka ditt japanska ordf\u00f6rr\u00e5d.<\/p>\r\n                    <\/div>\r\n                <\/div>\r\n            <\/div>\r\n        <\/a>\r\n\r\n            <\/section>","protected":false},"excerpt":{"rendered":"<p>Japanska grammatik\u00e4mnen Att l\u00e4ra sig japanska kan vara en sp\u00e4nnande och givande upplevelse, eftersom det \u00f6ppnar upp en helt ny v\u00e4rld av kultur, kommunikation och personlig utveckling. Det japanska spr\u00e5ket har en unik struktur och ett grammatiskt system, vilket kan verka skr\u00e4mmande till en b\u00f6rjan, men som kan bem\u00e4stras genom konsekvent \u00f6vning och en v\u00e4lorganiserad [&hellip;]<\/p>\n","protected":false},"author":6,"featured_media":11583,"parent":0,"menu_order":0,"comment_status":"closed","ping_status":"closed","template":"LearningContentPage.php","meta":{"_acf_changed":false,"footnotes":""},"class_list":["post-134726","page","type-page","status-publish","has-post-thumbnail","hentry"],"acf":[],"yoast_head":"<!-- This site is optimized with the Yoast SEO Premium plugin v27.2 (Yoast SEO v27.2) - https:\/\/yoast.com\/product\/yoast-seo-premium-wordpress\/ -->\n<title>Japanska grammatik\u00f6vningar - Talkpal<\/title>\n<meta name=\"description\" content=\"F\u00f6rb\u00e4ttra dina kunskaper i japansk grammatik - beh\u00e4rska meningsstrukturer, \u00f6va p\u00e5 interaktiva aktiviteter och f\u00f6rb\u00e4ttra ditt flyt\" \/>\n<meta name=\"robots\" content=\"index, follow, max-snippet:-1, max-image-preview:large, max-video-preview:-1\" \/>\n<link rel=\"canonical\" href=\"https:\/\/talkpal.ai\/sv\/japanska-grammatikovningar\/\" \/>\n<meta property=\"og:locale\" content=\"sv_SE\" \/>\n<meta property=\"og:type\" content=\"article\" \/>\n<meta property=\"og:title\" content=\"Japanska grammatik\u00f6vningar\" \/>\n<meta property=\"og:description\" content=\"Japanska grammatik\u00e4mnen Att l\u00e4ra sig japanska kan vara en sp\u00e4nnande och givande upplevelse, eftersom det \u00f6ppnar upp en helt ny v\u00e4rld av kultur,\" \/>\n<meta property=\"og:url\" content=\"https:\/\/talkpal.ai\/sv\/japanska-grammatikovningar\/\" \/>\n<meta property=\"og:site_name\" content=\"Talkpal\" \/>\n<meta property=\"article:publisher\" content=\"https:\/\/www.facebook.com\/profile.php?id=100090733639311\" \/>\n<meta property=\"article:modified_time\" content=\"2025-12-17T16:48:34+00:00\" \/>\n<meta property=\"og:image\" content=\"https:\/\/talkpal.ai\/wp-content\/uploads\/2023\/04\/japan.png\" \/>\n\t<meta property=\"og:image:width\" content=\"512\" \/>\n\t<meta property=\"og:image:height\" content=\"512\" \/>\n\t<meta property=\"og:image:type\" content=\"image\/png\" \/>\n<meta name=\"twitter:card\" content=\"summary_large_image\" \/>\n<meta name=\"twitter:site\" content=\"@talkpalai\" \/>\n<meta name=\"twitter:label1\" content=\"Ber\u00e4knad l\u00e4stid\" \/>\n\t<meta name=\"twitter:data1\" content=\"3 minuter\" \/>\n<script type=\"application\/ld+json\" class=\"yoast-schema-graph\">{\"@context\":\"https:\/\/schema.org\",\"@graph\":[{\"@type\":\"WebPage\",\"@id\":\"https:\/\/talkpal.ai\/sv\/japanska-grammatikovningar\/\",\"url\":\"https:\/\/talkpal.ai\/sv\/japanska-grammatikovningar\/\",\"name\":\"Japanska grammatik\u00f6vningar - Talkpal\",\"isPartOf\":{\"@id\":\"https:\/\/talkpal.ai\/sv\/#website\"},\"primaryImageOfPage\":{\"@id\":\"https:\/\/talkpal.ai\/sv\/japanska-grammatikovningar\/#primaryimage\"},\"image\":{\"@id\":\"https:\/\/talkpal.ai\/sv\/japanska-grammatikovningar\/#primaryimage\"},\"thumbnailUrl\":\"https:\/\/talkpal.ai\/wp-content\/uploads\/2023\/04\/japan.png\",\"datePublished\":\"2023-06-16T10:21:59+00:00\",\"dateModified\":\"2025-12-17T16:48:34+00:00\",\"description\":\"F\u00f6rb\u00e4ttra dina kunskaper i japansk grammatik - beh\u00e4rska meningsstrukturer, \u00f6va p\u00e5 interaktiva aktiviteter och f\u00f6rb\u00e4ttra ditt flyt\",\"breadcrumb\":{\"@id\":\"https:\/\/talkpal.ai\/sv\/japanska-grammatikovningar\/#breadcrumb\"},\"inLanguage\":\"sv-SE\",\"potentialAction\":[{\"@type\":\"ReadAction\",\"target\":[\"https:\/\/talkpal.ai\/sv\/japanska-grammatikovningar\/\"]}]},{\"@type\":\"ImageObject\",\"inLanguage\":\"sv-SE\",\"@id\":\"https:\/\/talkpal.ai\/sv\/japanska-grammatikovningar\/#primaryimage\",\"url\":\"https:\/\/talkpal.ai\/wp-content\/uploads\/2023\/04\/japan.png\",\"contentUrl\":\"https:\/\/talkpal.ai\/wp-content\/uploads\/2023\/04\/japan.png\",\"width\":512,\"height\":512},{\"@type\":\"BreadcrumbList\",\"@id\":\"https:\/\/talkpal.ai\/sv\/japanska-grammatikovningar\/#breadcrumb\",\"itemListElement\":[{\"@type\":\"ListItem\",\"position\":1,\"name\":\"Homepage\",\"item\":\"https:\/\/talkpal.ai\/sv\/\"},{\"@type\":\"ListItem\",\"position\":2,\"name\":\"Japanska grammatik\u00f6vningar\"}]},{\"@type\":\"WebSite\",\"@id\":\"https:\/\/talkpal.ai\/sv\/#website\",\"url\":\"https:\/\/talkpal.ai\/sv\/\",\"name\":\"Talkpal\",\"description\":\"AI Language Learning\",\"publisher\":{\"@id\":\"https:\/\/talkpal.ai\/sv\/#organization\"},\"alternateName\":\"Talkpal AI\",\"potentialAction\":[{\"@type\":\"SearchAction\",\"target\":{\"@type\":\"EntryPoint\",\"urlTemplate\":\"https:\/\/talkpal.ai\/sv\/?s={search_term_string}\"},\"query-input\":{\"@type\":\"PropertyValueSpecification\",\"valueRequired\":true,\"valueName\":\"search_term_string\"}}],\"inLanguage\":\"sv-SE\"},{\"@type\":\"Organization\",\"@id\":\"https:\/\/talkpal.ai\/sv\/#organization\",\"name\":\"Talkpal, Inc.\",\"alternateName\":\"Talkpal AI\",\"url\":\"https:\/\/talkpal.ai\/sv\/\",\"logo\":{\"@type\":\"ImageObject\",\"inLanguage\":\"sv-SE\",\"@id\":\"https:\/\/talkpal.ai\/sv\/#\/schema\/logo\/image\/\",\"url\":\"https:\/\/talkpal.ai\/wp-content\/uploads\/2024\/03\/Talkpal-Logo-Icon.png\",\"contentUrl\":\"https:\/\/talkpal.ai\/wp-content\/uploads\/2024\/03\/Talkpal-Logo-Icon.png\",\"width\":2880,\"height\":2880,\"caption\":\"Talkpal, Inc.\"},\"image\":{\"@id\":\"https:\/\/talkpal.ai\/sv\/#\/schema\/logo\/image\/\"},\"sameAs\":[\"https:\/\/www.facebook.com\/profile.php?id=100090733639311\",\"https:\/\/x.com\/talkpalai\",\"https:\/\/www.linkedin.com\/company\/talkpal\/\",\"https:\/\/www.youtube.com\/@TalkPal\/\",\"https:\/\/www.tiktok.com\/@talkpal\",\"https:\/\/www.instagram.com\/talkpal_ai\/\",\"https:\/\/www.crunchbase.com\/organization\/talkpal-9cde\",\"https:\/\/www.g2.com\/products\/talkpal-for-business\/\",\"https:\/\/www.trustpilot.com\/review\/talkpal.ai\",\"https:\/\/www.capterra.com\/p\/10006800\/TalkPal\/\"],\"description\":\"Talkpal is a language learning web and mobile education app, powered by the latest AI technologies, that provides engaging experiences to its customers in many different languages to help them improve their language skills. Users can chat about unlimited amount of topics with the app and use other modes to practice their language learning.\",\"email\":\"support@talkpal.ai\",\"legalName\":\"Talkpal, Inc.\",\"foundingDate\":\"2023-04-03\",\"duns\":\"118989042\",\"numberOfEmployees\":{\"@type\":\"QuantitativeValue\",\"minValue\":\"11\",\"maxValue\":\"50\"},\"publishingPrinciples\":\"https:\/\/talkpal.ai\/publishing-principles\/\",\"actionableFeedbackPolicy\":\"https:\/\/talkpal.ai\/actionable-feedback-policy\/\",\"correctionsPolicy\":\"https:\/\/talkpal.ai\/corrections-policy\/\",\"ethicsPolicy\":\"https:\/\/talkpal.ai\/ethics-policy\/\",\"diversityPolicy\":\"https:\/\/talkpal.ai\/diversity-policy\/\",\"diversityStaffingReport\":\"https:\/\/talkpal.ai\/diversity-policy\/\"}]}<\/script>\n<!-- \/ Yoast SEO Premium plugin. -->","yoast_head_json":{"title":"Japanska grammatik\u00f6vningar - Talkpal","description":"F\u00f6rb\u00e4ttra dina kunskaper i japansk grammatik - beh\u00e4rska meningsstrukturer, \u00f6va p\u00e5 interaktiva aktiviteter och f\u00f6rb\u00e4ttra ditt flyt","robots":{"index":"index","follow":"follow","max-snippet":"max-snippet:-1","max-image-preview":"max-image-preview:large","max-video-preview":"max-video-preview:-1"},"canonical":"https:\/\/talkpal.ai\/sv\/japanska-grammatikovningar\/","og_locale":"sv_SE","og_type":"article","og_title":"Japanska grammatik\u00f6vningar","og_description":"Japanska grammatik\u00e4mnen Att l\u00e4ra sig japanska kan vara en sp\u00e4nnande och givande upplevelse, eftersom det \u00f6ppnar upp en helt ny v\u00e4rld av kultur,","og_url":"https:\/\/talkpal.ai\/sv\/japanska-grammatikovningar\/","og_site_name":"Talkpal","article_publisher":"https:\/\/www.facebook.com\/profile.php?id=100090733639311","article_modified_time":"2025-12-17T16:48:34+00:00","og_image":[{"width":512,"height":512,"url":"https:\/\/talkpal.ai\/wp-content\/uploads\/2023\/04\/japan.png","type":"image\/png"}],"twitter_card":"summary_large_image","twitter_site":"@talkpalai","twitter_misc":{"Ber\u00e4knad l\u00e4stid":"3 minuter"},"schema":{"@context":"https:\/\/schema.org","@graph":[{"@type":"WebPage","@id":"https:\/\/talkpal.ai\/sv\/japanska-grammatikovningar\/","url":"https:\/\/talkpal.ai\/sv\/japanska-grammatikovningar\/","name":"Japanska grammatik\u00f6vningar - Talkpal","isPartOf":{"@id":"https:\/\/talkpal.ai\/sv\/#website"},"primaryImageOfPage":{"@id":"https:\/\/talkpal.ai\/sv\/japanska-grammatikovningar\/#primaryimage"},"image":{"@id":"https:\/\/talkpal.ai\/sv\/japanska-grammatikovningar\/#primaryimage"},"thumbnailUrl":"https:\/\/talkpal.ai\/wp-content\/uploads\/2023\/04\/japan.png","datePublished":"2023-06-16T10:21:59+00:00","dateModified":"2025-12-17T16:48:34+00:00","description":"F\u00f6rb\u00e4ttra dina kunskaper i japansk grammatik - beh\u00e4rska meningsstrukturer, \u00f6va p\u00e5 interaktiva aktiviteter och f\u00f6rb\u00e4ttra ditt flyt","breadcrumb":{"@id":"https:\/\/talkpal.ai\/sv\/japanska-grammatikovningar\/#breadcrumb"},"inLanguage":"sv-SE","potentialAction":[{"@type":"ReadAction","target":["https:\/\/talkpal.ai\/sv\/japanska-grammatikovningar\/"]}]},{"@type":"ImageObject","inLanguage":"sv-SE","@id":"https:\/\/talkpal.ai\/sv\/japanska-grammatikovningar\/#primaryimage","url":"https:\/\/talkpal.ai\/wp-content\/uploads\/2023\/04\/japan.png","contentUrl":"https:\/\/talkpal.ai\/wp-content\/uploads\/2023\/04\/japan.png","width":512,"height":512},{"@type":"BreadcrumbList","@id":"https:\/\/talkpal.ai\/sv\/japanska-grammatikovningar\/#breadcrumb","itemListElement":[{"@type":"ListItem","position":1,"name":"Homepage","item":"https:\/\/talkpal.ai\/sv\/"},{"@type":"ListItem","position":2,"name":"Japanska grammatik\u00f6vningar"}]},{"@type":"WebSite","@id":"https:\/\/talkpal.ai\/sv\/#website","url":"https:\/\/talkpal.ai\/sv\/","name":"Talkpal","description":"AI Language Learning","publisher":{"@id":"https:\/\/talkpal.ai\/sv\/#organization"},"alternateName":"Talkpal AI","potentialAction":[{"@type":"SearchAction","target":{"@type":"EntryPoint","urlTemplate":"https:\/\/talkpal.ai\/sv\/?s={search_term_string}"},"query-input":{"@type":"PropertyValueSpecification","valueRequired":true,"valueName":"search_term_string"}}],"inLanguage":"sv-SE"},{"@type":"Organization","@id":"https:\/\/talkpal.ai\/sv\/#organization","name":"Talkpal, Inc.","alternateName":"Talkpal AI","url":"https:\/\/talkpal.ai\/sv\/","logo":{"@type":"ImageObject","inLanguage":"sv-SE","@id":"https:\/\/talkpal.ai\/sv\/#\/schema\/logo\/image\/","url":"https:\/\/talkpal.ai\/wp-content\/uploads\/2024\/03\/Talkpal-Logo-Icon.png","contentUrl":"https:\/\/talkpal.ai\/wp-content\/uploads\/2024\/03\/Talkpal-Logo-Icon.png","width":2880,"height":2880,"caption":"Talkpal, Inc."},"image":{"@id":"https:\/\/talkpal.ai\/sv\/#\/schema\/logo\/image\/"},"sameAs":["https:\/\/www.facebook.com\/profile.php?id=100090733639311","https:\/\/x.com\/talkpalai","https:\/\/www.linkedin.com\/company\/talkpal\/","https:\/\/www.youtube.com\/@TalkPal\/","https:\/\/www.tiktok.com\/@talkpal","https:\/\/www.instagram.com\/talkpal_ai\/","https:\/\/www.crunchbase.com\/organization\/talkpal-9cde","https:\/\/www.g2.com\/products\/talkpal-for-business\/","https:\/\/www.trustpilot.com\/review\/talkpal.ai","https:\/\/www.capterra.com\/p\/10006800\/TalkPal\/"],"description":"Talkpal is a language learning web and mobile education app, powered by the latest AI technologies, that provides engaging experiences to its customers in many different languages to help them improve their language skills. Users can chat about unlimited amount of topics with the app and use other modes to practice their language learning.","email":"support@talkpal.ai","legalName":"Talkpal, Inc.","foundingDate":"2023-04-03","duns":"118989042","numberOfEmployees":{"@type":"QuantitativeValue","minValue":"11","maxValue":"50"},"publishingPrinciples":"https:\/\/talkpal.ai\/publishing-principles\/","actionableFeedbackPolicy":"https:\/\/talkpal.ai\/actionable-feedback-policy\/","correctionsPolicy":"https:\/\/talkpal.ai\/corrections-policy\/","ethicsPolicy":"https:\/\/talkpal.ai\/ethics-policy\/","diversityPolicy":"https:\/\/talkpal.ai\/diversity-policy\/","diversityStaffingReport":"https:\/\/talkpal.ai\/diversity-policy\/"}]}},"_links":{"self":[{"href":"https:\/\/talkpal.ai\/sv\/wp-json\/wp\/v2\/pages\/134726","targetHints":{"allow":["GET"]}}],"collection":[{"href":"https:\/\/talkpal.ai\/sv\/wp-json\/wp\/v2\/pages"}],"about":[{"href":"https:\/\/talkpal.ai\/sv\/wp-json\/wp\/v2\/types\/page"}],"author":[{"embeddable":true,"href":"https:\/\/talkpal.ai\/sv\/wp-json\/wp\/v2\/users\/6"}],"replies":[{"embeddable":true,"href":"https:\/\/talkpal.ai\/sv\/wp-json\/wp\/v2\/comments?post=134726"}],"version-history":[{"count":0,"href":"https:\/\/talkpal.ai\/sv\/wp-json\/wp\/v2\/pages\/134726\/revisions"}],"wp:featuredmedia":[{"embeddable":true,"href":"https:\/\/talkpal.ai\/sv\/wp-json\/wp\/v2\/media\/11583"}],"wp:attachment":[{"href":"https:\/\/talkpal.ai\/sv\/wp-json\/wp\/v2\/media?parent=134726"}],"curies":[{"name":"wp","href":"https:\/\/api.w.org\/{rel}","templated":true}]}}