{"id":134368,"date":"2023-06-16T10:15:21","date_gmt":"2023-06-16T10:15:21","guid":{"rendered":"http:\/\/talkpal.ai\/grammatikovningar-pa-hindi\/"},"modified":"2025-12-17T16:15:34","modified_gmt":"2025-12-17T16:15:34","slug":"grammatikovningar-pa-hindi","status":"publish","type":"page","link":"https:\/\/talkpal.ai\/sv\/grammatikovningar-pa-hindi\/","title":{"rendered":"Grammatik\u00f6vningar p\u00e5 hindi"},"content":{"rendered":"\r\n\r\n\r\n<section class=\"languageChallengeSection\">\r\n    <div class=\"languageInfoWrapper\">\r\n        \r\n        <h1>Grammatik\u00f6vningar p\u00e5 hindi<\/h1>\r\n        <p>Vill du bli mer s\u00e4ker p\u00e5 <a href=\"https:\/\/talkpal.ai\/learn-hindi\/\">hindi<\/a>? Att \u00f6va p\u00e5 grammatik \u00e4r ett bra s\u00e4tt att l\u00e4ra sig beh\u00e4rska meningsbyggnad, verbformer och hindispr\u00e5kets unika m\u00f6nster. B\u00f6rja arbeta med hindi-grammatik idag och se hur din f\u00f6rst\u00e5else och ditt flyt \u00f6kar med varje \u00f6vning!\n\n<\/p>\r\n\r\n                            <a class=\"getStartedHidden\" href=\"https:\/\/app.talkpal.ai\/sv\/signup?lng=\">Kom ig\u00e5ng<\/a>\r\n        \r\n    <\/div>\r\n\r\n    <figure>\r\n    <img decoding=\"async\" width=\"768\" height=\"768\" src=\"https:\/\/talkpal.ai\/wp-content\/uploads\/2023\/06\/hindi-768x768.png\" class=\"languageImage no-lazy\" alt=\"Default alt text\" fetchpriority=\"high\" sizes=\"(max-width: 768px) 150px, 768px\" srcset=\"https:\/\/talkpal.ai\/wp-content\/uploads\/2023\/06\/hindi-768x768.png 768w, https:\/\/talkpal.ai\/wp-content\/uploads\/2023\/06\/hindi-300x300.png 300w\" \/>\r\n    \r\n\r\n    <\/figure>\r\n\r\n            <a class=\"getStartedVisible\" href=\"https:\/\/app.talkpal.ai\/sv\/signup?lng=\">Kom ig\u00e5ng<\/a>\r\n    \r\n<\/section>\r\n\r\n\r\n<!-- <section class=\"grammarSection\">\r\n    <div class=\"grammarLinks\">\r\n        <a href=\"https:\/\/talkpal.ai\/sv\/exercise_language\/adjektiv-hindi-grammatik\/\">Adjektiv <\/a><a href=\"https:\/\/talkpal.ai\/sv\/exercise_language\/adverb-hindi-grammatik\/\">Adverb <\/a><a href=\"https:\/\/talkpal.ai\/sv\/exercise_language\/artiklar-hindi-grammatik\/\">Artiklar <\/a><a href=\"https:\/\/talkpal.ai\/sv\/exercise_language\/jamforelse-av-tempus-hindi-grammatik\/\">J\u00e4mf\u00f6relse av tempus <\/a><a href=\"https:\/\/talkpal.ai\/sv\/exercise_language\/meningsbyggnad-hindi-grammatik\/\">Meningsbyggnad <\/a><a href=\"https:\/\/talkpal.ai\/sv\/exercise_language\/prepositioner-hindi-grammatik\/\">Prepositioner <\/a><a href=\"https:\/\/talkpal.ai\/sv\/exercise_language\/pronomen-hindi-grammatik-sv\/\">Pronomen <\/a><a href=\"https:\/\/talkpal.ai\/sv\/exercise_language\/substantiv-hindi-grammatik\/\">Substantiv <\/a><a href=\"https:\/\/talkpal.ai\/sv\/exercise_language\/tempus-indikativ-hindi-grammatik\/\">Tempus indikativ <\/a><a href=\"https:\/\/talkpal.ai\/sv\/exercise_language\/tempus-konjunktiv-hindi-grammatik\/\">Tempus konjunktiv <\/a><a href=\"https:\/\/talkpal.ai\/sv\/exercise_language\/verb-hindi-grammatik\/\">Verb <\/a>    <\/div>\r\n<\/section> -->\r\n\r\n\r\n\r\n\r\n        <section class=\"grammarSection\">\r\n            <div class=\"grammarLinks\">\r\n                <a href=\"https:\/\/talkpal.ai\/sv\/exercise_language\/adjektiv-hindi-grammatik\/\">Adjektiv <\/a><a href=\"https:\/\/talkpal.ai\/sv\/exercise_language\/adverb-hindi-grammatik\/\">Adverb <\/a><a href=\"https:\/\/talkpal.ai\/sv\/exercise_language\/artiklar-hindi-grammatik\/\">Artiklar <\/a><a href=\"https:\/\/talkpal.ai\/sv\/exercise_language\/jamforelse-av-tempus-hindi-grammatik\/\">J\u00e4mf\u00f6relse av tempus <\/a><a href=\"https:\/\/talkpal.ai\/sv\/exercise_language\/meningsbyggnad-hindi-grammatik\/\">Meningsbyggnad <\/a><a href=\"https:\/\/talkpal.ai\/sv\/exercise_language\/prepositioner-hindi-grammatik\/\">Prepositioner <\/a><a href=\"https:\/\/talkpal.ai\/sv\/exercise_language\/pronomen-hindi-grammatik-sv\/\">Pronomen <\/a><a href=\"https:\/\/talkpal.ai\/sv\/exercise_language\/substantiv-hindi-grammatik\/\">Substantiv <\/a><a href=\"https:\/\/talkpal.ai\/sv\/exercise_language\/tempus-indikativ-hindi-grammatik\/\">Tempus indikativ <\/a><a href=\"https:\/\/talkpal.ai\/sv\/exercise_language\/tempus-konjunktiv-hindi-grammatik\/\">Tempus konjunktiv <\/a><a href=\"https:\/\/talkpal.ai\/sv\/exercise_language\/verb-hindi-grammatik\/\">Verb <\/a>            <\/div>\r\n        <\/section>\r\n<section class=\"promotionalBanner\">\r\n    <p class=\"promotionalText\">Det mest effektiva s\u00e4ttet att l\u00e4ra sig ett spr\u00e5k<\/p>\r\n    <a class=\"promotionalLink\" href=\"https:\/\/app.talkpal.ai\/sv\/signup?lng=\">Prova Talkpal gratis<\/a>\r\n<\/section>\n<div class=\"wp-block-group pageContainerStyle\"><div class=\"wp-block-group__inner-container is-layout-constrained wp-block-group-is-layout-constrained\">\n<h2 class=\"wp-block-heading\" id=\"h-hindi-grammar-topics\">Hindi grammatik \u00e4mnen<\/h2>\n\n\n\n<p>Att l\u00e4ra sig ett nytt spr\u00e5k kan vara en sp\u00e4nnande men utmanande upplevelse, s\u00e4rskilt n\u00e4r det g\u00e4ller att f\u00f6rst\u00e5 och beh\u00e4rska grammatiken. <a href=\"https:\/\/talkpal.ai\/learn-hindi\/\">Hindi<\/a>, som \u00e4r ett av <a href=\"https:\/\/talkpal.ai\/the-10-most-spoken-languages-in-the-world\/\">de mest talade spr\u00e5ken<\/a> i v\u00e4rlden, erbjuder en unik och rik spr\u00e5klig upplevelse. N\u00e4r du ger dig ut p\u00e5 din resa f\u00f6r att l\u00e4ra dig hindi \u00e4r det viktigt att f\u00f6rst\u00e5 de grundl\u00e4ggande grammatiska \u00e4mnena som kommer att l\u00e4gga en stark grund f\u00f6r dina spr\u00e5kkunskaper. <a href=\"https:\/\/talkpal.ai\/culture\/how-do-i-use-den-har-and-det-har\/\">Den h\u00e4r<\/a> guiden kommer att introducera dig till de viktigaste grammatik\u00e4mnena p\u00e5 hindi, grupperade i en sekvens som underl\u00e4ttar din inl\u00e4rningsprocess.<\/p>\n\n\n\n<h3 class=\"wp-block-heading\" id=\"h-1-nouns\">1. Substantiv:<\/h3>\n\n\n\n<p>B\u00f6rja din hindi-inl\u00e4rningsresa med substantiv, eftersom de \u00e4r byggstenarna i <a href=\"https:\/\/talkpal.ai\/fr\/langues\/\">alla spr\u00e5k<\/a>. P\u00e5 hindi kategoriseras substantiv i tv\u00e5 genus (maskulinum och femininum) och kan vara singular eller plural. Att f\u00f6rst\u00e5 grunderna i hindi-substantiv hj\u00e4lper till att bilda <a href=\"https:\/\/talkpal.ai\/sv\/grammar\/enkla-meningar-i-tagalog-grammatik\/\">enkla meningar<\/a> och fraser.<\/p>\n\n\n\n<h3 class=\"wp-block-heading\" id=\"h-2-pronouns\">2. Pronomen:<\/h3>\n\n\n\n<p>Pronomen ers\u00e4tter substantiv i en mening och hj\u00e4lper till att undvika upprepning. Hindi-pronomen \u00e4r indelade i tre kategorier \u2013 personliga, demonstrativa och fr\u00e5gande. Bekanta dig med de olika formerna av pronomen f\u00f6r att f\u00f6rb\u00e4ttra din kommunikationsf\u00f6rm\u00e5ga.<\/p>\n\n\n\n<h3 class=\"wp-block-heading\" id=\"h-3-adjectives\">3. Adjektiv:<\/h3>\n\n\n\n<p>Adjektiv beskriver egenskaperna hos substantiv och pronomen. P\u00e5 hindi \u00f6verensst\u00e4mmer adjektiv med substantivet de beskriver i genus och numerus. Att l\u00e4ra sig adjektiv g\u00f6r att du kan uttrycka dina tankar och \u00e5sikter mer levande.<\/p>\n\n\n\n<h3 class=\"wp-block-heading\" id=\"h-4-verbs\">4. Verb:<\/h3>\n\n\n\n<p>Verb betecknar handlingar eller tillst\u00e5nd. Hindi-verb har tre huvudtempus \u2013 d\u00e5tid, nutid och framtid \u2013 och kan vara indikativa eller konjunktiva. Att f\u00e5 en gedigen f\u00f6rst\u00e5else f\u00f6r hindi-verb och deras b\u00f6jningar g\u00f6r att du kan uttrycka handlingar och h\u00e4ndelser korrekt.<\/p>\n\n\n\n<h3 class=\"wp-block-heading\" id=\"h-5-tenses-indicative\">5. Tempus v\u00e4gledande:<\/h3>\n\n\n\n<p>Indikativa tempus p\u00e5 hindi uttrycker fakta eller s\u00e4kerhet och anv\u00e4nds i vardagliga konversationer. L\u00e4r dig reglerna och b\u00f6jningarna f\u00f6r d\u00e5tid, nutid och framtida indikativa tempus f\u00f6r att kommunicera tydligt och effektivt.<\/p>\n\n\n\n<h3 class=\"wp-block-heading\" id=\"h-6-tenses-subjunctive\">6. Tempus konjunktiv:<\/h3>\n\n\n\n<p><a href=\"https:\/\/talkpal.ai\/ja\/grammar_exercises\/konjunktiv-%e3%83%89%e3%82%a4%e3%83%84%e6%96%87%e6%b3%95%e3%81%ae%e6%bc%94%e7%bf%92\/\">Konjunktiv<\/a> p\u00e5 hindi representerar handlingar eller h\u00e4ndelser som \u00e4r os\u00e4kra, hypotetiska eller strider mot fakta. Att beh\u00e4rska konjunktivst\u00e4mningen g\u00f6r det m\u00f6jligt f\u00f6r dig att uttrycka tvivel, m\u00f6jligheter och \u00f6nskem\u00e5l.<\/p>\n\n\n\n<h3 class=\"wp-block-heading\" id=\"h-7-tense-comparison\">7. Sp\u00e4nd j\u00e4mf\u00f6relse:<\/h3>\n\n\n\n<p>Att j\u00e4mf\u00f6ra olika tempus p\u00e5 hindi hj\u00e4lper dig att f\u00f6rst\u00e5 sambanden mellan handlingar och h\u00e4ndelser i tiden. \u00d6va p\u00e5 att bilda meningar med hj\u00e4lp av olika tempus f\u00f6r att utveckla en omfattande f\u00f6rst\u00e5else f\u00f6r tidsm\u00e4ssiga relationer.<\/p>\n\n\n\n<h3 class=\"wp-block-heading\" id=\"h-8-adverbs\">8. Adverb:<\/h3>\n\n\n\n<p>Adverb modifierar verb, adjektiv eller andra adverb och ger ytterligare information om handlingar eller egenskaper. L\u00e4r dig vanliga hindi-adverb och deras placering i meningar f\u00f6r att f\u00f6rb\u00e4ttra dina beskrivande f\u00f6rm\u00e5gor.<\/p>\n\n\n\n<h3 class=\"wp-block-heading\" id=\"h-9-prepositions\">9. Prepositioner:<\/h3>\n\n\n\n<p>Prepositioner p\u00e5 hindi kopplar substantiv, pronomen eller fraser till andra ord i en mening. De anger relationer som plats, tid och riktning. Bekanta dig med hindi-prepositioner och deras anv\u00e4ndning f\u00f6r att skapa mer komplexa meningar.<\/p>\n\n\n\n<h3 class=\"wp-block-heading\" id=\"h-10-articles\">10. Artiklar:<\/h3>\n\n\n\n<p>Hindi har inte artiklar som <a href=\"https:\/\/talkpal.ai\/learn-english-with-ai\/\">engelska<\/a> (the, a, an), men det anv\u00e4nder postpositioner f\u00f6r att f\u00f6rmedla liknande betydelser. Att f\u00f6rst\u00e5 anv\u00e4ndningen av postpositioner p\u00e5 hindi hj\u00e4lper dig att korrekt f\u00f6rmedla best\u00e4mdhet och obest\u00e4mdhet i dina meningar.<\/p>\n\n\n\n<h3 class=\"wp-block-heading\" id=\"h-11-sentence-structure\">11. Meningsbyggnad:<\/h3>\n\n\n\n<p>Slutligen l\u00e4r du dig den grundl\u00e4ggande meningsstrukturen p\u00e5 hindi, som f\u00f6ljer ett SOV-m\u00f6nster (Subjekt-Objekt-Verb). Att f\u00f6rst\u00e5 hindi meningsstruktur g\u00f6r att du kan kommunicera effektivt och tydligt.<\/p>\n\n\n\n<p>Genom att f\u00f6lja denna sekvens av hindi grammatik\u00e4mnen kommer du att vara v\u00e4l rustad f\u00f6r att f\u00f6rst\u00e5, tala och skriva p\u00e5 hindi, vilket g\u00f6r att du helt kan f\u00f6rdjupa dig i den rika kulturen och traditionerna i hinditalande regioner.<\/p>\n<\/div><\/div>\n\r\n<section class=\"learnNavigationSection\">\r\n            \r\n        <a href=\"https:\/\/talkpal.ai\/sv\/lar-dig-hindi\/\">\r\n            <div class=\"learnNavigationWrapper\">\r\n                <div class=\"learnNavigationContent\">\r\n                    <img decoding=\"async\" src=\"https:\/\/talkpal.ai\/wp-content\/uploads\/2024\/08\/Hindi.jpg\" alt=\"Indian Flag\">\r\n                    <div>\r\n                        <h4>Om Hindi Learning<\/h4>\r\n                        <p>Ta reda p\u00e5 allt om hindi grammatik.<\/p>\r\n                    <\/div>\r\n                <\/div>\r\n            <\/div>\r\n        <\/a>\r\n\r\n        \r\n        <a href=\"https:\/\/talkpal.ai\/sv\/hindi-grammatik\/\">\r\n            <div class=\"learnNavigationWrapper\">\r\n                <div class=\"learnNavigationContent\">\r\n                    <img decoding=\"async\" src=\"https:\/\/talkpal.ai\/wp-content\/uploads\/2024\/08\/Hindi.jpg\" alt=\"Indian Flag\">\r\n                    <div>\r\n                        <h4>Grammatiklektioner i hindi<\/h4>\r\n                        <p>\u00d6va hindi grammatik.<\/p>\r\n                    <\/div>\r\n                <\/div>\r\n            <\/div>\r\n        <\/a>\r\n\r\n        \r\n        <a href=\"https:\/\/talkpal.ai\/vocabulary_language\/hindi\/\">\r\n            <div class=\"learnNavigationWrapper\">\r\n                <div class=\"learnNavigationContent\">\r\n                    <img decoding=\"async\" src=\"https:\/\/talkpal.ai\/wp-content\/uploads\/2024\/08\/Hindi.jpg\" alt=\"Indian Flag\">\r\n                    <div>\r\n                        <h4>Ordf\u00f6rr\u00e5d p\u00e5 hindi<\/h4>\r\n                        <p>Ut\u00f6ka ditt ordf\u00f6rr\u00e5d p\u00e5 hindi.<\/p>\r\n                    <\/div>\r\n                <\/div>\r\n            <\/div>\r\n        <\/a>\r\n\r\n            <\/section>","protected":false},"excerpt":{"rendered":"<p>Hindi grammatik \u00e4mnen Att l\u00e4ra sig ett nytt spr\u00e5k kan vara en sp\u00e4nnande men utmanande upplevelse, s\u00e4rskilt n\u00e4r det g\u00e4ller att f\u00f6rst\u00e5 och beh\u00e4rska grammatiken. Hindi, som \u00e4r ett av de mest talade spr\u00e5ken i v\u00e4rlden, erbjuder en unik och rik spr\u00e5klig upplevelse. N\u00e4r du ger dig ut p\u00e5 din resa f\u00f6r att l\u00e4ra dig [&hellip;]<\/p>\n","protected":false},"author":6,"featured_media":188233,"parent":0,"menu_order":0,"comment_status":"closed","ping_status":"closed","template":"LearningContentPage.php","meta":{"_acf_changed":false,"footnotes":""},"class_list":["post-134368","page","type-page","status-publish","has-post-thumbnail","hentry"],"acf":[],"yoast_head":"<!-- This site is optimized with the Yoast SEO Premium plugin v27.2 (Yoast SEO v27.2) - https:\/\/yoast.com\/product\/yoast-seo-premium-wordpress\/ -->\n<title>Grammatik\u00f6vningar p\u00e5 hindi - Talkpal<\/title>\n<meta name=\"description\" content=\"\u00d6va enkelt p\u00e5 hindi-grammatik - prova interaktiva \u00f6vningar f\u00f6r att f\u00f6rb\u00e4ttra dina f\u00e4rdigheter och l\u00e4ra dig snabbare med Talkpal AI.\" \/>\n<meta name=\"robots\" content=\"index, follow, max-snippet:-1, max-image-preview:large, max-video-preview:-1\" \/>\n<link rel=\"canonical\" href=\"https:\/\/talkpal.ai\/sv\/grammatikovningar-pa-hindi\/\" \/>\n<meta property=\"og:locale\" content=\"sv_SE\" \/>\n<meta property=\"og:type\" content=\"article\" \/>\n<meta property=\"og:title\" content=\"Grammatik\u00f6vningar p\u00e5 hindi\" \/>\n<meta property=\"og:description\" content=\"Hindi grammatik \u00e4mnen Att l\u00e4ra sig ett nytt spr\u00e5k kan vara en sp\u00e4nnande men utmanande upplevelse, s\u00e4rskilt n\u00e4r det g\u00e4ller att f\u00f6rst\u00e5 och beh\u00e4rska\" \/>\n<meta property=\"og:url\" content=\"https:\/\/talkpal.ai\/sv\/grammatikovningar-pa-hindi\/\" \/>\n<meta property=\"og:site_name\" content=\"Talkpal\" \/>\n<meta property=\"article:publisher\" content=\"https:\/\/www.facebook.com\/profile.php?id=100090733639311\" \/>\n<meta property=\"article:modified_time\" content=\"2025-12-17T16:15:34+00:00\" \/>\n<meta property=\"og:image\" content=\"https:\/\/talkpal.ai\/wp-content\/uploads\/2024\/02\/india.png\" \/>\n\t<meta property=\"og:image:width\" content=\"517\" \/>\n\t<meta property=\"og:image:height\" content=\"517\" \/>\n\t<meta property=\"og:image:type\" content=\"image\/png\" \/>\n<meta name=\"twitter:card\" content=\"summary_large_image\" \/>\n<meta name=\"twitter:site\" content=\"@talkpalai\" \/>\n<meta name=\"twitter:label1\" content=\"Ber\u00e4knad l\u00e4stid\" \/>\n\t<meta name=\"twitter:data1\" content=\"3 minuter\" \/>\n<script type=\"application\/ld+json\" class=\"yoast-schema-graph\">{\"@context\":\"https:\/\/schema.org\",\"@graph\":[{\"@type\":\"WebPage\",\"@id\":\"https:\/\/talkpal.ai\/sv\/grammatikovningar-pa-hindi\/\",\"url\":\"https:\/\/talkpal.ai\/sv\/grammatikovningar-pa-hindi\/\",\"name\":\"Grammatik\u00f6vningar p\u00e5 hindi - Talkpal\",\"isPartOf\":{\"@id\":\"https:\/\/talkpal.ai\/sv\/#website\"},\"primaryImageOfPage\":{\"@id\":\"https:\/\/talkpal.ai\/sv\/grammatikovningar-pa-hindi\/#primaryimage\"},\"image\":{\"@id\":\"https:\/\/talkpal.ai\/sv\/grammatikovningar-pa-hindi\/#primaryimage\"},\"thumbnailUrl\":\"https:\/\/talkpal.ai\/wp-content\/uploads\/2024\/02\/india.png\",\"datePublished\":\"2023-06-16T10:15:21+00:00\",\"dateModified\":\"2025-12-17T16:15:34+00:00\",\"description\":\"\u00d6va enkelt p\u00e5 hindi-grammatik - prova interaktiva \u00f6vningar f\u00f6r att f\u00f6rb\u00e4ttra dina f\u00e4rdigheter och l\u00e4ra dig snabbare med Talkpal AI.\",\"breadcrumb\":{\"@id\":\"https:\/\/talkpal.ai\/sv\/grammatikovningar-pa-hindi\/#breadcrumb\"},\"inLanguage\":\"sv-SE\",\"potentialAction\":[{\"@type\":\"ReadAction\",\"target\":[\"https:\/\/talkpal.ai\/sv\/grammatikovningar-pa-hindi\/\"]}]},{\"@type\":\"ImageObject\",\"inLanguage\":\"sv-SE\",\"@id\":\"https:\/\/talkpal.ai\/sv\/grammatikovningar-pa-hindi\/#primaryimage\",\"url\":\"https:\/\/talkpal.ai\/wp-content\/uploads\/2024\/02\/india.png\",\"contentUrl\":\"https:\/\/talkpal.ai\/wp-content\/uploads\/2024\/02\/india.png\",\"width\":517,\"height\":517,\"caption\":\"TalkPal Indian Flag\"},{\"@type\":\"BreadcrumbList\",\"@id\":\"https:\/\/talkpal.ai\/sv\/grammatikovningar-pa-hindi\/#breadcrumb\",\"itemListElement\":[{\"@type\":\"ListItem\",\"position\":1,\"name\":\"Homepage\",\"item\":\"https:\/\/talkpal.ai\/sv\/\"},{\"@type\":\"ListItem\",\"position\":2,\"name\":\"Grammatik\u00f6vningar p\u00e5 hindi\"}]},{\"@type\":\"WebSite\",\"@id\":\"https:\/\/talkpal.ai\/sv\/#website\",\"url\":\"https:\/\/talkpal.ai\/sv\/\",\"name\":\"Talkpal\",\"description\":\"AI Language Learning\",\"publisher\":{\"@id\":\"https:\/\/talkpal.ai\/sv\/#organization\"},\"alternateName\":\"Talkpal AI\",\"potentialAction\":[{\"@type\":\"SearchAction\",\"target\":{\"@type\":\"EntryPoint\",\"urlTemplate\":\"https:\/\/talkpal.ai\/sv\/?s={search_term_string}\"},\"query-input\":{\"@type\":\"PropertyValueSpecification\",\"valueRequired\":true,\"valueName\":\"search_term_string\"}}],\"inLanguage\":\"sv-SE\"},{\"@type\":\"Organization\",\"@id\":\"https:\/\/talkpal.ai\/sv\/#organization\",\"name\":\"Talkpal, Inc.\",\"alternateName\":\"Talkpal AI\",\"url\":\"https:\/\/talkpal.ai\/sv\/\",\"logo\":{\"@type\":\"ImageObject\",\"inLanguage\":\"sv-SE\",\"@id\":\"https:\/\/talkpal.ai\/sv\/#\/schema\/logo\/image\/\",\"url\":\"https:\/\/talkpal.ai\/wp-content\/uploads\/2024\/03\/Talkpal-Logo-Icon.png\",\"contentUrl\":\"https:\/\/talkpal.ai\/wp-content\/uploads\/2024\/03\/Talkpal-Logo-Icon.png\",\"width\":2880,\"height\":2880,\"caption\":\"Talkpal, Inc.\"},\"image\":{\"@id\":\"https:\/\/talkpal.ai\/sv\/#\/schema\/logo\/image\/\"},\"sameAs\":[\"https:\/\/www.facebook.com\/profile.php?id=100090733639311\",\"https:\/\/x.com\/talkpalai\",\"https:\/\/www.linkedin.com\/company\/talkpal\/\",\"https:\/\/www.youtube.com\/@TalkPal\/\",\"https:\/\/www.tiktok.com\/@talkpal\",\"https:\/\/www.instagram.com\/talkpal_ai\/\",\"https:\/\/www.crunchbase.com\/organization\/talkpal-9cde\",\"https:\/\/www.g2.com\/products\/talkpal-for-business\/\",\"https:\/\/www.trustpilot.com\/review\/talkpal.ai\",\"https:\/\/www.capterra.com\/p\/10006800\/TalkPal\/\"],\"description\":\"Talkpal is a language learning web and mobile education app, powered by the latest AI technologies, that provides engaging experiences to its customers in many different languages to help them improve their language skills. Users can chat about unlimited amount of topics with the app and use other modes to practice their language learning.\",\"email\":\"support@talkpal.ai\",\"legalName\":\"Talkpal, Inc.\",\"foundingDate\":\"2023-04-03\",\"duns\":\"118989042\",\"numberOfEmployees\":{\"@type\":\"QuantitativeValue\",\"minValue\":\"11\",\"maxValue\":\"50\"},\"publishingPrinciples\":\"https:\/\/talkpal.ai\/publishing-principles\/\",\"actionableFeedbackPolicy\":\"https:\/\/talkpal.ai\/actionable-feedback-policy\/\",\"correctionsPolicy\":\"https:\/\/talkpal.ai\/corrections-policy\/\",\"ethicsPolicy\":\"https:\/\/talkpal.ai\/ethics-policy\/\",\"diversityPolicy\":\"https:\/\/talkpal.ai\/diversity-policy\/\",\"diversityStaffingReport\":\"https:\/\/talkpal.ai\/diversity-policy\/\"}]}<\/script>\n<!-- \/ Yoast SEO Premium plugin. -->","yoast_head_json":{"title":"Grammatik\u00f6vningar p\u00e5 hindi - Talkpal","description":"\u00d6va enkelt p\u00e5 hindi-grammatik - prova interaktiva \u00f6vningar f\u00f6r att f\u00f6rb\u00e4ttra dina f\u00e4rdigheter och l\u00e4ra dig snabbare med Talkpal AI.","robots":{"index":"index","follow":"follow","max-snippet":"max-snippet:-1","max-image-preview":"max-image-preview:large","max-video-preview":"max-video-preview:-1"},"canonical":"https:\/\/talkpal.ai\/sv\/grammatikovningar-pa-hindi\/","og_locale":"sv_SE","og_type":"article","og_title":"Grammatik\u00f6vningar p\u00e5 hindi","og_description":"Hindi grammatik \u00e4mnen Att l\u00e4ra sig ett nytt spr\u00e5k kan vara en sp\u00e4nnande men utmanande upplevelse, s\u00e4rskilt n\u00e4r det g\u00e4ller att f\u00f6rst\u00e5 och beh\u00e4rska","og_url":"https:\/\/talkpal.ai\/sv\/grammatikovningar-pa-hindi\/","og_site_name":"Talkpal","article_publisher":"https:\/\/www.facebook.com\/profile.php?id=100090733639311","article_modified_time":"2025-12-17T16:15:34+00:00","og_image":[{"width":517,"height":517,"url":"https:\/\/talkpal.ai\/wp-content\/uploads\/2024\/02\/india.png","type":"image\/png"}],"twitter_card":"summary_large_image","twitter_site":"@talkpalai","twitter_misc":{"Ber\u00e4knad l\u00e4stid":"3 minuter"},"schema":{"@context":"https:\/\/schema.org","@graph":[{"@type":"WebPage","@id":"https:\/\/talkpal.ai\/sv\/grammatikovningar-pa-hindi\/","url":"https:\/\/talkpal.ai\/sv\/grammatikovningar-pa-hindi\/","name":"Grammatik\u00f6vningar p\u00e5 hindi - Talkpal","isPartOf":{"@id":"https:\/\/talkpal.ai\/sv\/#website"},"primaryImageOfPage":{"@id":"https:\/\/talkpal.ai\/sv\/grammatikovningar-pa-hindi\/#primaryimage"},"image":{"@id":"https:\/\/talkpal.ai\/sv\/grammatikovningar-pa-hindi\/#primaryimage"},"thumbnailUrl":"https:\/\/talkpal.ai\/wp-content\/uploads\/2024\/02\/india.png","datePublished":"2023-06-16T10:15:21+00:00","dateModified":"2025-12-17T16:15:34+00:00","description":"\u00d6va enkelt p\u00e5 hindi-grammatik - prova interaktiva \u00f6vningar f\u00f6r att f\u00f6rb\u00e4ttra dina f\u00e4rdigheter och l\u00e4ra dig snabbare med Talkpal AI.","breadcrumb":{"@id":"https:\/\/talkpal.ai\/sv\/grammatikovningar-pa-hindi\/#breadcrumb"},"inLanguage":"sv-SE","potentialAction":[{"@type":"ReadAction","target":["https:\/\/talkpal.ai\/sv\/grammatikovningar-pa-hindi\/"]}]},{"@type":"ImageObject","inLanguage":"sv-SE","@id":"https:\/\/talkpal.ai\/sv\/grammatikovningar-pa-hindi\/#primaryimage","url":"https:\/\/talkpal.ai\/wp-content\/uploads\/2024\/02\/india.png","contentUrl":"https:\/\/talkpal.ai\/wp-content\/uploads\/2024\/02\/india.png","width":517,"height":517,"caption":"TalkPal Indian Flag"},{"@type":"BreadcrumbList","@id":"https:\/\/talkpal.ai\/sv\/grammatikovningar-pa-hindi\/#breadcrumb","itemListElement":[{"@type":"ListItem","position":1,"name":"Homepage","item":"https:\/\/talkpal.ai\/sv\/"},{"@type":"ListItem","position":2,"name":"Grammatik\u00f6vningar p\u00e5 hindi"}]},{"@type":"WebSite","@id":"https:\/\/talkpal.ai\/sv\/#website","url":"https:\/\/talkpal.ai\/sv\/","name":"Talkpal","description":"AI Language Learning","publisher":{"@id":"https:\/\/talkpal.ai\/sv\/#organization"},"alternateName":"Talkpal AI","potentialAction":[{"@type":"SearchAction","target":{"@type":"EntryPoint","urlTemplate":"https:\/\/talkpal.ai\/sv\/?s={search_term_string}"},"query-input":{"@type":"PropertyValueSpecification","valueRequired":true,"valueName":"search_term_string"}}],"inLanguage":"sv-SE"},{"@type":"Organization","@id":"https:\/\/talkpal.ai\/sv\/#organization","name":"Talkpal, Inc.","alternateName":"Talkpal AI","url":"https:\/\/talkpal.ai\/sv\/","logo":{"@type":"ImageObject","inLanguage":"sv-SE","@id":"https:\/\/talkpal.ai\/sv\/#\/schema\/logo\/image\/","url":"https:\/\/talkpal.ai\/wp-content\/uploads\/2024\/03\/Talkpal-Logo-Icon.png","contentUrl":"https:\/\/talkpal.ai\/wp-content\/uploads\/2024\/03\/Talkpal-Logo-Icon.png","width":2880,"height":2880,"caption":"Talkpal, Inc."},"image":{"@id":"https:\/\/talkpal.ai\/sv\/#\/schema\/logo\/image\/"},"sameAs":["https:\/\/www.facebook.com\/profile.php?id=100090733639311","https:\/\/x.com\/talkpalai","https:\/\/www.linkedin.com\/company\/talkpal\/","https:\/\/www.youtube.com\/@TalkPal\/","https:\/\/www.tiktok.com\/@talkpal","https:\/\/www.instagram.com\/talkpal_ai\/","https:\/\/www.crunchbase.com\/organization\/talkpal-9cde","https:\/\/www.g2.com\/products\/talkpal-for-business\/","https:\/\/www.trustpilot.com\/review\/talkpal.ai","https:\/\/www.capterra.com\/p\/10006800\/TalkPal\/"],"description":"Talkpal is a language learning web and mobile education app, powered by the latest AI technologies, that provides engaging experiences to its customers in many different languages to help them improve their language skills. Users can chat about unlimited amount of topics with the app and use other modes to practice their language learning.","email":"support@talkpal.ai","legalName":"Talkpal, Inc.","foundingDate":"2023-04-03","duns":"118989042","numberOfEmployees":{"@type":"QuantitativeValue","minValue":"11","maxValue":"50"},"publishingPrinciples":"https:\/\/talkpal.ai\/publishing-principles\/","actionableFeedbackPolicy":"https:\/\/talkpal.ai\/actionable-feedback-policy\/","correctionsPolicy":"https:\/\/talkpal.ai\/corrections-policy\/","ethicsPolicy":"https:\/\/talkpal.ai\/ethics-policy\/","diversityPolicy":"https:\/\/talkpal.ai\/diversity-policy\/","diversityStaffingReport":"https:\/\/talkpal.ai\/diversity-policy\/"}]}},"_links":{"self":[{"href":"https:\/\/talkpal.ai\/sv\/wp-json\/wp\/v2\/pages\/134368","targetHints":{"allow":["GET"]}}],"collection":[{"href":"https:\/\/talkpal.ai\/sv\/wp-json\/wp\/v2\/pages"}],"about":[{"href":"https:\/\/talkpal.ai\/sv\/wp-json\/wp\/v2\/types\/page"}],"author":[{"embeddable":true,"href":"https:\/\/talkpal.ai\/sv\/wp-json\/wp\/v2\/users\/6"}],"replies":[{"embeddable":true,"href":"https:\/\/talkpal.ai\/sv\/wp-json\/wp\/v2\/comments?post=134368"}],"version-history":[{"count":0,"href":"https:\/\/talkpal.ai\/sv\/wp-json\/wp\/v2\/pages\/134368\/revisions"}],"wp:featuredmedia":[{"embeddable":true,"href":"https:\/\/talkpal.ai\/sv\/wp-json\/wp\/v2\/media\/188233"}],"wp:attachment":[{"href":"https:\/\/talkpal.ai\/sv\/wp-json\/wp\/v2\/media?parent=134368"}],"curies":[{"name":"wp","href":"https:\/\/api.w.org\/{rel}","templated":true}]}}