{"id":134079,"date":"2023-06-16T10:07:13","date_gmt":"2023-06-16T10:07:13","guid":{"rendered":"http:\/\/talkpal.ai\/finska-grammatikovningar\/"},"modified":"2025-12-17T15:31:41","modified_gmt":"2025-12-17T15:31:41","slug":"finska-grammatikovningar","status":"publish","type":"page","link":"https:\/\/talkpal.ai\/sv\/finska-grammatikovningar\/","title":{"rendered":"Finska grammatik\u00f6vningar"},"content":{"rendered":"\r\n\r\n\r\n<section class=\"languageChallengeSection\">\r\n    <div class=\"languageInfoWrapper\">\r\n        \r\n        <h1>Finska grammatik\u00f6vningar<\/h1>\r\n        <p>\u00c4r du redo att ta itu med den unika strukturen i <a href=\"https:\/\/talkpal.ai\/learn-finnish\/\">finska<\/a>? Att \u00f6va grammatik \u00e4r ett bra s\u00e4tt att bli bekv\u00e4m med ord\u00e4ndelser, kasus och satsm\u00f6nster som g\u00f6r finskan speciell. Dyk ner i den <a href=\"https:\/\/talkpal.ai\/learn-finnish\/\">finska<\/a> grammatiken idag och se dina kunskaper och ditt sj\u00e4lvf\u00f6rtroende v\u00e4xa f\u00f6r varje \u00f6vning!<\/p>\r\n\r\n                            <a class=\"getStartedHidden\" href=\"https:\/\/app.talkpal.ai\/sv\/signup?lng=\">Kom ig\u00e5ng<\/a>\r\n        \r\n    <\/div>\r\n\r\n    <figure>\r\n    <img decoding=\"async\" width=\"768\" height=\"768\" src=\"https:\/\/talkpal.ai\/wp-content\/uploads\/2023\/06\/Finnish-768x768.png\" class=\"languageImage no-lazy\" alt=\"Default alt text\" fetchpriority=\"high\" sizes=\"(max-width: 768px) 150px, 768px\" srcset=\"https:\/\/talkpal.ai\/wp-content\/uploads\/2023\/06\/Finnish-768x768.png 768w, https:\/\/talkpal.ai\/wp-content\/uploads\/2023\/06\/Finnish-300x300.png 300w\" \/>\r\n    \r\n\r\n    <\/figure>\r\n\r\n            <a class=\"getStartedVisible\" href=\"https:\/\/app.talkpal.ai\/sv\/signup?lng=\">Kom ig\u00e5ng<\/a>\r\n    \r\n<\/section>\r\n\r\n\r\n<!-- <section class=\"grammarSection\">\r\n    <div class=\"grammarLinks\">\r\n        <a href=\"https:\/\/talkpal.ai\/sv\/exercise_language\/adjektiv-finsk-grammatik\/\">Adjektiv <\/a><a href=\"https:\/\/talkpal.ai\/sv\/exercise_language\/adverb-finsk-grammatik\/\">Adverb <\/a><a href=\"https:\/\/talkpal.ai\/sv\/exercise_language\/artiklar-finsk-grammatik\/\">Artiklar <\/a><a href=\"https:\/\/talkpal.ai\/sv\/exercise_language\/jamforelse-av-tempus-finsk-grammatik\/\">J\u00e4mf\u00f6relse av tempus <\/a><a href=\"https:\/\/talkpal.ai\/sv\/exercise_language\/meningsbyggnad-finsk-grammatik\/\">Meningsbyggnad <\/a><a href=\"https:\/\/talkpal.ai\/sv\/exercise_language\/postpositions-finsk-grammatik\/\">Postpositions <\/a><a href=\"https:\/\/talkpal.ai\/sv\/exercise_language\/substantiv-finsk-grammatik\/\">Substantiv <\/a><a href=\"https:\/\/talkpal.ai\/sv\/exercise_language\/tempus-imperativ-finsk-grammatik\/\">Tempus imperativ <\/a><a href=\"https:\/\/talkpal.ai\/sv\/exercise_language\/tempus-indikativ-finsk-grammatik\/\">Tempus indikativ <\/a><a href=\"https:\/\/talkpal.ai\/sv\/exercise_language\/tempuspotential-finsk-grammatik\/\">Tempuspotential <\/a><a href=\"https:\/\/talkpal.ai\/sv\/exercise_language\/verb-finsk-grammatik\/\">Verb <\/a>    <\/div>\r\n<\/section> -->\r\n\r\n\r\n\r\n\r\n        <section class=\"grammarSection\">\r\n            <div class=\"grammarLinks\">\r\n                <a href=\"https:\/\/talkpal.ai\/sv\/exercise_language\/adjektiv-finsk-grammatik\/\">Adjektiv <\/a><a href=\"https:\/\/talkpal.ai\/sv\/exercise_language\/adverb-finsk-grammatik\/\">Adverb <\/a><a href=\"https:\/\/talkpal.ai\/sv\/exercise_language\/artiklar-finsk-grammatik\/\">Artiklar <\/a><a href=\"https:\/\/talkpal.ai\/sv\/exercise_language\/jamforelse-av-tempus-finsk-grammatik\/\">J\u00e4mf\u00f6relse av tempus <\/a><a href=\"https:\/\/talkpal.ai\/sv\/exercise_language\/meningsbyggnad-finsk-grammatik\/\">Meningsbyggnad <\/a><a href=\"https:\/\/talkpal.ai\/sv\/exercise_language\/postpositions-finsk-grammatik\/\">Postpositions <\/a><a href=\"https:\/\/talkpal.ai\/sv\/exercise_language\/substantiv-finsk-grammatik\/\">Substantiv <\/a><a href=\"https:\/\/talkpal.ai\/sv\/exercise_language\/tempus-imperativ-finsk-grammatik\/\">Tempus imperativ <\/a><a href=\"https:\/\/talkpal.ai\/sv\/exercise_language\/tempus-indikativ-finsk-grammatik\/\">Tempus indikativ <\/a><a href=\"https:\/\/talkpal.ai\/sv\/exercise_language\/tempuspotential-finsk-grammatik\/\">Tempuspotential <\/a><a href=\"https:\/\/talkpal.ai\/sv\/exercise_language\/verb-finsk-grammatik\/\">Verb <\/a>            <\/div>\r\n        <\/section>\r\n<section class=\"promotionalBanner\">\r\n    <p class=\"promotionalText\">Det mest effektiva s\u00e4ttet att l\u00e4ra sig ett spr\u00e5k<\/p>\r\n    <a class=\"promotionalLink\" href=\"https:\/\/app.talkpal.ai\/sv\/signup?lng=\">Prova Talkpal gratis<\/a>\r\n<\/section>\n<div class=\"wp-block-group pageContainerStyle\"><div class=\"wp-block-group__inner-container is-layout-constrained wp-block-group-is-layout-constrained\">\n<h2 class=\"wp-block-heading\" id=\"h-finnish-grammar-topics\">Finska grammatik\u00e4mnen<\/h2>\n\n\n\n<p>Att l\u00e4ra sig finska kan vara en givande upplevelse f\u00f6r <a href=\"https:\/\/talkpal.ai\/talkpal-discount-for-language-enthusiasts\/\">spr\u00e5kentusiaster<\/a>, eftersom det \u00e4r ett unikt och fascinerande spr\u00e5k med en rik kulturhistoria. <a href=\"https:\/\/talkpal.ai\/sv\/grammar\/particip-i-finsk-grammatik\/\">Finsk grammatik<\/a> kan verka utmanande till en b\u00f6rjan, men med ett systematiskt tillv\u00e4gag\u00e5ngss\u00e4tt och fokus p\u00e5 de v\u00e4sentliga \u00e4mnena kan du g\u00f6ra stadiga framsteg och s\u00e5 sm\u00e5ningom bli flytande i detta vackra spr\u00e5k. I <a href=\"https:\/\/talkpal.ai\/culture\/how-do-i-use-den-har-and-det-har\/\">den h\u00e4r<\/a> guiden kommer vi att diskutera de finska grammatik\u00e4mnena i en sekvens som hj\u00e4lper dig att l\u00e4ra dig spr\u00e5ket effektivt, som t\u00e4cker tempus, verb, substantiv, artiklar, adjektiv, adverb, postpositioner och meningsbyggnad.<\/p>\n\n\n\n<h3 class=\"wp-block-heading\" id=\"h-1-nouns\">1. Substantiv:<\/h3>\n\n\n\n<p>B\u00f6rja med att l\u00e4ra dig finska substantiv, eftersom de utg\u00f6r grunden f\u00f6r meningsbyggnad. Finska substantiv har 15 kasus, som \u00e4r viktiga f\u00f6r att f\u00f6rst\u00e5 spr\u00e5kets struktur. Bekanta dig med de olika substantivkasusen och deras roller i en mening.<\/p>\n\n\n\n<h3 class=\"wp-block-heading\" id=\"h-2-articles\">2. Artiklar:<\/h3>\n\n\n\n<p>Finska har inte artiklar som &#8221;the&#8221; eller &#8221;a&#8221; p\u00e5 <a href=\"https:\/\/talkpal.ai\/learn-english-with-ai\/\">engelska<\/a>, vilket g\u00f6r det l\u00e4ttare f\u00f6r inl\u00e4rare. I st\u00e4llet best\u00e4ms betydelsen av ett substantiv av sammanhanget och kasus\u00e4ndelserna.<\/p>\n\n\n\n<h3 class=\"wp-block-heading\" id=\"h-3-adjectives\">3. Adjektiv:<\/h3>\n\n\n\n<p>Adjektiv beskriver substantiv och \u00f6verensst\u00e4mmer med dem i kasus och numerus. L\u00e4r dig hur du bildar och anv\u00e4nder adjektiv f\u00f6r att g\u00f6ra dina meningar mer beskrivande och uttrycksfulla.<\/p>\n\n\n\n<h3 class=\"wp-block-heading\" id=\"h-4-verbs\">4. Verb:<\/h3>\n\n\n\n<p>Finska verb \u00e4r avg\u00f6rande f\u00f6r att uttrycka handlingar och tillst\u00e5nd. Bekanta dig med de grundl\u00e4ggande verbb\u00f6jningsm\u00f6nstren och de vanligaste oregelbundna verben.<\/p>\n\n\n\n<h3 class=\"wp-block-heading\" id=\"h-5-tenses-indicative\">5. Tempus v\u00e4gledande:<\/h3>\n\n\n\n<p>F\u00f6rst\u00e5 den indikativa st\u00e4mningen, som anv\u00e4nds f\u00f6r att uttrycka uttalanden, fakta och \u00e5sikter. Finskan har fyra huvudtempus i indikativ modus: nutid, d\u00e5tid (imperfekt), perfekt och pluperfekt. L\u00e4r dig hur du bildar och anv\u00e4nder dessa tempus p\u00e5 r\u00e4tt s\u00e4tt.<\/p>\n\n\n\n<h3 class=\"wp-block-heading\" id=\"h-6-tenses-potential\">6. Tempus potential:<\/h3>\n\n\n\n<p>Den potentiella st\u00e4mningen anv\u00e4nds f\u00f6r att uttrycka m\u00f6jlighet, sannolikhet eller tvivel. Det har tv\u00e5 tempus: presens potential och preteritum potential. L\u00e4r dig hur du bildar och anv\u00e4nder dessa tempus f\u00f6r att nyansera dina meningar.<\/p>\n\n\n\n<h3 class=\"wp-block-heading\" id=\"h-7-tenses-imperative\">7. Tempus imperativ:<\/h3>\n\n\n\n<p>Den imperativa st\u00e4mningen anv\u00e4nds f\u00f6r att ge kommandon och g\u00f6ra f\u00f6rfr\u00e5gningar. L\u00e4r dig att formulera <a href=\"https:\/\/talkpal.ai\/ja\/grammar_exercises\/imperatif-%e3%83%95%e3%83%a9%e3%83%b3%e3%82%b9%e3%81%ae%e6%96%87%e6%b3%95%e3%81%ae%e3%81%9f%e3%82%81%e3%81%ae%e6%bc%94%e7%bf%92\/\">imperativ<\/a> p\u00e5 finska och anv\u00e4nda det p\u00e5 ett \u00e4ndam\u00e5lsenligt s\u00e4tt i olika situationer.<\/p>\n\n\n\n<h3 class=\"wp-block-heading\" id=\"h-8-tense-comparison\">8. Sp\u00e4nd j\u00e4mf\u00f6relse:<\/h3>\n\n\n\n<p>f\u00f6rst\u00e5 hur man j\u00e4mf\u00f6r olika tempus och modus p\u00e5 finska. Denna f\u00e4rdighet g\u00f6r att du kan uttrycka komplexa id\u00e9er och relationer mellan h\u00e4ndelser.<\/p>\n\n\n\n<h3 class=\"wp-block-heading\" id=\"h-9-adverbs\">9. Adverb:<\/h3>\n\n\n\n<p>Adverb modifierar verb, adjektiv eller andra adverb, vilket ger ytterligare information om handlingar eller egenskaper. L\u00e4r dig de olika typerna av adverb och hur du anv\u00e4nder dem effektivt i dina meningar.<\/p>\n\n\n\n<h3 class=\"wp-block-heading\" id=\"h-10-postpositions\">10. Inl\u00e4gg:<\/h3>\n\n\n\n<p>Finskan anv\u00e4nder postpositioner i st\u00e4llet f\u00f6r prepositioner f\u00f6r att ange relationer mellan ord. L\u00e4r dig de vanligaste postpositionerna och hur de fungerar i en mening.<\/p>\n\n\n\n<h3 class=\"wp-block-heading\" id=\"h-11-sentence-structure\">11. Meningsbyggnad:<\/h3>\n\n\n\n<p>Studera slutligen den grundl\u00e4ggande meningsstrukturen i finskan, som f\u00f6ljer subjekt-verb-objekt-m\u00f6nstret (SVO). L\u00e4r dig hur du skapar enkla och komplexa meningar med hj\u00e4lp av de grammatiska \u00e4mnen du har l\u00e4rt dig och \u00f6va p\u00e5 att kombinera dem f\u00f6r att uttrycka dina tankar korrekt och flytande.<\/p>\n<\/div><\/div>\n\r\n<section class=\"learnNavigationSection\">\r\n            \r\n        <a href=\"https:\/\/talkpal.ai\/sv\/lar-dig-finska\/\">\r\n            <div class=\"learnNavigationWrapper\">\r\n                <div class=\"learnNavigationContent\">\r\n                    <img decoding=\"async\" src=\"https:\/\/talkpal.ai\/wp-content\/uploads\/2024\/08\/Finnish.jpg\" alt=\"Finnish Flag\">\r\n                    <div>\r\n                        <h4>Om att l\u00e4ra sig finska<\/h4>\r\n                        <p>Ta reda p\u00e5 allt om finsk grammatik.<\/p>\r\n                    <\/div>\r\n                <\/div>\r\n            <\/div>\r\n        <\/a>\r\n\r\n        \r\n        <a href=\"https:\/\/talkpal.ai\/sv\/finsk-grammatik\/\">\r\n            <div class=\"learnNavigationWrapper\">\r\n                <div class=\"learnNavigationContent\">\r\n                    <img decoding=\"async\" src=\"https:\/\/talkpal.ai\/wp-content\/uploads\/2024\/08\/Finnish.jpg\" alt=\"Finnish Flag\">\r\n                    <div>\r\n                        <h4>Finska grammatiklektioner<\/h4>\r\n                        <p>\u00d6va p\u00e5 finsk grammatik.<\/p>\r\n                    <\/div>\r\n                <\/div>\r\n            <\/div>\r\n        <\/a>\r\n\r\n        \r\n        <a href=\"https:\/\/talkpal.ai\/vocabulary_language\/finnish\/\">\r\n            <div class=\"learnNavigationWrapper\">\r\n                <div class=\"learnNavigationContent\">\r\n                    <img decoding=\"async\" src=\"https:\/\/talkpal.ai\/wp-content\/uploads\/2024\/08\/Finnish.jpg\" alt=\"Finnish Flag\">\r\n                    <div>\r\n                        <h4>Finsk vokabul\u00e4r<\/h4>\r\n                        <p>Ut\u00f6ka ditt ordf\u00f6rr\u00e5d p\u00e5 finska.<\/p>\r\n                    <\/div>\r\n                <\/div>\r\n            <\/div>\r\n        <\/a>\r\n\r\n            <\/section>\n<p><\/p>\n","protected":false},"excerpt":{"rendered":"<p>Finska grammatik\u00e4mnen Att l\u00e4ra sig finska kan vara en givande upplevelse f\u00f6r spr\u00e5kentusiaster, eftersom det \u00e4r ett unikt och fascinerande spr\u00e5k med en rik kulturhistoria. Finsk grammatik kan verka utmanande till en b\u00f6rjan, men med ett systematiskt tillv\u00e4gag\u00e5ngss\u00e4tt och fokus p\u00e5 de v\u00e4sentliga \u00e4mnena kan du g\u00f6ra stadiga framsteg och s\u00e5 sm\u00e5ningom bli flytande i [&hellip;]<\/p>\n","protected":false},"author":6,"featured_media":11569,"parent":0,"menu_order":0,"comment_status":"closed","ping_status":"closed","template":"LearningContentPage.php","meta":{"_acf_changed":false,"footnotes":""},"class_list":["post-134079","page","type-page","status-publish","has-post-thumbnail","hentry"],"acf":[],"yoast_head":"<!-- This site is optimized with the Yoast SEO Premium plugin v27.2 (Yoast SEO v27.2) - https:\/\/yoast.com\/product\/yoast-seo-premium-wordpress\/ -->\n<title>Finska grammatik\u00f6vningar - Talkpal<\/title>\n<meta name=\"description\" content=\"\u00d6va och f\u00f6rb\u00e4ttra dina kunskaper i finsk grammatik med hj\u00e4lp av dessa interaktiva och effektiva \u00f6vningar. L\u00e4mplig f\u00f6r alla inl\u00e4rningsniv\u00e5er.\" \/>\n<meta name=\"robots\" content=\"index, follow, max-snippet:-1, max-image-preview:large, max-video-preview:-1\" \/>\n<link rel=\"canonical\" href=\"https:\/\/talkpal.ai\/sv\/finska-grammatikovningar\/\" \/>\n<meta property=\"og:locale\" content=\"sv_SE\" \/>\n<meta property=\"og:type\" content=\"article\" \/>\n<meta property=\"og:title\" content=\"Finska grammatik\u00f6vningar\" \/>\n<meta property=\"og:description\" content=\"Finska grammatik\u00e4mnen Att l\u00e4ra sig finska kan vara en givande upplevelse f\u00f6r spr\u00e5kentusiaster, eftersom det \u00e4r ett unikt och fascinerande spr\u00e5k med en rik\" \/>\n<meta property=\"og:url\" content=\"https:\/\/talkpal.ai\/sv\/finska-grammatikovningar\/\" \/>\n<meta property=\"og:site_name\" content=\"Talkpal\" \/>\n<meta property=\"article:publisher\" content=\"https:\/\/www.facebook.com\/profile.php?id=100090733639311\" \/>\n<meta property=\"article:modified_time\" content=\"2025-12-17T15:31:41+00:00\" \/>\n<meta property=\"og:image\" content=\"https:\/\/talkpal.ai\/wp-content\/uploads\/2023\/04\/finland.png\" \/>\n\t<meta property=\"og:image:width\" content=\"512\" \/>\n\t<meta property=\"og:image:height\" content=\"512\" \/>\n\t<meta property=\"og:image:type\" content=\"image\/png\" \/>\n<meta name=\"twitter:card\" content=\"summary_large_image\" \/>\n<meta name=\"twitter:site\" content=\"@talkpalai\" \/>\n<meta name=\"twitter:label1\" content=\"Ber\u00e4knad l\u00e4stid\" \/>\n\t<meta name=\"twitter:data1\" content=\"3 minuter\" \/>\n<script type=\"application\/ld+json\" class=\"yoast-schema-graph\">{\"@context\":\"https:\/\/schema.org\",\"@graph\":[{\"@type\":\"WebPage\",\"@id\":\"https:\/\/talkpal.ai\/sv\/finska-grammatikovningar\/\",\"url\":\"https:\/\/talkpal.ai\/sv\/finska-grammatikovningar\/\",\"name\":\"Finska grammatik\u00f6vningar - Talkpal\",\"isPartOf\":{\"@id\":\"https:\/\/talkpal.ai\/sv\/#website\"},\"primaryImageOfPage\":{\"@id\":\"https:\/\/talkpal.ai\/sv\/finska-grammatikovningar\/#primaryimage\"},\"image\":{\"@id\":\"https:\/\/talkpal.ai\/sv\/finska-grammatikovningar\/#primaryimage\"},\"thumbnailUrl\":\"https:\/\/talkpal.ai\/wp-content\/uploads\/2023\/04\/finland.png\",\"datePublished\":\"2023-06-16T10:07:13+00:00\",\"dateModified\":\"2025-12-17T15:31:41+00:00\",\"description\":\"\u00d6va och f\u00f6rb\u00e4ttra dina kunskaper i finsk grammatik med hj\u00e4lp av dessa interaktiva och effektiva \u00f6vningar. L\u00e4mplig f\u00f6r alla inl\u00e4rningsniv\u00e5er.\",\"breadcrumb\":{\"@id\":\"https:\/\/talkpal.ai\/sv\/finska-grammatikovningar\/#breadcrumb\"},\"inLanguage\":\"sv-SE\",\"potentialAction\":[{\"@type\":\"ReadAction\",\"target\":[\"https:\/\/talkpal.ai\/sv\/finska-grammatikovningar\/\"]}]},{\"@type\":\"ImageObject\",\"inLanguage\":\"sv-SE\",\"@id\":\"https:\/\/talkpal.ai\/sv\/finska-grammatikovningar\/#primaryimage\",\"url\":\"https:\/\/talkpal.ai\/wp-content\/uploads\/2023\/04\/finland.png\",\"contentUrl\":\"https:\/\/talkpal.ai\/wp-content\/uploads\/2023\/04\/finland.png\",\"width\":512,\"height\":512,\"caption\":\"TalkPal finland Flag\"},{\"@type\":\"BreadcrumbList\",\"@id\":\"https:\/\/talkpal.ai\/sv\/finska-grammatikovningar\/#breadcrumb\",\"itemListElement\":[{\"@type\":\"ListItem\",\"position\":1,\"name\":\"Homepage\",\"item\":\"https:\/\/talkpal.ai\/sv\/\"},{\"@type\":\"ListItem\",\"position\":2,\"name\":\"Finska grammatik\u00f6vningar\"}]},{\"@type\":\"WebSite\",\"@id\":\"https:\/\/talkpal.ai\/sv\/#website\",\"url\":\"https:\/\/talkpal.ai\/sv\/\",\"name\":\"Talkpal\",\"description\":\"AI Language Learning\",\"publisher\":{\"@id\":\"https:\/\/talkpal.ai\/sv\/#organization\"},\"alternateName\":\"Talkpal AI\",\"potentialAction\":[{\"@type\":\"SearchAction\",\"target\":{\"@type\":\"EntryPoint\",\"urlTemplate\":\"https:\/\/talkpal.ai\/sv\/?s={search_term_string}\"},\"query-input\":{\"@type\":\"PropertyValueSpecification\",\"valueRequired\":true,\"valueName\":\"search_term_string\"}}],\"inLanguage\":\"sv-SE\"},{\"@type\":\"Organization\",\"@id\":\"https:\/\/talkpal.ai\/sv\/#organization\",\"name\":\"Talkpal, Inc.\",\"alternateName\":\"Talkpal AI\",\"url\":\"https:\/\/talkpal.ai\/sv\/\",\"logo\":{\"@type\":\"ImageObject\",\"inLanguage\":\"sv-SE\",\"@id\":\"https:\/\/talkpal.ai\/sv\/#\/schema\/logo\/image\/\",\"url\":\"https:\/\/talkpal.ai\/wp-content\/uploads\/2024\/03\/Talkpal-Logo-Icon.png\",\"contentUrl\":\"https:\/\/talkpal.ai\/wp-content\/uploads\/2024\/03\/Talkpal-Logo-Icon.png\",\"width\":2880,\"height\":2880,\"caption\":\"Talkpal, Inc.\"},\"image\":{\"@id\":\"https:\/\/talkpal.ai\/sv\/#\/schema\/logo\/image\/\"},\"sameAs\":[\"https:\/\/www.facebook.com\/profile.php?id=100090733639311\",\"https:\/\/x.com\/talkpalai\",\"https:\/\/www.linkedin.com\/company\/talkpal\/\",\"https:\/\/www.youtube.com\/@TalkPal\/\",\"https:\/\/www.tiktok.com\/@talkpal\",\"https:\/\/www.instagram.com\/talkpal_ai\/\",\"https:\/\/www.crunchbase.com\/organization\/talkpal-9cde\",\"https:\/\/www.g2.com\/products\/talkpal-for-business\/\",\"https:\/\/www.trustpilot.com\/review\/talkpal.ai\",\"https:\/\/www.capterra.com\/p\/10006800\/TalkPal\/\"],\"description\":\"Talkpal is a language learning web and mobile education app, powered by the latest AI technologies, that provides engaging experiences to its customers in many different languages to help them improve their language skills. Users can chat about unlimited amount of topics with the app and use other modes to practice their language learning.\",\"email\":\"support@talkpal.ai\",\"legalName\":\"Talkpal, Inc.\",\"foundingDate\":\"2023-04-03\",\"duns\":\"118989042\",\"numberOfEmployees\":{\"@type\":\"QuantitativeValue\",\"minValue\":\"11\",\"maxValue\":\"50\"},\"publishingPrinciples\":\"https:\/\/talkpal.ai\/publishing-principles\/\",\"actionableFeedbackPolicy\":\"https:\/\/talkpal.ai\/actionable-feedback-policy\/\",\"correctionsPolicy\":\"https:\/\/talkpal.ai\/corrections-policy\/\",\"ethicsPolicy\":\"https:\/\/talkpal.ai\/ethics-policy\/\",\"diversityPolicy\":\"https:\/\/talkpal.ai\/diversity-policy\/\",\"diversityStaffingReport\":\"https:\/\/talkpal.ai\/diversity-policy\/\"}]}<\/script>\n<!-- \/ Yoast SEO Premium plugin. -->","yoast_head_json":{"title":"Finska grammatik\u00f6vningar - Talkpal","description":"\u00d6va och f\u00f6rb\u00e4ttra dina kunskaper i finsk grammatik med hj\u00e4lp av dessa interaktiva och effektiva \u00f6vningar. L\u00e4mplig f\u00f6r alla inl\u00e4rningsniv\u00e5er.","robots":{"index":"index","follow":"follow","max-snippet":"max-snippet:-1","max-image-preview":"max-image-preview:large","max-video-preview":"max-video-preview:-1"},"canonical":"https:\/\/talkpal.ai\/sv\/finska-grammatikovningar\/","og_locale":"sv_SE","og_type":"article","og_title":"Finska grammatik\u00f6vningar","og_description":"Finska grammatik\u00e4mnen Att l\u00e4ra sig finska kan vara en givande upplevelse f\u00f6r spr\u00e5kentusiaster, eftersom det \u00e4r ett unikt och fascinerande spr\u00e5k med en rik","og_url":"https:\/\/talkpal.ai\/sv\/finska-grammatikovningar\/","og_site_name":"Talkpal","article_publisher":"https:\/\/www.facebook.com\/profile.php?id=100090733639311","article_modified_time":"2025-12-17T15:31:41+00:00","og_image":[{"width":512,"height":512,"url":"https:\/\/talkpal.ai\/wp-content\/uploads\/2023\/04\/finland.png","type":"image\/png"}],"twitter_card":"summary_large_image","twitter_site":"@talkpalai","twitter_misc":{"Ber\u00e4knad l\u00e4stid":"3 minuter"},"schema":{"@context":"https:\/\/schema.org","@graph":[{"@type":"WebPage","@id":"https:\/\/talkpal.ai\/sv\/finska-grammatikovningar\/","url":"https:\/\/talkpal.ai\/sv\/finska-grammatikovningar\/","name":"Finska grammatik\u00f6vningar - Talkpal","isPartOf":{"@id":"https:\/\/talkpal.ai\/sv\/#website"},"primaryImageOfPage":{"@id":"https:\/\/talkpal.ai\/sv\/finska-grammatikovningar\/#primaryimage"},"image":{"@id":"https:\/\/talkpal.ai\/sv\/finska-grammatikovningar\/#primaryimage"},"thumbnailUrl":"https:\/\/talkpal.ai\/wp-content\/uploads\/2023\/04\/finland.png","datePublished":"2023-06-16T10:07:13+00:00","dateModified":"2025-12-17T15:31:41+00:00","description":"\u00d6va och f\u00f6rb\u00e4ttra dina kunskaper i finsk grammatik med hj\u00e4lp av dessa interaktiva och effektiva \u00f6vningar. L\u00e4mplig f\u00f6r alla inl\u00e4rningsniv\u00e5er.","breadcrumb":{"@id":"https:\/\/talkpal.ai\/sv\/finska-grammatikovningar\/#breadcrumb"},"inLanguage":"sv-SE","potentialAction":[{"@type":"ReadAction","target":["https:\/\/talkpal.ai\/sv\/finska-grammatikovningar\/"]}]},{"@type":"ImageObject","inLanguage":"sv-SE","@id":"https:\/\/talkpal.ai\/sv\/finska-grammatikovningar\/#primaryimage","url":"https:\/\/talkpal.ai\/wp-content\/uploads\/2023\/04\/finland.png","contentUrl":"https:\/\/talkpal.ai\/wp-content\/uploads\/2023\/04\/finland.png","width":512,"height":512,"caption":"TalkPal finland Flag"},{"@type":"BreadcrumbList","@id":"https:\/\/talkpal.ai\/sv\/finska-grammatikovningar\/#breadcrumb","itemListElement":[{"@type":"ListItem","position":1,"name":"Homepage","item":"https:\/\/talkpal.ai\/sv\/"},{"@type":"ListItem","position":2,"name":"Finska grammatik\u00f6vningar"}]},{"@type":"WebSite","@id":"https:\/\/talkpal.ai\/sv\/#website","url":"https:\/\/talkpal.ai\/sv\/","name":"Talkpal","description":"AI Language Learning","publisher":{"@id":"https:\/\/talkpal.ai\/sv\/#organization"},"alternateName":"Talkpal AI","potentialAction":[{"@type":"SearchAction","target":{"@type":"EntryPoint","urlTemplate":"https:\/\/talkpal.ai\/sv\/?s={search_term_string}"},"query-input":{"@type":"PropertyValueSpecification","valueRequired":true,"valueName":"search_term_string"}}],"inLanguage":"sv-SE"},{"@type":"Organization","@id":"https:\/\/talkpal.ai\/sv\/#organization","name":"Talkpal, Inc.","alternateName":"Talkpal AI","url":"https:\/\/talkpal.ai\/sv\/","logo":{"@type":"ImageObject","inLanguage":"sv-SE","@id":"https:\/\/talkpal.ai\/sv\/#\/schema\/logo\/image\/","url":"https:\/\/talkpal.ai\/wp-content\/uploads\/2024\/03\/Talkpal-Logo-Icon.png","contentUrl":"https:\/\/talkpal.ai\/wp-content\/uploads\/2024\/03\/Talkpal-Logo-Icon.png","width":2880,"height":2880,"caption":"Talkpal, Inc."},"image":{"@id":"https:\/\/talkpal.ai\/sv\/#\/schema\/logo\/image\/"},"sameAs":["https:\/\/www.facebook.com\/profile.php?id=100090733639311","https:\/\/x.com\/talkpalai","https:\/\/www.linkedin.com\/company\/talkpal\/","https:\/\/www.youtube.com\/@TalkPal\/","https:\/\/www.tiktok.com\/@talkpal","https:\/\/www.instagram.com\/talkpal_ai\/","https:\/\/www.crunchbase.com\/organization\/talkpal-9cde","https:\/\/www.g2.com\/products\/talkpal-for-business\/","https:\/\/www.trustpilot.com\/review\/talkpal.ai","https:\/\/www.capterra.com\/p\/10006800\/TalkPal\/"],"description":"Talkpal is a language learning web and mobile education app, powered by the latest AI technologies, that provides engaging experiences to its customers in many different languages to help them improve their language skills. Users can chat about unlimited amount of topics with the app and use other modes to practice their language learning.","email":"support@talkpal.ai","legalName":"Talkpal, Inc.","foundingDate":"2023-04-03","duns":"118989042","numberOfEmployees":{"@type":"QuantitativeValue","minValue":"11","maxValue":"50"},"publishingPrinciples":"https:\/\/talkpal.ai\/publishing-principles\/","actionableFeedbackPolicy":"https:\/\/talkpal.ai\/actionable-feedback-policy\/","correctionsPolicy":"https:\/\/talkpal.ai\/corrections-policy\/","ethicsPolicy":"https:\/\/talkpal.ai\/ethics-policy\/","diversityPolicy":"https:\/\/talkpal.ai\/diversity-policy\/","diversityStaffingReport":"https:\/\/talkpal.ai\/diversity-policy\/"}]}},"_links":{"self":[{"href":"https:\/\/talkpal.ai\/sv\/wp-json\/wp\/v2\/pages\/134079","targetHints":{"allow":["GET"]}}],"collection":[{"href":"https:\/\/talkpal.ai\/sv\/wp-json\/wp\/v2\/pages"}],"about":[{"href":"https:\/\/talkpal.ai\/sv\/wp-json\/wp\/v2\/types\/page"}],"author":[{"embeddable":true,"href":"https:\/\/talkpal.ai\/sv\/wp-json\/wp\/v2\/users\/6"}],"replies":[{"embeddable":true,"href":"https:\/\/talkpal.ai\/sv\/wp-json\/wp\/v2\/comments?post=134079"}],"version-history":[{"count":0,"href":"https:\/\/talkpal.ai\/sv\/wp-json\/wp\/v2\/pages\/134079\/revisions"}],"wp:featuredmedia":[{"embeddable":true,"href":"https:\/\/talkpal.ai\/sv\/wp-json\/wp\/v2\/media\/11569"}],"wp:attachment":[{"href":"https:\/\/talkpal.ai\/sv\/wp-json\/wp\/v2\/media?parent=134079"}],"curies":[{"name":"wp","href":"https:\/\/api.w.org\/{rel}","templated":true}]}}